{"id":46225,"date":"2024-02-22T14:20:18","date_gmt":"2024-02-22T19:20:18","guid":{"rendered":"https:\/\/www.sisinternational.com\/?page_id=46225"},"modified":"2026-01-25T18:39:34","modified_gmt":"2026-01-25T23:39:34","slug":"conseil-en-roadshows-sans-accord","status":"publish","type":"page","link":"https:\/\/www.sisinternational.com\/fr\/solutions\/recherche-de-conseil-en-strategie-fintech\/conseil-en-roadshows-sans-accord\/","title":{"rendered":"Conseil en mati\u00e8re de roadshows sans accord"},"content":{"rendered":"<h1 class=\"wp-block-heading\">Conseil en mati\u00e8re de roadshows sans accord<\/h1>\n\n\n\n<figure class=\"gb-block-image gb-block-image-1cc06e5e\"><img loading=\"lazy\" decoding=\"async\" width=\"1456\" height=\"816\" class=\"gb-image gb-image-1cc06e5e\" src=\"https:\/\/www.sisinternational.com\/wp-content\/uploads\/2025\/10\/Non-Deal-Roadshows-1.jpg\" alt=\"\u00c9tudes de march\u00e9 et strat\u00e9gie internationales SIS\" title=\"Non-Deal Roadshows (1)\" srcset=\"https:\/\/www.sisinternational.com\/wp-content\/uploads\/2025\/10\/Non-Deal-Roadshows-1.jpg 1456w, https:\/\/www.sisinternational.com\/wp-content\/uploads\/2025\/10\/Non-Deal-Roadshows-1-300x168.jpg 300w, https:\/\/www.sisinternational.com\/wp-content\/uploads\/2025\/10\/Non-Deal-Roadshows-1-1024x574.jpg 1024w, https:\/\/www.sisinternational.com\/wp-content\/uploads\/2025\/10\/Non-Deal-Roadshows-1-768x430.jpg 768w, https:\/\/www.sisinternational.com\/wp-content\/uploads\/2025\/10\/Non-Deal-Roadshows-1-18x10.jpg 18w\" sizes=\"auto, (max-width: 1456px) 100vw, 1456px\"><\/figure>\n\n\n\n<p><\/p>\n\n\n\n<hr class=\"wp-block-separator has-alpha-channel-opacity\"\/>\n\n\n\n<p>Dans le domaine de la finance d&#039;entreprise et des relations avec les investisseurs, l&#039;orchestration strat\u00e9gique d&#039;un non-deal roadshow (NDR) peut amplifier consid\u00e9rablement la pr\u00e9sence d&#039;une entreprise sur le march\u00e9 et l&#039;engagement des investisseurs\u2026 Mais avez-vous d\u00e9j\u00e0 r\u00e9fl\u00e9chi \u00e0 la strat\u00e9gie nuanc\u00e9e et \u00e0 la planification m\u00e9ticuleuse qui sous-tendent un NDR r\u00e9ussi ? Le conseil en roadshows sans transaction, ou conseil NDR, est un service essentiel pour les entreprises qui souhaitent naviguer efficacement dans ce paysage complexe, garantissant que chaque interaction avec les investisseurs renforce leur position sur le march\u00e9 et construit des relations \u00e0 long terme.<\/p>\n\n\n\n<h2 class=\"wp-block-heading\">Qu\u2019est-ce que le conseil en roadshows sans accord\u00a0?<\/h2>\n\n\n\n<p>Le conseil en roadshows sans accord aide les entreprises \u00e0 planifier, organiser et ex\u00e9cuter des roadshows sans accord. Ces tourn\u00e9es de pr\u00e9sentation sont des initiatives strat\u00e9giques que les entreprises entreprennent pour s&#039;engager avec des investisseurs actuels et potentiels sans avoir l&#039;intention imm\u00e9diate de lever des capitaux ou de conclure une transaction.<\/p>\n\n\n\n<p>NDRs consulting focuses on developing a <a href=\"https:\/\/www.sisinternational.com\/fr\/competence\/les-industries\/dei-conseil-en-communication\/\" title=\"DEI Conseil en communication\"  data-wpil-monitor-id=\"5045\">roadshow<\/a> agenda that aligns with the company&#8217;s broader investor relations and corporate communication goals. It involves identifying key markets and investors, crafting compelling narratives around the company&#8217;s vision, performance, and strategic direction, and organizing meetings and presentations that effectively convey these messages to the investment community. The ultimate goal is to enhance the company&#8217;s visibility among investors, provide updates on corporate developments, and foster ongoing dialogue with the financial community.<\/p>\n\n\n\n<h2 class=\"wp-block-heading\">Pourquoi les entreprises ont besoin de conseils Roadshow sans accord<\/h2>\n\n\n\n<p>Les NDR fournissent une plate-forme permettant aux entreprises de s&#039;engager directement avec des investisseurs, des analystes et des institutions financi\u00e8res sans la pression d&#039;une transaction en cours ou d&#039;une augmentation de capital. Par cons\u00e9quent, NDRs Consulting aide les entreprises \u00e0 planifier strat\u00e9giquement ces engagements pour s&#039;assurer qu&#039;elles rencontrent la bonne combinaison d&#039;investisseurs actuels et potentiels, maximisant ainsi l&#039;impact de la tourn\u00e9e de pr\u00e9sentation sur les relations avec les investisseurs et la perception du march\u00e9.<\/p>\n\n\n\n<p>Les consultants de NDR aident \u00e0 \u00e9laborer et \u00e0 affiner le r\u00e9cit de l&#039;entreprise pour garantir qu&#039;il r\u00e9sonne aupr\u00e8s de la communaut\u00e9 des investisseurs, transmettant efficacement la proposition de valeur de l&#039;entreprise et ses perspectives de croissance future. De plus, le conseil en roadshows sans accord garantit que chaque aspect du roadshow, de la s\u00e9lection des villes au contenu de la pr\u00e9sentation, contribue \u00e0 un positionnement positif et coh\u00e9rent sur le march\u00e9.<\/p>\n\n\n\n<p>En outre, les consultants peuvent faciliter la collecte d\u2019informations aupr\u00e8s des investisseurs et des analystes, offrant ainsi aux entreprises une perspective externe sur leurs performances, leur r\u00e9putation sur le march\u00e9 et leur positionnement concurrentiel. Cependant, le conseil en roadshows sans accord pr\u00e9sente de nombreux autres avantages pour les entreprises, notamment\u00a0:<\/p>\n\n\n\n<ul class=\"wp-block-list\">\n<li><strong>Ciblage strat\u00e9gique des investisseurs\u00a0:<\/strong> Le conseil NDRs permet un ciblage pr\u00e9cis des investisseurs actuels et potentiels. Les consultants aident \u00e0 identifier et \u00e0 prioriser les r\u00e9unions avec des investisseurs ayant un int\u00e9r\u00eat r\u00e9el ou potentiel pour l&#039;entreprise, garantissant ainsi que les efforts de la tourn\u00e9e de pr\u00e9sentation sont cibl\u00e9s et productifs.<\/li>\n\n\n\n<li><strong>Perception am\u00e9lior\u00e9e du march\u00e9\u00a0:<\/strong> Gr\u00e2ce \u00e0 des NDR soigneusement planifi\u00e9s, les entreprises peuvent am\u00e9liorer consid\u00e9rablement leur perception aupr\u00e8s de la communaut\u00e9 des investisseurs. Les consultants guident efficacement en transmettant les messages cl\u00e9s, les r\u00e9alisations et les plans, ce qui contribue \u00e0 une image de march\u00e9 plus positive et plus solide.<\/li>\n\n\n\n<li><strong>Planification et ex\u00e9cution efficaces du Roadshow\u00a0:<\/strong> Le conseil en roadshows sans accord offre un soutien complet dans la planification et l&#039;ex\u00e9cution de roadshows, depuis la planification des r\u00e9unions et la s\u00e9lection des lieux jusqu&#039;\u00e0 l&#039;organisation des voyages. Cette efficacit\u00e9 op\u00e9rationnelle permet aux dirigeants d\u2019entreprise de se concentrer sur leur message principal et sur les interactions avec les investisseurs.<\/li>\n\n\n\n<li><strong>Informations et commentaires pr\u00e9cieux sur le march\u00e9\u00a0:<\/strong> Les consultants peuvent faciliter la collecte de commentaires et d\u2019informations aupr\u00e8s des investisseurs lors du roadshow. Ces informations pr\u00e9cieuses donnent aux entreprises une perspective externe sur leurs performances, leur strat\u00e9gie et leur positionnement sur le march\u00e9, \u00e9clairant ainsi les futures relations avec les investisseurs et les strat\u00e9gies commerciales.<\/li>\n\n\n\n<li><strong>\u00c9tablissement de relations \u00e0 long terme\u00a0:<\/strong> Non-deal roadshows consulting helps ensure meaningful and effective interactions, laying the foundation for ongoing dialogue and investor engagement.<\/li>\n\n\n\n<li><strong>Att\u00e9nuation des risques et conformit\u00e9\u00a0:<\/strong> NDRs Consulting garantit que tous les documents et discussions sont conformes \u00e0 la r\u00e9glementation en mati\u00e8re de valeurs mobili\u00e8res, att\u00e9nuant ainsi les risques potentiels associ\u00e9s aux informations financi\u00e8res et aux d\u00e9clarations prospectives.<\/li>\n<\/ul>\n\n\n\n<h2 class=\"wp-block-heading\">Facteurs de r\u00e9ussite critiques pour un conseil Roadshow sans accord r\u00e9ussi<\/h2>\n\n\n\n<figure class=\"gb-block-image gb-block-image-e9facfb9\"><img loading=\"lazy\" decoding=\"async\" width=\"1456\" height=\"816\" class=\"gb-image gb-image-e9facfb9\" src=\"https:\/\/www.sisinternational.com\/wp-content\/uploads\/2025\/10\/Non-Deal-Roadshows-3.jpg\" alt=\"\u00c9tudes de march\u00e9 et strat\u00e9gie internationales SIS\" title=\"Non-Deal Roadshows (3)\" srcset=\"https:\/\/www.sisinternational.com\/wp-content\/uploads\/2025\/10\/Non-Deal-Roadshows-3.jpg 1456w, https:\/\/www.sisinternational.com\/wp-content\/uploads\/2025\/10\/Non-Deal-Roadshows-3-300x168.jpg 300w, https:\/\/www.sisinternational.com\/wp-content\/uploads\/2025\/10\/Non-Deal-Roadshows-3-1024x574.jpg 1024w, https:\/\/www.sisinternational.com\/wp-content\/uploads\/2025\/10\/Non-Deal-Roadshows-3-768x430.jpg 768w, https:\/\/www.sisinternational.com\/wp-content\/uploads\/2025\/10\/Non-Deal-Roadshows-3-18x10.jpg 18w\" sizes=\"auto, (max-width: 1456px) 100vw, 1456px\"><\/figure>\n\n\n\n<p><\/p>\n\n\n\n<p>R\u00e9ussir dans le conseil en NDR n\u00e9cessite une approche strat\u00e9gique englobant plusieurs facteurs cl\u00e9s. Ces facteurs de r\u00e9ussite essentiels garantissent que le NDR communique efficacement la proposition de valeur de l&#039;entreprise \u00e0 la communaut\u00e9 des investisseurs, renforce les relations avec les investisseurs et soutient les objectifs commerciaux \u00e0 long terme.<\/p>\n\n\n\n<ul class=\"wp-block-list\">\n<li><strong>Compr\u00e9hension approfondie de la strat\u00e9gie et des objectifs de l&#039;entreprise\u00a0:<\/strong> Le succ\u00e8s commence par une compr\u00e9hension approfondie des objectifs strat\u00e9giques, des performances financi\u00e8res et des plans de croissance futurs de l&#039;entreprise. Ces connaissances fondamentales permettent aux consultants de NDR d&#039;adapter la tourn\u00e9e de pr\u00e9sentation pour refl\u00e9ter la proposition de valeur unique et les opportunit\u00e9s d&#039;investissement de l&#039;entreprise.<\/li>\n\n\n\n<li><strong>Identification et engagement des investisseurs cibl\u00e9s\u00a0:<\/strong> A successful non-deal roadshow consulting strategy involves thorough research to pinpoint investors most likely to be interested in the company&#8217;s story. This ensures that roadshow meetings are productive and aligned with investor interests.<\/li>\n\n\n\n<li><strong>Communication et suivi efficaces\u00a0:<\/strong> Une communication efficace avant, pendant et apr\u00e8s le NDR est essentielle pour \u00e9tablir et entretenir des relations avec les investisseurs. Cela comprend des communications de suivi opportunes et informatives qui renforcent les messages cl\u00e9s et r\u00e9pondent \u00e0 toutes les questions ou pr\u00e9occupations soulev\u00e9es lors des r\u00e9unions.<\/li>\n\n\n\n<li><strong>Boucle de r\u00e9troaction continue et adaptation\u00a0:<\/strong> A critical success factor is incorporating feedback from investors and adapting the roadshow approach as necessary. This ongoing evaluation process allows for the refinement of messaging and strategy, ensuring that the NDR remains effective and relevant.<\/li>\n\n\n\n<li><strong>Conformit\u00e9 et respect de la r\u00e9glementation\u00a0:<\/strong> Veiller \u00e0 ce que tous les aspects du NDR soient conformes \u00e0 la r\u00e9glementation en valeurs mobili\u00e8res et aux exigences de divulgation applicables n&#039;est pas n\u00e9gociable. Cela implique d\u2019examiner attentivement les supports de pr\u00e9sentation et les communications afin d\u2019\u00e9viter la diffusion d\u2019informations non publiques ou sensibles.<\/li>\n<\/ul>\n\n\n\n<h2 class=\"wp-block-heading\">L&#039;approche SIS du conseil Roadshow sans accord<\/h2>\n\n\n\n<p>L&#039;approche SIS en mati\u00e8re de conseil en roadshow hors transaction se caract\u00e9rise par une m\u00e9thodologie personnalis\u00e9e et ax\u00e9e sur les r\u00e9sultats qui vise \u00e0 maximiser les avantages strat\u00e9giques des NDR pour nos clients. Cette approche globale englobe des \u00e9tapes d\u00e9taill\u00e9es de planification, d&#039;ex\u00e9cution et de suivi, garantissant que chaque NDR n&#039;est pas seulement un \u00e9v\u00e9nement, mais un moment charni\u00e8re dans la strat\u00e9gie de relations avec les investisseurs de l&#039;entreprise. Voici comment SIS fournit des services de conseil NDR percutants\u00a0:<\/p>\n\n\n\n<ul class=\"wp-block-list\">\n<li><strong>D\u00e9veloppement de strat\u00e9gie sur mesure\u00a0:<\/strong> At SIS, we begin by examining the client&#8217;s business objectives, financial performance, and investor relations goals in depth. This initial assessment forms the basis for developing a tailored NDR strategy that aligns with the company&#8217;s broader corporate strategy and targets the most relevant investor audiences.<\/li>\n\n\n\n<li><strong>Identification des investisseurs cibl\u00e9s\u00a0:<\/strong> En tirant parti de notre vaste r\u00e9seau et de nos analyses sophistiqu\u00e9es, nous identifions et priorisons les investisseurs potentiels les plus susceptibles d&#039;\u00eatre int\u00e9ress\u00e9s par l&#039;histoire de l&#039;entreprise. Cette approche cibl\u00e9e garantit que le NDR atteint efficacement la bonne combinaison d&#039;investisseurs actuels et potentiels, am\u00e9liorant ainsi l&#039;efficacit\u00e9 des efforts d&#039;engagement.<\/li>\n\n\n\n<li><strong>Messages convaincants et pr\u00e9paration du mat\u00e9riel\u00a0:<\/strong> Notre \u00e9quipe travaille en \u00e9troite collaboration avec les clients pour d\u00e9velopper des messages convaincants et des supports de pr\u00e9sentation de haute qualit\u00e9 qui articulent clairement la proposition de valeur, l&#039;orientation strat\u00e9gique et les faits saillants des investissements de l&#039;entreprise. Cette pr\u00e9paration est essentielle pour faire forte impression aupr\u00e8s des investisseurs et communiquer efficacement les messages cl\u00e9s.<\/li>\n\n\n\n<li><strong>Planification logistique rigoureuse\u00a0:<\/strong> SIS g\u00e8re tous les aspects logistiques du roadshow, depuis la planification des r\u00e9unions et la s\u00e9lection des lieux jusqu&#039;\u00e0 la coordination des pr\u00e9paratifs de voyage. Notre planification m\u00e9ticuleuse garantit une exp\u00e9rience fluide aux repr\u00e9sentants de l\u2019entreprise et aux investisseurs.<\/li>\n\n\n\n<li><strong>Ex\u00e9cution et support\u00a0:<\/strong> During the NDR, SIS provides on-the-ground support to ensure the roadshow runs smoothly and promptly addresses any issues. Our team assists with presentation delivery, Q&amp;A preparation, and investor interaction, ensuring that company executives can focus on building meaningful relationships with investors.<\/li>\n\n\n\n<li><strong>Analyse et commentaires post-Roadshow\u00a0:<\/strong> Suite au NDR, SIS analyse de mani\u00e8re approfondie l&#039;impact de la tourn\u00e9e de pr\u00e9sentation, y compris les commentaires des investisseurs, les r\u00e9sultats de la r\u00e9union et l&#039;efficacit\u00e9 globale. Ce compte rendu post-roadshow fournit des informations pr\u00e9cieuses qui peuvent \u00e9clairer les futures strat\u00e9gies de relations avec les investisseurs et les initiatives de roadshow.<\/li>\n\n\n\n<li><strong>Am\u00e9lioration continue et conseil strat\u00e9gique\u00a0:<\/strong> Notre engagement ne s&#039;arr\u00eate pas au roadshow. SIS offre des conseils strat\u00e9giques continus pour aider ses clients \u00e0 int\u00e9grer les connaissances et les relations d\u00e9velopp\u00e9es au cours du NDR dans leur strat\u00e9gie de relations avec les investisseurs \u00e0 long terme. Nous soutenons les efforts d\u2019am\u00e9lioration continue, en veillant \u00e0 ce que chaque NDR s\u2019appuie sur le succ\u00e8s des pr\u00e9c\u00e9dents.<\/li>\n<\/ul>\n\n\n\n<h2 class=\"wp-block-heading\">Opportunit\u00e9s dans le conseil Roadshow sans accord<\/h2>\n\n\n\n<figure class=\"gb-block-image gb-block-image-ce715558\"><img loading=\"lazy\" decoding=\"async\" width=\"1456\" height=\"816\" class=\"gb-image gb-image-ce715558\" src=\"https:\/\/www.sisinternational.com\/wp-content\/uploads\/2025\/10\/Non-Deal-Roadshows-2.jpg\" alt=\"\u00c9tudes de march\u00e9 et strat\u00e9gie internationales SIS\" title=\"Non-Deal Roadshows (2)\" srcset=\"https:\/\/www.sisinternational.com\/wp-content\/uploads\/2025\/10\/Non-Deal-Roadshows-2.jpg 1456w, https:\/\/www.sisinternational.com\/wp-content\/uploads\/2025\/10\/Non-Deal-Roadshows-2-300x168.jpg 300w, https:\/\/www.sisinternational.com\/wp-content\/uploads\/2025\/10\/Non-Deal-Roadshows-2-1024x574.jpg 1024w, https:\/\/www.sisinternational.com\/wp-content\/uploads\/2025\/10\/Non-Deal-Roadshows-2-768x430.jpg 768w, https:\/\/www.sisinternational.com\/wp-content\/uploads\/2025\/10\/Non-Deal-Roadshows-2-18x10.jpg 18w\" sizes=\"auto, (max-width: 1456px) 100vw, 1456px\"><\/figure>\n\n\n\n<p><\/p>\n\n\n\n<p>Le conseil en roadshows hors transaction pr\u00e9sente de nombreuses opportunit\u00e9s pour les entreprises d&#039;approfondir leur engagement aupr\u00e8s de la communaut\u00e9 des investisseurs, d&#039;affiner leur positionnement sur le march\u00e9 et d&#039;articuler de mani\u00e8re convaincante leur vision strat\u00e9gique. Cette forme sp\u00e9cialis\u00e9e de conseil ouvre les portes \u00e0 des engagements strat\u00e9giques qui peuvent influencer consid\u00e9rablement la perception d&#039;une entreprise aupr\u00e8s des investisseurs et des analystes.<\/p>\n\n\n\n<ul class=\"wp-block-list\">\n<li><strong>Possibilit\u00e9 d&#039;interaction personnalis\u00e9e\u00a0:<\/strong> Le conseil en roadshows hors transaction facilite un engagement direct et personnalis\u00e9 avec les principaux investisseurs et analystes, offrant une plate-forme pour \u00e9tablir et renforcer des relations, r\u00e9pondre aux requ\u00eates en temps r\u00e9el et pr\u00e9senter la vision et la strat\u00e9gie de l&#039;entreprise.<\/li>\n\n\n\n<li><strong>Cr\u00e9er un r\u00e9cit convaincant\u00a0:<\/strong> Les consultants aident \u00e0 \u00e9laborer un r\u00e9cit strat\u00e9gique qui met en \u00e9vidence les forces, les r\u00e9alisations et les perspectives de l&#039;entreprise. Cette opportunit\u00e9 permet aux entreprises de contr\u00f4ler leur histoire, garantissant ainsi aux investisseurs de recevoir un message coh\u00e9rent et convaincant sur la proposition de valeur de l&#039;entreprise.<\/li>\n\n\n\n<li><strong>Informations pr\u00e9cieuses sur le march\u00e9\u00a0:<\/strong> Les NDR offrent une opportunit\u00e9 unique de recueillir des informations et des commentaires directement aupr\u00e8s de la communaut\u00e9 des investisseurs. Ces renseignements peuvent \u00e9clairer les d\u00e9cisions strat\u00e9giques, les activit\u00e9s de relations avec les investisseurs et les futures strat\u00e9gies de communication.<\/li>\n\n\n\n<li><strong>\u00c9largissement du bassin d&#039;investisseurs\u00a0:<\/strong> En s&#039;adressant \u00e0 des investisseurs potentiels dans diff\u00e9rentes r\u00e9gions et axes d&#039;investissement, le conseil NDR aide les entreprises \u00e0 diversifier leur base d&#039;investisseurs, en r\u00e9duisant la d\u00e9pendance \u00e0 l&#039;\u00e9gard d&#039;un groupe limit\u00e9 d&#039;investisseurs et en am\u00e9liorant la stabilit\u00e9 du march\u00e9.<\/li>\n\n\n\n<li><strong>Am\u00e9liorer la visibilit\u00e9 de l&#039;entreprise\u00a0:<\/strong> Des NDR r\u00e9ussis peuvent am\u00e9liorer consid\u00e9rablement la visibilit\u00e9 d&#039;une entreprise sur les march\u00e9s financiers, am\u00e9liorant ainsi la reconnaissance de la marque et rendant l&#039;entreprise plus attrayante pour un plus large \u00e9ventail d&#039;investisseurs.<\/li>\n<\/ul>\n\n\n\n<h2 class=\"wp-block-heading\">Notre emplacement \u00e0 New York<\/h2>\n\n\n\n<p>  <iframe loading=\"lazy\" src=\"https:\/\/www.google.com\/maps\/embed?pb=!1m18!1m12!1m3!1d3022.976188376966!2d-73.99130312499956!3d40.740549471389315!2m3!1f0!2f0!3f0!3m2!1i1024!2i768!4f13.1!3m3!1m2!1s0x89c259a15798c731%3A0xd695d09bdd495f25!2s11%20E%2022nd%20St%20FL%202%2C%20New%20York%2C%20NY%2010010%2C%20USA!5e0!3m2!1sen!2spe!4v1726171763526!5m2!1sen!2spe\" width=\"600\" height=\"450\" allowfullscreen=\"allowfullscreen\" data-mce-fragment=\"1\"><\/iframe>  <\/p>\n\n\n\n<h3 class=\"wp-block-heading\">11 E 22nd Street, \u00e9tage 2, New York, NY 10010 T\u00e9l. : +1(212) 505-6805<\/h3>\n\n\n\n<hr class=\"wp-block-separator has-alpha-channel-opacity\"\/>\n\n\n\n<h2 class=\"wp-block-heading\"><span style=\"font-weight: 400;\">\u00c0 propos de SIS International<\/span><\/h2>\n\n\n\n<p><a href=\"https:\/\/www.sisinternational.com\/fr\/\"><span style=\"font-weight: 400;\">SIS International<\/span><\/a><span style=\"font-weight: 400;\"> propose des recherches quantitatives, qualitatives et strat\u00e9giques. Nous fournissons des donn\u00e9es, des outils, des strat\u00e9gies, des rapports et des informations pour la prise de d\u00e9cision. Nous menons \u00e9galement des entretiens, des enqu\u00eates, des groupes de discussion et d\u2019autres m\u00e9thodes et approches d\u2019\u00e9tudes de march\u00e9.<\/span><a href=\"https:\/\/www.sisinternational.com\/fr\/a-propos-de-la-recherche-internationale-sis\/contact-sis-international-market-research\/\"><span style=\"font-weight: 400;\"> Contactez nous<\/span><\/a><span style=\"font-weight: 400;\"> pour votre prochain projet d&#039;\u00e9tude de march\u00e9.<\/span><\/p>\n\n\n\n<p><\/p>\n\n\n\n<p><\/p>","protected":false},"excerpt":{"rendered":"<p>Le conseil en roadshows hors transaction aide les entreprises ayant des initiatives strat\u00e9giques \u00e0 interagir avec les investisseurs sans lever de capitaux ni conclure d&#039;accord.<\/p>","protected":false},"author":1,"featured_media":71771,"parent":27462,"menu_order":63,"comment_status":"closed","ping_status":"closed","template":"","meta":{"footnotes":""},"class_list":["post-46225","page","type-page","status-publish","has-post-thumbnail"],"_links":{"self":[{"href":"https:\/\/www.sisinternational.com\/fr\/wp-json\/wp\/v2\/pages\/46225","targetHints":{"allow":["GET"]}}],"collection":[{"href":"https:\/\/www.sisinternational.com\/fr\/wp-json\/wp\/v2\/pages"}],"about":[{"href":"https:\/\/www.sisinternational.com\/fr\/wp-json\/wp\/v2\/types\/page"}],"author":[{"embeddable":true,"href":"https:\/\/www.sisinternational.com\/fr\/wp-json\/wp\/v2\/users\/1"}],"replies":[{"embeddable":true,"href":"https:\/\/www.sisinternational.com\/fr\/wp-json\/wp\/v2\/comments?post=46225"}],"version-history":[{"count":10,"href":"https:\/\/www.sisinternational.com\/fr\/wp-json\/wp\/v2\/pages\/46225\/revisions"}],"predecessor-version":[{"id":78954,"href":"https:\/\/www.sisinternational.com\/fr\/wp-json\/wp\/v2\/pages\/46225\/revisions\/78954"}],"up":[{"embeddable":true,"href":"https:\/\/www.sisinternational.com\/fr\/wp-json\/wp\/v2\/pages\/27462"}],"wp:featuredmedia":[{"embeddable":true,"href":"https:\/\/www.sisinternational.com\/fr\/wp-json\/wp\/v2\/media\/71771"}],"wp:attachment":[{"href":"https:\/\/www.sisinternational.com\/fr\/wp-json\/wp\/v2\/media?parent=46225"}],"curies":[{"name":"wp","href":"https:\/\/api.w.org\/{rel}","templated":true}]}}