{"id":46220,"date":"2024-02-22T14:24:57","date_gmt":"2024-02-22T19:24:57","guid":{"rendered":"https:\/\/www.sisinternational.com\/?page_id=46220"},"modified":"2026-01-26T17:53:17","modified_gmt":"2026-01-26T22:53:17","slug":"fintech-aller-au-conseil-sur-le-marche","status":"publish","type":"page","link":"https:\/\/www.sisinternational.com\/fr\/solutions\/recherche-de-conseil-en-strategie-fintech\/fintech-aller-au-conseil-sur-le-marche\/","title":{"rendered":"Conseil en mise sur le march\u00e9 des technologies financi\u00e8res"},"content":{"rendered":"<h1 class=\"wp-block-heading\">Conseil en mise sur le march\u00e9 des technologies financi\u00e8res<\/h1>\n\n\n\n<figure class=\"gb-block-image gb-block-image-d48ffb7e\"><img loading=\"lazy\" decoding=\"async\" width=\"1456\" height=\"816\" class=\"gb-image gb-image-d48ffb7e\" src=\"https:\/\/www.sisinternational.com\/wp-content\/uploads\/2025\/09\/Fintech-5.jpg\" alt=\"\u00c9tudes de march\u00e9 et strat\u00e9gie internationales SIS\" title=\"Fintech (5)\" srcset=\"https:\/\/www.sisinternational.com\/wp-content\/uploads\/2025\/09\/Fintech-5.jpg 1456w, https:\/\/www.sisinternational.com\/wp-content\/uploads\/2025\/09\/Fintech-5-300x168.jpg 300w, https:\/\/www.sisinternational.com\/wp-content\/uploads\/2025\/09\/Fintech-5-1024x574.jpg 1024w, https:\/\/www.sisinternational.com\/wp-content\/uploads\/2025\/09\/Fintech-5-768x430.jpg 768w, https:\/\/www.sisinternational.com\/wp-content\/uploads\/2025\/09\/Fintech-5-18x10.jpg 18w\" sizes=\"auto, (max-width: 1456px) 100vw, 1456px\"><\/figure>\n\n\n\n<p><\/p>\n\n\n\n<hr class=\"wp-block-separator has-alpha-channel-opacity\"\/>\n\n\n\n<p>FinTech go-to-market consulting emerges as the critical catalyst for success, offering a strategic roadmap for navigating the complexities of market entry and scaling in the rapidly evolving FinTech ecosystem.&nbsp;<\/p>\n\n\n\n<h2 class=\"wp-block-heading\">Comprendre le conseil en mati\u00e8re de mise sur le march\u00e9 des FinTech<\/h2>\n\n\n\n<p><a href=\"https:\/\/sisaisolutions.com\/application-of-ai-in-fintech\/\" target=\"_blank\" rel=\"noopener\">FinTech go-to-market consulting<\/a> helps FinTech companies and financial institutions launch and scale their innovative products and services strategically. This consulting offers a deep understanding of the FinTech landscape, including customer behaviors, regulatory challenges, competitive dynamics, and technological advancements.<\/p>\n\n\n\n<p>Consultants leverage this knowledge to guide FinTech firms through the complexities of market entry, from identifying the most viable customer segments and developing compelling value propositions to selecting the optimal channels for customer engagement and conversion.<\/p>\n\n\n\n<h2 class=\"wp-block-heading\">Pourquoi les entreprises ont besoin de conseils en mati\u00e8re de mise sur le march\u00e9 des technologies financi\u00e8res<\/h2>\n\n\n\n<p>Le conseil en mise sur le march\u00e9 FinTech aide les entreprises \u00e0 garder une longueur d&#039;avance sur les tendances, en garantissant que leurs offres s&#039;alignent sur les demandes du march\u00e9 et sont pr\u00eates \u00e0 r\u00e9ussir. De plus, ces conseils fournissent des informations sur la navigation dans ces paysages r\u00e9glementaires, garantissant que les produits et services r\u00e9pondent \u00e0 toutes les exigences l\u00e9gales tout en optimisant l&#039;entr\u00e9e et la croissance sur le march\u00e9.<\/p>\n\n\n\n<p>Comprendre et atteindre les bons segments de client\u00e8le est primordial dans le secteur FinTech. Le conseil en mise sur le march\u00e9 aide \u00e0 d\u00e9finir des strat\u00e9gies de marketing et de vente cibl\u00e9es qui attirent et fid\u00e9lisent efficacement les clients, stimulent la croissance et construisent une base d&#039;utilisateurs fid\u00e8les.<\/p>\n\n\n\n<p>De plus, pour les entreprises FinTech cherchant \u00e0 se d\u00e9velopper ou \u00e0 se d\u00e9velopper \u00e0 l\u2019international, les consultants proposent des strat\u00e9gies pour surmonter les barri\u00e8res \u00e0 l\u2019entr\u00e9e, s\u2019adapter aux march\u00e9s locaux et g\u00e9rer les complexit\u00e9s op\u00e9rationnelles, permettant ainsi une mise \u00e0 l\u2019\u00e9chelle et une p\u00e9n\u00e9tration r\u00e9ussies du march\u00e9 mondial.<\/p>\n\n\n\n<h2 class=\"wp-block-heading\">Quels sont les avantages du conseil FinTech Go-To-Market ?<\/h2>\n\n\n\n<figure class=\"gb-block-image gb-block-image-047dc766\"><img loading=\"lazy\" decoding=\"async\" width=\"1456\" height=\"816\" class=\"gb-image gb-image-047dc766\" src=\"https:\/\/www.sisinternational.com\/wp-content\/uploads\/2025\/10\/SME-Fintech-3.jpg\" alt=\"\u00c9tudes de march\u00e9 et strat\u00e9gie internationales SIS\" title=\"SME Fintech (3)\" srcset=\"https:\/\/www.sisinternational.com\/wp-content\/uploads\/2025\/10\/SME-Fintech-3.jpg 1456w, https:\/\/www.sisinternational.com\/wp-content\/uploads\/2025\/10\/SME-Fintech-3-300x168.jpg 300w, https:\/\/www.sisinternational.com\/wp-content\/uploads\/2025\/10\/SME-Fintech-3-1024x574.jpg 1024w, https:\/\/www.sisinternational.com\/wp-content\/uploads\/2025\/10\/SME-Fintech-3-768x430.jpg 768w, https:\/\/www.sisinternational.com\/wp-content\/uploads\/2025\/10\/SME-Fintech-3-18x10.jpg 18w\" sizes=\"auto, (max-width: 1456px) 100vw, 1456px\"><\/figure>\n\n\n\n<p><\/p>\n\n\n\n<p>Le conseil en mise sur le march\u00e9 FinTech offre de nombreux avantages strat\u00e9giques qui facilitent une entr\u00e9e r\u00e9ussie sur le march\u00e9 et \u00e9tablissent une base solide pour une croissance soutenue et un leadership sur le march\u00e9. Voici les principaux avantages de s\u2019engager dans le conseil en go-to-market FinTech\u00a0:<\/p>\n\n\n\n<ul class=\"wp-block-list\">\n<li><strong>Positionnement am\u00e9lior\u00e9 du produit\u00a0:<\/strong> Avec les conseils d\u2019experts, les entreprises peuvent identifier et articuler leurs propositions de valeur uniques, garantissant ainsi que leurs produits se d\u00e9marquent dans l\u2019espace encombr\u00e9 des FinTech. Un positionnement efficace am\u00e9liore la visibilit\u00e9 et l&#039;attrait pour les segments de client\u00e8le cibles.<\/li>\n\n\n\n<li><strong>Strat\u00e9gies de lancement optimis\u00e9es\u00a0:<\/strong> FinTech go-to-market consulting helps craft and execute launch strategies that maximize market impact.\u00a0<\/li>\n\n\n\n<li><strong>D\u00e9lai de mise sur le march\u00e9 acc\u00e9l\u00e9r\u00e9\u00a0:<\/strong> Consulting services can significantly reduce the time it takes for FinTech solutions to reach the market by streamlining the go-to-market process and proactively addressing potential challenges, providing a competitive advantage.<\/li>\n\n\n\n<li><strong>Planification de la croissance durable\u00a0:<\/strong> Beyond the initial market entry, FinTech <a href=\"https:\/\/www.sisinternational.com\/fr\/fintech-trends-2025\/\" title=\"FinTech Trends\" data-wpil-monitor-id=\"6641\">go-to-market consulting focuses on long-term growth strategies<\/a>, including scaling operations, expanding into new markets, and continuously innovating to meet evolving customer needs.<\/li>\n\n\n\n<li><strong>Retour sur investissement maximis\u00e9\u00a0:<\/strong> Consulting services help maximize the return on investment for FinTech initiatives by aligning go-to-market strategies with market opportunities and optimizing resource allocation, ensuring financial viability and success.<\/li>\n<\/ul>\n\n\n\n<h2 class=\"wp-block-heading\">R\u00e9sultats attendus de nos conseils en mati\u00e8re de mise sur le march\u00e9 des technologies financi\u00e8res<\/h2>\n\n\n\n<p>Tirer parti des informations issues du conseil en mise sur le march\u00e9 FinTech peut conduire \u00e0 des r\u00e9sultats transformateurs pour les entreprises souhaitant lancer ou faire \u00e9voluer leurs solutions de technologie financi\u00e8re. En int\u00e9grant des conseils strat\u00e9giques et les meilleures pratiques du secteur, les entreprises peuvent s\u2019attendre \u00e0 obtenir des r\u00e9sultats cl\u00e9s tels que\u00a0:<\/p>\n\n\n\n<ul class=\"wp-block-list\">\n<li>Achieving a successful market entry that captures the target audience&#8217;s attention and gains immediate traction.<\/li>\n\n\n\n<li>\u00c9tablir une forte reconnaissance de marque dans l&#039;espace FinTech, diff\u00e9rencier la solution commerciale de ses concurrents et construire une marque qui r\u00e9sonne aupr\u00e8s des clients et inspire confiance.<\/li>\n\n\n\n<li>B\u00e9n\u00e9ficiez d&#039;une acquisition acc\u00e9l\u00e9r\u00e9e de clients gr\u00e2ce \u00e0 des strat\u00e9gies marketing cibl\u00e9es, des propositions de valeur convaincantes et des canaux de distribution efficaces qui se connectent \u00e0 votre public et g\u00e9n\u00e8rent des conversions.<\/li>\n\n\n\n<li>Jeter les bases de l&#039;\u00e9volutivit\u00e9 et de la croissance, avec une strat\u00e9gie de commercialisation qui soutient l&#039;expansion, s&#039;adapte aux changements du march\u00e9 et \u00e9volue avec votre entreprise \u00e0 mesure qu&#039;elle se d\u00e9veloppe.<\/li>\n\n\n\n<li>Establishing a sustainable business model ensures long-term viability, profitability, and relevance in the rapidly evolving FinTech ecosystem.<\/li>\n<\/ul>\n\n\n\n<h2 class=\"wp-block-heading\">L&#039;approche SIS du conseil en mati\u00e8re de mise sur le march\u00e9 des FinTech<\/h2>\n\n\n\n<p>L&#039;approche de SIS International en mati\u00e8re de conseil en mati\u00e8re de mise sur le march\u00e9 FinTech incarne une m\u00e9thodologie compl\u00e8te, centr\u00e9e sur le client et bas\u00e9e sur les donn\u00e9es. Cette approche est con\u00e7ue pour doter les entreprises FinTech des informations, des strat\u00e9gies et des outils dont elles ont besoin pour lancer et faire \u00e9voluer avec succ\u00e8s leurs innovations sur le march\u00e9 concurrentiel des services financiers. Voici un aper\u00e7u plus approfondi de la fa\u00e7on dont SIS se distingue dans le domaine du conseil en mise sur le march\u00e9 des FinTech\u00a0:<\/p>\n\n\n\n<ul class=\"wp-block-list\">\n<li><strong>Informations sur le march\u00e9 sur mesure\u00a0:<\/strong> SIS begins with an in-depth analysis of the FinTech industry, market trends, customer behaviors, and regulatory landscapes.\u00a0<\/li>\n\n\n\n<li><strong>Planification strat\u00e9gique\u00a0:<\/strong> SIS crafts a customized go-to-market strategy that aligns with the client&#8217;s business objectives, technological capabilities, and target market needs.\u00a0<\/li>\n\n\n\n<li><strong>Naviguer dans les exigences r\u00e9glementaires\u00a0:<\/strong> Recognizing the critical importance of compliance in the FinTech sector, SIS provides expert guidance on navigating complex regulatory environments.\u00a0<\/li>\n\n\n\n<li><strong>Tirer parti des avanc\u00e9es technologiques\u00a0:<\/strong> Gr\u00e2ce \u00e0 une compr\u00e9hension approfondie des derni\u00e8res innovations FinTech, SIS conseille ses clients sur l&#039;int\u00e9gration de technologies de pointe qui am\u00e9liorent les offres de produits, am\u00e9liorent l&#039;exp\u00e9rience client et offrent un avantage concurrentiel sur le march\u00e9.<\/li>\n\n\n\n<li><strong>\u00c9tablir des relations clients\u00a0:<\/strong> At the heart of the SIS approach is a commitment to creating exceptional customer experiences.\u00a0<\/li>\n\n\n\n<li><strong>Optimisation bas\u00e9e sur les donn\u00e9es\u00a0:<\/strong> SIS establishes clear metrics for success and implements mechanisms for tracking performance against these metrics.\u00a0<\/li>\n\n\n\n<li><strong>Soutien strat\u00e9gique continu\u00a0:<\/strong> Au-del\u00e0 de l\u2019entr\u00e9e initiale sur le march\u00e9, SIS offre un soutien continu et des conseils strat\u00e9giques \u00e0 ses clients. Ce partenariat \u00e0 long terme garantit que les entreprises FinTech peuvent naviguer dans un paysage industriel en \u00e9volution, saisir de nouvelles opportunit\u00e9s et soutenir la croissance dans l&#039;\u00e9cosyst\u00e8me comp\u00e9titif des services financiers.<\/li>\n<\/ul>\n\n\n\n<h2 class=\"wp-block-heading\">Opportunit\u00e9s de conseil en FinTech Go-To-Market pour les entreprises<\/h2>\n\n\n\n<figure class=\"gb-block-image gb-block-image-eb0d36c3\"><img loading=\"lazy\" decoding=\"async\" width=\"1456\" height=\"816\" class=\"gb-image gb-image-eb0d36c3\" src=\"https:\/\/www.sisinternational.com\/wp-content\/uploads\/2025\/09\/FinTech-Terch-technology-AI-artificial-intelligence-38.jpg\" alt=\"\u00c9tudes de march\u00e9 et strat\u00e9gie internationales SIS\" title=\"FinTech Terch technology AI artificial intelligence (38)\" srcset=\"https:\/\/www.sisinternational.com\/wp-content\/uploads\/2025\/09\/FinTech-Terch-technology-AI-artificial-intelligence-38.jpg 1456w, https:\/\/www.sisinternational.com\/wp-content\/uploads\/2025\/09\/FinTech-Terch-technology-AI-artificial-intelligence-38-300x168.jpg 300w, https:\/\/www.sisinternational.com\/wp-content\/uploads\/2025\/09\/FinTech-Terch-technology-AI-artificial-intelligence-38-1024x574.jpg 1024w, https:\/\/www.sisinternational.com\/wp-content\/uploads\/2025\/09\/FinTech-Terch-technology-AI-artificial-intelligence-38-768x430.jpg 768w, https:\/\/www.sisinternational.com\/wp-content\/uploads\/2025\/09\/FinTech-Terch-technology-AI-artificial-intelligence-38-18x10.jpg 18w\" sizes=\"auto, (max-width: 1456px) 100vw, 1456px\"><\/figure>\n\n\n\n<p><\/p>\n\n\n\n<p>S&#039;engager dans le conseil en mise sur le march\u00e9 FinTech ouvre plusieurs opportunit\u00e9s commerciales dans le secteur FinTech en \u00e9volution rapide. Ces opportunit\u00e9s facilitent l\u2019entr\u00e9e et l\u2019expansion r\u00e9ussies sur le march\u00e9 et permettent aux entreprises de naviguer dans les complexit\u00e9s de l\u2019\u00e9cosyst\u00e8me FinTech avec une finesse strat\u00e9gique. Voici un aper\u00e7u des opportunit\u00e9s de transformation qui d\u00e9coulent de l\u2019exploitation du conseil en mise sur le march\u00e9 des FinTech\u00a0:<\/p>\n\n\n\n<ul class=\"wp-block-list\">\n<li><strong>Diff\u00e9renciation strat\u00e9gique du march\u00e9\u00a0:<\/strong> Consulting helps businesses identify and articulate their unique selling propositions, enabling them to stand out in a crowded market.\u00a0<\/li>\n\n\n\n<li><strong>Acquisition de clients cibl\u00e9s\u00a0:<\/strong> Gr\u00e2ce \u00e0 des informations sur les comportements et les pr\u00e9f\u00e9rences des clients, les entreprises peuvent adapter leurs strat\u00e9gies marketing et produits pour cibler et engager efficacement les clients potentiels, ce qui entra\u00eene des taux de conversion plus \u00e9lev\u00e9s et une croissance acc\u00e9l\u00e9r\u00e9e.<\/li>\n\n\n\n<li><strong>Navigation et conformit\u00e9 r\u00e9glementaires\u00a0:<\/strong> Le secteur FinTech est fortement r\u00e9glement\u00e9 et s\u2019y retrouver constitue un d\u00e9fi de taille. Le conseil en mise sur le march\u00e9 fournit une expertise en mati\u00e8re de strat\u00e9gie de conformit\u00e9, garantissant que les entreprises \u00e9vitent les pi\u00e8ges r\u00e9glementaires et tirent parti des informations r\u00e9glementaires pour obtenir un avantage concurrentiel.<\/li>\n\n\n\n<li><strong>Strat\u00e9gies de croissance \u00e9volutives\u00a0:<\/strong> Consultants assist businesses in developing scalable go-to-market plans that support initial market entry and sustainable long-term growth.\u00a0<\/li>\n\n\n\n<li><strong>D\u00e9veloppement de produits innovants\u00a0:<\/strong> Tirant parti des derni\u00e8res avanc\u00e9es technologiques, le conseil en mise sur le march\u00e9 peut guider les entreprises dans l&#039;innovation et le perfectionnement de leurs offres de produits pour r\u00e9pondre aux besoins \u00e9mergents des march\u00e9s et aux attentes des clients.<\/li>\n<\/ul>\n\n\n\n<h2 class=\"wp-block-heading\">Notre emplacement \u00e0 New York<\/h2>\n\n\n\n<p>  <iframe loading=\"lazy\" src=\"https:\/\/www.google.com\/maps\/embed?pb=!1m18!1m12!1m3!1d3022.976188376966!2d-73.99130312499956!3d40.740549471389315!2m3!1f0!2f0!3f0!3m2!1i1024!2i768!4f13.1!3m3!1m2!1s0x89c259a15798c731%3A0xd695d09bdd495f25!2s11%20E%2022nd%20St%20FL%202%2C%20New%20York%2C%20NY%2010010%2C%20USA!5e0!3m2!1sen!2spe!4v1726171763526!5m2!1sen!2spe\" width=\"600\" height=\"450\" allowfullscreen=\"allowfullscreen\" data-mce-fragment=\"1\"><\/iframe>  <\/p>\n\n\n\n<h3 class=\"wp-block-heading\">11 E 22nd Street, \u00e9tage 2, New York, NY 10010 T\u00e9l. : +1(212) 505-6805<\/h3>\n\n\n\n<hr class=\"wp-block-separator has-alpha-channel-opacity\"\/>\n\n\n\n<h2 class=\"wp-block-heading\"><span style=\"font-weight: 400;\">\u00c0 propos de SIS International<\/span><\/h2>\n\n\n\n<p><a href=\"https:\/\/www.sisinternational.com\/fr\/\"><span style=\"font-weight: 400;\">SIS International<\/span><\/a><span style=\"font-weight: 400;\"> propose des recherches quantitatives, qualitatives et strat\u00e9giques. Nous fournissons des donn\u00e9es, des outils, des strat\u00e9gies, des rapports et des informations pour la prise de d\u00e9cision. Nous menons \u00e9galement des entretiens, des enqu\u00eates, des groupes de discussion et d\u2019autres m\u00e9thodes et approches d\u2019\u00e9tudes de march\u00e9.<\/span><a href=\"https:\/\/www.sisinternational.com\/fr\/a-propos-de-la-recherche-internationale-sis\/contact-sis-international-market-research\/\"><span style=\"font-weight: 400;\"> Contactez nous<\/span><\/a><span style=\"font-weight: 400;\"> pour votre prochain projet d&#039;\u00e9tude de march\u00e9.<\/span><\/p>","protected":false},"excerpt":{"rendered":"<p>Le conseil en mise sur le march\u00e9 FinTech aide les entreprises FinTech et les institutions financi\u00e8res \u00e0 pr\u00e9senter des produits et services innovants de mani\u00e8re strat\u00e9gique.<\/p>","protected":false},"author":1,"featured_media":69521,"parent":27462,"menu_order":66,"comment_status":"closed","ping_status":"closed","template":"","meta":{"footnotes":""},"class_list":["post-46220","page","type-page","status-publish","has-post-thumbnail"],"_links":{"self":[{"href":"https:\/\/www.sisinternational.com\/fr\/wp-json\/wp\/v2\/pages\/46220","targetHints":{"allow":["GET"]}}],"collection":[{"href":"https:\/\/www.sisinternational.com\/fr\/wp-json\/wp\/v2\/pages"}],"about":[{"href":"https:\/\/www.sisinternational.com\/fr\/wp-json\/wp\/v2\/types\/page"}],"author":[{"embeddable":true,"href":"https:\/\/www.sisinternational.com\/fr\/wp-json\/wp\/v2\/users\/1"}],"replies":[{"embeddable":true,"href":"https:\/\/www.sisinternational.com\/fr\/wp-json\/wp\/v2\/comments?post=46220"}],"version-history":[{"count":11,"href":"https:\/\/www.sisinternational.com\/fr\/wp-json\/wp\/v2\/pages\/46220\/revisions"}],"predecessor-version":[{"id":80221,"href":"https:\/\/www.sisinternational.com\/fr\/wp-json\/wp\/v2\/pages\/46220\/revisions\/80221"}],"up":[{"embeddable":true,"href":"https:\/\/www.sisinternational.com\/fr\/wp-json\/wp\/v2\/pages\/27462"}],"wp:featuredmedia":[{"embeddable":true,"href":"https:\/\/www.sisinternational.com\/fr\/wp-json\/wp\/v2\/media\/69521"}],"wp:attachment":[{"href":"https:\/\/www.sisinternational.com\/fr\/wp-json\/wp\/v2\/media?parent=46220"}],"curies":[{"name":"wp","href":"https:\/\/api.w.org\/{rel}","templated":true}]}}