{"id":46215,"date":"2024-02-23T23:12:02","date_gmt":"2024-02-24T04:12:02","guid":{"rendered":"https:\/\/www.sisinternational.com\/?page_id=46215"},"modified":"2026-03-16T23:48:34","modified_gmt":"2026-03-17T03:48:34","slug":"services-financiers-aller-au-conseil-de-marche","status":"publish","type":"page","link":"https:\/\/www.sisinternational.com\/fr\/solutions\/conseil-en-strategie\/financial-services-consulting\/services-financiers-aller-au-conseil-de-marche\/","title":{"rendered":"Conseil en mise sur le march\u00e9 des services financiers"},"content":{"rendered":"<h1 class=\"wp-block-heading\">Conseil en mise sur le march\u00e9 des services financiers<\/h1>\n\n\n\n<figure class=\"gb-block-image gb-block-image-e0b0bb64\"><img loading=\"lazy\" decoding=\"async\" width=\"1456\" height=\"816\" class=\"gb-image gb-image-e0b0bb64\" src=\"https:\/\/www.sisinternational.com\/wp-content\/uploads\/2025\/10\/Financial-Services-Go-To-Market-1.jpg\" alt=\"\u00c9tudes de march\u00e9 et strat\u00e9gie internationales SIS\" title=\"Financial Services Go-To-Market (1)\" srcset=\"https:\/\/www.sisinternational.com\/wp-content\/uploads\/2025\/10\/Financial-Services-Go-To-Market-1.jpg 1456w, https:\/\/www.sisinternational.com\/wp-content\/uploads\/2025\/10\/Financial-Services-Go-To-Market-1-300x168.jpg 300w, https:\/\/www.sisinternational.com\/wp-content\/uploads\/2025\/10\/Financial-Services-Go-To-Market-1-1024x574.jpg 1024w, https:\/\/www.sisinternational.com\/wp-content\/uploads\/2025\/10\/Financial-Services-Go-To-Market-1-768x430.jpg 768w, https:\/\/www.sisinternational.com\/wp-content\/uploads\/2025\/10\/Financial-Services-Go-To-Market-1-18x10.jpg 18w\" sizes=\"auto, (max-width: 1456px) 100vw, 1456px\"><\/figure>\n\n\n\n<hr class=\"wp-block-separator has-alpha-channel-opacity\"\/>\n\n\n\n<p>Financial services go-to-market consulting offers a blueprint for successfully launching and scaling financial solutions in today&#8217;s dynamic market. This specialized consulting service doesn&#8217;t just guide businesses through the market entry maze; it equips them with the insights and strategies to make a lasting impact. It ensures that their offerings reach the right audience and resonate deeply, fostering engagement and loyalty.<\/p>\n\n\n\n<h2 class=\"wp-block-heading\">Qu\u2019est-ce que le conseil en mati\u00e8re de mise sur le march\u00e9 des services financiers\u00a0?<\/h2>\n\n\n\n<p><a href=\"https:\/\/sisaisolutions.com\/application-of-ai-in-financial-services\/\" target=\"_blank\" rel=\"noopener\">Financial services go-to-market consulting<\/a> helps financial institutions and FinTech companies design and execute effective market entry and expansion strategies.<\/p>\n\n\n\n<p>This consulting focuses on understanding the unique value proposition of financial products and services, identifying target markets, and crafting compelling messaging and channels to reach and engage potential customers. The goal is ensuring businesses can launch new offerings effectively, penetrate markets, and achieve rapid growth.<\/p>\n\n\n\n<h2 class=\"wp-block-heading\">Pourquoi les entreprises ont-elles besoin de conseils en mati\u00e8re de mise sur le march\u00e9 des services financiers\u00a0?<\/h2>\n\n\n\n<figure class=\"gb-block-image gb-block-image-6533cb21\"><img loading=\"lazy\" decoding=\"async\" width=\"1456\" height=\"816\" class=\"gb-image gb-image-6533cb21\" src=\"https:\/\/www.sisinternational.com\/wp-content\/uploads\/2025\/10\/Financial-Services-Go-To-Market-3.jpg\" alt=\"\u00c9tudes de march\u00e9 et strat\u00e9gie internationales SIS\" title=\"Financial Services Go-To-Market (3)\" srcset=\"https:\/\/www.sisinternational.com\/wp-content\/uploads\/2025\/10\/Financial-Services-Go-To-Market-3.jpg 1456w, https:\/\/www.sisinternational.com\/wp-content\/uploads\/2025\/10\/Financial-Services-Go-To-Market-3-300x168.jpg 300w, https:\/\/www.sisinternational.com\/wp-content\/uploads\/2025\/10\/Financial-Services-Go-To-Market-3-1024x574.jpg 1024w, https:\/\/www.sisinternational.com\/wp-content\/uploads\/2025\/10\/Financial-Services-Go-To-Market-3-768x430.jpg 768w, https:\/\/www.sisinternational.com\/wp-content\/uploads\/2025\/10\/Financial-Services-Go-To-Market-3-18x10.jpg 18w\" sizes=\"auto, (max-width: 1456px) 100vw, 1456px\"><\/figure>\n\n\n\n<p><\/p>\n\n\n\n<p><a href=\"https:\/\/www.sisinternational.com\/fr\/financial-services-consulting\/\" title=\"Financial Services Consulting\" data-wpil-monitor-id=\"2977\">Financial services go-to-market consulting<\/a> helps businesses identify and articulate what sets their offerings apart, ensuring that they are positioned strategically to capture the attention and loyalty of target customers. Consultants assist in dissecting the market into distinct segments and developing targeted strategies that resonate with each group, enhancing the effectiveness of marketing efforts and improving customer acquisition rates.<\/p>\n\n\n\n<p>En outre, le lancement d&#039;un nouveau produit ou service financier implique des efforts consid\u00e9rables \u2013 et les conseils en mati\u00e8re de mise sur le march\u00e9 fournissent une feuille de route pour naviguer dans ce processus, du timing et de la messagerie \u00e0 la s\u00e9lection des canaux, en minimisant les risques et en maximisant les chances d&#039;un lancement r\u00e9ussi. Les consultants travaillent avec les entreprises pour \u00e9laborer des plans visant \u00e0 faire \u00e9voluer leurs op\u00e9rations, \u00e0 s&#039;\u00e9tendre sur de nouveaux march\u00e9s et \u00e0 innover continuellement leurs offres.<\/p>\n\n\n\n<p>In any case, financial <a href=\"https:\/\/www.sisinternational.com\/fr\/solutions\/conseil-en-tourisme-de-voyage-et-en-hotellerie\/conseil-en-services-de-conciergerie\/\" title=\"Conseil en services de conciergerie\" data-wpil-monitor-id=\"4692\">services go-to-market consulting<\/a> brings many other benefits for businesses, including:<\/p>\n\n\n\n<ul class=\"wp-block-list\">\n<li><strong>D\u00e9lai de mise sur le march\u00e9 acc\u00e9l\u00e9r\u00e9\u00a0:<\/strong> Consulting services streamline the <a href=\"https:\/\/www.sisinternational.com\/fr\/financial-services-consulting\/robotic-process-automation-in-financial-services\/\" title=\"Robotic Process Automation in Financial Services\" data-wpil-monitor-id=\"1065\">process of bringing new financial<\/a> products or services to market.\u00a0<\/li>\n\n\n\n<li><strong>P\u00e9n\u00e9tration accrue du march\u00e9\u00a0:<\/strong> Gr\u00e2ce aux conseils d\u2019experts en mati\u00e8re de ciblage et de positionnement, les entreprises peuvent parvenir \u00e0 une p\u00e9n\u00e9tration plus profonde du march\u00e9. Des strat\u00e9gies de commercialisation sur mesure garantissent que les efforts de marketing trouvent un \u00e9cho aupr\u00e8s du public vis\u00e9, ce qui entra\u00eene des taux de conversion et une acquisition de clients plus \u00e9lev\u00e9s.<\/li>\n\n\n\n<li><strong>Reconnaissance am\u00e9lior\u00e9e de la marque\u00a0:<\/strong> Effective financial services go-to-market consulting helps build and enhance brand recognition. Businesses can establish a strong brand presence by communicating a unique value proposition and delivering consistent messaging across channels.<\/li>\n\n\n\n<li><strong>Allocation strat\u00e9gique des ressources\u00a0:<\/strong> Financial services go-to-market consulting provides insights into the most effective resource allocation, ensuring that marketing budgets are invested in channels and tactics that yield the highest return on investment.<\/li>\n\n\n\n<li><strong>Engagement client \u00e0 long terme\u00a0:<\/strong> Beyond the initial market entry, go-to-market consulting focuses on building strategies for sustained customer engagement.\u00a0<\/li>\n\n\n\n<li><strong>Adaptabilit\u00e9 aux changements du march\u00e9\u00a0:<\/strong> Le paysage des services financiers est en constante \u00e9volution. Les services de conseil permettent aux entreprises de s&#039;adapter aux changements du march\u00e9, garantissant ainsi que leurs strat\u00e9gies de mise sur le march\u00e9 restent pertinentes et efficaces au fil du temps.<\/li>\n<\/ul>\n\n\n\n<h2 class=\"wp-block-heading\">L&#039;approche SIS du conseil en mati\u00e8re de mise sur le march\u00e9 des services financiers<\/h2>\n\n\n\n<p>The SIS International financial services go-to-market consulting approach is comprehensive, data-driven, and client-centric. This approach is tailored to meet the unique challenges and opportunities faced by businesses in the financial services sector, ensuring they can successfully launch and scale their offerings. Here\u2019s how the SIS approach sets itself apart:<\/p>\n\n\n\n<ul class=\"wp-block-list\">\n<li><strong>March\u00e9 approfondi et perspectives concurrentielles\u00a0:<\/strong> SIS begins with a thorough market analysis, including customer needs, competitive landscape, and regulatory environment.\u00a0<\/li>\n\n\n\n<li><strong>Plans de commercialisation sur mesure\u00a0:<\/strong> Reconnaissant les attributs uniques des offres de chaque client, SIS \u00e9labore des strat\u00e9gies de commercialisation personnalis\u00e9es qui s&#039;alignent sur les objectifs du client, la dynamique du march\u00e9 et les attentes des clients. Cette approche garantit que les strat\u00e9gies sont hautement cibl\u00e9es et efficaces.<\/li>\n\n\n\n<li><strong>Tirer parti des technologies de pointe\u00a0:<\/strong> SIS keeps a keen eye on the latest technological advancements in financial services. It guides clients in integrating innovative solutions that enhance their offerings, improve customer experience, and provide a competitive edge.<\/li>\n\n\n\n<li><strong>Naviguer dans les complexit\u00e9s r\u00e9glementaires\u00a0:<\/strong> SIS fournit des conseils d\u2019experts sur la conformit\u00e9 r\u00e9glementaire, aidant ainsi les clients \u00e0 comprendre et \u00e0 naviguer dans le paysage r\u00e9glementaire complexe des services financiers. Cela garantit que les strat\u00e9gies de mise sur le march\u00e9 sont efficaces et pleinement conformes aux r\u00e9glementations en vigueur.<\/li>\n\n\n\n<li><strong>Cr\u00e9er des exp\u00e9riences client engageantes\u00a0:<\/strong> At the heart of the <a href=\"https:\/\/www.linkedin.com\/company\/sisinternationalresearch\/posts\/?feedView=all\" target=\"_blank\" rel=\"noopener\">SIS approach<\/a> is a commitment to creating exceptional customer experiences. Through targeted marketing strategies and customer engagement plans, SIS helps clients build strong relationships with their target audience, driving acquisition and loyalty.<\/li>\n\n\n\n<li><strong>Mesures de performances bas\u00e9es sur les donn\u00e9es\u00a0:<\/strong> SIS establishes clear, measurable goals for go-to-market initiatives, using data analytics to track performance and inform continuous improvement.\u00a0<\/li>\n\n\n\n<li><strong>Orientation strat\u00e9gique continue\u00a0:<\/strong> Beyond the initial go-to-market phase, SIS offers ongoing support and strategic guidance to clients.\u00a0<\/li>\n<\/ul>\n\n\n\n<h2 class=\"wp-block-heading\">Opportunit\u00e9s dans le conseil en mati\u00e8re de mise sur le march\u00e9 des services financiers pour les entreprises<\/h2>\n\n\n\n<figure class=\"gb-block-image gb-block-image-ea5523cc\"><img loading=\"lazy\" decoding=\"async\" width=\"1456\" height=\"816\" class=\"gb-image gb-image-ea5523cc\" src=\"https:\/\/www.sisinternational.com\/wp-content\/uploads\/2025\/10\/Financial-Services-Go-To-Market-2.jpg\" alt=\"\u00c9tudes de march\u00e9 et strat\u00e9gie internationales SIS\" title=\"Financial Services Go-To-Market (2)\" srcset=\"https:\/\/www.sisinternational.com\/wp-content\/uploads\/2025\/10\/Financial-Services-Go-To-Market-2.jpg 1456w, https:\/\/www.sisinternational.com\/wp-content\/uploads\/2025\/10\/Financial-Services-Go-To-Market-2-300x168.jpg 300w, https:\/\/www.sisinternational.com\/wp-content\/uploads\/2025\/10\/Financial-Services-Go-To-Market-2-1024x574.jpg 1024w, https:\/\/www.sisinternational.com\/wp-content\/uploads\/2025\/10\/Financial-Services-Go-To-Market-2-768x430.jpg 768w, https:\/\/www.sisinternational.com\/wp-content\/uploads\/2025\/10\/Financial-Services-Go-To-Market-2-18x10.jpg 18w\" sizes=\"auto, (max-width: 1456px) 100vw, 1456px\"><\/figure>\n\n\n\n<p><\/p>\n\n\n\n<p>Engaging in financial services go-to-market consulting opens up many opportunities for businesses aiming to launch or expand their offerings in the financial sector.&nbsp;<\/p>\n\n\n\n<ul class=\"wp-block-list\">\n<li><strong>Entr\u00e9e strat\u00e9gique sur le march\u00e9\u00a0:<\/strong> Consulting services provide businesses with a strategic framework for entering new markets or launching new products.\u00a0<\/li>\n\n\n\n<li><strong>Diff\u00e9renciation concurrentielle\u00a0:<\/strong> Le conseil en mise sur le march\u00e9 des services financiers aide les entreprises \u00e0 articuler leur proposition de valeur unique, en distinguant leurs offres de celles de leurs concurrents et en captant l&#039;attention des clients potentiels.<\/li>\n\n\n\n<li><strong>Conformit\u00e9 r\u00e9glementaire et att\u00e9nuation des risques\u00a0:<\/strong> Naviguer dans le paysage r\u00e9glementaire du secteur des services financiers peut \u00eatre intimidant. Les consultants fournissent une expertise en mati\u00e8re de conformit\u00e9 r\u00e9glementaire, aidant les entreprises \u00e0 att\u00e9nuer les risques et \u00e0 \u00e9viter les pi\u00e8ges juridiques potentiels.<\/li>\n\n\n\n<li><strong>Int\u00e9gration technologique et innovation\u00a0:<\/strong> Technology plays a crucial role in the financial services industry. Consulting services guide businesses in integrating the latest FinTech innovations into their offerings.\u00a0<\/li>\n\n\n\n<li><strong>\u00c9volutivit\u00e9 et croissance\u00a0:<\/strong> <a href=\"https:\/\/www.sisinternational.com\/fr\/solutions\/recherche-de-conseil-en-strategie-fintech\/fintech-aller-au-conseil-sur-le-marche\/\" title=\"Conseil en mise sur le march\u00e9 des technologies financi\u00e8res\" data-wpil-monitor-id=\"5858\">Consultants assist businesses in developing scalable go-to-market<\/a> strategies that support sustainable growth.\u00a0<\/li>\n\n\n\n<li><strong>Cr\u00e9er des partenariats et des \u00e9cosyst\u00e8mes\u00a0:<\/strong> Dans le monde interconnect\u00e9 des services financiers, la formation de partenariats strat\u00e9giques peut changer la donne. Le conseil en mise sur le march\u00e9 des services financiers permet d&#039;identifier des partenaires potentiels et de cr\u00e9er des \u00e9cosyst\u00e8mes qui am\u00e9liorent la valeur des offres de l&#039;entreprise.<\/li>\n<\/ul>\n\n\n\n<h2 class=\"wp-block-heading\">Notre emplacement \u00e0 New York<\/h2>\n\n\n\n<p>  <iframe loading=\"lazy\" src=\"https:\/\/www.google.com\/maps\/embed?pb=!1m18!1m12!1m3!1d3022.976188376966!2d-73.99130312499956!3d40.740549471389315!2m3!1f0!2f0!3f0!3m2!1i1024!2i768!4f13.1!3m3!1m2!1s0x89c259a15798c731%3A0xd695d09bdd495f25!2s11%20E%2022nd%20St%20FL%202%2C%20New%20York%2C%20NY%2010010%2C%20USA!5e0!3m2!1sen!2spe!4v1726171763526!5m2!1sen!2spe\" width=\"600\" height=\"450\" allowfullscreen=\"allowfullscreen\" data-mce-fragment=\"1\"><\/iframe>  <\/p>\n\n\n\n<h3 class=\"wp-block-heading\">11 E 22nd Street, \u00e9tage 2, New York, NY 10010 T\u00e9l. : +1(212) 505-6805<\/h3>\n\n\n\n<hr class=\"wp-block-separator has-alpha-channel-opacity\"\/>\n\n\n\n<h2 class=\"wp-block-heading\"><span style=\"font-weight: 400;\">\u00c0 propos de SIS International<\/span><\/h2>\n\n\n\n<p><a href=\"https:\/\/www.sisinternational.com\/fr\/\"><span style=\"font-weight: 400;\">SIS International<\/span><\/a><span style=\"font-weight: 400;\"> propose des recherches quantitatives, qualitatives et strat\u00e9giques. Nous fournissons des donn\u00e9es, des outils, des strat\u00e9gies, des rapports et des informations pour la prise de d\u00e9cision. Nous menons \u00e9galement des entretiens, des enqu\u00eates, des groupes de discussion et d\u2019autres m\u00e9thodes et approches d\u2019\u00e9tudes de march\u00e9.<\/span><a href=\"https:\/\/www.sisinternational.com\/fr\/a-propos-de-la-recherche-internationale-sis\/contact-sis-international-market-research\/\"><span style=\"font-weight: 400;\"> Contactez nous<\/span><\/a><span style=\"font-weight: 400;\"> pour votre prochain projet d&#039;\u00e9tude de march\u00e9.<\/span><\/p>","protected":false},"excerpt":{"rendered":"<p>Le conseil en mise sur le march\u00e9 des services financiers aide les institutions financi\u00e8res et les entreprises FinTech \u00e0 concevoir et \u00e0 ex\u00e9cuter des strat\u00e9gies efficaces.<\/p>","protected":false},"author":1,"featured_media":71753,"parent":55793,"menu_order":69,"comment_status":"closed","ping_status":"closed","template":"","meta":{"footnotes":""},"class_list":["post-46215","page","type-page","status-publish","has-post-thumbnail"],"_links":{"self":[{"href":"https:\/\/www.sisinternational.com\/fr\/wp-json\/wp\/v2\/pages\/46215","targetHints":{"allow":["GET"]}}],"collection":[{"href":"https:\/\/www.sisinternational.com\/fr\/wp-json\/wp\/v2\/pages"}],"about":[{"href":"https:\/\/www.sisinternational.com\/fr\/wp-json\/wp\/v2\/types\/page"}],"author":[{"embeddable":true,"href":"https:\/\/www.sisinternational.com\/fr\/wp-json\/wp\/v2\/users\/1"}],"replies":[{"embeddable":true,"href":"https:\/\/www.sisinternational.com\/fr\/wp-json\/wp\/v2\/comments?post=46215"}],"version-history":[{"count":13,"href":"https:\/\/www.sisinternational.com\/fr\/wp-json\/wp\/v2\/pages\/46215\/revisions"}],"predecessor-version":[{"id":79548,"href":"https:\/\/www.sisinternational.com\/fr\/wp-json\/wp\/v2\/pages\/46215\/revisions\/79548"}],"up":[{"embeddable":true,"href":"https:\/\/www.sisinternational.com\/fr\/wp-json\/wp\/v2\/pages\/55793"}],"wp:featuredmedia":[{"embeddable":true,"href":"https:\/\/www.sisinternational.com\/fr\/wp-json\/wp\/v2\/media\/71753"}],"wp:attachment":[{"href":"https:\/\/www.sisinternational.com\/fr\/wp-json\/wp\/v2\/media?parent=46215"}],"curies":[{"name":"wp","href":"https:\/\/api.w.org\/{rel}","templated":true}]}}