{"id":46187,"date":"2024-02-22T14:16:53","date_gmt":"2024-02-22T19:16:53","guid":{"rendered":"https:\/\/www.sisinternational.com\/?page_id=46187"},"modified":"2026-02-19T01:22:07","modified_gmt":"2026-02-19T06:22:07","slug":"revetement-de-peinture-adhesifs-automatisation-conseil-en-intelligence-artificielle","status":"publish","type":"page","link":"https:\/\/www.sisinternational.com\/fr\/solutions\/ai-etudes-de-marche-et-conseil-en-strategie\/revetement-de-peinture-adhesifs-automatisation-conseil-en-intelligence-artificielle\/","title":{"rendered":"Conseil en automatisation et intelligence artificielle pour peintures et adh\u00e9sifs"},"content":{"rendered":"<h1 class=\"wp-block-heading\">Conseil en automatisation et intelligence artificielle pour les peintures, rev\u00eatements et adh\u00e9sifs<\/h1>\n\n\n\n<figure class=\"gb-block-image gb-block-image-68bdbd93\"><img loading=\"lazy\" decoding=\"async\" width=\"1456\" height=\"816\" class=\"gb-image gb-image-68bdbd93\" src=\"https:\/\/www.sisinternational.com\/wp-content\/uploads\/2025\/08\/Automotive-15.jpg\" alt=\"\u00c9tudes de march\u00e9 et strat\u00e9gie internationales SIS\" title=\"Automotive (15)\" srcset=\"https:\/\/www.sisinternational.com\/wp-content\/uploads\/2025\/08\/Automotive-15.jpg 1456w, https:\/\/www.sisinternational.com\/wp-content\/uploads\/2025\/08\/Automotive-15-300x168.jpg 300w, https:\/\/www.sisinternational.com\/wp-content\/uploads\/2025\/08\/Automotive-15-1024x574.jpg 1024w, https:\/\/www.sisinternational.com\/wp-content\/uploads\/2025\/08\/Automotive-15-768x430.jpg 768w, https:\/\/www.sisinternational.com\/wp-content\/uploads\/2025\/08\/Automotive-15-18x10.jpg 18w\" sizes=\"auto, (max-width: 1456px) 100vw, 1456px\"><\/figure>\n\n\n\n<p><\/p>\n\n\n\n<p>Alors que les industries du monde entier s&#039;efforcent d&#039;\u00eatre efficaces et durables, la demande en mati\u00e8re d&#039;automatisation des peintures, de rev\u00eatements et d&#039;adh\u00e9sifs et de conseil en intelligence artificielle a augment\u00e9, offrant des opportunit\u00e9s d&#039;innovation sans pr\u00e9c\u00e9dent dans l&#039;industrie de la peinture, des rev\u00eatements et des adh\u00e9sifs - de l&#039;am\u00e9lioration de la pr\u00e9cision de la correspondance des couleurs \u00e0 l&#039;optimisation des formulations. pour de meilleures performances et un impact environnemental moindre.<\/p>\n\n\n\n<h2 class=\"wp-block-heading\">Qu&#039;est-ce que l&#039;automatisation des peintures, des rev\u00eatements et des adh\u00e9sifs et le conseil en intelligence artificielle\u00a0?<\/h2>\n\n\n\n<p>Paint, coating, and adhesives automation and artificial intelligence consulting guides businesses in integrating cutting-edge technologies into their manufacturing processes. This <a title=\"Automatisation du transport maritime et logistique et conseil en IA\" href=\"https:\/\/www.sisinternational.com\/fr\/solutions\/ai-etudes-de-marche-et-conseil-en-strategie\/automatisation-de-la-logistique-dexpedition-conseil-en-ia\/\" data-wpil-monitor-id=\"4406\">consulting niche leverages automation<\/a> to streamline production and AI to enhance decision-making, quality control, and operational efficiency. The goal is to transform traditional manufacturing environments into smart, efficient, and sustainable operations that respond dynamically to market changes and customer needs.<\/p>\n\n\n\n<h2 class=\"wp-block-heading\">Importance de l\u2019automatisation des peintures, des rev\u00eatements et des adh\u00e9sifs et du conseil en intelligence artificielle<\/h2>\n\n\n\n<p>Paint, coating and adhesives <a title=\"Conseil en automatisation du camionnage et intelligence artificielle\" href=\"https:\/\/www.sisinternational.com\/fr\/solutions\/ai-etudes-de-marche-et-conseil-en-strategie\/automatisation-du-camionnage-conseil-en-intelligence-artificielle\/\" data-wpil-monitor-id=\"1414\">automation and artificial intelligence consulting<\/a> enables the analysis of vast amounts of data to identify trends and insights that can lead to the development of new products or the improvement of existing ones. Consulting services help businesses leverage these insights to stay ahead of market demands and regulatory changes.<\/p>\n\n\n\n<p>Furthermore, paint, coating and adhesives <a title=\"Conseil en automatisation des ventes et intelligence artificielle\" href=\"https:\/\/www.sisinternational.com\/fr\/solutions\/ai-etudes-de-marche-et-conseil-en-strategie\/conseil-en-intelligence-artificielle-en-automatisation-des-ventes\/\" data-wpil-monitor-id=\"1693\">automation and artificial intelligence consulting<\/a> services provide expert guidance on selecting and implementing the right technologies that align with the company&#8217;s needs and goals. However, this consulting brings many other benefits, including:<\/p>\n\n\n\n<ul class=\"wp-block-list\">\n<li><strong>Qualit\u00e9 du produit am\u00e9lior\u00e9e\u00a0:<\/strong> L&#039;automatisation garantit une application coh\u00e9rente et un contr\u00f4le qualit\u00e9 dans la fabrication de peintures, de rev\u00eatements et d&#039;adh\u00e9sifs. L\u2019IA am\u00e9liore cela en surveillant et en ajustant en temps r\u00e9el, garantissant ainsi que les produits r\u00e9pondent \u00e0 des normes de qualit\u00e9 strictes.<\/li>\n\n\n\n<li><strong>R\u00e9duction des co\u00fbts:<\/strong> Implementing automation and AI can save substantial costs by reducing labor costs, minimizing waste, and optimizing resource use. Paint, coating and adhesives <a title=\"Conseil en automatisation des jeux en ligne et intelligence artificielle\" data-wpil-monitor-id=\"1720\" href=\"https:\/\/www.sisinternational.com\/fr\/solutions\/ai-etudes-de-marche-et-conseil-en-strategie\/conseil-en-intelligence-artificielle-pour-lautomatisation-des-jeux-en-ligne\/\">automation and artificial intelligence consulting<\/a> identifies these opportunities, ensuring that investments in technology deliver a strong return on investment.<\/li>\n\n\n\n<li><strong>Avantage comp\u00e9titif:<\/strong> Les entreprises qui int\u00e8grent avec succ\u00e8s l\u2019automatisation et l\u2019IA dans leurs op\u00e9rations peuvent obtenir un avantage concurrentiel significatif en proposant des produits de meilleure qualit\u00e9 \u00e0 moindre co\u00fbt, en r\u00e9pondant plus rapidement aux changements du march\u00e9 et en favorisant l\u2019innovation dans leurs offres.<\/li>\n<\/ul>\n\n\n\n<h2 class=\"wp-block-heading\">Qui utilise les peintures, les rev\u00eatements et les adh\u00e9sifs ? Automatisation et conseil en intelligence artificielle<\/h2>\n\n\n\n<p>The utilization of paint, coating and adhesives automation and <a title=\"Conseil en intelligence artificielle dans le secteur de l&#039;alimentation et des boissons\" href=\"https:\/\/www.sisinternational.com\/fr\/solutions\/ai-etudes-de-marche-et-conseil-en-strategie\/conseil-en-intelligence-artificielle-pour-boissons-alimentaires\/\" data-wpil-monitor-id=\"2008\">artificial intelligence consulting<\/a> spans a diverse range of entities such as:<\/p>\n\n\n\n<ul class=\"wp-block-list\">\n<li><strong>Fabricants de peintures et rev\u00eatements\u00a0:<\/strong> Ces entreprises font appel \u00e0 des services de conseil pour am\u00e9liorer leurs processus de production, am\u00e9liorer la qualit\u00e9 de leurs produits et r\u00e9duire leurs co\u00fbts. L&#039;automatisation et l&#039;IA leur permettent d&#039;obtenir un m\u00e9lange pr\u00e9cis, une application coh\u00e9rente et un contr\u00f4le qualit\u00e9 en temps r\u00e9el, garantissant ainsi que leurs produits r\u00e9pondent aux normes \u00e9lev\u00e9es exig\u00e9es par diverses industries.<\/li>\n\n\n\n<li><strong>Fabricants d&#039;adh\u00e9sifs\u00a0:<\/strong> Les entit\u00e9s du secteur des adh\u00e9sifs font appel \u00e0 des services de conseil pour optimiser leurs op\u00e9rations de fabrication, de la formulation au conditionnement. L&#039;automatisation permet d&#039;obtenir une haute pr\u00e9cision dans le m\u00e9lange des composants, tandis que l&#039;IA peut pr\u00e9dire les performances des formulations adh\u00e9sives dans diff\u00e9rentes conditions, am\u00e9liorant ainsi le d\u00e9veloppement de produits.<\/li>\n\n\n\n<li><strong>Fournisseurs de l\u2019industrie automobile\u00a0:<\/strong> Suppliers in the automotive industry, where paints and coatings are critical for aesthetics and protection, seek <a title=\"Automatisation des mines et des ressources naturelles et conseil en IA\" data-wpil-monitor-id=\"5512\" href=\"https:\/\/www.sisinternational.com\/fr\/solutions\/ai-etudes-de-marche-et-conseil-en-strategie\/automatisation-des-ressources-naturelles-minieres-conseil-en-intelligence-artificielle\/\">consulting to integrate advanced automation<\/a> and AI technologies. <\/li>\n\n\n\n<li><strong>Entreprises de construction et de mat\u00e9riaux de construction\u00a0:<\/strong> Ces entreprises utilisent le conseil pour automatiser leurs processus de peinture et de rev\u00eatement, am\u00e9liorant ainsi l&#039;efficacit\u00e9 et la durabilit\u00e9. Les informations bas\u00e9es sur l&#039;IA les aident \u00e0 d\u00e9velopper des produits qui r\u00e9pondent aux besoins changeants du secteur de la construction, tels que des options respectueuses de l&#039;environnement et durables.<\/li>\n\n\n\n<li><strong>Entrepreneurs en a\u00e9rospatiale et en d\u00e9fense\u00a0:<\/strong> In sectors where precision and quality are non-negotiable, such as aerospace and defense, consulting services are crucial. Paint, coating and adhesives automation and <a title=\"Conseil en Intelligence Artificielle Go-To-Market\" data-wpil-monitor-id=\"2047\" href=\"https:\/\/www.sisinternational.com\/fr\/solutions\/ai-etudes-de-marche-et-conseil-en-strategie\/aller-sur-le-marche-du-conseil-en-intelligence-artificielle\/\">artificial intelligence consulting<\/a> ensure the accurate application of coatings.<\/li>\n\n\n\n<li><strong>Installations de recherche et d\u00e9veloppement (R&amp;D)\u00a0:<\/strong> R&amp;D entities focused on developing new materials and formulations for paints, coatings, and adhesives leverage consulting to incorporate automation and AI into their research processes. <\/li>\n<\/ul>\n\n\n\n<h2 class=\"wp-block-heading\">R\u00e9sultats attendus de nos conseils en mati\u00e8re d&#039;automatisation et d&#039;intelligence artificielle en mati\u00e8re de peintures, de rev\u00eatements et d&#039;adh\u00e9sifs<\/h2>\n\n\n\n<p><a title=\"Adopter l&#039;intelligence artificielle (IA) dans les petites entreprises\" href=\"https:\/\/www.sisinternational.com\/fr\/ladoption-de-lintelligence-artificielle-dans-les-petites-entreprises\/\" data-wpil-monitor-id=\"2800\">Adopting automation and artificial intelligence<\/a> in the paint, coating, and adhesives industry, with the guidance of specialized consulting, can lead to a range of transformative outcomes \u2013 and here\u2019s what businesses can expect from using paint, coating, and adhesives automation and AI consulting:<\/p>\n\n\n\n<ul class=\"wp-block-list\">\n<li>Augmentation significative de la vitesse et de l&#039;efficacit\u00e9 de la production, gr\u00e2ce \u00e0 l&#039;automatisation r\u00e9duisant le travail manuel et \u00e0 l&#039;IA optimisant les processus pour un minimum de temps d&#039;arr\u00eat et de gaspillage.<\/li>\n\n\n\n<li>Atteindre des niveaux plus \u00e9lev\u00e9s de qualit\u00e9 et de coh\u00e9rence des produits, car l\u2019automatisation garantit une application et un m\u00e9lange pr\u00e9cis, tandis que l\u2019IA surveille la qualit\u00e9 en temps r\u00e9el pour maintenir les normes.<\/li>\n\n\n\n<li>Des \u00e9conomies de co\u00fbts substantielles gr\u00e2ce \u00e0 une r\u00e9duction des besoins en main-d&#039;\u0153uvre, \u00e0 une r\u00e9duction des d\u00e9chets et \u00e0 une utilisation optimis\u00e9e des ressources, conduisant \u00e0 une rentabilit\u00e9 am\u00e9lior\u00e9e.<\/li>\n\n\n\n<li>D\u00e9veloppement de produits et innovation acc\u00e9l\u00e9r\u00e9s, avec des informations bas\u00e9es sur l&#039;IA permettant la cr\u00e9ation de nouvelles formulations et de nouveaux produits qui r\u00e9pondent aux besoins \u00e9mergents des march\u00e9s et aux exigences r\u00e9glementaires.<\/li>\n\n\n\n<li>Enhanced sustainability of production processes, as automation and AI contribute to reduced waste and <a title=\"Conseil en strat\u00e9gie d&#039;automatisation\" data-wpil-monitor-id=\"2711\" href=\"https:\/\/www.sisinternational.com\/fr\/systemes-dautomatisation-des-processus-aux-etats-unis\/\">\u00e9nergie<\/a> consumption, aligning with environmental goals and consumer expectations.<\/li>\n\n\n\n<li>Am\u00e9lioration de la s\u00e9curit\u00e9 sur le lieu de travail et de la conformit\u00e9 r\u00e9glementaire, avec l&#039;automatisation prenant en charge les t\u00e2ches dangereuses et l&#039;IA garantissant que les processus respectent les normes de l&#039;industrie.<\/li>\n\n\n\n<li>Une plus grande r\u00e9activit\u00e9 et agilit\u00e9 du march\u00e9, gr\u00e2ce \u00e0 l&#039;analyse de l&#039;IA qui fournit des informations sur les tendances du march\u00e9 et les pr\u00e9f\u00e9rences des consommateurs, permettant une adaptation rapide de la production et de la strat\u00e9gie.<\/li>\n<\/ul>\n\n\n\n<h2 class=\"wp-block-heading\">L&#039;approche SIS de l&#039;automatisation des peintures, des rev\u00eatements et des adh\u00e9sifs et du conseil en intelligence artificielle<\/h2>\n\n\n\n<p>The SIS International approach to paint, coating, and adhesives automation and artificial intelligence consulting has a deeply client-centric methodology. Here\u2019s how SIS sets itself apart in providing paint, coating and adhesives automation and artificial intelligence consulting:<\/p>\n\n\n\n<ul class=\"wp-block-list\">\n<li><strong>Solutions personnalis\u00e9es\u00a0:<\/strong> SIS begins with an in-depth analysis of the client&#8217;s specific needs, challenges, and strategic goals. <\/li>\n\n\n\n<li><strong>Mise en \u0153uvre de technologies avanc\u00e9es\u00a0:<\/strong> With expertise in the latest advancements in automation and AI, SIS advises clients on selecting and implementing the most effective technologies for their specific production processes. <\/li>\n\n\n\n<li><strong>Efficacit\u00e9 op\u00e9rationnelle et gestion environnementale\u00a0:<\/strong> A key component of the SIS approach is enhancing operational efficiency while promoting sustainability. <\/li>\n\n\n\n<li><strong>Tirer parti des donn\u00e9es pour un avantage strat\u00e9gique\u00a0:<\/strong> SIS utilizes data analytics to provide clients with actionable insights into their operations, market trends, and customer preferences. <\/li>\n\n\n\n<li><strong>Att\u00e9nuation des risques\u00a0:<\/strong> Recognizing the importance of risk management, especially in highly regulated industries, SIS incorporates comprehensive risk assessment and management strategies into its consulting services. <\/li>\n\n\n\n<li><strong>Soutien continu et innovation\u00a0:<\/strong> Beyond initial implementation, SIS offers ongoing support and advice to clients, fostering a culture of continuous improvement and innovation. <\/li>\n\n\n\n<li><strong>Partenariats avec des fournisseurs strat\u00e9giques\u00a0:<\/strong> SIS assists clients in selecting the right technology vendors and managing these relationships effectively. <\/li>\n<\/ul>","protected":false},"excerpt":{"rendered":"<p>L&#039;automatisation des peintures et des adh\u00e9sifs et le conseil en intelligence artificielle guident les entreprises dans l&#039;int\u00e9gration de technologies d&#039;IA de pointe.<\/p>","protected":false},"author":1,"featured_media":62620,"parent":44406,"menu_order":70,"comment_status":"closed","ping_status":"closed","template":"","meta":{"footnotes":""},"class_list":["post-46187","page","type-page","status-publish","has-post-thumbnail"],"_links":{"self":[{"href":"https:\/\/www.sisinternational.com\/fr\/wp-json\/wp\/v2\/pages\/46187","targetHints":{"allow":["GET"]}}],"collection":[{"href":"https:\/\/www.sisinternational.com\/fr\/wp-json\/wp\/v2\/pages"}],"about":[{"href":"https:\/\/www.sisinternational.com\/fr\/wp-json\/wp\/v2\/types\/page"}],"author":[{"embeddable":true,"href":"https:\/\/www.sisinternational.com\/fr\/wp-json\/wp\/v2\/users\/1"}],"replies":[{"embeddable":true,"href":"https:\/\/www.sisinternational.com\/fr\/wp-json\/wp\/v2\/comments?post=46187"}],"version-history":[{"count":23,"href":"https:\/\/www.sisinternational.com\/fr\/wp-json\/wp\/v2\/pages\/46187\/revisions"}],"predecessor-version":[{"id":83094,"href":"https:\/\/www.sisinternational.com\/fr\/wp-json\/wp\/v2\/pages\/46187\/revisions\/83094"}],"up":[{"embeddable":true,"href":"https:\/\/www.sisinternational.com\/fr\/wp-json\/wp\/v2\/pages\/44406"}],"wp:featuredmedia":[{"embeddable":true,"href":"https:\/\/www.sisinternational.com\/fr\/wp-json\/wp\/v2\/media\/62620"}],"wp:attachment":[{"href":"https:\/\/www.sisinternational.com\/fr\/wp-json\/wp\/v2\/media?parent=46187"}],"curies":[{"name":"wp","href":"https:\/\/api.w.org\/{rel}","templated":true}]}}