{"id":46169,"date":"2024-02-22T14:16:12","date_gmt":"2024-02-22T19:16:12","guid":{"rendered":"https:\/\/www.sisinternational.com\/?page_id=46169"},"modified":"2026-01-25T19:15:01","modified_gmt":"2026-01-26T00:15:01","slug":"pate-a-papier-produits-forestiers-automatisation-intelligence-artificielle-conseil","status":"publish","type":"page","link":"https:\/\/www.sisinternational.com\/fr\/solutions\/ai-etudes-de-marche-et-conseil-en-strategie\/pate-a-papier-produits-forestiers-automatisation-intelligence-artificielle-conseil\/","title":{"rendered":"Conseil en automatisation des produits forestiers et intelligence artificielle"},"content":{"rendered":"<h1 class=\"gb-headline gb-headline-3bd493ef gb-headline-text\">Conseil en automatisation et intelligence artificielle pour le papier, la p\u00e2te \u00e0 papier et les produits forestiers<\/h1>\n\n\n\n<figure class=\"gb-block-image gb-block-image-4ee5a457\"><img loading=\"lazy\" decoding=\"async\" width=\"1456\" height=\"816\" class=\"gb-image gb-image-4ee5a457\" src=\"https:\/\/www.sisinternational.com\/wp-content\/uploads\/2025\/10\/Forest-Products-Automatio-2.jpg\" alt=\"\u00c9tudes de march\u00e9 et strat\u00e9gie internationales SIS\" title=\"Forest Products Automatio (2)\" srcset=\"https:\/\/www.sisinternational.com\/wp-content\/uploads\/2025\/10\/Forest-Products-Automatio-2.jpg 1456w, https:\/\/www.sisinternational.com\/wp-content\/uploads\/2025\/10\/Forest-Products-Automatio-2-300x168.jpg 300w, https:\/\/www.sisinternational.com\/wp-content\/uploads\/2025\/10\/Forest-Products-Automatio-2-1024x574.jpg 1024w, https:\/\/www.sisinternational.com\/wp-content\/uploads\/2025\/10\/Forest-Products-Automatio-2-768x430.jpg 768w, https:\/\/www.sisinternational.com\/wp-content\/uploads\/2025\/10\/Forest-Products-Automatio-2-18x10.jpg 18w\" sizes=\"auto, (max-width: 1456px) 100vw, 1456px\"><\/figure>\n\n\n\n<p><\/p>\n\n\n\n<hr class=\"wp-block-separator has-alpha-channel-opacity\"\/>\n\n\n\n<p>As AI makes its way onto the horizon, traditional methods of production, processing and management are about to shift \u2013 and paper, pulp, and forest products automation and artificial intelligence consulting offer strategies that blend the age-old wisdom of forestry with the cutting-edge advancements of technology.<\/p>\n\n\n\n<h2 class=\"wp-block-heading\">What Is Paper, pulp, and forest products automation and artificial intelligence consulting?<\/h2>\n\n\n\n<p>Les conseils en mati\u00e8re d&#039;automatisation et d&#039;intelligence artificielle pour le papier, la p\u00e2te \u00e0 papier et les produits forestiers aident les entreprises \u00e0 passer des m\u00e9thodes conventionnelles \u00e0 des op\u00e9rations plus efficaces, durables et rentables aliment\u00e9es par l&#039;automatisation et l&#039;IA.<\/p>\n\n\n\n<p>It involves using technology to perform tasks traditionally done manually, including everything from harvesting and processing raw materials to producing and packaging finished products. Consultants work closely with businesses to identify opportunities where automation and AI can have the most significant impact, develop customized solutions to address specific challenges, and guide navigating the technological, regulatory, and workforce transitions required.<\/p>\n\n\n\n<h2 class=\"wp-block-heading\">Pourquoi c&#039;est important?<\/h2>\n\n\n\n<p>The global marketplace for paper, pulp, and forest products is highly competitive. Businesses that leverage paper, pulp, and forest products <a href=\"https:\/\/www.sisinternational.com\/fr\/solutions\/ai-etudes-de-marche-et-conseil-en-strategie\/automatisation-des-franchises-conseil-en-intelligence-artificielle\/\" title=\"Conseil en automatisation des franchises et intelligence artificielle\"  data-wpil-monitor-id=\"1140\">automation and artificial intelligence consulting<\/a> can significantly enhance their production efficiency, reduce costs, and improve product quality, giving them a distinct competitive edge.<\/p>\n\n\n\n<p>Similarly, with increasing regulatory pressures and consumer demand for sustainable practices, businesses in this sector are under scrutiny to minimize their environmental impact. Paper, pulp, and forest products <a href=\"https:\/\/www.sisinternational.com\/fr\/solutions\/ai-etudes-de-marche-et-conseil-en-strategie\/automatisation-du-camionnage-conseil-en-intelligence-artificielle\/\" title=\"Conseil en automatisation du camionnage et intelligence artificielle\"  data-wpil-monitor-id=\"1417\">automation and artificial intelligence consulting<\/a> can optimize resource use, reduce waste, and lower energy consumption, aligning operations with sustainability goals.<\/p>\n\n\n\n<p>Furthermore, automating routine and hazardous tasks boosts operational efficiency and significantly enhances workplace safety. Additionally, paper, pulp, and forest products <a href=\"https:\/\/www.sisinternational.com\/fr\/solutions\/ai-etudes-de-marche-et-conseil-en-strategie\/conseil-en-intelligence-artificielle-en-automatisation-des-ventes\/\" title=\"Conseil en automatisation des ventes et intelligence artificielle\"  data-wpil-monitor-id=\"1697\">automation and artificial intelligence consulting<\/a> can assist in workforce planning and management, optimizing labor use and improving employee satisfaction.<\/p>\n\n\n\n<h2 class=\"wp-block-heading\">The Key Benefits of Paper, pulp, and forest products automation and artificial intelligence consulting<\/h2>\n\n\n\n<figure class=\"gb-block-image gb-block-image-09d91481\"><img loading=\"lazy\" decoding=\"async\" width=\"1456\" height=\"816\" class=\"gb-image gb-image-09d91481\" src=\"https:\/\/www.sisinternational.com\/wp-content\/uploads\/2025\/10\/Forest-Products-Automatio-1.jpg\" alt=\"\u00c9tudes de march\u00e9 et strat\u00e9gie internationales SIS\" title=\"Forest Products Automatio (1)\" srcset=\"https:\/\/www.sisinternational.com\/wp-content\/uploads\/2025\/10\/Forest-Products-Automatio-1.jpg 1456w, https:\/\/www.sisinternational.com\/wp-content\/uploads\/2025\/10\/Forest-Products-Automatio-1-300x168.jpg 300w, https:\/\/www.sisinternational.com\/wp-content\/uploads\/2025\/10\/Forest-Products-Automatio-1-1024x574.jpg 1024w, https:\/\/www.sisinternational.com\/wp-content\/uploads\/2025\/10\/Forest-Products-Automatio-1-768x430.jpg 768w, https:\/\/www.sisinternational.com\/wp-content\/uploads\/2025\/10\/Forest-Products-Automatio-1-18x10.jpg 18w\" sizes=\"auto, (max-width: 1456px) 100vw, 1456px\"><\/figure>\n\n\n\n<p><\/p>\n\n\n\n<p>Le <a href=\"https:\/\/www.sisinternational.com\/fr\/ladoption-de-lintelligence-artificielle-dans-les-petites-entreprises\/\" title=\"Adopter l&#039;intelligence artificielle (IA) dans les petites entreprises\"  data-wpil-monitor-id=\"2804\">adoption of automation and artificial intelligence<\/a> in the paper, pulp, and forest products industry, brings many benefits. These advantages propel businesses toward greater operational efficiency and sustainability and enhance their market competitiveness \u2013 and here are some key benefits:<\/p>\n\n\n\n<ul class=\"wp-block-list\">\n<li><strong>Efficacit\u00e9 de production accrue\u00a0:<\/strong> Automation technologies streamline manufacturing processes, significantly reducing production times and increasing throughput.\u00a0<\/li>\n\n\n\n<li><strong>R\u00e9duction des co\u00fbts:<\/strong> Businesses can achieve substantial cost savings by <a href=\"https:\/\/www.sisinternational.com\/fr\/solutions\/ai-etudes-de-marche-et-conseil-en-strategie\/automatisation-des-ressources-naturelles-minieres-conseil-en-intelligence-artificielle\/\" title=\"Automatisation des mines et des ressources naturelles et conseil en IA\"  data-wpil-monitor-id=\"5514\">automating routine tasks and optimizing resource<\/a> use. Reduced waste, lower energy consumption, and optimized supply chain operations contribute to lowering overall operational expenses.<\/li>\n\n\n\n<li><strong>Qualit\u00e9 du produit am\u00e9lior\u00e9e\u00a0:<\/strong> L&#039;automatisation garantit une qualit\u00e9 constante des produits en minimisant les erreurs humaines et en maintenant un contr\u00f4le pr\u00e9cis sur les param\u00e8tres de production. L\u2019IA peut \u00e9galement contribuer aux processus d\u2019inspection de la qualit\u00e9, en identifiant les d\u00e9fauts que l\u2019\u0153il humain pourrait ignorer.<\/li>\n\n\n\n<li><strong>Durabilit\u00e9 am\u00e9lior\u00e9e\u00a0:<\/strong> Paper, pulp, and forest products <a href=\"https:\/\/www.sisinternational.com\/fr\/solutions\/ai-etudes-de-marche-et-conseil-en-strategie\/conseil-en-intelligence-artificielle-pour-lautomatisation-des-jeux-en-ligne\/\" title=\"Conseil en automatisation des jeux en ligne et intelligence artificielle\"  data-wpil-monitor-id=\"1724\">automation and artificial intelligence consulting<\/a> enable more sustainable practices by optimizing raw materials and energy use.<\/li>\n\n\n\n<li><strong>Innovation et d\u00e9veloppement de produits\u00a0:<\/strong> L&#039;analyse de march\u00e9 bas\u00e9e sur l&#039;IA et le traitement des commentaires des clients peuvent stimuler l&#039;innovation, aidant les entreprises \u00e0 d\u00e9velopper de nouveaux produits ou \u00e0 am\u00e9liorer ceux existants pour r\u00e9pondre \u00e0 l&#039;\u00e9volution des demandes du march\u00e9.<\/li>\n<\/ul>\n\n\n\n<h2 class=\"wp-block-heading\">Expected Results of Paper, pulp, and forest products automation and artificial intelligence consulting<\/h2>\n\n\n\n<p>Implementing automation and AI in the paper, pulp, and forest products industry, lead to significant transformative outcomes. These results reflect operational improvements and strategic advantages that position businesses for long-term success.<\/p>\n\n\n\n<p>Here are the expected results from engaging in paper, pulp, and forest <a href=\"https:\/\/www.sisinternational.com\/fr\/solutions\/ai-etudes-de-marche-et-conseil-en-strategie\/automatisation-des-produits-de-soins-personnels-conseil-en-ia\/\" title=\"Automatisation des produits de soins personnels et conseil en IA\"  data-wpil-monitor-id=\"2477\">products automation and AI consulting<\/a>:<\/p>\n\n\n\n<ul class=\"wp-block-list\">\n<li>Am\u00e9lioration de l&#039;efficacit\u00e9 op\u00e9rationnelle et de la productivit\u00e9 en automatisant les processus de routine et \u00e0 forte intensit\u00e9 de main d&#039;\u0153uvre, ce qui entra\u00eene des temps de production plus rapides et une r\u00e9duction des co\u00fbts op\u00e9rationnels.<\/li>\n\n\n\n<li>Une qualit\u00e9 et une coh\u00e9rence des produits sup\u00e9rieures, obtenues en tirant parti de l\u2019automatisation pour un contr\u00f4le pr\u00e9cis des processus de fabrication et de l\u2019IA pour la surveillance et les ajustements de la qualit\u00e9 en temps r\u00e9el.<\/li>\n\n\n\n<li>Des am\u00e9liorations significatives en mati\u00e8re de durabilit\u00e9, notamment une r\u00e9duction des d\u00e9chets, une utilisation optimis\u00e9e des ressources et une consommation d&#039;\u00e9nergie r\u00e9duite, contribuent \u00e0 la conservation de l&#039;environnement et \u00e0 la conformit\u00e9 r\u00e9glementaire.<\/li>\n\n\n\n<li>Des cha\u00eenes d&#039;approvisionnement plus efficaces et r\u00e9silientes, pilot\u00e9es par l&#039;analyse de l&#039;IA pour la pr\u00e9vision de la demande, la gestion des stocks et l&#039;optimisation de la logistique, ce qui entra\u00eene une r\u00e9duction des co\u00fbts et une am\u00e9lioration de la satisfaction des clients.<\/li>\n\n\n\n<li>Innovation acc\u00e9l\u00e9r\u00e9e et r\u00e9activit\u00e9 am\u00e9lior\u00e9e du march\u00e9, avec des informations bas\u00e9es sur l&#039;IA sur les pr\u00e9f\u00e9rences des clients et les tendances du march\u00e9 qui \u00e9clairent le d\u00e9veloppement de produits et la prise de d\u00e9cision strat\u00e9gique.<\/li>\n\n\n\n<li>Une main-d&#039;\u0153uvre plus s\u00fbre et plus autonome, \u00e0 mesure que l&#039;automatisation prend en charge les t\u00e2ches dangereuses et que les employ\u00e9s sont red\u00e9ploy\u00e9s vers des r\u00f4les \u00e0 plus forte valeur ajout\u00e9e, am\u00e9liorant ainsi la satisfaction au travail et la productivit\u00e9.<\/li>\n\n\n\n<li>Un avantage concurrentiel renforc\u00e9 sur le march\u00e9, car les entreprises qui adoptent l\u2019automatisation et l\u2019IA sont mieux plac\u00e9es pour proposer des produits innovants, r\u00e9pondre aux demandes des clients et fonctionner de mani\u00e8re plus durable et plus efficace.<\/li>\n<\/ul>\n\n\n\n<h2 class=\"wp-block-heading\">Technologies We Leverage in This Consulting<\/h2>\n\n\n\n<figure class=\"gb-block-image gb-block-image-48d2750a\"><img loading=\"lazy\" decoding=\"async\" width=\"1456\" height=\"816\" class=\"gb-image gb-image-48d2750a\" src=\"https:\/\/www.sisinternational.com\/wp-content\/uploads\/2025\/10\/Forest-Products-Automatio-3.jpg\" alt=\"\u00c9tudes de march\u00e9 et strat\u00e9gie internationales SIS\" title=\"Forest Products Automatio (3)\" srcset=\"https:\/\/www.sisinternational.com\/wp-content\/uploads\/2025\/10\/Forest-Products-Automatio-3.jpg 1456w, https:\/\/www.sisinternational.com\/wp-content\/uploads\/2025\/10\/Forest-Products-Automatio-3-300x168.jpg 300w, https:\/\/www.sisinternational.com\/wp-content\/uploads\/2025\/10\/Forest-Products-Automatio-3-1024x574.jpg 1024w, https:\/\/www.sisinternational.com\/wp-content\/uploads\/2025\/10\/Forest-Products-Automatio-3-768x430.jpg 768w, https:\/\/www.sisinternational.com\/wp-content\/uploads\/2025\/10\/Forest-Products-Automatio-3-18x10.jpg 18w\" sizes=\"auto, (max-width: 1456px) 100vw, 1456px\"><\/figure>\n\n\n\n<p><\/p>\n\n\n\n<p>In paper, pulp, and forest products automation and <a href=\"https:\/\/www.sisinternational.com\/fr\/solutions\/ai-etudes-de-marche-et-conseil-en-strategie\/conseil-en-intelligence-artificielle-en-voyage\/\" title=\"Conseil en Intelligence Artificielle en Voyage\"  data-wpil-monitor-id=\"1916\">artificial intelligence consulting<\/a>, SIS harnesses advanced technologies and tools. These are designed to address the industry&#8217;s unique challenges, enhancing operational efficiency, product quality, and environmental sustainability.<\/p>\n\n\n\n<p>Here\u2019s an overview of the technologies and methodologies SIS typically leverages:<\/p>\n\n\n\n<ul class=\"wp-block-list\">\n<li><strong>Syst\u00e8mes d\u2019IA de contr\u00f4le qualit\u00e9\u00a0:<\/strong> Les syst\u00e8mes d&#039;IA avanc\u00e9s surveillent la qualit\u00e9 des produits en temps r\u00e9el, identifiant les \u00e9carts par rapport aux normes et permettant des corrections imm\u00e9diates, garantissant ainsi une qualit\u00e9 de produit constante.<\/li>\n\n\n\n<li><strong>Outils d&#039;analyse et de visualisation de donn\u00e9es\u00a0:<\/strong> En regroupant et en analysant des donn\u00e9es provenant de diverses sources, ces outils fournissent des informations exploitables sur les performances op\u00e9rationnelles, les tendances du march\u00e9 et les pr\u00e9f\u00e9rences des clients, favorisant ainsi une prise de d\u00e9cision \u00e9clair\u00e9e.<\/li>\n\n\n\n<li><strong>Syst\u00e8mes automatis\u00e9s de manutention des mat\u00e9riaux\u00a0:<\/strong> Les technologies de robotique et d&#039;automatisation am\u00e9liorent l&#039;efficacit\u00e9 et la s\u00e9curit\u00e9 des processus de manutention, de la collecte des mati\u00e8res premi\u00e8res \u00e0 l&#039;emballage des produits finis.<\/li>\n\n\n\n<li><strong>Blockchain pour la transparence de la cha\u00eene d&#039;approvisionnement\u00a0:<\/strong> La technologie Blockchain cr\u00e9e des enregistrements transparents et s\u00e9curis\u00e9s sur l&#039;origine, la transformation et la distribution des produits, am\u00e9liorant ainsi la tra\u00e7abilit\u00e9 et la confiance des consommateurs.<\/li>\n<\/ul>\n\n\n\n<h2 class=\"wp-block-heading\">Why Engage with SIS International&#8217;s Paper, pulp, and forest products automation and artificial intelligence consulting<\/h2>\n\n\n\n<p>Le <a href=\"https:\/\/www.linkedin.com\/company\/sisinternationalresearch\/\" target=\"_blank\" rel=\"noopener\">SIS International<\/a> approach to paper, pulp, and forest products automation and artificial intelligence consulting has a holistic, strategic, and client-centric methodology. This approach ensures that clients not only navigate the transition toward automation and AI effectively but also harness these technologies to drive innovation, efficiency, and sustainability. Here&#8217;s an in-depth look at the SIS approach:<\/p>\n\n\n\n<ul class=\"wp-block-list\">\n<li><strong>Solutions personnalis\u00e9es\u00a0:<\/strong> Understanding that each business faces unique challenges and opportunities, SIS begins with a comprehensive assessment of the client&#8217;s current operations, market position, and strategic goals.<\/li>\n\n\n\n<li><strong>Tirer parti des technologies avanc\u00e9es\u00a0:<\/strong> With expertise in the latest automation and AI technologies, SIS advises clients on the most effective tools and systems to enhance their operations.\u00a0<\/li>\n\n\n\n<li><strong>Pratiques durables\u00a0:<\/strong> Un \u00e9l\u00e9ment cl\u00e9 de l\u2019approche SIS est la durabilit\u00e9. En optimisant l&#039;utilisation des ressources et en r\u00e9duisant les d\u00e9chets gr\u00e2ce \u00e0 l&#039;automatisation et \u00e0 l&#039;IA, SIS aide ses clients \u00e0 am\u00e9liorer leur empreinte environnementale et \u00e0 atteindre une plus grande efficacit\u00e9 op\u00e9rationnelle.<\/li>\n\n\n\n<li><strong>Analyses perspicaces\u00a0:<\/strong> SIS provides clients with actionable insights into their operations, market trends, and customer preferences. It enables more informed decision-making and strategic planning.<\/li>\n\n\n\n<li><strong>Accompagner la transition\u00a0:<\/strong> Recognizing the impact of automation and AI on the workforce, SIS offers guidance on workforce development and change management.\u00a0<\/li>\n\n\n\n<li><strong>Support en cours:<\/strong> Beyond initial implementation, SIS provides continuing support and advice to clients, fostering continuous improvement and innovation.\u00a0<\/li>\n\n\n\n<li><strong>Relever les d\u00e9fis r\u00e9glementaires\u00a0:<\/strong> SIS aide ses clients \u00e0 naviguer dans le paysage r\u00e9glementaire complexe de l&#039;industrie du papier, de la p\u00e2te \u00e0 papier et des produits forestiers, en garantissant que les initiatives d&#039;automatisation et d&#039;IA sont conformes \u00e0 toutes les r\u00e9glementations et normes pertinentes.<\/li>\n<\/ul>\n\n\n\n<div class=\"is-root-container is-desktop-preview is-layout-flow wp-block-post-content block-editor-block-list__layout\" spellcheck=\"false\">\n<div id=\"block-37fdf129-2515-4c97-9c3a-bd8432dd582f\" class=\"block-editor-block-list__block wp-block is-selected wp-block-freeform is-hovered\" tabindex=\"0\" role=\"document\" aria-label=\"Bloc: Classique\" data-block=\"37fdf129-2515-4c97-9c3a-bd8432dd582f\" data-type=\"core\/freeform\" data-title=\"Classic\">\n<div id=\"editor-37fdf129-2515-4c97-9c3a-bd8432dd582f\" class=\"wp-block-freeform block-library-rich-text__tinymce mce-content-body html5-captions mce-edit-focus\" style=\"position: relative;\" contenteditable=\"true\">\n<h2>Notre emplacement \u00e0 New York<\/h2>\n<p>  <iframe loading=\"lazy\" src=\"https:\/\/www.google.com\/maps\/embed?pb=!1m18!1m12!1m3!1d3022.976188376966!2d-73.99130312499956!3d40.740549471389315!2m3!1f0!2f0!3f0!3m2!1i1024!2i768!4f13.1!3m3!1m2!1s0x89c259a15798c731%3A0xd695d09bdd495f25!2s11%20E%2022nd%20St%20FL%202%2C%20New%20York%2C%20NY%2010010%2C%20USA!5e0!3m2!1sen!2spe!4v1726171763526!5m2!1sen!2spe\" width=\"600\" height=\"450\" allowfullscreen=\"allowfullscreen\" data-mce-fragment=\"1\"><\/iframe>  <\/p>\n<h3 class=\"wp-block-heading\">11 E 22nd Street, \u00e9tage 2, New York, NY 10010 T\u00e9l. : +1(212) 505-6805<\/h3>\n<hr>\n<h2><span style=\"font-weight: 400;\">\u00c0 propos de SIS International<\/span><\/h2>\n<p><a href=\"https:\/\/www.sisinternational.com\/fr\/\"><span style=\"font-weight: 400;\">SIS International<\/span><\/a><span style=\"font-weight: 400;\"> propose des recherches quantitatives, qualitatives et strat\u00e9giques. Nous fournissons des donn\u00e9es, des outils, des strat\u00e9gies, des rapports et des informations pour la prise de d\u00e9cision. Nous menons \u00e9galement des entretiens, des enqu\u00eates, des groupes de discussion et d\u2019autres m\u00e9thodes et approches d\u2019\u00e9tudes de march\u00e9.<\/span><a href=\"https:\/\/www.sisinternational.com\/fr\/a-propos-de-la-recherche-internationale-sis\/contact-sis-international-market-research\/\"><span style=\"font-weight: 400;\"> Contactez nous<\/span><\/a><span style=\"font-weight: 400;\"> pour votre prochain projet d&#039;\u00e9tude de march\u00e9.<\/span><\/p>\n<hr><\/div>\n<\/div>\n<\/div>\n\n\n\n<p><\/p>\n\n\n\n<p><\/p>","protected":false},"excerpt":{"rendered":"<p>Conseil en automatisation des produits forestiers et en intelligence artificielle Aidez les entreprises \u00e0 passer \u00e0 des op\u00e9rations efficaces et rentables.<\/p>","protected":false},"author":1,"featured_media":71632,"parent":44406,"menu_order":69,"comment_status":"closed","ping_status":"closed","template":"","meta":{"footnotes":""},"class_list":["post-46169","page","type-page","status-publish","has-post-thumbnail"],"_links":{"self":[{"href":"https:\/\/www.sisinternational.com\/fr\/wp-json\/wp\/v2\/pages\/46169","targetHints":{"allow":["GET"]}}],"collection":[{"href":"https:\/\/www.sisinternational.com\/fr\/wp-json\/wp\/v2\/pages"}],"about":[{"href":"https:\/\/www.sisinternational.com\/fr\/wp-json\/wp\/v2\/types\/page"}],"author":[{"embeddable":true,"href":"https:\/\/www.sisinternational.com\/fr\/wp-json\/wp\/v2\/users\/1"}],"replies":[{"embeddable":true,"href":"https:\/\/www.sisinternational.com\/fr\/wp-json\/wp\/v2\/comments?post=46169"}],"version-history":[{"count":24,"href":"https:\/\/www.sisinternational.com\/fr\/wp-json\/wp\/v2\/pages\/46169\/revisions"}],"predecessor-version":[{"id":79281,"href":"https:\/\/www.sisinternational.com\/fr\/wp-json\/wp\/v2\/pages\/46169\/revisions\/79281"}],"up":[{"embeddable":true,"href":"https:\/\/www.sisinternational.com\/fr\/wp-json\/wp\/v2\/pages\/44406"}],"wp:featuredmedia":[{"embeddable":true,"href":"https:\/\/www.sisinternational.com\/fr\/wp-json\/wp\/v2\/media\/71632"}],"wp:attachment":[{"href":"https:\/\/www.sisinternational.com\/fr\/wp-json\/wp\/v2\/media?parent=46169"}],"curies":[{"name":"wp","href":"https:\/\/api.w.org\/{rel}","templated":true}]}}