{"id":46128,"date":"2024-02-19T14:57:00","date_gmt":"2024-02-19T19:57:00","guid":{"rendered":"https:\/\/www.sisinternational.com\/?page_id=46128"},"modified":"2026-01-26T18:52:10","modified_gmt":"2026-01-26T23:52:10","slug":"conseil-en-strategie-ia","status":"publish","type":"page","link":"https:\/\/www.sisinternational.com\/fr\/solutions\/ai-etudes-de-marche-et-conseil-en-strategie\/conseil-en-strategie-ia\/","title":{"rendered":"Conseil en strat\u00e9gie d&#039;IA"},"content":{"rendered":"<h1 class=\"wp-block-heading\">Conseil en strat\u00e9gie d&#039;IA<\/h1>\n\n\n\n<figure class=\"gb-block-image gb-block-image-b5080a15\"><img loading=\"lazy\" decoding=\"async\" width=\"1456\" height=\"816\" class=\"gb-image gb-image-b5080a15\" src=\"https:\/\/www.sisinternational.com\/wp-content\/uploads\/2025\/10\/AI-Strategy-Consulting-2.jpg\" alt=\"\u00c9tudes de march\u00e9 et strat\u00e9gie internationales SIS\" title=\"AI Strategy Consulting (2)\" srcset=\"https:\/\/www.sisinternational.com\/wp-content\/uploads\/2025\/10\/AI-Strategy-Consulting-2.jpg 1456w, https:\/\/www.sisinternational.com\/wp-content\/uploads\/2025\/10\/AI-Strategy-Consulting-2-300x168.jpg 300w, https:\/\/www.sisinternational.com\/wp-content\/uploads\/2025\/10\/AI-Strategy-Consulting-2-1024x574.jpg 1024w, https:\/\/www.sisinternational.com\/wp-content\/uploads\/2025\/10\/AI-Strategy-Consulting-2-768x430.jpg 768w, https:\/\/www.sisinternational.com\/wp-content\/uploads\/2025\/10\/AI-Strategy-Consulting-2-18x10.jpg 18w\" sizes=\"auto, (max-width: 1456px) 100vw, 1456px\"><\/figure>\n\n\n\n<p><\/p>\n\n\n\n<hr class=\"wp-block-separator has-alpha-channel-opacity\"\/>\n\n\n\n<p>In an era where AI is reshaping the competitive landscape, businesses that fail to integrate AI into their strategic planning find themselves at a disadvantage\u2026 So, how can organizations harness AI&#8217;s transformative power to survive and thrive in this new era? AI strategy consulting delivers a roadmap for integrating AI technologies that align with business objectives and drive innovation \u2013 and ensures that AI initiatives are not siloed tech projects but integral elements of a holistic business strategy.<\/p>\n\n\n\n<h2 class=\"wp-block-heading\">What Is AI Strategy Consulting? Why Is It Important?<\/h2>\n\n\n\n<figure class=\"wp-block-image\"><img decoding=\"async\" src=\"https:\/\/www.sisinternational.com\/wp-content\/uploads\/2025\/06\/AI-9.jpg\" alt=\"\u00c9tudes de march\u00e9 et strat\u00e9gie internationales SIS\" class=\"wp-image-60063\"><\/figure>\n\n\n\n<p><\/p>\n\n\n\n<p>AI strategy consulting helps businesses navigate the complexities of AI integration, ensuring that technology investments align with business goals. It&#8217;s about transforming organizational processes, culture, and capabilities to leverage AI&#8217;s full potential. It equips companies with a clear vision and roadmap for AI adoption, ensuring that technological investments are innovative, strategic, and aligned with long-term goals. This foresight is essential in avoiding the common pitfall of investing in AI technologies without clearly understanding their potential impact on the business.<\/p>\n\n\n\n<p>De plus, la complexit\u00e9 des technologies d\u2019IA et le rythme rapide de la transformation num\u00e9rique exigent des connaissances et une expertise sp\u00e9cialis\u00e9es. Le conseil en strat\u00e9gie d&#039;IA offre l&#039;acc\u00e8s \u00e0 des experts capables de relever les d\u00e9fis techniques et strat\u00e9giques de l&#039;int\u00e9gration de l&#039;IA, de la gouvernance des donn\u00e9es et du d\u00e9veloppement de mod\u00e8les aux consid\u00e9rations \u00e9thiques et \u00e0 la conformit\u00e9 r\u00e9glementaire. Cette expertise est inestimable pour att\u00e9nuer les risques, acc\u00e9l\u00e9rer la mise en \u0153uvre et maximiser le retour sur investissement des projets d\u2019IA.<\/p>\n\n\n\n<p>Le conseil en strat\u00e9gie en IA favorise \u00e9galement une culture de l\u2019innovation au sein des organisations. En impliquant des \u00e9quipes interfonctionnelles dans le d\u00e9veloppement et l\u2019ex\u00e9cution de strat\u00e9gies d\u2019IA, les entreprises peuvent encourager la collaboration, le partage des connaissances et un \u00e9tat d\u2019esprit ax\u00e9 sur l\u2019am\u00e9lioration continue et l\u2019innovation. Dans tous les cas, cela pr\u00e9sente de nombreux autres avantages pour les entreprises, notamment :<\/p>\n\n\n\n<ul class=\"wp-block-list\">\n<li><strong>Avantage comp\u00e9titif:<\/strong> Les entreprises peuvent obtenir un avantage significatif sur leurs concurrents en tirant parti de l\u2019IA pour optimiser leurs op\u00e9rations, am\u00e9liorer l\u2019exp\u00e9rience client et innover en mati\u00e8re de produits et services.<\/li>\n\n\n\n<li><strong>Gestion des risques:<\/strong> Le conseil en strat\u00e9gie d&#039;IA aide les entreprises \u00e0 g\u00e9rer ces complexit\u00e9s, en garantissant le respect des r\u00e9glementations, une utilisation \u00e9thique de l&#039;IA et des pratiques solides de gouvernance des donn\u00e9es.<\/li>\n\n\n\n<li><strong>Innovation et croissance\u00a0:<\/strong> Le conseil en strat\u00e9gie en IA favorise une culture d\u2019innovation au sein des organisations, en encourageant l\u2019exploration de nouvelles id\u00e9es et l\u2019adoption de technologies de pointe. Cette culture est essentielle pour soutenir la croissance, s&#039;adapter aux changements du march\u00e9 et cr\u00e9er de nouvelles propositions de valeur qui r\u00e9pondent aux besoins changeants des clients.<\/li>\n\n\n\n<li><strong>Prise de d\u00e9cision am\u00e9lior\u00e9e\u00a0:<\/strong> Les entreprises peuvent prendre des d\u00e9cisions plus \u00e9clair\u00e9es et bas\u00e9es sur les donn\u00e9es en exploitant la puissance de l&#039;IA pour l&#039;analyse des donn\u00e9es et l&#039;analyse pr\u00e9dictive. Des guides de conseil en strat\u00e9gie d\u2019IA int\u00e9grant des outils d\u2019IA qui fournissent des informations exploitables, am\u00e9liorant ainsi le processus de prise de d\u00e9cision strat\u00e9gique.<\/li>\n\n\n\n<li><strong>Solutions personnalis\u00e9es\u00a0:<\/strong> Le conseil en strat\u00e9gie d&#039;IA propose des solutions sur mesure qui r\u00e9pondent aux besoins sp\u00e9cifiques de l&#039;entreprise, garantissant ainsi que les initiatives d&#039;IA sont efficaces et \u00e9volutives.<\/li>\n<\/ul>\n\n\n\n<h2 class=\"wp-block-heading\">Who benefits from AI Strategy Consulting<\/h2>\n\n\n\n<figure class=\"gb-block-image gb-block-image-d743a8e3\"><img loading=\"lazy\" decoding=\"async\" width=\"1456\" height=\"816\" class=\"gb-image gb-image-d743a8e3\" src=\"https:\/\/www.sisinternational.com\/wp-content\/uploads\/2025\/10\/AI-Strategy-Consulting-1.jpg\" alt=\"\u00c9tudes de march\u00e9 et strat\u00e9gie internationales SIS\" title=\"AI Strategy Consulting (1)\" srcset=\"https:\/\/www.sisinternational.com\/wp-content\/uploads\/2025\/10\/AI-Strategy-Consulting-1.jpg 1456w, https:\/\/www.sisinternational.com\/wp-content\/uploads\/2025\/10\/AI-Strategy-Consulting-1-300x168.jpg 300w, https:\/\/www.sisinternational.com\/wp-content\/uploads\/2025\/10\/AI-Strategy-Consulting-1-1024x574.jpg 1024w, https:\/\/www.sisinternational.com\/wp-content\/uploads\/2025\/10\/AI-Strategy-Consulting-1-768x430.jpg 768w, https:\/\/www.sisinternational.com\/wp-content\/uploads\/2025\/10\/AI-Strategy-Consulting-1-18x10.jpg 18w\" sizes=\"auto, (max-width: 1456px) 100vw, 1456px\"><\/figure>\n\n\n\n<p><\/p>\n\n\n\n<p>Le conseil en strat\u00e9gie en IA ne se limite pas \u00e0 un secteur ou une industrie sp\u00e9cifique ; son applicabilit\u00e9 s&#039;\u00e9tend \u00e0 un large \u00e9ventail d&#039;entreprises, des startups aux soci\u00e9t\u00e9s multinationales \u2013 et voici de plus pr\u00e8s qui utilise le conseil en strat\u00e9gie en IA et pourquoi il est devenu une ressource indispensable.<\/p>\n\n\n\n<ul class=\"wp-block-list\">\n<li><strong>Grandes entreprises\u00a0:<\/strong> Le conseil en strat\u00e9gie d&#039;IA aide ces organisations \u00e0 exploiter l&#039;IA pour automatiser les processus, am\u00e9liorer la prise de d\u00e9cision et cr\u00e9er de nouveaux mod\u00e8les commerciaux, garantissant ainsi qu&#039;elles restent agiles et comp\u00e9titives sur des march\u00e9s en \u00e9volution rapide.<\/li>\n\n\n\n<li><strong>Startups et scale-ups\u00a0:<\/strong> L&#039;agilit\u00e9 et l&#039;innovation sont essentielles pour les startups et les scale-ups qui souhaitent bouleverser les march\u00e9s traditionnels ou se tailler de nouvelles niches. Le conseil en strat\u00e9gie d&#039;IA leur permet d&#039;exploiter les technologies d&#039;IA d\u00e8s le d\u00e9part, en int\u00e9grant l&#039;intelligence et l&#039;efficacit\u00e9 dans leurs op\u00e9rations, produits et services, acc\u00e9l\u00e9rant ainsi la croissance et attirant les investissements.<\/li>\n\n\n\n<li><strong>Organisations du secteur public\u00a0:<\/strong> Government agencies and entities are turning to AI strategy consulting to improve service delivery, enhance public welfare programs, and optimize resource management.<\/li>\n\n\n\n<li><strong>Les fournisseurs de soins de sant\u00e9:<\/strong> Le <a href=\"https:\/\/www.sisinternational.com\/fr\/solutions\/conseil-en-blockchain-sis\/blockchain-dans-le-conseil-en-strategie-de-sante\/\" title=\"Blockchain dans le conseil en strat\u00e9gie de sant\u00e9\"  data-wpil-monitor-id=\"6424\">healthcare sector benefits from AI strategy consulting<\/a> by integrating AI into diagnostics, patient care, and operational efficiency. AI can help analyze vast amounts of data for better patient outcomes, personalized treatment plans, and streamlined administrative processes, improving the quality and accessibility of healthcare services.<\/li>\n\n\n\n<li><strong>Services financiers:<\/strong> L\u2019IA permet \u00e0 ces entreprises d\u2019am\u00e9liorer la gestion des risques, la d\u00e9tection des fraudes, le service client et la personnalisation, garantissant ainsi qu\u2019elles r\u00e9pondent aux attentes changeantes de leurs clients.<\/li>\n\n\n\n<li><strong>Fabrication et cha\u00eene d&#039;approvisionnement\u00a0:<\/strong> Le conseil en strat\u00e9gie d\u2019IA est essentiel pour optimiser les processus de production, am\u00e9liorer le contr\u00f4le qualit\u00e9 et am\u00e9liorer la visibilit\u00e9 de la cha\u00eene d\u2019approvisionnement. Les technologies d\u2019IA permettent la maintenance pr\u00e9dictive, la pr\u00e9vision de la demande et la prise de d\u00e9cision en temps r\u00e9el, am\u00e9liorant ainsi l\u2019efficacit\u00e9 et la r\u00e9silience des op\u00e9rations.<\/li>\n\n\n\n<li><strong>Vente au d\u00e9tail et commerce \u00e9lectronique\u00a0:<\/strong> Le conseil en strat\u00e9gie d&#039;IA aide les entreprises de vente au d\u00e9tail et les plateformes de commerce \u00e9lectronique \u00e0 personnaliser l&#039;exp\u00e9rience client, \u00e0 optimiser la gestion des stocks et \u00e0 mettre en \u0153uvre des solutions logistiques efficaces.<\/li>\n<\/ul>\n\n\n\n<h2 class=\"wp-block-heading\">When to Engage in AI Strategy Consulting<\/h2>\n\n\n\n<figure class=\"wp-block-image\"><img decoding=\"async\" src=\"https:\/\/www.sisinternational.com\/wp-content\/uploads\/2025\/06\/AI-43.jpg\" alt=\"\u00c9tudes de march\u00e9 et strat\u00e9gie internationales SIS\" class=\"wp-image-60058\"><\/figure>\n\n\n\n<p><\/p>\n\n\n\n<p>Le conseil en strat\u00e9gie d\u2019IA est un processus continu qui s\u2019aligne sur la nature \u00e9volutive des objectifs commerciaux et des avanc\u00e9es technologiques. Reconna\u00eetre les bons moments pour investir dans le conseil en strat\u00e9gie d\u2019IA peut am\u00e9liorer consid\u00e9rablement son efficacit\u00e9 et son impact sur les r\u00e9sultats commerciaux.<\/p>\n\n\n\n<ul class=\"wp-block-list\">\n<li><strong>En avance sur les investissements technologiques majeurs\u00a0:<\/strong> Avant de s\u2019engager dans des investissements importants dans la technologie ou l\u2019infrastructure, consulter des strat\u00e8ges en IA peut aider \u00e0 identifier les opportunit\u00e9s d\u2019IA les plus int\u00e9ressantes et \u00e0 \u00e9viter des faux pas co\u00fbteux. Cette approche proactive garantit que les investissements technologiques sont strat\u00e9giques, cibl\u00e9s et capables de produire les r\u00e9sultats souhait\u00e9s.<\/li>\n\n\n\n<li><strong>En r\u00e9ponse aux pressions concurrentielles\u00a0:<\/strong> When competitors gain an edge through AI and technological innovation, AI strategy <a href=\"https:\/\/www.sisinternational.com\/fr\/solutions\/conseil-en-strategie\/planification-dun-scenario\/\" title=\"Conseil en strat\u00e9gie de planification de sc\u00e9narios\"  data-wpil-monitor-id=\"7102\">consultant<\/a> can provide the insights and action plans needed to close the competitive gap and reposition your business as an industry leader.<\/li>\n\n\n\n<li><strong>Face \u00e0 des inefficacit\u00e9s op\u00e9rationnelles\u00a0:<\/strong> Si des goulots d&#039;\u00e9tranglement op\u00e9rationnels ou des inefficacit\u00e9s entravent la croissance ou la satisfaction des clients, le conseil en strat\u00e9gie d&#039;IA peut identifier les processus pr\u00eats \u00e0 \u00eatre automatis\u00e9s ou am\u00e9lior\u00e9s, favorisant ainsi l&#039;efficacit\u00e9 et am\u00e9liorant les performances.<\/li>\n\n\n\n<li><strong>Pour capitaliser sur de nouvelles opportunit\u00e9s de march\u00e9\u00a0:<\/strong> Ce conseil peut d\u00e9couvrir comment les technologies d&#039;IA peuvent ouvrir de nouveaux march\u00e9s, cr\u00e9er de nouvelles offres de produits ou red\u00e9finir les exp\u00e9riences client, garantissant ainsi aux entreprises de rester \u00e0 l&#039;avant-garde de leur secteur.<\/li>\n<\/ul>\n\n\n\n<h2 class=\"wp-block-heading\">AI Strategy Consulting with SIS International&nbsp;<\/h2>\n\n\n\n<figure class=\"gb-block-image gb-block-image-7b86b78c\"><img loading=\"lazy\" decoding=\"async\" width=\"1456\" height=\"816\" class=\"gb-image gb-image-7b86b78c\" src=\"https:\/\/www.sisinternational.com\/wp-content\/uploads\/2025\/10\/AI-Strategy-Consulting-3.jpg\" alt=\"\u00c9tudes de march\u00e9 et strat\u00e9gie internationales SIS\" title=\"AI Strategy Consulting (3)\" srcset=\"https:\/\/www.sisinternational.com\/wp-content\/uploads\/2025\/10\/AI-Strategy-Consulting-3.jpg 1456w, https:\/\/www.sisinternational.com\/wp-content\/uploads\/2025\/10\/AI-Strategy-Consulting-3-300x168.jpg 300w, https:\/\/www.sisinternational.com\/wp-content\/uploads\/2025\/10\/AI-Strategy-Consulting-3-1024x574.jpg 1024w, https:\/\/www.sisinternational.com\/wp-content\/uploads\/2025\/10\/AI-Strategy-Consulting-3-768x430.jpg 768w, https:\/\/www.sisinternational.com\/wp-content\/uploads\/2025\/10\/AI-Strategy-Consulting-3-18x10.jpg 18w\" sizes=\"auto, (max-width: 1456px) 100vw, 1456px\"><\/figure>\n\n\n\n<p><\/p>\n\n\n\n<p>\u00c0 <a href=\"https:\/\/www.linkedin.com\/company\/sisinternationalresearch\/\" target=\"_blank\" rel=\"noopener\">SIS International<\/a>, AI strategy consulting is more than just a service; it&#8217;s a partnership. We work closely with our clients to understand their unique challenges, opportunities, and objectives. This deep understanding forms the foundation of our approach, enabling us to tailor AI strategies that are not only innovative but also practical and impactful.<\/p>\n\n\n\n<ul class=\"wp-block-list\">\n<li><strong>Analyse approfondie de l\u2019industrie\u00a0:<\/strong> Notre approche commence par une analyse approfondie du secteur d&#039;activit\u00e9 du client, y compris la dynamique concurrentielle, l&#039;environnement r\u00e9glementaire et les tendances \u00e9mergentes. Cela garantit que nos strat\u00e9gies d\u2019IA s\u2019appuient sur une compr\u00e9hension approfondie du paysage du march\u00e9 et sont con\u00e7ues pour tirer parti des opportunit\u00e9s sp\u00e9cifiques du secteur.<\/li>\n\n\n\n<li><strong>D\u00e9veloppement d\u2019une feuille de route d\u2019IA personnalis\u00e9e\u00a0:<\/strong> En tirant parti des informations issues de l\u2019analyse du secteur, nous collaborons avec nos clients pour d\u00e9velopper une feuille de route IA personnalis\u00e9e. Cette feuille de route d\u00e9crit les initiatives strat\u00e9giques d&#039;IA, les calendriers et les jalons, garantissant une voie claire pour l&#039;int\u00e9gration de l&#039;IA qui s&#039;aligne sur les objectifs strat\u00e9giques du client.<\/li>\n\n\n\n<li><strong>Engagement et alignement des parties prenantes\u00a0:<\/strong> L\u2019approche SIS comprend un engagement \u00e9tendu des parties prenantes. Nous nous effor\u00e7ons d&#039;aligner les dirigeants, les \u00e9quipes informatiques et le personnel op\u00e9rationnel autour de la strat\u00e9gie d&#039;IA, en favorisant une culture de collaboration et d&#039;innovation.<\/li>\n\n\n\n<li><strong>Cadre \u00e9thique d\u2019IA et de gouvernance\u00a0:<\/strong> Ethical considerations and data governance are at the heart of our <a href=\"https:\/\/www.sisinternational.com\/fr\/competence\/les-industries\/conseil-en-visualisation-de-donnees\/\" title=\"Conseil en visualisation de donn\u00e9es\" data-wpil-monitor-id=\"5833\">AI strategy consulting<\/a>. We help clients develop frameworks that ensure AI is used responsibly and that data privacy and security are prioritized, aligning with regulatory requirements and ethical standards.<\/li>\n\n\n\n<li><strong>Prise en charge et mise \u00e0 l\u2019\u00e9chelle de la mise en \u0153uvre\u00a0:<\/strong> Notre partenariat s&#039;\u00e9tend au-del\u00e0 du d\u00e9veloppement de strat\u00e9gies pour soutenir la mise en \u0153uvre et la mise \u00e0 l&#039;\u00e9chelle des initiatives d&#039;IA. Nous fournissons des conseils et une expertise continus pour garantir que les projets d\u2019IA sont ex\u00e9cut\u00e9s avec succ\u00e8s et peuvent \u00e9voluer en fonction de la croissance de l\u2019entreprise.<\/li>\n\n\n\n<li><strong>Mesure et am\u00e9lioration continue\u00a0:<\/strong> Notre approche met l\u2019accent sur la mesure des r\u00e9sultats et sur la promotion de l\u2019am\u00e9lioration continue. Nous aidons nos clients \u00e0 \u00e9tablir des mesures de r\u00e9ussite et \u00e0 mettre en \u0153uvre des processus pour l\u2019\u00e9valuation et le perfectionnement continus des initiatives d\u2019IA.<\/li>\n<\/ul>\n\n\n\n<h2 class=\"wp-block-heading\">Notre emplacement \u00e0 New York<\/h2>\n\n\n\n<p>  <iframe loading=\"lazy\" src=\"https:\/\/www.google.com\/maps\/embed?pb=!1m18!1m12!1m3!1d3022.976188376966!2d-73.99130312499956!3d40.740549471389315!2m3!1f0!2f0!3f0!3m2!1i1024!2i768!4f13.1!3m3!1m2!1s0x89c259a15798c731%3A0xd695d09bdd495f25!2s11%20E%2022nd%20St%20FL%202%2C%20New%20York%2C%20NY%2010010%2C%20USA!5e0!3m2!1sen!2spe!4v1726171763526!5m2!1sen!2spe\" width=\"600\" height=\"450\" allowfullscreen=\"allowfullscreen\" data-mce-fragment=\"1\"><\/iframe>  <\/p>\n\n\n\n<h3 class=\"wp-block-heading\">11 E 22nd Street, \u00e9tage 2, New York, NY 10010 T\u00e9l. : +1(212) 505-6805<\/h3>\n\n\n\n<hr class=\"wp-block-separator has-alpha-channel-opacity\"\/>\n\n\n\n<h2 class=\"wp-block-heading\"><span style=\"font-weight: 400;\">\u00c0 propos de SIS International<\/span><\/h2>\n\n\n\n<p><a href=\"https:\/\/www.sisinternational.com\/fr\/\"><span style=\"font-weight: 400;\">SIS International<\/span><\/a><span style=\"font-weight: 400;\"> propose des recherches quantitatives, qualitatives et strat\u00e9giques. Nous fournissons des donn\u00e9es, des outils, des strat\u00e9gies, des rapports et des informations pour la prise de d\u00e9cision. Nous menons \u00e9galement des entretiens, des enqu\u00eates, des groupes de discussion et d\u2019autres m\u00e9thodes et approches d\u2019\u00e9tudes de march\u00e9.<\/span><a href=\"https:\/\/www.sisinternational.com\/fr\/a-propos-de-la-recherche-internationale-sis\/contact-sis-international-market-research\/\"><span style=\"font-weight: 400;\"> Contactez nous<\/span><\/a><span style=\"font-weight: 400;\"> pour votre prochain projet d&#039;\u00e9tude de march\u00e9.<\/span><\/p>\n\n\n\n<hr class=\"wp-block-separator has-alpha-channel-opacity\"\/>\n\n\n\n<h2 class=\"wp-block-heading\">&nbsp;<\/h2>\n\n\n\n<h2 class=\"wp-block-heading\">&nbsp;<\/h2>\n\n\n\n<p><\/p>\n\n\n\n<p><\/p>","protected":false},"excerpt":{"rendered":"<p>Le conseil en strat\u00e9gie d&#039;IA aide les entreprises \u00e0 g\u00e9rer les complexit\u00e9s de l&#039;int\u00e9gration de l&#039;IA afin que les investissements technologiques s&#039;alignent sur les objectifs commerciaux.<\/p>","protected":false},"author":1,"featured_media":71617,"parent":44406,"menu_order":67,"comment_status":"closed","ping_status":"closed","template":"","meta":{"footnotes":""},"class_list":["post-46128","page","type-page","status-publish","has-post-thumbnail"],"_links":{"self":[{"href":"https:\/\/www.sisinternational.com\/fr\/wp-json\/wp\/v2\/pages\/46128","targetHints":{"allow":["GET"]}}],"collection":[{"href":"https:\/\/www.sisinternational.com\/fr\/wp-json\/wp\/v2\/pages"}],"about":[{"href":"https:\/\/www.sisinternational.com\/fr\/wp-json\/wp\/v2\/types\/page"}],"author":[{"embeddable":true,"href":"https:\/\/www.sisinternational.com\/fr\/wp-json\/wp\/v2\/users\/1"}],"replies":[{"embeddable":true,"href":"https:\/\/www.sisinternational.com\/fr\/wp-json\/wp\/v2\/comments?post=46128"}],"version-history":[{"count":17,"href":"https:\/\/www.sisinternational.com\/fr\/wp-json\/wp\/v2\/pages\/46128\/revisions"}],"predecessor-version":[{"id":80666,"href":"https:\/\/www.sisinternational.com\/fr\/wp-json\/wp\/v2\/pages\/46128\/revisions\/80666"}],"up":[{"embeddable":true,"href":"https:\/\/www.sisinternational.com\/fr\/wp-json\/wp\/v2\/pages\/44406"}],"wp:featuredmedia":[{"embeddable":true,"href":"https:\/\/www.sisinternational.com\/fr\/wp-json\/wp\/v2\/media\/71617"}],"wp:attachment":[{"href":"https:\/\/www.sisinternational.com\/fr\/wp-json\/wp\/v2\/media?parent=46128"}],"curies":[{"name":"wp","href":"https:\/\/api.w.org\/{rel}","templated":true}]}}