{"id":45883,"date":"2024-02-03T21:13:53","date_gmt":"2024-02-04T02:13:53","guid":{"rendered":"https:\/\/www.sisinternational.com\/?page_id=45883"},"modified":"2026-01-31T17:58:14","modified_gmt":"2026-01-31T22:58:14","slug":"conseil-hotelier-sur-les-reseaux-sociaux","status":"publish","type":"page","link":"https:\/\/www.sisinternational.com\/fr\/solutions\/conseil-en-tourisme-de-voyage-et-en-hotellerie\/conseil-hotelier-sur-les-reseaux-sociaux\/","title":{"rendered":"Conseil h\u00f4telier sur les r\u00e9seaux sociaux"},"content":{"rendered":"<h1 class=\"wp-block-heading\">Conseil h\u00f4telier sur les r\u00e9seaux sociaux<\/h1>\n\n\n\n<figure class=\"gb-block-image gb-block-image-dd7e1acd\"><img loading=\"lazy\" decoding=\"async\" width=\"1456\" height=\"816\" class=\"gb-image gb-image-dd7e1acd\" src=\"https:\/\/www.sisinternational.com\/wp-content\/uploads\/2025\/08\/Social-media-7.jpg\" alt=\"\u00c9tudes de march\u00e9 et strat\u00e9gie internationales SIS\" title=\"Social media (7)\" srcset=\"https:\/\/www.sisinternational.com\/wp-content\/uploads\/2025\/08\/Social-media-7.jpg 1456w, https:\/\/www.sisinternational.com\/wp-content\/uploads\/2025\/08\/Social-media-7-300x168.jpg 300w, https:\/\/www.sisinternational.com\/wp-content\/uploads\/2025\/08\/Social-media-7-1024x574.jpg 1024w, https:\/\/www.sisinternational.com\/wp-content\/uploads\/2025\/08\/Social-media-7-768x430.jpg 768w, https:\/\/www.sisinternational.com\/wp-content\/uploads\/2025\/08\/Social-media-7-18x10.jpg 18w\" sizes=\"auto, (max-width: 1456px) 100vw, 1456px\"><\/figure>\n\n\n\n<p><\/p>\n\n\n\n<hr class=\"wp-block-separator has-alpha-channel-opacity is-style-dots\"\/>\n\n\n\n<p>Ma\u00eetriser l\u2019art des m\u00e9dias sociaux n\u2019est plus une option. Il s&#039;agit d&#039;un \u00e9l\u00e9ment essentiel de la strat\u00e9gie d&#039;un h\u00f4tel pour captiver, engager et fid\u00e9liser les clients. Pour cette raison, le conseil h\u00f4telier sur les r\u00e9seaux sociaux repr\u00e9sente un changement profond par rapport au marketing traditionnel, offrant aux h\u00f4tels une plateforme dynamique pour mettre en valeur leur personnalit\u00e9, se connecter avec les clients et construire une communaut\u00e9 autour de leur marque.<\/p>\n\n\n\n<h2 class=\"wp-block-heading\">Qu\u2019est-ce que le conseil h\u00f4telier sur les r\u00e9seaux sociaux ?<\/h2>\n\n\n\n<p><a title=\"Conseil en identit\u00e9 de marque h\u00f4teli\u00e8re\" href=\"https:\/\/www.sisinternational.com\/fr\/solutions\/conseil-en-tourisme-de-voyage-et-en-hotellerie\/conseil-en-identite-de-marque-hoteliere\/\" data-wpil-monitor-id=\"2920\">Social media hotel<\/a> consulting focuses on leveraging social media platforms to enhance a hotel&#8217;s brand presence, engage with guests, and drive business growth. It develops a comprehensive social media strategy tailored to a hotel\u2019s unique brand identity and target audience. This strategy encompasses choosing the right platforms \u2013 be it Instagram, Facebook, X, LinkedIn, or TikTok \u2013 and crafting content that resonates with the audience.<\/p>\n\n\n\n<p>De plus, le conseil h\u00f4telier sur les r\u00e9seaux sociaux cr\u00e9e du contenu interactif, r\u00e9pond aux avis et commentaires et interagit avec les utilisateurs pour cr\u00e9er une communaut\u00e9 en ligne fid\u00e8le. Cette interaction am\u00e9liore non seulement la fid\u00e9lit\u00e9 \u00e0 la marque, mais fournit \u00e9galement des informations pr\u00e9cieuses sur les pr\u00e9f\u00e9rences et les tendances des clients.<\/p>\n\n\n\n<h2 class=\"wp-block-heading\">Pourquoi les entreprises ont besoin de conseils h\u00f4teliers sur les r\u00e9seaux sociaux<\/h2>\n\n\n\n<p>\u00c9tant donn\u00e9 que la grande majorit\u00e9 des voyageurs utilisent les m\u00e9dias sociaux pour s\u2019inspirer et planifier, il est crucial d\u2019avoir une forte pr\u00e9sence sur les r\u00e9seaux sociaux. Le conseil h\u00f4telier sur les r\u00e9seaux sociaux aide les entreprises \u00e0 cr\u00e9er et \u00e0 maintenir une pr\u00e9sence en ligne attrayante, en pr\u00e9sentant des exp\u00e9riences, des \u00e9quipements ou des services uniques qui les distinguent.<\/p>\n\n\n\n<p>De plus, les plateformes de m\u00e9dias sociaux offrent une ligne de communication directe avec les invit\u00e9s actuels et potentiels. Gr\u00e2ce \u00e0 ces canaux, les h\u00f4tels peuvent engager des conversations en temps r\u00e9el, r\u00e9pondre aux commentaires et \u00e9tablir des relations, ce qui est essentiel \u00e0 la fid\u00e9lisation et \u00e0 la r\u00e9tention des clients.<\/p>\n\n\n\n<p>Lastly, social media hotel consulting is vital for crisis management and reputation control. In the event of negative reviews or a PR crisis, a swift and strategic response on social media is crucial. Professional <a title=\"Conseil en technologie h\u00f4teli\u00e8re intelligente\" href=\"https:\/\/www.sisinternational.com\/fr\/solutions\/conseil-en-tourisme-de-voyage-et-en-hotellerie\/conseil-en-technologie-hoteliere-intelligente\/\" data-wpil-monitor-id=\"2837\">consultants can guide hotels<\/a> in managing their online reputation effectively.<\/p>\n\n\n\n<h2 class=\"wp-block-heading\">Quels sont les avantages du conseil h\u00f4telier sur les r\u00e9seaux sociaux ?<\/h2>\n\n\n\n<p>S&#039;engager dans le conseil h\u00f4telier sur les r\u00e9seaux sociaux offre une multitude d&#039;avantages pour les h\u00f4tels, allant d&#039;une visibilit\u00e9 am\u00e9lior\u00e9e de la marque \u00e0 un engagement plus profond des clients. Voici quelques-uns des principaux avantages\u00a0:<\/p>\n\n\n\n<ul class=\"wp-block-list\">\n<li><strong>Pr\u00e9sence en ligne et visibilit\u00e9 de la marque am\u00e9lior\u00e9es\u00a0:<\/strong> Social media hotel consulting helps hotels craft and maintain a compelling online presence. <\/li>\n\n\n\n<li><strong>Marketing et promotions cibl\u00e9s\u00a0:<\/strong> Les consultants utilisent des approches bas\u00e9es sur les donn\u00e9es pour atteindre des donn\u00e9es d\u00e9mographiques sp\u00e9cifiques, adapter les messages aux int\u00e9r\u00eats des clients potentiels et maximiser l&#039;impact des efforts promotionnels.<\/li>\n\n\n\n<li><strong>Engagement et fid\u00e9lit\u00e9 am\u00e9lior\u00e9s des clients\u00a0:<\/strong> Gr\u00e2ce \u00e0 une gestion strat\u00e9gique des m\u00e9dias sociaux, les h\u00f4tels peuvent interagir directement avec leur public, cr\u00e9ant ainsi une communaut\u00e9 autour de leur marque.<\/li>\n\n\n\n<li><strong>Informations et analyses pr\u00e9cieuses\u00a0:<\/strong> Le conseil en m\u00e9dias sociaux fournit des informations pr\u00e9cieuses sur les pr\u00e9f\u00e9rences et le comportement des clients gr\u00e2ce \u00e0 l&#039;analyse. Comprendre quel contenu trouve un \u00e9cho aupr\u00e8s du public peut \u00e9clairer des strat\u00e9gies marketing et op\u00e9rationnelles plus larges.<\/li>\n\n\n\n<li><strong>Augmentation des r\u00e9servations directes\u00a0:<\/strong> Une forte pr\u00e9sence sur les r\u00e9seaux sociaux peut g\u00e9n\u00e9rer davantage de trafic vers le site Web d&#039;un h\u00f4tel, augmentant ainsi potentiellement les r\u00e9servations directes. Des strat\u00e9gies efficaces sur les r\u00e9seaux sociaux peuvent r\u00e9duire la d\u00e9pendance \u00e0 l\u2019\u00e9gard des sites de r\u00e9servation tiers, ce qui permettra d\u2019\u00e9conomiser sur les frais de commission.<\/li>\n<\/ul>\n\n\n\n<h2 class=\"wp-block-heading\">Facteurs cl\u00e9s de succ\u00e8s<\/h2>\n\n\n\n<p>For social media hotel consulting to be effective, certain key success factors must be in place. These factors are critical in ensuring that the <a title=\"Strat\u00e9gies de m\u00e9dias sociaux pour les petites entreprises\" href=\"https:\/\/www.sisinternational.com\/fr\/les-medias-sociaux-dans-les-petites-entreprises\/\" data-wpil-monitor-id=\"2201\">social media strategy aligns with the hotel\u2019s<\/a> brand vision and resonates with its target audience and achieves desired business outcomes.<\/p>\n\n\n\n<ul class=\"wp-block-list\">\n<li><strong>Message de marque coh\u00e9rent\u00a0:<\/strong> Il est essentiel de s&#039;assurer que tout le contenu des m\u00e9dias sociaux correspond au message global de la marque de l&#039;h\u00f4tel. La coh\u00e9rence du ton, du style et du message contribue \u00e0 construire une identit\u00e9 de marque forte et facilite le rappel de la marque.<\/li>\n\n\n\n<li><strong>Comprendre le public cible\u00a0:<\/strong> Une compr\u00e9hension approfondie du public cible \u2013 ses pr\u00e9f\u00e9rences, ses comportements et ses habitudes en mati\u00e8re de m\u00e9dias sociaux \u2013 est essentielle. Adapter le contenu et les campagnes pour r\u00e9pondre aux int\u00e9r\u00eats et aux besoins de ce public peut am\u00e9liorer consid\u00e9rablement l&#039;engagement.<\/li>\n\n\n\n<li><strong>Engagement communautaire actif\u00a0:<\/strong> Regularly interacting with followers, responding to comments, and engaging in conversations helps build a community around the hotel\u2019s brand. <\/li>\n\n\n\n<li><strong>Innovation et adaptabilit\u00e9\u00a0:<\/strong> Se tenir au courant des derni\u00e8res tendances et \u00eatre pr\u00eat \u00e0 innover est essentiel. Le paysage des m\u00e9dias sociaux est dynamique et les strat\u00e9gies efficaces impliquent souvent d\u2019exp\u00e9rimenter de nouvelles id\u00e9es et de s\u2019adapter aux changements.<\/li>\n<\/ul>\n\n\n\n<h2 class=\"wp-block-heading\">Tendances actuelles en mati\u00e8re de conseil h\u00f4telier sur les r\u00e9seaux sociaux<\/h2>\n\n\n\n<p>Le conseil h\u00f4telier sur les r\u00e9seaux sociaux \u00e9volue \u2013 et se tenir au courant de ces tendances est crucial pour que les h\u00f4tels restent comp\u00e9titifs et pertinents. Voici quelques-unes des derni\u00e8res tendances en mati\u00e8re de conseil h\u00f4telier sur les r\u00e9seaux sociaux\u00a0:<\/p>\n\n\n\n<ul class=\"wp-block-list\">\n<li><strong>Accent sur la narration\u00a0:<\/strong> Hotels are increasingly using storytelling techniques on social media to create <a class=\"wpil_keyword_link\" title=\"Cr\u00e9er des liens \u00e9motionnels dans les cosm\u00e9tiques\" data-wpil-keyword-link=\"linked\" data-wpil-monitor-id=\"629\" href=\"https:\/\/www.sisinternational.com\/fr\/construire-des-liens-emotionnels-dans-les-cosmetiques-et-les-resultats-de-nos-recherches\/\">emotional connections<\/a> with their audience. <\/li>\n\n\n\n<li><strong>Tirer parti du contenu g\u00e9n\u00e9r\u00e9 par les utilisateurs\u00a0:<\/strong> Encourager les clients \u00e0 partager leurs exp\u00e9riences et leurs photos, puis pr\u00e9senter ce contenu g\u00e9n\u00e9r\u00e9 par les utilisateurs sur les r\u00e9seaux sociaux de l&#039;h\u00f4tel, est une tendance croissante. Il fournit non seulement un contenu authentique, mais favorise \u00e9galement la communaut\u00e9 et l&#039;engagement.<\/li>\n\n\n\n<li><strong>Partenariats d&#039;influenceurs\u00a0:<\/strong> Collaborer avec des influenceurs et des blogueurs de voyage pour promouvoir l&#039;h\u00f4tel reste une tendance populaire. Ces partenariats peuvent accro\u00eetre la port\u00e9e et la cr\u00e9dibilit\u00e9, en particulier aupr\u00e8s des jeunes.<\/li>\n\n\n\n<li><strong>Contenu interactif\u00a0:<\/strong> Hotels are creating more interactive content such as polls, quizzes, and contests, to engage their audience actively. <\/li>\n\n\n\n<li><strong>Focus sur les plateformes visuelles\u00a0:<\/strong> Les plateformes tr\u00e8s visuelles comme Instagram et Pinterest sont de plus en plus importantes pour les h\u00f4tels. Il est essentiel d&#039;investir dans du contenu photographique et vid\u00e9o de haute qualit\u00e9 qui met en valeur l&#039;esth\u00e9tique et les exp\u00e9riences de l&#039;h\u00f4tel.<\/li>\n<\/ul>\n\n\n\n<h2 class=\"wp-block-heading\">Opportunit\u00e9s de conseil h\u00f4telier sur les r\u00e9seaux sociaux pour les entreprises<\/h2>\n\n\n\n<ul class=\"wp-block-list\">\n<li><strong>Exposition am\u00e9lior\u00e9e de la marque\u00a0:<\/strong> Les plateformes de m\u00e9dias sociaux offrent une opportunit\u00e9 sans pr\u00e9c\u00e9dent d\u2019augmenter la visibilit\u00e9 et l\u2019exposition de la marque. Avec des millions d\u2019utilisateurs dans le monde, les h\u00f4tels peuvent toucher un vaste public, bien au-del\u00e0 des canaux marketing traditionnels.<\/li>\n\n\n\n<li><strong>Marketing rentable\u00a0:<\/strong> Par rapport \u00e0 la publicit\u00e9 traditionnelle, le marketing sur les r\u00e9seaux sociaux peut \u00eatre plus rentable, offrant un retour sur investissement plus \u00e9lev\u00e9. La publicit\u00e9 cibl\u00e9e sur ces plateformes peut \u00e9galement atteindre plus efficacement des groupes d\u00e9mographiques sp\u00e9cifiques.<\/li>\n\n\n\n<li><strong>Augmentation du trafic Web et des r\u00e9servations\u00a0:<\/strong> Une forte pr\u00e9sence sur les r\u00e9seaux sociaux peut g\u00e9n\u00e9rer du trafic vers le site Web d&#039;un h\u00f4tel, augmentant ainsi potentiellement les r\u00e9servations directes. Des strat\u00e9gies efficaces sur les r\u00e9seaux sociaux peuvent contribuer \u00e0 r\u00e9duire la d\u00e9pendance \u00e0 l\u2019\u00e9gard des plateformes de r\u00e9servation tierces et des frais associ\u00e9s.<\/li>\n\n\n\n<li><strong>Construire une communaut\u00e9\u00a0:<\/strong> Les h\u00f4tels peuvent utiliser les r\u00e9seaux sociaux pour cr\u00e9er une communaut\u00e9 de followers int\u00e9ress\u00e9s par leur marque. Cette communaut\u00e9 peut devenir des ambassadeurs de la marque, partageant ses exp\u00e9riences et recommandant l&#039;h\u00f4tel \u00e0 d&#039;autres.<\/li>\n<\/ul>\n\n\n\n<h2 class=\"wp-block-heading\">Perspectives futures du conseil h\u00f4telier sur les r\u00e9seaux sociaux pour les entreprises<\/h2>\n\n\n\n<p>Here are some trends and predictions shaping the future outlook of social media hotel consulting for businesses:<\/p>\n\n\n\n<ul class=\"wp-block-list\">\n<li><strong>Exp\u00e9riences de r\u00e9alit\u00e9 virtuelle et augment\u00e9e\u00a0:<\/strong> \u00c0 mesure que les technologies VR et AR deviennent plus courantes, les h\u00f4tels pourraient utiliser ces outils sur les r\u00e9seaux sociaux pour proposer des visites virtuelles, des exp\u00e9riences immersives et un aper\u00e7u plus attrayant de leurs \u00e9quipements et services.<\/li>\n\n\n\n<li><strong>Tirer parti du Big Data pour un marketing sur mesure\u00a0:<\/strong> La capacit\u00e9 d\u2019analyser de grandes quantit\u00e9s de donn\u00e9es provenant des interactions sur les r\u00e9seaux sociaux permettra des strat\u00e9gies marketing plus adapt\u00e9es et plus efficaces. Les h\u00f4tels seront en mesure de comprendre plus en profondeur les pr\u00e9f\u00e9rences et les comportements de leurs clients et de personnaliser leurs offres en cons\u00e9quence.<\/li>\n\n\n\n<li><strong>\u00c9mergence de nouvelles plateformes et technologies\u00a0:<\/strong> Les h\u00f4tels devront se tenir au courant des nouvelles plateformes et technologies de m\u00e9dias sociaux pour rester pertinents, en particulier aupr\u00e8s d&#039;un public plus jeune. Rester flexible et adaptatif dans les strat\u00e9gies de m\u00e9dias sociaux sera essentiel.<\/li>\n<\/ul>","protected":false},"excerpt":{"rendered":"<p>Le conseil h\u00f4telier sur les r\u00e9seaux sociaux utilise les plateformes de r\u00e9seaux sociaux pour am\u00e9liorer les marques h\u00f4teli\u00e8res, impliquer les clients et stimuler la croissance de l&#039;entreprise. <\/p>","protected":false},"author":1,"featured_media":63099,"parent":44644,"menu_order":21,"comment_status":"closed","ping_status":"closed","template":"","meta":{"_uag_custom_page_level_css":"","footnotes":""},"class_list":["post-45883","page","type-page","status-publish","has-post-thumbnail"],"uagb_featured_image_src":{"full":["https:\/\/www.sisinternational.com\/wp-content\/uploads\/2025\/08\/Social-media-7.jpg",1456,816,false],"thumbnail":["https:\/\/www.sisinternational.com\/wp-content\/uploads\/2025\/08\/Social-media-7-150x150.jpg",150,150,true],"medium":["https:\/\/www.sisinternational.com\/wp-content\/uploads\/2025\/08\/Social-media-7-300x168.jpg",300,168,true],"medium_large":["https:\/\/www.sisinternational.com\/wp-content\/uploads\/2025\/08\/Social-media-7-768x430.jpg",768,430,true],"large":["https:\/\/www.sisinternational.com\/wp-content\/uploads\/2025\/08\/Social-media-7-1024x574.jpg",1024,574,true],"1536x1536":["https:\/\/www.sisinternational.com\/wp-content\/uploads\/2025\/08\/Social-media-7.jpg",1456,816,false],"2048x2048":["https:\/\/www.sisinternational.com\/wp-content\/uploads\/2025\/08\/Social-media-7.jpg",1456,816,false],"trp-custom-language-flag":["https:\/\/www.sisinternational.com\/wp-content\/uploads\/2025\/08\/Social-media-7-18x10.jpg",18,10,true]},"uagb_author_info":{"display_name":"Ruth Stanat","author_link":"https:\/\/www.sisinternational.com\/fr\/author\/expert\/"},"uagb_comment_info":0,"uagb_excerpt":"Social media hotel consulting uses social media platforms to enhance hotel brands, engage guests, and drive business growth.","_links":{"self":[{"href":"https:\/\/www.sisinternational.com\/fr\/wp-json\/wp\/v2\/pages\/45883","targetHints":{"allow":["GET"]}}],"collection":[{"href":"https:\/\/www.sisinternational.com\/fr\/wp-json\/wp\/v2\/pages"}],"about":[{"href":"https:\/\/www.sisinternational.com\/fr\/wp-json\/wp\/v2\/types\/page"}],"author":[{"embeddable":true,"href":"https:\/\/www.sisinternational.com\/fr\/wp-json\/wp\/v2\/users\/1"}],"replies":[{"embeddable":true,"href":"https:\/\/www.sisinternational.com\/fr\/wp-json\/wp\/v2\/comments?post=45883"}],"version-history":[{"count":12,"href":"https:\/\/www.sisinternational.com\/fr\/wp-json\/wp\/v2\/pages\/45883\/revisions"}],"predecessor-version":[{"id":82113,"href":"https:\/\/www.sisinternational.com\/fr\/wp-json\/wp\/v2\/pages\/45883\/revisions\/82113"}],"up":[{"embeddable":true,"href":"https:\/\/www.sisinternational.com\/fr\/wp-json\/wp\/v2\/pages\/44644"}],"wp:featuredmedia":[{"embeddable":true,"href":"https:\/\/www.sisinternational.com\/fr\/wp-json\/wp\/v2\/media\/63099"}],"wp:attachment":[{"href":"https:\/\/www.sisinternational.com\/fr\/wp-json\/wp\/v2\/media?parent=45883"}],"curies":[{"name":"wp","href":"https:\/\/api.w.org\/{rel}","templated":true}]}}