{"id":45871,"date":"2024-02-03T15:29:17","date_gmt":"2024-02-03T20:29:17","guid":{"rendered":"https:\/\/www.sisinternational.com\/?page_id=45871"},"modified":"2026-01-31T17:55:04","modified_gmt":"2026-01-31T22:55:04","slug":"conseil-en-rebranding-de-spa","status":"publish","type":"page","link":"https:\/\/www.sisinternational.com\/fr\/solutions\/conseil-en-tourisme-de-voyage-et-en-hotellerie\/conseil-en-rebranding-de-spa\/","title":{"rendered":"Conseil en rebranding de spa"},"content":{"rendered":"<h1 class=\"wp-block-heading\">Conseil en rebranding de spa<\/h1>\n\n\n\n<figure class=\"gb-block-image gb-block-image-ab0fb6cc\"><img loading=\"lazy\" decoding=\"async\" width=\"1456\" height=\"816\" class=\"gb-image gb-image-ab0fb6cc\" src=\"https:\/\/www.sisinternational.com\/wp-content\/uploads\/2025\/08\/hotel-17.jpg\" alt=\"\u00c9tudes de march\u00e9 et strat\u00e9gie internationales SIS\" title=\"hotel (17)\" srcset=\"https:\/\/www.sisinternational.com\/wp-content\/uploads\/2025\/08\/hotel-17.jpg 1456w, https:\/\/www.sisinternational.com\/wp-content\/uploads\/2025\/08\/hotel-17-300x168.jpg 300w, https:\/\/www.sisinternational.com\/wp-content\/uploads\/2025\/08\/hotel-17-1024x574.jpg 1024w, https:\/\/www.sisinternational.com\/wp-content\/uploads\/2025\/08\/hotel-17-768x430.jpg 768w, https:\/\/www.sisinternational.com\/wp-content\/uploads\/2025\/08\/hotel-17-18x10.jpg 18w\" sizes=\"auto, (max-width: 1456px) 100vw, 1456px\"><\/figure>\n\n\n\n<p><\/p>\n\n\n\n<hr class=\"wp-block-separator has-alpha-channel-opacity is-style-dots\"\/>\n\n\n\n<p>In an era where wellness is not just a luxury anymore but a necessity, spas face the challenge of constantly reinventing themselves to meet the ever-changing demands of a discerning clientele. <\/p>\n\n\n\n<p>That&#8217;s why spa rebranding consulting transforms the entire essence of a spa, from its services and treatments to its marketing and customer engagement strategies \u2013 and this comprehensive approach ensures that a spa remains relevant in the competitive wellness market.<\/p>\n\n\n\n<h2 class=\"wp-block-heading\">Qu\u2019est-ce que le conseil en rebranding de spa ?<\/h2>\n\n\n\n<p>At its core, spa rebranding consulting is a thorough analysis of the spa\u2019s current brand positioning, market performance, and customer perceptions to understand its unique attributes. This could involve introducing new treatments or products, revamping the spa&#8217;s interior to create a more immersive experience, or adopting new marketing strategies. Digital presence, for example, has become an integral part of a spa&#8217;s brand identity. <a title=\"Etude de march\u00e9 et conseil en strat\u00e9gie sur l&#039;identit\u00e9 num\u00e9rique\" data-wpil-monitor-id=\"10474\" href=\"https:\/\/www.sisinternational.com\/fr\/competence\/les-industries\/conseil-en-strategie-detude-de-marche-sur-lidentite-numerique\/\">Consultants often advise on digital marketing strategies<\/a>, social media presence, and online booking platforms to enhance customer engagement and accessibility.<\/p>\n\n\n\n<h2 class=\"wp-block-heading\">Importance du conseil en rebranding de spa<\/h2>\n\n\n\n<p>Spa rebranding consulting helps in staying attuned to the latest trends in the wellness and beauty industry. Consultants bring fresh insights and innovative ideas that can help spas realign their services, treatments, and overall <a title=\"Shockvertising et marketing de choc\" href=\"https:\/\/www.sisinternational.com\/fr\/publicite-choc-et-marketing-choc\/\" data-wpil-monitor-id=\"10473\">brand image with current market<\/a> demands.<\/p>\n\n\n\n<p>Ce type de conseil est \u00e9galement essentiel pour diff\u00e9rencier un spa sur un march\u00e9 encombr\u00e9. Une identit\u00e9 de marque forte et distinctive peut distinguer un spa de ses concurrents, le rendant plus m\u00e9morable et plus attrayant pour les clients potentiels. Les consultants en rebranding de spa travaillent \u00e0 mettre en \u00e9vidence des arguments de vente uniques et \u00e0 d\u00e9velopper une histoire de marque qui refl\u00e8te les valeurs, la philosophie et les offres uniques du spa.<\/p>\n\n\n\n<p>De plus, un changement de marque bien ex\u00e9cut\u00e9 peut cr\u00e9er une exp\u00e9rience plus engageante et holistique pour les clients, depuis le moment o\u00f9 ils entrent dans le spa jusqu&#039;\u00e0 la phase post-traitement. Cela inclut tout, de l&#039;ambiance et du d\u00e9cor \u00e0 la qualit\u00e9 des traitements et du service client.<\/p>\n\n\n\n<h2 class=\"wp-block-heading\">Quels sont les avantages du conseil en rebranding de spa ?<\/h2>\n\n\n\n<p>S&#039;engager dans ce conseil offre plusieurs avantages qui peuvent propulser une entreprise de spa vers l&#039;avant, garantissant sa croissance et sa pertinence sur un march\u00e9 concurrentiel \u2013 et voici quelques-uns des principaux avantages\u00a0:<\/p>\n\n\n\n<ul class=\"wp-block-list\">\n<li><strong>Image de marque rajeunie\u00a0:<\/strong> Cela peut insuffler une nouvelle vie \u00e0 la marque d&#039;un spa, la rendant plus pertinente et attrayante pour les clients actuels et potentiels. Une marque rafra\u00eechie peut attirer l\u2019attention, encourager les r\u00e9f\u00e9rences par le bouche-\u00e0-oreille et, en fin de compte, g\u00e9n\u00e9rer davantage d\u2019affaires.<\/li>\n\n\n\n<li><strong>Alignement avec les tendances actuelles\u00a0:<\/strong> Les consultants fournissent un aper\u00e7u des derni\u00e8res tendances en mati\u00e8re de bien-\u00eatre et de beaut\u00e9, permettant aux spas d&#039;aligner leurs services et leurs exp\u00e9riences sur ce qui r\u00e9sonne actuellement sur le march\u00e9.<\/li>\n\n\n\n<li><strong>Exp\u00e9rience client am\u00e9lior\u00e9e\u00a0:<\/strong> A rebrand can significantly <a title=\"Comment am\u00e9liorer la satisfaction client et ravir les clients insatisfaits\" data-wpil-monitor-id=\"10475\" href=\"https:\/\/www.sisinternational.com\/fr\/ameliorer-la-relation-client\/\">improve<\/a> the overall customer experience. From the interior design of the spa to the treatment menu and customer service, every aspect is refined to ensure clients have a memorable and satisfying visit.<\/li>\n\n\n\n<li><strong>Efficacit\u00e9 op\u00e9rationnelle\u00a0:<\/strong> Le conseil en rebranding de spa peut \u00e9galement impliquer la r\u00e9vision des strat\u00e9gies op\u00e9rationnelles. Les consultants peuvent proposer des recommandations pour rationaliser les processus, adopter de nouvelles technologies ou am\u00e9liorer la formation du personnel, qui contribuent toutes \u00e0 une op\u00e9ration plus efficace et rentable.<\/li>\n\n\n\n<li><strong>Attirer une nouvelle client\u00e8le\u00a0:<\/strong> Un changement de marque r\u00e9ussi peut aider \u00e0 attirer de nouvelles donn\u00e9es d\u00e9mographiques, ouvrant ainsi de nouveaux march\u00e9s au spa. Cela peut \u00e9galement raviver l\u2019int\u00e9r\u00eat des clients existants, conduisant \u00e0 une fid\u00e9lit\u00e9 accrue et \u00e0 des visites r\u00e9p\u00e9t\u00e9es.<\/li>\n<\/ul>\n\n\n\n<h2 class=\"wp-block-heading\">Conseil en rebranding de spa vs \u00e9tude de march\u00e9 traditionnelle<\/h2>\n\n\n\n<p>Alors que <a title=\"\u00c9tude de march\u00e9 \u00e0 Liverpool | Groupes de discussion et collecte de donn\u00e9es au Royaume-Uni\" href=\"https:\/\/www.sisinternational.com\/fr\/couverture\/leurope-%ef%83%97\/etude-de-marche-liverpool-royaume-uni\/\" data-wpil-monitor-id=\"10476\">market research primarily focuses<\/a> on gathering and analyzing data about market trends, customer preferences, and competitors, spa rebranding consulting uses this information as a starting point. It goes further to strategize and implement changes in branding, service offerings, customer experience, and marketing. The goal is not just to understand the <a title=\"\u00c9tude de march\u00e9 sur l\u2019activation de marque\" href=\"https:\/\/www.sisinternational.com\/fr\/sassurer-que-les-clients-se-souviennent-de-votre-message\/\" data-wpil-monitor-id=\"10485\">market but to actively<\/a> reshape the spa\u2019s brand and offerings in response to this understanding.<\/p>\n\n\n\n<p>Another key difference <a title=\"Critique de livre : \u00ab V\u00e9rit\u00e9, mensonges et publicit\u00e9 \u00bb\" href=\"https:\/\/www.sisinternational.com\/fr\/critique-de-livre-la-verite-ment-la-publicite\/\" data-wpil-monitor-id=\"4459\">lies in the focus on brand<\/a> identity and story. Spa rebranding consulting places a significant emphasis on developing a unique brand narrative that resonates with clients. This process involves delving into the spa\u2019s ethos, values, and unique selling points, and then communicating these through various branding elements. Traditional <a title=\"Etude de march\u00e9 pour les marques vieillissantes\" href=\"https:\/\/www.sisinternational.com\/fr\/competence\/les-industries\/etude-de-marche-pour-les-marques-vieillissantes\/\" data-wpil-monitor-id=\"10481\">\u00e9tude de march\u00e9<\/a> may not delve as deeply into these aspects of brand storytelling and identity.<\/p>\n\n\n\n<h2 class=\"wp-block-heading\">\u00c0 quoi s\u2019attendre du conseil en rebranding de spa<\/h2>\n\n\n\n<p>When engaging in spa rebranding consulting, spas can expect a thorough and transformative process tailored to enhance their <a title=\"\u00c9tude de march\u00e9 sur le positionnement de la marque\" href=\"https:\/\/www.sisinternational.com\/fr\/solutions\/solutions-de-branding-et-de-recherche-client\/etude-de-marche-sur-le-positionnement-de-la-marque\/\" data-wpil-monitor-id=\"10477\">brand and market position<\/a>, including:<\/p>\n\n\n\n<ul class=\"wp-block-list\">\n<li><strong>Comprehensive <a title=\"\u00c9tude de march\u00e9 sur le positionnement de la marque\" data-wpil-monitor-id=\"10489\" href=\"https:\/\/www.sisinternational.com\/fr\/solutions\/solutions-de-branding-et-de-recherche-client\/etude-de-marche-sur-le-positionnement-de-la-marque\/\">Marque<\/a> Analysis:<\/strong> Cela implique d&#039;\u00e9valuer la position du spa sur le march\u00e9, l&#039;identit\u00e9 de la marque, les perceptions des clients et le paysage concurrentiel. Les consultants \u00e9valuent ce qui fonctionne et ce qui ne fonctionne pas, et identifient les domaines \u00e0 am\u00e9liorer.<\/li>\n\n\n\n<li><strong>Tendances du march\u00e9 et informations sur les clients\u00a0:<\/strong> Spa rebranding consulting brings valuable insights about the latest trends in the wellness and spa industry, as well as a deeper understanding of customer preferences and behaviors. <\/li>\n\n\n\n<li><strong>Red\u00e9finition de la marque\u00a0:<\/strong> Sur la base de l&#039;analyse et des informations recueillies, la marque du spa sera red\u00e9finie. Cela pourrait impliquer un nouveau r\u00e9cit de marque, une identit\u00e9 visuelle mise \u00e0 jour (comme des logos et des th\u00e8mes) et un menu de services remani\u00e9 qui s&#039;aligne sur les tendances actuelles et les attentes des clients.<\/li>\n\n\n\n<li><strong>Recommandations op\u00e9rationnelles\u00a0:<\/strong> Les consultants peuvent \u00e9galement fournir des recommandations pour des am\u00e9liorations op\u00e9rationnelles telles que la formation du personnel, l&#039;am\u00e9lioration du flux de travail et l&#039;adoption de nouvelles technologies pour am\u00e9liorer l&#039;efficacit\u00e9 et la qualit\u00e9 du service.<\/li>\n\n\n\n<li><strong>Prise en charge de la mise en \u0153uvre\u00a0:<\/strong> Le conseil en rebranding de spa comprend g\u00e9n\u00e9ralement un accompagnement pendant la phase de mise en \u0153uvre, garantissant que la strat\u00e9gie de rebranding est ex\u00e9cut\u00e9e de mani\u00e8re fluide et efficace.<\/li>\n<\/ul>\n\n\n\n<h2 class=\"wp-block-heading\">Tendances actuelles en mati\u00e8re de conseil en rebranding de spa<\/h2>\n\n\n\n<ul class=\"wp-block-list\">\n<li><strong>Accent sur le bien-\u00eatre holistique\u00a0:<\/strong> Les amateurs de spa modernes recherchent des exp\u00e9riences qui r\u00e9pondent \u00e0 la fois au bien-\u00eatre physique et mental. Les spas changent de nom pour mettre l&#039;accent sur le bien-\u00eatre holistique, int\u00e9grant des services tels que la m\u00e9ditation de pleine conscience, le yoga et la nutrition aux c\u00f4t\u00e9s des soins de spa traditionnels.<\/li>\n\n\n\n<li><strong>Pratiques \u00e9cologiques et durables\u00a0:<\/strong> Sustainability is becoming increasingly important to consumers. Spas are incorporating eco-friendly practices in their operations, from using organic and locally-sourced products to implementing energy-efficient systems. <\/li>\n\n\n\n<li><strong>Int\u00e9gration de la technologie\u00a0:<\/strong> L\u2019int\u00e9gration num\u00e9rique est en hausse. Les syst\u00e8mes de r\u00e9servation en ligne, les consultations virtuelles et l\u2019utilisation d\u2019applications pour des plans de bien-\u00eatre personnalis\u00e9s sont de plus en plus courants. Le changement de marque implique souvent l&#039;am\u00e9lioration de la pr\u00e9sence et des capacit\u00e9s num\u00e9riques du spa.<\/li>\n\n\n\n<li><strong>Focus sur la sant\u00e9 mentale\u00a0:<\/strong> L&#039;importance de la sant\u00e9 mentale est de plus en plus reconnue, les spas proposant des services sp\u00e9cifiquement destin\u00e9s au soulagement du stress, \u00e0 la relaxation et au bien-\u00eatre \u00e9motionnel.<\/li>\n\n\n\n<li><strong>Cr\u00e9er des exp\u00e9riences immersives\u00a0:<\/strong> Les spas se concentrent sur la cr\u00e9ation d&#039;exp\u00e9riences immersives et uniques, telles que des salles de soins th\u00e9matiques, des soins en plein air ou des th\u00e9rapies d&#039;inspiration culturelle, pour se d\u00e9marquer sur un march\u00e9 encombr\u00e9.<\/li>\n<\/ul>\n\n\n\n<h2 class=\"wp-block-heading\">Opportunit\u00e9s dans le conseil en rebranding de spa<\/h2>\n\n\n\n<p>Le conseil en rebranding de spa pr\u00e9sente de nombreuses opportunit\u00e9s pour les entreprises du secteur du bien-\u00eatre pour revitaliser leur marque, attirer de nouveaux clients et rester comp\u00e9titives. Voici quelques-unes des principales opportunit\u00e9s qui d\u00e9coulent du rebranding d\u2019un spa\u00a0:<\/p>\n\n\n\n<ul class=\"wp-block-list\">\n<li><strong>Atteindre de nouveaux segments de march\u00e9\u00a0:<\/strong> Le rebranding offre la possibilit\u00e9 de s\u00e9duire diff\u00e9rentes donn\u00e9es d\u00e9mographiques ou segments de march\u00e9. En rafra\u00eechissant l\u2019image de marque et les services, les spas peuvent attirer un plus large \u00e9ventail de clients, y compris les jeunes g\u00e9n\u00e9rations ou ceux int\u00e9ress\u00e9s par les nouvelles tendances du bien-\u00eatre.<\/li>\n\n\n\n<li><strong>Extension des services et des offres\u00a0:<\/strong> Le changement de marque offre l&#039;opportunit\u00e9 de r\u00e9\u00e9valuer et d&#039;\u00e9largir l&#039;offre de services du spa. Cela pourrait inclure l\u2019introduction de nouveaux traitements, de programmes de bien-\u00eatre ou l\u2019int\u00e9gration de services ax\u00e9s sur la technologie pour r\u00e9pondre aux besoins changeants des clients.<\/li>\n\n\n\n<li><strong>Stimuler la croissance des revenus\u00a0:<\/strong> Avec une marque rafra\u00eechie et des offres mises \u00e0 jour, les spas peuvent constater une augmentation des r\u00e9servations et des ventes. Un changement de marque efficace peut \u00e9galement conduire \u00e0 des opportunit\u00e9s de tarifs plus \u00e9lev\u00e9s sur des services exclusifs ou sp\u00e9cialis\u00e9s.<\/li>\n<\/ul>","protected":false},"excerpt":{"rendered":"<p>Le conseil en rebranding de spa red\u00e9finit l&#039;identit\u00e9 de marque d&#039;un spa, l&#039;\u00e9volution des tendances du march\u00e9, les attentes des clients et les valeurs fondamentales du spa. <\/p>","protected":false},"author":1,"featured_media":63517,"parent":44644,"menu_order":19,"comment_status":"closed","ping_status":"closed","template":"","meta":{"footnotes":""},"class_list":["post-45871","page","type-page","status-publish","has-post-thumbnail"],"_links":{"self":[{"href":"https:\/\/www.sisinternational.com\/fr\/wp-json\/wp\/v2\/pages\/45871","targetHints":{"allow":["GET"]}}],"collection":[{"href":"https:\/\/www.sisinternational.com\/fr\/wp-json\/wp\/v2\/pages"}],"about":[{"href":"https:\/\/www.sisinternational.com\/fr\/wp-json\/wp\/v2\/types\/page"}],"author":[{"embeddable":true,"href":"https:\/\/www.sisinternational.com\/fr\/wp-json\/wp\/v2\/users\/1"}],"replies":[{"embeddable":true,"href":"https:\/\/www.sisinternational.com\/fr\/wp-json\/wp\/v2\/comments?post=45871"}],"version-history":[{"count":9,"href":"https:\/\/www.sisinternational.com\/fr\/wp-json\/wp\/v2\/pages\/45871\/revisions"}],"predecessor-version":[{"id":82112,"href":"https:\/\/www.sisinternational.com\/fr\/wp-json\/wp\/v2\/pages\/45871\/revisions\/82112"}],"up":[{"embeddable":true,"href":"https:\/\/www.sisinternational.com\/fr\/wp-json\/wp\/v2\/pages\/44644"}],"wp:featuredmedia":[{"embeddable":true,"href":"https:\/\/www.sisinternational.com\/fr\/wp-json\/wp\/v2\/media\/63517"}],"wp:attachment":[{"href":"https:\/\/www.sisinternational.com\/fr\/wp-json\/wp\/v2\/media?parent=45871"}],"curies":[{"name":"wp","href":"https:\/\/api.w.org\/{rel}","templated":true}]}}