{"id":45858,"date":"2024-02-03T13:20:29","date_gmt":"2024-02-03T18:20:29","guid":{"rendered":"https:\/\/www.sisinternational.com\/?page_id=45858"},"modified":"2026-01-31T18:04:53","modified_gmt":"2026-01-31T23:04:53","slug":"conseil-en-technologie-hoteliere-intelligente","status":"publish","type":"page","link":"https:\/\/www.sisinternational.com\/fr\/solutions\/conseil-en-tourisme-de-voyage-et-en-hotellerie\/conseil-en-technologie-hoteliere-intelligente\/","title":{"rendered":"Conseil en technologie h\u00f4teli\u00e8re intelligente"},"content":{"rendered":"<h1 class=\"wp-block-heading\">Conseil en technologie h\u00f4teli\u00e8re intelligente<\/h1>\n\n\n\n<figure class=\"gb-block-image gb-block-image-b7624551\"><img loading=\"lazy\" decoding=\"async\" width=\"1456\" height=\"816\" class=\"gb-image gb-image-b7624551\" src=\"https:\/\/www.sisinternational.com\/wp-content\/uploads\/2025\/08\/Smart-home-5.jpg\" alt=\"\u00c9tudes de march\u00e9 et strat\u00e9gie internationales SIS\" title=\"Smart home (5)\" srcset=\"https:\/\/www.sisinternational.com\/wp-content\/uploads\/2025\/08\/Smart-home-5.jpg 1456w, https:\/\/www.sisinternational.com\/wp-content\/uploads\/2025\/08\/Smart-home-5-300x168.jpg 300w, https:\/\/www.sisinternational.com\/wp-content\/uploads\/2025\/08\/Smart-home-5-1024x574.jpg 1024w, https:\/\/www.sisinternational.com\/wp-content\/uploads\/2025\/08\/Smart-home-5-768x430.jpg 768w, https:\/\/www.sisinternational.com\/wp-content\/uploads\/2025\/08\/Smart-home-5-18x10.jpg 18w\" sizes=\"auto, (max-width: 1456px) 100vw, 1456px\"><\/figure>\n\n\n\n<p><\/p>\n\n\n\n<hr class=\"wp-block-separator has-alpha-channel-opacity is-style-dots\"\/>\n\n\n\n<p>Le conseil en technologie h\u00f4teli\u00e8re intelligente implique l&#039;int\u00e9gration de technologies de pointe telles que l&#039;IA, l&#039;IoT et l&#039;analyse de donn\u00e9es pour cr\u00e9er une exp\u00e9rience transparente, intuitive et m\u00e9morable pour les clients. En fait, l\u2019adoption de technologies h\u00f4teli\u00e8res intelligentes devient rapidement une r\u00e9f\u00e9rence en mati\u00e8re de r\u00e9ussite dans le secteur h\u00f4telier, ce qui rend imp\u00e9ratif pour les h\u00f4tels de comprendre, de mettre en \u0153uvre et d\u2019optimiser efficacement ces technologies.<\/p>\n\n\n\n<h2 class=\"wp-block-heading\">Comprendre le conseil en technologie h\u00f4teli\u00e8re intelligente<\/h2>\n\n\n\n<p>Smart <a title=\"Conseil en repositionnement h\u00f4telier\" href=\"https:\/\/www.sisinternational.com\/fr\/solutions\/conseil-en-tourisme-de-voyage-et-en-hotellerie\/conseil-en-repositionnement-hotelier\/\" data-wpil-monitor-id=\"2982\">hotel technology consulting<\/a> combines the nuances of hospitality management with the latest technological advancements. It transforms traditional hotel operations into highly efficient, guest-centric, and technologically advanced establishments.<\/p>\n\n\n\n<p>Cela implique de cr\u00e9er un parcours plus personnalis\u00e9, engageant et fluide pour chaque client. De la personnalisation des chambres bas\u00e9e sur l&#039;IA \u00e0 l&#039;enregistrement et au d\u00e9part mobiles, la technologie est utilis\u00e9e pour anticiper et r\u00e9pondre aux pr\u00e9f\u00e9rences uniques de chaque client. De plus, la technologie intelligente peut faciliter une meilleure communication entre le personnel de l&#039;h\u00f4tel et les clients, garantissant que les demandes et les commentaires sont trait\u00e9s rapidement et efficacement.<\/p>\n\n\n\n<p>The adoption of smart hotel technology consulting brings a multitude of benefits to the hospitality sector, including:<\/p>\n\n\n\n<ul class=\"wp-block-list\">\n<li><strong>Informations bas\u00e9es sur les donn\u00e9es\u00a0:<\/strong> L&#039;utilisation de technologies intelligentes permet aux h\u00f4tels de collecter et d&#039;analyser de grandes quantit\u00e9s de donn\u00e9es. Ces informations sont inestimables pour comprendre les pr\u00e9f\u00e9rences des clients, optimiser les strat\u00e9gies de tarification et prendre des d\u00e9cisions \u00e9clair\u00e9es concernant les op\u00e9rations et le marketing des h\u00f4tels.<\/li>\n\n\n\n<li><strong>Augmentation des opportunit\u00e9s de revenus\u00a0:<\/strong> La technologie intelligente ouvre de nouvelles voies pour g\u00e9n\u00e9rer des revenus. Par exemple, la vente incitative de services personnalis\u00e9s ou l&#039;utilisation d&#039;analyses de donn\u00e9es pour des campagnes marketing cibl\u00e9es peuvent augmenter consid\u00e9rablement la rentabilit\u00e9 d&#039;un h\u00f4tel.<\/li>\n\n\n\n<li><strong>Am\u00e9liorations en mati\u00e8re de durabilit\u00e9\u00a0:<\/strong> De nombreuses technologies intelligentes contribuent aux efforts de d\u00e9veloppement durable, telles que les syst\u00e8mes d&#039;\u00e9clairage et de climatisation \u00e9conomes en \u00e9nergie.<\/li>\n\n\n\n<li><strong>S\u00e9curit\u00e9 renforc\u00e9e:<\/strong> Les technologies intelligentes telles que les cl\u00e9s num\u00e9riques et les syst\u00e8mes de surveillance avanc\u00e9s garantissent une plus grande s\u00e9curit\u00e9 et une plus grande tranquillit\u00e9 d&#039;esprit aux clients et au personnel.<\/li>\n<\/ul>\n\n\n\n<h2 class=\"wp-block-heading\">Quand effectuer un conseil en technologie h\u00f4teli\u00e8re intelligente<\/h2>\n\n\n\n<p>Here are some key moments to consider smart hotel technology consulting:<\/p>\n\n\n\n<ul class=\"wp-block-list\">\n<li><strong>S&#039;adapter aux attentes changeantes des clients\u00a0: <\/strong>Lorsqu&#039;un h\u00f4tel constate un \u00e9cart entre ses services actuels et l&#039;\u00e9volution des attentes des clients, notamment en termes de technologie et de personnalisation, il est temps de faire appel \u00e0 des conseils en technologie h\u00f4teli\u00e8re intelligente. Les clients d&#039;aujourd&#039;hui recherchent souvent des exp\u00e9riences personnalis\u00e9es et de haute technologie, et ne pas les proposer peut placer un h\u00f4tel dans une position concurrentielle d\u00e9savantageuse.<\/li>\n\n\n\n<li><strong>Les inefficacit\u00e9s op\u00e9rationnelles deviennent \u00e9videntes\u00a0: <\/strong>Si un h\u00f4tel est confront\u00e9 \u00e0 des d\u00e9fis op\u00e9rationnels tels que des co\u00fbts \u00e9nerg\u00e9tiques \u00e9lev\u00e9s, un d\u00e9ploiement de personnel inefficace ou des services retard\u00e9s, le conseil en technologie h\u00f4teli\u00e8re intelligente peut fournir des solutions. Des technologies telles que l\u2019IoT et l\u2019IA peuvent rationaliser les op\u00e9rations, les rendant plus efficaces et plus rentables.<\/li>\n\n\n\n<li><strong>Mise \u00e0 l\u2019\u00e9chelle des op\u00e9rations\u00a0: <\/strong>\u00c0 mesure qu\u2019un h\u00f4tel se d\u00e9veloppe ou \u00e9tend ses services, l\u2019int\u00e9gration d\u2019une technologie intelligente devient cruciale pour g\u00e9rer efficacement cette \u00e9chelle accrue. Le conseil peut aider \u00e0 mettre en \u0153uvre des solutions \u00e9volutives adapt\u00e9es \u00e0 la croissance sans compromettre la qualit\u00e9 du service.<\/li>\n\n\n\n<li><strong>R\u00e9pondre \u00e0 la pression concurrentielle\u00a0: <\/strong>Si les concurrents adoptent de plus en plus de technologies intelligentes et gagnent des parts de march\u00e9, c&#039;est le signe qu&#039;un h\u00f4tel doit moderniser son approche. Rester comp\u00e9titif n\u00e9cessite souvent d&#039;adopter des technologies similaires pour offrir des exp\u00e9riences clients comparables ou sup\u00e9rieures.<\/li>\n\n\n\n<li><strong>N\u00e9cessit\u00e9 d\u2019une prise de d\u00e9cision fond\u00e9e sur les donn\u00e9es\u00a0: <\/strong>\u00c0 une \u00e9poque o\u00f9 les donn\u00e9es sont reines, les h\u00f4tels qui manquent d\u2019informations bas\u00e9es sur les donn\u00e9es pour prendre des d\u00e9cisions devraient envisager des conseils en technologie h\u00f4teli\u00e8re intelligente. La capacit\u00e9 d&#039;analyser les donn\u00e9es des clients pour des services personnalis\u00e9s, des op\u00e9rations efficaces et un marketing strat\u00e9gique est inestimable.<\/li>\n<\/ul>\n\n\n\n<h2 class=\"wp-block-heading\">Principaux acteurs du march\u00e9 des technologies h\u00f4teli\u00e8res intelligentes<\/h2>\n\n\n\n<p>Le march\u00e9 de la technologie h\u00f4teli\u00e8re intelligente se caract\u00e9rise par un large \u00e9ventail d\u2019acteurs, chacun apportant des solutions innovantes et fa\u00e7onnant l\u2019avenir des op\u00e9rations h\u00f4teli\u00e8res et de l\u2019exp\u00e9rience client. Comprendre qui sont ces acteurs cl\u00e9s et leurs offres est crucial pour tout h\u00f4tel qui envisage de se lancer dans une aventure technologique intelligente.<\/p>\n\n\n\n<ul class=\"wp-block-list\">\n<li><strong>G\u00e9ants mondiaux de la technologie\u00a0:<\/strong> Des entreprises comme Google, Amazon et Apple sont influentes dans le domaine technologique des h\u00f4tels intelligents, principalement gr\u00e2ce \u00e0 leurs appareils \u00e0 commande vocale et leurs plates-formes bas\u00e9es sur l&#039;IA.<\/li>\n\n\n\n<li><strong>Fournisseurs de solutions IoT\u00a0:<\/strong> Des soci\u00e9t\u00e9s comme Control4 et Honeywell sont \u00e0 l&#039;avant-garde de la fourniture de solutions Internet des objets (IoT) pour les h\u00f4tels. Il s&#039;agit notamment de thermostats intelligents, de commandes d&#039;\u00e9clairage et de syst\u00e8mes de gestion de l&#039;\u00e9nergie qui am\u00e9liorent l&#039;efficacit\u00e9 op\u00e9rationnelle et le confort des clients.<\/li>\n\n\n\n<li><strong>Sp\u00e9cialistes de la s\u00e9curit\u00e9 des donn\u00e9es et de la confidentialit\u00e9\u00a0:<\/strong> Alors que les h\u00f4tels collectent et g\u00e8rent des quantit\u00e9s croissantes de donn\u00e9es sur leurs clients, les entreprises sp\u00e9cialis\u00e9es dans la s\u00e9curit\u00e9 et la confidentialit\u00e9 des donn\u00e9es deviennent cruciales. Des entreprises comme Symantec et McAfee proposent des solutions pour prot\u00e9ger les h\u00f4tels contre les violations de donn\u00e9es et les cybermenaces.<\/li>\n\n\n\n<li><strong>Innovateurs en mati\u00e8re de d\u00e9veloppement durable\u00a0:<\/strong> Il existe \u00e9galement des acteurs ax\u00e9s sur la durabilit\u00e9, proposant des solutions technologiques respectueuses de l&#039;environnement. Des entreprises comme Siemens et Schneider Electric proposent des syst\u00e8mes intelligents de gestion de l&#039;\u00e9nergie qui aident les h\u00f4tels \u00e0 r\u00e9duire leur empreinte environnementale.<\/li>\n<\/ul>\n\n\n\n<h2 class=\"wp-block-heading\">Tendances actuelles en mati\u00e8re de conseil en technologie h\u00f4teli\u00e8re intelligente<\/h2>\n\n\n\n<p>Le paysage de la technologie h\u00f4teli\u00e8re intelligente \u00e9volue continuellement, avec de nouvelles tendances \u00e9mergentes alors que les h\u00f4tels cherchent \u00e0 am\u00e9liorer l&#039;exp\u00e9rience client et \u00e0 rationaliser leurs op\u00e9rations. Se tenir au courant de ces tendances est essentiel pour que les h\u00f4tels restent comp\u00e9titifs et pertinents dans le secteur h\u00f4telier.<\/p>\n\n\n\n<ul class=\"wp-block-list\">\n<li><strong>Personnalisation gr\u00e2ce \u00e0 l&#039;IA\u00a0:<\/strong> One of the most significant trends is the use of Artificial Intelligence (AI) to personalize guest experiences. <\/li>\n\n\n\n<li><strong>Int\u00e9gration mobile\u00a0:<\/strong> L&#039;int\u00e9gration de la technologie mobile dans les op\u00e9rations h\u00f4teli\u00e8res continue d&#039;\u00eatre une tendance importante. L&#039;enregistrement et le d\u00e9part mobiles, les cl\u00e9s num\u00e9riques des chambres et la possibilit\u00e9 de contr\u00f4ler les fonctionnalit\u00e9s de la chambre via une application pour smartphone deviennent des attentes standard pour les voyageurs f\u00e9rus de technologie.<\/li>\n\n\n\n<li><strong>Internet des objets (IoT) pour l&#039;efficacit\u00e9 op\u00e9rationnelle\u00a0:<\/strong> L&#039;IoT est de plus en plus utilis\u00e9 pour am\u00e9liorer l&#039;efficacit\u00e9 op\u00e9rationnelle dans les h\u00f4tels. Les capteurs intelligents pour la gestion de l&#039;\u00e9nergie, la maintenance pr\u00e9dictive utilisant les donn\u00e9es de l&#039;IoT et la gestion automatis\u00e9e des stocks sont des exemples de la fa\u00e7on dont l&#039;IoT transforme les op\u00e9rations h\u00f4teli\u00e8res.<\/li>\n\n\n\n<li><strong>Connectivit\u00e9 am\u00e9lior\u00e9e\u00a0:<\/strong> L\u2019Internet haut d\u00e9bit et les r\u00e9seaux Wi-Fi robustes deviennent plus essentiels que jamais. Les h\u00f4tels investissent dans les infrastructures pour garantir une connectivit\u00e9 transparente, essentielle aux services de streaming, au travail \u00e0 distance et au fonctionnement des appareils intelligents.<\/li>\n<\/ul>\n\n\n\n<h2 class=\"wp-block-heading\">Opportunit\u00e9s de conseil en technologie h\u00f4teli\u00e8re intelligente pour les entreprises<\/h2>\n\n\n\n<ul class=\"wp-block-list\">\n<li><strong>Rationalisation des op\u00e9rations\u00a0:<\/strong> Le conseil en technologie intelligente peut aider les h\u00f4tels \u00e0 rationaliser leurs op\u00e9rations, les rendant ainsi plus efficaces et plus rentables. Les syst\u00e8mes automatis\u00e9s d\u2019enregistrement\/d\u00e9part, de service en chambre et de planification du m\u00e9nage peuvent r\u00e9duire les co\u00fbts op\u00e9rationnels et am\u00e9liorer la productivit\u00e9 du personnel.<\/li>\n\n\n\n<li><strong>Prise de d\u00e9cision bas\u00e9e sur les donn\u00e9es\u00a0:<\/strong> La mise en \u0153uvre de technologies intelligentes permet aux h\u00f4tels de collecter et d&#039;analyser de grandes quantit\u00e9s de donn\u00e9es. Ces donn\u00e9es peuvent \u00eatre utilis\u00e9es pour prendre des d\u00e9cisions \u00e9clair\u00e9es concernant les strat\u00e9gies marketing, les am\u00e9liorations op\u00e9rationnelles et les services clients, conduisant ainsi \u00e0 de meilleurs r\u00e9sultats commerciaux.<\/li>\n\n\n\n<li><strong>Am\u00e9liorer l\u2019efficacit\u00e9 \u00e9nerg\u00e9tique et la durabilit\u00e9\u00a0:<\/strong> La technologie h\u00f4teli\u00e8re intelligente peut am\u00e9liorer consid\u00e9rablement l\u2019efficacit\u00e9 \u00e9nerg\u00e9tique, entra\u00eenant des \u00e9conomies de co\u00fbts et une empreinte environnementale r\u00e9duite. Les syst\u00e8mes intelligents d\u2019\u00e9clairage, de chauffage et de climatisation peuvent s\u2019ajuster automatiquement en fonction de l\u2019occupation et des pr\u00e9f\u00e9rences, r\u00e9duisant ainsi le gaspillage d\u2019\u00e9nergie.<\/li>\n<\/ul>","protected":false},"excerpt":{"rendered":"<p>Le conseil en technologie h\u00f4teli\u00e8re intelligente combine les nuances de la gestion h\u00f4teli\u00e8re avec les derni\u00e8res avanc\u00e9es technologiques. <\/p>","protected":false},"author":1,"featured_media":64962,"parent":44644,"menu_order":18,"comment_status":"closed","ping_status":"closed","template":"","meta":{"footnotes":""},"class_list":["post-45858","page","type-page","status-publish","has-post-thumbnail"],"_links":{"self":[{"href":"https:\/\/www.sisinternational.com\/fr\/wp-json\/wp\/v2\/pages\/45858","targetHints":{"allow":["GET"]}}],"collection":[{"href":"https:\/\/www.sisinternational.com\/fr\/wp-json\/wp\/v2\/pages"}],"about":[{"href":"https:\/\/www.sisinternational.com\/fr\/wp-json\/wp\/v2\/types\/page"}],"author":[{"embeddable":true,"href":"https:\/\/www.sisinternational.com\/fr\/wp-json\/wp\/v2\/users\/1"}],"replies":[{"embeddable":true,"href":"https:\/\/www.sisinternational.com\/fr\/wp-json\/wp\/v2\/comments?post=45858"}],"version-history":[{"count":9,"href":"https:\/\/www.sisinternational.com\/fr\/wp-json\/wp\/v2\/pages\/45858\/revisions"}],"predecessor-version":[{"id":82114,"href":"https:\/\/www.sisinternational.com\/fr\/wp-json\/wp\/v2\/pages\/45858\/revisions\/82114"}],"up":[{"embeddable":true,"href":"https:\/\/www.sisinternational.com\/fr\/wp-json\/wp\/v2\/pages\/44644"}],"wp:featuredmedia":[{"embeddable":true,"href":"https:\/\/www.sisinternational.com\/fr\/wp-json\/wp\/v2\/media\/64962"}],"wp:attachment":[{"href":"https:\/\/www.sisinternational.com\/fr\/wp-json\/wp\/v2\/media?parent=45858"}],"curies":[{"name":"wp","href":"https:\/\/api.w.org\/{rel}","templated":true}]}}