{"id":45850,"date":"2024-02-02T18:38:13","date_gmt":"2024-02-02T23:38:13","guid":{"rendered":"https:\/\/www.sisinternational.com\/?page_id=45850"},"modified":"2026-01-30T23:37:11","modified_gmt":"2026-01-31T04:37:11","slug":"conseil-en-rebranding-dhotel-daffaires","status":"publish","type":"page","link":"https:\/\/www.sisinternational.com\/fr\/solutions\/conseil-en-tourisme-de-voyage-et-en-hotellerie\/conseil-en-rebranding-dhotel-daffaires\/","title":{"rendered":"Conseil en rebranding d&#039;h\u00f4tels d&#039;affaires"},"content":{"rendered":"<h1 class=\"wp-block-heading\">Conseil en rebranding d&#039;h\u00f4tels d&#039;affaires<\/h1>\n\n\n\n<figure class=\"gb-block-image gb-block-image-7456565a\"><img loading=\"lazy\" decoding=\"async\" width=\"1456\" height=\"816\" class=\"gb-image gb-image-7456565a\" src=\"https:\/\/www.sisinternational.com\/wp-content\/uploads\/2025\/10\/Management-Consulting-Automation-2.jpg\" alt=\"\u00c9tudes de march\u00e9 et strat\u00e9gie internationales SIS\" title=\"Management Consulting Automation (2)\" srcset=\"https:\/\/www.sisinternational.com\/wp-content\/uploads\/2025\/10\/Management-Consulting-Automation-2.jpg 1456w, https:\/\/www.sisinternational.com\/wp-content\/uploads\/2025\/10\/Management-Consulting-Automation-2-300x168.jpg 300w, https:\/\/www.sisinternational.com\/wp-content\/uploads\/2025\/10\/Management-Consulting-Automation-2-1024x574.jpg 1024w, https:\/\/www.sisinternational.com\/wp-content\/uploads\/2025\/10\/Management-Consulting-Automation-2-768x430.jpg 768w, https:\/\/www.sisinternational.com\/wp-content\/uploads\/2025\/10\/Management-Consulting-Automation-2-18x10.jpg 18w\" sizes=\"auto, (max-width: 1456px) 100vw, 1456px\"><\/figure>\n\n\n\n<p><\/p>\n\n\n\n<hr class=\"wp-block-separator has-alpha-channel-opacity is-style-dots\"\/>\n\n\n\n<p>Le conseil en rebranding d&#039;h\u00f4tels d&#039;affaires consiste \u00e0 comprendre que dans le domaine concurrentiel des voyages d&#039;affaires, chaque d\u00e9tail compte \u2013 de l&#039;efficacit\u00e9 des services d&#039;enregistrement \u00e0 la fluidit\u00e9 des installations de conf\u00e9rence. Il aide les entreprises \u00e0 \u00e9laborer un r\u00e9cit qui parle de confort, de commodit\u00e9, d&#039;innovation, de connectivit\u00e9 et de professionnalisme in\u00e9gal\u00e9.<\/p>\n\n\n\n<h2 class=\"wp-block-heading\">Qu\u2019est-ce que le conseil en rebranding d\u2019h\u00f4tels d\u2019affaires ?<\/h2>\n\n\n\n<p>Business <a title=\"Conseil en rebranding d&#039;h\u00f4tels acceptant les animaux de compagnie\" href=\"https:\/\/www.sisinternational.com\/fr\/solutions\/conseil-en-tourisme-de-voyage-et-en-hotellerie\/conseil-en-rebranding-dhotels-acceptant-les-animaux-de-compagnie\/\" data-wpil-monitor-id=\"2823\">hotel rebranding consulting<\/a> involves a comprehensive analysis of the hotel&#8217;s current market position, brand perception, and operational efficiencies to understand the hotel&#8217;s strengths, weaknesses, opportunities, and threats in the context of the current business travel market.<\/p>\n\n\n\n<p>Moreover, this form of <a title=\"Conseil H\u00f4tellerie du Futur\" href=\"https:\/\/www.sisinternational.com\/fr\/solutions\/conseil-en-tourisme-de-voyage-et-en-hotellerie\/conseil-en-hotellerie-du-futur\/\" data-wpil-monitor-id=\"7389\">consultant<\/a> is highly focused on aligning the hotel&#8217;s services and amenities with the specific needs of business travelers. From the design of meeting rooms and the speed of internet services to the efficiency of check-in and check-out processes, every aspect is scrutinized and optimized to ensure that the hotel caters effectively to its target clientele.<\/p>\n\n\n\n<h2 class=\"wp-block-heading\">Pourquoi le conseil en rebranding d\u2019h\u00f4tels d\u2019affaires est-il important aujourd\u2019hui ?<\/h2>\n\n\n\n<p>Business <a title=\"Conseil en rebranding d&#039;h\u00f4tels \u00e9conomiques\" href=\"https:\/\/www.sisinternational.com\/fr\/solutions\/conseil-en-tourisme-de-voyage-et-en-hotellerie\/conseil-en-rebranding-dhotels-economiques\/\" data-wpil-monitor-id=\"2882\">hotel rebranding consulting<\/a> ensures that hotels accurately understand and meet the expectations of their clientele, helping hotels to identify these needs and reshape their offerings accordingly.<\/p>\n\n\n\n<p>Moreover, in an era where brand perception can significantly influence decision-making, rebranding consulting is essential for crafting a compelling brand narrative. It creates a brand identity that resonates with values such as professionalism, innovation, and excellence. This <a title=\"Rebranding des h\u00f4tels-boutiques\" href=\"https:\/\/www.sisinternational.com\/fr\/solutions\/conseil-en-tourisme-de-voyage-et-en-hotellerie\/refonte-de-limage-dun-hotel-boutique\/\" data-wpil-monitor-id=\"2901\">rebranding effort positions the hotel<\/a> not just as a lodging option but as a partner in the traveler&#8217;s business journey, enhancing brand loyalty and preference.<\/p>\n\n\n\n<h2 class=\"wp-block-heading\">Les principaux avantages du conseil en rebranding d\u2019h\u00f4tels d\u2019affaires<\/h2>\n\n\n\n<p>Le conseil en rebranding d&#039;h\u00f4tels d&#039;affaires offre une myriade d&#039;avantages sur le march\u00e9 concurrentiel des voyages d&#039;affaires \u2013 et voici comment il peut transformer et \u00e9lever la marque d&#039;un h\u00f4tel\u00a0:<\/p>\n\n\n\n<ul class=\"wp-block-list\">\n<li><strong>Avantage concurrentiel sur le march\u00e9\u00a0:<\/strong> In a fiercely competitive industry, business hotel <a title=\"Comment d\u00e9velopper votre entreprise\" data-wpil-monitor-id=\"1945\" href=\"https:\/\/www.sisinternational.com\/fr\/comment-developper-votre-entreprise\/\">rebranding consulting provides the insights and strategies<\/a> necessary to differentiate the hotel from its competitors. <\/li>\n\n\n\n<li><strong>L&#039;excellence op\u00e9rationnelle:<\/strong> Ce conseil se penche sur l&#039;optimisation de l&#039;efficacit\u00e9 op\u00e9rationnelle, en garantissant que chaque aspect des op\u00e9rations de l&#039;h\u00f4tel est align\u00e9 sur la nouvelle strat\u00e9gie de marque.<\/li>\n\n\n\n<li><strong>Pr\u00e9sence num\u00e9rique robuste\u00a0:<\/strong> Le conseil en rebranding des h\u00f4tels d&#039;affaires garantit que les strat\u00e9gies num\u00e9riques de l&#039;h\u00f4tel, de son site Web aux r\u00e9seaux sociaux, sont engageantes, coh\u00e9rentes avec la nouvelle identit\u00e9 de marque et g\u00e9r\u00e9es efficacement pour am\u00e9liorer la visibilit\u00e9 et l&#039;interaction avec les clients.<\/li>\n<\/ul>\n\n\n\n<h2 class=\"wp-block-heading\">Comment se d\u00e9roule le conseil en rebranding d\u2019h\u00f4tels d\u2019affaires ?<\/h2>\n\n\n\n<p>The process begins with a thorough assessment phase, where the consulting team conducts an in-depth analysis of the hotel&#8217;s current brand position, market performance, guest feedback, and operational efficiencies. <\/p>\n\n\n\n<p>La prochaine \u00e9tape est la planification strat\u00e9gique. \u00c0 ce stade, l&#039;\u00e9quipe de consultants collabore avec la direction de l&#039;h\u00f4tel pour d\u00e9finir la nouvelle vision, la mission et les valeurs de la marque. Des aspects cl\u00e9s tels que le march\u00e9 cible de l&#039;h\u00f4tel, les points de diff\u00e9renciation de la marque et les normes de service sont discut\u00e9s et affin\u00e9s.<\/p>\n\n\n\n<p>Une fois la strat\u00e9gie d\u00e9finie, l\u2019accent est mis sur la mise en \u0153uvre. Cette \u00e9tape consiste \u00e0 traduire la vision strat\u00e9gique en actions et changements tangibles. Cela peut inclure la refonte de l&#039;identit\u00e9 visuelle de l&#039;h\u00f4tel (comme les logos et les \u00e9l\u00e9ments de marque), la refonte des strat\u00e9gies de marketing et de communication, l&#039;am\u00e9lioration des mod\u00e8les de prestation de services et potentiellement la r\u00e9novation des espaces physiques. La phase de mise en \u0153uvre est caract\u00e9ris\u00e9e par une gestion de projet d\u00e9taill\u00e9e, garantissant que chaque aspect du changement de marque est ex\u00e9cut\u00e9 dans les d\u00e9lais, dans les limites du budget et selon les normes les plus \u00e9lev\u00e9es.<\/p>\n\n\n\n<h2 class=\"wp-block-heading\">Conseil en rebranding d&#039;h\u00f4tels d&#039;affaires par rapport aux \u00e9tudes de march\u00e9 traditionnelles<\/h2>\n\n\n\n<p>La port\u00e9e du conseil en rebranding d\u2019h\u00f4tels d\u2019affaires est beaucoup plus large que les \u00e9tudes de march\u00e9 traditionnelles. Alors que les \u00e9tudes de march\u00e9 se concentrent g\u00e9n\u00e9ralement sur la collecte de donn\u00e9es sur le march\u00e9, les concurrents et les consommateurs, le conseil en rebranding va encore plus loin. Cela implique l&#039;application strat\u00e9gique des donn\u00e9es pour g\u00e9n\u00e9rer des changements fondamentaux dans l&#039;identit\u00e9 de marque de l&#039;h\u00f4tel, l&#039;exp\u00e9rience client et les strat\u00e9gies op\u00e9rationnelles.<\/p>\n\n\n\n<p> The insights gained from market research are used as a foundation to develop and implement a comprehensive rebranding strategy, encompassing everything from visual identity and service offerings to marketing strategies and internal processes.<\/p>\n\n\n\n<p>Enfin, la mesure du succ\u00e8s du conseil en rebranding d&#039;h\u00f4tels d&#039;affaires est directement li\u00e9e \u00e0 l&#039;impact des efforts de rebranding sur les performances de l&#039;h\u00f4tel. Alors que les \u00e9tudes de march\u00e9 traditionnelles peuvent mesurer le succ\u00e8s en termes d&#039;exactitude et de pertinence des donn\u00e9es collect\u00e9es, le conseil en rebranding mesure le succ\u00e8s sur la base de r\u00e9sultats tangibles, tels qu&#039;une meilleure satisfaction des clients, une fid\u00e9lit\u00e9 accrue \u00e0 la marque et une performance financi\u00e8re am\u00e9lior\u00e9e.<\/p>\n\n\n\n<h2 class=\"wp-block-heading\">Opportunit\u00e9s de rebranding d\u2019h\u00f4tels d\u2019affaires pour les entreprises<\/h2>\n\n\n\n<p>Le conseil en rebranding d&#039;h\u00f4tels d&#039;affaires offre aux h\u00f4tels une multitude d&#039;opportunit\u00e9s pour revitaliser leur marque, am\u00e9liorer l&#039;exp\u00e9rience client et renforcer leur position sur le march\u00e9 concurrentiel des voyages d&#039;affaires. Voici comment le conseil en rebranding d&#039;h\u00f4tels d&#039;affaires peut cr\u00e9er des opportunit\u00e9s significatives pour les entreprises\u00a0:<\/p>\n\n\n\n<ul class=\"wp-block-list\">\n<li><strong>Cibler de nouveaux segments d\u2019activit\u00e9\u00a0:<\/strong> Le rebranding ouvre la porte au ciblage de nouveaux segments de voyageurs d\u2019affaires. Gr\u00e2ce \u00e0 une compr\u00e9hension approfondie et \u00e0 une adaptation aux besoins sp\u00e9cifiques de niches telles que les entrepreneurs technologiques, les participants \u00e0 des conf\u00e9rences internationales ou les organisateurs de retraites d&#039;entreprise, les h\u00f4tels peuvent exploiter de nouvelles sources de revenus et \u00e9largir leur client\u00e8le.<\/li>\n\n\n\n<li><strong>Renforcer la fid\u00e9lit\u00e9 \u00e0 la marque\u00a0:<\/strong> Un rebranding r\u00e9ussi peut am\u00e9liorer consid\u00e9rablement la perception de la marque d&#039;un h\u00f4tel aupr\u00e8s de ses clients. En tenant la nouvelle promesse de la marque et en d\u00e9passant les attentes de leurs clients, les h\u00f4tels peuvent favoriser une plus grande fid\u00e9lit\u00e9 \u00e0 la marque, transformant ainsi les clients satisfaits en d\u00e9fenseurs de la marque et en clients fid\u00e8les.<\/li>\n\n\n\n<li><strong>Stimuler l\u2019innovation dans les services et les \u00e9quipements\u00a0:<\/strong> Business hotel rebranding consulting encourages innovation in services and amenities tailored for business travelers. <\/li>\n<\/ul>","protected":false},"excerpt":{"rendered":"<p>Le conseil en rebranding d&#039;h\u00f4tels d&#039;affaires comprend que dans les voyages d&#039;affaires, chaque d\u00e9tail compte, de l&#039;enregistrement aux installations de conf\u00e9rence.<\/p>","protected":false},"author":1,"featured_media":71588,"parent":44644,"menu_order":16,"comment_status":"closed","ping_status":"closed","template":"","meta":{"footnotes":""},"class_list":["post-45850","page","type-page","status-publish","has-post-thumbnail"],"_links":{"self":[{"href":"https:\/\/www.sisinternational.com\/fr\/wp-json\/wp\/v2\/pages\/45850","targetHints":{"allow":["GET"]}}],"collection":[{"href":"https:\/\/www.sisinternational.com\/fr\/wp-json\/wp\/v2\/pages"}],"about":[{"href":"https:\/\/www.sisinternational.com\/fr\/wp-json\/wp\/v2\/types\/page"}],"author":[{"embeddable":true,"href":"https:\/\/www.sisinternational.com\/fr\/wp-json\/wp\/v2\/users\/1"}],"replies":[{"embeddable":true,"href":"https:\/\/www.sisinternational.com\/fr\/wp-json\/wp\/v2\/comments?post=45850"}],"version-history":[{"count":12,"href":"https:\/\/www.sisinternational.com\/fr\/wp-json\/wp\/v2\/pages\/45850\/revisions"}],"predecessor-version":[{"id":82072,"href":"https:\/\/www.sisinternational.com\/fr\/wp-json\/wp\/v2\/pages\/45850\/revisions\/82072"}],"up":[{"embeddable":true,"href":"https:\/\/www.sisinternational.com\/fr\/wp-json\/wp\/v2\/pages\/44644"}],"wp:featuredmedia":[{"embeddable":true,"href":"https:\/\/www.sisinternational.com\/fr\/wp-json\/wp\/v2\/media\/71588"}],"wp:attachment":[{"href":"https:\/\/www.sisinternational.com\/fr\/wp-json\/wp\/v2\/media?parent=45850"}],"curies":[{"name":"wp","href":"https:\/\/api.w.org\/{rel}","templated":true}]}}