{"id":45846,"date":"2024-02-02T18:25:12","date_gmt":"2024-02-02T23:25:12","guid":{"rendered":"https:\/\/www.sisinternational.com\/?page_id=45846"},"modified":"2026-01-31T18:14:45","modified_gmt":"2026-01-31T23:14:45","slug":"conseil-en-rebranding-de-station","status":"publish","type":"page","link":"https:\/\/www.sisinternational.com\/fr\/solutions\/conseil-en-tourisme-de-voyage-et-en-hotellerie\/conseil-en-rebranding-de-station\/","title":{"rendered":"Conseil en rebranding de complexe h\u00f4telier"},"content":{"rendered":"<h1 class=\"wp-block-heading\">Conseil en rebranding de complexe h\u00f4telier<\/h1>\n\n\n\n<figure class=\"gb-block-image gb-block-image-6fdd8c11\"><img loading=\"lazy\" decoding=\"async\" width=\"1456\" height=\"816\" class=\"gb-image gb-image-6fdd8c11\" src=\"https:\/\/www.sisinternational.com\/wp-content\/uploads\/2025\/08\/Hotel-furniture-3.jpg\" alt=\"\u00c9tudes de march\u00e9 et strat\u00e9gie internationales SIS\" title=\"Hotel furniture (3)\" srcset=\"https:\/\/www.sisinternational.com\/wp-content\/uploads\/2025\/08\/Hotel-furniture-3.jpg 1456w, https:\/\/www.sisinternational.com\/wp-content\/uploads\/2025\/08\/Hotel-furniture-3-300x168.jpg 300w, https:\/\/www.sisinternational.com\/wp-content\/uploads\/2025\/08\/Hotel-furniture-3-1024x574.jpg 1024w, https:\/\/www.sisinternational.com\/wp-content\/uploads\/2025\/08\/Hotel-furniture-3-768x430.jpg 768w, https:\/\/www.sisinternational.com\/wp-content\/uploads\/2025\/08\/Hotel-furniture-3-18x10.jpg 18w\" sizes=\"auto, (max-width: 1456px) 100vw, 1456px\"><\/figure>\n\n\n\n<p><\/p>\n\n\n\n<hr class=\"wp-block-separator has-alpha-channel-opacity is-style-dots\"\/>\n\n\n\n<p>Le conseil en rebranding de complexe h\u00f4telier est plus qu&#039;un service\u00a0; c&#039;est un partenariat pour transformer une station en une destination privil\u00e9gi\u00e9e. Il s&#039;agit de comprendre que dans le domaine de l&#039;hospitalit\u00e9, la magie r\u00e9side dans les d\u00e9tails \u2013 et que chaque interaction et chaque souvenir fait partie int\u00e9grante de la tapisserie de la nouvelle histoire de la marque du complexe.<\/p>\n\n\n\n<h2 class=\"wp-block-heading\">Comprendre le conseil en rebranding de complexe h\u00f4telier<\/h2>\n\n\n\n<p><a title=\"\u00c9tude de march\u00e9 sur le rebranding\" href=\"https:\/\/www.sisinternational.com\/fr\/solutions\/solutions-de-branding-et-de-recherche-client\/etude-de-marche-sur-le-rebranding\/\" data-wpil-monitor-id=\"6695\">Resort rebranding consulting<\/a> aligns the resort&#8217;s essence with the evolving market trends, guest preferences, and competitive landscape through the analysis of the resort&#8217;s current market position, brand perception, and operational efficiencies. It&#8217;s about taking a step back to view the resort from a bird&#8217;s-eye perspective, understanding its strengths, weaknesses, and unique selling propositions.<\/p>\n\n\n\n<p>De plus, ce conseil est fortement ax\u00e9 sur l\u2019exp\u00e9rience client. L\u2019objectif ultime est de transformer le complexe d\u2019une mani\u00e8re qui refl\u00e8te une image de marque rafra\u00eechie et \u00e9l\u00e8ve l\u2019exp\u00e9rience client vers de nouveaux sommets.<\/p>\n\n\n\n<h2 class=\"wp-block-heading\">Pourquoi le conseil en rebranding de complexe h\u00f4telier est-il un outil essentiel aujourd&#039;hui\u00a0?<\/h2>\n\n\n\n<p>Le conseil en rebranding de complexe approfondit la compr\u00e9hension de l&#039;identit\u00e9 et du r\u00e9cit uniques du complexe afin de cr\u00e9er une histoire de marque convaincante qui r\u00e9sonne \u00e9motionnellement aupr\u00e8s des clients, faisant de leur s\u00e9jour une exp\u00e9rience inoubliable.<\/p>\n\n\n\n<p>Resort rebranding consulting also addresses the online presence by integrating digital strategies into the rebranding process. From a robust online presence to engaging <a title=\"Strat\u00e9gies de m\u00e9dias sociaux pour les petites entreprises\" href=\"https:\/\/www.sisinternational.com\/fr\/les-medias-sociaux-dans-les-petites-entreprises\/\" data-wpil-monitor-id=\"8149\">social media strategies<\/a>, it ensures that the resort&#8217;s digital persona is a true reflection of its brand and an effective tool for engaging with guests.<\/p>\n\n\n\n<h2 class=\"wp-block-heading\">Comment se d\u00e9roule le conseil en rebranding de complexe h\u00f4telier\u00a0?<\/h2>\n\n\n\n<p>Initially, the process begins with a thorough assessment of the resort&#8217;s current brand position, market performance, and operational efficiencies. This involves an in-depth <a title=\"CHAID Analyse \u00c9tude de march\u00e9\" href=\"https:\/\/www.sisinternational.com\/fr\/solutions\/solutions-de-recherche-qualitative-et-quantitative\/etude-de-marche-danalyse-chaid\/\" data-wpil-monitor-id=\"8154\">analysis of market<\/a> trends, competitive landscape, guest feedback, and internal processes. The aim is to build a comprehensive picture of where the resort stands and identify the areas where rebranding can make the most significant impact.<\/p>\n\n\n\n<p>La prochaine \u00e9tape est la planification strat\u00e9gique. \u00c0 ce stade, l&#039;\u00e9quipe de consultants collabore avec la direction de la station pour d\u00e9finir la nouvelle vision, la mission et les valeurs de la marque. Cette phase consiste \u00e0 \u00e9laborer le r\u00e9cit unique de la marque, \u00e0 l&#039;aligner sur les attentes du march\u00e9 cible et \u00e0 fixer des objectifs clairs et mesurables pour l&#039;initiative de rebranding.<\/p>\n\n\n\n<p>Une fois la strat\u00e9gie en place, l\u2019accent est mis sur la mise en \u0153uvre. Cela implique de traduire la vision strat\u00e9gique en changements tangibles. Cela peut inclure la refonte de l&#039;identit\u00e9 visuelle de la station, la refonte des supports marketing, l&#039;am\u00e9lioration des mod\u00e8les de prestation de services et m\u00eame la r\u00e9novation des espaces physiques.<\/p>\n\n\n\n<p>Enfin, le succ\u00e8s du processus de conseil en rebranding de la station est surveill\u00e9 et \u00e9valu\u00e9 en permanence par rapport aux objectifs pr\u00e9d\u00e9finis. Cela implique de suivre les indicateurs de performance cl\u00e9s, de recueillir les commentaires des clients et de proc\u00e9der aux ajustements n\u00e9cessaires. L\u2019objectif est de garantir que le rebranding non seulement atteint mais d\u00e9passe ses objectifs, ouvrant ainsi la voie \u00e0 un succ\u00e8s et \u00e0 une durabilit\u00e9 \u00e0 long terme.<\/p>\n\n\n\n<h2 class=\"wp-block-heading\"><a title=\"Facteurs cl\u00e9s de succ\u00e8s dans les \u00e9tudes de march\u00e9 automobile\" href=\"https:\/\/www.sisinternational.com\/fr\/facteurs-cles-de-succes-dans-les-etudes-de-marche-automobile\/\" data-wpil-monitor-id=\"8150\">Facteurs cl\u00e9s de succ\u00e8s<\/a><\/h2>\n\n\n\n<p>Pour que le conseil en rebranding de complexe transforme efficacement l&#039;identit\u00e9 de marque et la position sur le march\u00e9 d&#039;un complexe, les complexes doivent r\u00e9pondre \u00e0 certains crit\u00e8res pour garantir que la nouvelle marque du complexe r\u00e9sonne aupr\u00e8s des clients et se d\u00e9marque dans le paysage h\u00f4telier concurrentiel.<\/p>\n\n\n\n<ul class=\"wp-block-list\">\n<li><strong>Clart\u00e9 et alignement strat\u00e9giques\u00a0:<\/strong> The foundation of a successful rebranding initiative is a clear, well-defined strategy that aligns with the resort&#8217;s long-term vision and goals. <\/li>\n\n\n\n<li><strong>Approche centr\u00e9e sur le client\u00a0:<\/strong> L\u2019exp\u00e9rience client est au c\u0153ur du conseil en rebranding de complexe h\u00f4telier. Comprendre et anticiper les besoins, les pr\u00e9f\u00e9rences et les comportements des clients est crucial. Le changement de marque devrait viser \u00e0 am\u00e9liorer l&#039;exp\u00e9rience client \u00e0 chaque point de contact, la rendant plus personnalis\u00e9e, m\u00e9morable et align\u00e9e sur la promesse de la marque.<\/li>\n\n\n\n<li><strong>Communication et engagement efficaces des parties prenantes\u00a0:<\/strong> Un changement de marque r\u00e9ussi n\u00e9cessite l\u2019adh\u00e9sion et le soutien de toutes les parties prenantes, y compris la direction, le personnel, les invit\u00e9s et les partenaires. Une communication transparente, impliquant les parties prenantes dans le processus de rebranding et la r\u00e9ponse proactive aux pr\u00e9occupations sont essentielles pour une transition en douceur et une large acceptation de la nouvelle marque.<\/li>\n\n\n\n<li><strong>Coh\u00e9rence sur tous les canaux\u00a0:<\/strong> La coh\u00e9rence dans la transmission du message de la marque sur tous les canaux \u2013 du marketing num\u00e9rique aux interactions sur site \u2013 est essentielle. Chaque aspect du complexe, y compris les supports marketing, les services clients et la pr\u00e9sence num\u00e9rique, doit refl\u00e9ter les objectifs de rebranding, offrant une exp\u00e9rience de marque coh\u00e9rente et immersive.<\/li>\n\n\n\n<li><strong>Surveillance continue et adaptation\u00a0:<\/strong> Rebranding is not a one-time event but an ongoing process of evolution. Continuous <a title=\"Entreprise de surveillance des principales tendances du march\u00e9 B2B\" data-wpil-monitor-id=\"8152\" href=\"https:\/\/www.sisinternational.com\/fr\/societe-de-surveillance-des-principales-tendances-du-marche-b2b\/\">monitoring of market trends<\/a>, guest feedback, and performance metrics is crucial. The resort must be prepared to adapt and refine its <a title=\"\u00c9tude de march\u00e9 sur la conception organisationnelle\" data-wpil-monitor-id=\"8148\" href=\"https:\/\/www.sisinternational.com\/fr\/le-role-du-developpement-de-processus-et-de-systemes-dans-la-reussite-organisationnelle\/\">strategies<\/a> in response to new insights and changing market dynamics, ensuring the brand remains relevant and competitive.<\/li>\n<\/ul>\n\n\n\n<h2 class=\"wp-block-heading\">Tendances actuelles en mati\u00e8re de conseil en rebranding de complexes h\u00f4teliers<\/h2>\n\n\n\n<p>Resort rebranding consulting is an ever-evolving field, shaped by emerging trends in consumer behavior, technological advancements, and <a title=\"Global Beverage Market: Market Dynamics, Growth Projections &amp; Consumer Insights\" href=\"https:\/\/www.sisinternational.com\/fr\/global-beverage-market\/\" data-wpil-monitor-id=\"8151\">global market dynamics<\/a> \u2013 and here are some of the current trends that are defining the landscape of resort rebranding consulting:<\/p>\n\n\n\n<ul class=\"wp-block-list\">\n<li><strong>D\u00e9veloppement durable et image de marque \u00e9co-responsable\u00a0:<\/strong> Les stations int\u00e8grent de plus en plus des pratiques respectueuses de l&#039;environnement et des principes de durabilit\u00e9 dans leurs strat\u00e9gies de rebranding. Cette tendance consiste \u00e0 cr\u00e9er un r\u00e9cit de marque qui r\u00e9sonne avec la d\u00e9mographie croissante des voyageurs soucieux de l&#039;environnement, faisant de la station un choix responsable et \u00e9thique.<\/li>\n\n\n\n<li><strong>Branding exp\u00e9rientiel et immersif\u00a0:<\/strong> Les voyageurs d&#039;aujourd&#039;hui recherchent des exp\u00e9riences uniques et authentiques. Le conseil en rebranding de complexe h\u00f4telier se concentre sur la cr\u00e9ation de concepts de marque immersifs et exp\u00e9rientiels qui vont au-del\u00e0 de l&#039;hospitalit\u00e9 traditionnelle. Cela pourrait impliquer d&#039;int\u00e9grer la culture locale, de proposer des exp\u00e9riences sur mesure ou de cr\u00e9er des environnements immersifs permettant aux clients de s&#039;impliquer pleinement dans l&#039;histoire de la marque du complexe.<\/li>\n\n\n\n<li><strong>Personnalisation et personnalisation\u00a0:<\/strong> Les voyageurs modernes appr\u00e9cient les exp\u00e9riences adapt\u00e9es \u00e0 leurs pr\u00e9f\u00e9rences et \u00e0 leurs attentes. Les complexes h\u00f4teliers exploitent l&#039;analyse des donn\u00e9es et les informations sur les clients pour adapter leurs services, leur marketing et leurs interactions avec les clients, garantissant ainsi une exp\u00e9rience client personnalis\u00e9e et tr\u00e8s engageante.<\/li>\n<\/ul>","protected":false},"excerpt":{"rendered":"<p>Le conseil en rebranding de complexe aligne l&#039;essence du complexe avec l&#039;\u00e9volution des tendances du march\u00e9, les pr\u00e9f\u00e9rences des clients et le paysage concurrentiel.<\/p>","protected":false},"author":1,"featured_media":63576,"parent":44644,"menu_order":15,"comment_status":"closed","ping_status":"closed","template":"","meta":{"footnotes":""},"class_list":["post-45846","page","type-page","status-publish","has-post-thumbnail"],"_links":{"self":[{"href":"https:\/\/www.sisinternational.com\/fr\/wp-json\/wp\/v2\/pages\/45846","targetHints":{"allow":["GET"]}}],"collection":[{"href":"https:\/\/www.sisinternational.com\/fr\/wp-json\/wp\/v2\/pages"}],"about":[{"href":"https:\/\/www.sisinternational.com\/fr\/wp-json\/wp\/v2\/types\/page"}],"author":[{"embeddable":true,"href":"https:\/\/www.sisinternational.com\/fr\/wp-json\/wp\/v2\/users\/1"}],"replies":[{"embeddable":true,"href":"https:\/\/www.sisinternational.com\/fr\/wp-json\/wp\/v2\/comments?post=45846"}],"version-history":[{"count":9,"href":"https:\/\/www.sisinternational.com\/fr\/wp-json\/wp\/v2\/pages\/45846\/revisions"}],"predecessor-version":[{"id":82116,"href":"https:\/\/www.sisinternational.com\/fr\/wp-json\/wp\/v2\/pages\/45846\/revisions\/82116"}],"up":[{"embeddable":true,"href":"https:\/\/www.sisinternational.com\/fr\/wp-json\/wp\/v2\/pages\/44644"}],"wp:featuredmedia":[{"embeddable":true,"href":"https:\/\/www.sisinternational.com\/fr\/wp-json\/wp\/v2\/media\/63576"}],"wp:attachment":[{"href":"https:\/\/www.sisinternational.com\/fr\/wp-json\/wp\/v2\/media?parent=45846"}],"curies":[{"name":"wp","href":"https:\/\/api.w.org\/{rel}","templated":true}]}}