{"id":45819,"date":"2024-02-01T13:36:05","date_gmt":"2024-02-01T18:36:05","guid":{"rendered":"https:\/\/www.sisinternational.com\/?page_id=45819"},"modified":"2026-03-16T23:51:34","modified_gmt":"2026-03-17T03:51:34","slug":"conseil-en-etudes-de-marche-en-reorganisation-des-services-financiers","status":"publish","type":"page","link":"https:\/\/www.sisinternational.com\/fr\/solutions\/conseil-en-strategie\/financial-services-consulting\/conseil-en-etudes-de-marche-en-reorganisation-des-services-financiers\/","title":{"rendered":"\u00c9tudes de march\u00e9 et conseil en r\u00e9organisation des services financiers"},"content":{"rendered":"<h1 class=\"wp-block-heading\">\u00c9tudes de march\u00e9 et conseil en r\u00e9organisation des services financiers<\/h1>\n\n\n\n<figure class=\"gb-block-image gb-block-image-6410ca92\"><img loading=\"lazy\" decoding=\"async\" width=\"1456\" height=\"816\" class=\"gb-image gb-image-6410ca92\" src=\"https:\/\/www.sisinternational.com\/wp-content\/uploads\/2025\/10\/Financial-Services-Reorganization-1.jpg\" alt=\"\u00c9tudes de march\u00e9 et strat\u00e9gie internationales SIS\" title=\"Financial Services Reorganization (1)\" srcset=\"https:\/\/www.sisinternational.com\/wp-content\/uploads\/2025\/10\/Financial-Services-Reorganization-1.jpg 1456w, https:\/\/www.sisinternational.com\/wp-content\/uploads\/2025\/10\/Financial-Services-Reorganization-1-300x168.jpg 300w, https:\/\/www.sisinternational.com\/wp-content\/uploads\/2025\/10\/Financial-Services-Reorganization-1-1024x574.jpg 1024w, https:\/\/www.sisinternational.com\/wp-content\/uploads\/2025\/10\/Financial-Services-Reorganization-1-768x430.jpg 768w, https:\/\/www.sisinternational.com\/wp-content\/uploads\/2025\/10\/Financial-Services-Reorganization-1-18x10.jpg 18w\" sizes=\"auto, (max-width: 1456px) 100vw, 1456px\"><\/figure>\n\n\n\n<p><\/p>\n\n\n\n<hr class=\"wp-block-separator has-alpha-channel-opacity\"\/>\n\n\n\n<p>The financial sector faces an unprecedented era of transformation. From traditional banking to fintech innovations, the entire spectrum is under scrutiny and needs strategic realignment. Financial services reorganization market research and consulting delve into this transformative process, offering insights and strategies for not just keeping pace with change but leading it.<\/p>\n\n\n\n<h2 class=\"wp-block-heading\">Qu\u2019est-ce que l\u2019\u00e9tude de march\u00e9 et le conseil en r\u00e9organisation des services financiers ?<\/h2>\n\n\n\n<p>Financial <a href=\"https:\/\/www.sisinternational.com\/fr\/solutions\/solutions-de-recherche-qualitative-et-quantitative\/etude-de-marche-sur-les-services-sur-le-terrain\/\" title=\"\u00c9tude de march\u00e9 sur les services sur le terrain\"  data-wpil-monitor-id=\"4525\">services reorganization market research<\/a> and consulting analyze and advise on restructuring and transforming businesses within the financial services sector. It aims to comprehensively understand the external factors impacting financial institutions and how they can strategically respond.<\/p>\n\n\n\n<h2 class=\"wp-block-heading\">Importance des \u00e9tudes de march\u00e9 et du conseil en mati\u00e8re de r\u00e9organisation des services financiers<\/h2>\n\n\n\n<p>With regulations constantly evolving, financial <a href=\"https:\/\/www.sisinternational.com\/fr\/competence\/les-industries\/etude-de-marche-sur-les-services-environnementaux\/\" title=\"\u00c9tude de march\u00e9 sur les services environnementaux\"  data-wpil-monitor-id=\"4849\">services reorganization market research<\/a> and consulting help institutions understand and adapt to these changes, ensuring compliance while maintaining operational efficiency. Furthermore, integrating technology in financial services, from blockchain to artificial intelligence, is reshaping the industry \u2013 and this research assists businesses in leveraging these technologies effectively, ensuring they remain competitive and innovative.<\/p>\n\n\n\n<p>Moreover, businesses need to stay ahead of the curve in an increasingly competitive marketplace. Financial services reorganization consulting assists in strategic restructuring, helping institutions redefine their business models to capitalize on new market opportunities\u2026But, it has many other benefits, including:<\/p>\n\n\n\n<ul class=\"wp-block-list\">\n<li><strong>Efficacit\u00e9 op\u00e9rationnelle et r\u00e9duction des co\u00fbts\u00a0:<\/strong> Consultants provide recommendations on streamlining operations, improving processes, and adopting new technologies, which can lead to increased operational efficiency and significant cost reductions.<\/li>\n\n\n\n<li><strong>Faciliter des fusions et acquisitions r\u00e9ussies\u00a0:<\/strong> In mergers and acquisitions, financial services reorganization consulting ensures a smooth integration of systems, cultures, and operations, enhancing the chances of success and growth.<\/li>\n\n\n\n<li><strong>Stimuler l\u2019innovation et l\u2019adoption de technologies\u00a0:<\/strong> Les services de conseil fournissent des informations sur la mani\u00e8re dont les institutions financi\u00e8res peuvent tirer parti des derni\u00e8res technologies telles que les innovations en mati\u00e8re d&#039;IA, de blockchain et de technologies financi\u00e8res, pour am\u00e9liorer leurs services et cr\u00e9er de nouvelles sources de revenus.<\/li>\n\n\n\n<li><strong>Mod\u00e8les commerciaux centr\u00e9s sur le client\u00a0:<\/strong> Les consultants aident \u00e0 remodeler les mod\u00e8les commerciaux pour qu&#039;ils soient plus centr\u00e9s sur le client, r\u00e9pondant efficacement \u00e0 l&#039;\u00e9volution des comportements et des attentes des clients \u00e0 l&#039;\u00e8re num\u00e9rique.<\/li>\n\n\n\n<li><strong>Conseils sur l\u2019expansion mondiale\u00a0:<\/strong> For businesses looking to expand globally, financial <a href=\"https:\/\/www.sisinternational.com\/fr\/competence\/les-industries\/etude-de-marche-sur-les-services-de-communication\/\" title=\"\u00c9tude de march\u00e9 sur les services de communication\"  data-wpil-monitor-id=\"5707\">services reorganization market research<\/a> and consulting provide valuable insights into international markets, helping them make informed decisions about global expansion strategies.<\/li>\n<\/ul>\n\n\n\n<h2 class=\"wp-block-heading\">\u00c0 quoi s\u2019attendre des \u00e9tudes de march\u00e9 et du conseil en mati\u00e8re de r\u00e9organisation des services financiers<\/h2>\n\n\n\n<figure class=\"gb-block-image gb-block-image-1434b7f7\"><img loading=\"lazy\" decoding=\"async\" width=\"1456\" height=\"816\" class=\"gb-image gb-image-1434b7f7\" src=\"https:\/\/www.sisinternational.com\/wp-content\/uploads\/2025\/10\/Financial-Services-Reorganization-4.jpg\" alt=\"\u00c9tudes de march\u00e9 et strat\u00e9gie internationales SIS\" title=\"Financial Services Reorganization (4)\" srcset=\"https:\/\/www.sisinternational.com\/wp-content\/uploads\/2025\/10\/Financial-Services-Reorganization-4.jpg 1456w, https:\/\/www.sisinternational.com\/wp-content\/uploads\/2025\/10\/Financial-Services-Reorganization-4-300x168.jpg 300w, https:\/\/www.sisinternational.com\/wp-content\/uploads\/2025\/10\/Financial-Services-Reorganization-4-1024x574.jpg 1024w, https:\/\/www.sisinternational.com\/wp-content\/uploads\/2025\/10\/Financial-Services-Reorganization-4-768x430.jpg 768w, https:\/\/www.sisinternational.com\/wp-content\/uploads\/2025\/10\/Financial-Services-Reorganization-4-18x10.jpg 18w\" sizes=\"auto, (max-width: 1456px) 100vw, 1456px\"><\/figure>\n\n\n\n<p><\/p>\n\n\n\n<p>S&#039;engager dans des \u00e9tudes de march\u00e9 et des conseils en mati\u00e8re de r\u00e9organisation des services financiers fournit aux entreprises de pr\u00e9cieux conseils strat\u00e9giques \u2013 et voici \u00e0 quoi les institutions financi\u00e8res peuvent s&#039;attendre lorsqu&#039;elles investissent dans ces services\u00a0:<\/p>\n\n\n\n<ul class=\"wp-block-list\">\n<li><strong>Analyse compl\u00e8te du march\u00e9\u00a0:<\/strong> Cette analyse fournit une base solide pour comprendre le paysage du march\u00e9 et identifier les domaines de changement strat\u00e9gique.<\/li>\n\n\n\n<li><strong>Recommandations strat\u00e9giques personnalis\u00e9es\u00a0:<\/strong> Sur la base de l&#039;analyse du march\u00e9, les consultants proposeront des recommandations personnalis\u00e9es en mati\u00e8re de r\u00e9organisation. Ces strat\u00e9gies sont con\u00e7ues pour s&#039;aligner sur les objectifs, les d\u00e9fis et le positionnement sp\u00e9cifiques de l&#039;institution sur le march\u00e9.<\/li>\n\n\n\n<li><strong>Conseils sur la conformit\u00e9 r\u00e9glementaire\u00a0:<\/strong> Consultants provide expert advice on navigating the financial services sector&#8217;s complex regulatory environment.\u00a0<\/li>\n\n\n\n<li><strong>Plans d&#039;am\u00e9lioration de l&#039;efficacit\u00e9 op\u00e9rationnelle\u00a0:<\/strong> Businesses can expect recommendations focused on enhancing operational efficiency, including process optimization, technology integration, and cost management strategies.<\/li>\n\n\n\n<li><strong>Suivi et support continu\u00a0:<\/strong> Financial services reorganization consulting is not a one-time service. Expect ongoing support and follow-up to ensure the successful implementation of recommended strategies and to make adjustments as market conditions evolve.<\/li>\n<\/ul>\n\n\n\n<h2 class=\"wp-block-heading\">Tendances actuelles en mati\u00e8re d\u2019\u00e9tudes de march\u00e9 et de conseil en mati\u00e8re de r\u00e9organisation des services financiers<\/h2>\n\n\n\n<p>Staying informed about the latest trends in financial services <a href=\"https:\/\/www.sisinternational.com\/fr\/solutions\/recherche-de-conseil-en-strategie-fintech\/etude-de-marche-sur-le-secteur-des-services-financiers\/\" title=\"\u00c9tude de march\u00e9 sur le secteur des services financiers\"  data-wpil-monitor-id=\"4546\">reorganization market research and consulting<\/a> is crucial for businesses looking to remain competitive and adaptable in a rapidly changing industry. These trends reflect the evolving challenges and opportunities within the sector, and understanding them is key to effective strategic planning.<\/p>\n\n\n\n<ul class=\"wp-block-list\">\n<li><strong>Accent accru sur la transformation num\u00e9rique\u00a0:<\/strong> The financial services industry is experiencing a growing trend toward digitalization. Consulting now heavily emphasizes digital transformation strategies (including the adoption of fintech, blockchain, and AI technologies) to improve efficiency and customer experience and create new business models.<\/li>\n\n\n\n<li><strong>Int\u00e9gration de pratiques durables et responsables :<\/strong> Sustainability and corporate responsibility are becoming key considerations. Consulting services increasingly address how financial institutions can incorporate ESG (Environmental, Social, and Governance) factors into their reorganization strategies.<\/li>\n\n\n\n<li><strong>S&#039;adapter aux changements r\u00e9glementaires\u00a0:<\/strong> As regulatory environments become more stringent and complex, a significant trend in consulting is navigating these changes.\u00a0<\/li>\n\n\n\n<li><strong>Renforcement des mesures de cybers\u00e9curit\u00e9\u00a0:<\/strong> \u00c0 mesure que la transformation num\u00e9rique s\u2019acc\u00e9l\u00e8re, la n\u00e9cessit\u00e9 d\u2019une cybers\u00e9curit\u00e9 robuste s\u2019accro\u00eet \u00e9galement. Les tendances actuelles incluent l&#039;int\u00e9gration de mesures avanc\u00e9es de cybers\u00e9curit\u00e9 dans les plans de r\u00e9organisation pour prot\u00e9ger les donn\u00e9es sensibles et maintenir la confiance des clients.<\/li>\n<\/ul>\n\n\n\n<h2 class=\"wp-block-heading\">Opportunit\u00e9s<\/h2>\n\n\n\n<figure class=\"gb-block-image gb-block-image-3126cd3a\"><img loading=\"lazy\" decoding=\"async\" width=\"1456\" height=\"816\" class=\"gb-image gb-image-3126cd3a\" src=\"https:\/\/www.sisinternational.com\/wp-content\/uploads\/2025\/10\/Financial-Services-Reorganization-3.jpg\" alt=\"\u00c9tudes de march\u00e9 et strat\u00e9gie internationales SIS\" title=\"Financial Services Reorganization (3)\" srcset=\"https:\/\/www.sisinternational.com\/wp-content\/uploads\/2025\/10\/Financial-Services-Reorganization-3.jpg 1456w, https:\/\/www.sisinternational.com\/wp-content\/uploads\/2025\/10\/Financial-Services-Reorganization-3-300x168.jpg 300w, https:\/\/www.sisinternational.com\/wp-content\/uploads\/2025\/10\/Financial-Services-Reorganization-3-1024x574.jpg 1024w, https:\/\/www.sisinternational.com\/wp-content\/uploads\/2025\/10\/Financial-Services-Reorganization-3-768x430.jpg 768w, https:\/\/www.sisinternational.com\/wp-content\/uploads\/2025\/10\/Financial-Services-Reorganization-3-18x10.jpg 18w\" sizes=\"auto, (max-width: 1456px) 100vw, 1456px\"><\/figure>\n\n\n\n<p><\/p>\n\n\n\n<p>Les \u00e9tudes de march\u00e9 et le conseil en r\u00e9organisation des services financiers ouvrent une gamme d&#039;opportunit\u00e9s pour les entreprises du secteur \u2013 et voici un aper\u00e7u des opportunit\u00e9s importantes qu&#039;offrent ces services\u00a0:<\/p>\n\n\n\n<ul class=\"wp-block-list\">\n<li><strong>Am\u00e9lioration de l\u2019efficacit\u00e9 op\u00e9rationnelle\u00a0:<\/strong> Businesses can leverage consulting insights to streamline operations, enhance process efficiencies, and reduce costs.\u00a0<\/li>\n\n\n\n<li><strong>Exp\u00e9rience client et engagement\u00a0:<\/strong> With a focus on customer-centric approaches, financial services <a href=\"https:\/\/www.sisinternational.com\/fr\/financial-services-consulting\/financial-services-customer-satisfaction\/\" title=\"Financial Services Customer Satisfaction\"  data-wpil-monitor-id=\"956\">reorganization market research and consulting<\/a> help businesses reorganize their strategies to improve customer engagement and satisfaction, which is key to retaining and attracting clients.<\/li>\n\n\n\n<li><strong>Avantage concurrentiel et positionnement sur le march\u00e9\u00a0:<\/strong> Consulting provides insights into market trends and competitor strategies, allowing businesses to position themselves competitively and capitalize on market opportunities.<\/li>\n\n\n\n<li><strong>Expansion mondiale et strat\u00e9gies transfrontali\u00e8res\u00a0:<\/strong> Pour les entreprises qui cherchent \u00e0 se d\u00e9velopper \u00e0 l\u2019\u00e9chelle mondiale, les \u00e9tudes de march\u00e9 et les conseils en r\u00e9organisation des services financiers offrent un aper\u00e7u des march\u00e9s mondiaux, les aidant \u00e0 d\u00e9velopper des strat\u00e9gies transfrontali\u00e8res efficaces et \u00e0 comprendre les environnements r\u00e9glementaires internationaux.<\/li>\n<\/ul>\n\n\n\n<h2 class=\"wp-block-heading\">D\u00e9fis<\/h2>\n\n\n\n<p>Financial services reorganization market research and consulting come with a set of challenges, which can impact the effectiveness of consulting services and businesses&#8217; ability to implement recommended changes successfully.<\/p>\n\n\n\n<ul class=\"wp-block-list\">\n<li><strong>Aligner les int\u00e9r\u00eats des parties prenantes\u00a0:<\/strong> Aligning the interests of various stakeholders, including employees, management, and shareholders, can be challenging. Ensuring all parties are on board with the reorganization plan is crucial for its successful implementation.<\/li>\n\n\n\n<li><strong>\u00c9quilibrer les co\u00fbts et l\u2019innovation\u00a0:<\/strong> Investing in new technologies and reorganization strategies can be costly. Businesses must navigate the challenge of balancing the need for innovation with budget constraints and demonstrating a clear return on investment.<\/li>\n\n\n\n<li><strong>Adaptation du march\u00e9 mondial\u00a0:<\/strong> Adapting strategies to fit different market conditions and customer preferences is a significant challenge for businesses operating globally. This includes understanding diverse cultural nuances and regulatory environments.<\/li>\n\n\n\n<li><strong>Mesurer le succ\u00e8s et l&#039;impact\u00a0:<\/strong> Quantifier le succ\u00e8s et l\u2019impact des strat\u00e9gies de r\u00e9organisation peut s\u2019av\u00e9rer difficile. Il est essentiel d\u2019\u00e9tablir des indicateurs de r\u00e9ussite clairs et de suivre en permanence les progr\u00e8s pour \u00e9valuer l\u2019efficacit\u00e9 de ces changements.<\/li>\n<\/ul>\n\n\n\n<h2 class=\"wp-block-heading\">Notre emplacement \u00e0 New York<\/h2>\n\n\n\n<p>  <iframe loading=\"lazy\" src=\"https:\/\/www.google.com\/maps\/embed?pb=!1m18!1m12!1m3!1d3022.976188376966!2d-73.99130312499956!3d40.740549471389315!2m3!1f0!2f0!3f0!3m2!1i1024!2i768!4f13.1!3m3!1m2!1s0x89c259a15798c731%3A0xd695d09bdd495f25!2s11%20E%2022nd%20St%20FL%202%2C%20New%20York%2C%20NY%2010010%2C%20USA!5e0!3m2!1sen!2spe!4v1726171763526!5m2!1sen!2spe\" width=\"600\" height=\"450\" allowfullscreen=\"allowfullscreen\" data-mce-fragment=\"1\"><\/iframe>  <\/p>\n\n\n\n<h3 class=\"wp-block-heading\">11 E 22nd Street, \u00e9tage 2, New York, NY 10010 T\u00e9l. : +1(212) 505-6805<\/h3>\n\n\n\n<hr class=\"wp-block-separator has-alpha-channel-opacity\"\/>\n\n\n\n<h2 class=\"wp-block-heading\"><span style=\"font-weight: 400;\">\u00c0 propos de SIS International<\/span><\/h2>\n\n\n\n<p><a href=\"https:\/\/www.sisinternational.com\/fr\/\"><span style=\"font-weight: 400;\">SIS International<\/span><\/a><span style=\"font-weight: 400;\"> propose des recherches quantitatives, qualitatives et strat\u00e9giques. Nous fournissons des donn\u00e9es, des outils, des strat\u00e9gies, des rapports et des informations pour la prise de d\u00e9cision. Nous menons \u00e9galement des entretiens, des enqu\u00eates, des groupes de discussion et d\u2019autres m\u00e9thodes et approches d\u2019\u00e9tudes de march\u00e9.<\/span><a href=\"https:\/\/www.sisinternational.com\/fr\/a-propos-de-la-recherche-internationale-sis\/contact-sis-international-market-research\/\"><span style=\"font-weight: 400;\"> Contactez nous<\/span><\/a><span style=\"font-weight: 400;\"> pour votre prochain projet d&#039;\u00e9tude de march\u00e9.<\/span><\/p>","protected":false},"excerpt":{"rendered":"<p>Les \u00e9tudes de march\u00e9 et le conseil en r\u00e9organisation des services financiers aident les entreprises financi\u00e8res dans leur restructuration et leur transformation.<\/p>","protected":false},"author":1,"featured_media":71756,"parent":55793,"menu_order":56,"comment_status":"closed","ping_status":"closed","template":"","meta":{"footnotes":""},"class_list":["post-45819","page","type-page","status-publish","has-post-thumbnail"],"_links":{"self":[{"href":"https:\/\/www.sisinternational.com\/fr\/wp-json\/wp\/v2\/pages\/45819","targetHints":{"allow":["GET"]}}],"collection":[{"href":"https:\/\/www.sisinternational.com\/fr\/wp-json\/wp\/v2\/pages"}],"about":[{"href":"https:\/\/www.sisinternational.com\/fr\/wp-json\/wp\/v2\/types\/page"}],"author":[{"embeddable":true,"href":"https:\/\/www.sisinternational.com\/fr\/wp-json\/wp\/v2\/users\/1"}],"replies":[{"embeddable":true,"href":"https:\/\/www.sisinternational.com\/fr\/wp-json\/wp\/v2\/comments?post=45819"}],"version-history":[{"count":14,"href":"https:\/\/www.sisinternational.com\/fr\/wp-json\/wp\/v2\/pages\/45819\/revisions"}],"predecessor-version":[{"id":79408,"href":"https:\/\/www.sisinternational.com\/fr\/wp-json\/wp\/v2\/pages\/45819\/revisions\/79408"}],"up":[{"embeddable":true,"href":"https:\/\/www.sisinternational.com\/fr\/wp-json\/wp\/v2\/pages\/55793"}],"wp:featuredmedia":[{"embeddable":true,"href":"https:\/\/www.sisinternational.com\/fr\/wp-json\/wp\/v2\/media\/71756"}],"wp:attachment":[{"href":"https:\/\/www.sisinternational.com\/fr\/wp-json\/wp\/v2\/media?parent=45819"}],"curies":[{"name":"wp","href":"https:\/\/api.w.org\/{rel}","templated":true}]}}