{"id":45635,"date":"2024-01-26T18:03:46","date_gmt":"2024-01-26T23:03:46","guid":{"rendered":"https:\/\/www.sisinternational.com\/?page_id=45635"},"modified":"2026-01-30T23:56:05","modified_gmt":"2026-01-31T04:56:05","slug":"etude-de-marche-dune-chaine-hoteliere","status":"publish","type":"page","link":"https:\/\/www.sisinternational.com\/fr\/solutions\/conseil-en-tourisme-de-voyage-et-en-hotellerie\/etude-de-marche-dune-chaine-hoteliere\/","title":{"rendered":"\u00c9tude de march\u00e9 des cha\u00eenes h\u00f4teli\u00e8res"},"content":{"rendered":"<h1 class=\"wp-block-heading\">\u00c9tude de march\u00e9 des cha\u00eenes h\u00f4teli\u00e8res<\/h1>\n\n\n\n<figure class=\"gb-block-image gb-block-image-d0892460\"><img loading=\"lazy\" decoding=\"async\" width=\"1456\" height=\"816\" class=\"gb-image gb-image-d0892460\" src=\"https:\/\/www.sisinternational.com\/wp-content\/uploads\/2025\/08\/Hotel-furniture-4.jpg\" alt=\"\u00c9tudes de march\u00e9 et strat\u00e9gie internationales SIS\" title=\"Hotel furniture (4)\" srcset=\"https:\/\/www.sisinternational.com\/wp-content\/uploads\/2025\/08\/Hotel-furniture-4.jpg 1456w, https:\/\/www.sisinternational.com\/wp-content\/uploads\/2025\/08\/Hotel-furniture-4-300x168.jpg 300w, https:\/\/www.sisinternational.com\/wp-content\/uploads\/2025\/08\/Hotel-furniture-4-1024x574.jpg 1024w, https:\/\/www.sisinternational.com\/wp-content\/uploads\/2025\/08\/Hotel-furniture-4-768x430.jpg 768w, https:\/\/www.sisinternational.com\/wp-content\/uploads\/2025\/08\/Hotel-furniture-4-18x10.jpg 18w\" sizes=\"auto, (max-width: 1456px) 100vw, 1456px\"><\/figure>\n\n\n\n<p><\/p>\n\n\n\n<hr class=\"wp-block-separator has-alpha-channel-opacity is-style-dots\"\/>\n\n\n\n<p>Comment les cha\u00eenes h\u00f4teli\u00e8res peuvent-elles garder une longueur d\u2019avance dans un paysage extr\u00eamement concurrentiel ? Les \u00e9tudes de march\u00e9 des cha\u00eenes h\u00f4teli\u00e8res sont g\u00e9n\u00e9ralement la r\u00e9ponse. Il guide les cha\u00eenes d&#039;h\u00f4tels dans la dynamique du march\u00e9, l&#039;\u00e9volution des pr\u00e9f\u00e9rences des consommateurs et le paysage concurrentiel de l&#039;h\u00f4tellerie en constante \u00e9volution.<\/p>\n\n\n\n<h2 class=\"wp-block-heading\">Qu\u2019est-ce que l\u2019\u00e9tude de march\u00e9 sur les cha\u00eenes h\u00f4teli\u00e8res ?<\/h2>\n\n\n\n<p>Chain <a title=\"\u00c9tude de march\u00e9 sur le mobilier h\u00f4telier\" data-wpil-monitor-id=\"3820\" href=\"https:\/\/www.sisinternational.com\/fr\/competence\/les-industries\/etude-de-marche-sur-le-mobilier-hotelier\/\">\u00e9tude de march\u00e9 h\u00f4teli\u00e8re<\/a> studies the evolving needs and preferences of guests, from budget travelers to luxury seekers. This research helps chain hotels in fine-tuning their services, amenities, and operational strategies to meet these diverse expectations. Moreover, it helps chain hotels to identify and capitalize on emerging trends, whether it\u2019s in technology adoption, customer service innovations, or sustainability practices.<\/p>\n\n\n\n<h2 class=\"wp-block-heading\">Pourquoi les entreprises ont besoin d\u2019une \u00e9tude de march\u00e9 sur les cha\u00eenes h\u00f4teli\u00e8res<\/h2>\n\n\n\n<p>Chain <a title=\"\u00c9tude de march\u00e9 sur les h\u00f4tels\" href=\"https:\/\/www.sisinternational.com\/fr\/competence\/les-industries\/etude-de-marche-sur-les-hotels\/\" data-wpil-monitor-id=\"6254\">\u00e9tude de march\u00e9 h\u00f4teli\u00e8re<\/a> offers numerous benefits in the hospitality industry, including:<\/p>\n\n\n\n<ul class=\"wp-block-list\">\n<li><strong>Strat\u00e9gies commerciales \u00e9clair\u00e9es\u00a0:<\/strong> Les \u00e9tudes de march\u00e9 fournissent des informations pr\u00e9cieuses sur les tendances du march\u00e9, les comportements des consommateurs et la dynamique du secteur. Ces informations sont essentielles pour d\u00e9velopper des strat\u00e9gies commerciales \u00e9clair\u00e9es, de l&#039;expansion et de la r\u00e9novation \u00e0 l&#039;am\u00e9lioration des services et au positionnement de la marque.<\/li>\n\n\n\n<li><strong>Exp\u00e9riences et satisfaction client am\u00e9lior\u00e9es\u00a0:<\/strong> Understanding guest preferences and expectations is vital for chain hotels. <a title=\"\u00c9tude de march\u00e9 sur la cha\u00eene d\u2019approvisionnement\" data-wpil-monitor-id=\"6547\" href=\"https:\/\/www.sisinternational.com\/fr\/solutions\/conseil-en-strategie\/etude-de-marche-sur-la-chaine-dapprovisionnement\/\">Chain hotel market research<\/a> helps in tailoring services and amenities to meet these needs, thereby enhancing guest satisfaction and loyalty. It also aids in identifying areas for improvement in guest experiences.<\/li>\n\n\n\n<li><strong>Att\u00e9nuation des risques et planification future\u00a0:<\/strong> Les \u00e9tudes de march\u00e9 aident \u00e0 identifier les risques et les d\u00e9fis potentiels dans le secteur h\u00f4telier. Cette pr\u00e9voyance est cruciale pour att\u00e9nuer les risques et assurer la p\u00e9rennit\u00e9 de l\u2019entreprise face aux ralentissements \u00e9conomiques, \u00e0 l\u2019\u00e9volution des tendances de consommation et aux perturbations technologiques.<\/li>\n\n\n\n<li><strong>Prise de d\u00e9cision bas\u00e9e sur les donn\u00e9es\u00a0:<\/strong> Les d\u00e9cisions fond\u00e9es sur des donn\u00e9es et des recherches solides sont plus susceptibles de mener au succ\u00e8s. Les \u00e9tudes de march\u00e9 fournissent les donn\u00e9es n\u00e9cessaires pour prendre des d\u00e9cisions judicieuses dans divers aspects de la gestion et des op\u00e9rations h\u00f4teli\u00e8res.<\/li>\n<\/ul>\n\n\n\n<h2 class=\"wp-block-heading\">L\u2019\u00e9tude de march\u00e9 sur les cha\u00eenes h\u00f4teli\u00e8res est-elle diff\u00e9rente des \u00e9tudes de march\u00e9 traditionnelles ?<\/h2>\n\n\n\n<p>Chain hotel market research, while <a title=\"\u00c9tude de march\u00e9 sur le covoiturage\" href=\"https:\/\/www.sisinternational.com\/fr\/competence\/les-industries\/etude-de-marche-sur-lindustrie-du-covoiturage\/\" data-wpil-monitor-id=\"6378\">sharing similarities with traditional market research<\/a>, has distinct characteristics tailored to the unique needs and dynamics of the hotel industry \u2013 and here are some ways in which chain hotel market research differs:<\/p>\n\n\n\n<ul class=\"wp-block-list\">\n<li><strong>Focus sp\u00e9cifique \u00e0 l\u2019industrie\u00a0:<\/strong> Chain <a class=\"wpil_keyword_link\" href=\"https:\/\/www.sisinternational.com\/fr\/competence\/les-industries\/etude-de-marche-hoteliere\/\"   title=\"Etude de march\u00e9 h\u00f4telier\" data-wpil-keyword-link=\"linked\"  data-wpil-monitor-id=\"11326\">\u00e9tude de march\u00e9 h\u00f4teli\u00e8re<\/a> is specifically tailored to the hospitality industry, focusing on factors like occupancy rates, average daily rates, revenue per available room, guest satisfaction, and loyalty metrics. <\/li>\n\n\n\n<li><strong>Accent mis sur l&#039;exp\u00e9rience et la satisfaction des clients\u00a0:<\/strong> While traditional market research may focus on general consumer behavior and preferences, chain hotel market research places a greater emphasis on understanding and enhancing the guest experience. <\/li>\n\n\n\n<li><strong>Int\u00e9gration des tendances de r\u00e9servation en ligne\u00a0:<\/strong> La recherche comprend souvent une analyse des tendances de r\u00e9servation en ligne, des plateformes de r\u00e9servation tierces et des strat\u00e9gies de marketing num\u00e9rique, qui sont des \u00e9l\u00e9ments essentiels du marketing et des op\u00e9rations h\u00f4teli\u00e8res modernes.<\/li>\n\n\n\n<li><strong>Focus sur l\u2019efficacit\u00e9 op\u00e9rationnelle\u00a0:<\/strong> L\u2019\u00e9tude de march\u00e9 des cha\u00eenes h\u00f4teli\u00e8res examine les aspects de l\u2019efficacit\u00e9 op\u00e9rationnelle propres \u00e0 l\u2019industrie h\u00f4teli\u00e8re, tels que l\u2019efficacit\u00e9 du service en chambre, les normes d\u2019entretien m\u00e9nager et les capacit\u00e9s de gestion d\u2019\u00e9v\u00e9nements.<\/li>\n\n\n\n<li><strong>\u00c9valuation des tendances saisonni\u00e8res et cycliques\u00a0:<\/strong> L&#039;industrie h\u00f4teli\u00e8re est soumise \u00e0 d&#039;importantes variations saisonni\u00e8res et cycliques. Les \u00e9tudes de march\u00e9 des cha\u00eenes d\u2019h\u00f4tels examinent de pr\u00e8s ces mod\u00e8les pour pr\u00e9voir la demande et optimiser les strat\u00e9gies de tarification et de marketing en cons\u00e9quence.<\/li>\n<\/ul>\n\n\n\n<h2 class=\"wp-block-heading\">\u00c0 quoi s\u2019attendre de l\u2019\u00e9tude de march\u00e9 des cha\u00eenes h\u00f4teli\u00e8res<\/h2>\n\n\n\n<p>S&#039;engager dans des \u00e9tudes de march\u00e9 fournit aux entreprises une richesse d&#039;informations essentielles \u00e0 la prise de d\u00e9cision strat\u00e9gique et aux op\u00e9rations efficaces au sein de l&#039;industrie h\u00f4teli\u00e8re. Voici \u00e0 quoi les parties prenantes peuvent s&#039;attendre lorsqu&#039;elles se lancent dans cette recherche sp\u00e9cialis\u00e9e\u00a0:<\/p>\n\n\n\n<ul class=\"wp-block-list\">\n<li><strong>Analyse approfondie des concurrents\u00a0:<\/strong> This research includes a comprehensive assessment of competitors. It provides an understanding of competitors&#8217; strategies, strengths, weaknesses, and market positioning. <\/li>\n\n\n\n<li><strong>Informations sur l&#039;efficacit\u00e9 op\u00e9rationnelle\u00a0:<\/strong> Businesses can anticipate insights into operational efficiency aspects of chain hotels, including room utilization, staff productivity, service quality, and cost management. <\/li>\n\n\n\n<li><strong>Tendances technologiques et adoption\u00a0:<\/strong> Les \u00e9tudes de march\u00e9 couvriront \u00e9galement les tendances technologiques de l&#039;industrie h\u00f4teli\u00e8re, telles que l&#039;utilisation de l&#039;IA, de l&#039;IoT et des plateformes num\u00e9riques pour am\u00e9liorer l&#039;exp\u00e9rience client et l&#039;efficacit\u00e9 op\u00e9rationnelle.<\/li>\n\n\n\n<li><strong>Facteurs \u00e9conomiques et r\u00e9glementaires\u00a0:<\/strong> <a title=\"Perspectives \u00e9conomiques et \u00e9tudes de march\u00e9 du Qatar\" data-wpil-monitor-id=\"3570\" href=\"https:\/\/www.sisinternational.com\/fr\/perspectives-economiques-du-qatar\/\">Chain hotel market research<\/a> encompasses the analysis of economic trends and regulatory factors impacting the hotel industry. <\/li>\n\n\n\n<li><strong>Future <\/strong><a title=\"\u00c9tude de march\u00e9 sur l&#039;\u00e9coute de musique en continu\" data-wpil-monitor-id=\"2580\" href=\"https:\/\/www.sisinternational.com\/fr\/etude-du-marche-de-la-diffusion-musicale-en-continu\/\">Market Predictions and Trends: This research<\/a> will often include predictions about future market trends and shifts. These forecasts are essential for long-term strategic planning and ensuring that the business remains relevant and competitive in the evolving hospitality landscape.<\/li>\n<\/ul>\n\n\n\n<h2 class=\"wp-block-heading\">Opportunit\u00e9s dans les \u00e9tudes de march\u00e9 des cha\u00eenes h\u00f4teli\u00e8res pour les entreprises<\/h2>\n\n\n\n<p>Les \u00e9tudes de march\u00e9 offrent de nombreuses opportunit\u00e9s aux entreprises du secteur h\u00f4telier, les aidant \u00e0 \u00e9laborer des strat\u00e9gies efficaces dans un paysage concurrentiel. Ces opportunit\u00e9s cl\u00e9s incluent\u00a0:<\/p>\n\n\n\n<ul class=\"wp-block-list\">\n<li><strong>Expansion et diversification du march\u00e9\u00a0:<\/strong> Les \u00e9tudes de march\u00e9 des cha\u00eenes h\u00f4teli\u00e8res peuvent identifier de nouveaux march\u00e9s g\u00e9ographiques ou segments de client\u00e8le pr\u00eats \u00e0 se d\u00e9velopper. Les cha\u00eenes h\u00f4teli\u00e8res peuvent utiliser ces informations pour diversifier leur portefeuille et acc\u00e9der \u00e0 des march\u00e9s nouveaux ou mal desservis.<\/li>\n\n\n\n<li><strong>Am\u00e9lioration du service et de l&#039;exp\u00e9rience\u00a0:<\/strong> Comprendre les pr\u00e9f\u00e9rences et les attentes des clients permet aux cha\u00eenes h\u00f4teli\u00e8res d&#039;affiner leurs services et l&#039;exp\u00e9rience client. Cela peut aller de l&#039;am\u00e9lioration des \u00e9quipements \u00e0 la personnalisation des interactions avec les clients, le tout visant \u00e0 accro\u00eetre la satisfaction et la fid\u00e9lit\u00e9 des clients.<\/li>\n\n\n\n<li><strong>D\u00e9veloppement de strat\u00e9gie concurrentielle\u00a0:<\/strong> Gr\u00e2ce \u00e0 une analyse d\u00e9taill\u00e9e de la concurrence, les cha\u00eenes d&#039;h\u00f4tels peuvent d\u00e9velopper des strat\u00e9gies pour diff\u00e9rencier leurs offres. Cela peut impliquer des strat\u00e9gies marketing uniques, des offres de services innovantes ou des mod\u00e8les de tarification comp\u00e9titifs.<\/li>\n\n\n\n<li><strong>Int\u00e9gration technologique et innovation\u00a0:<\/strong> Les informations sur les tendances technologiques et les attentes des clients en mati\u00e8re de technologie peuvent guider les cha\u00eenes d&#039;h\u00f4tels dans l&#039;int\u00e9gration des derni\u00e8res innovations. Cela peut inclure des enregistrements num\u00e9riques, des fonctionnalit\u00e9s de chambre intelligente ou des donn\u00e9es<\/li>\n<\/ul>\n\n\n\n<h2 class=\"wp-block-heading\">D\u00e9fis de l\u2019\u00e9tude de march\u00e9 des cha\u00eenes h\u00f4teli\u00e8res pour les entreprises<\/h2>\n\n\n\n<p>Si les \u00e9tudes de march\u00e9 des cha\u00eenes h\u00f4teli\u00e8res sont inestimables pour la planification strat\u00e9gique et la prise de d\u00e9cision, elles pr\u00e9sentent \u00e9galement plusieurs d\u00e9fis que les entreprises du secteur h\u00f4telier doivent relever. Ces d\u00e9fis peuvent avoir un impact sur l\u2019efficacit\u00e9 de la recherche et la mise en \u0153uvre de ses r\u00e9sultats.<\/p>\n\n\n\n<ul class=\"wp-block-list\">\n<li><strong>\u00c9quilibrer les informations mondiales et locales\u00a0:<\/strong> Pour les cha\u00eenes h\u00f4teli\u00e8res op\u00e9rant sur plusieurs sites, \u00e9quilibrer les tendances mondiales avec les nuances du march\u00e9 local constitue un d\u00e9fi de taille. La recherche doit \u00eatre suffisamment compl\u00e8te pour couvrir les tendances mondiales tout en \u00e9tant suffisamment d\u00e9taill\u00e9e pour fournir des informations pertinentes pour des march\u00e9s locaux sp\u00e9cifiques.<\/li>\n\n\n\n<li><strong>Integrating Online and Offline Guest Feedback: <\/strong>In the digital age, guest feedback comes from various online and offline sources. Consolidating and making sense of this feedback to gain a comprehensive understanding of guest satisfaction and preferences can be challenging.<\/li>\n\n\n\n<li><strong>Collecte de veille concurrentielle\u00a0:<\/strong> Obtenir des informations pr\u00e9cises et d\u00e9taill\u00e9es sur les concurrents peut s\u2019av\u00e9rer difficile, en particulier lorsque les concurrents sont nombreux ou op\u00e8rent sur des segments de march\u00e9 diff\u00e9rents.<\/li>\n\n\n\n<li><strong>S&#039;adapter aux innovations technologiques\u00a0:<\/strong> Le rythme rapide de l\u2019innovation technologique dans le secteur h\u00f4telier, comme l\u2019IA, l\u2019IoT et les technologies mobiles, n\u00e9cessite une adaptation continue des m\u00e9thodologies d\u2019\u00e9tudes de march\u00e9.<\/li>\n\n\n\n<li><strong>Facteurs r\u00e9glementaires et de conformit\u00e9\u00a0:<\/strong> Naviguer dans un paysage r\u00e9glementaire complexe, en particulier pour les cha\u00eenes d&#039;h\u00f4tels op\u00e9rant dans plusieurs juridictions, peut \u00eatre intimidant. Les \u00e9tudes de march\u00e9 des cha\u00eenes h\u00f4teli\u00e8res aideront \u00e0 prendre en compte ces diff\u00e9rents environnements r\u00e9glementaires et leurs implications pour les op\u00e9rations h\u00f4teli\u00e8res.<\/li>\n<\/ul>","protected":false},"excerpt":{"rendered":"<p>Les \u00e9tudes de march\u00e9 des cha\u00eenes h\u00f4teli\u00e8res \u00e9tudient les besoins changeants des clients et les diverses pr\u00e9f\u00e9rences en mati\u00e8re de services, des voyageurs \u00e0 petit budget aux amateurs de luxe.<\/p>","protected":false},"author":1,"featured_media":63577,"parent":44644,"menu_order":12,"comment_status":"closed","ping_status":"closed","template":"","meta":{"footnotes":""},"class_list":["post-45635","page","type-page","status-publish","has-post-thumbnail"],"_links":{"self":[{"href":"https:\/\/www.sisinternational.com\/fr\/wp-json\/wp\/v2\/pages\/45635","targetHints":{"allow":["GET"]}}],"collection":[{"href":"https:\/\/www.sisinternational.com\/fr\/wp-json\/wp\/v2\/pages"}],"about":[{"href":"https:\/\/www.sisinternational.com\/fr\/wp-json\/wp\/v2\/types\/page"}],"author":[{"embeddable":true,"href":"https:\/\/www.sisinternational.com\/fr\/wp-json\/wp\/v2\/users\/1"}],"replies":[{"embeddable":true,"href":"https:\/\/www.sisinternational.com\/fr\/wp-json\/wp\/v2\/comments?post=45635"}],"version-history":[{"count":11,"href":"https:\/\/www.sisinternational.com\/fr\/wp-json\/wp\/v2\/pages\/45635\/revisions"}],"predecessor-version":[{"id":82077,"href":"https:\/\/www.sisinternational.com\/fr\/wp-json\/wp\/v2\/pages\/45635\/revisions\/82077"}],"up":[{"embeddable":true,"href":"https:\/\/www.sisinternational.com\/fr\/wp-json\/wp\/v2\/pages\/44644"}],"wp:featuredmedia":[{"embeddable":true,"href":"https:\/\/www.sisinternational.com\/fr\/wp-json\/wp\/v2\/media\/63577"}],"wp:attachment":[{"href":"https:\/\/www.sisinternational.com\/fr\/wp-json\/wp\/v2\/media?parent=45635"}],"curies":[{"name":"wp","href":"https:\/\/api.w.org\/{rel}","templated":true}]}}