{"id":45633,"date":"2024-01-26T16:37:07","date_gmt":"2024-01-26T21:37:07","guid":{"rendered":"https:\/\/www.sisinternational.com\/?page_id=45633"},"modified":"2026-01-30T23:17:30","modified_gmt":"2026-01-31T04:17:30","slug":"etude-de-marche-sur-lecotourisme","status":"publish","type":"page","link":"https:\/\/www.sisinternational.com\/fr\/solutions\/conseil-en-tourisme-de-voyage-et-en-hotellerie\/etude-de-marche-sur-lecotourisme\/","title":{"rendered":"\u00c9tude de march\u00e9 sur l\u2019\u00e9cotourisme"},"content":{"rendered":"<h1 class=\"wp-block-heading\">\u00c9tude de march\u00e9 sur l\u2019\u00e9cotourisme<\/h1>\n\n\n\n<figure class=\"gb-block-image gb-block-image-b445a780\"><img loading=\"lazy\" decoding=\"async\" width=\"1456\" height=\"816\" class=\"gb-image gb-image-b445a780\" src=\"https:\/\/www.sisinternational.com\/wp-content\/uploads\/2025\/08\/Circular-economy-2.jpg\" alt=\"\u00c9tudes de march\u00e9 et strat\u00e9gie internationales SIS\" title=\"Circular economy (2)\" srcset=\"https:\/\/www.sisinternational.com\/wp-content\/uploads\/2025\/08\/Circular-economy-2.jpg 1456w, https:\/\/www.sisinternational.com\/wp-content\/uploads\/2025\/08\/Circular-economy-2-300x168.jpg 300w, https:\/\/www.sisinternational.com\/wp-content\/uploads\/2025\/08\/Circular-economy-2-1024x574.jpg 1024w, https:\/\/www.sisinternational.com\/wp-content\/uploads\/2025\/08\/Circular-economy-2-768x430.jpg 768w, https:\/\/www.sisinternational.com\/wp-content\/uploads\/2025\/08\/Circular-economy-2-18x10.jpg 18w\" sizes=\"auto, (max-width: 1456px) 100vw, 1456px\"><\/figure>\n\n\n\n<p><\/p>\n\n\n\n<hr class=\"wp-block-separator has-alpha-channel-opacity is-style-dots\"\/>\n\n\n\n<p>Une \u00e9tude de march\u00e9 sur l&#039;\u00e9cotourisme analyse une nouvelle \u00e9volution de l&#039;industrie, o\u00f9 la pr\u00e9servation du patrimoine naturel et culturel est aussi importante que l&#039;offre d&#039;exp\u00e9riences de voyage m\u00e9morables. Cette approche des \u00e9tudes de march\u00e9 ne consiste pas seulement \u00e0 s\u2019adapter aux tendances actuelles ; il s&#039;agit de fa\u00e7onner l&#039;avenir du voyage d&#039;une mani\u00e8re durable, \u00e9thique et profond\u00e9ment gratifiante.<\/p>\n\n\n\n<h2 class=\"wp-block-heading\">Comprendre les \u00e9tudes de march\u00e9 sur l\u2019\u00e9cotourisme<\/h2>\n\n\n\n<p>Eco-tourism market research aims to understand the rapidly growing segment of tourism that emphasizes environmental sustainability and cultural respect. This <a title=\"\u00c9tude de march\u00e9 sur l&#039;\u00e9coute de musique en continu\" href=\"https:\/\/www.sisinternational.com\/fr\/etude-du-marche-de-la-diffusion-musicale-en-continu\/\" data-wpil-monitor-id=\"2583\">research involves a comprehensive analysis of market<\/a> trends, traveler preferences, and the economic, social, and environmental impacts of eco-tourism. Here, businesses and policymakers gain insights into what drives the eco-conscious traveler \u2013 from the desire for immersive, nature-based experiences to the need to ensure their travel choices contribute positively to conservation efforts and local communities.<\/p>\n\n\n\n<p>En outre, les \u00e9tudes de march\u00e9 sur l\u2019\u00e9cotourisme \u00e9valuent le potentiel du march\u00e9 et les d\u00e9fis des initiatives d\u2019\u00e9cotourisme. Il examine des facteurs tels que la demande du march\u00e9, l&#039;analyse de la concurrence, les crit\u00e8res de durabilit\u00e9 et la viabilit\u00e9 \u00e9conomique des mod\u00e8les d&#039;\u00e9cotourisme.<\/p>\n\n\n\n<h2 class=\"wp-block-heading\">Pourquoi les entreprises ont besoin d\u2019une \u00e9tude de march\u00e9 sur l\u2019\u00e9cotourisme<\/h2>\n\n\n\n<p>Les \u00e9tudes de march\u00e9 sur l&#039;\u00e9cotourisme sont cruciales pour comprendre les pr\u00e9f\u00e9rences et les comportements uniques des voyageurs soucieux de l&#039;environnement. Ces informations permettent aux entreprises d&#039;adapter leurs offres, en s&#039;assurant qu&#039;elles r\u00e9pondent aux attentes sp\u00e9cifiques de cette client\u00e8le.<\/p>\n\n\n\n<p>Dans tous les cas, il offre une s\u00e9rie d\u2019avantages aux entreprises op\u00e9rant dans (ou entrant) dans le secteur de l\u2019\u00e9cotourisme. Ces avantages aident les entreprises \u00e0 s\u2019aligner sur des pratiques durables et \u00e0 capitaliser sur la demande croissante d\u2019exp\u00e9riences \u00e9cotouristiques. Voici quelques avantages cl\u00e9s :<\/p>\n\n\n\n<ul class=\"wp-block-list\">\n<li><strong>Identification des opportunit\u00e9s de march\u00e9\u00a0:<\/strong> Les \u00e9tudes de march\u00e9 sur l&#039;\u00e9cotourisme aident les entreprises \u00e0 identifier de nouvelles opportunit\u00e9s au sein du secteur de l&#039;\u00e9cotourisme, telles que des destinations \u00e9mergentes, des segments de client\u00e8le inexploit\u00e9s ou des offres de services innovantes. Il permet aux entreprises de garder une longueur d&#039;avance en reconnaissant et en r\u00e9pondant aux \u00e9volutions du march\u00e9 et aux demandes des consommateurs.<\/li>\n\n\n\n<li><strong>Avantage comp\u00e9titif:<\/strong> Businesses that utilize eco-tourism market research can gain a competitive advantage by offering differentiated and authentic eco-tourism experiences. <\/li>\n\n\n\n<li><strong>Brand Building and <\/strong><a title=\"\u00c9tude de march\u00e9 sur la r\u00e9putation\" data-wpil-monitor-id=\"4082\" href=\"https:\/\/www.sisinternational.com\/fr\/competence\/les-industries\/etude-de-marche-sur-la-reputation\/\">Reputation Management: Eco-tourism market research<\/a> aids in building a strong, credible brand aligned with sustainable values. <\/li>\n<\/ul>\n\n\n\n<h2 class=\"wp-block-heading\">Quand mener une \u00e9tude de march\u00e9 sur l\u2019\u00e9cotourisme<\/h2>\n\n\n\n<ul class=\"wp-block-list\">\n<li><strong>Lors de la r\u00e9\u00e9valuation de la strat\u00e9gie commerciale\u00a0:<\/strong> Si une entreprise cherche \u00e0 r\u00e9organiser sa strat\u00e9gie globale, les \u00e9tudes de march\u00e9 peuvent fournir les informations n\u00e9cessaires pour \u00e9clairer les d\u00e9cisions strat\u00e9giques et guider l\u2019orientation de l\u2019entreprise.<\/li>\n\n\n\n<li><strong>Pendant les plans d\u2019expansion\u00a0:<\/strong> When considering expansion into new markets or regions, market research is vital to understand the local eco-tourism landscape, customer preferences, and regulatory environment. <\/li>\n\n\n\n<li><strong>R\u00e9pondre aux tendances et aux changements de l\u2019industrie\u00a0:<\/strong> En r\u00e9ponse aux changements importants du secteur, tels que les nouvelles r\u00e9glementations en mati\u00e8re de d\u00e9veloppement durable, l&#039;\u00e9volution des comportements des voyageurs ou les progr\u00e8s technologiques, les \u00e9tudes de march\u00e9 sur l&#039;\u00e9cotourisme peuvent aider les entreprises \u00e0 s&#039;adapter et \u00e0 rester pertinentes.<\/li>\n\n\n\n<li><strong>Benchmarking et analyse concurrentielle\u00a0:<\/strong> Pour rester comp\u00e9titives, les entreprises doivent r\u00e9guli\u00e8rement comparer leurs performances aux normes du secteur et \u00e0 celles de leurs concurrents. Les \u00e9tudes de march\u00e9 sur l&#039;\u00e9cotourisme donnent un aper\u00e7u de la position d&#039;une entreprise dans le secteur de l&#039;\u00e9cotourisme et des mesures qui peuvent \u00eatre prises pour am\u00e9liorer sa position sur le march\u00e9.<\/li>\n\n\n\n<li><strong>\u00c9valuation de la satisfaction et des commentaires des clients\u00a0:<\/strong> R\u00e9aliser des \u00e9tudes de march\u00e9 pour recueillir les commentaires des clients et mesurer leur satisfaction est important pour l&#039;am\u00e9lioration continue des offres d&#039;\u00e9cotourisme et pour garantir qu&#039;elles correspondent aux attentes des clients et aux normes de durabilit\u00e9.<\/li>\n<\/ul>\n\n\n\n<h2 class=\"wp-block-heading\">\u00c0 quoi s\u2019attendre des \u00e9tudes de march\u00e9 sur l\u2019\u00e9cotourisme<\/h2>\n\n\n\n<p>En se plongeant dans une \u00e9tude de march\u00e9 sur l\u2019\u00e9cotourisme, les entreprises et les parties prenantes peuvent anticiper des informations compl\u00e8tes qui sont cruciales pour naviguer efficacement dans ce secteur touristique sp\u00e9cialis\u00e9. Voici \u00e0 quoi s\u2019attendre de ce type d\u2019\u00e9tude de march\u00e9\u00a0:<\/p>\n\n\n\n<ul class=\"wp-block-list\">\n<li><strong>Analyse d\u00e9taill\u00e9e du march\u00e9\u00a0:<\/strong> Market research provides an in-depth analysis of the current market scenario, including size, growth potential, and segmentation. <\/li>\n\n\n\n<li><strong>\u00c9valuation du paysage concurrentiel\u00a0:<\/strong> Market research in the eco-tourism sector often includes an assessment of the competitive landscape.<\/li>\n\n\n\n<li><strong>Tendances et meilleures pratiques en mati\u00e8re de d\u00e9veloppement durable\u00a0:<\/strong> Understanding current trends and best practices in sustainability within the eco-tourism industry is another critical aspect. <\/li>\n\n\n\n<li><strong>Environnement r\u00e9glementaire et politique\u00a0:<\/strong> La recherche dans ce domaine couvre \u00e9galement l&#039;environnement r\u00e9glementaire et politique affectant l&#039;\u00e9cotourisme. La connaissance de ces r\u00e9glementations est essentielle pour garantir leur conformit\u00e9 et pour la planification strat\u00e9gique.<\/li>\n\n\n\n<li><strong>Opportunit\u00e9s et d\u00e9fis du march\u00e9\u00a0:<\/strong> Eco-tourism market research identifies both opportunities and challenges within the market. <\/li>\n<\/ul>\n\n\n\n<h2 class=\"wp-block-heading\">Innovation <\/h2>\n\n\n\n<p>Les \u00e9tudes de march\u00e9 sur l\u2019\u00e9cotourisme \u00e9voluent continuellement, refl\u00e9tant la nature dynamique du tourisme et de la durabilit\u00e9 environnementale \u2013 et voici quelques-unes des tendances actuelles notables\u00a0:<\/p>\n\n\n\n<ul class=\"wp-block-list\">\n<li><strong>Int\u00e9gration de la technologie dans l&#039;\u00e9cotourisme\u00a0:<\/strong> Le r\u00f4le de la technologie dans l\u2019am\u00e9lioration des exp\u00e9riences d\u2019\u00e9cotourisme est une tendance croissante. Les \u00e9tudes de march\u00e9 explorent comment les plateformes num\u00e9riques, les applications mobiles et la r\u00e9alit\u00e9 virtuelle peuvent \u00eatre utilis\u00e9es pour am\u00e9liorer l\u2019exp\u00e9rience client tout en respectant les principes de durabilit\u00e9.<\/li>\n\n\n\n<li><strong>Pratiques et rapports durables\u00a0:<\/strong> Une importance croissante est accord\u00e9e aux pratiques durables et \u00e0 leur reporting dans l&#039;\u00e9cotourisme. Les \u00e9tudes de march\u00e9 sur l&#039;\u00e9cotourisme examinent comment les entreprises mettent en \u0153uvre des pratiques durables telles que la r\u00e9duction des d\u00e9chets et l&#039;efficacit\u00e9 \u00e9nerg\u00e9tique, et comment ces pratiques sont communiqu\u00e9es et per\u00e7ues par les voyageurs.<\/li>\n\n\n\n<li><strong>Concentration accrue sur le changement climatique\u00a0:<\/strong> Climate change and its impact on travel destinations are becoming a critical area of focus in <a title=\"\u00c9tude de march\u00e9 sur le changement climatique\" data-wpil-monitor-id=\"4979\" href=\"https:\/\/www.sisinternational.com\/fr\/competence\/les-industries\/etude-de-marche-sur-le-changement-climatique\/\">eco-tourism market research<\/a>. <\/li>\n\n\n\n<li><strong>Personnalisation dans l\u2019\u00e9cotourisme\u00a0:<\/strong> Personalization is becoming increasingly important in eco-tourism. Market research is exploring how personalized eco-tourism experiences can be created, catering to individual preferences while maintaining sustainability.<\/li>\n<\/ul>\n\n\n\n<h2 class=\"wp-block-heading\">Opportunit\u00e9s d\u2019\u00e9tudes de march\u00e9 sur l\u2019\u00e9cotourisme pour les entreprises<\/h2>\n\n\n\n<p>Les \u00e9tudes de march\u00e9 sur l&#039;\u00e9cotourisme offrent plusieurs opportunit\u00e9s aux entreprises du secteur touristique, en particulier celles qui se concentrent sur les pratiques durables. C&#039;est pourquoi comprendre et exploiter ces opportunit\u00e9s peut conduire \u00e0 une croissance significative, \u00e0 un avantage concurrentiel et \u00e0 un alignement sur les objectifs de d\u00e9veloppement durable.<\/p>\n\n\n\n<ul class=\"wp-block-list\">\n<li><strong>Targeting <\/strong><a title=\"\u00c9tude de march\u00e9 \u00e9conomique en Estonie\" data-wpil-monitor-id=\"2934\" href=\"https:\/\/www.sisinternational.com\/fr\/economie-estonienne\/\">Emerging Markets and Segments: Market research<\/a> helps identify emerging markets and consumer segments that are interested in sustainable travel. <\/li>\n\n\n\n<li><strong>D\u00e9veloppement de produits et d&#039;exp\u00e9riences innovants\u00a0:<\/strong> Les enseignements tir\u00e9s des \u00e9tudes de march\u00e9 peuvent inspirer le d\u00e9veloppement de produits et d\u2019exp\u00e9riences \u00e9cotouristiques innovants. Comprendre les pr\u00e9f\u00e9rences et les tendances des voyageurs permet aux entreprises de cr\u00e9er des offres uniques qui se d\u00e9marquent sur le march\u00e9, telles que des h\u00e9bergements respectueux de l&#039;environnement, des visites ax\u00e9es sur la conservation ou des exp\u00e9riences d&#039;immersion culturelle.<\/li>\n\n\n\n<li><strong>Opportunit\u00e9s de partenariat et de collaboration\u00a0:<\/strong> Les informations issues des \u00e9tudes de march\u00e9 peuvent r\u00e9v\u00e9ler des opportunit\u00e9s de partenariats et de collaborations avec d\u2019autres entreprises, ONG ou communaut\u00e9s locales.<\/li>\n\n\n\n<li><strong>Am\u00e9liorer l\u2019image et la r\u00e9putation de la marque\u00a0:<\/strong> Businesses can leverage <a title=\"\u00c9tude de march\u00e9 sur l\u2019imagerie diagnostique\" data-wpil-monitor-id=\"6366\" href=\"https:\/\/www.sisinternational.com\/fr\/competence\/les-industries\/etude-de-marche-sur-limagerie-diagnostique\/\">\u00c9tude de march\u00e9<\/a> to enhance their brand image and reputation. Demonstrating a commitment to sustainability and responsible tourism practices can attract more customers and build loyalty among eco-conscious travelers.<\/li>\n\n\n\n<li><strong>S&#039;adapter aux changements et aux tendances du march\u00e9\u00a0:<\/strong> Eco-tourism market research keeps businesses informed about changing market dynamics, emerging trends, and evolving traveler preferences. <\/li>\n<\/ul>","protected":false},"excerpt":{"rendered":"<p>Les \u00e9tudes de march\u00e9 sur l\u2019\u00e9cotourisme sont cruciales pour comprendre les pr\u00e9f\u00e9rences et les comportements uniques des voyageurs soucieux de l\u2019environnement.<\/p>","protected":false},"author":1,"featured_media":64755,"parent":44644,"menu_order":11,"comment_status":"closed","ping_status":"closed","template":"","meta":{"footnotes":""},"class_list":["post-45633","page","type-page","status-publish","has-post-thumbnail"],"_links":{"self":[{"href":"https:\/\/www.sisinternational.com\/fr\/wp-json\/wp\/v2\/pages\/45633","targetHints":{"allow":["GET"]}}],"collection":[{"href":"https:\/\/www.sisinternational.com\/fr\/wp-json\/wp\/v2\/pages"}],"about":[{"href":"https:\/\/www.sisinternational.com\/fr\/wp-json\/wp\/v2\/types\/page"}],"author":[{"embeddable":true,"href":"https:\/\/www.sisinternational.com\/fr\/wp-json\/wp\/v2\/users\/1"}],"replies":[{"embeddable":true,"href":"https:\/\/www.sisinternational.com\/fr\/wp-json\/wp\/v2\/comments?post=45633"}],"version-history":[{"count":9,"href":"https:\/\/www.sisinternational.com\/fr\/wp-json\/wp\/v2\/pages\/45633\/revisions"}],"predecessor-version":[{"id":82064,"href":"https:\/\/www.sisinternational.com\/fr\/wp-json\/wp\/v2\/pages\/45633\/revisions\/82064"}],"up":[{"embeddable":true,"href":"https:\/\/www.sisinternational.com\/fr\/wp-json\/wp\/v2\/pages\/44644"}],"wp:featuredmedia":[{"embeddable":true,"href":"https:\/\/www.sisinternational.com\/fr\/wp-json\/wp\/v2\/media\/64755"}],"wp:attachment":[{"href":"https:\/\/www.sisinternational.com\/fr\/wp-json\/wp\/v2\/media?parent=45633"}],"curies":[{"name":"wp","href":"https:\/\/api.w.org\/{rel}","templated":true}]}}