{"id":45626,"date":"2024-01-26T16:17:34","date_gmt":"2024-01-26T21:17:34","guid":{"rendered":"https:\/\/www.sisinternational.com\/?page_id=45626"},"modified":"2026-01-31T00:39:38","modified_gmt":"2026-01-31T05:39:38","slug":"etude-de-marche-sur-les-voyages-de-luxe","status":"publish","type":"page","link":"https:\/\/www.sisinternational.com\/fr\/solutions\/conseil-en-tourisme-de-voyage-et-en-hotellerie\/etude-de-marche-sur-les-voyages-de-luxe\/","title":{"rendered":"\u00c9tude de march\u00e9 sur les voyages de luxe"},"content":{"rendered":"<h1 class=\"wp-block-heading\">\u00c9tude de march\u00e9 sur les voyages de luxe<\/h1>\n\n\n\n<figure class=\"gb-block-image gb-block-image-b7de1c5a\"><img loading=\"lazy\" decoding=\"async\" width=\"1456\" height=\"816\" class=\"gb-image gb-image-b7de1c5a\" src=\"https:\/\/www.sisinternational.com\/wp-content\/uploads\/2025\/10\/First-class-traveler-1.jpg\" alt=\"\u00c9tudes de march\u00e9 et strat\u00e9gie internationales SIS\" title=\"First class traveler (1)\" srcset=\"https:\/\/www.sisinternational.com\/wp-content\/uploads\/2025\/10\/First-class-traveler-1.jpg 1456w, https:\/\/www.sisinternational.com\/wp-content\/uploads\/2025\/10\/First-class-traveler-1-300x168.jpg 300w, https:\/\/www.sisinternational.com\/wp-content\/uploads\/2025\/10\/First-class-traveler-1-1024x574.jpg 1024w, https:\/\/www.sisinternational.com\/wp-content\/uploads\/2025\/10\/First-class-traveler-1-768x430.jpg 768w, https:\/\/www.sisinternational.com\/wp-content\/uploads\/2025\/10\/First-class-traveler-1-18x10.jpg 18w\" sizes=\"auto, (max-width: 1456px) 100vw, 1456px\"><\/figure>\n\n\n\n<p><\/p>\n\n\n\n<hr class=\"wp-block-separator has-alpha-channel-opacity is-style-dots\"\/>\n\n\n\n<p>Les \u00e9tudes de march\u00e9 sur les voyages de luxe sont la boussole qui guide les entreprises dans le paysage en constante \u00e9volution du voyage haut de gamme. Il fournit des informations inestimables sur les pr\u00e9f\u00e9rences, les comportements et les attentes des voyageurs les plus exigeants. Dans un march\u00e9 o\u00f9 les normes d&#039;excellence sont constamment red\u00e9finies, comprendre les nuances du voyage de luxe est essentiel pour les entreprises qui souhaitent exceller dans ce secteur.<\/p>\n\n\n\n<h2 class=\"wp-block-heading\">Qu\u2019est-ce que l\u2019\u00e9tude de march\u00e9 sur les voyages de luxe ?<\/h2>\n\n\n\n<p><a title=\"\u00c9tude de march\u00e9 sur les parfums de luxe\" href=\"https:\/\/www.sisinternational.com\/fr\/etude-de-marche-sur-les-parfums-de-luxe\/\" data-wpil-monitor-id=\"2265\">Luxury travel market research<\/a> is a specialized study of the global luxury travel industry, focusing on market trends, consumer preferences, destination preferences, and the competitive landscape. This research is essential for luxury travel providers, hotels, tour operators, and other stakeholders looking to understand the luxury travel market and tailor their offerings to meet the needs of affluent travelers.<\/p>\n\n\n\n<h2 class=\"wp-block-heading\">Importance et principaux avantages de l\u2019\u00e9tude de march\u00e9 sur les voyages de luxe<\/h2>\n\n\n\n<p>Luxury <a title=\"\u00c9tude de march\u00e9 sur le transport a\u00e9rien\u00a0: repenser la cabine de l&#039;avion\" href=\"https:\/\/www.sisinternational.com\/fr\/publications\/airtravel-insights-repenser-la-cabine-davion\/\" data-wpil-monitor-id=\"6496\">\u00e9tude de march\u00e9 du voyage<\/a> is essential for businesses targeting high-end travelers and seeking to capitalize on the growing luxury travel market. This research provides valuable insights into luxury travelers\u2019 preferences, behaviors, and spending habits, enabling companies to tailor their offerings and marketing strategies accordingly.<\/p>\n\n\n\n<p>Additionally, luxury <a class=\"wpil_keyword_link\" href=\"https:\/\/www.sisinternational.com\/fr\/competence\/les-industries\/tourisme-de-voyage\/\"   title=\"\u00c9tudes de march\u00e9 sur les voyages et le tourisme\" data-wpil-keyword-link=\"linked\"  data-wpil-monitor-id=\"11328\">\u00e9tude de march\u00e9 du voyage<\/a> helps businesses understand the competitive landscape. Companies can identify their unique selling points by studying competitor offerings and market positioning and differentiate themselves in a crowded market. It has many benefits for businesses in this sector, including:<\/p>\n\n\n\n<ul class=\"wp-block-list\">\n<li><strong>Exp\u00e9riences client sur mesure\u00a0:<\/strong> Les \u00e9tudes de march\u00e9 sur les voyages de luxe permettent aux entreprises d&#039;adapter leurs services et leurs exp\u00e9riences pour r\u00e9pondre aux normes \u00e9lev\u00e9es de cette client\u00e8le, am\u00e9liorant ainsi la satisfaction et la fid\u00e9lit\u00e9 des clients.<\/li>\n\n\n\n<li><strong>Avantage concurrentiel en mati\u00e8re de marketing et de marque\u00a0:<\/strong> With a deeper understanding of the luxury market dynamics, companies can craft more effective marketing and branding strategies. <\/li>\n\n\n\n<li><strong>Anticiper les tendances du march\u00e9\u00a0:<\/strong> Les \u00e9tudes de march\u00e9 sur les voyages de luxe fournissent un aper\u00e7u des tendances \u00e9mergentes. Il permet aux entreprises d&#039;anticiper les changements et d&#039;adapter leurs strat\u00e9gies en cons\u00e9quence, conservant ainsi leur pertinence et leur attractivit\u00e9 dans un march\u00e9 en \u00e9volution rapide.<\/li>\n\n\n\n<li><strong>Strat\u00e9gies de tarification optimis\u00e9es\u00a0:<\/strong> In the luxury travel market, pricing is a delicate balance between exclusivity and value. Luxury travel market research helps businesses understand the pricing expectations of luxury travelers, allowing them to optimize their pricing <a title=\"Remises chez les d\u00e9taillants de luxe\" data-wpil-monitor-id=\"2095\" href=\"https:\/\/www.sisinternational.com\/fr\/reductions-chez-les-detaillants-de-super-luxe\/\">strategies<\/a> for maximum profitability while maintaining the allure of luxury.<\/li>\n<\/ul>\n\n\n\n<h2 class=\"wp-block-heading\">R\u00e9sultats attendus de l&#039;\u00e9tude de march\u00e9 sur les voyages de luxe de SIS International<\/h2>\n\n\n\n<p>When businesses partner with SIS International for <a title=\"\u00c9tude de march\u00e9 pour la Saint-Valentin\u00a0: comment votre entreprise peut ressentir l&#039;amour\" href=\"https:\/\/www.sisinternational.com\/fr\/saint-valentin-comment-votre-entreprise-peut-ressentir-lamour\/\" data-wpil-monitor-id=\"7381\">\u00e9tude de march\u00e9 sur les voyages de luxe<\/a>, they can expect a range of valuable outcomes that drive strategic decision-making and business success:<\/p>\n\n\n\n<ul class=\"wp-block-list\">\n<li><strong>Informations exploitables\u00a0:<\/strong> SIS International delivers actionable insights from comprehensive research methodologies and advanced analytical techniques. <\/li>\n\n\n\n<li><strong>Avantage comp\u00e9titif:<\/strong> Les entreprises obtiennent un avantage concurrentiel sur le march\u00e9 du voyage de luxe en tirant parti de l&#039;expertise sectorielle et de la connaissance du march\u00e9 de SIS International. Nos recherches fournissent aux clients les connaissances et les connaissances n\u00e9cessaires pour identifier les tendances du march\u00e9, \u00e9valuer les strat\u00e9gies des concurrents et capitaliser sur les opportunit\u00e9s \u00e9mergentes, les positionnant ainsi pour r\u00e9ussir dans un paysage hautement concurrentiel.<\/li>\n\n\n\n<li><strong>Satisfaction client am\u00e9lior\u00e9e\u00a0:<\/strong> Comprendre les pr\u00e9f\u00e9rences et les attentes des voyageurs de luxe est essentiel pour offrir des exp\u00e9riences client exceptionnelles. Les conclusions des recherches de SIS International permettent aux entreprises d&#039;adapter leurs services, leurs \u00e9quipements et leurs efforts de marketing pour les aligner sur les d\u00e9sirs des voyageurs de luxe, am\u00e9liorant ainsi la satisfaction et la fid\u00e9lit\u00e9 des clients.<\/li>\n\n\n\n<li><strong>ROI marketing optimis\u00e9\u00a0:<\/strong> Businesses can optimize their marketing ROI by targeting the right audience segments with personalized marketing messages and experiences. SIS International\u2019s <a title=\"\u00c9tude de march\u00e9 sur l\u2019ARNm\" data-wpil-monitor-id=\"4663\" href=\"https:\/\/www.sisinternational.com\/fr\/competence\/les-industries\/etude-de-marche-sur-larnm\/\">recherche<\/a> helps clients identify the most effective marketing channels, messaging strategies, and customer engagement tactics, maximizing the impact of their marketing investments and driving revenue growth.<\/li>\n<\/ul>\n\n\n\n<h2 class=\"wp-block-heading\">Tendances actuelles des \u00e9tudes de march\u00e9 sur les voyages de luxe<\/h2>\n\n\n\n<p>Le paysage du voyage de luxe est continuellement fa\u00e7onn\u00e9 par l\u2019\u00e9volution des tendances et des pr\u00e9f\u00e9rences, ce qui rend crucial pour les entreprises de rester inform\u00e9es et adaptables. Voici quelques-unes des tendances actuelles mises en \u00e9vidence par des \u00e9tudes de march\u00e9 r\u00e9centes\u00a0:<\/p>\n\n\n\n<ul class=\"wp-block-list\">\n<li><strong>Personnalisation et personnalisation\u00a0:<\/strong> Une tendance importante sur le march\u00e9 des voyages de luxe est la demande croissante d\u2019exp\u00e9riences personnalis\u00e9es et personnalis\u00e9es. Les voyageurs de luxe recherchent des voyages adapt\u00e9s \u00e0 leurs int\u00e9r\u00eats, pr\u00e9f\u00e9rences et styles sp\u00e9cifiques.<\/li>\n\n\n\n<li><strong>Voyages ax\u00e9s sur le bien-\u00eatre et la sant\u00e9\u00a0:<\/strong> Le march\u00e9 du voyage de luxe conna\u00eet une augmentation des voyages ax\u00e9s sur le bien-\u00eatre et la sant\u00e9. Les voyageurs de luxe recherchent des exp\u00e9riences favorisant le bien-\u00eatre physique, mental et \u00e9motionnel, allant des retraites de bien-\u00eatre aux vacances ax\u00e9es sur l&#039;aventure et la remise en forme.<\/li>\n\n\n\n<li><strong>Exp\u00e9riences am\u00e9lior\u00e9es par la technologie\u00a0:<\/strong> L\u2019int\u00e9gration de la technologie pour am\u00e9liorer les exp\u00e9riences de voyage est une autre tendance cl\u00e9. Des aper\u00e7us de destinations en r\u00e9alit\u00e9 virtuelle aux services de conciergerie personnels bas\u00e9s sur l\u2019IA, la technologie cr\u00e9e des exp\u00e9riences de voyage de luxe plus immersives et plus fluides.<\/li>\n<\/ul>\n\n\n\n<h2 class=\"wp-block-heading\">Principaux acteurs de l&#039;industrie du voyage de luxe<\/h2>\n\n\n\n<p>Dans le paysage dynamique du voyage de luxe, plusieurs acteurs cl\u00e9s exercent une influence significative et fa\u00e7onnent les tendances du secteur. Ces principaux acteurs comprennent\u00a0:<\/p>\n\n\n\n<ul class=\"wp-block-list\">\n<li><strong>Cha\u00eenes d\u2019h\u00f4tels de luxe\u00a0:<\/strong> Les cha\u00eenes d&#039;h\u00f4tels de luxe \u00e9tablies telles que Four Seasons, Ritz-Carlton et Mandarin Oriental sont synonymes d&#039;opulence, offrant aux voyageurs exigeants des h\u00e9bergements exclusifs, des services personnalis\u00e9s et des \u00e9quipements exceptionnels dans des destinations prestigieuses du monde entier.<\/li>\n\n\n\n<li><strong>Compagnies de croisi\u00e8res de luxe\u00a0:<\/strong> Les compagnies de croisi\u00e8res de luxe telles que Seabourn, Crystal Cruises et Regent Seven Seas Cruises offrent aux voyageurs la possibilit\u00e9 d&#039;explorer le monde avec style et confort. Ces compagnies de croisi\u00e8re proposent des commodit\u00e9s luxueuses \u00e0 bord, des exp\u00e9riences culinaires gastronomiques et des excursions \u00e0 terre organis\u00e9es, attirant les voyageurs fortun\u00e9s \u00e0 la recherche d&#039;un m\u00e9lange harmonieux de d\u00e9tente et d&#039;exploration.<\/li>\n\n\n\n<li><strong>Compagnies d&#039;affr\u00e8tement de jets priv\u00e9s\u00a0:<\/strong> Les soci\u00e9t\u00e9s d&#039;affr\u00e8tement de jets priv\u00e9s telles que NetJets, Flexjet et VistaJet offrent aux voyageurs fortun\u00e9s le summum du luxe et de la commodit\u00e9. Ayant acc\u00e8s \u00e0 une flotte d&#039;avions priv\u00e9s et \u00e0 des services personnalis\u00e9s, ces soci\u00e9t\u00e9s s&#039;adressent aux particuliers fortun\u00e9s \u00e0 la recherche d&#039;exp\u00e9riences de voyage exclusives et d&#039;intimit\u00e9.<\/li>\n<\/ul>\n\n\n\n<h2 class=\"wp-block-heading\">Opportunit\u00e9s d\u2019\u00e9tudes de march\u00e9 sur les voyages de luxe pour les entreprises<\/h2>\n\n\n\n<p>Les informations tir\u00e9es des \u00e9tudes de march\u00e9 ouvrent un large \u00e9ventail d&#039;opportunit\u00e9s aux entreprises op\u00e9rant dans ce secteur lucratif ou cherchant \u00e0 y p\u00e9n\u00e9trer. Voici ce que les entreprises peuvent s&#039;attendre \u00e0 gagner\u00a0:<\/p>\n\n\n\n<ul class=\"wp-block-list\">\n<li><strong>Identifier de nouvelles destinations et tendances de voyages de luxe\u00a0:<\/strong> Les \u00e9tudes de march\u00e9 sur les voyages de luxe aident \u00e0 identifier les destinations et les tendances \u00e9mergentes en mati\u00e8re de voyages de luxe. Les entreprises peuvent capitaliser sur ces connaissances en \u00e9tant des adopteurs pr\u00e9coces, en proposant des destinations ou des exp\u00e9riences nouvelles et passionnantes avant qu\u2019elles ne deviennent courantes.<\/li>\n\n\n\n<li><strong>Expansion vers de nouveaux segments de march\u00e9\u00a0:<\/strong> Les \u00e9tudes de march\u00e9 sur les voyages de luxe peuvent r\u00e9v\u00e9ler des segments inexploit\u00e9s du march\u00e9 du luxe. Cela offre aux entreprises des opportunit\u00e9s d\u2019\u00e9tendre leur port\u00e9e et de diversifier leur client\u00e8le.<\/li>\n\n\n\n<li><strong>Personnalisation:<\/strong> Les voyageurs de luxe recherchent de plus en plus des exp\u00e9riences personnalis\u00e9es adapt\u00e9es \u00e0 leurs pr\u00e9f\u00e9rences et int\u00e9r\u00eats. En tirant parti des informations des \u00e9tudes de march\u00e9, les entreprises peuvent mieux comprendre les segments, les pr\u00e9f\u00e9rences et les comportements des clients, ce qui leur permet d&#039;offrir des services, des commodit\u00e9s et des exp\u00e9riences personnalis\u00e9s qui trouvent un \u00e9cho aupr\u00e8s des voyageurs ais\u00e9s.<\/li>\n\n\n\n<li><strong>March\u00e9s \u00e9mergents:<\/strong> Le march\u00e9 des voyages de luxe continue de se d\u00e9velopper \u00e0 l&#039;\u00e9chelle mondiale, les march\u00e9s \u00e9mergents tels que la Chine, l&#039;Inde et l&#039;Asie du Sud-Est connaissant une croissance rapide des segments de consommateurs ais\u00e9s. R\u00e9aliser des \u00e9tudes de march\u00e9 dans ces r\u00e9gions permet aux entreprises d&#039;identifier des opportunit\u00e9s inexploit\u00e9es, de comprendre les pr\u00e9f\u00e9rences locales et d&#039;adapter leurs offres pour r\u00e9pondre aux besoins de divers voyageurs de luxe.<\/li>\n\n\n\n<li><strong>Voyage exp\u00e9rientiel\u00a0:<\/strong> Les voyageurs de luxe privil\u00e9gient de plus en plus les exp\u00e9riences de voyage exp\u00e9rientielles qui offrent authenticit\u00e9, immersion et enrichissement culturel. Les \u00e9tudes de march\u00e9 peuvent aider les entreprises \u00e0 identifier les tendances exp\u00e9rientielles \u00e9mergentes, \u00e0 organiser des exp\u00e9riences de voyage uniques et \u00e0 se diff\u00e9rencier sur un march\u00e9 concurrentiel en proposant des exp\u00e9riences culturelles immersives, des voyages d&#039;aventure et des initiatives de tourisme durable.<\/li>\n<\/ul>\n\n\n\n<h2 class=\"wp-block-heading\">Les d\u00e9fis de l\u2019\u00e9tude de march\u00e9 sur les voyages de luxe pour les entreprises<\/h2>\n\n\n\n<p>While luxury travel market research offers invaluable insights, conducting it effectively poses some challenges. Therefore, businesses venturing into this research must navigate these complexities to extract meaningful and actionable data. Here are some of the key challenges they might face:<\/p>\n\n\n\n<ul class=\"wp-block-list\">\n<li><strong>Modification des pr\u00e9f\u00e9rences des consommateurs\u00a0:<\/strong> Les pr\u00e9f\u00e9rences et le comportement des voyageurs de luxe \u00e9voluent constamment, influenc\u00e9s par des facteurs tels que les tendances socio-\u00e9conomiques, les progr\u00e8s technologiques et les \u00e9v\u00e9nements mondiaux. Les entreprises doivent rester \u00e0 l\u2019\u00e9coute de l\u2019\u00e9volution des pr\u00e9f\u00e9rences des consommateurs, anticiper les tendances \u00e9mergentes et adapter leurs offres pour rester pertinentes sur le march\u00e9 concurrentiel des voyages de luxe.<\/li>\n\n\n\n<li><strong>Confidentialit\u00e9 et s\u00e9curit\u00e9 des donn\u00e9es\u00a0:<\/strong> Avec le recours croissant aux informations bas\u00e9es sur les donn\u00e9es, les entreprises sont confront\u00e9es \u00e0 des d\u00e9fis en mati\u00e8re de confidentialit\u00e9 et de s\u00e9curit\u00e9 des donn\u00e9es. La collecte et le stockage des donn\u00e9es sensibles des clients n\u00e9cessitent des mesures robustes de protection des donn\u00e9es pour se pr\u00e9munir contre les violations de donn\u00e9es, la conformit\u00e9 r\u00e9glementaire et l&#039;\u00e9rosion de la confiance des consommateurs.<\/li>\n\n\n\n<li><strong>Complexit\u00e9 op\u00e9rationnelle\u00a0:<\/strong> Offrir des exp\u00e9riences de voyage de luxe implique une logistique complexe, une planification m\u00e9ticuleuse et une ex\u00e9cution transparente sur plusieurs points de contact. Les entreprises doivent g\u00e9rer la complexit\u00e9 op\u00e9rationnelle du voyage de luxe, y compris le transport, l&#039;h\u00e9bergement, la restauration et les activit\u00e9s, tout en maintenant des normes \u00e9lev\u00e9es d&#039;excellence du service et de satisfaction client.<\/li>\n\n\n\n<li><strong>Durabilit\u00e9 et pr\u00e9occupations environnementales\u00a0:<\/strong> Les voyageurs de luxe sont de plus en plus conscients de la durabilit\u00e9 environnementale et de la responsabilit\u00e9 sociale lorsqu\u2019ils choisissent des destinations et des exp\u00e9riences de voyage. Les entreprises sont confront\u00e9es \u00e0 des difficult\u00e9s pour \u00e9quilibrer les offres de luxe avec des pratiques durables, minimiser l&#039;impact environnemental et r\u00e9pondre \u00e0 la demande des consommateurs pour des options de voyage respectueuses de l&#039;environnement.<\/li>\n<\/ul>\n\n\n\n<h2 class=\"wp-block-heading\">Perspectives futures des \u00e9tudes de march\u00e9 sur les voyages de luxe pour les entreprises<\/h2>\n\n\n\n<p>L\u2019avenir des \u00e9tudes de march\u00e9 sur les voyages de luxe devrait \u00eatre plus dynamique et plus influent que jamais. L\u2019\u00e9volution des pr\u00e9f\u00e9rences des voyageurs de luxe et l\u2019\u00e9mergence de nouvelles tendances obligent les entreprises \u00e0 garder une longueur d\u2019avance pour rester comp\u00e9titives et pertinentes. Voici ce que pourraient nous r\u00e9server les perspectives d\u2019avenir des \u00e9tudes de march\u00e9 sur les voyages de luxe\u00a0:<\/p>\n\n\n\n<ul class=\"wp-block-list\">\n<li><strong>Accent accru sur l&#039;analyse pr\u00e9dictive\u00a0:<\/strong> Avec les progr\u00e8s de la science des donn\u00e9es et de l\u2019IA, les \u00e9tudes de march\u00e9 sur les voyages de luxe devraient s\u2019appuyer davantage sur l\u2019analyse pr\u00e9dictive. Cela permettra aux entreprises d&#039;anticiper les tendances du march\u00e9 et les pr\u00e9f\u00e9rences des voyageurs, permettant ainsi le d\u00e9veloppement d&#039;une strat\u00e9gie proactive.<\/li>\n\n\n\n<li><strong>Int\u00e9gration des mesures de durabilit\u00e9\u00a0:<\/strong> Alors que la durabilit\u00e9 devient de plus en plus essentielle, les futures \u00e9tudes de march\u00e9 int\u00e9greront probablement des mesures de durabilit\u00e9. Comprendre comment les voyageurs de luxe per\u00e7oivent et valorisent les pratiques durables sera crucial pour que les entreprises adaptent leurs offres en cons\u00e9quence.<\/li>\n\n\n\n<li><strong>Adopter les nouvelles technologies\u00a0:<\/strong> Les technologies \u00e9mergentes telles que la r\u00e9alit\u00e9 virtuelle, la blockchain et l\u2019IoT devraient jouer un r\u00f4le plus important dans les \u00e9tudes de march\u00e9 sur les voyages de luxe. Ces technologies peuvent offrir des moyens innovants de collecter et d\u2019analyser des donn\u00e9es, offrant ainsi une compr\u00e9hension plus compl\u00e8te du march\u00e9.<\/li>\n<\/ul>\n\n\n\n<h2 class=\"wp-block-heading\">Comment les services de SIS International aident les entreprises dans les \u00e9tudes de march\u00e9 sur les voyages de luxe<\/h2>\n\n\n\n<p>SIS provides strategic insights, actionable recommendations, and innovative solutions to drive business success in the luxury travel market. Here\u2019s how our services help businesses:<\/p>\n\n\n\n<ul class=\"wp-block-list\">\n<li><strong>Solutions de recherche personnalis\u00e9es\u00a0:<\/strong> SIS designs customized research solutions tailored to each client\u2019s specific objectives, industry dynamics, and target audience. <\/li>\n\n\n\n<li><strong>Port\u00e9e et expertise mondiales\u00a0:<\/strong> With a presence in key markets worldwide, SIS leverages its global network of experts and local insights to provide clients with a comprehensive understanding of the luxury travel market landscape. <\/li>\n\n\n\n<li><strong>M\u00e9thodologies de pointe\u00a0:<\/strong> SIS International employs cutting-edge research methodologies and innovative technologies to capture actionable insights and uncover hidden opportunities in the <a title=\"\u00c9tudes de march\u00e9 au Canada\" data-wpil-monitor-id=\"2632\" href=\"https:\/\/www.sisinternational.com\/fr\/couverture\/les-ameriques\/etude-de-marche-canadienne\/\">luxury travel<\/a> market. <\/li>\n\n\n\n<li><strong>Services de conseil strat\u00e9gique\u00a0:<\/strong> Besides research expertise, SIS International offers strategic consulting <a title=\"Services de traduction et de transcription en allemand\" data-wpil-monitor-id=\"6514\" href=\"https:\/\/www.sisinternational.com\/fr\/solutions\/traduction-et-transcription\/services-de-traduction-et-de-transcription-en-allemand\/\">services to help businesses translate<\/a> research findings into actionable strategies and initiatives. <\/li>\n<\/ul>","protected":false},"excerpt":{"rendered":"<p>Les \u00e9tudes de march\u00e9 sur les voyages de luxe sont la boussole qui guide les entreprises dans le paysage en constante \u00e9volution du voyage haut de gamme.<\/p>","protected":false},"author":1,"featured_media":70810,"parent":44644,"menu_order":10,"comment_status":"closed","ping_status":"closed","template":"","meta":{"footnotes":""},"class_list":["post-45626","page","type-page","status-publish","has-post-thumbnail"],"_links":{"self":[{"href":"https:\/\/www.sisinternational.com\/fr\/wp-json\/wp\/v2\/pages\/45626","targetHints":{"allow":["GET"]}}],"collection":[{"href":"https:\/\/www.sisinternational.com\/fr\/wp-json\/wp\/v2\/pages"}],"about":[{"href":"https:\/\/www.sisinternational.com\/fr\/wp-json\/wp\/v2\/types\/page"}],"author":[{"embeddable":true,"href":"https:\/\/www.sisinternational.com\/fr\/wp-json\/wp\/v2\/users\/1"}],"replies":[{"embeddable":true,"href":"https:\/\/www.sisinternational.com\/fr\/wp-json\/wp\/v2\/comments?post=45626"}],"version-history":[{"count":19,"href":"https:\/\/www.sisinternational.com\/fr\/wp-json\/wp\/v2\/pages\/45626\/revisions"}],"predecessor-version":[{"id":82084,"href":"https:\/\/www.sisinternational.com\/fr\/wp-json\/wp\/v2\/pages\/45626\/revisions\/82084"}],"up":[{"embeddable":true,"href":"https:\/\/www.sisinternational.com\/fr\/wp-json\/wp\/v2\/pages\/44644"}],"wp:featuredmedia":[{"embeddable":true,"href":"https:\/\/www.sisinternational.com\/fr\/wp-json\/wp\/v2\/media\/70810"}],"wp:attachment":[{"href":"https:\/\/www.sisinternational.com\/fr\/wp-json\/wp\/v2\/media?parent=45626"}],"curies":[{"name":"wp","href":"https:\/\/api.w.org\/{rel}","templated":true}]}}