{"id":45616,"date":"2024-01-26T15:20:22","date_gmt":"2024-01-26T20:20:22","guid":{"rendered":"https:\/\/www.sisinternational.com\/?page_id=45616"},"modified":"2026-01-31T18:39:12","modified_gmt":"2026-01-31T23:39:12","slug":"etude-de-marche-sur-les-hotels-patrimoniaux","status":"publish","type":"page","link":"https:\/\/www.sisinternational.com\/fr\/solutions\/conseil-en-tourisme-de-voyage-et-en-hotellerie\/etude-de-marche-sur-les-hotels-patrimoniaux\/","title":{"rendered":"\u00c9tude de march\u00e9 sur les h\u00f4tels du patrimoine"},"content":{"rendered":"<h1 class=\"wp-block-heading\">\u00c9tude de march\u00e9 sur les h\u00f4tels du patrimoine<\/h1>\n\n\n\n<figure class=\"gb-block-image gb-block-image-571bf1a3\"><img loading=\"lazy\" decoding=\"async\" width=\"1456\" height=\"816\" class=\"gb-image gb-image-571bf1a3\" src=\"https:\/\/www.sisinternational.com\/wp-content\/uploads\/2025\/08\/hotel-2.jpg\" alt=\"\u00c9tudes de march\u00e9 et strat\u00e9gie internationales SIS\" title=\"hotel (2)\" srcset=\"https:\/\/www.sisinternational.com\/wp-content\/uploads\/2025\/08\/hotel-2.jpg 1456w, https:\/\/www.sisinternational.com\/wp-content\/uploads\/2025\/08\/hotel-2-300x168.jpg 300w, https:\/\/www.sisinternational.com\/wp-content\/uploads\/2025\/08\/hotel-2-1024x574.jpg 1024w, https:\/\/www.sisinternational.com\/wp-content\/uploads\/2025\/08\/hotel-2-768x430.jpg 768w, https:\/\/www.sisinternational.com\/wp-content\/uploads\/2025\/08\/hotel-2-18x10.jpg 18w\" sizes=\"auto, (max-width: 1456px) 100vw, 1456px\"><\/figure>\n\n\n\n<p><\/p>\n\n\n\n<hr class=\"wp-block-separator has-alpha-channel-opacity is-style-dots\"\/>\n\n\n\n<p>Heritage hotels stand as timeless monuments, offering a unique blend of historical elegance and modern luxury. Their allure lies in the stories they tell, the cultures they embody, and the experiences they offer. Heritage hotel market research is a crucial tool for preserving the legacy of these establishments while aligning them with contemporary market demands.<\/p>\n\n\n\n<h2 class=\"wp-block-heading\">Qu\u2019est-ce que l\u2019\u00e9tude de march\u00e9 sur les h\u00f4tels Heritage ?<\/h2>\n\n\n\n<p>Heritage <a class=\"wpil_keyword_link\" title=\"Etude de march\u00e9 h\u00f4telier\" data-wpil-keyword-link=\"linked\" data-wpil-monitor-id=\"634\" href=\"https:\/\/www.sisinternational.com\/fr\/competence\/les-industries\/etude-de-marche-hoteliere\/\">\u00e9tude de march\u00e9 h\u00f4teli\u00e8re<\/a> seeks to understand the market dynamics specific to these unique properties, analyzing customer preferences, demographics, and behaviors that drive the demand for heritage hotel experiences. <\/p>\n\n\n\n<p>De plus, ce type d\u2019\u00e9tude de march\u00e9 explore le paysage concurrentiel des h\u00f4tels patrimoniaux. Il \u00e9value comment ces \u00e9tablissements se positionnent sur le march\u00e9, leurs strat\u00e9gies tarifaires et comment ils se diff\u00e9rencient des h\u00f4tels de luxe conventionnels. Comprendre ces facteurs est crucial pour que les propri\u00e9taires et gestionnaires d&#039;h\u00f4tels patrimoniaux puissent prendre des d\u00e9cisions \u00e9clair\u00e9es concernant le marketing, les r\u00e9novations, les services et la pr\u00e9servation de l&#039;int\u00e9grit\u00e9 historique de leurs propri\u00e9t\u00e9s.<\/p>\n\n\n\n<h2 class=\"wp-block-heading\">Quelle est l\u2019importance de l\u2019\u00e9tude de march\u00e9 sur les h\u00f4tels patrimoniaux aujourd\u2019hui ?<\/h2>\n\n\n\n<p>Guests choosing heritage hotels are often looking for more than just accommodation; they seek an experience that combines luxury with historical and cultural immersion. Secondly, heritage <a title=\"\u00c9tude de march\u00e9 sur le mobilier h\u00f4telier\" data-wpil-monitor-id=\"3824\" href=\"https:\/\/www.sisinternational.com\/fr\/competence\/les-industries\/etude-de-marche-sur-le-mobilier-hotelier\/\">\u00e9tude de march\u00e9 h\u00f4teli\u00e8re<\/a> helps identify the most compelling aspects of a hotel&#8217;s history and culture that resonate with potential guests, thereby informing marketing strategies that highlight these unique selling points.<\/p>\n\n\n\n<p>Additionally, this <a title=\"\u00c9tudes de march\u00e9 au Canada\" href=\"https:\/\/www.sisinternational.com\/fr\/couverture\/les-ameriques\/etude-de-marche-canadienne\/\" data-wpil-monitor-id=\"2635\">research helps identify new market<\/a> opportunities and trends. Market research can reveal emerging trends such as a growing interest in eco-friendly practices or local cultural experiences, allowing heritage hotels to innovate and meet these new demands. However, heritage <a title=\"\u00c9tude de march\u00e9 sur le r\u00e9am\u00e9nagement d\u2019h\u00f4tels\" href=\"https:\/\/www.sisinternational.com\/fr\/competence\/les-industries\/etude-de-marche-sur-le-reamenagement-dun-hotel\/\" data-wpil-monitor-id=\"5692\">\u00e9tude de march\u00e9 h\u00f4teli\u00e8re<\/a> has many other benefits for businesses, including:<\/p>\n\n\n\n<h2 class=\"wp-block-heading\">Principaux acteurs du march\u00e9 des h\u00f4tels patrimoniaux<\/h2>\n\n\n\n<p>Le march\u00e9 de l\u2019h\u00f4tellerie patrimoniale se caract\u00e9rise par une diversit\u00e9 d\u2019acteurs, chacun contribuant \u00e0 la richesse et \u00e0 la diversit\u00e9 de ce secteur. Ces acteurs vont des palais historiques transform\u00e9s en h\u00f4tels de luxe aux domaines de charme pr\u00e9servant l\u2019h\u00e9ritage culturel \u2013 et voici quelques exemples notables\u00a0:<\/p>\n\n\n\n<ul class=\"wp-block-list\">\n<li><strong>Taj Hotels Resorts et palais :<\/strong> Connus pour leurs luxueuses propri\u00e9t\u00e9s patrimoniales en Inde, telles que le Taj Lake Palace \u00e0 Udaipur et le Rambagh Palace \u00e0 Jaipur, les h\u00f4tels Taj sont synonymes de splendeur royale et d&#039;importance historique.<\/li>\n\n\n\n<li><strong>Le Ritz Carlton :<\/strong> Offrant un m\u00e9lange de luxe et d&#039;\u00e9l\u00e9gance historique, le Ritz-Carlton exploite plusieurs propri\u00e9t\u00e9s patrimoniales, dont le Ritz-Carlton de Vienne (Autriche), install\u00e9 dans quatre palais historiques.<\/li>\n\n\n\n<li><strong>H\u00f4tels \u00e0 Belmond :<\/strong> Le portefeuille de Belmond comprend des propri\u00e9t\u00e9s embl\u00e9matiques comme l&#039;h\u00f4tel Cipriani \u00e0 Venise (Italie) et le Belmond Hotel Monasterio \u00e0 Cusco (P\u00e9rou), chacune pr\u00e9sentant des \u00e9l\u00e9ments historiques uniques et des traditions locales.<\/li>\n<\/ul>\n\n\n\n<h2 class=\"wp-block-heading\">Tendances actuelles des \u00e9tudes de march\u00e9 sur les h\u00f4tels patrimoniaux<\/h2>\n\n\n\n<p>Le march\u00e9 des h\u00f4tels patrimoniaux \u00e9volue constamment en fonction des pr\u00e9f\u00e9rences des clients, des progr\u00e8s technologiques et des tendances touristiques mondiales. Par cons\u00e9quent, se tenir au courant de ces tendances est crucial pour que les h\u00f4tels patrimoniaux restent pertinents et comp\u00e9titifs \u2013 et voici quelques-unes des tendances actuelles identifi\u00e9es gr\u00e2ce aux \u00e9tudes de march\u00e9 sur les h\u00f4tels patrimoniaux\u00a0:<\/p>\n\n\n\n<ul class=\"wp-block-list\">\n<li><strong>Accent sur les exp\u00e9riences authentiques\u00a0:<\/strong> Guests are increasingly seeking authentic experiences that reflect the history and culture of the hotel\u2019s location. <\/li>\n\n\n\n<li><strong>Durabilit\u00e9 et respect de l&#039;environnement\u00a0:<\/strong> The hospitality industry is experiencing a growing trend towards sustainability. Heritage hotels are adapting by implementing eco-friendly practices, such as using renewable energy, reducing waste, and offering organic, locally sourced food.<\/li>\n\n\n\n<li><strong>Int\u00e9gration de la technologie avec la tradition\u00a0:<\/strong> While preserving their historical charm, heritage hotels are also embracing modern technology. <\/li>\n\n\n\n<li><strong>Personnalisation et personnalisation\u00a0:<\/strong> Les services personnalis\u00e9s adapt\u00e9s aux pr\u00e9f\u00e9rences de chaque client deviennent de plus en plus importants. Les h\u00f4tels Heritage utilisent l&#039;analyse des donn\u00e9es et l&#039;IA pour proposer des exp\u00e9riences personnalis\u00e9es, telles que des \u00e9quipements de chambre personnalis\u00e9s, des itin\u00e9raires de voyage sur mesure et des options de restauration individualis\u00e9es.<\/li>\n\n\n\n<li><strong>Appel multig\u00e9n\u00e9rationnel\u00a0:<\/strong> Heritage hotels are <a title=\"Focus Groups in the uk\" data-wpil-monitor-id=\"1370\" href=\"https:\/\/www.sisinternational.com\/fr\/solutions\/groupes-de-discussion\/focus-groups-in-the-uk\/\">focusing on appealing to all age groups<\/a>, from millennials seeking unique Instagram-worthy experiences to older generations interested in the properties&#8217; historical significance.<\/li>\n<\/ul>\n\n\n\n<h2 class=\"wp-block-heading\">Technologies et outils exploit\u00e9s dans les \u00e9tudes de march\u00e9 sur les h\u00f4tels patrimoniaux<\/h2>\n\n\n\n<p>In heritage hotel market research, advanced technologies and tools help analyze and interpret data. These technologies enhance the accuracy and depth of market insights, guiding heritage hotels in strategic decision-making.<\/p>\n\n\n\n<ul class=\"wp-block-list\">\n<li><strong>Plateformes d&#039;analyse de donn\u00e9es\u00a0:<\/strong> Tools like Google Analytics and Tableau analyze guest data and market trends. These platforms help understand guest behaviors, preferences, and booking patterns, providing valuable insights for marketing and operational strategies.<\/li>\n\n\n\n<li><strong>Syst\u00e8mes de gestion de la relation client (CRM)\u00a0:<\/strong> Les syst\u00e8mes CRM tels que Salesforce et HubSpot sont essentiels pour g\u00e9rer les interactions avec les clients et personnaliser l&#039;exp\u00e9rience client. Ils aident les h\u00f4tels du patrimoine \u00e0 suivre les informations, les pr\u00e9f\u00e9rences et les commentaires des clients, permettant ainsi un marketing plus cibl\u00e9 et une personnalisation des services.<\/li>\n\n\n\n<li><strong>Outils d&#039;analyse des m\u00e9dias sociaux\u00a0:<\/strong> Heritage hotels can monitor and analyze their social media presence through platforms like Hootsuite and Sprout Social. These tools provide insights into guest engagement, sentiment, and the effectiveness of social media campaigns.<\/li>\n<\/ul>\n\n\n\n<h2 class=\"wp-block-heading\">Opportunit\u00e9s d\u2019\u00e9tudes de march\u00e9 sur les h\u00f4tels patrimoniaux pour les entreprises<\/h2>\n\n\n\n<p>Les informations tir\u00e9es des \u00e9tudes de march\u00e9 sur les h\u00f4tels patrimoniaux offrent plusieurs opportunit\u00e9s aux entreprises de ce secteur h\u00f4telier de niche. \u2013 et comprendre la dynamique du march\u00e9 et les pr\u00e9f\u00e9rences des clients peut conduire \u00e0 des d\u00e9cisions strat\u00e9giques qui am\u00e9liorent l\u2019attrait et la rentabilit\u00e9 des h\u00f4tels patrimoniaux.<\/p>\n\n\n\n<ul class=\"wp-block-list\">\n<li><strong>Am\u00e9lioration du service et de l&#039;exp\u00e9rience\u00a0:<\/strong> By understanding guest expectations and feedback, heritage hotels can fine-tune their services and guest experiences. <\/li>\n\n\n\n<li><strong>D\u00e9veloppement de nouvelles sources de revenus\u00a0:<\/strong> Insights into guest preferences and market gaps can help heritage hotels identify and develop new revenue streams. <\/li>\n\n\n\n<li><strong>R\u00e9novations et agrandissements strat\u00e9giques\u00a0:<\/strong> Les \u00e9tudes de march\u00e9 sur les h\u00f4tels patrimoniaux peuvent guider les d\u00e9cisions d\u2019investissement, telles que les r\u00e9novations ou les agrandissements, en garantissant qu\u2019elles correspondent \u00e0 la demande du march\u00e9 et am\u00e9liorent la proposition de valeur globale de la propri\u00e9t\u00e9 patrimoniale.<\/li>\n<\/ul>\n\n\n\n<h2 class=\"wp-block-heading\"><span style=\"font-weight: 400;\">\u00c0 propos de SIS International<\/span><\/h2>\n\n\n\n<p><a href=\"https:\/\/www.sisinternational.com\/fr\/\"><span style=\"font-weight: 400;\">SIS International<\/span><\/a><span style=\"font-weight: 400;\"> propose des recherches quantitatives, qualitatives et strat\u00e9giques. Nous fournissons des donn\u00e9es, des outils, des strat\u00e9gies, des rapports et des informations pour la prise de d\u00e9cision. Nous menons \u00e9galement des entretiens, des enqu\u00eates, des groupes de discussion et d\u2019autres m\u00e9thodes et approches d\u2019\u00e9tudes de march\u00e9.<\/span><a href=\"https:\/\/www.sisinternational.com\/fr\/a-propos-de-la-recherche-internationale-sis\/contact-sis-international-market-research\/\"><span style=\"font-weight: 400;\"> Contactez nous<\/span><\/a><span style=\"font-weight: 400;\"> pour votre prochain projet d&#039;\u00e9tude de march\u00e9.<\/span><\/p>","protected":false},"excerpt":{"rendered":"<p>Les h\u00f4tels du patrimoine offrent une \u00e9l\u00e9gance historique et un luxe moderne. L\u2019\u00e9tude de march\u00e9 Heritage Hotel analyse la dynamique unique de la propri\u00e9t\u00e9.<\/p>","protected":false},"author":1,"featured_media":63502,"parent":44644,"menu_order":8,"comment_status":"closed","ping_status":"closed","template":"","meta":{"footnotes":""},"class_list":["post-45616","page","type-page","status-publish","has-post-thumbnail"],"_links":{"self":[{"href":"https:\/\/www.sisinternational.com\/fr\/wp-json\/wp\/v2\/pages\/45616","targetHints":{"allow":["GET"]}}],"collection":[{"href":"https:\/\/www.sisinternational.com\/fr\/wp-json\/wp\/v2\/pages"}],"about":[{"href":"https:\/\/www.sisinternational.com\/fr\/wp-json\/wp\/v2\/types\/page"}],"author":[{"embeddable":true,"href":"https:\/\/www.sisinternational.com\/fr\/wp-json\/wp\/v2\/users\/1"}],"replies":[{"embeddable":true,"href":"https:\/\/www.sisinternational.com\/fr\/wp-json\/wp\/v2\/comments?post=45616"}],"version-history":[{"count":10,"href":"https:\/\/www.sisinternational.com\/fr\/wp-json\/wp\/v2\/pages\/45616\/revisions"}],"predecessor-version":[{"id":82123,"href":"https:\/\/www.sisinternational.com\/fr\/wp-json\/wp\/v2\/pages\/45616\/revisions\/82123"}],"up":[{"embeddable":true,"href":"https:\/\/www.sisinternational.com\/fr\/wp-json\/wp\/v2\/pages\/44644"}],"wp:featuredmedia":[{"embeddable":true,"href":"https:\/\/www.sisinternational.com\/fr\/wp-json\/wp\/v2\/media\/63502"}],"wp:attachment":[{"href":"https:\/\/www.sisinternational.com\/fr\/wp-json\/wp\/v2\/media?parent=45616"}],"curies":[{"name":"wp","href":"https:\/\/api.w.org\/{rel}","templated":true}]}}