{"id":45575,"date":"2024-01-25T19:02:28","date_gmt":"2024-01-26T00:02:28","guid":{"rendered":"https:\/\/www.sisinternational.com\/?page_id=45575"},"modified":"2026-01-31T00:29:36","modified_gmt":"2026-01-31T05:29:36","slug":"rebranding-dun-hotel-de-luxe","status":"publish","type":"page","link":"https:\/\/www.sisinternational.com\/fr\/solutions\/conseil-en-tourisme-de-voyage-et-en-hotellerie\/rebranding-dun-hotel-de-luxe\/","title":{"rendered":"Rebranding d\u2019h\u00f4tel de luxe"},"content":{"rendered":"<h1 class=\"wp-block-heading\">Rebranding d\u2019h\u00f4tel de luxe<\/h1>\n\n\n\n<figure class=\"gb-block-image gb-block-image-506b3784\"><img loading=\"lazy\" decoding=\"async\" width=\"1456\" height=\"816\" class=\"gb-image gb-image-506b3784\" src=\"https:\/\/www.sisinternational.com\/wp-content\/uploads\/2025\/08\/Luxury-car-3.jpg\" alt=\"\u00c9tudes de march\u00e9 et strat\u00e9gie internationales SIS\" title=\"Luxury car (3)\" srcset=\"https:\/\/www.sisinternational.com\/wp-content\/uploads\/2025\/08\/Luxury-car-3.jpg 1456w, https:\/\/www.sisinternational.com\/wp-content\/uploads\/2025\/08\/Luxury-car-3-300x168.jpg 300w, https:\/\/www.sisinternational.com\/wp-content\/uploads\/2025\/08\/Luxury-car-3-1024x574.jpg 1024w, https:\/\/www.sisinternational.com\/wp-content\/uploads\/2025\/08\/Luxury-car-3-768x430.jpg 768w, https:\/\/www.sisinternational.com\/wp-content\/uploads\/2025\/08\/Luxury-car-3-18x10.jpg 18w\" sizes=\"auto, (max-width: 1456px) 100vw, 1456px\"><\/figure>\n\n\n\n<p><\/p>\n\n\n\n<hr class=\"wp-block-separator has-alpha-channel-opacity is-style-dots\"\/>\n\n\n\n<p>What does it mean for a luxury hotel to reinvent itself in an era where guest expectations are as diverse as they are demanding? Luxury hotel rebranding delves into the very essence of what luxury means in the modern context. <\/p>\n\n\n\n<h2 class=\"wp-block-heading\">Qu\u2019est-ce que le rebranding d\u2019un h\u00f4tel de luxe ?<\/h2>\n\n\n\n<p>Le rebranding d\u2019un h\u00f4tel de luxe implique une analyse approfondie de ce qui rend un h\u00f4tel unique et de la mani\u00e8re dont il peut se diff\u00e9rencier sur un march\u00e9 encombr\u00e9. Il s&#039;agit de red\u00e9finir le luxe d&#039;une mani\u00e8re qui soit pertinente et qui trouve un \u00e9cho aupr\u00e8s des clients d&#039;aujourd&#039;hui. Cela pourrait signifier int\u00e9grer une technologie de pointe pour une exp\u00e9rience client fluide, adopter des pratiques durables pour attirer les voyageurs soucieux de l&#039;environnement ou cr\u00e9er des exp\u00e9riences uniques et localis\u00e9es qui offrent un sentiment d&#039;appartenance.<\/p>\n\n\n\n<h2 class=\"wp-block-heading\">L\u2019importance du rebranding des h\u00f4tels de luxe aujourd\u2019hui<\/h2>\n\n\n\n<p>Luxury hotel rebranding allows establishments to stay in tune with changing customer preferences and expectations. <a title=\"Conseil en rebranding d\u2019h\u00f4tel Retreat\" href=\"https:\/\/www.sisinternational.com\/fr\/solutions\/conseil-en-tourisme-de-voyage-et-en-hotellerie\/conseil-en-rebranding-dhotel-en-retraite\/\" data-wpil-monitor-id=\"2866\">Rebranding allows hotels<\/a> to realign their offerings and services with these emerging trends, ensuring they continue to attract discerning travelers.<\/p>\n\n\n\n<p>De plus, <a title=\"Conseil en rebranding d&#039;h\u00f4tels \u00e9conomiques\" data-wpil-monitor-id=\"2888\" href=\"https:\/\/www.sisinternational.com\/fr\/solutions\/conseil-en-tourisme-de-voyage-et-en-hotellerie\/conseil-en-rebranding-dhotels-economiques\/\">rebranding in the luxury hotel<\/a> sector often involves embracing new technologies and innovations. This adaptation is crucial in an age where digital integration can significantly enhance the guest experience. From mobile check-ins to AI-powered personal assistants, luxury hotel rebranding often includes integrating technological advancements to streamline operations and offer guests unmatched convenience and personalization.<\/p>\n\n\n\n<h2 class=\"wp-block-heading\">Quand proc\u00e9der au rebranding d\u2019un h\u00f4tel de luxe<\/h2>\n\n\n\n<p>Identifier le bon moment pour le rebranding d\u2019un h\u00f4tel de luxe est essentiel pour maximiser son impact et assurer son succ\u00e8s. Plusieurs indicateurs indiquent que le moment est peut-\u00eatre venu pour un h\u00f4tel de se lancer dans un processus de rebranding.<\/p>\n\n\n\n<ul class=\"wp-block-list\">\n<li><strong>Image de marque dat\u00e9e\u00a0:<\/strong> If a hotel&#8217;s brand image feels outdated or no longer resonates with its target market, it might be time for a rebrand. <\/li>\n\n\n\n<li><strong>Pression concurrentielle\u00a0:<\/strong> In a highly competitive industry, staying ahead (or at least on par with competitors) is crucial. If rival hotels are rebranding and upgrading their offerings, it may be a strong indicator to consider a rebrand. <\/li>\n\n\n\n<li><strong>Expansion ou modification des services\u00a0:<\/strong> Lorsqu&#039;un h\u00f4tel \u00e9tend ses services, cible de nouveaux march\u00e9s ou subit des changements importants dans son fonctionnement ou sa gestion, le changement de marque peut aider \u00e0 communiquer efficacement ces changements. C&#039;est l&#039;occasion de r\u00e9introduire l&#039;h\u00f4tel sur le march\u00e9 avec une nouvelle perspective et des offres actualis\u00e9es.<\/li>\n\n\n\n<li><strong>Commentaires n\u00e9gatifs\u00a0:<\/strong> Si un h\u00f4tel souffre d\u2019une perception n\u00e9gative du public ou de mauvaises critiques, le changement de marque peut servir de bouton de r\u00e9initialisation. C&#039;est l&#039;occasion de r\u00e9soudre les probl\u00e8mes, d&#039;apporter les am\u00e9liorations n\u00e9cessaires et de r\u00e9introduire l&#039;h\u00f4tel comme une version nouvelle et am\u00e9lior\u00e9e de lui-m\u00eame.<\/li>\n<\/ul>\n\n\n\n<h2 class=\"wp-block-heading\">Comment se d\u00e9roule le rebranding des h\u00f4tels de luxe ?<\/h2>\n\n\n\n<p>The first step in luxury hotel <a title=\"\u00c9tude de march\u00e9 sur le rebranding\" href=\"https:\/\/www.sisinternational.com\/fr\/solutions\/solutions-de-branding-et-de-recherche-client\/etude-de-marche-sur-le-rebranding\/\" data-wpil-monitor-id=\"6688\">rebranding often involves extensive market research<\/a> and analysis. This phase is crucial for understanding current market trends, guest preferences, and the competitive landscape. It helps in identifying the unique selling points of the hotel and how they can be enhanced or reimagined to attract the modern luxury traveler.<\/p>\n\n\n\n<p>Apr\u00e8s la phase de recherche, une nouvelle strat\u00e9gie de marque est \u00e9labor\u00e9e. Cette strat\u00e9gie englobe tout, depuis l&#039;identit\u00e9 visuelle de l&#039;h\u00f4tel (comme les logos et les th\u00e8mes) jusqu&#039;\u00e0 son message et son positionnement sur le march\u00e9. Il s&#039;agit d&#039;un mod\u00e8le qui guide tous les efforts de rebranding ult\u00e9rieurs, garantissant la coh\u00e9rence dans la fa\u00e7on dont la marque est per\u00e7ue.<\/p>\n\n\n\n<p>Un autre aspect cl\u00e9 est la mise \u00e0 jour des offres de services et des exp\u00e9riences clients. Cela pourrait signifier introduire de nouveaux services, r\u00e9organiser les services existants \u2013 ou m\u00eame former le personnel pour offrir un nouveau niveau de service. L&#039;objectif est de garantir que chaque aspect de l&#039;exp\u00e9rience client correspond \u00e0 l&#039;image de marque et d\u00e9passe les attentes des clients.<\/p>\n\n\n\n<p>La transformation num\u00e9rique fait \u00e9galement partie int\u00e9grante. Cela implique de mettre \u00e0 jour la pr\u00e9sence num\u00e9rique de l&#039;h\u00f4tel, notamment le site Web, les plateformes de r\u00e9servation en ligne et les r\u00e9seaux sociaux. L&#039;exp\u00e9rience num\u00e9rique doit \u00eatre fluide, conviviale et refl\u00e9ter la nouvelle identit\u00e9 de marque de l&#039;h\u00f4tel.<\/p>\n\n\n\n<h2 class=\"wp-block-heading\">Que doivent attendre les entreprises du rebranding des h\u00f4tels de luxe ?<\/h2>\n\n\n\n<p>Luxury hotel rebranding is expected to bring the following results:<\/p>\n\n\n\n<ul class=\"wp-block-list\">\n<li><strong>Image de marque am\u00e9lior\u00e9e\u00a0:<\/strong> One of the most immediate and noticeable outcomes of luxury hotel rebranding is an enhanced brand image. The rebrand often results in a more contemporary, appealing, and relevant brand identity that resonates with current and potential guests. <\/li>\n\n\n\n<li><strong>Am\u00e9liorations op\u00e9rationnelles\u00a0:<\/strong> Cela pourrait inclure la rationalisation des processus, l\u2019adoption de nouvelles technologies ou l\u2019am\u00e9lioration des normes de service. Ces am\u00e9liorations contribuent non seulement \u00e0 une meilleure exp\u00e9rience client, mais \u00e9galement \u00e0 l&#039;efficience et \u00e0 l&#039;efficacit\u00e9 des op\u00e9rations de l&#039;h\u00f4tel.<\/li>\n\n\n\n<li><strong>Diff\u00e9renciation du march\u00e9\u00a0:<\/strong> Apr\u00e8s le changement de marque, les h\u00f4tels connaissent souvent une meilleure diff\u00e9renciation sur le march\u00e9. Un changement de marque r\u00e9ussi peut aider un h\u00f4tel \u00e0 se d\u00e9marquer en mettant en valeur ses qualit\u00e9s et ses offres uniques, en le distinguant de ses concurrents et en lui donnant un avantage concurrentiel.<\/li>\n<\/ul>\n\n\n\n<h2 class=\"wp-block-heading\">Opportunit\u00e9s pour les entreprises<\/h2>\n\n\n\n<p>Le rebranding des h\u00f4tels de luxe ouvre une multitude d\u2019opportunit\u00e9s aux entreprises du secteur h\u00f4telier. Ces opportunit\u00e9s stimulent la croissance, l\u2019innovation et le succ\u00e8s \u00e0 long terme. Voici quelques-unes des principales opportunit\u00e9s qui d\u00e9coulent du rebranding des h\u00f4tels de luxe\u00a0:<\/p>\n\n\n\n<ul class=\"wp-block-list\">\n<li><strong>Expansion de la port\u00e9e du march\u00e9\u00a0:<\/strong> Luxury hotel rebranding can help luxury hotels appeal to a broader demographic, including younger travelers and international guests. <\/li>\n\n\n\n<li><strong>Forger une identit\u00e9 de marque plus forte\u00a0:<\/strong> Un rebranding r\u00e9ussi d&#039;un h\u00f4tel de luxe peut renforcer consid\u00e9rablement l&#039;identit\u00e9 de marque d&#039;un h\u00f4tel. Cette identit\u00e9 renforc\u00e9e cr\u00e9e une image de marque plus m\u00e9morable et distinctive dans l&#039;esprit des clients, distinguant l&#039;h\u00f4tel de ses concurrents.<\/li>\n\n\n\n<li><strong>Services et offres innovants :<\/strong> Luxury hotel rebranding often involves introducing innovative services and offerings. This can include new dining concepts, unique guest experiences, or incorporating cutting-edge technology. <\/li>\n\n\n\n<li><strong>\u00c9tablir des partenariats et des collaborations\u00a0:<\/strong> Rebranding can open doors to new partnerships and collaborations with other businesses, from local artisans and suppliers to international brands. <\/li>\n<\/ul>","protected":false},"excerpt":{"rendered":"<p>Le rebranding des h\u00f4tels de luxe consiste \u00e0 red\u00e9finir le luxe d&#039;une mani\u00e8re qui soit pertinente et qui r\u00e9sonne de mani\u00e8re unique pour les clients d&#039;aujourd&#039;hui.<\/p>","protected":false},"author":1,"featured_media":65028,"parent":44644,"menu_order":5,"comment_status":"closed","ping_status":"closed","template":"","meta":{"_uag_custom_page_level_css":"","footnotes":""},"class_list":["post-45575","page","type-page","status-publish","has-post-thumbnail"],"uagb_featured_image_src":{"full":["https:\/\/www.sisinternational.com\/wp-content\/uploads\/2025\/08\/Luxury-car-3.jpg",1456,816,false],"thumbnail":["https:\/\/www.sisinternational.com\/wp-content\/uploads\/2025\/08\/Luxury-car-3-150x150.jpg",150,150,true],"medium":["https:\/\/www.sisinternational.com\/wp-content\/uploads\/2025\/08\/Luxury-car-3-300x168.jpg",300,168,true],"medium_large":["https:\/\/www.sisinternational.com\/wp-content\/uploads\/2025\/08\/Luxury-car-3-768x430.jpg",768,430,true],"large":["https:\/\/www.sisinternational.com\/wp-content\/uploads\/2025\/08\/Luxury-car-3-1024x574.jpg",1024,574,true],"1536x1536":["https:\/\/www.sisinternational.com\/wp-content\/uploads\/2025\/08\/Luxury-car-3.jpg",1456,816,false],"2048x2048":["https:\/\/www.sisinternational.com\/wp-content\/uploads\/2025\/08\/Luxury-car-3.jpg",1456,816,false],"trp-custom-language-flag":["https:\/\/www.sisinternational.com\/wp-content\/uploads\/2025\/08\/Luxury-car-3-18x10.jpg",18,10,true]},"uagb_author_info":{"display_name":"Ruth Stanat","author_link":"https:\/\/www.sisinternational.com\/fr\/author\/expert\/"},"uagb_comment_info":0,"uagb_excerpt":"Luxury hotel rebranding is about redefining luxury in a way that is relevant and uniquely resonant to today's guests.","_links":{"self":[{"href":"https:\/\/www.sisinternational.com\/fr\/wp-json\/wp\/v2\/pages\/45575","targetHints":{"allow":["GET"]}}],"collection":[{"href":"https:\/\/www.sisinternational.com\/fr\/wp-json\/wp\/v2\/pages"}],"about":[{"href":"https:\/\/www.sisinternational.com\/fr\/wp-json\/wp\/v2\/types\/page"}],"author":[{"embeddable":true,"href":"https:\/\/www.sisinternational.com\/fr\/wp-json\/wp\/v2\/users\/1"}],"replies":[{"embeddable":true,"href":"https:\/\/www.sisinternational.com\/fr\/wp-json\/wp\/v2\/comments?post=45575"}],"version-history":[{"count":6,"href":"https:\/\/www.sisinternational.com\/fr\/wp-json\/wp\/v2\/pages\/45575\/revisions"}],"predecessor-version":[{"id":82080,"href":"https:\/\/www.sisinternational.com\/fr\/wp-json\/wp\/v2\/pages\/45575\/revisions\/82080"}],"up":[{"embeddable":true,"href":"https:\/\/www.sisinternational.com\/fr\/wp-json\/wp\/v2\/pages\/44644"}],"wp:featuredmedia":[{"embeddable":true,"href":"https:\/\/www.sisinternational.com\/fr\/wp-json\/wp\/v2\/media\/65028"}],"wp:attachment":[{"href":"https:\/\/www.sisinternational.com\/fr\/wp-json\/wp\/v2\/media?parent=45575"}],"curies":[{"name":"wp","href":"https:\/\/api.w.org\/{rel}","templated":true}]}}