{"id":45218,"date":"2024-01-16T11:12:33","date_gmt":"2024-01-16T16:12:33","guid":{"rendered":"https:\/\/www.sisinternational.com\/?page_id=45218"},"modified":"2026-01-25T17:44:44","modified_gmt":"2026-01-25T22:44:44","slug":"conseil-en-intelligence-artificielle-pour-lautomatisation-du-fret","status":"publish","type":"page","link":"https:\/\/www.sisinternational.com\/fr\/solutions\/ai-etudes-de-marche-et-conseil-en-strategie\/conseil-en-intelligence-artificielle-pour-lautomatisation-du-fret\/","title":{"rendered":"Conseil en automatisation du fret et intelligence artificielle"},"content":{"rendered":"<h1 class=\"wp-block-heading\">Conseil en automatisation du fret et intelligence artificielle <\/h1>\n\n\n\n<figure class=\"gb-block-image gb-block-image-9a3d0463\"><img loading=\"lazy\" decoding=\"async\" width=\"1456\" height=\"816\" class=\"gb-image gb-image-9a3d0463\" src=\"https:\/\/www.sisinternational.com\/wp-content\/uploads\/2025\/10\/Freight-Automation-2.jpg\" alt=\"\u00c9tudes de march\u00e9 et strat\u00e9gie internationales SIS\" title=\"Freight Automation (2)\" srcset=\"https:\/\/www.sisinternational.com\/wp-content\/uploads\/2025\/10\/Freight-Automation-2.jpg 1456w, https:\/\/www.sisinternational.com\/wp-content\/uploads\/2025\/10\/Freight-Automation-2-300x168.jpg 300w, https:\/\/www.sisinternational.com\/wp-content\/uploads\/2025\/10\/Freight-Automation-2-1024x574.jpg 1024w, https:\/\/www.sisinternational.com\/wp-content\/uploads\/2025\/10\/Freight-Automation-2-768x430.jpg 768w, https:\/\/www.sisinternational.com\/wp-content\/uploads\/2025\/10\/Freight-Automation-2-18x10.jpg 18w\" sizes=\"auto, (max-width: 1456px) 100vw, 1456px\"><\/figure>\n\n\n\n<hr class=\"wp-block-separator has-alpha-channel-opacity is-style-dots\"\/>\n\n\n\n<p>Le conseil en automatisation du fret et en intelligence artificielle offre des solutions compl\u00e8tes qui r\u00e9volutionnent la fa\u00e7on dont les marchandises sont transport\u00e9es et g\u00e9r\u00e9es \u00e0 travers le monde. Il s&#039;agit d&#039;un moment dynamique o\u00f9 la logistique rencontre la technologie de pointe, propulsant le secteur du fret vers une nouvelle \u00e8re d&#039;op\u00e9rations intelligentes, efficaces et fiables.<\/p>\n\n\n\n<h2 class=\"wp-block-heading\">Quel est le r\u00f4le du conseil en automatisation du fret et en intelligence artificielle aujourd&#039;hui\u00a0?<\/h2>\n\n\n\n<p>Freight automation and artificial intelligence consulting focus on integrating advanced technological solutions into the freight and logistics industry. They aim to reduce manual intervention, increasing operations&#8217; speed, accuracy, and efficiency.<\/p>\n\n\n\n<p>Therefore, freight automation and <a href=\"https:\/\/www.sisinternational.com\/fr\/solutions\/ai-etudes-de-marche-et-conseil-en-strategie\/aller-sur-le-marche-du-conseil-en-intelligence-artificielle\/\" title=\"Conseil en Intelligence Artificielle Go-To-Market\"  data-wpil-monitor-id=\"2067\">artificial intelligence consulting<\/a> are about strategically implementing these technologies to transform how goods are moved and managed, analyzing the specific needs and challenges of a freight operation, and devising tailored AI and automation strategies.<\/p>\n\n\n\n<h2 class=\"wp-block-heading\">Importance du conseil en automatisation du fret et en intelligence artificielle aujourd\u2019hui<\/h2>\n\n\n\n<figure class=\"gb-block-image gb-block-image-ee794d5a\"><img loading=\"lazy\" decoding=\"async\" width=\"1456\" height=\"816\" class=\"gb-image gb-image-ee794d5a\" src=\"https:\/\/www.sisinternational.com\/wp-content\/uploads\/2025\/10\/Freight-Automation-5.jpg\" alt=\"\u00c9tudes de march\u00e9 et strat\u00e9gie internationales SIS\" title=\"Freight Automation (5)\" srcset=\"https:\/\/www.sisinternational.com\/wp-content\/uploads\/2025\/10\/Freight-Automation-5.jpg 1456w, https:\/\/www.sisinternational.com\/wp-content\/uploads\/2025\/10\/Freight-Automation-5-300x168.jpg 300w, https:\/\/www.sisinternational.com\/wp-content\/uploads\/2025\/10\/Freight-Automation-5-1024x574.jpg 1024w, https:\/\/www.sisinternational.com\/wp-content\/uploads\/2025\/10\/Freight-Automation-5-768x430.jpg 768w, https:\/\/www.sisinternational.com\/wp-content\/uploads\/2025\/10\/Freight-Automation-5-18x10.jpg 18w\" sizes=\"auto, (max-width: 1456px) 100vw, 1456px\"><\/figure>\n\n\n\n<p><\/p>\n\n\n\n<p>This consulting can substantially reduce operational costs by optimizing routes, predictive maintenance, and resource allocation. This is particularly crucial in a competitive market where cost efficiency can be a key differentiator. Moreover, since the dynamic nature of the logistics market requires businesses to be highly adaptable, AI and automation offer the agility to swiftly respond to changing consumer demands and market conditions.<\/p>\n\n\n\n<p>However, freight <a href=\"https:\/\/www.sisinternational.com\/fr\/solutions\/ai-etudes-de-marche-et-conseil-en-strategie\/conseil-en-ia-pour-lautomatisation-de-limage-de-marque\/\" title=\"Conseil en automatisation de marque et intelligence artificielle\"  data-wpil-monitor-id=\"2222\">automation and artificial intelligence consulting<\/a> have countless benefits for companies. Some of the main advantages are as follows:<\/p>\n\n\n\n<ul class=\"wp-block-list\">\n<li><strong>Pr\u00e9cision et fiabilit\u00e9 am\u00e9lior\u00e9es\u00a0:<\/strong> Automation reduces the likelihood of human error, while AI provides reliable predictions and real-time data analysis, ensuring higher accuracy in operations and decision-making.<\/li>\n\n\n\n<li><strong>Service client am\u00e9lior\u00e9\u00a0:<\/strong> Gr\u00e2ce au suivi en temps r\u00e9el, aux d\u00e9lais de livraison pr\u00e9dictifs et aux notifications automatis\u00e9es aux clients, les entreprises peuvent offrir un service client de qualit\u00e9 sup\u00e9rieure, am\u00e9liorant ainsi la satisfaction et la fid\u00e9lit\u00e9.<\/li>\n\n\n\n<li><strong>\u00c9volutivit\u00e9\u00a0:<\/strong> Les syst\u00e8mes d&#039;automatisation et d&#039;IA peuvent facilement \u00e9voluer pour s&#039;adapter \u00e0 la croissance et g\u00e9rer des volumes accrus, ce qui les rend id\u00e9aux pour les entreprises qui cherchent \u00e0 d\u00e9velopper leurs op\u00e9rations.<\/li>\n\n\n\n<li><strong>Durabilit\u00e9:<\/strong> Des itin\u00e9raires optimis\u00e9s et des op\u00e9rations efficaces contribuent \u00e0 r\u00e9duire les \u00e9missions, tandis que l\u2019IA peut aider \u00e0 planifier et \u00e0 mettre en \u0153uvre des pratiques durables tout au long de la cha\u00eene d\u2019approvisionnement.<\/li>\n\n\n\n<li><strong>Avantage comp\u00e9titif:<\/strong> Businesses that adopt <a href=\"https:\/\/www.sisinternational.com\/fr\/competitive-intelligence-in-ny\/\" title=\"Competitive Intelligence in NY\"  data-wpil-monitor-id=\"1295\">freight automation and artificial intelligence<\/a> consulting can gain a significant competitive edge by offering faster, more reliable, and cost-effective services.<\/li>\n<\/ul>\n\n\n\n<h2 class=\"wp-block-heading\">En quoi le conseil en automatisation du fret et en intelligence artificielle diff\u00e8re-t-il des \u00e9tudes de march\u00e9 traditionnelles ?<\/h2>\n\n\n\n<p>Freight <a href=\"https:\/\/www.sisinternational.com\/fr\/solutions\/ai-etudes-de-marche-et-conseil-en-strategie\/conseil-en-intelligence-artificielle-pour-lautomatisation-des-restaurants\/\" title=\"Conseil en automatisation de restaurant et intelligence artificielle\"  data-wpil-monitor-id=\"2335\">automation and artificial intelligence consulting<\/a> differ from conventional market research regarding their emphasis, approaches, and ultimate objectives. Although both are instrumental in business growth and strategic planning, they fulfill distinct roles:<\/p>\n\n\n\n<ul class=\"wp-block-list\">\n<li><strong>Concentration et objectif\u00a0:<\/strong> Traditional market research primarily aims to understand market trends, customer behavior, and competitive landscapes. In contrast, freight automation and AI <a href=\"https:\/\/www.sisinternational.com\/fr\/solutions\/ai-etudes-de-marche-et-conseil-en-strategie\/conseil-en-automatisation-de-lia-de-la-chaine-dapprovisionnement\/\" title=\"Conseil en automatisation de l\u2019IA de la cha\u00eene d\u2019approvisionnement\"  data-wpil-monitor-id=\"4411\">consultant<\/a> focus on optimizing logistics and supply chain operations using advanced technology.<\/li>\n\n\n\n<li><strong>Application et mise en \u0153uvre\u00a0:<\/strong> Les informations issues des \u00e9tudes de march\u00e9 sont g\u00e9n\u00e9ralement utilis\u00e9es pour \u00e9clairer les strat\u00e9gies marketing, le d\u00e9veloppement de produits et les initiatives d&#039;engagement client. Parall\u00e8lement, l\u2019automatisation du fret et le conseil en IA ont un impact direct sur les processus op\u00e9rationnels tels que l\u2019optimisation des itin\u00e9raires, la gestion des stocks et l\u2019entreposage automatis\u00e9.<\/li>\n\n\n\n<li><strong>R\u00e9sultat:<\/strong> Le r\u00e9sultat d\u2019une \u00e9tude de march\u00e9 est g\u00e9n\u00e9ralement une meilleure compr\u00e9hension du march\u00e9 et des besoins des clients, conduisant \u00e0 de meilleurs efforts de vente et de marketing. En revanche, l\u2019automatisation du fret et le conseil en IA ont pour r\u00e9sultat une efficacit\u00e9 op\u00e9rationnelle accrue, des \u00e9conomies de co\u00fbts et des performances logistiques am\u00e9lior\u00e9es.<\/li>\n<\/ul>\n\n\n\n<h2 class=\"wp-block-heading\">Technologies et outils utilis\u00e9s dans le conseil en automatisation du fret et en intelligence artificielle<\/h2>\n\n\n\n<figure class=\"gb-block-image gb-block-image-00877f88\"><img loading=\"lazy\" decoding=\"async\" width=\"1456\" height=\"816\" class=\"gb-image gb-image-00877f88\" src=\"https:\/\/www.sisinternational.com\/wp-content\/uploads\/2025\/10\/Freight-Automation-1.jpg\" alt=\"\u00c9tudes de march\u00e9 et strat\u00e9gie internationales SIS\" title=\"Freight Automation (1)\" srcset=\"https:\/\/www.sisinternational.com\/wp-content\/uploads\/2025\/10\/Freight-Automation-1.jpg 1456w, https:\/\/www.sisinternational.com\/wp-content\/uploads\/2025\/10\/Freight-Automation-1-300x168.jpg 300w, https:\/\/www.sisinternational.com\/wp-content\/uploads\/2025\/10\/Freight-Automation-1-1024x574.jpg 1024w, https:\/\/www.sisinternational.com\/wp-content\/uploads\/2025\/10\/Freight-Automation-1-768x430.jpg 768w, https:\/\/www.sisinternational.com\/wp-content\/uploads\/2025\/10\/Freight-Automation-1-18x10.jpg 18w\" sizes=\"auto, (max-width: 1456px) 100vw, 1456px\"><\/figure>\n\n\n\n<p><\/p>\n\n\n\n<p>In freight <a href=\"https:\/\/www.sisinternational.com\/fr\/solutions\/ai-etudes-de-marche-et-conseil-en-strategie\/automatisation-des-complements-nutritionnels-conseil-en-intelligence-artificielle\/\" title=\"Conseil en Automatisation des Compl\u00e9ments Nutritionnels et Intelligence Artificielle\"  data-wpil-monitor-id=\"2359\">automation and artificial intelligence consulting<\/a>, various specific technologies and tools are employed to enhance efficiency, accuracy, and decision-making in the logistics and transportation sector.<\/p>\n\n\n\n<ul class=\"wp-block-list\">\n<li><strong>Syst\u00e8mes t\u00e9l\u00e9matiques et de gestion de flotte\u00a0:<\/strong> Des marques comme Samsara et Omnitracs proposent des solutions avanc\u00e9es de gestion de flotte qui fournissent des donn\u00e9es en temps r\u00e9el sur l&#039;emplacement des v\u00e9hicules, la consommation de carburant et le comportement des conducteurs.<\/li>\n\n\n\n<li><strong>Logiciel d&#039;optimisation d&#039;itin\u00e9raire\u00a0:<\/strong> Des outils comme Route4Me et ORTEC permettent d&#039;optimiser l&#039;acheminement des livraisons, r\u00e9duisant ainsi la consommation de carburant et am\u00e9liorant les d\u00e9lais de livraison.<\/li>\n\n\n\n<li><strong>Syst\u00e8mes de gestion des transports (TMS)\u00a0:<\/strong> Des syst\u00e8mes tels que SAP Transportation Management et Oracle Transportation Management fournissent des solutions compl\u00e8tes pour g\u00e9rer les op\u00e9rations de transport.<\/li>\n<\/ul>\n\n\n\n<h2 class=\"wp-block-heading\">R\u00e9sultats attendus du conseil en automatisation du fret et en intelligence artificielle<\/h2>\n\n\n\n<p>Engaging in freight <a href=\"https:\/\/www.sisinternational.com\/fr\/solutions\/ai-etudes-de-marche-et-conseil-en-strategie\/conseil-en-intelligence-artificielle-en-automatisation-b2b\/\" title=\"Conseil en Automatisation B2B et Intelligence Artificielle\"  data-wpil-monitor-id=\"2418\">automation and artificial intelligence consulting<\/a> is expected to yield significant results for businesses, transforming various aspects of logistics and supply chain management \u2013 and here are some key outcomes that businesses can anticipate:<\/p>\n\n\n\n<ul class=\"wp-block-list\">\n<li><strong>Efficacit\u00e9 op\u00e9rationnelle accrue\u00a0:<\/strong> L&#039;automatisation et l&#039;IA peuvent rationaliser de nombreux aspects des op\u00e9rations de fret, de la gestion des entrep\u00f4ts \u00e0 la planification des itin\u00e9raires, conduisant ainsi \u00e0 une efficacit\u00e9 globale accrue.<\/li>\n\n\n\n<li><strong>R\u00e9duction des co\u00fbts:<\/strong> En optimisant les itin\u00e9raires, en r\u00e9duisant la consommation de carburant et en minimisant les temps d&#039;inactivit\u00e9, l&#039;IA et l&#039;automatisation peuvent contribuer \u00e0 r\u00e9duire consid\u00e9rablement les co\u00fbts op\u00e9rationnels.<\/li>\n\n\n\n<li><strong>Satisfaction client am\u00e9lior\u00e9e\u00a0:<\/strong> Gr\u00e2ce \u00e0 des capacit\u00e9s de suivi en temps r\u00e9el et \u00e0 des analyses pr\u00e9dictives, les entreprises peuvent fournir un meilleur service client gr\u00e2ce \u00e0 des livraisons ponctuelles et \u00e0 une communication proactive.<\/li>\n\n\n\n<li><strong>Am\u00e9liorations en mati\u00e8re de durabilit\u00e9\u00a0:<\/strong> L&#039;optimisation des itin\u00e9raires et la r\u00e9duction des temps d&#039;inactivit\u00e9 contribuent \u00e0 r\u00e9duire les \u00e9missions de carbone, soutenant des pratiques de fret plus durables.<\/li>\n\n\n\n<li><strong>Avantage comp\u00e9titif:<\/strong> Les premiers \u00e0 adopter l\u2019automatisation du fret et les technologies d\u2019IA peuvent acqu\u00e9rir un avantage concurrentiel en proposant des services plus rapides, plus efficaces et plus rentables.<\/li>\n<\/ul>\n\n\n\n<h2 class=\"wp-block-heading\">Opportunit\u00e9s<\/h2>\n\n\n\n<p>The integration of freight automation and <a href=\"https:\/\/www.sisinternational.com\/fr\/ladoption-de-lintelligence-artificielle-dans-les-petites-entreprises\/\" title=\"Adopter l&#039;intelligence artificielle (IA) dans les petites entreprises\"  data-wpil-monitor-id=\"2811\">artificial intelligence presents numerous opportunities for businesses<\/a> in the logistics and supply chain sector. Here&#8217;s a brief look at some of these opportunities:<\/p>\n\n\n\n<ul class=\"wp-block-list\">\n<li><strong>L&#039;excellence op\u00e9rationnelle:<\/strong> Businesses can achieve operational excellence through streamlined processes, improved efficiency, and reduced human error. Automation and AI can enhance logistics operations, including inventory management, loading and unloading processes, and route optimization.<\/li>\n\n\n\n<li><strong>\u00c9volutivit\u00e9 et flexibilit\u00e9\u00a0:<\/strong> Les solutions d&#039;IA et d&#039;automatisation offrent une \u00e9volutivit\u00e9, permettant aux entreprises de g\u00e9rer efficacement l&#039;augmentation des volumes et de s&#039;adapter aux changements du march\u00e9.<\/li>\n\n\n\n<li><strong>Innovation et comp\u00e9titivit\u00e9 du march\u00e9\u00a0:<\/strong> La mise en \u0153uvre de technologies de pointe dans les op\u00e9rations de fret peut positionner les entreprises en tant que leaders du march\u00e9 et innovatrices dans le secteur de la logistique.<\/li>\n\n\n\n<li><strong>Gestion des risques:<\/strong> L&#039;analyse pr\u00e9dictive et les outils de prise de d\u00e9cision intelligents aident \u00e0 identifier et \u00e0 att\u00e9nuer les risques potentiels dans la cha\u00eene d&#039;approvisionnement.<\/li>\n\n\n\n<li><strong>\u00c9largir les horizons commerciaux\u00a0:<\/strong> Freight <a href=\"https:\/\/www.sisinternational.com\/fr\/solutions\/ai-etudes-de-marche-et-conseil-en-strategie\/automatisation-du-gaz-petrolier-conseil-en-intelligence-artificielle\/\" title=\"Conseil en automatisation et intelligence artificielle dans le secteur p\u00e9trolier et gazier\"  data-wpil-monitor-id=\"2771\">automation and artificial intelligence consulting<\/a> open up new possibilities in logistics such as exploring new business models and expanding into new markets.<\/li>\n<\/ul>\n\n\n\n<h2 class=\"wp-block-heading\">D\u00e9fis<\/h2>\n\n\n\n<figure class=\"gb-block-image gb-block-image-9132afd8\"><img loading=\"lazy\" decoding=\"async\" width=\"1456\" height=\"816\" class=\"gb-image gb-image-9132afd8\" src=\"https:\/\/www.sisinternational.com\/wp-content\/uploads\/2025\/10\/Freight-Automation-4.jpg\" alt=\"\u00c9tudes de march\u00e9 et strat\u00e9gie internationales SIS\" title=\"Freight Automation (4)\" srcset=\"https:\/\/www.sisinternational.com\/wp-content\/uploads\/2025\/10\/Freight-Automation-4.jpg 1456w, https:\/\/www.sisinternational.com\/wp-content\/uploads\/2025\/10\/Freight-Automation-4-300x168.jpg 300w, https:\/\/www.sisinternational.com\/wp-content\/uploads\/2025\/10\/Freight-Automation-4-1024x574.jpg 1024w, https:\/\/www.sisinternational.com\/wp-content\/uploads\/2025\/10\/Freight-Automation-4-768x430.jpg 768w, https:\/\/www.sisinternational.com\/wp-content\/uploads\/2025\/10\/Freight-Automation-4-18x10.jpg 18w\" sizes=\"auto, (max-width: 1456px) 100vw, 1456px\"><\/figure>\n\n\n\n<p><\/p>\n\n\n\n<p>Freight <a href=\"https:\/\/www.sisinternational.com\/fr\/solutions\/ai-etudes-de-marche-et-conseil-en-strategie\/biotechnologie-automatisation-conseil-en-intelligence-artificielle\/\" title=\"Conseil en automatisation des biotechnologies et intelligence artificielle\"  data-wpil-monitor-id=\"3913\">automation and artificial intelligence consulting<\/a> also present certain challenges that businesses must navigate \u2013 and addressing these challenges is crucial for a successful implementation:<\/p>\n\n\n\n<ul class=\"wp-block-list\">\n<li><strong>Processus d&#039;int\u00e9gration complexe\u00a0:<\/strong> L&#039;int\u00e9gration transparente de nouvelles technologies aux syst\u00e8mes et processus existants peut s&#039;av\u00e9rer complexe et fastidieuse, n\u00e9cessitant une expertise sp\u00e9cialis\u00e9e.<\/li>\n\n\n\n<li><strong>Probl\u00e8mes de confidentialit\u00e9 et de s\u00e9curit\u00e9 des donn\u00e9es\u00a0:<\/strong> Avec le recours croissant \u00e0 des solutions bas\u00e9es sur les donn\u00e9es, garantir la s\u00e9curit\u00e9 et la confidentialit\u00e9 des donn\u00e9es devient un d\u00e9fi crucial, en particulier dans le contexte des informations sensibles sur le fret.<\/li>\n\n\n\n<li><strong>Fiabilit\u00e9 et d\u00e9pendance technologiques\u00a0:<\/strong> Des inqui\u00e9tudes peuvent survenir quant \u00e0 la fiabilit\u00e9 des syst\u00e8mes d\u2019IA et d\u2019automatisation, en particulier dans les op\u00e9rations logistiques critiques. Une d\u00e9pendance excessive \u00e0 l\u2019\u00e9gard de ces technologies peut pr\u00e9senter des risques en cas de panne du syst\u00e8me.<\/li>\n\n\n\n<li><strong>Maintenance et mises \u00e0 jour continues\u00a0:<\/strong> Les syst\u00e8mes d\u2019IA et d\u2019automatisation n\u00e9cessitent une surveillance, une maintenance et des mises \u00e0 jour p\u00e9riodiques continues, ce qui peut n\u00e9cessiter beaucoup de ressources.<\/li>\n\n\n\n<li><strong>\u00c9volutivit\u00e9 et p\u00e9rennit\u00e9\u00a0:<\/strong> Veiller \u00e0 ce que les solutions d\u2019IA et d\u2019automatisation soient \u00e9volutives et adaptables aux futures avanc\u00e9es technologiques et aux changements du march\u00e9 constitue un d\u00e9fi majeur.<\/li>\n<\/ul>\n\n\n\n<h2 class=\"wp-block-heading\">Solutions SIS : Conseil en automatisation du fret et intelligence artificielle<\/h2>\n\n\n\n<p>At SIS, we recognize the transformative potential of freight automation and <a href=\"https:\/\/www.sisinternational.com\/fr\/solutions\/ai-etudes-de-marche-et-conseil-en-strategie\/automatisation-de-la-logistique-dexpedition-conseil-en-ia\/\" title=\"Automatisation du transport maritime et logistique et conseil en IA\"  data-wpil-monitor-id=\"4384\">intelligence artificielle<\/a> in revolutionizing the logistics and transportation industry. <a href=\"https:\/\/www.linkedin.com\/company\/sisinternationalresearch\/\" target=\"_blank\" rel=\"noopener\">Our consulting solutions<\/a> offer a strategic roadmap for businesses to seamlessly integrate automation and AI technologies into their freight operations, unlocking new efficiency, reliability, and sustainability levels. Here&#8217;s how we can help:<\/p>\n\n\n\n<ul class=\"wp-block-list\">\n<li><strong>Analyse compl\u00e8te du march\u00e9\u00a0:<\/strong> Our team conducts in-depth market analysis to identify emerging trends, technological advancements, and competitive dynamics within the freight and logistics industry. We provide insights into how automation and AI reshape freight operations and offer strategic recommendations to capitalize on new opportunities.<\/li>\n\n\n\n<li><strong>D\u00e9veloppement de solutions personnalis\u00e9es\u00a0:<\/strong> We develop customized automation and AI solutions tailored to address our clients&#8217; freight operations&#8217; specific challenges and operational contexts.\u00a0<\/li>\n\n\n\n<li><strong>Engagement des parties prenantes\u00a0:<\/strong> We engage all stakeholders, including operational staff, management, and external partners, to understand different perspectives and ensure the solutions meet their requirements. Effective stakeholder engagement is crucial for successfully implementing and adopting automation and AI technologies in freight operations.<\/li>\n\n\n\n<li><strong>Expertise et formation :<\/strong> Nous fournissons une expertise et une formation pour garantir que le personnel est correctement form\u00e9 pour travailler avec les nouvelles technologies d\u2019automatisation et d\u2019IA. De plus, nous faisons appel \u00e0 une expertise sp\u00e9cialis\u00e9e, soit en interne, soit par l&#039;interm\u00e9diaire de consultants externes, pour am\u00e9liorer le succ\u00e8s de ces initiatives.<\/li>\n\n\n\n<li><strong>Conformit\u00e9 r\u00e9glementaire et s\u00e9curit\u00e9\u00a0:<\/strong> Nous veillons \u00e0 ce que les solutions d&#039;automatisation et d&#039;IA soient conformes \u00e0 toutes les r\u00e9glementations et normes en vigueur, att\u00e9nuant ainsi le risque de non-conformit\u00e9. La confidentialit\u00e9 des donn\u00e9es, la cybers\u00e9curit\u00e9 et la conformit\u00e9 r\u00e9glementaire sont les principales priorit\u00e9s de notre approche de conseil.<\/li>\n\n\n\n<li><strong>Surveillance et optimisation continues\u00a0:<\/strong> We provide ongoing support to monitor the performance of automation and AI systems, identify areas for improvement, and optimize their performance. Constant monitoring and optimization are essential for long-term success and adaptation to evolving needs in freight operations.<\/li>\n\n\n\n<li><strong>Int\u00e9gration avec l&#039;infrastructure existante\u00a0:<\/strong> We help businesses integrate new automation and AI technologies seamlessly with their freight systems and infrastructure. Compatibility, scalability, and minimal disruption are key considerations in our integration approach.<\/li>\n<\/ul>\n\n\n\n<p>Partner with SIS for comprehensive freight <a href=\"https:\/\/www.sisinternational.com\/fr\/solutions\/ai-etudes-de-marche-et-conseil-en-strategie\/conseil-en-intelligence-artificielle-pour-lautomatisation-des-boissons\/\" title=\"Conseil en automatisation des boissons et intelligence artificielle\" data-wpil-monitor-id=\"3929\">automation and artificial intelligence consulting<\/a> solutions that drive innovation, efficiency, and sustainability in the logistics and transportation industry. With our strategic approach and industry expertise, we help clients unlock the full potential of automation and AI to create smarter, more efficient, and reliable freight networks.<\/p>\n\n\n\n<h2 class=\"wp-block-heading\">Notre emplacement \u00e0 New York<\/h2>\n\n\n\n<p>  <iframe loading=\"lazy\" src=\"https:\/\/www.google.com\/maps\/embed?pb=!1m18!1m12!1m3!1d3022.976188376966!2d-73.99130312499956!3d40.740549471389315!2m3!1f0!2f0!3f0!3m2!1i1024!2i768!4f13.1!3m3!1m2!1s0x89c259a15798c731%3A0xd695d09bdd495f25!2s11%20E%2022nd%20St%20FL%202%2C%20New%20York%2C%20NY%2010010%2C%20USA!5e0!3m2!1sen!2spe!4v1726171763526!5m2!1sen!2spe\" width=\"600\" height=\"450\" allowfullscreen=\"allowfullscreen\" data-mce-fragment=\"1\"><\/iframe>  <\/p>\n\n\n\n<h3 class=\"wp-block-heading\">11 E 22nd Street, \u00e9tage 2, New York, NY 10010 T\u00e9l. : +1(212) 505-6805<\/h3>\n\n\n\n<hr class=\"wp-block-separator has-alpha-channel-opacity\"\/>\n\n\n\n<h2 class=\"wp-block-heading\"><span style=\"font-weight: 400;\">\u00c0 propos de SIS International<\/span><\/h2>\n\n\n\n<p><a href=\"https:\/\/www.sisinternational.com\/fr\/\"><span style=\"font-weight: 400;\">SIS International<\/span><\/a><span style=\"font-weight: 400;\"> propose des recherches quantitatives, qualitatives et strat\u00e9giques. Nous fournissons des donn\u00e9es, des outils, des strat\u00e9gies, des rapports et des informations pour la prise de d\u00e9cision. Nous menons \u00e9galement des entretiens, des enqu\u00eates, des groupes de discussion et d\u2019autres m\u00e9thodes et approches d\u2019\u00e9tudes de march\u00e9.<\/span><a href=\"https:\/\/www.sisinternational.com\/fr\/a-propos-de-la-recherche-internationale-sis\/contact-sis-international-market-research\/\"><span style=\"font-weight: 400;\"> Contactez nous<\/span><\/a><span style=\"font-weight: 400;\"> pour votre prochain projet d&#039;\u00e9tude de march\u00e9.<\/span><\/p>\n\n\n\n<hr class=\"wp-block-separator has-alpha-channel-opacity\"\/>\n\n\n\n<h2 class=\"wp-block-heading\">&nbsp;<\/h2>\n\n\n\n<p><\/p>\n\n\n\n<p><\/p>","protected":false},"excerpt":{"rendered":"<p>L&#039;automatisation du fret et le conseil en IA fusionnent des technologies avanc\u00e9es pour r\u00e9duire les interventions manuelles et am\u00e9liorer la vitesse, la pr\u00e9cision et l&#039;efficacit\u00e9.<\/p>","protected":false},"author":1,"featured_media":71635,"parent":44406,"menu_order":54,"comment_status":"closed","ping_status":"closed","template":"","meta":{"footnotes":""},"class_list":["post-45218","page","type-page","status-publish","has-post-thumbnail"],"_links":{"self":[{"href":"https:\/\/www.sisinternational.com\/fr\/wp-json\/wp\/v2\/pages\/45218","targetHints":{"allow":["GET"]}}],"collection":[{"href":"https:\/\/www.sisinternational.com\/fr\/wp-json\/wp\/v2\/pages"}],"about":[{"href":"https:\/\/www.sisinternational.com\/fr\/wp-json\/wp\/v2\/types\/page"}],"author":[{"embeddable":true,"href":"https:\/\/www.sisinternational.com\/fr\/wp-json\/wp\/v2\/users\/1"}],"replies":[{"embeddable":true,"href":"https:\/\/www.sisinternational.com\/fr\/wp-json\/wp\/v2\/comments?post=45218"}],"version-history":[{"count":21,"href":"https:\/\/www.sisinternational.com\/fr\/wp-json\/wp\/v2\/pages\/45218\/revisions"}],"predecessor-version":[{"id":78458,"href":"https:\/\/www.sisinternational.com\/fr\/wp-json\/wp\/v2\/pages\/45218\/revisions\/78458"}],"up":[{"embeddable":true,"href":"https:\/\/www.sisinternational.com\/fr\/wp-json\/wp\/v2\/pages\/44406"}],"wp:featuredmedia":[{"embeddable":true,"href":"https:\/\/www.sisinternational.com\/fr\/wp-json\/wp\/v2\/media\/71635"}],"wp:attachment":[{"href":"https:\/\/www.sisinternational.com\/fr\/wp-json\/wp\/v2\/media?parent=45218"}],"curies":[{"name":"wp","href":"https:\/\/api.w.org\/{rel}","templated":true}]}}