{"id":45185,"date":"2024-01-15T22:48:43","date_gmt":"2024-01-16T03:48:43","guid":{"rendered":"https:\/\/www.sisinternational.com\/?page_id=45185"},"modified":"2026-01-27T16:50:38","modified_gmt":"2026-01-27T21:50:38","slug":"automatisation-des-ressources-naturelles-minieres-conseil-en-intelligence-artificielle","status":"publish","type":"page","link":"https:\/\/www.sisinternational.com\/fr\/solutions\/ai-etudes-de-marche-et-conseil-en-strategie\/automatisation-des-ressources-naturelles-minieres-conseil-en-intelligence-artificielle\/","title":{"rendered":"Automatisation des mines et des ressources naturelles et conseil en IA"},"content":{"rendered":"<h1 class=\"gb-headline gb-headline-0bdc7cd0 gb-headline-text\">Conseil en automatisation et intelligence artificielle dans le secteur minier et des ressources naturelles <\/h1>\n\n\n\n<figure class=\"gb-block-image gb-block-image-19beb3d4\"><img loading=\"lazy\" decoding=\"async\" width=\"1456\" height=\"816\" class=\"gb-image gb-image-19beb3d4\" src=\"https:\/\/www.sisinternational.com\/wp-content\/uploads\/2025\/10\/Mining-and-Natural-Resources-3.jpg\" alt=\"\u00c9tudes de march\u00e9 et strat\u00e9gie internationales SIS\" title=\"Mining and Natural Resources (3)\" srcset=\"https:\/\/www.sisinternational.com\/wp-content\/uploads\/2025\/10\/Mining-and-Natural-Resources-3.jpg 1456w, https:\/\/www.sisinternational.com\/wp-content\/uploads\/2025\/10\/Mining-and-Natural-Resources-3-300x168.jpg 300w, https:\/\/www.sisinternational.com\/wp-content\/uploads\/2025\/10\/Mining-and-Natural-Resources-3-1024x574.jpg 1024w, https:\/\/www.sisinternational.com\/wp-content\/uploads\/2025\/10\/Mining-and-Natural-Resources-3-768x430.jpg 768w, https:\/\/www.sisinternational.com\/wp-content\/uploads\/2025\/10\/Mining-and-Natural-Resources-3-18x10.jpg 18w\" sizes=\"auto, (max-width: 1456px) 100vw, 1456px\"><\/figure>\n\n\n\n<p><\/p>\n\n\n\n<hr class=\"wp-block-separator has-alpha-channel-opacity\"\/>\n\n\n\n<p class=\"p1\">Cette synergie de technologie et d\u2019expertise industrielle r\u00e9volutionne la fa\u00e7on dont nous explorons, extrayons et g\u00e9rons les ressources naturelles\u2026 Et l\u2019int\u00e9gration de l\u2019automatisation des mines et des ressources naturelles et du conseil en intelligence artificielle constitue un bond en avant transformateur qui aide les entreprises \u00e0 tirer parti des nouvelles tendances du march\u00e9.<\/p>\n\n\n\n<h2 class=\"wp-block-heading p1\">Comprendre l&#039;automatisation des mines et des ressources naturelles et le conseil en intelligence artificielle<\/h2>\n\n\n\n<p class=\"p1\">Mining and natural resources automation and artificial intelligence consulting leverage automation technologies and AI to optimize the various aspects of mining and natural resource extraction. This includes everything from exploration and drilling to processing and logistics. It creates smarter, more efficient, and safer operations by leveraging data-driven insights to make informed decisions that can lead to more effective exploration and resource extraction techniques.<\/p>\n\n\n\n<h2 class=\"wp-block-heading p1\">Pourquoi les entreprises ont-elles besoin de conseils en mati\u00e8re d\u2019automatisation des mines et des ressources naturelles et d\u2019intelligence artificielle\u00a0?<\/h2>\n\n\n\n<p class=\"p1\">Businesses are turning to automation and artificial intelligence consulting to stay ahead. Consulting reduces the need for human presence in dangerous mining environments, while AI can predict hazardous situations, significantly reducing the risk of accidents.<\/p>\n\n\n\n<p class=\"p1\">Actually, mining and natural <a href=\"https:\/\/www.sisinternational.com\/fr\/solutions\/ai-etudes-de-marche-et-conseil-en-strategie\/automatisation-de-la-gestion-du-changement-conseil-en-intelligence-artificielle\/\" title=\"Automatisation de la gestion du changement et conseil en IA\"  data-wpil-monitor-id=\"7625\">resources automation and artificial intelligence consulting<\/a> can optimize resource usage and manage waste more effectively, contributing to more sustainable practices\u2026 But, it has many other benefits for global businesses, including:<\/p>\n\n\n\n<ul class=\"wp-block-list\">\n<li><b>Efficacit\u00e9 et productivit\u00e9 accrues\u00a0: <\/b>L&#039;automatisation et l&#039;IA am\u00e9liorent consid\u00e9rablement l&#039;efficacit\u00e9 op\u00e9rationnelle. Les machines automatis\u00e9es peuvent fonctionner en continu et plus pr\u00e9cis\u00e9ment que les \u00e9quipements actionn\u00e9s par l&#039;homme, ce qui entra\u00eene une productivit\u00e9 accrue et une r\u00e9duction des temps d&#039;arr\u00eat op\u00e9rationnels.<\/li>\n\n\n\n<li><b>Gestion am\u00e9lior\u00e9e des ressources\u00a0:<\/b> Les algorithmes d\u2019IA peuvent analyser les donn\u00e9es g\u00e9ologiques avec plus de pr\u00e9cision et d\u2019efficacit\u00e9 que les m\u00e9thodes traditionnelles, conduisant ainsi \u00e0 une meilleure gestion des ressources. Cela inclut un forage plus pr\u00e9cis, une r\u00e9duction des d\u00e9chets et une extraction optimale des ressources.<\/li>\n\n\n\n<li><b>R\u00e9duction des co\u00fbts:<\/b> Automation reduces the need for a large human workforce, especially in hazardous and remote locations, thus lowering labor costs. AI-driven operational efficiencies also minimize waste and energy consumption, cutting operational costs.<\/li>\n\n\n\n<li><b>La durabilit\u00e9 environnementale: <\/b>Consulting can help monitor and minimize the environmental impacts of mining activities. It includes optimizing resource usage, managing waste, and reducing the carbon footprint of mining operations.<\/li>\n\n\n\n<li><b>Avantage concurrentiel\u00a0:<\/b> Les entreprises qui s\u2019engagent dans le conseil sont souvent \u00e0 la pointe de l\u2019innovation dans le secteur. Cela leur donne un avantage concurrentiel en termes d\u2019efficacit\u00e9 op\u00e9rationnelle, de gestion des co\u00fbts et de responsabilit\u00e9 environnementale.<\/li>\n<\/ul>\n\n\n\n<h2 class=\"wp-block-heading\">Quand les entreprises devraient-elles embaucher des consultants en automatisation des mines et des ressources naturelles et en intelligence artificielle\u00a0?<\/h2>\n\n\n\n<figure class=\"gb-block-image gb-block-image-913cba62\"><img loading=\"lazy\" decoding=\"async\" width=\"1456\" height=\"816\" class=\"gb-image gb-image-913cba62\" src=\"https:\/\/www.sisinternational.com\/wp-content\/uploads\/2025\/10\/Mining-and-Natural-Resources-2.jpg\" alt=\"\u00c9tudes de march\u00e9 et strat\u00e9gie internationales SIS\" title=\"Mining and Natural Resources (2)\" srcset=\"https:\/\/www.sisinternational.com\/wp-content\/uploads\/2025\/10\/Mining-and-Natural-Resources-2.jpg 1456w, https:\/\/www.sisinternational.com\/wp-content\/uploads\/2025\/10\/Mining-and-Natural-Resources-2-300x168.jpg 300w, https:\/\/www.sisinternational.com\/wp-content\/uploads\/2025\/10\/Mining-and-Natural-Resources-2-1024x574.jpg 1024w, https:\/\/www.sisinternational.com\/wp-content\/uploads\/2025\/10\/Mining-and-Natural-Resources-2-768x430.jpg 768w, https:\/\/www.sisinternational.com\/wp-content\/uploads\/2025\/10\/Mining-and-Natural-Resources-2-18x10.jpg 18w\" sizes=\"auto, (max-width: 1456px) 100vw, 1456px\"><\/figure>\n\n\n\n<p class=\"p1\">je<\/p>\n\n\n\n<p class=\"p1\">dentifying the optimal scenario to delve into consulting is crucial for fully reaping its advantages \u2013 and guaranteeing effective implementation. Some key scenarios to consider in mining and natural resources automation and artificial intelligence consulting are:<\/p>\n\n\n\n<ul class=\"wp-block-list\">\n<li><b>D\u00e9fis op\u00e9rationnels\u00a0: <\/b>If a business faces high operational costs, low productivity, or safety issues, it\u2019s a strong indicator that automation and AI could bring significant improvements.<\/li>\n\n\n\n<li><b>Concurrence sur le march\u00e9\u00a0: <\/b>Adopting AI and automation can provide a significant competitive advantage in terms of efficiency, cost savings, and innovation.<\/li>\n\n\n\n<li><b>Mises \u00e0 niveau technologiques\u00a0: <\/b>If a business is already upgrading its technological infrastructure, integrating AI and automation as part of this overhaul can maximize the return on investment and future-proof operations.<\/li>\n\n\n\n<li><b>Limites de main d\u2019\u0153uvre\u00a0: <\/b>In regions with a shortage of skilled labor or where the workforce is exposed to hazardous conditions, automation can fill critical gaps and improve safety.<\/li>\n\n\n\n<li><b>Tendances mondiales de l&#039;industrie<\/b>: Il est crucial de suivre le rythme des tendances mondiales et des avanc\u00e9es technologiques dans le secteur des mines et des ressources naturelles. L&#039;adoption de l&#039;IA et de l&#039;automatisation en r\u00e9ponse \u00e0 ces tendances garantit que l&#039;entreprise reste pertinente et comp\u00e9titive.<\/li>\n<\/ul>\n\n\n\n<h2 class=\"wp-block-heading p1\">Conseil en automatisation et intelligence artificielle dans le secteur minier et des ressources naturelles et ses r\u00e9sultats attendus<\/h2>\n\n\n\n<p class=\"p5\">When mining and natural resources businesses invest in automation and artificial intelligence consulting, there are several results businesses can anticipate. These results span various aspects of operations, offering transformative changes that align with business and environmental goals.<\/p>\n\n\n\n<ul class=\"wp-block-list\">\n<li><b>Efficacit\u00e9 op\u00e9rationnelle am\u00e9lior\u00e9e\u00a0: <\/b>Mining and natural resources automation and artificial intelligence consulting can streamline numerous mining processes, leading to increased operational efficiency.\u00a0<\/li>\n\n\n\n<li><b>R\u00e9duction des co\u00fbts: <\/b>Over time, integrating AI and automation technologies can lead to considerable cost savings.\u00a0<\/li>\n\n\n\n<li><b>Capacit\u00e9 de production accrue\u00a0: <\/b>L&#039;automatisation peut permettre aux op\u00e9rations mini\u00e8res de fonctionner en continu, entra\u00eenant une augmentation de la capacit\u00e9 de production. Les processus optimis\u00e9s par l\u2019IA garantissent \u00e9galement que cette capacit\u00e9 accrue ne se fait pas au d\u00e9triment de la qualit\u00e9 ou de la s\u00e9curit\u00e9.<\/li>\n\n\n\n<li><b>Impact environnemental r\u00e9duit\u00a0: <\/b>Consulting can help minimize the environmental footprint of mining operations.\u00a0<\/li>\n\n\n\n<li><b>Adaptabilit\u00e9 aux changements du march\u00e9\u00a0: <\/b>L&#039;IA et l&#039;automatisation offrent la flexibilit\u00e9 n\u00e9cessaire pour ajuster rapidement les op\u00e9rations en r\u00e9ponse aux fluctuations du march\u00e9 ou aux changements r\u00e9glementaires.<\/li>\n<\/ul>\n\n\n\n<h2 class=\"wp-block-heading p4\">Tendances en mati\u00e8re d&#039;automatisation des mines et des ressources naturelles et de conseil en intelligence artificielle<\/h2>\n\n\n\n<p class=\"p5\">The mining and natural resources sector is witnessing rapid technological advancements, with automation and artificial intelligence playing a pivotal role. Keeping up with these trends is essential for businesses in this industry to stay competitive and efficient. Here are some of the current trends in mining and natural resources automation and AI consulting:<\/p>\n\n\n\n<ul class=\"wp-block-list\">\n<li><b>Adoption accrue de la robotique et de l\u2019automatisation\u00a0:<\/b> Il existe une tendance croissante \u00e0 utiliser la robotique dans les op\u00e9rations mini\u00e8res pour des t\u00e2ches telles que le forage, le dynamitage et le transport de mat\u00e9riaux. Ces syst\u00e8mes automatis\u00e9s am\u00e9liorent l&#039;efficacit\u00e9 et r\u00e9duisent le besoin d&#039;intervention humaine dans les t\u00e2ches dangereuses.<\/li>\n\n\n\n<li><b>Maintenance pr\u00e9dictive bas\u00e9e sur l&#039;IA\u00a0:<\/b> Utilizing AI to predict equipment failures and schedule maintenance is becoming increasingly common. This approach helps reduce downtime and extend the lifespan of expensive mining equipment.<\/li>\n\n\n\n<li><b>Int\u00e9gration de l&#039;IoT dans les op\u00e9rations mini\u00e8res\u00a0:<\/b> The Internet of Things (IoT) is increasingly integrated into mining equipment and operations. Sensors and IoT devices collect vast amounts of data AI systems analyze to optimize operations and monitor environmental conditions.<\/li>\n\n\n\n<li><b>Pratiques durables et respectueuses de l&#039;environnement\u00a0:<\/b> Il existe une forte tendance \u00e0 utiliser l\u2019IA et l\u2019automatisation pour parvenir \u00e0 des pratiques mini\u00e8res plus durables. Cela inclut l\u2019optimisation de la consommation d\u2019\u00e9nergie, la r\u00e9duction des d\u00e9chets et la minimisation de l\u2019impact environnemental des activit\u00e9s mini\u00e8res.<\/li>\n\n\n\n<li><b>R\u00e9alit\u00e9 virtuelle et augment\u00e9e pour la formation\u00a0: <\/b>VR and AR are\u00a0on the rise, providing a safe and interactive environment for training workers in complex and hazardous tasks.<\/li>\n<\/ul>\n\n\n\n<h2 class=\"wp-block-heading\">Technologies et outils dans le domaine de l&#039;automatisation des mines et des ressources naturelles et conseil en intelligence artificielle<\/h2>\n\n\n\n<p>Une vari\u00e9t\u00e9 de technologies et d\u2019outils avanc\u00e9s sont exploit\u00e9s pour favoriser l\u2019automatisation et int\u00e9grer l\u2019intelligence artificielle. Ces technologies jouent un r\u00f4le essentiel dans la transformation des op\u00e9rations mini\u00e8res, les rendant plus s\u00fbres, plus efficaces et plus durables. Voici un aper\u00e7u de certaines technologies cl\u00e9s et d&#039;outils ou de marques notables qui ont un impact significatif dans ce secteur\u00a0:<\/p>\n\n\n\n<ul class=\"wp-block-list\">\n<li><b>V\u00e9hicules autonomes et t\u00e9l\u00e9command\u00e9s :<\/b> Des marques comme Caterpillar et Komatsu sont \u00e0 l\u2019avant-garde du d\u00e9veloppement de camions et de machines autonomes pour les op\u00e9rations mini\u00e8res. Ces v\u00e9hicules am\u00e9liorent la s\u00e9curit\u00e9 et l&#039;efficacit\u00e9 en fonctionnant dans des environnements dangereux sans contr\u00f4le humain direct.<\/li>\n\n\n\n<li><b>Drones pour l&#039;arpentage et l&#039;inspection\u00a0:<\/b> Drones are increasingly used for aerial surveying of mining sites, offering a safe and cost-effective way to gather detailed geographical information.<\/li>\n\n\n\n<li><b>Capteurs et appareils IoT\u00a0: <\/b>Des entreprises telles que Bosch et Siemens proposent des capteurs et des appareils IoT avanc\u00e9s qui collectent des donn\u00e9es en temps r\u00e9el sur les performances des \u00e9quipements, les conditions environnementales et la s\u00e9curit\u00e9 des travailleurs, permettant une gestion proactive des op\u00e9rations mini\u00e8res.<\/li>\n<\/ul>\n\n\n\n<h2 class=\"wp-block-heading p5\">Opportunit\u00e9s et d\u00e9fis<\/h2>\n\n\n\n<figure class=\"gb-block-image gb-block-image-4e4cbac6\"><img loading=\"lazy\" decoding=\"async\" width=\"1456\" height=\"816\" class=\"gb-image gb-image-4e4cbac6\" src=\"https:\/\/www.sisinternational.com\/wp-content\/uploads\/2025\/10\/Mining-and-Natural-Resources-1.jpg\" alt=\"\u00c9tudes de march\u00e9 et strat\u00e9gie internationales SIS\" title=\"Mining and Natural Resources (1)\" srcset=\"https:\/\/www.sisinternational.com\/wp-content\/uploads\/2025\/10\/Mining-and-Natural-Resources-1.jpg 1456w, https:\/\/www.sisinternational.com\/wp-content\/uploads\/2025\/10\/Mining-and-Natural-Resources-1-300x168.jpg 300w, https:\/\/www.sisinternational.com\/wp-content\/uploads\/2025\/10\/Mining-and-Natural-Resources-1-1024x574.jpg 1024w, https:\/\/www.sisinternational.com\/wp-content\/uploads\/2025\/10\/Mining-and-Natural-Resources-1-768x430.jpg 768w, https:\/\/www.sisinternational.com\/wp-content\/uploads\/2025\/10\/Mining-and-Natural-Resources-1-18x10.jpg 18w\" sizes=\"auto, (max-width: 1456px) 100vw, 1456px\"><\/figure>\n\n\n\n<p><\/p>\n\n\n\n<p class=\"p11\">Mining and natural resources businesses invest in automation and artificial intelligence consulting, which presents significant opportunities and notable challenges. Understanding and effectively managing these can help companies to maximize the benefits and mitigate potential drawbacks.<\/p>\n\n\n\n<h3 class=\"wp-block-heading p11\">Opportunit\u00e9s<\/h3>\n\n\n\n<ul class=\"wp-block-list\">\n<li><b>Efficacit\u00e9 op\u00e9rationnelle et productivit\u00e9\u00a0:<\/b> Les entreprises du secteur minier et des ressources naturelles investissent dans le conseil en automatisation et en intelligence artificielle pour am\u00e9liorer consid\u00e9rablement l&#039;efficacit\u00e9 op\u00e9rationnelle, conduisant \u00e0 une productivit\u00e9 accrue, des temps de traitement plus rapides et une utilisation plus efficace des ressources.<\/li>\n\n\n\n<li><b>Prise de d\u00e9cision bas\u00e9e sur les donn\u00e9es\u00a0: <\/b>Les entreprises du secteur minier et des ressources naturelles investissent dans le conseil en automatisation et en intelligence artificielle pour obtenir<span class=\"Apple-converted-space\">\u00a0 <\/span>des informations pr\u00e9cieuses sur les op\u00e9rations, aidant les entreprises \u00e0 prendre des d\u00e9cisions \u00e9clair\u00e9es concernant la gestion des ressources, les strat\u00e9gies d\u2019exploration et le positionnement sur le march\u00e9.<\/li>\n\n\n\n<li><b>Avantage comp\u00e9titif:<\/b> Les premiers utilisateurs de l\u2019IA et de l\u2019automatisation dans le secteur minier peuvent acqu\u00e9rir un avantage concurrentiel significatif en am\u00e9liorant l\u2019efficacit\u00e9, en r\u00e9duisant les co\u00fbts et en d\u00e9montrant leur engagement envers l\u2019innovation et la durabilit\u00e9.<\/li>\n<\/ul>\n\n\n\n<h3 class=\"wp-block-heading p11\">D\u00e9fis<\/h3>\n\n\n\n<ul class=\"wp-block-list\">\n<li><b>Complexit\u00e9 technique et lacunes en mati\u00e8re de comp\u00e9tences\u00a0: <\/b>The complexity of AI and automation technologies requires specialized skills. There is often a gap between the necessary technical expertise and the available workforce skills.<\/li>\n\n\n\n<li><b>Int\u00e9gration avec les syst\u00e8mes existants\u00a0:<\/b> L&#039;int\u00e9gration de nouvelles technologies aux syst\u00e8mes et processus existants peut s&#039;av\u00e9rer difficile et n\u00e9cessiter des ajustements ou des r\u00e9visions importants.<\/li>\n\n\n\n<li><b>Risques de cybers\u00e9curit\u00e9\u00a0:<\/b> Increased reliance on digital systems raises cybersecurity concerns. Protecting sensitive data and ensuring the security of automated systems is crucial.<\/li>\n<\/ul>\n\n\n\n<h2 class=\"wp-block-heading\">Solutions SIS\u00a0:\u00a0automatisation des mines et des ressources naturelles et conseil en intelligence artificielle<\/h2>\n\n\n\n<p>We provide benefits such as increased efficiency, productivity, enhanced resource management, cost reduction, environmental sustainability, and competitive edge. <a href=\"https:\/\/www.linkedin.com\/company\/sisinternationalresearch\/\" target=\"_blank\" rel=\"noopener\">Our researchers<\/a> conduct strategic analyses to transform information into actionable insights for clients considering automation and AI in mining and natural resources. This includes:<\/p>\n\n\n\n<ul class=\"wp-block-list\">\n<li>Optimiser l&#039;exploration, le forage, le traitement et la logistique gr\u00e2ce \u00e0 l&#039;automatisation et \u00e0 l&#039;IA.<\/li>\n\n\n\n<li>Rationaliser les processus miniers pour plus d\u2019efficacit\u00e9 et de s\u00e9curit\u00e9.<\/li>\n\n\n\n<li>Maintenance pr\u00e9dictive pour r\u00e9duire les temps d\u2019arr\u00eat des \u00e9quipements.<\/li>\n\n\n\n<li>Int\u00e9gration IoT pour une optimisation des op\u00e9rations en temps r\u00e9el.<\/li>\n\n\n\n<li>Robotique et automatisation pour les t\u00e2ches dangereuses.<\/li>\n\n\n\n<li>IA pour une gestion pr\u00e9cise des ressources et une r\u00e9duction des d\u00e9chets.<\/li>\n\n\n\n<li>VR et AR pour une formation s\u00fbre et efficace.<\/li>\n<\/ul>\n\n\n\n<p>Nos vastes relations industrielles, d\u00e9velopp\u00e9es sur trois d\u00e9cennies, permettent une approche globale de l\u2019automatisation des mines et des ressources naturelles et du conseil en IA. L&#039;\u00e9quipe strat\u00e9gique de SIS int\u00e8gre les derni\u00e8res avanc\u00e9es, soutenues par nos bureaux mondiaux, pour fournir des solutions sur mesure qui r\u00e9pondent aux d\u00e9fis et opportunit\u00e9s sp\u00e9cifiques du secteur.<\/p>\n\n\n\n<h2 class=\"wp-block-heading\">Notre emplacement \u00e0 New York<\/h2>\n\n\n\n<p>  <iframe loading=\"lazy\" src=\"https:\/\/www.google.com\/maps\/embed?pb=!1m18!1m12!1m3!1d3022.976188376966!2d-73.99130312499956!3d40.740549471389315!2m3!1f0!2f0!3f0!3m2!1i1024!2i768!4f13.1!3m3!1m2!1s0x89c259a15798c731%3A0xd695d09bdd495f25!2s11%20E%2022nd%20St%20FL%202%2C%20New%20York%2C%20NY%2010010%2C%20USA!5e0!3m2!1sen!2spe!4v1726171763526!5m2!1sen!2spe\" width=\"600\" height=\"450\" allowfullscreen=\"allowfullscreen\" data-mce-fragment=\"1\"><\/iframe>  <\/p>\n\n\n\n<h3 class=\"wp-block-heading\">11 E 22nd Street, \u00e9tage 2, New York, NY 10010 T\u00e9l. : +1(212) 505-6805<\/h3>\n\n\n\n<hr class=\"wp-block-separator has-alpha-channel-opacity\"\/>\n\n\n\n<h2 class=\"wp-block-heading\"><span style=\"font-weight: 400;\">\u00c0 propos de SIS International<\/span><\/h2>\n\n\n\n<p><a href=\"https:\/\/www.sisinternational.com\/fr\/\"><span style=\"font-weight: 400;\">SIS International<\/span><\/a><span style=\"font-weight: 400;\"> propose des recherches quantitatives, qualitatives et strat\u00e9giques. Nous fournissons des donn\u00e9es, des outils, des strat\u00e9gies, des rapports et des informations pour la prise de d\u00e9cision. Nous menons \u00e9galement des entretiens, des enqu\u00eates, des groupes de discussion et d\u2019autres m\u00e9thodes et approches d\u2019\u00e9tudes de march\u00e9.<\/span><a href=\"https:\/\/www.sisinternational.com\/fr\/a-propos-de-la-recherche-internationale-sis\/contact-sis-international-market-research\/\"><span style=\"font-weight: 400;\"> Contactez nous<\/span><\/a><span style=\"font-weight: 400;\"> pour votre prochain projet d&#039;\u00e9tude de march\u00e9.<\/span><\/p>\n\n\n\n<hr class=\"wp-block-separator has-alpha-channel-opacity\"\/>","protected":false},"excerpt":{"rendered":"<p>L&#039;automatisation des mines et des ressources naturelles et le conseil en intelligence artificielle se concentrent sur l&#039;optimisation de l&#039;extraction mini\u00e8re et des ressources naturelles.<\/p>","protected":false},"author":1,"featured_media":71561,"parent":44406,"menu_order":51,"comment_status":"closed","ping_status":"closed","template":"","meta":{"footnotes":""},"class_list":["post-45185","page","type-page","status-publish","has-post-thumbnail"],"_links":{"self":[{"href":"https:\/\/www.sisinternational.com\/fr\/wp-json\/wp\/v2\/pages\/45185","targetHints":{"allow":["GET"]}}],"collection":[{"href":"https:\/\/www.sisinternational.com\/fr\/wp-json\/wp\/v2\/pages"}],"about":[{"href":"https:\/\/www.sisinternational.com\/fr\/wp-json\/wp\/v2\/types\/page"}],"author":[{"embeddable":true,"href":"https:\/\/www.sisinternational.com\/fr\/wp-json\/wp\/v2\/users\/1"}],"replies":[{"embeddable":true,"href":"https:\/\/www.sisinternational.com\/fr\/wp-json\/wp\/v2\/comments?post=45185"}],"version-history":[{"count":8,"href":"https:\/\/www.sisinternational.com\/fr\/wp-json\/wp\/v2\/pages\/45185\/revisions"}],"predecessor-version":[{"id":81248,"href":"https:\/\/www.sisinternational.com\/fr\/wp-json\/wp\/v2\/pages\/45185\/revisions\/81248"}],"up":[{"embeddable":true,"href":"https:\/\/www.sisinternational.com\/fr\/wp-json\/wp\/v2\/pages\/44406"}],"wp:featuredmedia":[{"embeddable":true,"href":"https:\/\/www.sisinternational.com\/fr\/wp-json\/wp\/v2\/media\/71561"}],"wp:attachment":[{"href":"https:\/\/www.sisinternational.com\/fr\/wp-json\/wp\/v2\/media?parent=45185"}],"curies":[{"name":"wp","href":"https:\/\/api.w.org\/{rel}","templated":true}]}}