{"id":45125,"date":"2024-01-15T02:30:39","date_gmt":"2024-01-15T07:30:39","guid":{"rendered":"https:\/\/www.sisinternational.com\/?page_id=45125"},"modified":"2026-02-18T12:44:21","modified_gmt":"2026-02-18T17:44:21","slug":"automatisation-de-lindustrie-electronique-conseil-en-intelligence-artificielle","status":"publish","type":"page","link":"https:\/\/www.sisinternational.com\/fr\/solutions\/ai-etudes-de-marche-et-conseil-en-strategie\/automatisation-de-lindustrie-electronique-conseil-en-intelligence-artificielle\/","title":{"rendered":"Conseil en automatisation de l&#039;industrie \u00e9lectronique et en intelligence artificielle"},"content":{"rendered":"<h1 class=\"wp-block-heading\">Conseil en automatisation de l&#039;industrie \u00e9lectronique et en intelligence artificielle<\/h1>\n\n\n\n<figure class=\"gb-block-image gb-block-image-2b8cafb5\"><img loading=\"lazy\" decoding=\"async\" width=\"1456\" height=\"816\" class=\"gb-image gb-image-2b8cafb5\" src=\"https:\/\/www.sisinternational.com\/wp-content\/uploads\/2025\/08\/Electronic-Circuits-4.jpg\" alt=\"\u00c9tudes de march\u00e9 et strat\u00e9gie internationales SIS\" title=\"Electronic Circuits (4)\" srcset=\"https:\/\/www.sisinternational.com\/wp-content\/uploads\/2025\/08\/Electronic-Circuits-4.jpg 1456w, https:\/\/www.sisinternational.com\/wp-content\/uploads\/2025\/08\/Electronic-Circuits-4-300x168.jpg 300w, https:\/\/www.sisinternational.com\/wp-content\/uploads\/2025\/08\/Electronic-Circuits-4-1024x574.jpg 1024w, https:\/\/www.sisinternational.com\/wp-content\/uploads\/2025\/08\/Electronic-Circuits-4-768x430.jpg 768w, https:\/\/www.sisinternational.com\/wp-content\/uploads\/2025\/08\/Electronic-Circuits-4-18x10.jpg 18w\" sizes=\"auto, (max-width: 1456px) 100vw, 1456px\"><\/figure>\n\n\n\n<p><\/p>\n\n\n\n<p>L&#039;automatisation de l&#039;industrie \u00e9lectronique et le conseil en intelligence artificielle transforment la fabrication, la conception et la distribution de produits \u00e9lectroniques\u2026 Et la fusion de la technologie et de l&#039;expertise offre un nouvel horizon d&#039;efficacit\u00e9 et d&#039;innovation dans ce domaine.<\/p>\n\n\n\n<h2 class=\"wp-block-heading\">Pr\u00e9sentation du conseil en automatisation de l&#039;industrie \u00e9lectronique et en intelligence artificielle<\/h2>\n\n\n\n<p>L&#039;automatisation de l&#039;industrie \u00e9lectronique et le conseil en intelligence artificielle int\u00e8grent des technologies avanc\u00e9es telles que l&#039;IA, l&#039;apprentissage automatique et la robotique dans les processus de fabrication et de conception de produits \u00e9lectroniques. Il vise \u00e0 am\u00e9liorer l\u2019efficacit\u00e9, \u00e0 r\u00e9duire les erreurs et \u00e0 rationaliser les op\u00e9rations, conduisant ainsi \u00e0 une productivit\u00e9 et une innovation accrues dans le secteur \u00e9lectronique.<\/p>\n\n\n\n<h2 class=\"wp-block-heading\">Pourquoi les entreprises ont-elles besoin de conseils en automatisation de l\u2019industrie \u00e9lectronique et en intelligence artificielle\u00a0?<\/h2>\n\n\n\n<p>\u00c9lectronique <a href=\"https:\/\/www.sisinternational.com\/fr\/solutions\/ai-etudes-de-marche-et-conseil-en-strategie\/automatisation-de-lindustrie-du-cable-et-du-satellite-conseil-en-ia\/\" title=\"Automatisation de l&#039;industrie du c\u00e2ble et du satellite et conseil en IA\" data-wpil-monitor-id=\"3880\">industry automation and AI consulting<\/a> provide the agility and responsiveness businesses need to adapt quickly to market changes. It leads to higher efficiency and consistent quality in product assembly, crucial in an industry where precision is key.<\/p>\n\n\n\n<p>Les analyses bas\u00e9es sur l&#039;IA peuvent \u00e9galement pr\u00e9voir la demande avec plus de pr\u00e9cision, g\u00e9rer les niveaux de stocks et optimiser la logistique. Cela contribue \u00e0 r\u00e9duire les co\u00fbts et \u00e0 garantir que les cha\u00eenes d\u2019approvisionnement sont r\u00e9silientes et r\u00e9actives \u00e0 la dynamique du march\u00e9. De plus, les outils d\u2019IA sont essentiels pour g\u00e9rer et analyser ces donn\u00e9es, les transformant en informations exploitables qui peuvent orienter les strat\u00e9gies commerciales\u2026 Mais ils pr\u00e9sentent de nombreux autres avantages, notamment\u00a0:<\/p>\n\n\n\n<ul class=\"wp-block-list\">\n<li><strong>Qualit\u00e9 du produit am\u00e9lior\u00e9e\u00a0:<\/strong> Les syst\u00e8mes de contr\u00f4le qualit\u00e9 bas\u00e9s sur l\u2019IA peuvent d\u00e9tecter les d\u00e9fauts et les incoh\u00e9rences avec une plus grande pr\u00e9cision que les inspections manuelles, garantissant ainsi des produits de haute qualit\u00e9.<\/li>\n\n\n\n<li><strong>Optimisation de la cha\u00eene d&#039;approvisionnement\u00a0:<\/strong> L&#039;IA contribue \u00e0 la planification pr\u00e9dictive de la demande, \u00e0 la gestion des stocks et \u00e0 l&#039;optimisation de la logistique, rendant les cha\u00eenes d&#039;approvisionnement plus efficaces et plus r\u00e9actives aux besoins du march\u00e9.<\/li>\n\n\n\n<li><strong>Strat\u00e9gies de marketing et de vente personnalis\u00e9es\u00a0:<\/strong> Les outils d&#039;IA analysent les donn\u00e9es clients pour cr\u00e9er des campagnes marketing et des strat\u00e9gies de vente personnalis\u00e9es, am\u00e9liorant ainsi l&#039;engagement client et les taux de conversion.<\/li>\n\n\n\n<li><strong>Innovation dans les caract\u00e9ristiques du produit\u00a0:<\/strong> L&#039;IA permet l&#039;int\u00e9gration de fonctionnalit\u00e9s innovantes dans les produits \u00e9lectroniques, telles que les assistants vocaux et la connectivit\u00e9 intelligente, am\u00e9liorant ainsi l&#039;attrait des produits.<\/li>\n<\/ul>\n\n\n\n<h2 class=\"wp-block-heading\">Quand rechercher des services de conseil en automatisation de l\u2019industrie \u00e9lectronique et en intelligence artificielle<\/h2>\n\n\n\n<p>Il est crucial de mener des activit\u00e9s d\u2019automatisation de l\u2019industrie \u00e9lectronique et de conseil en IA au bon moment pour maximiser son efficacit\u00e9 et s\u2019aligner sur les objectifs de l\u2019entreprise \u2013 et voici plusieurs sc\u00e9narios indiquant quand une entreprise devrait envisager ces technologies\u00a0:<\/p>\n\n\n\n<ul class=\"wp-block-list\">\n<li><strong>Production \u00e0 grande \u00e9chelle\u00a0:<\/strong> Lorsqu\u2019une entreprise augmente sa production et doit augmenter son efficacit\u00e9 et sa production tout en maintenant ou en am\u00e9liorant la qualit\u00e9 de ses produits, l\u2019automatisation de l\u2019industrie \u00e9lectronique et le conseil en IA deviennent essentiels.<\/li>\n\n\n\n<li><strong>Faire face \u00e0 la pression concurrentielle\u00a0:<\/strong> Si les concurrents exploitent des technologies avanc\u00e9es pour gagner des parts de march\u00e9, il est temps d\u2019adopter l\u2019IA et l\u2019automatisation pour rester comp\u00e9titifs.<\/li>\n\n\n\n<li><strong>Gestion de cha\u00eenes d&#039;approvisionnement complexes\u00a0:<\/strong> If managing a complex, global supply chain is becoming increasingly challenging, electronics industry automation and AI <a title=\"Automatisation de la gestion du changement et conseil en IA\" data-wpil-monitor-id=\"7629\" href=\"https:\/\/www.sisinternational.com\/fr\/solutions\/ai-etudes-de-marche-et-conseil-en-strategie\/automatisation-de-la-gestion-du-changement-conseil-en-intelligence-artificielle\/\">consultant<\/a> can offer solutions for optimization and risk management.<\/li>\n<\/ul>\n\n\n\n<h2 class=\"wp-block-heading\">En quoi le conseil en automatisation de l\u2019industrie \u00e9lectronique et en intelligence artificielle diff\u00e8re-t-il des \u00e9tudes de march\u00e9 traditionnelles ?<\/h2>\n\n\n\n<p>\u00c9lectronique <a href=\"https:\/\/www.sisinternational.com\/fr\/solutions\/ai-etudes-de-marche-et-conseil-en-strategie\/technologie-industrie-automatisation-conseil-en-intelligence-artificielle\/\" title=\"Conseil en automatisation de l&#039;industrie technologique et en intelligence artificielle\" data-wpil-monitor-id=\"4416\">industry automation and artificial intelligence consulting<\/a> significantly diverge from traditional market research. This divergence is rooted in the advanced technologies and analytical methods used in AI consulting compared to conventional research techniques \u2013 and here\u2019s how they differ:<\/p>\n\n\n\n<ul class=\"wp-block-list\">\n<li><strong>Informations pr\u00e9dictives et en temps r\u00e9el\u00a0:<\/strong> Electronics industry automation and <a title=\"Conseil en automatisation analytique et intelligence artificielle\" data-wpil-monitor-id=\"1706\" href=\"https:\/\/www.sisinternational.com\/fr\/solutions\/ai-etudes-de-marche-et-conseil-en-strategie\/analytique-automatisation-conseil-en-intelligence-artificielle\/\">artificial intelligence consulting<\/a> excel in predictive analytics and real-time market monitoring, providing forward-looking insights and the ability to react quickly to market changes. Traditional market research typically offers a retrospective view based on historical data.<\/li>\n\n\n\n<li><strong>Int\u00e9gration avec les processus op\u00e9rationnels\u00a0:<\/strong> Le conseil en IA en \u00e9lectronique est souvent directement int\u00e9gr\u00e9 aux processus op\u00e9rationnels, influen\u00e7ant la fabrication, le contr\u00f4le qualit\u00e9 et la gestion de la cha\u00eene d\u2019approvisionnement. Les \u00e9tudes de march\u00e9 traditionnelles constituent g\u00e9n\u00e9ralement un processus distinct et autonome, principalement destin\u00e9 \u00e0 la prise de d\u00e9cision strat\u00e9gique.<\/li>\n\n\n\n<li><strong>Informations exploitables pour les d\u00e9cisions strat\u00e9giques\u00a0:<\/strong> Electronics industry <a title=\"Conseil en automatisation des transports et intelligence artificielle\" data-wpil-monitor-id=\"4506\" href=\"https:\/\/www.sisinternational.com\/fr\/solutions\/ai-etudes-de-marche-et-conseil-en-strategie\/conseil-en-intelligence-artificielle-en-automatisation-des-transports\/\">automation and artificial intelligence consulting<\/a> provide actionable insights that can directly influence production strategies, product development, and market positioning. Traditional market research often requires additional interpretation to inform strategic decisions.<\/li>\n<\/ul>\n\n\n\n<h2 class=\"wp-block-heading\">\u00c0 quoi s&#039;attendre du conseil en automatisation de l&#039;industrie \u00e9lectronique et en intelligence artificielle<\/h2>\n\n\n\n<p>S&#039;engager dans l&#039;automatisation de l&#039;industrie \u00e9lectronique et le conseil en IA apporte des r\u00e9sultats optimaux pour les entreprises. Ces avanc\u00e9es rationalisent les op\u00e9rations et am\u00e9liorent la comp\u00e9titivit\u00e9 du march\u00e9. Voici ce que les entreprises peuvent attendre d\u2019un tel conseil\u00a0:<\/p>\n\n\n\n<ul class=\"wp-block-list\">\n<li><strong>Efficacit\u00e9 de fabrication am\u00e9lior\u00e9e\u00a0:<\/strong> Les entreprises peuvent s\u2019attendre \u00e0 des am\u00e9liorations significatives des processus de fabrication, notamment une augmentation des vitesses de production, une r\u00e9duction des temps d\u2019arr\u00eat et une minimisation des erreurs.<\/li>\n\n\n\n<li><strong>Qualit\u00e9 et coh\u00e9rence am\u00e9lior\u00e9es des produits\u00a0:<\/strong> Les syst\u00e8mes de contr\u00f4le qualit\u00e9 bas\u00e9s sur l\u2019IA peuvent d\u00e9tecter et corriger les probl\u00e8mes avec plus de pr\u00e9cision, garantissant ainsi un niveau plus \u00e9lev\u00e9 de qualit\u00e9 et de coh\u00e9rence des produits \u00e0 tous les niveaux.<\/li>\n\n\n\n<li><strong>Prise de d\u00e9cision strat\u00e9gique \u00e9clair\u00e9e\u00a0:<\/strong> AI&#8217;s ability to analyze vast amounts of data translates into more informed decision-making. <\/li>\n\n\n\n<li><strong>Gestion optimis\u00e9e de la cha\u00eene d&#039;approvisionnement\u00a0:<\/strong> L&#039;IA et l&#039;automatisation peuvent r\u00e9volutionner la gestion de la cha\u00eene d&#039;approvisionnement, en fournissant des informations pr\u00e9dictives pour la gestion des stocks, la pr\u00e9vision de la demande et l&#039;optimisation logistique.<\/li>\n\n\n\n<li><strong>Comp\u00e9titivit\u00e9 accrue\u00a0:<\/strong> En tirant parti de l\u2019IA et de l\u2019automatisation, les entreprises peuvent acqu\u00e9rir un avantage concurrentiel en mati\u00e8re d\u2019innovation, d\u2019efficacit\u00e9 et de r\u00e9activit\u00e9 au march\u00e9.<\/li>\n<\/ul>\n\n\n\n<h2 class=\"wp-block-heading\">Tendances actuelles en mati\u00e8re d&#039;automatisation de l&#039;industrie \u00e9lectronique et de conseil en intelligence artificielle<\/h2>\n\n\n\n<p>Rester \u00e0 la pointe des tendances actuelles en mati\u00e8re d\u2019automatisation de l\u2019industrie \u00e9lectronique et de conseil en IA est essentiel pour les entreprises qui cherchent \u00e0 prosp\u00e9rer dans ce secteur dynamique \u2013 et voici quelques-unes des tendances notables qui fa\u00e7onnent le secteur\u00a0:<\/p>\n\n\n\n<ul class=\"wp-block-list\">\n<li><strong>Int\u00e9gration de la robotique et des cobots\u00a0:<\/strong> Les robots collaboratifs (cobots) font d\u00e9sormais partie int\u00e9grante de la fabrication \u00e9lectronique. Ils travaillent aux c\u00f4t\u00e9s des op\u00e9rateurs humains, am\u00e9liorant ainsi l\u2019efficacit\u00e9 et la s\u00e9curit\u00e9. Ces cobots sont \u00e9quip\u00e9s d\u2019IA pour des t\u00e2ches telles que l\u2019assemblage de pr\u00e9cision et le contr\u00f4le qualit\u00e9.<\/li>\n\n\n\n<li><strong>Maintenance pr\u00e9dictive:<\/strong> Les syst\u00e8mes de maintenance pr\u00e9dictive bas\u00e9s sur l\u2019IA sont en plein essor. Ces syst\u00e8mes surveillent les machines et les \u00e9quipements en temps r\u00e9el, pr\u00e9disant quand une maintenance est n\u00e9cessaire pour \u00e9viter les pannes et optimiser la disponibilit\u00e9.<\/li>\n\n\n\n<li><strong>L&#039;IA dans le contr\u00f4le qualit\u00e9\u00a0:<\/strong> Les fabricants d\u2019\u00e9lectronique utilisent de plus en plus de syst\u00e8mes de vision par ordinateur bas\u00e9s sur l\u2019IA pour le contr\u00f4le qualit\u00e9. Ces syst\u00e8mes peuvent d\u00e9tecter les d\u00e9fauts et les anomalies en temps r\u00e9el, r\u00e9duisant ainsi les d\u00e9fauts et le gaspillage.<\/li>\n\n\n\n<li><strong>IoT et usines intelligentes\u00a0:<\/strong> L&#039;Internet des objets (IoT) permet la cr\u00e9ation d&#039;usines intelligentes. Les capteurs et les appareils connect\u00e9s collectent des donn\u00e9es tout au long du processus de fabrication, permettant une surveillance, une analyse et une optimisation en temps r\u00e9el.<\/li>\n\n\n\n<li><strong>L&#039;IA dans la fabrication de semi-conducteurs\u00a0:<\/strong> Les fabricants de semi-conducteurs exploitent l\u2019IA pour l\u2019inspection des plaquettes, la d\u00e9tection des d\u00e9fauts et l\u2019optimisation du rendement, \u00e9l\u00e9ments essentiels dans un secteur aux exigences de qualit\u00e9 strictes.<\/li>\n<\/ul>\n\n\n\n<h2 class=\"wp-block-heading\">Technologies et outils utilis\u00e9s dans le conseil en automatisation de l&#039;industrie \u00e9lectronique et en intelligence artificielle<\/h2>\n\n\n\n<p>In the emerging field of electronics industry <a href=\"https:\/\/www.sisinternational.com\/fr\/solutions\/ai-etudes-de-marche-et-conseil-en-strategie\/automatisation-des-flux-de-travail-conseil-en-intelligence-artificielle\/\" title=\"Conseil en automatisation des flux de travail et en intelligence artificielle\" data-wpil-monitor-id=\"4797\">automation and artificial intelligence consulting<\/a>, various technologies and tools play a crucial role in driving innovation and efficiency. Let&#8217;s explore some of these technologies and tools:<\/p>\n\n\n\n<ul class=\"wp-block-list\">\n<li><strong>Logiciel d&#039;optimisation de conception\u00a0:<\/strong> Des outils tels qu&#039;Autodesk Fusion 360 et Siemens NX utilisent des algorithmes d&#039;IA pour aider les ing\u00e9nieurs \u00e0 optimiser la conception de produits en termes de fabricabilit\u00e9, de rentabilit\u00e9 et de performances.<\/li>\n\n\n\n<li><strong>Analyse de la cha\u00eene d&#039;approvisionnement\u00a0:<\/strong> Des solutions telles que SAS Supply Chain Intelligence et Oracle Supply Chain Planning utilisent des analyses bas\u00e9es sur l&#039;IA pour am\u00e9liorer la visibilit\u00e9 de la cha\u00eene d&#039;approvisionnement, la pr\u00e9vision de la demande et la gestion des stocks.<\/li>\n\n\n\n<li><strong>Chatbots et assistants virtuels\u00a0:<\/strong> Des plates-formes telles que Google Dialogflow permettent aux entreprises d&#039;\u00e9lectronique de mettre en \u0153uvre des chatbots et des assistants virtuels bas\u00e9s sur l&#039;IA pour le support et l&#039;engagement client.<\/li>\n\n\n\n<li><strong>Logiciel d&#039;am\u00e9lioration du rendement des semi-conducteurs\u00a0:<\/strong> Des marques comme KLA Corporation proposent des solutions de gestion et d&#039;optimisation du rendement bas\u00e9es sur l&#039;IA pour la fabrication de semi-conducteurs, aidant ainsi les entreprises \u00e0 am\u00e9liorer les taux de rendement et \u00e0 r\u00e9duire les co\u00fbts.<\/li>\n\n\n\n<li><strong>Plateformes d&#039;analyse de donn\u00e9es\u00a0:<\/strong> Les outils d&#039;analyse de donn\u00e9es tels que Tableau permettent aux entreprises d&#039;\u00e9lectronique d&#039;analyser de grands ensembles de donn\u00e9es, d&#039;obtenir des informations et de prendre des d\u00e9cisions bas\u00e9es sur les donn\u00e9es pour am\u00e9liorer les processus.<\/li>\n<\/ul>\n\n\n\n<h2 class=\"wp-block-heading\">Quelles sont les opportunit\u00e9s actuelles en mati\u00e8re d\u2019automatisation de l\u2019industrie \u00e9lectronique et de conseil en intelligence artificielle pour les entreprises<\/h2>\n\n\n\n<p>The integration of automation and artificial intelligence in the <a href=\"https:\/\/www.sisinternational.com\/fr\/competitive-intelligence-in-ny\/\" title=\"Competitive Intelligence in NY\" data-wpil-monitor-id=\"1298\">electronics industry<\/a> presents numerous opportunities for businesses to thrive and stay competitive \u2013 and these are some of the main opportunities for businesses today:<\/p>\n\n\n\n<ul class=\"wp-block-list\">\n<li><strong>Assurance qualit\u00e9:<\/strong> AI-driven inspection systems can identify defects and anomalies in electronic components with high precision. <\/li>\n\n\n\n<li><strong>Fabrication durable\u00a0:<\/strong> Electronics industry <a title=\"Conseil en automatisation des soins de sant\u00e9 et intelligence artificielle\" data-wpil-monitor-id=\"4877\" href=\"https:\/\/www.sisinternational.com\/fr\/solutions\/ai-etudes-de-marche-et-conseil-en-strategie\/conseil-en-intelligence-artificielle-en-automatisation-des-soins-de-sante\/\">automation and artificial intelligence consulting<\/a> can help electronics manufacturers reduce their environmental footprint. It can optimize resource utilization, energy consumption, and waste management, aligning with sustainability goals.<\/li>\n\n\n\n<li><strong>Innovation du produit:<\/strong> Electronics industry <a title=\"Conseil en automatisation des biotechnologies et intelligence artificielle\" data-wpil-monitor-id=\"6865\" href=\"https:\/\/www.sisinternational.com\/fr\/solutions\/ai-etudes-de-marche-et-conseil-en-strategie\/biotechnologie-automatisation-conseil-en-intelligence-artificielle\/\">automation and artificial intelligence consulting<\/a> can assist in product design and development by simulating scenarios, optimizing designs, and predicting performance. <\/li>\n\n\n\n<li><strong>Expansion mondiale\u00a0:<\/strong> <a title=\"Cabinet mondial de conseil en IA et en automatisation\" data-wpil-monitor-id=\"2398\" href=\"https:\/\/www.sisinternational.com\/fr\/solutions\/ai-etudes-de-marche-et-conseil-en-strategie\/societe-mondiale-de-conseil-en-automatisation-de-lia\/\">Electronics industry automation and artificial intelligence<\/a> consulting can facilitate global expansion by streamlining operations, ensuring consistent quality, and adapting products for different markets.<\/li>\n\n\n\n<li><strong>Le d\u00e9veloppement du talent:<\/strong> La croissance de l\u2019IA dans l\u2019industrie \u00e9lectronique cr\u00e9e des opportunit\u00e9s de d\u00e9veloppement des talents dans les domaines li\u00e9s \u00e0 l\u2019IA. Am\u00e9liorer les comp\u00e9tences des employ\u00e9s en IA peut conduire \u00e0 une main-d\u2019\u0153uvre plus qualifi\u00e9e.<\/li>\n<\/ul>\n\n\n\n<h2 class=\"wp-block-heading\">Solutions SIS\u00a0: Conseil en automatisation de l&#039;industrie \u00e9lectronique et en intelligence artificielle<\/h2>\n\n\n\n<p>Nous fournissons des informations strat\u00e9giques et des solutions sur mesure pour am\u00e9liorer l&#039;efficacit\u00e9, l&#039;innovation et la comp\u00e9titivit\u00e9 dans l&#039;industrie \u00e9lectronique gr\u00e2ce \u00e0 l&#039;int\u00e9gration de l&#039;IA, de l&#039;apprentissage automatique et de la robotique. Nos chercheurs offrent des informations exploitables pour une prise de d\u00e9cision \u00e9clair\u00e9e, garantissant une vue compl\u00e8te du march\u00e9.<\/p>\n\n\n\n<ul class=\"wp-block-list\">\n<li>Qualit\u00e9 des produits am\u00e9lior\u00e9e gr\u00e2ce \u00e0 des syst\u00e8mes bas\u00e9s sur l&#039;IA<\/li>\n\n\n\n<li>Optimisation de la cha\u00eene d&#039;approvisionnement \u00e0 l&#039;aide de l&#039;analyse de l&#039;IA<\/li>\n\n\n\n<li>Strat\u00e9gies marketing et commerciales personnalis\u00e9es<\/li>\n\n\n\n<li>Innovation dans les fonctionnalit\u00e9s du produit avec int\u00e9gration de l&#039;IA<\/li>\n\n\n\n<li>R\u00e9ductions significatives des co\u00fbts dans toutes les op\u00e9rations<\/li>\n\n\n\n<li>Am\u00e9lioration de l\u2019efficacit\u00e9 de la fabrication et de la coh\u00e9rence des produits<\/li>\n\n\n\n<li>Gestion optimis\u00e9e de la supply chain pour plus de r\u00e9activit\u00e9 et d\u2019efficacit\u00e9<\/li>\n<\/ul>\n\n\n\n<h2 class=\"wp-block-heading\">\u00c0 propos de SIS International<\/h2>\n\n\n\n<p>SIS International propose des recherches quantitatives, qualitatives et strat\u00e9giques. Nous fournissons des donn\u00e9es, des outils, des strat\u00e9gies, des rapports et des informations pour la prise de d\u00e9cision. Nous menons des entretiens, des enqu\u00eates, des groupes de discussion et de nombreuses autres m\u00e9thodes et approches d&#039;\u00e9tudes de march\u00e9. Contactez-nous pour votre prochain projet d&#039;\u00e9tude de march\u00e9.<\/p>","protected":false},"excerpt":{"rendered":"<p>L&#039;automatisation de l&#039;industrie \u00e9lectronique et le conseil en IA visent \u00e0 am\u00e9liorer l&#039;efficacit\u00e9 et l&#039;innovation dans le secteur \u00e9lectronique.<\/p>","protected":false},"author":1,"featured_media":64799,"parent":44406,"menu_order":41,"comment_status":"closed","ping_status":"closed","template":"","meta":{"footnotes":""},"class_list":["post-45125","page","type-page","status-publish","has-post-thumbnail"],"_links":{"self":[{"href":"https:\/\/www.sisinternational.com\/fr\/wp-json\/wp\/v2\/pages\/45125","targetHints":{"allow":["GET"]}}],"collection":[{"href":"https:\/\/www.sisinternational.com\/fr\/wp-json\/wp\/v2\/pages"}],"about":[{"href":"https:\/\/www.sisinternational.com\/fr\/wp-json\/wp\/v2\/types\/page"}],"author":[{"embeddable":true,"href":"https:\/\/www.sisinternational.com\/fr\/wp-json\/wp\/v2\/users\/1"}],"replies":[{"embeddable":true,"href":"https:\/\/www.sisinternational.com\/fr\/wp-json\/wp\/v2\/comments?post=45125"}],"version-history":[{"count":15,"href":"https:\/\/www.sisinternational.com\/fr\/wp-json\/wp\/v2\/pages\/45125\/revisions"}],"predecessor-version":[{"id":82997,"href":"https:\/\/www.sisinternational.com\/fr\/wp-json\/wp\/v2\/pages\/45125\/revisions\/82997"}],"up":[{"embeddable":true,"href":"https:\/\/www.sisinternational.com\/fr\/wp-json\/wp\/v2\/pages\/44406"}],"wp:featuredmedia":[{"embeddable":true,"href":"https:\/\/www.sisinternational.com\/fr\/wp-json\/wp\/v2\/media\/64799"}],"wp:attachment":[{"href":"https:\/\/www.sisinternational.com\/fr\/wp-json\/wp\/v2\/media?parent=45125"}],"curies":[{"name":"wp","href":"https:\/\/api.w.org\/{rel}","templated":true}]}}