{"id":45122,"date":"2024-01-15T02:12:00","date_gmt":"2024-01-15T07:12:00","guid":{"rendered":"https:\/\/www.sisinternational.com\/?page_id=45122"},"modified":"2026-02-18T12:35:57","modified_gmt":"2026-02-18T17:35:57","slug":"automatisation-des-franchises-conseil-en-intelligence-artificielle","status":"publish","type":"page","link":"https:\/\/www.sisinternational.com\/fr\/solutions\/ai-etudes-de-marche-et-conseil-en-strategie\/automatisation-des-franchises-conseil-en-intelligence-artificielle\/","title":{"rendered":"Conseil en automatisation des franchises et intelligence artificielle"},"content":{"rendered":"<h1 class=\"wp-block-heading\">Conseil en automatisation des franchises et intelligence artificielle<\/h1>\n\n\n\n<figure class=\"gb-block-image gb-block-image-d0d9d8e5\"><img loading=\"lazy\" decoding=\"async\" width=\"1456\" height=\"816\" class=\"gb-image gb-image-d0d9d8e5\" src=\"https:\/\/www.sisinternational.com\/wp-content\/uploads\/2025\/08\/Franchise-2.jpg\" alt=\"\u00c9tudes de march\u00e9 et strat\u00e9gie internationales SIS\" title=\"Franchise (2)\" srcset=\"https:\/\/www.sisinternational.com\/wp-content\/uploads\/2025\/08\/Franchise-2.jpg 1456w, https:\/\/www.sisinternational.com\/wp-content\/uploads\/2025\/08\/Franchise-2-300x168.jpg 300w, https:\/\/www.sisinternational.com\/wp-content\/uploads\/2025\/08\/Franchise-2-1024x574.jpg 1024w, https:\/\/www.sisinternational.com\/wp-content\/uploads\/2025\/08\/Franchise-2-768x430.jpg 768w, https:\/\/www.sisinternational.com\/wp-content\/uploads\/2025\/08\/Franchise-2-18x10.jpg 18w\" sizes=\"auto, (max-width: 1456px) 100vw, 1456px\"><\/figure>\n\n\n\n<p><\/p>\n\n\n\n<p>Dans un monde o\u00f9 l\u2019industrie h\u00f4teli\u00e8re est en constante \u00e9volution\u2026 Comment les entreprises peuvent-elles garder une longueur d\u2019avance ? L\u2019automatisation des franchises et le conseil en intelligence artificielle sont en train de changer la donne. Ces approches innovantes remod\u00e8lent le fonctionnement des entreprises franchis\u00e9es, offrant un m\u00e9lange d\u2019efficacit\u00e9, de personnalisation et de vision strat\u00e9gique qui \u00e9tait autrefois hors de port\u00e9e.<\/p>\n\n\n\n<h2 class=\"wp-block-heading\">Qu&#039;est-ce que le conseil en automatisation des franchises et en intelligence artificielle<\/h2>\n\n\n\n<p>Franchising <a title=\"Conseil en automatisation des flux de travail et en intelligence artificielle\" data-wpil-monitor-id=\"4798\" href=\"https:\/\/www.sisinternational.com\/fr\/solutions\/ai-etudes-de-marche-et-conseil-en-strategie\/automatisation-des-flux-de-travail-conseil-en-intelligence-artificielle\/\">automation and artificial intelligence consulting<\/a> is a rapidly evolving field that integrates cutting-edge technology into various aspects of franchise management. <\/p>\n\n\n\n<p>Par exemple, l&#039;automatisation des franchises pour les h\u00f4tels et les restaurants rationalise les processus tels que les syst\u00e8mes de r\u00e9servation, la gestion des stocks, l&#039;analyse des commentaires des clients et m\u00eame le personnel. Il automatise les t\u00e2ches de routine, lib\u00e9rant ainsi les ressources humaines pour qu&#039;elles puissent se concentrer sur des aspects plus critiques de l&#039;entreprise, comme l&#039;exp\u00e9rience client et la qualit\u00e9 du service.<\/p>\n\n\n\n<h2 class=\"wp-block-heading\">Quelle est l\u2019importance du conseil en mati\u00e8re d\u2019automatisation des franchises et d\u2019intelligence artificielle aujourd\u2019hui\u00a0?<\/h2>\n\n\n\n<p>Today\u2019s consumers expect personalized experiences \u2013 and franchising <a title=\"Conseil en automatisation des soins de sant\u00e9 et intelligence artificielle\" href=\"https:\/\/www.sisinternational.com\/fr\/solutions\/ai-etudes-de-marche-et-conseil-en-strategie\/conseil-en-intelligence-artificielle-en-automatisation-des-soins-de-sante\/\" data-wpil-monitor-id=\"4881\">automation and artificial intelligence consulting<\/a> help businesses understand and predict customer preferences, and tailor their services and offerings.<\/p>\n\n\n\n<p>De plus, l&#039;automatisation rationalise ces processus, augmentant l&#039;efficacit\u00e9 et r\u00e9duisant le risque d&#039;erreurs, ce qui est essentiel pour maintenir la r\u00e9putation de la marque au sein des franchises.<\/p>\n\n\n\n<p>In franchising, making informed decisions is also crucial for both the franchisor and franchisee. Franchising <a title=\"Conseil en Automatisation B2B et Intelligence Artificielle\" href=\"https:\/\/www.sisinternational.com\/fr\/solutions\/ai-etudes-de-marche-et-conseil-en-strategie\/conseil-en-intelligence-artificielle-en-automatisation-b2b\/\" data-wpil-monitor-id=\"6873\">automation and artificial intelligence consulting<\/a> provide a deeper understanding of market trends, customer feedback, and operational performance, enabling better decision-making.<\/p>\n\n\n\n<h2 class=\"wp-block-heading\">Quels sont les avantages de l\u2019automatisation des franchises et du conseil en intelligence artificielle ?<\/h2>\n\n\n\n<p>L&#039;int\u00e9gration de l&#039;automatisation et de l&#039;intelligence artificielle dans le monde de la franchise apporte une multitude d&#039;avantages significatifs qui transforment la fa\u00e7on dont ces entreprises fonctionnent et interagissent avec leurs clients. Voici un aper\u00e7u plus approfondi des principaux avantages\u00a0:<\/p>\n\n\n\n<ul class=\"wp-block-list\">\n<li><strong>Exp\u00e9rience client am\u00e9lior\u00e9e\u00a0:<\/strong> AI enables a personalized customer experience by analyzing guest preferences and behavior. <\/li>\n\n\n\n<li><strong>Efficacit\u00e9 op\u00e9rationnelle\u00a0:<\/strong> Automation streamlines everyday operations such as reservations, check-ins, inventory management, and staff scheduling. <\/li>\n\n\n\n<li><strong>\u00c9conomies de co\u00fbts:<\/strong> En automatisant les t\u00e2ches de routine et en optimisant divers aspects op\u00e9rationnels, les franchises peuvent r\u00e9aliser des \u00e9conomies significatives. La r\u00e9duction du travail manuel et l\u2019am\u00e9lioration de l\u2019efficacit\u00e9 contribuent \u00e0 r\u00e9duire les co\u00fbts op\u00e9rationnels et \u00e0 augmenter la rentabilit\u00e9.<\/li>\n\n\n\n<li><strong>Coh\u00e9rence dans la prestation des services\u00a0:<\/strong> Maintaining consistent service quality across franchises is crucial. Franchising <a title=\"Conseil en automatisation de marque et intelligence artificielle\" data-wpil-monitor-id=\"6892\" href=\"https:\/\/www.sisinternational.com\/fr\/solutions\/ai-etudes-de-marche-et-conseil-en-strategie\/conseil-en-ia-pour-lautomatisation-de-limage-de-marque\/\">automation and artificial intelligence consulting<\/a> ensure that all franchise operations adhere to set standards, providing a consistent brand experience for customers.<\/li>\n\n\n\n<li><strong>Avantage comp\u00e9titif:<\/strong> Les franchises qui exploitent l\u2019IA et l\u2019automatisation sont mieux plac\u00e9es pour rester en t\u00eate dans le secteur comp\u00e9titif de l\u2019h\u00f4tellerie. Ils peuvent s&#039;adapter rapidement aux changements du march\u00e9 et aux besoins des clients, conservant ainsi une longueur d&#039;avance.<\/li>\n<\/ul>\n\n\n\n<h2 class=\"wp-block-heading\">Facteurs cl\u00e9s de succ\u00e8s dans le conseil en automatisation des franchises et en intelligence artificielle pour les h\u00f4tels et les restaurants<\/h2>\n\n\n\n<p>To successfully implement franchising automation and <a title=\"Conseil en Intelligence Artificielle en Voyage\" href=\"https:\/\/www.sisinternational.com\/fr\/solutions\/ai-etudes-de-marche-et-conseil-en-strategie\/conseil-en-intelligence-artificielle-en-voyage\/\" data-wpil-monitor-id=\"6904\">artificial intelligence consulting<\/a>, businesses must consider several key success factors to ensure that the integration of these technologies brings tangible benefits and aligns with the overall business strategy.<\/p>\n\n\n\n<ul class=\"wp-block-list\">\n<li><strong>Personnalisation selon les standards de la marque\u00a0:<\/strong> En franchise, maintenir la coh\u00e9rence de la marque est essentiel. Les solutions d&#039;IA et d&#039;automatisation doivent \u00eatre personnalis\u00e9es pour respecter et renforcer les normes, la philosophie et les attentes en mati\u00e8re de service client de la marque sur tous les sites.<\/li>\n\n\n\n<li><strong>Qualit\u00e9 et int\u00e9gration des donn\u00e9es\u00a0:<\/strong> Des donn\u00e9es fiables et de haute qualit\u00e9 sont cruciales pour les syst\u00e8mes d\u2019IA. Garantir l\u2019int\u00e9gration des outils d\u2019IA avec les sources de donn\u00e9es et les syst\u00e8mes existants au sein de la franchise est essentiel pour une analyse pr\u00e9cise et efficace.<\/li>\n\n\n\n<li><strong>Focus sur l&#039;exp\u00e9rience client\u00a0:<\/strong> AI and automation initiatives should always aim to enhance the customer experience. <\/li>\n\n\n\n<li><strong>Surveillance continue et adaptation\u00a0:<\/strong> Regular monitoring and updating of AI and automation systems are necessary to ensure they remain effective and relevant. <\/li>\n\n\n\n<li><strong>Consid\u00e9rations de conformit\u00e9 et d\u2019\u00e9thique\u00a0:<\/strong> Il est essentiel de respecter les normes juridiques et \u00e9thiques, notamment en mati\u00e8re de traitement des donn\u00e9es et de confidentialit\u00e9 des clients. Le respect des r\u00e9glementations et le maintien de pratiques transparentes sont importants pour maintenir la confiance des clients et la r\u00e9putation de la marque.<\/li>\n<\/ul>\n\n\n\n<h2 class=\"wp-block-heading\">Les r\u00e9sultats du conseil en automatisation de la franchise et en intelligence artificielle pour les entreprises<\/h2>\n\n\n\n<p>Franchising <a title=\"Conseil en automatisation de restaurant et intelligence artificielle\" href=\"https:\/\/www.sisinternational.com\/fr\/solutions\/ai-etudes-de-marche-et-conseil-en-strategie\/conseil-en-intelligence-artificielle-pour-lautomatisation-des-restaurants\/\" data-wpil-monitor-id=\"7235\">automation and artificial intelligence consulting<\/a> delivers a range of transformative outcomes. These advancements are designed to enhance operational efficiency, improve customer experiences, and provide strategic advantages.<\/p>\n\n\n\n<ul class=\"wp-block-list\">\n<li><strong>Service client optimis\u00e9 :<\/strong> L&#039;IA permet des exp\u00e9riences clients personnalis\u00e9es, des recommandations personnalis\u00e9es \u00e0 la r\u00e9solution efficace des probl\u00e8mes. L&#039;automatisation du service client peut conduire \u00e0 des temps de r\u00e9ponse plus rapides et \u00e0 une meilleure satisfaction des clients.<\/li>\n\n\n\n<li><strong>Informations bas\u00e9es sur les donn\u00e9es pour la prise de d\u00e9cision strat\u00e9gique\u00a0:<\/strong> La capacit\u00e9 de l&#039;IA \u00e0 analyser les tendances du march\u00e9, les commentaires des clients et les donn\u00e9es op\u00e9rationnelles fournit des informations pr\u00e9cieuses pour la planification strat\u00e9gique, la conception des menus et les strat\u00e9gies marketing.<\/li>\n\n\n\n<li><strong>Gestion am\u00e9lior\u00e9e des stocks et de la cha\u00eene d\u2019approvisionnement\u00a0:<\/strong> Les outils d&#039;automatisation aident \u00e0 g\u00e9rer efficacement les stocks et les cha\u00eenes d&#039;approvisionnement, \u00e0 r\u00e9duire les d\u00e9chets et \u00e0 optimiser les processus d&#039;approvisionnement.<\/li>\n\n\n\n<li><strong>Coh\u00e9rence entre les franchises\u00a0:<\/strong> Garantir une exp\u00e9rience de marque coh\u00e9rente sur diff\u00e9rents sites est crucial en mati\u00e8re de franchise. L&#039;IA et l&#039;automatisation peuvent normaliser les op\u00e9rations et les services, tout en maintenant la coh\u00e9rence de la marque.<\/li>\n\n\n\n<li><strong>Analyse commerciale en temps r\u00e9el\u00a0:<\/strong> Les outils d&#039;IA fournissent des analyses en temps r\u00e9el sur les performances de l&#039;entreprise, les pr\u00e9f\u00e9rences des clients et les conditions du march\u00e9, permettant des ajustements rapides et une prise de d\u00e9cision \u00e9clair\u00e9e.<\/li>\n<\/ul>\n\n\n\n<h2 class=\"wp-block-heading\">Tendances actuelles en mati\u00e8re d&#039;automatisation des franchises et de conseil en intelligence artificielle<\/h2>\n\n\n\n<p>The landscape of franchising is continually evolving with advancements in technology. Automation and artificial intelligence are at the forefront of this transformation, driving significant changes in how these businesses operate and interact with customers. Here are some of the current trends in franchising <a title=\"Conseil en automatisation des ventes et intelligence artificielle\" href=\"https:\/\/www.sisinternational.com\/fr\/solutions\/ai-etudes-de-marche-et-conseil-en-strategie\/conseil-en-intelligence-artificielle-en-automatisation-des-ventes\/\" data-wpil-monitor-id=\"7242\">automation and artificial intelligence consulting<\/a>:<\/p>\n\n\n\n<ul class=\"wp-block-list\">\n<li><strong>Chatbots et assistants virtuels\u00a0:<\/strong> L\u2019utilisation de chatbots et d\u2019assistants virtuels bas\u00e9s sur l\u2019IA pour le service client est en augmentation. Ces outils g\u00e8rent les r\u00e9servations, r\u00e9pondent aux requ\u00eates et fournissent des informations, am\u00e9liorant ainsi l&#039;interaction avec les clients et lib\u00e9rant le personnel pour d&#039;autres t\u00e2ches.<\/li>\n\n\n\n<li><strong>Exp\u00e9rience client am\u00e9lior\u00e9e gr\u00e2ce \u00e0 l&#039;IoT\u00a0:<\/strong> L&#039;int\u00e9gration de l&#039;IA avec l&#039;Internet des objets (IoT) dans l&#039;automatisation des chambres, comme les thermostats intelligents et les appareils \u00e0 commande vocale, am\u00e9liore l&#039;exp\u00e9rience client dans les h\u00f4tels.<\/li>\n\n\n\n<li><strong>Durabilit\u00e9 et efficacit\u00e9\u00a0:<\/strong> AI is contributing to sustainability efforts, helping hotels and restaurants reduce <a title=\"Conseil en strat\u00e9gie d&#039;automatisation\" data-wpil-monitor-id=\"7444\" href=\"https:\/\/www.sisinternational.com\/fr\/systemes-dautomatisation-des-processus-aux-etats-unis\/\">energy consumption and waste through smart automation<\/a> and predictive analytics.<\/li>\n<\/ul>\n\n\n\n<h2 class=\"wp-block-heading\">Technologies et outils exploit\u00e9s par l&#039;automatisation des franchises et le conseil en intelligence artificielle<\/h2>\n\n\n\n<p>In the realm of franchising <a class=\"wpil_keyword_link\" href=\"https:\/\/www.sisinternational.com\/fr\/solutions\/ai-etudes-de-marche-et-conseil-en-strategie\/conseil-en-intelligence-artificielle-en-automatisation\/\"   title=\"Conseil en Automatisation et Intelligence Artificielle\" data-wpil-keyword-link=\"linked\"  data-wpil-monitor-id=\"11332\">automation and artificial intelligence consulting<\/a>, various technologies and tools are being leveraged to enhance operations, customer service, and strategic decision-making. Here are some key technologies and specific tools or brands that are shaping the industry:<\/p>\n\n\n\n<ul class=\"wp-block-list\">\n<li><strong>Chatbots et assistants virtuels\u00a0:<\/strong> Des plates-formes telles qu&#039;IBM Watson Assistant et Chatfuel proposent des chatbots bas\u00e9s sur l&#039;IA pour le service client, la gestion des r\u00e9servations, des demandes de renseignements et la fourniture de recommandations personnalis\u00e9es.<\/li>\n\n\n\n<li><strong>Logiciel d&#039;analyse pr\u00e9dictive\u00a0:<\/strong> Des outils tels que SAS Analytics et Tableau fournissent de puissantes analyses pr\u00e9dictives, aidant les franchises \u00e0 pr\u00e9voir la demande, \u00e0 g\u00e9rer les stocks et \u00e0 analyser le march\u00e9.<\/li>\n\n\n\n<li><strong>Automatisation des processus robotiques (RPA)\u00a0:<\/strong> Des logiciels comme UiPath et Automation Anywhere automatisent les t\u00e2ches de routine du back-office, rationalisant les op\u00e9rations et r\u00e9duisant les erreurs manuelles.<\/li>\n\n\n\n<li><strong>Int\u00e9gration IoT pour les op\u00e9rations intelligentes\u00a0:<\/strong> Des technologies telles que Nest pour les thermostats intelligents et Philips Hue pour l&#039;\u00e9clairage intelligent permettent d&#039;automatiser et d&#039;optimiser l&#039;environnement physique des h\u00f4tels et des restaurants.<\/li>\n\n\n\n<li><strong>Outils de gestion de la r\u00e9putation en ligne\u00a0:<\/strong> Les outils d&#039;IA tels que ReviewPro et Reputation.com analysent et g\u00e8rent les avis en ligne et les commentaires sur les r\u00e9seaux sociaux, aidant ainsi les franchises \u00e0 maintenir une pr\u00e9sence en ligne positive.<\/li>\n\n\n\n<li><strong>Outils de marketing bas\u00e9s sur l&#039;IA\u00a0:<\/strong> Des outils tels que Marketo et Adobe Marketing Cloud utilisent l&#039;IA pour optimiser les campagnes marketing, en ciblant les bons clients avec un contenu personnalis\u00e9.<\/li>\n\n\n\n<li><strong>Logiciel de gestion de la cha\u00eene d&#039;approvisionnement\u00a0:<\/strong> Des syst\u00e8mes comme Oracle SCM et SAP SCM offrent des solutions automatis\u00e9es de gestion de la cha\u00eene d&#039;approvisionnement, optimisant les processus d&#039;approvisionnement et d&#039;inventaire.<\/li>\n<\/ul>\n\n\n\n<h2 class=\"wp-block-heading\">Opportunit\u00e9s en mati\u00e8re d&#039;automatisation des franchises et de conseil en intelligence artificielle pour les entreprises<\/h2>\n\n\n\n<p>Ce conseil offre une multitude d&#039;opportunit\u00e9s aux entreprises, ouvrant la voie \u00e0 des strat\u00e9gies op\u00e9rationnelles innovantes, \u00e0 des exp\u00e9riences client am\u00e9lior\u00e9es et \u00e0 des mod\u00e8les commerciaux plus intelligents. Voici un aper\u00e7u des principales opportunit\u00e9s\u00a0:<\/p>\n\n\n\n<ul class=\"wp-block-list\">\n<li><strong>Prise de d\u00e9cision bas\u00e9e sur les donn\u00e9es\u00a0:<\/strong> Gr\u00e2ce \u00e0 l\u2019IA, les entreprises peuvent tirer parti de l\u2019analyse du Big Data pour prendre des d\u00e9cisions \u00e9clair\u00e9es concernant l\u2019expansion du march\u00e9, les offres de services et les strat\u00e9gies marketing, en garantissant que ces d\u00e9cisions s\u2019appuient sur des informations compl\u00e8tes sur le march\u00e9.<\/li>\n\n\n\n<li><strong>Marketing personnalis\u00e9 et engagement client\u00a0:<\/strong> En analysant les donn\u00e9es clients, l\u2019IA peut aider \u00e0 \u00e9laborer des campagnes marketing et des strat\u00e9gies d\u2019engagement personnalis\u00e9es, en ciblant les clients avec des offres et des exp\u00e9riences adapt\u00e9es \u00e0 leurs pr\u00e9f\u00e9rences.<\/li>\n\n\n\n<li><strong>Initiatives de durabilit\u00e9\u00a0:<\/strong> L&#039;IA et l&#039;automatisation peuvent contribuer aux efforts de d\u00e9veloppement durable dans les op\u00e9rations de franchise, comme la r\u00e9duction de la consommation d&#039;\u00e9nergie, la minimisation du gaspillage alimentaire et l&#039;optimisation de l&#039;utilisation des ressources.<\/li>\n<\/ul>\n\n\n\n<h2 class=\"wp-block-heading\">Les enjeux de l\u2019automatisation des franchises et du conseil en intelligence artificielle pour les entreprises<\/h2>\n\n\n\n<p>Si l\u2019adoption de l\u2019automatisation des franchises et du conseil en intelligence artificielle pr\u00e9sente de nombreuses opportunit\u00e9s, elle en comporte \u00e9galement de nombreuses, telles que\u00a0:<\/p>\n\n\n\n<ul class=\"wp-block-list\">\n<li><strong>Confidentialit\u00e9 et s\u00e9curit\u00e9 des donn\u00e9es\u00a0:<\/strong> Avec l\u2019utilisation croissante des donn\u00e9es clients \u00e0 des fins de personnalisation et d\u2019analyse, le maintien de la confidentialit\u00e9 et de la s\u00e9curit\u00e9 des donn\u00e9es devient primordial. Les franchises doivent s&#039;adapter \u00e0 des r\u00e9glementations complexes en mati\u00e8re de protection des donn\u00e9es et garantir la confiance des clients.<\/li>\n\n\n\n<li><strong>Int\u00e9gration avec les syst\u00e8mes existants\u00a0:<\/strong> L&#039;int\u00e9gration transparente de nouvelles technologies aux syst\u00e8mes et processus existants peut s&#039;av\u00e9rer difficile et n\u00e9cessiter des changements substantiels dans les mod\u00e8les op\u00e9rationnels actuels.<\/li>\n\n\n\n<li><strong>Coh\u00e9rence entre les franchises\u00a0:<\/strong> Veiller \u00e0 ce que les technologies d\u2019IA et d\u2019automatisation soient syst\u00e9matiquement mises en \u0153uvre et maintenues dans tous les sites de franchise afin de maintenir des normes de service uniformes constitue un d\u00e9fi.<\/li>\n<\/ul>\n\n\n\n<h2 class=\"wp-block-heading\">Solutions SIS : Conseil en automatisation de la franchise et intelligence artificielle<\/h2>\n\n\n\n<p>Chez SIS, nous comprenons le potentiel de transformation de l\u2019automatisation des franchises et de l\u2019intelligence artificielle pour remodeler le secteur h\u00f4telier. Nos solutions de conseil offrent une feuille de route strat\u00e9gique aux entreprises franchis\u00e9es pour exploiter la puissance de l&#039;automatisation et de l&#039;IA, favorisant l&#039;efficacit\u00e9, la personnalisation et la vision strat\u00e9gique sur tous les sites de franchise. Voici comment nous pouvons vous aider\u00a0:<\/p>\n\n\n\n<ul class=\"wp-block-list\">\n<li><strong>Analyse compl\u00e8te du march\u00e9\u00a0:<\/strong> Notre \u00e9quipe effectue une analyse compl\u00e8te du march\u00e9 pour identifier les tendances \u00e9mergentes, les pr\u00e9f\u00e9rences des clients et la dynamique concurrentielle au sein du secteur h\u00f4telier. Nous fournissons un aper\u00e7u de la fa\u00e7on dont l&#039;automatisation et l&#039;IA remod\u00e8lent les op\u00e9rations de franchise et proposons des recommandations strat\u00e9giques pour capitaliser sur de nouvelles opportunit\u00e9s.<\/li>\n\n\n\n<li><strong>D\u00e9veloppement de solutions personnalis\u00e9es\u00a0:<\/strong> We develop customized automation and AI solutions tailored to address the specific needs and goals of franchised businesses. <\/li>\n\n\n\n<li><strong>Engagement des parties prenantes\u00a0:<\/strong> Nous engageons toutes les parties prenantes, y compris les franchiseurs, les franchis\u00e9s, les employ\u00e9s et les clients, pour garantir l&#039;alignement et l&#039;adh\u00e9sion aux initiatives d&#039;IA. Notre approche consiste \u00e0 \u00e9duquer les parties prenantes sur les avantages de l\u2019automatisation et de l\u2019IA, \u00e0 r\u00e9pondre aux pr\u00e9occupations et \u00e0 favoriser une culture d\u2019innovation et de collaboration dans tous les sites de franchise.<\/li>\n\n\n\n<li><strong>Expertise technique et infrastructure\u00a0:<\/strong> We provide technical expertise and infrastructure support to help franchised businesses navigate the complexities of implementing AI solutions. <\/li>\n\n\n\n<li><strong>Consid\u00e9rations \u00e9thiques et conformit\u00e9\u00a0:<\/strong> Nous veillons \u00e0 ce que les initiatives d\u2019IA respectent les normes \u00e9thiques et les exigences r\u00e9glementaires, notamment en mati\u00e8re de traitement des donn\u00e9es et de confidentialit\u00e9 des clients. Le respect des r\u00e9glementations et des pratiques transparentes sont essentiels pour maintenir la confiance des clients et la r\u00e9putation de la marque sur tous les sites de franchise.<\/li>\n\n\n\n<li><strong>Surveillance et optimisation continues\u00a0:<\/strong> Nous aidons les entreprises franchis\u00e9es \u00e0 surveiller et \u00e0 optimiser en permanence leurs syst\u00e8mes d&#039;IA en fonction des commentaires, des nouvelles donn\u00e9es et des avanc\u00e9es technologiques. Notre approche implique des \u00e9valuations de performances, des mises \u00e0 jour et des ajustements r\u00e9guliers pour garantir que les initiatives d&#039;IA restent efficaces et align\u00e9es sur les objectifs de l&#039;entreprise.<\/li>\n\n\n\n<li><strong>Formation et gestion du changement\u00a0:<\/strong> Nous proposons des formations et une assistance \u00e0 la gestion du changement pour aider les employ\u00e9s \u00e0 s&#039;adapter aux nouvelles technologies et flux de travail d&#039;IA. Notre approche implique une formation pratique, des ateliers et un soutien continu pour garantir que les employ\u00e9s poss\u00e8dent les comp\u00e9tences et les connaissances n\u00e9cessaires pour r\u00e9ussir dans un environnement ax\u00e9 sur l&#039;IA.<\/li>\n\n\n\n<li><\/li>\n<\/ul>\n\n\n\n<h2 class=\"wp-block-heading\">\u00c0 propos de SIS International<\/h2>\n\n\n\n<p>SIS International propose des recherches quantitatives, qualitatives et strat\u00e9giques. Nous fournissons des donn\u00e9es, des outils, des strat\u00e9gies, des rapports et des informations pour la prise de d\u00e9cision. Nous menons des entretiens, des enqu\u00eates, des groupes de discussion et de nombreuses autres m\u00e9thodes et approches d&#039;\u00e9tudes de march\u00e9. Contactez-nous pour votre prochain projet d&#039;\u00e9tude de march\u00e9.<\/p>","protected":false},"excerpt":{"rendered":"<p>L&#039;automatisation des franchises et le conseil en IA sont un domaine en \u00e9volution qui int\u00e8gre une technologie de pointe dans la gestion des franchises.<\/p>","protected":false},"author":1,"featured_media":63810,"parent":44406,"menu_order":40,"comment_status":"closed","ping_status":"closed","template":"","meta":{"footnotes":""},"class_list":["post-45122","page","type-page","status-publish","has-post-thumbnail"],"_links":{"self":[{"href":"https:\/\/www.sisinternational.com\/fr\/wp-json\/wp\/v2\/pages\/45122","targetHints":{"allow":["GET"]}}],"collection":[{"href":"https:\/\/www.sisinternational.com\/fr\/wp-json\/wp\/v2\/pages"}],"about":[{"href":"https:\/\/www.sisinternational.com\/fr\/wp-json\/wp\/v2\/types\/page"}],"author":[{"embeddable":true,"href":"https:\/\/www.sisinternational.com\/fr\/wp-json\/wp\/v2\/users\/1"}],"replies":[{"embeddable":true,"href":"https:\/\/www.sisinternational.com\/fr\/wp-json\/wp\/v2\/comments?post=45122"}],"version-history":[{"count":12,"href":"https:\/\/www.sisinternational.com\/fr\/wp-json\/wp\/v2\/pages\/45122\/revisions"}],"predecessor-version":[{"id":82991,"href":"https:\/\/www.sisinternational.com\/fr\/wp-json\/wp\/v2\/pages\/45122\/revisions\/82991"}],"up":[{"embeddable":true,"href":"https:\/\/www.sisinternational.com\/fr\/wp-json\/wp\/v2\/pages\/44406"}],"wp:featuredmedia":[{"embeddable":true,"href":"https:\/\/www.sisinternational.com\/fr\/wp-json\/wp\/v2\/media\/63810"}],"wp:attachment":[{"href":"https:\/\/www.sisinternational.com\/fr\/wp-json\/wp\/v2\/media?parent=45122"}],"curies":[{"name":"wp","href":"https:\/\/api.w.org\/{rel}","templated":true}]}}