{"id":45108,"date":"2024-01-14T16:37:49","date_gmt":"2024-01-14T21:37:49","guid":{"rendered":"https:\/\/www.sisinternational.com\/?page_id=45108"},"modified":"2026-01-27T16:50:40","modified_gmt":"2026-01-27T21:50:40","slug":"automatisation-du-capital-risque-conseil-en-intelligence-artificielle","status":"publish","type":"page","link":"https:\/\/www.sisinternational.com\/fr\/solutions\/recherche-de-conseil-en-strategie-fintech\/automatisation-du-capital-risque-conseil-en-intelligence-artificielle\/","title":{"rendered":"Conseil en automatisation du capital-risque et intelligence artificielle"},"content":{"rendered":"<h1 class=\"wp-block-heading\">Conseil en automatisation du capital-risque et intelligence artificielle<\/h1>\n\n\n\n<figure class=\"gb-block-image gb-block-image-8a268a4b\"><img loading=\"lazy\" decoding=\"async\" width=\"1456\" height=\"816\" class=\"gb-image gb-image-8a268a4b\" src=\"https:\/\/www.sisinternational.com\/wp-content\/uploads\/2025\/10\/Capital-Markets-Automation-4.jpg\" alt=\"\u00c9tudes de march\u00e9 et strat\u00e9gie internationales SIS\" title=\"Capital Markets Automation (4)\" srcset=\"https:\/\/www.sisinternational.com\/wp-content\/uploads\/2025\/10\/Capital-Markets-Automation-4.jpg 1456w, https:\/\/www.sisinternational.com\/wp-content\/uploads\/2025\/10\/Capital-Markets-Automation-4-300x168.jpg 300w, https:\/\/www.sisinternational.com\/wp-content\/uploads\/2025\/10\/Capital-Markets-Automation-4-1024x574.jpg 1024w, https:\/\/www.sisinternational.com\/wp-content\/uploads\/2025\/10\/Capital-Markets-Automation-4-768x430.jpg 768w, https:\/\/www.sisinternational.com\/wp-content\/uploads\/2025\/10\/Capital-Markets-Automation-4-18x10.jpg 18w\" sizes=\"auto, (max-width: 1456px) 100vw, 1456px\"><\/figure>\n\n\n\n<p><\/p>\n\n\n\n<hr class=\"wp-block-separator has-alpha-channel-opacity\"\/>\n\n\n\n<p>Venture capital automation and artificial intelligence consulting are reshaping how venture capital functions and the way investments are sourced, analyzed, and managed. This means a new era in the venture capital landscape, and businesses are already leveraging this consulting service to gain a competitive advantage.<\/p>\n\n\n\n<h2 class=\"wp-block-heading\">Qu\u2019est-ce que le conseil en automatisation du capital-risque et en intelligence artificielle ?<\/h2>\n\n\n\n<p>Venture capital automation and artificial intelligence consulting represent a cutting-edge convergence of technology and investment strategies. They involve applying artificial intelligence, machine learning, and automation technologies to the venture capital sector, fundamentally transforming how venture capital firms operate, make decisions, and achieve their goals.<\/p>\n\n\n\n<p>This form of consulting leverages AI to analyze market trends, predict startup success, and streamline investment processes. This speeds up the decision-making process and enhances the accuracy of predictions regarding a startup&#8217;s potential.<\/p>\n\n\n\n<h2 class=\"wp-block-heading\">L&#039;importance cruciale de l&#039;automatisation du capital-risque et du conseil en intelligence artificielle<\/h2>\n\n\n\n<p>Venture capital automation and <a href=\"https:\/\/www.sisinternational.com\/fr\/solutions\/recherche-de-conseil-en-strategie-fintech\/conseil-en-ia-pour-lautomatisation-des-banques-dinvestissement\/\" title=\"Conseil en automatisation et intelligence artificielle en banque d&#039;investissement\"  data-wpil-monitor-id=\"4102\">artificial intelligence consulting<\/a> bring a new level of efficiency and speed to this process by quickly analyzing large volumes of data to identify potential investment opportunities. It also provides deep insights and predictive analytics, allowing venture capitalists to make decisions based on comprehensive data analysis rather than solely on gut feeling or experience.<\/p>\n\n\n\n<p>Moreover, firms that leverage <a href=\"https:\/\/www.sisinternational.com\/fr\/solutions\/ai-etudes-de-marche-et-conseil-en-strategie\/societe-mondiale-de-conseil-en-automatisation-de-lia\/\" title=\"Cabinet mondial de conseil en IA et en automatisation\"  data-wpil-monitor-id=\"2404\">venture capital automation and artificial intelligence<\/a> consulting can gain a significant competitive advantage by identifying and capitalizing on investment opportunities more quickly and accurately.<\/p>\n\n\n\n<h2 class=\"wp-block-heading\">Comment mettre en \u0153uvre l&#039;automatisation du capital-risque et le conseil en intelligence artificielle<\/h2>\n\n\n\n<figure class=\"gb-block-image gb-block-image-0208ac90\"><img loading=\"lazy\" decoding=\"async\" width=\"1456\" height=\"816\" class=\"gb-image gb-image-0208ac90\" src=\"https:\/\/www.sisinternational.com\/wp-content\/uploads\/2025\/10\/Capital-Markets-Automation-3.jpg\" alt=\"\u00c9tudes de march\u00e9 et strat\u00e9gie internationales SIS\" title=\"Capital Markets Automation (3)\" srcset=\"https:\/\/www.sisinternational.com\/wp-content\/uploads\/2025\/10\/Capital-Markets-Automation-3.jpg 1456w, https:\/\/www.sisinternational.com\/wp-content\/uploads\/2025\/10\/Capital-Markets-Automation-3-300x168.jpg 300w, https:\/\/www.sisinternational.com\/wp-content\/uploads\/2025\/10\/Capital-Markets-Automation-3-1024x574.jpg 1024w, https:\/\/www.sisinternational.com\/wp-content\/uploads\/2025\/10\/Capital-Markets-Automation-3-768x430.jpg 768w, https:\/\/www.sisinternational.com\/wp-content\/uploads\/2025\/10\/Capital-Markets-Automation-3-18x10.jpg 18w\" sizes=\"auto, (max-width: 1456px) 100vw, 1456px\"><\/figure>\n\n\n\n<p><\/p>\n\n\n\n<p>L\u2019automatisation du capital-risque et le conseil en IA impliquent une approche structur\u00e9e qui allie expertise technologique et connaissance approfondie du secteur du capital-risque. Voici un guide sur la fa\u00e7on de mettre en \u0153uvre efficacement ces technologies dans un contexte de capital-risque\u00a0:<\/p>\n\n\n\n<ul class=\"wp-block-list\">\n<li><strong>\u00c9valuation des besoins et des objectifs de l&#039;entreprise\u00a0:<\/strong> The first step is to understand the venture capital firm&#8217;s specific needs, challenges, and objectives.\u00a0<\/li>\n\n\n\n<li><strong>Choisir les bonnes technologies\u00a0:<\/strong> Based on the assessment, the next step is to select the appropriate AI and automation technologies that align with the firm\u2019s needs.\u00a0<\/li>\n\n\n\n<li><strong>Collecte et gestion des donn\u00e9es\u00a0:<\/strong> La mise en \u0153uvre efficace de l\u2019IA n\u00e9cessite l\u2019acc\u00e8s \u00e0 des donn\u00e9es de haute qualit\u00e9. Il est crucial de collecter et d&#039;organiser des donn\u00e9es pertinentes, notamment les tendances du march\u00e9, les mesures de performance des startups et les rapports financiers.<\/li>\n\n\n\n<li><strong>Personnalisation des solutions d&#039;IA\u00a0:<\/strong> Rather than adopting a one-size-fits-all approach, AI solutions should be customized to fit the unique context of the venture capital firm.\u00a0<\/li>\n\n\n\n<li><strong>Int\u00e9gration avec les syst\u00e8mes existants\u00a0:<\/strong> Integrating AI and automation technologies with the firm\u2019s existing IT infrastructure and software systems is vital for seamless operation.\u00a0<\/li>\n\n\n\n<li><strong>Tests et validation\u00a0:<\/strong> Before full deployment, the AI and automation tools must be tested and validated. This includes running pilot projects or simulations to ensure the technology functions as intended and delivers accurate and useful insights.<\/li>\n\n\n\n<li><strong>Training and <\/strong><a href=\"https:\/\/www.sisinternational.com\/fr\/solutions\/ai-etudes-de-marche-et-conseil-en-strategie\/automatisation-de-la-gestion-du-changement-conseil-en-intelligence-artificielle\/\" title=\"Automatisation de la gestion du changement et conseil en IA\"  data-wpil-monitor-id=\"7633\">Change Management: Implementing AI and automation<\/a> in venture capital often requires a shift in how teams work. Providing staff training and managing the change process is key to ensuring that the technology is used effectively and that the team adapts to new workflows.<\/li>\n\n\n\n<li><strong>Surveillance continue et adaptation\u00a0:<\/strong> Apr\u00e8s la mise en \u0153uvre, une surveillance continue des performances de la technologie est n\u00e9cessaire. Les syst\u00e8mes d\u2019IA peuvent n\u00e9cessiter des ajustements et des ajustements en fonction des performances r\u00e9elles et de l\u2019\u00e9volution des conditions du march\u00e9.<\/li>\n<\/ul>\n\n\n\n<h2 class=\"wp-block-heading\">\u00c0 quoi s&#039;attendre du conseil en automatisation du capital-risque et en intelligence artificielle<\/h2>\n\n\n\n<p>Venture capital firms can anticipate several benefits from <a href=\"https:\/\/www.sisinternational.com\/fr\/solutions\/ai-etudes-de-marche-et-conseil-en-strategie\/automatisation-des-flux-de-travail-conseil-en-intelligence-artificielle\/\" title=\"Conseil en automatisation des flux de travail et en intelligence artificielle\"  data-wpil-monitor-id=\"6887\">automation and artificial intelligence consulting<\/a>. These advancements streamline the investment process and provide strategic advantages in the highly competitive venture capital landscape.<\/p>\n\n\n\n<ul class=\"wp-block-list\">\n<li><strong>Recherche de transactions am\u00e9lior\u00e9e\u00a0:<\/strong> AI-driven tools can scan vast amounts of data to identify potential investment opportunities that align with the firm&#8217;s criteria, leading to more efficient and diverse deal sourcing.<\/li>\n\n\n\n<li><strong>Processus de diligence raisonnable am\u00e9lior\u00e9s\u00a0:<\/strong> L&#039;IA et l&#039;automatisation peuvent rationaliser consid\u00e9rablement le processus de diligence raisonnable, en analysant les donn\u00e9es financi\u00e8res des startups, leurs positions sur le march\u00e9 et leur potentiel de croissance plus rapidement et plus pr\u00e9cis\u00e9ment que les m\u00e9thodes traditionnelles.<\/li>\n\n\n\n<li><strong>Strat\u00e9gies d&#039;investissement personnalis\u00e9es\u00a0:<\/strong> AI algorithms can tailor investment strategies to a firm&#8217;s specific goals and risk appetites, leading to more customized portfolio management.<\/li>\n\n\n\n<li><strong>Efficacit\u00e9 op\u00e9rationnelle\u00a0:<\/strong> L&#039;automatisation des t\u00e2ches de routine telles que la collecte de donn\u00e9es, la g\u00e9n\u00e9ration de rapports et la surveillance du portefeuille augmente l&#039;efficacit\u00e9 op\u00e9rationnelle, permettant \u00e0 l&#039;entreprise de se concentrer sur la croissance strat\u00e9gique et l&#039;\u00e9tablissement de relations.<\/li>\n\n\n\n<li><strong>Avantage concurrentiel\u00a0:<\/strong> En tirant parti des derni\u00e8res avanc\u00e9es en mati\u00e8re d\u2019IA et d\u2019automatisation, les soci\u00e9t\u00e9s de capital-risque peuvent acqu\u00e9rir un avantage concurrentiel significatif en identifiant et en garantissant des opportunit\u00e9s d\u2019investissement lucratives.<\/li>\n<\/ul>\n\n\n\n<h2 class=\"wp-block-heading\">Les tendances actuelles<\/h2>\n\n\n\n<figure class=\"gb-block-image gb-block-image-930d5958\"><img loading=\"lazy\" decoding=\"async\" width=\"1456\" height=\"816\" class=\"gb-image gb-image-930d5958\" src=\"https:\/\/www.sisinternational.com\/wp-content\/uploads\/2025\/10\/Capital-Markets-Automation-2.jpg\" alt=\"\u00c9tudes de march\u00e9 et strat\u00e9gie internationales SIS\" title=\"Capital Markets Automation (2)\" srcset=\"https:\/\/www.sisinternational.com\/wp-content\/uploads\/2025\/10\/Capital-Markets-Automation-2.jpg 1456w, https:\/\/www.sisinternational.com\/wp-content\/uploads\/2025\/10\/Capital-Markets-Automation-2-300x168.jpg 300w, https:\/\/www.sisinternational.com\/wp-content\/uploads\/2025\/10\/Capital-Markets-Automation-2-1024x574.jpg 1024w, https:\/\/www.sisinternational.com\/wp-content\/uploads\/2025\/10\/Capital-Markets-Automation-2-768x430.jpg 768w, https:\/\/www.sisinternational.com\/wp-content\/uploads\/2025\/10\/Capital-Markets-Automation-2-18x10.jpg 18w\" sizes=\"auto, (max-width: 1456px) 100vw, 1456px\"><\/figure>\n\n\n\n<p><\/p>\n\n\n\n<p>Automation and artificial intelligence are driving significant changes in how venture capital firms operate and make investment decisions \u2013 and here are some of the current trends in venture capital automation and <a href=\"https:\/\/www.sisinternational.com\/fr\/solutions\/ai-etudes-de-marche-et-conseil-en-strategie\/conseil-en-intelligence-artificielle-en-voyage\/\" title=\"Conseil en Intelligence Artificielle en Voyage\"  data-wpil-monitor-id=\"6910\">artificial intelligence consulting<\/a>:<\/p>\n\n\n\n<ul class=\"wp-block-list\">\n<li><strong>Big Data dans le sourcing de transactions\u00a0:<\/strong> Venture capital firms leverage big data to identify and source deals. AI-driven tools analyze vast datasets to uncover hidden opportunities and emerging market trends that traditional methods might overlook.<\/li>\n\n\n\n<li><strong>L&#039;IA dans la gestion de portefeuille\u00a0:<\/strong> L\u2019utilisation de l\u2019IA dans la gestion et le suivi des portefeuilles d\u2019investissement est en augmentation. Les outils d&#039;IA fournissent des analyses et des informations en temps r\u00e9el sur les performances du portefeuille, permettant une gestion plus efficace et une prise de d\u00e9cision rapide.<\/li>\n\n\n\n<li><strong>Blockchain pour le suivi et la gestion des investissements\u00a0:<\/strong> La technologie Blockchain est explor\u00e9e pour son potentiel de suivi et de gestion des investissements, offrant une transparence, une s\u00e9curit\u00e9 et une efficacit\u00e9 accrues.<\/li>\n\n\n\n<li><strong>Int\u00e9gration des facteurs ESG\u00a0:<\/strong> Venture capital <a href=\"https:\/\/www.sisinternational.com\/fr\/solutions\/ai-etudes-de-marche-et-conseil-en-strategie\/conseil-en-intelligence-artificielle-pour-lautomatisation-des-restaurants\/\" title=\"Conseil en automatisation de restaurant et intelligence artificielle\"  data-wpil-monitor-id=\"7237\">automation and artificial intelligence consulting<\/a> analyze investments based on environmental, social, and governance (ESG) criteria, aligning with the growing trend toward sustainable and responsible investing.<\/li>\n\n\n\n<li><strong>Cloud computing et IA en tant que service\u00a0:<\/strong> L&#039;utilisation du cloud computing et des mod\u00e8les d&#039;IA en tant que service se d\u00e9veloppe, permettant aux soci\u00e9t\u00e9s de capital-risque d&#039;acc\u00e9der \u00e0 des outils et analyses avanc\u00e9s d&#039;IA sans investissement important dans l&#039;infrastructure informatique.<\/li>\n<\/ul>\n\n\n\n<h2 class=\"wp-block-heading\">Opportunit\u00e9s<\/h2>\n\n\n\n<p>Venture capital <a href=\"https:\/\/www.sisinternational.com\/fr\/solutions\/ai-etudes-de-marche-et-conseil-en-strategie\/conseil-en-intelligence-artificielle-en-automatisation-des-ventes\/\" title=\"Conseil en automatisation des ventes et intelligence artificielle\"  data-wpil-monitor-id=\"7248\">automation and artificial intelligence consulting<\/a> offer businesses a range of transformative opportunities. These technological advancements enhance existing practices and also pave the way for innovative approaches and strategies in venture capital.<\/p>\n\n\n\n<ul class=\"wp-block-list\">\n<li><strong>Strat\u00e9gies d&#039;investissement bas\u00e9es sur les donn\u00e9es\u00a0:<\/strong> AI&#8217;s ability to analyze vast datasets allows venture capital firms to develop more informed and strategic investment approaches. AI can uncover insights into market trends, startup performance, and consumer behavior that can guide investment decisions.<\/li>\n\n\n\n<li><strong>Relations investisseurs personnalis\u00e9es :<\/strong> Venture capital automation and artificial intelligence <a href=\"https:\/\/www.sisinternational.com\/fr\/competence\/les-industries\/dei-conseil-en-communication\/\" title=\"DEI Conseil en communication\"  data-wpil-monitor-id=\"5057\">consulting can help tailor communication<\/a> and reports to investors based on their preferences and interests, enhancing investor relations and engagement.<\/li>\n\n\n\n<li><strong>Avantage concurrentiel dans un march\u00e9 encombr\u00e9\u00a0:<\/strong> <a href=\"https:\/\/www.sisinternational.com\/fr\/competitive-intelligence-in-ny\/\" title=\"Competitive Intelligence in NY\"  data-wpil-monitor-id=\"1281\">Venture capital automation and artificial intelligence<\/a> consulting can provide venture capital firms with a competitive edge, enabling them to identify and capitalize on investment opportunities more swiftly and accurately.<\/li>\n<\/ul>\n\n\n\n<h2 class=\"wp-block-heading\">Les enjeux de l\u2019automatisation du capital-risque et du conseil en intelligence artificielle pour les entreprises<\/h2>\n\n\n\n<figure class=\"gb-block-image gb-block-image-41e89159\"><img loading=\"lazy\" decoding=\"async\" width=\"1456\" height=\"816\" class=\"gb-image gb-image-41e89159\" src=\"https:\/\/www.sisinternational.com\/wp-content\/uploads\/2025\/10\/Capital-Markets-Automation-1.jpg\" alt=\"\u00c9tudes de march\u00e9 et strat\u00e9gie internationales SIS\" title=\"Capital Markets Automation (1)\" srcset=\"https:\/\/www.sisinternational.com\/wp-content\/uploads\/2025\/10\/Capital-Markets-Automation-1.jpg 1456w, https:\/\/www.sisinternational.com\/wp-content\/uploads\/2025\/10\/Capital-Markets-Automation-1-300x168.jpg 300w, https:\/\/www.sisinternational.com\/wp-content\/uploads\/2025\/10\/Capital-Markets-Automation-1-1024x574.jpg 1024w, https:\/\/www.sisinternational.com\/wp-content\/uploads\/2025\/10\/Capital-Markets-Automation-1-768x430.jpg 768w, https:\/\/www.sisinternational.com\/wp-content\/uploads\/2025\/10\/Capital-Markets-Automation-1-18x10.jpg 18w\" sizes=\"auto, (max-width: 1456px) 100vw, 1456px\"><\/figure>\n\n\n\n<p><\/p>\n\n\n\n<p>Si les opportunit\u00e9s pr\u00e9sent\u00e9es par l\u2019automatisation du capital-risque et le conseil en intelligence artificielle sont consid\u00e9rables, les entreprises doivent \u00e9galement relever des d\u00e9fis importants. Voici quelques-uns des principaux d\u00e9fis\u00a0:<\/p>\n\n\n\n<ul class=\"wp-block-list\">\n<li><strong>Gestion de la confidentialit\u00e9 et des pr\u00e9occupations \u00e9thiques\u00a0:<\/strong> Avec l\u2019IA et l\u2019automatisation qui traitent les donn\u00e9es sensibles, la gestion de la confidentialit\u00e9 et la r\u00e9ponse aux pr\u00e9occupations \u00e9thiques sont cruciales. Garantir le respect des r\u00e9glementations en mati\u00e8re de protection des donn\u00e9es et maintenir la confiance des investisseurs sont des consid\u00e9rations importantes.<\/li>\n\n\n\n<li><strong>Risques de cybers\u00e9curit\u00e9\u00a0:<\/strong> \u00c0 mesure que la d\u00e9pendance aux technologies num\u00e9riques augmente, les risques li\u00e9s \u00e0 la cybers\u00e9curit\u00e9 augmentent \u00e9galement. Prot\u00e9ger les donn\u00e9es d&#039;investissement sensibles contre les cybermenaces est un d\u00e9fi constant pour les soci\u00e9t\u00e9s de capital-risque utilisant l&#039;IA et l&#039;automatisation.<\/li>\n\n\n\n<li><strong>Acquisition de talents et formation\u00a0:<\/strong> Skilled professionals who can manage and interpret AI systems are needed. Recruiting and training staff to work effectively with new technologies is an ongoing challenge.<\/li>\n\n\n\n<li>\u00c0 propos de SIS International<\/li>\n<\/ul>\n\n\n\n<h2 class=\"wp-block-heading\">Solutions SIS\u00a0: Conseil en automatisation du capital-risque et intelligence artificielle<\/h2>\n\n\n\n<p>Chez SIS, nous proposons des services de pointe en mati\u00e8re d&#039;automatisation du capital-risque et de conseil en intelligence artificielle, con\u00e7us pour r\u00e9volutionner la fa\u00e7on dont les soci\u00e9t\u00e9s de capital-risque fonctionnent et prennent des d\u00e9cisions d&#039;investissement. Nos solutions personnalis\u00e9es tirent parti des derni\u00e8res avanc\u00e9es en mati\u00e8re d&#039;IA et d&#039;automatisation pour rationaliser les processus, am\u00e9liorer la prise de d\u00e9cision et stimuler la croissance strat\u00e9gique. Voici comment nous pouvons vous aider\u00a0:<\/p>\n\n\n\n<ul class=\"wp-block-list\">\n<li><strong>\u00c9valuation globale des besoins\u00a0:<\/strong> We begin by thoroughly assessing your venture capital firm&#8217;s needs, goals, and existing processes. Our experts analyze your investment strategies, deal-sourcing methods, and portfolio management practices to identify areas where AI and automation can drive value and efficiency.<\/li>\n\n\n\n<li><strong>Collecte et gestion des donn\u00e9es\u00a0:<\/strong> Nous aidons \u00e0 collecter et \u00e0 organiser des donn\u00e9es pertinentes, notamment les tendances du march\u00e9, les mesures de performance des startups et les rapports financiers, pour alimenter les informations et la prise de d\u00e9cision bas\u00e9es sur l&#039;IA. Nos strat\u00e9gies de gestion des donn\u00e9es garantissent la s\u00e9curit\u00e9, l&#039;int\u00e9grit\u00e9 et l&#039;accessibilit\u00e9 de vos donn\u00e9es d&#039;investissement tout au long du processus.<\/li>\n\n\n\n<li><strong>Mise en \u0153uvre strat\u00e9gique et formation\u00a0:<\/strong> Notre \u00e9quipe fournit un soutien pratique tout au long du processus de mise en \u0153uvre, vous guidant tout au long de l\u2019int\u00e9gration des technologies d\u2019IA et d\u2019automatisation dans vos flux de travail. Nous proposons des formations et des ateliers pour perfectionner les comp\u00e9tences de votre personnel et garantir qu&#039;il puisse exploiter efficacement ces technologies pour stimuler la croissance et le succ\u00e8s.<\/li>\n\n\n\n<li><strong>Surveillance et optimisation continues\u00a0:<\/strong> Apr\u00e8s la mise en \u0153uvre, nous surveillons en permanence les performances des outils d\u2019IA et d\u2019automatisation, en effectuant les ajustements et les optimisations n\u00e9cessaires en fonction des commentaires du monde r\u00e9el et de l\u2019\u00e9volution des conditions du march\u00e9. Notre objectif est de garantir que votre soci\u00e9t\u00e9 de capital-risque reste agile, r\u00e9active et comp\u00e9titive dans le paysage dynamique d&#039;aujourd&#039;hui.<\/li>\n\n\n\n<li><strong>Conformit\u00e9 \u00e9thique et r\u00e9glementaire\u00a0:<\/strong> Nous vous aidons \u00e0 g\u00e9rer les consid\u00e9rations de confidentialit\u00e9, \u00e9thiques et r\u00e9glementaires associ\u00e9es \u00e0 l\u2019IA et \u00e0 l\u2019automatisation dans le capital-risque. Nos experts veillent \u00e0 ce que votre entreprise reste conforme aux r\u00e9glementations en mati\u00e8re de protection des donn\u00e9es et pr\u00e9serve la confiance des investisseurs tout au long du processus.<\/li>\n<\/ul>\n\n\n\n<p>Partner with <a href=\"https:\/\/www.linkedin.com\/company\/sisinternationalresearch\/posts\/?feedView=all\" target=\"_blank\" rel=\"noopener\">SIS<\/a> to unlock the full potential of venture capital automation and artificial intelligence consulting. With our strategic guidance and innovative solutions, you can gain a competitive edge, drive growth, and maximize investment returns in today&#8217;s rapidly evolving market environment.<\/p>\n\n\n\n<h2 class=\"wp-block-heading\">Notre emplacement \u00e0 New York<\/h2>\n\n\n\n<p>  <iframe loading=\"lazy\" src=\"https:\/\/www.google.com\/maps\/embed?pb=!1m18!1m12!1m3!1d3022.976188376966!2d-73.99130312499956!3d40.740549471389315!2m3!1f0!2f0!3f0!3m2!1i1024!2i768!4f13.1!3m3!1m2!1s0x89c259a15798c731%3A0xd695d09bdd495f25!2s11%20E%2022nd%20St%20FL%202%2C%20New%20York%2C%20NY%2010010%2C%20USA!5e0!3m2!1sen!2spe!4v1726171763526!5m2!1sen!2spe\" width=\"600\" height=\"450\" allowfullscreen=\"allowfullscreen\" data-mce-fragment=\"1\"><\/iframe>  <\/p>\n\n\n\n<h3 class=\"wp-block-heading\">11 E 22nd Street, \u00e9tage 2, New York, NY 10010 T\u00e9l. : +1(212) 505-6805<\/h3>\n\n\n\n<hr class=\"wp-block-separator has-alpha-channel-opacity\"\/>\n\n\n\n<h2 class=\"wp-block-heading\"><span style=\"font-weight: 400;\">\u00c0 propos de SIS International<\/span><\/h2>\n\n\n\n<p><a href=\"https:\/\/www.sisinternational.com\/fr\/\"><span style=\"font-weight: 400;\">SIS International<\/span><\/a><span style=\"font-weight: 400;\"> propose des recherches quantitatives, qualitatives et strat\u00e9giques. Nous fournissons des donn\u00e9es, des outils, des strat\u00e9gies, des rapports et des informations pour la prise de d\u00e9cision. Nous menons \u00e9galement des entretiens, des enqu\u00eates, des groupes de discussion et d\u2019autres m\u00e9thodes et approches d\u2019\u00e9tudes de march\u00e9.<\/span><a href=\"https:\/\/www.sisinternational.com\/fr\/a-propos-de-la-recherche-internationale-sis\/contact-sis-international-market-research\/\"><span style=\"font-weight: 400;\"> Contactez nous<\/span><\/a><span style=\"font-weight: 400;\"> pour votre prochain projet d&#039;\u00e9tude de march\u00e9.<\/span><\/p>","protected":false},"excerpt":{"rendered":"<p>L\u2019automatisation du capital-risque et le conseil en intelligence artificielle repr\u00e9sentent une convergence de pointe entre technologies et strat\u00e9gies d\u2019investissement.<\/p>","protected":false},"author":1,"featured_media":71814,"parent":27462,"menu_order":50,"comment_status":"closed","ping_status":"closed","template":"","meta":{"footnotes":""},"class_list":["post-45108","page","type-page","status-publish","has-post-thumbnail"],"_links":{"self":[{"href":"https:\/\/www.sisinternational.com\/fr\/wp-json\/wp\/v2\/pages\/45108","targetHints":{"allow":["GET"]}}],"collection":[{"href":"https:\/\/www.sisinternational.com\/fr\/wp-json\/wp\/v2\/pages"}],"about":[{"href":"https:\/\/www.sisinternational.com\/fr\/wp-json\/wp\/v2\/types\/page"}],"author":[{"embeddable":true,"href":"https:\/\/www.sisinternational.com\/fr\/wp-json\/wp\/v2\/users\/1"}],"replies":[{"embeddable":true,"href":"https:\/\/www.sisinternational.com\/fr\/wp-json\/wp\/v2\/comments?post=45108"}],"version-history":[{"count":15,"href":"https:\/\/www.sisinternational.com\/fr\/wp-json\/wp\/v2\/pages\/45108\/revisions"}],"predecessor-version":[{"id":81256,"href":"https:\/\/www.sisinternational.com\/fr\/wp-json\/wp\/v2\/pages\/45108\/revisions\/81256"}],"up":[{"embeddable":true,"href":"https:\/\/www.sisinternational.com\/fr\/wp-json\/wp\/v2\/pages\/27462"}],"wp:featuredmedia":[{"embeddable":true,"href":"https:\/\/www.sisinternational.com\/fr\/wp-json\/wp\/v2\/media\/71814"}],"wp:attachment":[{"href":"https:\/\/www.sisinternational.com\/fr\/wp-json\/wp\/v2\/media?parent=45108"}],"curies":[{"name":"wp","href":"https:\/\/api.w.org\/{rel}","templated":true}]}}