{"id":45099,"date":"2024-01-13T16:24:09","date_gmt":"2024-01-13T21:24:09","guid":{"rendered":"https:\/\/www.sisinternational.com\/?page_id=45099"},"modified":"2026-01-27T15:14:13","modified_gmt":"2026-01-27T20:14:13","slug":"automatisation-des-marches-de-capitaux-conseil-en-intelligence-artificielle","status":"publish","type":"page","link":"https:\/\/www.sisinternational.com\/fr\/solutions\/recherche-de-conseil-en-strategie-fintech\/automatisation-des-marches-de-capitaux-conseil-en-intelligence-artificielle\/","title":{"rendered":"Conseil en automatisation des march\u00e9s de capitaux et en intelligence artificielle"},"content":{"rendered":"<h1 class=\"wp-block-heading\">Conseil en automatisation des march\u00e9s de capitaux et en intelligence artificielle<\/h1>\n\n\n\n<figure class=\"gb-block-image gb-block-image-8b212373\"><img loading=\"lazy\" decoding=\"async\" width=\"1456\" height=\"816\" class=\"gb-image gb-image-8b212373\" src=\"https:\/\/www.sisinternational.com\/wp-content\/uploads\/2025\/10\/Debt-Capital-Markets-2.jpg\" alt=\"\u00c9tudes de march\u00e9 et strat\u00e9gie internationales SIS\" title=\"Debt Capital Markets (2)\" srcset=\"https:\/\/www.sisinternational.com\/wp-content\/uploads\/2025\/10\/Debt-Capital-Markets-2.jpg 1456w, https:\/\/www.sisinternational.com\/wp-content\/uploads\/2025\/10\/Debt-Capital-Markets-2-300x168.jpg 300w, https:\/\/www.sisinternational.com\/wp-content\/uploads\/2025\/10\/Debt-Capital-Markets-2-1024x574.jpg 1024w, https:\/\/www.sisinternational.com\/wp-content\/uploads\/2025\/10\/Debt-Capital-Markets-2-768x430.jpg 768w, https:\/\/www.sisinternational.com\/wp-content\/uploads\/2025\/10\/Debt-Capital-Markets-2-18x10.jpg 18w\" sizes=\"auto, (max-width: 1456px) 100vw, 1456px\"><\/figure>\n\n\n\n<p><\/p>\n\n\n\n<hr class=\"wp-block-separator has-alpha-channel-opacity\"\/>\n\n\n\n<p>The advent of capital markets automation and artificial intelligence consulting is redefining the landscape of investment, trading, and financial analysis. This technological evolution is not merely an enhancement but a radical reimagining of capital markets, offering unprecedented precision, efficiency, and insight.<\/p>\n\n\n\n<h2 class=\"wp-block-heading\">Pr\u00e9sentation de l&#039;automatisation des march\u00e9s de capitaux et du conseil en intelligence artificielle<\/h2>\n\n\n\n<p>Capital markets automation and artificial intelligence consulting bridge the gap between technological potential and practical application in the financial sector. Consultants with expertise in AI and capital markets can tailor new technologies and tools to suit businesses&#8217; specific needs, ensuring that they are strategically aligned with business objectives. Additionally, consultants in this field help navigate the regulatory landscape, ensuring that the implementation of these technologies adheres to all legal and ethical standards.<\/p>\n\n\n\n<h2 class=\"wp-block-heading\">Pourquoi les entreprises ont-elles besoin de conseils en mati\u00e8re d\u2019automatisation des march\u00e9s de capitaux et d\u2019intelligence artificielle\u00a0?<\/h2>\n\n\n\n<p>Since the sheer volume and complexity of data in capital markets are overwhelming. Traditional analytical methods can no longer process and interpret this information effectively. That&#8217;s why capital <a href=\"https:\/\/www.sisinternational.com\/fr\/solutions\/conseil-en-strategie\/connaissance-du-marche\/\" title=\"Connaissance du march\u00e9\"  data-wpil-monitor-id=\"6759\">markets automation and artificial intelligence<\/a> consulting assist companies in adopting the necessary computational power and sophistication to handle big data, providing businesses with deeper insights and more accurate market forecasts.<\/p>\n\n\n\n<p>Secondly, the competitive nature of capital markets demands speed and efficiency. Automated trading systems and algorithmic strategies enable businesses to execute trades at unprecedented speeds, instantly capitalising on market opportunities. This agility is a key factor in maintaining a competitive edge.<\/p>\n\n\n\n<p>Regulatory compliance is another critical area in which these technologies play a vital role. With regulations constantly evolving, automated systems can help ensure compliance by monitoring transactions and flagging any discrepancies or anomalies that could signal regulatory breaches.<\/p>\n\n\n\n<h2 class=\"wp-block-heading\">Automatisation des march\u00e9s de capitaux et conseil en intelligence artificielle : ses principaux avantages<\/h2>\n\n\n\n<figure class=\"gb-block-image gb-block-image-1294def4\"><img loading=\"lazy\" decoding=\"async\" width=\"1456\" height=\"816\" class=\"gb-image gb-image-1294def4\" src=\"https:\/\/www.sisinternational.com\/wp-content\/uploads\/2025\/10\/Capital-Markets-Automation-4.jpg\" alt=\"\u00c9tudes de march\u00e9 et strat\u00e9gie internationales SIS\" title=\"Capital Markets Automation (4)\" srcset=\"https:\/\/www.sisinternational.com\/wp-content\/uploads\/2025\/10\/Capital-Markets-Automation-4.jpg 1456w, https:\/\/www.sisinternational.com\/wp-content\/uploads\/2025\/10\/Capital-Markets-Automation-4-300x168.jpg 300w, https:\/\/www.sisinternational.com\/wp-content\/uploads\/2025\/10\/Capital-Markets-Automation-4-1024x574.jpg 1024w, https:\/\/www.sisinternational.com\/wp-content\/uploads\/2025\/10\/Capital-Markets-Automation-4-768x430.jpg 768w, https:\/\/www.sisinternational.com\/wp-content\/uploads\/2025\/10\/Capital-Markets-Automation-4-18x10.jpg 18w\" sizes=\"auto, (max-width: 1456px) 100vw, 1456px\"><\/figure>\n\n\n\n<p><\/p>\n\n\n\n<p>Capital markets <a href=\"https:\/\/www.sisinternational.com\/fr\/solutions\/ai-etudes-de-marche-et-conseil-en-strategie\/automatisation-des-flux-de-travail-conseil-en-intelligence-artificielle\/\" title=\"Conseil en automatisation des flux de travail et en intelligence artificielle\"  data-wpil-monitor-id=\"6891\">automation and artificial intelligence consulting<\/a> offer a range of significant benefits that are transforming the way businesses operate in the financial sector \u2013 and here are some of the main benefits:<\/p>\n\n\n\n<ul class=\"wp-block-list\">\n<li><strong>Analyse de march\u00e9 et prise de d\u00e9cision am\u00e9lior\u00e9es\u00a0:<\/strong> AI algorithms can analyze vast market data, identify trends, and provide predictive insights beyond human capacity. This deep analysis aids in making more informed and strategic investment decisions.<\/li>\n\n\n\n<li><strong>Gestion am\u00e9lior\u00e9e des risques\u00a0:<\/strong> Advanced AI models can more effectively identify and assess risk factors than traditional methods. They provide sophisticated risk analysis and mitigation tools, essential in managing the inherent uncertainties of capital markets.<\/li>\n\n\n\n<li><strong>Conformit\u00e9 r\u00e9glementaire am\u00e9lior\u00e9e\u00a0:<\/strong> The financial industry is highly regulated, and AI and automation can help ensure compliance with various regulatory requirements. Automated systems can monitor transactions and operations continuously, flagging potential compliance issues for further review.<\/li>\n\n\n\n<li><strong>R\u00e9duction des co\u00fbts:<\/strong> Businesses can significantly reduce operational costs by automating routine tasks and improving operational efficiency. Over time, the investment in AI and automation technologies can lead to substantial cost savings.<\/li>\n\n\n\n<li><strong>Avantage concurrentiel\u00a0:<\/strong> Embracing capital markets automation and AI consulting can give businesses a competitive edge. Leveraging advanced technologies for better decision-making, risk management, and client services sets businesses apart in the crowded financial marketplace.<\/li>\n<\/ul>\n\n\n\n<h2 class=\"wp-block-heading\">Quand faire appel \u00e0 des services de conseil en automatisation des march\u00e9s de capitaux et en intelligence artificielle<\/h2>\n\n\n\n<p>Plusieurs sc\u00e9narios sugg\u00e8rent quand une entreprise devrait envisager ce service de conseil strat\u00e9gique. Ils comprennent les \u00e9l\u00e9ments suivants\u00a0:<\/p>\n\n\n\n<ul class=\"wp-block-list\">\n<li><strong>Op\u00e9rations de mise \u00e0 l&#039;\u00e9chelle\u00a0:<\/strong> As a business grows and its operations become more complex, scalable solutions become necessary. Automation and AI can manage increased transaction volumes and complex data sets more efficiently than manual processes.<\/li>\n\n\n\n<li><strong>Pression concurrentielle\u00a0:<\/strong> If competitors leverage AI and automation to gain a market edge, it&#8217;s important to consider similar technologies to remain competitive. Staying abreast of technological advancements in capital markets is key to maintaining market relevance and leadership.<\/li>\n\n\n\n<li><strong>Objectifs d\u2019innovation et de croissance\u00a0:<\/strong> Pour les entreprises qui cherchent \u00e0 innover et \u00e0 \u00e9largir leur offre sur les march\u00e9s des capitaux, l\u2019adoption de l\u2019IA et de l\u2019automatisation peut ouvrir de nouvelles opportunit\u00e9s et de nouveaux mod\u00e8les commerciaux qui \u00e9taient auparavant inaccessibles.<\/li>\n<\/ul>\n\n\n\n<h2 class=\"wp-block-heading\">Facteurs cl\u00e9s de succ\u00e8s<\/h2>\n\n\n\n<figure class=\"gb-block-image gb-block-image-265f6748\"><img loading=\"lazy\" decoding=\"async\" width=\"1456\" height=\"816\" class=\"gb-image gb-image-265f6748\" src=\"https:\/\/www.sisinternational.com\/wp-content\/uploads\/2025\/10\/Debt-Capital-Markets-1.jpg\" alt=\"\u00c9tudes de march\u00e9 et strat\u00e9gie internationales SIS\" title=\"Debt Capital Markets (1)\" srcset=\"https:\/\/www.sisinternational.com\/wp-content\/uploads\/2025\/10\/Debt-Capital-Markets-1.jpg 1456w, https:\/\/www.sisinternational.com\/wp-content\/uploads\/2025\/10\/Debt-Capital-Markets-1-300x168.jpg 300w, https:\/\/www.sisinternational.com\/wp-content\/uploads\/2025\/10\/Debt-Capital-Markets-1-1024x574.jpg 1024w, https:\/\/www.sisinternational.com\/wp-content\/uploads\/2025\/10\/Debt-Capital-Markets-1-768x430.jpg 768w, https:\/\/www.sisinternational.com\/wp-content\/uploads\/2025\/10\/Debt-Capital-Markets-1-18x10.jpg 18w\" sizes=\"auto, (max-width: 1456px) 100vw, 1456px\"><\/figure>\n\n\n\n<p><\/p>\n\n\n\n<p>In capital markets automation and AI consulting, businesses must meet specific factors to ensure that integrating AI and automation technologies aligns with business objectives and industry standards.<\/p>\n\n\n\n<ul class=\"wp-block-list\">\n<li><strong>Gestion des risques robuste\u00a0:<\/strong> L\u2019IA et l\u2019automatisation introduisent de nouveaux types de risques, notamment technologiques et cybern\u00e9tiques. Un cadre de gestion des risques solide qui englobe ces nouveaux risques est essentiel pour le d\u00e9ploiement s\u00fbr de ces technologies.<\/li>\n\n\n\n<li><strong>Engagement et communication des parties prenantes\u00a0:<\/strong> Effective communication and engagement with all stakeholders, including leadership, employees, and clients, are crucial. Stakeholders should be informed about the changes and benefits AI and automation bring.<\/li>\n\n\n\n<li><strong>Surveillance continue et adaptation\u00a0:<\/strong> AI systems require ongoing monitoring to perform as intended. The financial market&#8217;s dynamic nature also demands regular updates and adaptations of these systems to remain practical and relevant.<\/li>\n<\/ul>\n\n\n\n<h2 class=\"wp-block-heading\">Quels sont les r\u00e9sultats attendus de l\u2019automatisation des march\u00e9s de capitaux et du conseil en intelligence artificielle ?<\/h2>\n\n\n\n<p>When businesses in the capital markets sector embark on <a href=\"https:\/\/www.sisinternational.com\/fr\/solutions\/ai-etudes-de-marche-et-conseil-en-strategie\/conseil-en-marketing-par-ia\/\" title=\"Conseil en marketing IA\"  data-wpil-monitor-id=\"5053\">automation and artificial intelligence<\/a> consulting, there are several positive outcomes they can anticipate \u2013 and here\u2019s what businesses can expect:<\/p>\n\n\n\n<ul class=\"wp-block-list\">\n<li><strong>Pr\u00e9cision accrue et erreurs r\u00e9duites\u00a0:<\/strong> L&#039;automatisation des march\u00e9s financiers et le conseil en IA r\u00e9duisent consid\u00e9rablement le risque d&#039;erreur humaine, en particulier dans les t\u00e2ches gourmandes en donn\u00e9es. Cette augmentation de la pr\u00e9cision est cruciale pour maintenir la fiabilit\u00e9 des rapports financiers et du traitement des transactions.<\/li>\n\n\n\n<li><strong>\u00c9conomies de co\u00fbts:<\/strong> Au fil du temps, les gains d\u2019efficacit\u00e9 et de productivit\u00e9 g\u00e9n\u00e9r\u00e9s par l\u2019IA et l\u2019automatisation entra\u00eenent des \u00e9conomies de co\u00fbts. Ces \u00e9conomies peuvent \u00eatre redirig\u00e9es vers d\u2019autres investissements ou innovations strat\u00e9giques.<\/li>\n\n\n\n<li><strong>Conformit\u00e9 r\u00e9glementaire\u00a0:<\/strong> Capital markets automation and AI consulting can help ensure compliance with the capital markets&#8217; complex and evolving regulatory environment. Automated compliance monitoring and reporting can significantly reduce compliance risks.<\/li>\n<\/ul>\n\n\n\n<h2 class=\"wp-block-heading\">Technologies et outils de conseil en automatisation des march\u00e9s de capitaux et en intelligence artificielle<\/h2>\n\n\n\n<p>Integrating advanced technologies and tools in capital markets automation and <a href=\"https:\/\/www.sisinternational.com\/fr\/solutions\/ai-etudes-de-marche-et-conseil-en-strategie\/conseil-en-intelligence-artificielle-en-voyage\/\" title=\"Conseil en Intelligence Artificielle en Voyage\"  data-wpil-monitor-id=\"6911\">artificial intelligence consulting<\/a> is driving significant changes in how financial markets operate. Here are some of the key technologies and tools that are currently shaping this landscape:<\/p>\n\n\n\n<ul class=\"wp-block-list\">\n<li><strong>Logiciel de gestion des risques\u00a0:<\/strong> Les solutions de gestion des risques telles que SAS Risk Management et Oracle Financial Services Analytical Applications permettent aux entreprises d&#039;\u00e9valuer et d&#039;att\u00e9nuer les risques financiers plus efficacement.<\/li>\n\n\n\n<li><strong>Technologie de r\u00e9glementation (RegTech)\u00a0:<\/strong> Des solutions telles que ComplyAdvantage et Trulioo contribuent \u00e0 garantir la conformit\u00e9 r\u00e9glementaire en surveillant les transactions et en identifiant les violations potentielles.<\/li>\n\n\n\n<li><strong>Services d&#039;informatique en nuage\u00a0:<\/strong> Les plates-formes cloud telles qu&#039;Amazon Web Services (AWS) et Microsoft Azure fournissent l&#039;infrastructure n\u00e9cessaire \u00e0 l&#039;h\u00e9bergement des applications d&#039;IA et d&#039;apprentissage automatique, offrant \u00e9volutivit\u00e9 et flexibilit\u00e9.<\/li>\n<\/ul>\n\n\n\n<h2 class=\"wp-block-heading\">Opportunit\u00e9s en mati\u00e8re d&#039;automatisation des march\u00e9s de capitaux et de conseil en intelligence artificielle pour les entreprises<\/h2>\n\n\n\n<figure class=\"gb-block-image gb-block-image-9871c02f\"><img loading=\"lazy\" decoding=\"async\" width=\"1456\" height=\"816\" class=\"gb-image gb-image-9871c02f\" src=\"https:\/\/www.sisinternational.com\/wp-content\/uploads\/2025\/10\/Debt-Capital-Markets-3.jpg\" alt=\"\u00c9tudes de march\u00e9 et strat\u00e9gie internationales SIS\" title=\"Debt Capital Markets (3)\" srcset=\"https:\/\/www.sisinternational.com\/wp-content\/uploads\/2025\/10\/Debt-Capital-Markets-3.jpg 1456w, https:\/\/www.sisinternational.com\/wp-content\/uploads\/2025\/10\/Debt-Capital-Markets-3-300x168.jpg 300w, https:\/\/www.sisinternational.com\/wp-content\/uploads\/2025\/10\/Debt-Capital-Markets-3-1024x574.jpg 1024w, https:\/\/www.sisinternational.com\/wp-content\/uploads\/2025\/10\/Debt-Capital-Markets-3-768x430.jpg 768w, https:\/\/www.sisinternational.com\/wp-content\/uploads\/2025\/10\/Debt-Capital-Markets-3-18x10.jpg 18w\" sizes=\"auto, (max-width: 1456px) 100vw, 1456px\"><\/figure>\n\n\n\n<p><\/p>\n\n\n\n<p>Capital markets <a href=\"https:\/\/www.sisinternational.com\/fr\/solutions\/ai-etudes-de-marche-et-conseil-en-strategie\/conseil-en-intelligence-artificielle-pour-lautomatisation-des-restaurants\/\" title=\"Conseil en automatisation de restaurant et intelligence artificielle\"  data-wpil-monitor-id=\"7238\">automation and artificial intelligence consulting<\/a> offer many opportunities for businesses operating in the financial sector \u2013 and here are some key opportunities that businesses can capitalize on:<\/p>\n\n\n\n<ul class=\"wp-block-list\">\n<li><strong>Conformit\u00e9 r\u00e9glementaire am\u00e9lior\u00e9e\u00a0:<\/strong> L&#039;automatisation des march\u00e9s financiers et le conseil en IA offrent des solutions robustes pour la conformit\u00e9 r\u00e9glementaire. La surveillance et le reporting automatis\u00e9s peuvent r\u00e9duire consid\u00e9rablement le risque de violations de la r\u00e9glementation et les co\u00fbts associ\u00e9s.<\/li>\n\n\n\n<li><strong>L&#039;expansion du march\u00e9:<\/strong> L&#039;automatisation des march\u00e9s financiers et le conseil en IA peuvent aider les entreprises \u00e0 \u00e9tendre plus efficacement leurs services sur de nouveaux march\u00e9s, en surmontant les obstacles traditionnels tels que la conformit\u00e9 locale et la compr\u00e9hension du march\u00e9.<\/li>\n\n\n\n<li><strong>Produits et services financiers innovants\u00a0:<\/strong> AI and automation enable the development of innovative financial products and services, meeting the evolving needs of a diverse client base.<\/li>\n<\/ul>\n\n\n\n<h2 class=\"wp-block-heading\">Solutions SIS\u00a0: conseil en automatisation des march\u00e9s de capitaux et en intelligence artificielle<\/h2>\n\n\n\n<p>Nous fournissons une analyse de march\u00e9 am\u00e9lior\u00e9e, une gestion des risques am\u00e9lior\u00e9e, une conformit\u00e9 r\u00e9glementaire, une r\u00e9duction des co\u00fbts et un avantage concurrentiel. Nos chercheurs effectuent des analyses strat\u00e9giques pour transformer les informations en informations exploitables, en tenant compte de l\u2019automatisation des march\u00e9s de capitaux et de l\u2019intelligence artificielle avec une vue compl\u00e8te du march\u00e9. Notre objectif va au-del\u00e0 des donn\u00e9es pour fournir des solutions sur mesure aux clients.<\/p>\n\n\n\n<ul class=\"wp-block-list\">\n<li>Alignement strat\u00e9gique avec les objectifs de l&#039;entreprise<\/li>\n\n\n\n<li>Naviguer dans le paysage r\u00e9glementaire<\/li>\n\n\n\n<li>Prise de d\u00e9cision am\u00e9lior\u00e9e gr\u00e2ce \u00e0 l\u2019IA<\/li>\n\n\n\n<li>Mod\u00e8les avanc\u00e9s de gestion des risques<\/li>\n\n\n\n<li>Conformit\u00e9 aux exigences r\u00e9glementaires<\/li>\n\n\n\n<li>Efficacit\u00e9 op\u00e9rationnelle et r\u00e9duction des co\u00fbts<\/li>\n\n\n\n<li>Avantage comp\u00e9titif gr\u00e2ce \u00e0 la technologie<\/li>\n<\/ul>\n\n\n\n<p>Nos relations avec des sp\u00e9cialistes du secteur au cours des trois derni\u00e8res d\u00e9cennies permettent \u00e0 SIS de se plonger en profondeur dans l&#039;automatisation des march\u00e9s de capitaux et l&#039;IA, en tirant parti de notre pr\u00e9sence et de notre expertise mondiales.<\/p>\n\n\n\n<h2 class=\"wp-block-heading\">Notre emplacement \u00e0 New York<\/h2>\n\n\n\n<p>  <iframe loading=\"lazy\" src=\"https:\/\/www.google.com\/maps\/embed?pb=!1m18!1m12!1m3!1d3022.976188376966!2d-73.99130312499956!3d40.740549471389315!2m3!1f0!2f0!3f0!3m2!1i1024!2i768!4f13.1!3m3!1m2!1s0x89c259a15798c731%3A0xd695d09bdd495f25!2s11%20E%2022nd%20St%20FL%202%2C%20New%20York%2C%20NY%2010010%2C%20USA!5e0!3m2!1sen!2spe!4v1726171763526!5m2!1sen!2spe\" width=\"600\" height=\"450\" allowfullscreen=\"allowfullscreen\" data-mce-fragment=\"1\"><\/iframe>  <\/p>\n\n\n\n<h3 class=\"wp-block-heading\">11 E 22nd Street, \u00e9tage 2, New York, NY 10010 T\u00e9l. : +1(212) 505-6805<\/h3>\n\n\n\n<hr class=\"wp-block-separator has-alpha-channel-opacity\"\/>\n\n\n\n<h2 class=\"wp-block-heading\"><span style=\"font-weight: 400;\">\u00c0 propos de SIS International<\/span><\/h2>\n\n\n\n<p><a href=\"https:\/\/www.sisinternational.com\/fr\/\"><span style=\"font-weight: 400;\">SIS International<\/span><\/a><span style=\"font-weight: 400;\"> propose des recherches quantitatives, qualitatives et strat\u00e9giques. Nous fournissons des donn\u00e9es, des outils, des strat\u00e9gies, des rapports et des informations pour la prise de d\u00e9cision. Nous menons \u00e9galement des entretiens, des enqu\u00eates, des groupes de discussion et d\u2019autres m\u00e9thodes et approches d\u2019\u00e9tudes de march\u00e9.<\/span><a href=\"https:\/\/www.sisinternational.com\/fr\/a-propos-de-la-recherche-internationale-sis\/contact-sis-international-market-research\/\"><span style=\"font-weight: 400;\"> Contactez nous<\/span><\/a><span style=\"font-weight: 400;\"> pour votre prochain projet d&#039;\u00e9tude de march\u00e9.<\/span><\/p>","protected":false},"excerpt":{"rendered":"<p>L\u2019automatisation des march\u00e9s de capitaux et le conseil en intelligence artificielle relient le potentiel technologique et les applications pratiques dans les secteurs financiers.<\/p>","protected":false},"author":1,"featured_media":71742,"parent":27462,"menu_order":49,"comment_status":"closed","ping_status":"closed","template":"","meta":{"footnotes":""},"class_list":["post-45099","page","type-page","status-publish","has-post-thumbnail"],"_links":{"self":[{"href":"https:\/\/www.sisinternational.com\/fr\/wp-json\/wp\/v2\/pages\/45099","targetHints":{"allow":["GET"]}}],"collection":[{"href":"https:\/\/www.sisinternational.com\/fr\/wp-json\/wp\/v2\/pages"}],"about":[{"href":"https:\/\/www.sisinternational.com\/fr\/wp-json\/wp\/v2\/types\/page"}],"author":[{"embeddable":true,"href":"https:\/\/www.sisinternational.com\/fr\/wp-json\/wp\/v2\/users\/1"}],"replies":[{"embeddable":true,"href":"https:\/\/www.sisinternational.com\/fr\/wp-json\/wp\/v2\/comments?post=45099"}],"version-history":[{"count":12,"href":"https:\/\/www.sisinternational.com\/fr\/wp-json\/wp\/v2\/pages\/45099\/revisions"}],"predecessor-version":[{"id":80886,"href":"https:\/\/www.sisinternational.com\/fr\/wp-json\/wp\/v2\/pages\/45099\/revisions\/80886"}],"up":[{"embeddable":true,"href":"https:\/\/www.sisinternational.com\/fr\/wp-json\/wp\/v2\/pages\/27462"}],"wp:featuredmedia":[{"embeddable":true,"href":"https:\/\/www.sisinternational.com\/fr\/wp-json\/wp\/v2\/media\/71742"}],"wp:attachment":[{"href":"https:\/\/www.sisinternational.com\/fr\/wp-json\/wp\/v2\/media?parent=45099"}],"curies":[{"name":"wp","href":"https:\/\/api.w.org\/{rel}","templated":true}]}}