{"id":45076,"date":"2024-01-13T14:33:32","date_gmt":"2024-01-13T19:33:32","guid":{"rendered":"https:\/\/www.sisinternational.com\/?page_id=45076"},"modified":"2026-02-18T12:24:39","modified_gmt":"2026-02-18T17:24:39","slug":"cabinet-de-conseil-en-strategie-de-croissance","status":"publish","type":"page","link":"https:\/\/www.sisinternational.com\/fr\/solutions\/ai-etudes-de-marche-et-conseil-en-strategie\/cabinet-de-conseil-en-strategie-de-croissance\/","title":{"rendered":"Cabinet de Conseil en Strat\u00e9gie de Croissance"},"content":{"rendered":"<h1 class=\"wp-block-heading\">Cabinet de Conseil en Strat\u00e9gie de Croissance<\/h1>\n\n\n\n<figure class=\"gb-block-image gb-block-image-3f1cc0ec\"><img loading=\"lazy\" decoding=\"async\" width=\"1456\" height=\"816\" class=\"gb-image gb-image-3f1cc0ec\" src=\"https:\/\/www.sisinternational.com\/wp-content\/uploads\/2025\/10\/AI-Sentiment-2.jpg\" alt=\"\u00c9tudes de march\u00e9 et strat\u00e9gie internationales SIS\" title=\"AI Sentiment (2)\" srcset=\"https:\/\/www.sisinternational.com\/wp-content\/uploads\/2025\/10\/AI-Sentiment-2.jpg 1456w, https:\/\/www.sisinternational.com\/wp-content\/uploads\/2025\/10\/AI-Sentiment-2-300x168.jpg 300w, https:\/\/www.sisinternational.com\/wp-content\/uploads\/2025\/10\/AI-Sentiment-2-1024x574.jpg 1024w, https:\/\/www.sisinternational.com\/wp-content\/uploads\/2025\/10\/AI-Sentiment-2-768x430.jpg 768w, https:\/\/www.sisinternational.com\/wp-content\/uploads\/2025\/10\/AI-Sentiment-2-18x10.jpg 18w\" sizes=\"auto, (max-width: 1456px) 100vw, 1456px\"><\/figure>\n\n\n\n<p><\/p>\n\n\n\n<p>Dans un monde o\u00f9 le changement est la seule constante, les entreprises recherchent de plus en plus de moyens de prosp\u00e9rer. C&#039;est pourquoi les cabinets de conseil en strat\u00e9gie de croissance sont devenus des alli\u00e9s essentiels dans cette qu\u00eate, offrant des informations et des conseils qui peuvent transformer la trajectoire d&#039;une entreprise. Qu&#039;est-ce que cela signifie exactement? Comment un partenariat avec une telle entreprise peut-il conduire au succ\u00e8s ?<\/p>\n\n\n\n<h2 class=\"wp-block-heading\">Qu\u2019est-ce qu\u2019un cabinet de conseil en strat\u00e9gie de croissance ?<\/h2>\n\n\n\n<p>A growth <a title=\"Client Retention Strategies in Law Firms&nbsp;&nbsp;\" href=\"https:\/\/www.sisinternational.com\/fr\/solutions\/legal-market-research\/client-retention-strategies-in-law-firms\/\" data-wpil-monitor-id=\"923\">strategy consulting firm<\/a> specializes in assisting businesses in identifying, developing, and implementing strategies to drive growth. Unlike generalist consulting firms, these entities focus on the specific challenges and opportunities associated with expanding a business&#8217;s market share, revenue, and overall presence in its industry.<\/p>\n\n\n\n<p>Ces entreprises analysent la position actuelle d&#039;une entreprise, son march\u00e9, ses concurrents et ses domaines d&#039;expansion potentiels. Ils apportent \u00e9galement une nouvelle perspective externe \u00e0 une entreprise, ce qui est souvent crucial pour identifier des opportunit\u00e9s ou des d\u00e9fis qui peuvent ne pas \u00eatre apparents d&#039;un point de vue interne.<\/p>\n\n\n\n<h2 class=\"wp-block-heading\">Pourquoi les entreprises ont besoin de l&#039;aide d&#039;un cabinet de conseil en strat\u00e9gie de croissance<\/h2>\n\n\n\n<p>These firms empower businesses to keep pace with market changes, carving out new opportunities for expansion and success. Today, markets are interconnected and influenced by global trends, technological advancements, and shifting consumer preferences. For this reason, a growth <a title=\"Cabinet d&#039;\u00e9valuation de strat\u00e9gie d&#039;entreprise de premier plan\" href=\"https:\/\/www.sisinternational.com\/fr\/cabinet-devaluation-de-strategie-dentreprise-de-premier-plan\/\" data-wpil-monitor-id=\"1501\">strategy consulting firm<\/a> provides the necessary expertise to decipher these complexities, offering insights that help businesses make informed decisions.<\/p>\n\n\n\n<p><a title=\"Conseil en croissance\" href=\"https:\/\/www.sisinternational.com\/fr\/solutions\/croissance-mondiale\/conseil-en-croissance\/\" data-wpil-monitor-id=\"6399\">Growth strategy consultants<\/a> are particularly helpful at uncovering new avenues for expansion &#8211; whether it&#8217;s exploring new market segments, geographic regions, or product lines. Their external perspective and analytical tools enable them to spot opportunities that a business might overlook.<\/p>\n\n\n\n<p>De plus, ces entreprises aident les entreprises \u00e0 comprendre et \u00e0 att\u00e9nuer les risques associ\u00e9s aux strat\u00e9gies de croissance, garantissant ainsi une approche \u00e9quilibr\u00e9e pour rechercher de nouvelles opportunit\u00e9s. Cependant, faire appel \u00e0 un cabinet de conseil apporte une multitude d\u2019avantages \u00e0 une entreprise, notamment :<\/p>\n\n\n\n<ul class=\"wp-block-list\">\n<li><strong>Perspective objective et impartiale\u00a0:<\/strong> Un cabinet de conseil apporte une perspective nouvelle et impartiale, essentielle pour identifier le potentiel inexploit\u00e9 et remettre en question les hypoth\u00e8ses existantes.<\/li>\n\n\n\n<li><strong>Optimisation des ressources\u00a0:<\/strong> Un cabinet de conseil en strat\u00e9gie de croissance contribue \u00e0 garantir que les ressources d\u2019une entreprise sont allou\u00e9es efficacement. Ils pr\u00e9cisent o\u00f9 et comment investir les ressources pour un impact maximal sur la croissance.<\/li>\n\n\n\n<li><strong>Cr\u00e9er de la valeur \u00e0 long terme\u00a0:<\/strong> L\u2019avantage ultime d\u2019un cabinet de conseil en strat\u00e9gie de croissance est d\u2019aider les entreprises \u00e0 cr\u00e9er de la valeur \u00e0 long terme. Gr\u00e2ce \u00e0 une croissance strat\u00e9gique, les entreprises peuvent augmenter durablement leurs revenus et leur rentabilit\u00e9, am\u00e9liorant ainsi leur position sur le march\u00e9 et leur valeur actionnariale au fil du temps.<\/li>\n<\/ul>\n\n\n\n<h2 class=\"wp-block-heading\">En quoi un cabinet de conseil en strat\u00e9gie de croissance est-il diff\u00e9rent d\u2019un cabinet d\u2019\u00e9tudes de march\u00e9 traditionnel ?<\/h2>\n\n\n\n<p>Un cabinet de conseil en strat\u00e9gie de croissance se concentre sur le d\u00e9veloppement de strat\u00e9gies concr\u00e8tes qui contribuent directement \u00e0 la croissance et \u00e0 l\u2019expansion d\u2019une entreprise. Ces strat\u00e9gies peuvent impliquer de p\u00e9n\u00e9trer de nouveaux march\u00e9s, de lancer de nouveaux produits, d&#039;optimiser les op\u00e9rations ou de restructurer l&#039;organisation. D\u2019un autre c\u00f4t\u00e9, une soci\u00e9t\u00e9 d\u2019\u00e9tudes de march\u00e9 traditionnelle met l\u2019accent sur la collecte et l\u2019analyse de donn\u00e9es li\u00e9es aux conditions du march\u00e9, aux comportements des consommateurs et aux activit\u00e9s des concurrents.<\/p>\n\n\n\n<p>Croissance <a title=\"Conseil en strat\u00e9gie de planification de sc\u00e9narios\" href=\"https:\/\/www.sisinternational.com\/fr\/solutions\/conseil-en-strategie\/planification-dun-scenario\/\" data-wpil-monitor-id=\"6780\">strategy consulting firms deliver strategic plans<\/a>, roadmaps for growth, and actionable recommendations. They might also include implementation support and performance monitoring frameworks. Traditional market research firms provide reports, statistical analyses, and insights about the market or customer base. These findings help businesses understand their environment but do not directly prescribe strategies for growth.<\/p>\n\n\n\n<h2 class=\"wp-block-heading\">Quelles technologies et outils un cabinet de conseil en strat\u00e9gie de croissance utilise-t-il ?<\/h2>\n\n\n\n<p>Les soci\u00e9t\u00e9s de conseil en strat\u00e9gie de croissance utilisent une vari\u00e9t\u00e9 de technologies et d&#039;outils pour analyser les donn\u00e9es, g\u00e9rer des projets, communiquer avec les clients et rationaliser les op\u00e9rations. Voici quelques outils sp\u00e9cifiques souvent utilis\u00e9s dans cette industrie\u00a0:<\/p>\n\n\n\n<ul class=\"wp-block-list\">\n<li><strong>Qualtrics\u00a0:<\/strong> Un outil de gestion de l&#039;exp\u00e9rience, comprenant des enqu\u00eates aupr\u00e8s des clients et des employ\u00e9s.<\/li>\n\n\n\n<li><strong>Microsoft Power BI\u00a0:<\/strong> Une suite d&#039;outils d&#039;analyse pour analyser les donn\u00e9es et partager des informations.<\/li>\n\n\n\n<li><strong>QuickBooks\u00a0:<\/strong> Largement utilis\u00e9 pour la comptabilit\u00e9, la facturation et les rapports financiers.<\/li>\n\n\n\n<li><strong>Microsoft Azure\u00a0:<\/strong> Service de cloud computing pour la cr\u00e9ation, le test, le d\u00e9ploiement et la gestion d&#039;applications.<\/li>\n<\/ul>\n\n\n\n<h2 class=\"wp-block-heading\">Que peuvent attendre les entreprises d\u2019un cabinet de conseil en strat\u00e9gie de croissance ?<\/h2>\n\n\n\n<p>En s&#039;associant \u00e0 un cabinet de conseil, les entreprises peuvent s&#039;attendre \u00e0 une s\u00e9rie d&#039;avantages importants menant \u00e0 la croissance du march\u00e9, tels que\u00a0:<\/p>\n\n\n\n<ul class=\"wp-block-list\">\n<li><strong>Analyse du march\u00e9 et identification des opportunit\u00e9s\u00a0:<\/strong> L&#039;entreprise entreprend une analyse approfondie du march\u00e9, notamment en \u00e9tudiant les tendances du secteur, les strat\u00e9gies des concurrents et les pr\u00e9f\u00e9rences des clients. Sur la base de cette analyse, ils identifient des opportunit\u00e9s potentielles de croissance, telles que de nouveaux march\u00e9s, segments de client\u00e8le ou innovations de produits.<\/li>\n\n\n\n<li><strong>Recommandations et solutions concr\u00e8tes\u00a0:<\/strong> Le cabinet de conseil fournit des recommandations concr\u00e8tes adapt\u00e9es au contexte unique de l&#039;entreprise. Celles-ci peuvent inclure des strat\u00e9gies d\u2019entr\u00e9e sur le march\u00e9, de d\u00e9veloppement de produits, de transformation num\u00e9rique ou d\u2019am\u00e9liorations op\u00e9rationnelles.<\/li>\n\n\n\n<li><strong>Soutien et conseils pour la mise en \u0153uvre\u00a0:<\/strong> Un aspect important du r\u00f4le d\u2019un cabinet de conseil en strat\u00e9gie de croissance consiste \u00e0 soutenir la mise en \u0153uvre des strat\u00e9gies recommand\u00e9es. Cela peut impliquer de conseiller sur les changements op\u00e9rationnels, d\u2019aider \u00e0 la cr\u00e9ation de nouvelles unit\u00e9s commerciales ou de guider les efforts de transformation num\u00e9rique.<\/li>\n\n\n\n<li><strong>Mesure du rendement et am\u00e9lioration continue\u00a0:<\/strong> Un cabinet de conseil en strat\u00e9gie de croissance \u00e9tablit \u00e9galement des mesures et des indicateurs de performance cl\u00e9s (KPI) pour mesurer le succ\u00e8s des strat\u00e9gies de croissance. Ils aident \u00e0 surveiller en permanence les performances et \u00e0 apporter les ajustements n\u00e9cessaires pour garantir une am\u00e9lioration continue et un alignement avec les objectifs.<\/li>\n\n\n\n<li><strong>Renforcement des capacit\u00e9s et transfert de connaissances\u00a0:<\/strong> Ces entreprises se concentrent sur le renforcement des capacit\u00e9s internes de l\u2019entreprise. Ils proposent souvent des formations et des ateliers pour perfectionner les comp\u00e9tences du personnel de l&#039;entreprise, garantissant ainsi que l&#039;entreprise peut maintenir et d\u00e9velopper ses strat\u00e9gies de croissance de mani\u00e8re ind\u00e9pendante.<\/li>\n<\/ul>\n\n\n\n<h2 class=\"wp-block-heading\">Cabinet de Conseil en Strat\u00e9gie de Croissance et Opportunit\u00e9s pour les Entreprises<\/h2>\n\n\n\n<p>Un partenariat avec un cabinet de conseil ouvre une myriade d\u2019opportunit\u00e9s aux entreprises. Ces opportunit\u00e9s g\u00e9n\u00e8rent une croissance imm\u00e9diate et contribuent \u00e0 positionner l\u2019entreprise pour un succ\u00e8s et une adaptabilit\u00e9 \u00e0 long terme dans un paysage de march\u00e9 en constante \u00e9volution.<\/p>\n\n\n\n<ul class=\"wp-block-list\">\n<li><strong>Diversification des produits et services :<\/strong> Les consultants en strat\u00e9gie de croissance aident les entreprises \u00e0 explorer et \u00e0 r\u00e9aliser des opportunit\u00e9s de diversification de leurs offres. Cette diversification pourrait impliquer le d\u00e9veloppement de nouveaux produits, l\u2019ajout de services ou l\u2019entr\u00e9e sur de nouveaux segments de march\u00e9, r\u00e9duisant ainsi les risques et augmentant les flux de revenus.<\/li>\n\n\n\n<li><strong>Expansion sur de nouveaux march\u00e9s\u00a0:<\/strong> Gr\u00e2ce \u00e0 l&#039;expertise d&#039;un cabinet de conseil en strat\u00e9gie de croissance, les entreprises peuvent identifier et p\u00e9n\u00e9trer strat\u00e9giquement de nouveaux march\u00e9s g\u00e9ographiques ou d\u00e9mographiques.<\/li>\n\n\n\n<li><strong>Construire un mod\u00e8le \u00e9conomique durable\u00a0:<\/strong> Les consultants aident les entreprises \u00e0 d\u00e9velopper des strat\u00e9gies de croissance durables \u00e0 long terme. Cela comprend des conseils sur les pratiques respectueuses de l&#039;environnement, l&#039;utilisation durable des ressources et les initiatives de responsabilit\u00e9 sociale des entreprises, en alignant l&#039;entreprise sur les valeurs et les attentes mondiales contemporaines.<\/li>\n\n\n\n<li><strong>Adopter la transformation num\u00e9rique\u00a0:<\/strong> In an increasingly digital world, growth strategy <a title=\"Conseil en strat\u00e9gie de rupture num\u00e9rique\" data-wpil-monitor-id=\"2577\" href=\"https:\/\/www.sisinternational.com\/fr\/conseil-en-strategie-de-disruption-numerique\/\">consulting firms<\/a> guide businesses in embracing digital transformation. This could include digital marketing strategies, adopting new technologies like AI and IoT, or digitizing operations for improved efficiency.<\/li>\n\n\n\n<li><strong>Favoriser l\u2019innovation et la cr\u00e9ativit\u00e9\u00a0:<\/strong> Ces entreprises encouragent une culture d\u2019innovation et de cr\u00e9ativit\u00e9, essentielle \u00e0 la croissance et \u00e0 l\u2019adaptation continues. Ils apportent de nouvelles perspectives et remettent en question la pens\u00e9e conventionnelle, stimulant de nouvelles id\u00e9es et approches au sein de l&#039;entreprise.<\/li>\n<\/ul>\n\n\n\n<h2 class=\"wp-block-heading\">SIS Solutions : Cabinet de Conseil en Strat\u00e9gie de Croissance<\/h2>\n\n\n\n<p>At SIS, we specialize in providing comprehensive growth <a title=\"Strat\u00e9gies de d\u00e9veloppement durable des entreprises\u00a0: une \u00e9tude de cas Siemens\" href=\"https:\/\/www.sisinternational.com\/fr\/strategies-de-developpement-durable-dentreprise-une-etude-de-cas-siemens\/\" data-wpil-monitor-id=\"7496\">conseil en strat\u00e9gie<\/a> services to help businesses navigate the complexities of today&#8217;s ever-changing market landscape and drive sustainable growth. Our tailored solutions combine strategic insights, market analysis, and actionable recommendations to position your business for success. Here&#8217;s how we can help:<\/p>\n\n\n\n<ul class=\"wp-block-list\">\n<li><strong>Analyse strat\u00e9gique et identification des opportunit\u00e9s\u00a0:<\/strong> Nos consultants effectuent des analyses de march\u00e9 approfondies pour identifier les tendances \u00e9mergentes, les strat\u00e9gies des concurrents et les pr\u00e9f\u00e9rences des clients. Nous aidons \u00e0 d\u00e9couvrir de nouvelles opportunit\u00e9s de croissance, qu&#039;il s&#039;agisse d&#039;expansion sur de nouveaux march\u00e9s, de diversification des offres de produits ou d&#039;optimisation des op\u00e9rations existantes.<\/li>\n\n\n\n<li><strong>Recommandations et solutions concr\u00e8tes\u00a0:<\/strong> Nous fournissons des recommandations concr\u00e8tes adapt\u00e9es au contexte et aux objectifs uniques de votre entreprise. Ces recommandations peuvent inclure des strat\u00e9gies d\u2019entr\u00e9e sur le march\u00e9, de d\u00e9veloppement de produits, de transformation num\u00e9rique ou d\u2019am\u00e9liorations op\u00e9rationnelles, toutes visant \u00e0 g\u00e9n\u00e9rer une croissance durable et un avantage concurrentiel.<\/li>\n\n\n\n<li><strong>Soutien et conseils pour la mise en \u0153uvre\u00a0:<\/strong> Nous offrons un soutien pratique tout au long du processus de mise en \u0153uvre, vous aidant \u00e0 traduire les recommandations strat\u00e9giques en actions tangibles. Qu&#039;il s&#039;agisse de cr\u00e9er de nouvelles unit\u00e9s commerciales, de repenser les processus ou d&#039;adopter de nouvelles technologies, nous vous guidons \u00e0 chaque \u00e9tape du processus pour garantir une ex\u00e9cution r\u00e9ussie.<\/li>\n\n\n\n<li><strong>Mesure du rendement et am\u00e9lioration continue\u00a0:<\/strong> Nous \u00e9tablissons des mesures et des indicateurs cl\u00e9s de performance (KPI) pour mesurer le succ\u00e8s de vos strat\u00e9gies de croissance. Notre \u00e9quipe surveille en permanence les performances et fournit un soutien continu pour apporter les ajustements n\u00e9cessaires et favoriser une am\u00e9lioration continue.<\/li>\n\n\n\n<li><strong>Renforcement des capacit\u00e9s et transfert de connaissances\u00a0:<\/strong> Nous nous concentrons sur le renforcement des capacit\u00e9s internes de votre organisation, en proposant des formations et des ateliers pour perfectionner les comp\u00e9tences de votre personnel et garantir la durabilit\u00e9 des initiatives de croissance. Nous permettons \u00e0 votre \u00e9quipe de s\u2019approprier les strat\u00e9gies de croissance et de g\u00e9n\u00e9rer un succ\u00e8s \u00e0 long terme.<\/li>\n\n\n\n<li><strong>Opportunit\u00e9s de diversification et d\u2019expansion\u00a0:<\/strong> Nous aidons les entreprises \u00e0 explorer les opportunit\u00e9s de diversification de leurs produits et services, de conqu\u00e9rir de nouveaux march\u00e9s et de cr\u00e9er des mod\u00e8les commerciaux durables. Notre objectif est de vous aider \u00e0 d\u00e9bloquer de nouvelles sources de revenus et \u00e0 r\u00e9duire les risques tout en positionnant votre entreprise pour un succ\u00e8s \u00e0 long terme.<\/li>\n<\/ul>\n\n\n\n<p>Associez-vous \u00e0 SIS pour d\u00e9bloquer de nouvelles opportunit\u00e9s de croissance et positionner votre entreprise pour un succ\u00e8s \u00e0 long terme dans l&#039;environnement de march\u00e9 dynamique d&#039;aujourd&#039;hui. Gr\u00e2ce \u00e0 nos conseils strat\u00e9giques et \u00e0 nos solutions concr\u00e8tes, vous pouvez surmonter l\u2019incertitude en toute confiance et g\u00e9n\u00e9rer une croissance durable qui g\u00e9n\u00e8re une valeur durable.<\/p>","protected":false},"excerpt":{"rendered":"<p>Une soci\u00e9t\u00e9 de conseil en strat\u00e9gie de croissance aide les industries \u00e0 identifier, d\u00e9velopper et mettre en \u0153uvre des strat\u00e9gies pour accro\u00eetre leur part de march\u00e9, leurs revenus et leur pr\u00e9sence.<\/p>","protected":false},"author":1,"featured_media":71614,"parent":44406,"menu_order":35,"comment_status":"closed","ping_status":"closed","template":"","meta":{"footnotes":""},"class_list":["post-45076","page","type-page","status-publish","has-post-thumbnail"],"_links":{"self":[{"href":"https:\/\/www.sisinternational.com\/fr\/wp-json\/wp\/v2\/pages\/45076","targetHints":{"allow":["GET"]}}],"collection":[{"href":"https:\/\/www.sisinternational.com\/fr\/wp-json\/wp\/v2\/pages"}],"about":[{"href":"https:\/\/www.sisinternational.com\/fr\/wp-json\/wp\/v2\/types\/page"}],"author":[{"embeddable":true,"href":"https:\/\/www.sisinternational.com\/fr\/wp-json\/wp\/v2\/users\/1"}],"replies":[{"embeddable":true,"href":"https:\/\/www.sisinternational.com\/fr\/wp-json\/wp\/v2\/comments?post=45076"}],"version-history":[{"count":11,"href":"https:\/\/www.sisinternational.com\/fr\/wp-json\/wp\/v2\/pages\/45076\/revisions"}],"predecessor-version":[{"id":82982,"href":"https:\/\/www.sisinternational.com\/fr\/wp-json\/wp\/v2\/pages\/45076\/revisions\/82982"}],"up":[{"embeddable":true,"href":"https:\/\/www.sisinternational.com\/fr\/wp-json\/wp\/v2\/pages\/44406"}],"wp:featuredmedia":[{"embeddable":true,"href":"https:\/\/www.sisinternational.com\/fr\/wp-json\/wp\/v2\/media\/71614"}],"wp:attachment":[{"href":"https:\/\/www.sisinternational.com\/fr\/wp-json\/wp\/v2\/media?parent=45076"}],"curies":[{"name":"wp","href":"https:\/\/api.w.org\/{rel}","templated":true}]}}