{"id":44820,"date":"2024-01-07T21:20:45","date_gmt":"2024-01-08T02:20:45","guid":{"rendered":"https:\/\/www.sisinternational.com\/?page_id=44820"},"modified":"2026-01-27T16:53:36","modified_gmt":"2026-01-27T21:53:36","slug":"conseil-en-cartographie-des-opportunites-de-produits-de-marche","status":"publish","type":"page","link":"https:\/\/www.sisinternational.com\/fr\/solutions\/conseil-en-strategie\/conseil-en-cartographie-des-opportunites-de-produits-de-marche\/","title":{"rendered":"Conseil en cartographie des opportunit\u00e9s de march\u00e9 et de produits"},"content":{"rendered":"<h1 class=\"wp-block-heading\">Conseil en cartographie des opportunit\u00e9s de march\u00e9 et de produits<\/h1>\n\n\n\n<figure class=\"gb-block-image gb-block-image-239b85f7\"><img loading=\"lazy\" decoding=\"async\" width=\"1456\" height=\"816\" class=\"gb-image gb-image-239b85f7\" src=\"https:\/\/www.sisinternational.com\/wp-content\/uploads\/2025\/10\/Market-and-Product-Opportunity-4.jpg\" alt=\"\u00c9tudes de march\u00e9 et strat\u00e9gie internationales SIS\" title=\"Market and Product Opportunity (4)\" srcset=\"https:\/\/www.sisinternational.com\/wp-content\/uploads\/2025\/10\/Market-and-Product-Opportunity-4.jpg 1456w, https:\/\/www.sisinternational.com\/wp-content\/uploads\/2025\/10\/Market-and-Product-Opportunity-4-300x168.jpg 300w, https:\/\/www.sisinternational.com\/wp-content\/uploads\/2025\/10\/Market-and-Product-Opportunity-4-1024x574.jpg 1024w, https:\/\/www.sisinternational.com\/wp-content\/uploads\/2025\/10\/Market-and-Product-Opportunity-4-768x430.jpg 768w, https:\/\/www.sisinternational.com\/wp-content\/uploads\/2025\/10\/Market-and-Product-Opportunity-4-18x10.jpg 18w\" sizes=\"auto, (max-width: 1456px) 100vw, 1456px\"><\/figure>\n\n\n\n<p><\/p>\n\n\n\n<p>Dans le paysage commercial actuel en \u00e9volution rapide, identifier et capitaliser sur les opportunit\u00e9s de march\u00e9 et de produits n&#039;est pas seulement un avantage \u2013 c&#039;est une n\u00e9cessit\u00e9\u2026 Et le conseil en cartographie des opportunit\u00e9s de march\u00e9 et de produits est une strat\u00e9gie essentielle pour les entreprises qui souhaitent garder une longueur d&#039;avance.<\/p>\n\n\n\n<h2 class=\"wp-block-heading\">Qu\u2019est-ce que le conseil en cartographie des opportunit\u00e9s de march\u00e9 et de produits ?<\/h2>\n\n\n\n<p>Le conseil en cartographie des opportunit\u00e9s de march\u00e9 et de produits aide les entreprises \u00e0 identifier, analyser et capitaliser sur de nouvelles opportunit\u00e9s de march\u00e9 et de produits. Il analyse les tendances du march\u00e9, les pr\u00e9f\u00e9rences des clients, les paysages concurrentiels et les domaines potentiels d&#039;innovation de produits.<\/p>\n\n\n\n<p>Basically, <a href=\"https:\/\/www.sisinternational.com\/fr\/competence\/les-industries\/etude-de-marche-sur-les-cartes-thermiques\/\" title=\"\u00c9tude de march\u00e9 sur les cartes thermiques\"  data-wpil-monitor-id=\"7666\">market and product opportunity mapping<\/a> consulting is about uncovering hidden potential. Consultants use a variety of tools and methodologies, including data analysis, market segmentation, and predictive modeling, to provide a detailed map of where a business could grow and work closely with businesses to understand their unique strengths and challenges, tailoring their advice to help each client make the most of the opportunities identified.<\/p>\n\n\n\n<h2 class=\"wp-block-heading\">Pourquoi les entreprises ont besoin de conseils en cartographie des opportunit\u00e9s de march\u00e9 et de produits<\/h2>\n\n\n\n<p>Market and product opportunity mapping consulting helps businesses anticipate and adapt to market trends before they become tangible, offering a significant competitive advantage. This <a href=\"https:\/\/www.sisinternational.com\/fr\/solutions\/conseil-en-strategie\/\" title=\"Conseil en strat\u00e9gie\"  data-wpil-monitor-id=\"9532\">consulting tailors strategies<\/a> to fit these specific needs, ensuring that the opportunities identified are both relevant and achievable.<\/p>\n\n\n\n<p>De plus, cette approche garantit que les investissements dans le d\u00e9veloppement de produits, le marketing et d\u2019autres domaines sont r\u00e9alis\u00e9s dans les segments les plus prometteurs et les plus rentables. Par cons\u00e9quent, le conseil en cartographie des opportunit\u00e9s de march\u00e9 et de produits fournit les informations n\u00e9cessaires pour garder une longueur d\u2019avance sur les concurrents.<\/p>\n\n\n\n<h2 class=\"wp-block-heading\">Comment mener des consultations en mati\u00e8re de cartographie des opportunit\u00e9s de march\u00e9 et de produits<\/h2>\n\n\n\n<p>La r\u00e9alisation de conseils en cartographie des opportunit\u00e9s de march\u00e9 et de produits implique une s\u00e9rie d\u2019\u00e9tapes syst\u00e9matiques con\u00e7ues pour d\u00e9couvrir et exploiter de nouvelles opportunit\u00e9s de march\u00e9 et de produits. Voici un aper\u00e7u de la fa\u00e7on dont ce processus se d\u00e9roule g\u00e9n\u00e9ralement\u00a0:<\/p>\n\n\n\n<ul class=\"wp-block-list\">\n<li><strong>Collecte et analyse des donn\u00e9es\u00a0:<\/strong> La base de tout exercice de cartographie des opportunit\u00e9s de march\u00e9 et de produits repose sur les donn\u00e9es. Cela inclut les donn\u00e9es de march\u00e9, les donn\u00e9es d\u00e9mographiques des clients, l\u2019analyse des concurrents et les tendances actuelles du secteur.<\/li>\n\n\n\n<li><strong>Segmentation du march\u00e9\u00a0:<\/strong> Cela implique de diviser le march\u00e9 en fonction de divers crit\u00e8res tels que les donn\u00e9es d\u00e9mographiques, psychographiques et le comportement d&#039;achat, afin d&#039;identifier des groupes sp\u00e9cifiques pr\u00e9sentant des opportunit\u00e9s uniques.<\/li>\n\n\n\n<li><a href=\"https:\/\/www.sisinternational.com\/fr\/societe-de-surveillance-des-principales-tendances-du-marche-b2b\/\" title=\"Entreprise de surveillance des principales tendances du march\u00e9 B2B\"  data-wpil-monitor-id=\"9530\">Trend Analysis: This step involves analyzing market<\/a> trends, technological advancements, and socioeconomic factors that could impact the business landscape.<\/li>\n\n\n\n<li><strong>Identification des opportunit\u00e9s\u00a0:<\/strong> Avec les donn\u00e9es et les tendances \u00e0 port\u00e9e de main, l\u2019\u00e9tape suivante consiste \u00e0 identifier les opportunit\u00e9s potentielles de march\u00e9 et de produits. Cela pourrait impliquer de trouver des lacunes sur le march\u00e9, des besoins mal satisfaits des clients ou des domaines dans lesquels les concurrents ne sont pas actifs.<\/li>\n\n\n\n<li><strong>\u00c9valuation de la faisabilit\u00e9:<\/strong> Une \u00e9valuation de faisabilit\u00e9 est men\u00e9e pour \u00e9valuer le caract\u00e8re pratique et la rentabilit\u00e9 potentielle de chaque opportunit\u00e9 identifi\u00e9e, en tenant compte de facteurs tels que la taille du march\u00e9, la croissance potentielle et les besoins en ressources.<\/li>\n\n\n\n<li><strong>Strat\u00e9gie de d\u00e9veloppement:<\/strong> Sur la base de l&#039;\u00e9valuation de faisabilit\u00e9, une strat\u00e9gie sur mesure est formul\u00e9e pour chaque opportunit\u00e9 viable. Cette strat\u00e9gie comprend des plans d&#039;action sur le d\u00e9veloppement de produits, les approches marketing, l&#039;allocation des ressources et les d\u00e9lais.<\/li>\n\n\n\n<li><strong>Planification de la mise en \u0153uvre\u00a0:<\/strong> La derni\u00e8re \u00e9tape consiste \u00e0 convertir la strat\u00e9gie en un plan d\u2019action. Cela implique de fixer des objectifs clairs, de d\u00e9finir des indicateurs de performance cl\u00e9s (KPI) et d&#039;\u00e9tablir une feuille de route pour l&#039;ex\u00e9cution.<\/li>\n\n\n\n<li><strong>Surveillance continue et adaptation\u00a0:<\/strong> Le <a href=\"https:\/\/www.sisinternational.com\/fr\/global-beverage-market\/\" title=\"Global Beverage Market: Market Dynamics, Growth Projections &amp; Consumer Insights\"  data-wpil-monitor-id=\"9531\">market is dynamic<\/a>, and strategies may need adjustment. Continuous monitoring of market responses, competitor moves, and internal performance against set KPIs is essential for adapting and refining strategies.<\/li>\n<\/ul>\n\n\n\n<h2 class=\"wp-block-heading\">En quoi le conseil en cartographie des opportunit\u00e9s de march\u00e9 et de produits diff\u00e8re-t-il des \u00e9tudes de march\u00e9 traditionnelles\u00a0?<\/h2>\n\n\n\n<figure class=\"gb-block-image gb-block-image-6859a6cb\"><img loading=\"lazy\" decoding=\"async\" width=\"1456\" height=\"816\" class=\"gb-image gb-image-6859a6cb\" src=\"https:\/\/www.sisinternational.com\/wp-content\/uploads\/2025\/10\/Market-and-Product-Opportunity-1.jpg\" alt=\"\u00c9tudes de march\u00e9 et strat\u00e9gie internationales SIS\" title=\"Market and Product Opportunity (1)\" srcset=\"https:\/\/www.sisinternational.com\/wp-content\/uploads\/2025\/10\/Market-and-Product-Opportunity-1.jpg 1456w, https:\/\/www.sisinternational.com\/wp-content\/uploads\/2025\/10\/Market-and-Product-Opportunity-1-300x168.jpg 300w, https:\/\/www.sisinternational.com\/wp-content\/uploads\/2025\/10\/Market-and-Product-Opportunity-1-1024x574.jpg 1024w, https:\/\/www.sisinternational.com\/wp-content\/uploads\/2025\/10\/Market-and-Product-Opportunity-1-768x430.jpg 768w, https:\/\/www.sisinternational.com\/wp-content\/uploads\/2025\/10\/Market-and-Product-Opportunity-1-18x10.jpg 18w\" sizes=\"auto, (max-width: 1456px) 100vw, 1456px\"><\/figure>\n\n\n\n<p><\/p>\n\n\n\n<p>Traditional <a href=\"https:\/\/www.sisinternational.com\/fr\/solutions\/etude-de-marche-en-groupe-de-discussion\/\" title=\"\u00c9tude de march\u00e9 par groupe de discussion\"  data-wpil-monitor-id=\"9527\">market research primarily focuses<\/a> on understanding the current market landscape, customer behaviors, and preferences. It is often retrospective, analyzing existing data to gain insights. In contrast, market and product opportunity mapping consulting is more forward-looking. It not only analyzes current data but also anticipates <a href=\"https:\/\/www.sisinternational.com\/fr\/tendances-futures-des-etudes-de-marche-qualitatives\/\" title=\"Tendances futures en mati\u00e8re d&#039;\u00e9tudes de march\u00e9 qualitatives\"  data-wpil-monitor-id=\"9526\">future market trends<\/a> and uncovers untapped opportunities, offering a roadmap for future growth.<\/p>\n\n\n\n<p>Alors que les \u00e9tudes de march\u00e9 traditionnelles peuvent fournir une compr\u00e9hension globale du march\u00e9, la cartographie des opportunit\u00e9s va plus loin. Cela implique une analyse plus d\u00e9taill\u00e9e des segments de march\u00e9, des domaines de croissance potentiels et des paysages concurrentiels. Cette profondeur permet une compr\u00e9hension plus nuanc\u00e9e des domaines dans lesquels une entreprise peut trouver de nouvelles opportunit\u00e9s de croissance et de diff\u00e9renciation.<\/p>\n\n\n\n<p>Furthermore, opportunity mapping consulting places a strong emphasis on innovation and future trends. It seeks to identify emerging trends and areas where a business can innovate, either in its product offerings or market approach. Traditional <a href=\"https:\/\/www.sisinternational.com\/fr\/couverture\/leurope-%ef%83%97\/etude-de-marche-liverpool-royaume-uni\/\" title=\"\u00c9tude de march\u00e9 \u00e0 Liverpool | Groupes de discussion et collecte de donn\u00e9es au Royaume-Uni\"  data-wpil-monitor-id=\"9528\">market research may not necessarily focus<\/a> on these forward-thinking aspects.<\/p>\n\n\n\n<h2 class=\"wp-block-heading\">Facteurs cl\u00e9s de succ\u00e8s dans le conseil en cartographie des opportunit\u00e9s de march\u00e9 et de produits<\/h2>\n\n\n\n<p>To effectively leverage market and product opportunity mapping consulting, businesses must meet certain <a href=\"https:\/\/www.sisinternational.com\/fr\/facteurs-cles-de-succes-dans-les-etudes-de-marche-automobile\/\" title=\"Facteurs cl\u00e9s de succ\u00e8s dans les \u00e9tudes de march\u00e9 automobile\"  data-wpil-monitor-id=\"9525\">key success factors<\/a> \u2013 and here are some of the main factors to consider:<\/p>\n\n\n\n<ul class=\"wp-block-list\">\n<li><strong>Analyse compl\u00e8te des donn\u00e9es\u00a0:<\/strong> La base d\u2019une cartographie efficace des opportunit\u00e9s est une analyse solide des donn\u00e9es. Cela inclut non seulement des donn\u00e9es quantitatives, mais \u00e9galement des informations qualitatives, garantissant une compr\u00e9hension globale du march\u00e9, des concurrents et du comportement des consommateurs.<\/li>\n\n\n\n<li><strong>Pens\u00e9e cr\u00e9ative:<\/strong> La capacit\u00e9 de sortir des sentiers battus est cruciale. Les entreprises doivent \u00eatre ouvertes \u00e0 l\u2019exploration de march\u00e9s non conventionnels, de nouvelles id\u00e9es de produits et de strat\u00e9gies innovantes qui ne correspondent peut-\u00eatre pas aux normes traditionnelles de l\u2019industrie mais promettent un plus grand potentiel de croissance.<\/li>\n\n\n\n<li><strong>Adaptabilit\u00e9:<\/strong> Les march\u00e9s sont dynamiques et les strat\u00e9gies devront peut-\u00eatre \u00e9voluer. Le succ\u00e8s de la cartographie des opportunit\u00e9s d\u00e9pend de la capacit\u00e9 \u00e0 adapter les strat\u00e9gies en fonction des retours continus du march\u00e9 et des conditions changeantes.<\/li>\n\n\n\n<li><strong>Mise en \u0153uvre efficace\u00a0: je<\/strong>identifier les opportunit\u00e9s ne repr\u00e9sente que la moiti\u00e9 de la bataille ; l\u2019autre moiti\u00e9 est une ex\u00e9cution efficace. Cela n\u00e9cessite des plans de mise en \u0153uvre clairs, une allocation ad\u00e9quate des ressources et une gestion de projet efficace.<\/li>\n\n\n\n<li><strong>Surveillance et apprentissage continus\u00a0:<\/strong> Le march\u00e9 et les pr\u00e9f\u00e9rences des consommateurs \u00e9voluent constamment. Une surveillance continue et une volont\u00e9 d\u2019apprendre et d\u2019ajuster les strat\u00e9gies sont essentielles au succ\u00e8s \u00e0 long terme.<\/li>\n<\/ul>\n\n\n\n<h2 class=\"wp-block-heading\">Que peuvent attendre les entreprises du conseil en cartographie des opportunit\u00e9s de march\u00e9 et de produits\u00a0?<\/h2>\n\n\n\n<p>When engaging in market and product opportunity mapping consulting, businesses can expect a comprehensive process that leads to <a href=\"https:\/\/www.sisinternational.com\/fr\/b2b\/\" title=\"Cost-Effective and Actionable Insights to Drive Your Next Strategic Move\"  data-wpil-monitor-id=\"9529\">actionable insights and strategic<\/a> guidance. Here\u2019s what to anticipate during this consulting journey:<\/p>\n\n\n\n<ul class=\"wp-block-list\">\n<li><strong>Identification des opportunit\u00e9s\u00a0:<\/strong> Les consultants identifieront les opportunit\u00e9s potentielles de march\u00e9 et de produits. Cela peut inclure de nouveaux segments de march\u00e9, des tendances \u00e9mergentes, des domaines dans lesquels les concurrents sont sous-performants ou des lacunes du march\u00e9 que votre produit ou service peut combler.<\/li>\n\n\n\n<li><strong>Recommandations strat\u00e9giques personnalis\u00e9es\u00a0:<\/strong> Sur la base de l&#039;analyse, les entreprises recevront des recommandations personnalis\u00e9es. Ces strat\u00e9gies seront align\u00e9es sur vos objectifs et capacit\u00e9s commerciales, garantissant que les opportunit\u00e9s identifi\u00e9es sont \u00e0 la fois viables et utiles pour votre contexte sp\u00e9cifique.<\/li>\n\n\n\n<li><strong>Feuille de route exploitable\u00a0:<\/strong> Au-del\u00e0 des conseils strat\u00e9giques, les entreprises recevront une feuille de route exploitable. Cela comprend des \u00e9tapes sp\u00e9cifiques, des d\u00e9lais et des KPI pour guider votre entreprise dans la capitalisation de ces opportunit\u00e9s.<\/li>\n<\/ul>\n\n\n\n<h2 class=\"wp-block-heading\">Opportunit\u00e9s et d\u00e9fis du conseil en cartographie des opportunit\u00e9s de march\u00e9 et de produits<\/h2>\n\n\n\n<figure class=\"gb-block-image gb-block-image-4de2205a\"><img loading=\"lazy\" decoding=\"async\" width=\"1456\" height=\"816\" class=\"gb-image gb-image-4de2205a\" src=\"https:\/\/www.sisinternational.com\/wp-content\/uploads\/2025\/10\/Market-and-Product-Opportunity-3.jpg\" alt=\"\u00c9tudes de march\u00e9 et strat\u00e9gie internationales SIS\" title=\"Market and Product Opportunity (3)\" srcset=\"https:\/\/www.sisinternational.com\/wp-content\/uploads\/2025\/10\/Market-and-Product-Opportunity-3.jpg 1456w, https:\/\/www.sisinternational.com\/wp-content\/uploads\/2025\/10\/Market-and-Product-Opportunity-3-300x168.jpg 300w, https:\/\/www.sisinternational.com\/wp-content\/uploads\/2025\/10\/Market-and-Product-Opportunity-3-1024x574.jpg 1024w, https:\/\/www.sisinternational.com\/wp-content\/uploads\/2025\/10\/Market-and-Product-Opportunity-3-768x430.jpg 768w, https:\/\/www.sisinternational.com\/wp-content\/uploads\/2025\/10\/Market-and-Product-Opportunity-3-18x10.jpg 18w\" sizes=\"auto, (max-width: 1456px) 100vw, 1456px\"><\/figure>\n\n\n\n<p><\/p>\n\n\n\n<p>S&#039;engager dans le conseil en cartographie des opportunit\u00e9s de march\u00e9 et de produits pr\u00e9sente une gamme d&#039;opportunit\u00e9s et de d\u00e9fis que les entreprises doivent surmonter. Les comprendre peut aider \u00e0 maximiser les avantages tout en g\u00e9rant efficacement les obstacles potentiels.<\/p>\n\n\n\n<h3 class=\"wp-block-heading\">Opportunit\u00e9s<\/h3>\n\n\n\n<ul class=\"wp-block-list\">\n<li><strong>Acc\u00e8s \u00e0 des march\u00e9s inexploit\u00e9s\u00a0:<\/strong> L\u2019une des plus grandes opportunit\u00e9s r\u00e9side dans la d\u00e9couverte de nouveaux march\u00e9s inexploit\u00e9s que les concurrents n\u2019ont peut-\u00eatre pas encore explor\u00e9s.<\/li>\n\n\n\n<li><strong>Innovation et diversification\u00a0:<\/strong> Ce conseil conduit souvent \u00e0 l&#039;innovation dans les produits et services, permettant aux entreprises de diversifier leurs offres et de r\u00e9duire leur d\u00e9pendance \u00e0 l&#039;\u00e9gard d&#039;une seule gamme de produits ou d&#039;un seul march\u00e9.<\/li>\n\n\n\n<li><strong>Prise de d\u00e9cision bas\u00e9e sur les donn\u00e9es\u00a0:<\/strong> L&#039;accent mis sur l&#039;analyse des donn\u00e9es aide les entreprises \u00e0 prendre des d\u00e9cisions \u00e9clair\u00e9es et fond\u00e9es sur des preuves, r\u00e9duisant ainsi le recours aux conjectures ou aux m\u00e9thodes obsol\u00e8tes.<\/li>\n<\/ul>\n\n\n\n<h3 class=\"wp-block-heading\">D\u00e9fis<\/h3>\n\n\n\n<ul class=\"wp-block-list\">\n<li><strong>Surcharge de donn\u00e9es\u00a0:<\/strong> Avec la grande quantit\u00e9 de donn\u00e9es disponibles, l\u2019un des d\u00e9fis consiste \u00e0 filtrer le bruit et \u00e0 se concentrer sur les informations pertinentes.<\/li>\n\n\n\n<li><strong>Changements rapides du march\u00e9\u00a0:<\/strong> La nature dynamique des march\u00e9s modernes signifie que les opportunit\u00e9s peuvent rapidement \u00e9voluer ou dispara\u00eetre, ce qui n\u00e9cessite une vigilance et une adaptabilit\u00e9 constantes.<\/li>\n\n\n\n<li><strong>Se tenir au courant de la technologie\u00a0:<\/strong> Dans un monde ax\u00e9 sur la technologie, il est crucial de se tenir au courant des derni\u00e8res avanc\u00e9es technologiques et de comprendre leur impact sur votre march\u00e9.<\/li>\n<\/ul>\n\n\n\n<p><\/p>","protected":false},"excerpt":{"rendered":"<p>Le conseil en cartographie des opportunit\u00e9s de march\u00e9 et de produits aide les entreprises \u00e0 identifier, analyser et capitaliser sur de nouvelles opportunit\u00e9s de march\u00e9 et de produits.<\/p>","protected":false},"author":1,"featured_media":71998,"parent":14567,"menu_order":31,"comment_status":"closed","ping_status":"closed","template":"","meta":{"footnotes":""},"class_list":["post-44820","page","type-page","status-publish","has-post-thumbnail"],"_links":{"self":[{"href":"https:\/\/www.sisinternational.com\/fr\/wp-json\/wp\/v2\/pages\/44820","targetHints":{"allow":["GET"]}}],"collection":[{"href":"https:\/\/www.sisinternational.com\/fr\/wp-json\/wp\/v2\/pages"}],"about":[{"href":"https:\/\/www.sisinternational.com\/fr\/wp-json\/wp\/v2\/types\/page"}],"author":[{"embeddable":true,"href":"https:\/\/www.sisinternational.com\/fr\/wp-json\/wp\/v2\/users\/1"}],"replies":[{"embeddable":true,"href":"https:\/\/www.sisinternational.com\/fr\/wp-json\/wp\/v2\/comments?post=44820"}],"version-history":[{"count":5,"href":"https:\/\/www.sisinternational.com\/fr\/wp-json\/wp\/v2\/pages\/44820\/revisions"}],"predecessor-version":[{"id":81589,"href":"https:\/\/www.sisinternational.com\/fr\/wp-json\/wp\/v2\/pages\/44820\/revisions\/81589"}],"up":[{"embeddable":true,"href":"https:\/\/www.sisinternational.com\/fr\/wp-json\/wp\/v2\/pages\/14567"}],"wp:featuredmedia":[{"embeddable":true,"href":"https:\/\/www.sisinternational.com\/fr\/wp-json\/wp\/v2\/media\/71998"}],"wp:attachment":[{"href":"https:\/\/www.sisinternational.com\/fr\/wp-json\/wp\/v2\/media?parent=44820"}],"curies":[{"name":"wp","href":"https:\/\/api.w.org\/{rel}","templated":true}]}}