{"id":44812,"date":"2024-01-07T20:54:24","date_gmt":"2024-01-08T01:54:24","guid":{"rendered":"https:\/\/www.sisinternational.com\/?page_id=44812"},"modified":"2026-01-26T18:08:39","modified_gmt":"2026-01-26T23:08:39","slug":"conseil-en-execution-de-developpement-de-strategie","status":"publish","type":"page","link":"https:\/\/www.sisinternational.com\/fr\/solutions\/conseil-en-strategie\/conseil-en-execution-de-developpement-de-strategie\/","title":{"rendered":"Conseil en d\u00e9veloppement et ex\u00e9cution de strat\u00e9gies"},"content":{"rendered":"<h1 class=\"wp-block-heading\">Conseil en d\u00e9veloppement et ex\u00e9cution de strat\u00e9gies<\/h1>\n\n\n\n<figure class=\"gb-block-image gb-block-image-af8d1563\"><img loading=\"lazy\" decoding=\"async\" width=\"1456\" height=\"816\" class=\"gb-image gb-image-af8d1563\" src=\"https:\/\/www.sisinternational.com\/wp-content\/uploads\/2025\/10\/Strategy-Development-2.jpg\" alt=\"\u00c9tudes de march\u00e9 et strat\u00e9gie internationales SIS\" title=\"Strategy Development (2)\" srcset=\"https:\/\/www.sisinternational.com\/wp-content\/uploads\/2025\/10\/Strategy-Development-2.jpg 1456w, https:\/\/www.sisinternational.com\/wp-content\/uploads\/2025\/10\/Strategy-Development-2-300x168.jpg 300w, https:\/\/www.sisinternational.com\/wp-content\/uploads\/2025\/10\/Strategy-Development-2-1024x574.jpg 1024w, https:\/\/www.sisinternational.com\/wp-content\/uploads\/2025\/10\/Strategy-Development-2-768x430.jpg 768w, https:\/\/www.sisinternational.com\/wp-content\/uploads\/2025\/10\/Strategy-Development-2-18x10.jpg 18w\" sizes=\"auto, (max-width: 1456px) 100vw, 1456px\"><\/figure>\n\n\n\n<p><\/p>\n\n\n\n<p>Alors que les entreprises \u00e9voluent dans un paysage en constante \u00e9volution, marqu\u00e9 par les avanc\u00e9es technologiques et les pressions concurrentielles, la n\u00e9cessit\u00e9 d\u2019une strat\u00e9gie bien con\u00e7ue et ex\u00e9cut\u00e9e efficacement devient primordiale. C&#039;est pourquoi le conseil en d\u00e9veloppement et en ex\u00e9cution de strat\u00e9gies garantit que chaque \u00e9tape franchie constitue un pas en avant vers l&#039;atteinte de ses objectifs et la r\u00e9alisation de sa vision.<\/p>\n\n\n\n<h2 class=\"wp-block-heading\">Comprendre le r\u00f4le du conseil en d\u00e9veloppement et en ex\u00e9cution de strat\u00e9gies pour les entreprises mondiales<\/h2>\n\n\n\n<p>Le conseil en d\u00e9veloppement et en ex\u00e9cution de strat\u00e9gies aide les entreprises \u00e0 cr\u00e9er, mettre en \u0153uvre et g\u00e9rer leurs plans strat\u00e9giques. Ce type de conseil est essentiel pour garantir que la vision strat\u00e9gique d&#039;une entreprise est bien d\u00e9finie et se traduit par des \u00e9tapes concr\u00e8tes et des r\u00e9sultats mesurables.<\/p>\n\n\n\n<p>The process begins with an in-depth analysis of the company\u2019s current position, including its strengths, weaknesses, market opportunities, and potential threats. This assessment forms the foundation for <a href=\"https:\/\/www.sisinternational.com\/fr\/developper-des-bases-de-donnees-dinformation-internationales-mon-article-de-1990\/\" title=\"D\u00e9velopper des bases de donn\u00e9es d&#039;information internationales\u00a0: Ruth Stanat en 1990\"  data-wpil-monitor-id=\"2206\">developing a robust strategy<\/a> that aligns with the company&#8217;s overall objectives and resources. Once the strategy is formulated, the focus shifts to execution. It involves breaking down the strategic plan into achievable goals, outlining clear timelines, and assigning responsibilities.<\/p>\n\n\n\n<h3 class=\"wp-block-heading\">Pourquoi est-ce si important ?<\/h3>\n\n\n\n<p>Strat\u00e9gie <a href=\"https:\/\/www.sisinternational.com\/fr\/solutions\/conseil-en-tourisme-de-voyage-et-en-hotellerie\/conseil-en-developpement-touristique\/\" title=\"Conseil en d\u00e9veloppement touristique\"  data-wpil-monitor-id=\"3804\">development and execution consulting<\/a> involves a deep understanding of a company&#8217;s core vision, mission, and objectives. It helps businesses thrive, identify potential risks in their strategic plans, and develop mitigation strategies.<\/p>\n\n\n\n<p>Cela remet \u00e9galement en question le statu quo, stimule l\u2019innovation et favorise une culture d\u2019am\u00e9lioration continue, garantissant ainsi que l\u2019organisation s\u2019adapte et se d\u00e9veloppe.<\/p>\n\n\n\n<h2 class=\"wp-block-heading\">Facteurs cl\u00e9s de succ\u00e8s dans le conseil en mati\u00e8re de d\u00e9veloppement et d\u2019ex\u00e9cution de strat\u00e9gies pour les entreprises mondiales<\/h2>\n\n\n\n<p>Il existe certains facteurs fondamentaux pour guider les entreprises dans le processus complexe de transformation des visions strat\u00e9giques en r\u00e9sultats tangibles. Voici un aper\u00e7u d\u00e9taill\u00e9 de ces facteurs cl\u00e9s de succ\u00e8s\u00a0:<\/p>\n\n\n\n<ul class=\"wp-block-list\">\n<li><strong>Compr\u00e9hension claire des buts et objectifs commerciaux\u00a0:<\/strong> Le fondement d\u2019un d\u00e9veloppement strat\u00e9gique efficace repose sur une compr\u00e9hension claire et compl\u00e8te des buts et objectifs de l\u2019entreprise. Cette clart\u00e9 aide \u00e0 aligner la strat\u00e9gie sur la vision et la mission globales de l\u2019entreprise.<\/li>\n\n\n\n<li><strong>Analyse approfondie du march\u00e9 et de l\u2019industrie\u00a0:<\/strong> L\u2019\u00e9laboration d\u2019une strat\u00e9gie r\u00e9ussie n\u00e9cessite une analyse approfondie du march\u00e9 et du secteur, y compris les tendances, la concurrence et les risques potentiels. Cette analyse garantit que la strat\u00e9gie est ancr\u00e9e dans la r\u00e9alit\u00e9 et r\u00e9pond aux facteurs externes.<\/li>\n\n\n\n<li><strong>Alignement dans toute l\u2019organisation\u00a0:<\/strong> Pour qu\u2019une strat\u00e9gie soit ex\u00e9cut\u00e9e avec succ\u00e8s, elle doit \u00eatre adopt\u00e9e et comprise \u00e0 tous les niveaux de l\u2019organisation. Cela n\u00e9cessite une communication efficace et un alignement de la strat\u00e9gie avec les diff\u00e9rents d\u00e9partements et \u00e9quipes de l&#039;entreprise.<\/li>\n\n\n\n<li><strong>Planification r\u00e9aliste et flexible\u00a0:<\/strong> S&#039;il est important d&#039;avoir un plan solide, il est tout aussi essentiel qu&#039;il soit r\u00e9aliste et flexible. La capacit\u00e9 de s\u2019adapter \u00e0 des circonstances changeantes et de pivoter si n\u00e9cessaire est la cl\u00e9 d\u2019une ex\u00e9cution r\u00e9ussie de la strat\u00e9gie.<\/li>\n\n\n\n<li><strong>Leadership et engagement forts\u00a0:<\/strong> Un leadership fort et engag\u00e9 est essentiel pour faire avancer la strat\u00e9gie. Les dirigeants doivent non seulement d\u00e9fendre la strat\u00e9gie, mais \u00e9galement motiver et guider leurs \u00e9quipes tout au long du processus d&#039;ex\u00e9cution.<\/li>\n<\/ul>\n\n\n\n<h2 class=\"wp-block-heading\">Impact du conseil en d\u00e9veloppement et ex\u00e9cution de strat\u00e9gies sur les entreprises mondiales<\/h2>\n\n\n\n<figure class=\"gb-block-image gb-block-image-345efe57\"><img loading=\"lazy\" decoding=\"async\" width=\"1456\" height=\"816\" class=\"gb-image gb-image-345efe57\" src=\"https:\/\/www.sisinternational.com\/wp-content\/uploads\/2025\/10\/Strategy-Development-3.jpg\" alt=\"\u00c9tudes de march\u00e9 et strat\u00e9gie internationales SIS\" title=\"Strategy Development (3)\" srcset=\"https:\/\/www.sisinternational.com\/wp-content\/uploads\/2025\/10\/Strategy-Development-3.jpg 1456w, https:\/\/www.sisinternational.com\/wp-content\/uploads\/2025\/10\/Strategy-Development-3-300x168.jpg 300w, https:\/\/www.sisinternational.com\/wp-content\/uploads\/2025\/10\/Strategy-Development-3-1024x574.jpg 1024w, https:\/\/www.sisinternational.com\/wp-content\/uploads\/2025\/10\/Strategy-Development-3-768x430.jpg 768w, https:\/\/www.sisinternational.com\/wp-content\/uploads\/2025\/10\/Strategy-Development-3-18x10.jpg 18w\" sizes=\"auto, (max-width: 1456px) 100vw, 1456px\"><\/figure>\n\n\n\n<p><\/p>\n\n\n\n<p>Lorsqu&#039;une entreprise s&#039;engage dans des services de conseil en mati\u00e8re de d\u00e9veloppement et d&#039;ex\u00e9cution de strat\u00e9gie, il est important de bien comprendre ce qu&#039;elle peut attendre de ce processus. Cette clart\u00e9 permet de fixer des objectifs r\u00e9alistes et de tirer parti efficacement de l\u2019expertise des consultants.<\/p>\n\n\n\n<ul class=\"wp-block-list\">\n<li><strong>Formulation d&#039;une strat\u00e9gie globale\u00a0:<\/strong> Les entreprises peuvent s&#039;attendre \u00e0 un processus approfondi dans lequel les consultants travaillent en \u00e9troite collaboration avec l&#039;entreprise pour comprendre sa vision, ses objectifs et ses d\u00e9fis. Cela implique une analyse approfondie et des s\u00e9ances de brainstorming pour formuler une strat\u00e9gie globale qui correspond aux objectifs de l&#039;entreprise.<\/li>\n\n\n\n<li><strong>Plans personnalis\u00e9s et r\u00e9alisables\u00a0:<\/strong> The strategy developed will be customized to the specific needs and context of the business. <a href=\"https:\/\/www.sisinternational.com\/fr\/solutions\/conseil-en-strategie\/planification-dun-scenario\/\" title=\"Conseil en strat\u00e9gie de planification de sc\u00e9narios\"  data-wpil-monitor-id=\"6782\">Strategy development and execution consulting<\/a> will provide actionable plans with clear steps and milestones, ensuring that the strategy is not just theoretical but practically implementable.<\/li>\n\n\n\n<li><strong>Prise en charge de la gestion du changement\u00a0:<\/strong> La mise en \u0153uvre d&#039;une nouvelle strat\u00e9gie n\u00e9cessite souvent des changements \u00e0 diff\u00e9rents niveaux de l&#039;organisation. Les consultants apporteront leur soutien pour g\u00e9rer ces changements, surmonter les r\u00e9sistances et assurer une transition en douceur.<\/li>\n\n\n\n<li><strong>Surveillance et commentaires r\u00e9guliers\u00a0:<\/strong> Attendez-vous \u00e0 un suivi continu de l\u2019ex\u00e9cution de la strat\u00e9gie. Les consultants suivront les progr\u00e8s, fourniront des commentaires et sugg\u00e9reront des ajustements pour garantir que la strat\u00e9gie reste sur la bonne voie et est efficace.<\/li>\n\n\n\n<li><strong>D\u00e9veloppement des comp\u00e9tences et formation\u00a0:<\/strong> Le conseil en d\u00e9veloppement et en ex\u00e9cution de strat\u00e9gie propose souvent une formation et un d\u00e9veloppement des comp\u00e9tences \u00e0 l\u2019\u00e9quipe afin de la doter des outils et des connaissances n\u00e9cessaires pour ex\u00e9cuter efficacement la strat\u00e9gie.<\/li>\n<\/ul>\n\n\n\n<h2 class=\"wp-block-heading\">Technologies et outils de d\u00e9veloppement et d&#039;ex\u00e9cution de strat\u00e9gies<\/h2>\n\n\n\n<p>Dans le domaine du conseil en d\u00e9veloppement et en ex\u00e9cution de strat\u00e9gies, il est crucial de tirer parti des technologies et des outils appropri\u00e9s pour une planification, une mise en \u0153uvre et un suivi efficaces des initiatives strat\u00e9giques. Ces technologies et outils am\u00e9liorent l\u2019efficacit\u00e9, fournissent des informations pr\u00e9cieuses et facilitent une meilleure prise de d\u00e9cision.<\/p>\n\n\n\n<ul class=\"wp-block-list\">\n<li><strong>Logiciels d&#039;analyse de donn\u00e9es et de business intelligence\u00a0:<\/strong> Des outils tels que Tableau, Power BI et Google Analytics jouent un r\u00f4le central dans le conseil en strat\u00e9gie. Ils aident \u00e0 analyser les tendances du march\u00e9, le comportement des clients et les mesures de performances internes, fournissant ainsi des informations cruciales bas\u00e9es sur les donn\u00e9es pour la prise de d\u00e9cision strat\u00e9gique.<\/li>\n\n\n\n<li><strong>Outils de gestion de projet\u00a0:<\/strong> Des logiciels comme Asana, Trello et Microsoft Project sont essentiels pour planifier, suivre et g\u00e9rer les diff\u00e9rentes t\u00e2ches et activit\u00e9s impliqu\u00e9es dans l&#039;ex\u00e9cution de la strat\u00e9gie. Ils contribuent \u00e0 garantir que toutes les initiatives strat\u00e9giques sont sur la bonne voie et align\u00e9es sur les d\u00e9lais et les objectifs fix\u00e9s.<\/li>\n\n\n\n<li><strong>Logiciel de gestion financi\u00e8re\u00a0:<\/strong> Des outils tels que QuickBooks et Xero aident \u00e0 la budg\u00e9tisation, aux pr\u00e9visions et \u00e0 la planification financi\u00e8re, qui font partie int\u00e9grante de l&#039;ex\u00e9cution strat\u00e9gique, en particulier pour les strat\u00e9gies ayant des objectifs financiers.<\/li>\n\n\n\n<li><strong>Syst\u00e8mes de planification des ressources d&#039;entreprise (ERP)\u00a0:<\/strong> Les syst\u00e8mes ERP tels que SAP et Oracle ERP sont essentiels pour int\u00e9grer divers processus m\u00e9tier, fournir une vue globale des performances de l&#039;organisation et faciliter un meilleur alignement strat\u00e9gique.<\/li>\n\n\n\n<li><strong>Services d&#039;informatique en nuage\u00a0:<\/strong> Les plateformes cloud comme AWS, Google Cloud et Microsoft Azure offrent des ressources \u00e9volutives et flexibles pour stocker et traiter de grandes quantit\u00e9s de donn\u00e9es, essentielles \u00e0 l&#039;analyse strat\u00e9gique et \u00e0 la prise de d\u00e9cision.<\/li>\n<\/ul>\n\n\n\n<h2 class=\"wp-block-heading\">Opportunit\u00e9s et d\u00e9fis dans le conseil en d\u00e9veloppement et ex\u00e9cution de strat\u00e9gies<\/h2>\n\n\n\n<p>Le domaine du conseil en d\u00e9veloppement et en ex\u00e9cution de strat\u00e9gies pr\u00e9sente une myriade d&#039;opportunit\u00e9s (et quelques d\u00e9fis \u00e9galement) pour les entreprises qui cherchent \u00e0 naviguer dans les complexit\u00e9s du march\u00e9 actuel et \u00e0 se positionner pour r\u00e9ussir demain. Voici un aper\u00e7u de certaines des principales opportunit\u00e9s et d\u00e9fis dans ce domaine\u00a0:<\/p>\n\n\n\n<h3 class=\"wp-block-heading\">Opportunit\u00e9s<\/h3>\n\n\n\n<figure class=\"gb-block-image gb-block-image-dddf6be0\"><img loading=\"lazy\" decoding=\"async\" width=\"1456\" height=\"816\" class=\"gb-image gb-image-dddf6be0\" src=\"https:\/\/www.sisinternational.com\/wp-content\/uploads\/2025\/10\/Strategy-Development-1.jpg\" alt=\"\u00c9tudes de march\u00e9 et strat\u00e9gie internationales SIS\" title=\"Strategy Development (1)\" srcset=\"https:\/\/www.sisinternational.com\/wp-content\/uploads\/2025\/10\/Strategy-Development-1.jpg 1456w, https:\/\/www.sisinternational.com\/wp-content\/uploads\/2025\/10\/Strategy-Development-1-300x168.jpg 300w, https:\/\/www.sisinternational.com\/wp-content\/uploads\/2025\/10\/Strategy-Development-1-1024x574.jpg 1024w, https:\/\/www.sisinternational.com\/wp-content\/uploads\/2025\/10\/Strategy-Development-1-768x430.jpg 768w, https:\/\/www.sisinternational.com\/wp-content\/uploads\/2025\/10\/Strategy-Development-1-18x10.jpg 18w\" sizes=\"auto, (max-width: 1456px) 100vw, 1456px\"><\/figure>\n\n\n\n<ul class=\"wp-block-list\">\n<li><strong>Am\u00e9liorer l\u2019avantage concurrentiel\u00a0:<\/strong> Un conseil en strat\u00e9gie efficace aide les entreprises \u00e0 d\u00e9velopper et \u00e0 maintenir un avantage concurrentiel. En identifiant des propositions de valeur uniques et en tirant parti de leurs atouts, les entreprises peuvent se diff\u00e9rencier sur le march\u00e9.<\/li>\n\n\n\n<li><strong>Optimisation des op\u00e9rations et de l&#039;efficacit\u00e9\u00a0:<\/strong> Le conseil en d\u00e9veloppement et en ex\u00e9cution de strat\u00e9gies aide souvent les entreprises \u00e0 rationaliser leurs op\u00e9rations, ce qui se traduit par une efficacit\u00e9 accrue et des \u00e9conomies de co\u00fbts. Cette optimisation peut couvrir divers aspects de l&#039;entreprise, de la gestion de la cha\u00eene d&#039;approvisionnement aux processus internes.<\/li>\n\n\n\n<li><strong>S&#039;adapter aux changements et aux tendances du march\u00e9\u00a0:<\/strong> La capacit\u00e9 de s\u2019adapter rapidement aux \u00e9volutions du march\u00e9 constitue une opportunit\u00e9 importante en mati\u00e8re de conseil en strat\u00e9gie. Les consultants fournissent des informations et des conseils sur les tendances \u00e9mergentes, aidant ainsi les entreprises \u00e0 garder une longueur d&#039;avance et \u00e0 rester pertinentes.<\/li>\n\n\n\n<li><strong>Construire un mod\u00e8le \u00e9conomique durable et r\u00e9silient\u00a0:<\/strong> Le conseil en d\u00e9veloppement et en ex\u00e9cution de strat\u00e9gies peut guider les entreprises dans la cr\u00e9ation de mod\u00e8les durables et r\u00e9silients, capables de r\u00e9sister aux fluctuations du march\u00e9 et \u00e0 d\u2019autres pressions externes.<\/li>\n\n\n\n<li><strong>Tirer parti de la technologie et de la transformation num\u00e9rique\u00a0:<\/strong> Le conseil en strat\u00e9gie offre des opportunit\u00e9s d&#039;exploiter la technologie pour la transformation des entreprises, permettant aux entreprises de tirer parti des outils et plateformes num\u00e9riques pour am\u00e9liorer leurs op\u00e9rations et l&#039;engagement de leurs clients.<\/li>\n<\/ul>\n\n\n\n<h3 class=\"wp-block-heading\">D\u00e9fis<\/h3>\n\n\n\n<ul class=\"wp-block-list\">\n<li><strong>Assurer une ex\u00e9cution coh\u00e9rente entre les d\u00e9partements\u00a0:<\/strong> Parvenir \u00e0 une ex\u00e9cution coh\u00e9rente et unifi\u00e9e de la strat\u00e9gie dans les diff\u00e9rents d\u00e9partements d\u2019une organisation peut s\u2019av\u00e9rer difficile, en particulier dans les organisations de grande taille ou g\u00e9ographiquement dispers\u00e9es.<\/li>\n\n\n\n<li><strong>Allocation et gestion des ressources\u00a0:<\/strong> L&#039;allocation et la gestion efficaces des ressources, y compris le temps, le budget et le personnel, pour soutenir les initiatives strat\u00e9giques constituent un d\u00e9fi de taille. Une mauvaise gestion peut conduire \u00e0 des inefficacit\u00e9s et entraver la r\u00e9alisation des objectifs strat\u00e9giques.<\/li>\n\n\n\n<li><strong>\u00c9quilibrer les objectifs \u00e0 court et \u00e0 long terme\u00a0:<\/strong> Trouver le juste \u00e9quilibre entre la r\u00e9alisation des objectifs imm\u00e9diats et la r\u00e9alisation des objectifs \u00e0 long terme constitue un d\u00e9fi majeur. On est souvent tent\u00e9 de se concentrer sur les gains \u00e0 court terme au d\u00e9triment de la durabilit\u00e9 \u00e0 long terme.<\/li>\n\n\n\n<li><strong>Gestion des risques et planification d&#039;urgence\u00a0:<\/strong> L&#039;identification des risques potentiels et l&#039;\u00e9laboration de plans d&#039;urgence efficaces pour faire face \u00e0 ces risques constituent un aspect essentiel mais difficile de la planification strat\u00e9gique.<\/li>\n\n\n\n<li><strong>Engagement et communication des parties prenantes\u00a0:<\/strong> S&#039;engager et communiquer efficacement avec les parties prenantes tout au long du processus d&#039;\u00e9laboration et d&#039;ex\u00e9cution de la strat\u00e9gie peut \u00eatre difficile, mais cela est crucial pour l&#039;adh\u00e9sion et le soutien.<\/li>\n<\/ul>","protected":false},"excerpt":{"rendered":"<p>Le conseil en d\u00e9veloppement et en ex\u00e9cution de strat\u00e9gies aide les entreprises \u00e0 cr\u00e9er, mettre en \u0153uvre et g\u00e9rer leurs plans strat\u00e9giques.<\/p>","protected":false},"author":1,"featured_media":71986,"parent":14567,"menu_order":30,"comment_status":"closed","ping_status":"closed","template":"","meta":{"footnotes":""},"class_list":["post-44812","page","type-page","status-publish","has-post-thumbnail"],"_links":{"self":[{"href":"https:\/\/www.sisinternational.com\/fr\/wp-json\/wp\/v2\/pages\/44812","targetHints":{"allow":["GET"]}}],"collection":[{"href":"https:\/\/www.sisinternational.com\/fr\/wp-json\/wp\/v2\/pages"}],"about":[{"href":"https:\/\/www.sisinternational.com\/fr\/wp-json\/wp\/v2\/types\/page"}],"author":[{"embeddable":true,"href":"https:\/\/www.sisinternational.com\/fr\/wp-json\/wp\/v2\/users\/1"}],"replies":[{"embeddable":true,"href":"https:\/\/www.sisinternational.com\/fr\/wp-json\/wp\/v2\/comments?post=44812"}],"version-history":[{"count":6,"href":"https:\/\/www.sisinternational.com\/fr\/wp-json\/wp\/v2\/pages\/44812\/revisions"}],"predecessor-version":[{"id":80358,"href":"https:\/\/www.sisinternational.com\/fr\/wp-json\/wp\/v2\/pages\/44812\/revisions\/80358"}],"up":[{"embeddable":true,"href":"https:\/\/www.sisinternational.com\/fr\/wp-json\/wp\/v2\/pages\/14567"}],"wp:featuredmedia":[{"embeddable":true,"href":"https:\/\/www.sisinternational.com\/fr\/wp-json\/wp\/v2\/media\/71986"}],"wp:attachment":[{"href":"https:\/\/www.sisinternational.com\/fr\/wp-json\/wp\/v2\/media?parent=44812"}],"curies":[{"name":"wp","href":"https:\/\/api.w.org\/{rel}","templated":true}]}}