{"id":44802,"date":"2024-01-07T20:23:23","date_gmt":"2024-01-08T01:23:23","guid":{"rendered":"https:\/\/www.sisinternational.com\/?page_id=44802"},"modified":"2026-02-19T00:55:22","modified_gmt":"2026-02-19T05:55:22","slug":"automatisation-des-flux-de-travail-conseil-en-intelligence-artificielle","status":"publish","type":"page","link":"https:\/\/www.sisinternational.com\/fr\/solutions\/ai-etudes-de-marche-et-conseil-en-strategie\/automatisation-des-flux-de-travail-conseil-en-intelligence-artificielle\/","title":{"rendered":"Conseil en automatisation des flux de travail et en intelligence artificielle"},"content":{"rendered":"<h1 class=\"wp-block-heading\">Conseil en automatisation des flux de travail et en intelligence artificielle<\/h1>\n\n\n\n<figure class=\"gb-block-image gb-block-image-04d8e716\"><img loading=\"lazy\" decoding=\"async\" width=\"1456\" height=\"816\" class=\"gb-image gb-image-04d8e716\" src=\"https:\/\/www.sisinternational.com\/wp-content\/uploads\/2025\/10\/Financial-Services-Automation-3.jpg\" alt=\"\u00c9tudes de march\u00e9 et strat\u00e9gie internationales SIS\" title=\"Financial Services Automation (3)\" srcset=\"https:\/\/www.sisinternational.com\/wp-content\/uploads\/2025\/10\/Financial-Services-Automation-3.jpg 1456w, https:\/\/www.sisinternational.com\/wp-content\/uploads\/2025\/10\/Financial-Services-Automation-3-300x168.jpg 300w, https:\/\/www.sisinternational.com\/wp-content\/uploads\/2025\/10\/Financial-Services-Automation-3-1024x574.jpg 1024w, https:\/\/www.sisinternational.com\/wp-content\/uploads\/2025\/10\/Financial-Services-Automation-3-768x430.jpg 768w, https:\/\/www.sisinternational.com\/wp-content\/uploads\/2025\/10\/Financial-Services-Automation-3-18x10.jpg 18w\" sizes=\"auto, (max-width: 1456px) 100vw, 1456px\"><\/figure>\n\n\n\n<p><\/p>\n\n\n\n<p>Dans un monde o\u00f9 le temps est la nouvelle monnaie, comment votre entreprise optimise-t-elle ses flux de travail\u00a0? Comprendre le r\u00f4le essentiel de l\u2019automatisation des flux de travail et du conseil en intelligence artificielle est primordial pour int\u00e9grer l\u2019IA dans l\u2019automatisation des flux de travail et d\u00e9bloquer des niveaux de productivit\u00e9 et d\u2019innovation sans pr\u00e9c\u00e9dent.<\/p>\n\n\n\n<h2 class=\"wp-block-heading\">Conseil en automatisation des flux de travail et en intelligence artificielle<\/h2>\n\n\n\n<p>Workflow automation and artificial intelligence consulting is a domain that combines the efficiency of automating routine business processes with the intelligence and adaptability of AI. <\/p>\n\n\n\n<h2 class=\"wp-block-heading\">Importance et avantages du conseil en automatisation des flux de travail et en intelligence artificielle<\/h2>\n\n\n\n<p>Workflow automation and AI consulting offer a range of important benefits and advantages. It helps companies to streamline and speed up business processes. <\/p>\n\n\n\n<p>Ce conseil garantit \u00e9galement un niveau plus \u00e9lev\u00e9 de pr\u00e9cision dans les t\u00e2ches, r\u00e9duisant ainsi les erreurs humaines. Un r\u00e9sultat coh\u00e9rent est particuli\u00e8rement crucial dans des domaines tels que la saisie des donn\u00e9es, le reporting et le contr\u00f4le qualit\u00e9. De plus, l\u2019automatisation des flux de travail et le conseil en IA peuvent am\u00e9liorer le service client. Les processus automatis\u00e9s tels que les chatbots, les recommandations personnalis\u00e9es et les flux de travail rationalis\u00e9s du service client conduisent \u00e0 des temps de r\u00e9ponse plus rapides et \u00e0 des interactions client plus personnalis\u00e9es.<\/p>\n\n\n\n<h2 class=\"wp-block-heading\">Conseil en automatisation des flux de travail et en intelligence artificielle \u2013 et son impact sur les entreprises mondiales<\/h2>\n\n\n\n<p>When businesses embark on integrating workflow automation and artificial intelligence, there are several expectations they can set for the transformation that follows. <\/p>\n\n\n\n<ul class=\"wp-block-list\">\n<li><strong>Op\u00e9rations rationalis\u00e9es\u00a0:<\/strong> Workflow <a title=\"Conseil en automatisation des ventes et intelligence artificielle\" data-wpil-monitor-id=\"7255\" href=\"https:\/\/www.sisinternational.com\/fr\/solutions\/ai-etudes-de-marche-et-conseil-en-strategie\/conseil-en-intelligence-artificielle-en-automatisation-des-ventes\/\">automation and artificial intelligence consulting<\/a> aim at eliminating redundant tasks and simplifying complex processes, making operations smoother and more efficient.<\/li>\n\n\n\n<li><strong>Productivit\u00e9 accrue\u00a0:<\/strong> Avec l\u2019automatisation des t\u00e2ches de routine et l\u2019IA g\u00e9rant l\u2019analyse de donn\u00e9es complexes, la productivit\u00e9 augmente consid\u00e9rablement. Les salari\u00e9s sont lib\u00e9r\u00e9s des t\u00e2ches banales et peuvent se concentrer sur des activit\u00e9s \u00e0 plus forte valeur ajout\u00e9e.<\/li>\n\n\n\n<li><strong>\u00c9conomies de co\u00fbts:<\/strong> Workflow automation and artificial <a title=\"Le besoin de veille concurrentielle en p\u00e9riode de r\u00e9cession\" data-wpil-monitor-id=\"7229\" href=\"https:\/\/www.sisinternational.com\/fr\/le-besoin-de-veille-concurrentielle-dans-cette-recession\/\">intelligence consulting focus on reducing the need<\/a> for manual labor in repetitive tasks, leading to significant cost savings. Additionally, AI-driven optimizations further cut down operational costs by improving efficiency and reducing errors.<\/li>\n\n\n\n<li><strong>\u00c9volutivit\u00e9 et flexibilit\u00e9\u00a0:<\/strong> L&#039;automatisation des flux de travail et le conseil en intelligence artificielle cr\u00e9ent des processus automatis\u00e9s et am\u00e9lior\u00e9s par l&#039;IA qui sont hautement \u00e9volutifs, permettant aux entreprises de s&#039;adapter facilement \u00e0 l&#039;augmentation des charges de travail ou \u00e0 l&#039;\u00e9volution des besoins de l&#039;entreprise sans augmentation significative des ressources ou des co\u00fbts.<\/li>\n\n\n\n<li><strong>Personnalisation et personnalisation\u00a0:<\/strong> Workflow automation and artificial intelligence consulting can tailor workflows and processes to meet the specific needs of a business. <\/li>\n<\/ul>\n\n\n\n<h2 class=\"wp-block-heading\">Opportunit\u00e9s de conseil en automatisation des flux de travail et en intelligence artificielle<\/h2>\n\n\n\n<p>L&#039;int\u00e9gration de l&#039;automatisation des flux de travail et du conseil en IA pr\u00e9sente un large \u00e9ventail d&#039;opportunit\u00e9s pour les entreprises de divers secteurs. Ces opportunit\u00e9s am\u00e9liorent l\u2019efficacit\u00e9 op\u00e9rationnelle et ouvrent les portes \u00e0 l\u2019innovation, \u00e0 la croissance strat\u00e9gique et \u00e0 la diff\u00e9renciation concurrentielle. Voici quelques opportunit\u00e9s cl\u00e9s dans ce domaine :<\/p>\n\n\n\n<ul class=\"wp-block-list\">\n<li><strong>Informations et analyses bas\u00e9es sur les donn\u00e9es\u00a0:<\/strong> AI\u2019s ability to analyze large sets of data offers businesses the opportunity to gain deeper insights into their operations, customer behaviors, and market trends. <\/li>\n\n\n\n<li><strong>Exp\u00e9rience client am\u00e9lior\u00e9e\u00a0:<\/strong> Les flux de travail automatis\u00e9s et bas\u00e9s sur l&#039;IA peuvent am\u00e9liorer consid\u00e9rablement l&#039;exp\u00e9rience client. Des temps de r\u00e9ponse plus rapides aux interactions personnalis\u00e9es, les entreprises ont la possibilit\u00e9 d\u2019am\u00e9liorer la satisfaction et la fid\u00e9lit\u00e9 de leurs clients.<\/li>\n\n\n\n<li><strong>Innovation dans les produits et services\u00a0:<\/strong> The insights gained from <a title=\"Automatisation des biens et services de consommation et conseil en IA\" data-wpil-monitor-id=\"3897\" href=\"https:\/\/www.sisinternational.com\/fr\/solutions\/ai-etudes-de-marche-et-conseil-en-strategie\/automatisation-des-services-de-biens-de-consommation-conseil-en-ia\/\">workflow automation<\/a> and AI consulting can inspire innovation in products and services. Businesses can identify new opportunities, predict emerging market trends, and develop offerings that meet evolving customer needs.<\/li>\n\n\n\n<li><strong>\u00c9volutivit\u00e9 accrue\u00a0:<\/strong> L&#039;automatisation des flux de travail et le conseil en IA fournissent aux entreprises les outils n\u00e9cessaires pour faire \u00e9voluer efficacement leurs op\u00e9rations. \u00c0 mesure que la demande augmente, les processus peuvent \u00eatre \u00e9tendus rapidement et efficacement sans augmentation proportionnelle des ressources ou des co\u00fbts.<\/li>\n\n\n\n<li><strong>Avantage concurrentiel sur le march\u00e9\u00a0:<\/strong> Les premiers \u00e0 adopter l\u2019automatisation des flux de travail et l\u2019IA peuvent b\u00e9n\u00e9ficier d\u2019un avantage concurrentiel significatif. Ils peuvent fonctionner plus efficacement, r\u00e9agir plus rapidement aux changements du march\u00e9 et offrir des exp\u00e9riences client sup\u00e9rieures par rapport \u00e0 leurs concurrents qui sont plus lents \u00e0 adopter ces technologies.<\/li>\n<\/ul>\n\n\n\n<h2 class=\"wp-block-heading\">Les d\u00e9fis de l&#039;automatisation des flux de travail et du conseil en intelligence artificielle<\/h2>\n\n\n\n<p>Si l\u2019automatisation des flux de travail et le conseil en intelligence artificielle offrent d\u2019immenses opportunit\u00e9s, ils pr\u00e9sentent \u00e9galement certains d\u00e9fis. Comprendre et r\u00e9soudre ces probl\u00e8mes peut am\u00e9liorer consid\u00e9rablement l\u2019efficacit\u00e9 de la mise en \u0153uvre de ces technologies.<\/p>\n\n\n\n<ul class=\"wp-block-list\">\n<li><strong>Probl\u00e8mes de confidentialit\u00e9 et de s\u00e9curit\u00e9 des donn\u00e9es\u00a0:<\/strong> Avec l\u2019utilisation croissante de l\u2019IA et de l\u2019automatisation, la confidentialit\u00e9 et la s\u00e9curit\u00e9 des donn\u00e9es deviennent des pr\u00e9occupations primordiales. Assurer la protection des informations sensibles et le respect des r\u00e9glementations en mati\u00e8re de protection des donn\u00e9es constitue un enjeu majeur pour les organisations.<\/li>\n\n\n\n<li><strong>R\u00e9sistance au changement:<\/strong> La mise en \u0153uvre de nouvelles technologies se heurte souvent \u00e0 la r\u00e9sistance des employ\u00e9s qui sont \u00e0 l&#039;aise avec les processus existants. Surmonter cette r\u00e9sistance n\u00e9cessite des strat\u00e9gies efficaces de gestion du changement et de communication.<\/li>\n\n\n\n<li><strong>Garantir la pr\u00e9cision de l\u2019IA et l\u2019att\u00e9nuation des biais\u00a0:<\/strong> La qualit\u00e9 des syst\u00e8mes d\u2019IA d\u00e9pend des donn\u00e9es sur lesquelles ils sont form\u00e9s. Garantir l\u2019exactitude des r\u00e9sultats de l\u2019IA et att\u00e9nuer les biais potentiels dans les algorithmes d\u2019IA est crucial pour \u00e9viter une prise de d\u00e9cision erron\u00e9e.<\/li>\n\n\n\n<li><strong>Maintenir la surveillance humaine\u00a0:<\/strong> Si l\u2019IA peut automatiser de nombreux processus, la surveillance humaine reste n\u00e9cessaire, notamment dans la prise de d\u00e9cision et la gestion de situations complexes ou inhabituelles. Trouver l\u2019\u00e9quilibre entre l\u2019automatisation et le jugement humain constitue un d\u00e9fi majeur.<\/li>\n\n\n\n<li><strong>Mesurer le succ\u00e8s et le retour sur investissement\u00a0:<\/strong> D\u00e9terminer le succ\u00e8s des mises en \u0153uvre de l\u2019IA et de l\u2019automatisation et mesurer leur retour sur investissement peut s\u2019av\u00e9rer difficile. Les entreprises doivent \u00e9tablir des mesures et des crit\u00e8res de r\u00e9f\u00e9rence clairs pour r\u00e9ussir.<\/li>\n<\/ul>\n\n\n\n<h2 class=\"wp-block-heading\">Perspectives de l\u2019automatisation des flux de travail et du conseil en intelligence artificielle<\/h2>\n\n\n\n<p>Les perspectives de l\u2019automatisation des flux de travail et du conseil en intelligence artificielle sont prometteuses, avec des impacts potentiels sur divers secteurs et fonctions commerciales. Voici un aper\u00e7u de ce que l\u2019avenir nous r\u00e9serve dans ce domaine dynamique\u00a0:<\/p>\n\n\n\n<ul class=\"wp-block-list\">\n<li><strong>Adoption g\u00e9n\u00e9ralis\u00e9e dans tous les secteurs\u00a0:<\/strong> L\u2019utilisation de l\u2019automatisation des flux de travail et de l\u2019IA devrait se g\u00e9n\u00e9raliser dans diff\u00e9rents secteurs. Des soins de sant\u00e9 \u00e0 la finance, de la fabrication \u00e0 la vente au d\u00e9tail, tous les secteurs adopteront de plus en plus ces technologies pour optimiser leurs op\u00e9rations et am\u00e9liorer leur efficacit\u00e9.<\/li>\n\n\n\n<li><strong>Int\u00e9gration avec les technologies \u00e9mergentes\u00a0:<\/strong> L&#039;automatisation des flux de travail et l&#039;IA s&#039;int\u00e9greront probablement \u00e0 d&#039;autres technologies \u00e9mergentes telles que la blockchain, l&#039;Internet des objets (IoT) et la r\u00e9alit\u00e9 augment\u00e9e (RA).<\/li>\n\n\n\n<li><strong>Focus sur la collaboration homme-IA\u00a0:<\/strong> The future will see a stronger focus on how humans and AI systems can collaborate more effectively. <\/li>\n\n\n\n<li><strong>Personnalisation et personnalisation\u00a0:<\/strong> AI will enable highly customized and personalized workflow solutions tailored to the specific needs of each business. <\/li>\n<\/ul>\n\n\n\n<h2 class=\"wp-block-heading\">Solutions SIS\u00a0: conseil en automatisation des flux de travail et en intelligence artificielle<\/h2>\n\n\n\n<p>Chez SIS, nous sommes sp\u00e9cialis\u00e9s dans la fourniture de services complets de conseil en automatisation des flux de travail et en intelligence artificielle pour aider les entreprises \u00e0 optimiser leurs op\u00e9rations et \u00e0 atteindre de nouveaux niveaux de productivit\u00e9 et d&#039;innovation. Nos solutions sur mesure combinent des technologies d&#039;IA avanc\u00e9es avec des informations strat\u00e9giques pour rationaliser les flux de travail, am\u00e9liorer l&#039;efficacit\u00e9 et stimuler la croissance. Voici comment nous pouvons vous aider\u00a0:<\/p>\n\n\n\n<ul class=\"wp-block-list\">\n<li><strong>Analyse strat\u00e9gique et d\u00e9finition d&#039;objectifs\u00a0:<\/strong> Nos consultants travaillent en \u00e9troite collaboration avec votre \u00e9quipe pour comprendre vos objectifs commerciaux et identifier les domaines dans lesquels l&#039;automatisation des flux de travail et l&#039;IA peuvent apporter le plus de valeur. Nous vous aidons \u00e0 d\u00e9finir des objectifs clairs et \u00e0 \u00e9laborer une feuille de route pour la mise en \u0153uvre de solutions bas\u00e9es sur l&#039;IA qui correspondent \u00e0 vos priorit\u00e9s strat\u00e9giques.<\/li>\n\n\n\n<li><strong>D\u00e9veloppement de solutions personnalis\u00e9es\u00a0:<\/strong> We leverage cutting-edge AI technologies to develop custom solutions tailored to your specific business needs. <\/li>\n\n\n\n<li><strong>Int\u00e9gration et mise en \u0153uvre\u00a0:<\/strong> Notre \u00e9quipe g\u00e8re la mise en \u0153uvre de bout en bout de flux de travail bas\u00e9s sur l&#039;IA, garantissant une int\u00e9gration transparente avec vos syst\u00e8mes et processus existants. Nous fournissons une assistance pratique tout au long du processus de d\u00e9ploiement, de l&#039;installation du logiciel \u00e0 la formation et \u00e0 l&#039;adoption des utilisateurs.<\/li>\n\n\n\n<li><strong>Surveillance et optimisation des performances\u00a0:<\/strong> Nous surveillons en permanence les performances de vos flux de travail bas\u00e9s sur l\u2019IA et les affinons pour maximiser l\u2019efficience et l\u2019efficacit\u00e9. Notre approche bas\u00e9e sur les donn\u00e9es nous permet d&#039;identifier les domaines \u00e0 am\u00e9liorer et de mettre en \u0153uvre des optimisations qui g\u00e9n\u00e8rent des r\u00e9sultats mesurables.<\/li>\n\n\n\n<li><strong>Conformit\u00e9 \u00e9thique et r\u00e9glementaire\u00a0:<\/strong> Nous accordons la priorit\u00e9 \u00e0 la confidentialit\u00e9 et \u00e0 la s\u00e9curit\u00e9 des donn\u00e9es, en veillant \u00e0 ce que nos solutions d&#039;IA soient conformes aux normes les plus \u00e9lev\u00e9es en mati\u00e8re de conformit\u00e9 \u00e9thique et r\u00e9glementaire. Nous mettons en \u0153uvre des mesures de s\u00e9curit\u00e9 et des contr\u00f4les de confidentialit\u00e9 robustes pour prot\u00e9ger les donn\u00e9es sensibles et att\u00e9nuer les risques potentiels.<\/li>\n\n\n\n<li><strong>Gestion du changement et formation\u00a0:<\/strong> We provide comprehensive change management support to help your team transition to AI-driven workflows smoothly. <\/li>\n\n\n\n<li><strong>Innovation continue:<\/strong> Nous restons \u00e0 la pointe de la technologie de l\u2019IA et des meilleures pratiques du secteur, ce qui nous permet de proposer des solutions innovantes qui favorisent l\u2019am\u00e9lioration et l\u2019innovation continues. Notre engagement \u00e0 garder une longueur d\u2019avance garantit que votre entreprise reste comp\u00e9titive dans un paysage en \u00e9volution rapide.<\/li>\n<\/ul>\n\n\n\n<p>Associez-vous \u00e0 SIS pour exploiter la puissance de l&#039;automatisation des flux de travail et de l&#039;intelligence artificielle et transformer votre entreprise en une organisation plus simple, plus agile et plus comp\u00e9titive. Gr\u00e2ce \u00e0 nos conseils strat\u00e9giques et \u00e0 nos solutions de pointe, vous pouvez d\u00e9bloquer de nouvelles opportunit\u00e9s de croissance et d\u2019innovation \u00e0 l\u2019\u00e8re num\u00e9rique d\u2019aujourd\u2019hui.<\/p>","protected":false},"excerpt":{"rendered":"<p>L&#039;automatisation des flux de travail et le conseil en intelligence artificielle combinent l&#039;efficacit\u00e9 de l&#039;automatisation des processus m\u00e9tier de routine avec l&#039;IA.<\/p>","protected":false},"author":1,"featured_media":71752,"parent":44406,"menu_order":32,"comment_status":"closed","ping_status":"closed","template":"","meta":{"footnotes":""},"class_list":["post-44802","page","type-page","status-publish","has-post-thumbnail"],"_links":{"self":[{"href":"https:\/\/www.sisinternational.com\/fr\/wp-json\/wp\/v2\/pages\/44802","targetHints":{"allow":["GET"]}}],"collection":[{"href":"https:\/\/www.sisinternational.com\/fr\/wp-json\/wp\/v2\/pages"}],"about":[{"href":"https:\/\/www.sisinternational.com\/fr\/wp-json\/wp\/v2\/types\/page"}],"author":[{"embeddable":true,"href":"https:\/\/www.sisinternational.com\/fr\/wp-json\/wp\/v2\/users\/1"}],"replies":[{"embeddable":true,"href":"https:\/\/www.sisinternational.com\/fr\/wp-json\/wp\/v2\/comments?post=44802"}],"version-history":[{"count":6,"href":"https:\/\/www.sisinternational.com\/fr\/wp-json\/wp\/v2\/pages\/44802\/revisions"}],"predecessor-version":[{"id":83076,"href":"https:\/\/www.sisinternational.com\/fr\/wp-json\/wp\/v2\/pages\/44802\/revisions\/83076"}],"up":[{"embeddable":true,"href":"https:\/\/www.sisinternational.com\/fr\/wp-json\/wp\/v2\/pages\/44406"}],"wp:featuredmedia":[{"embeddable":true,"href":"https:\/\/www.sisinternational.com\/fr\/wp-json\/wp\/v2\/media\/71752"}],"wp:attachment":[{"href":"https:\/\/www.sisinternational.com\/fr\/wp-json\/wp\/v2\/media?parent=44802"}],"curies":[{"name":"wp","href":"https:\/\/api.w.org\/{rel}","templated":true}]}}