{"id":44799,"date":"2024-01-07T20:14:05","date_gmt":"2024-01-08T01:14:05","guid":{"rendered":"https:\/\/www.sisinternational.com\/?page_id=44799"},"modified":"2026-02-18T12:29:39","modified_gmt":"2026-02-18T17:29:39","slug":"aller-sur-le-marche-du-conseil-en-intelligence-artificielle","status":"publish","type":"page","link":"https:\/\/www.sisinternational.com\/fr\/solutions\/ai-etudes-de-marche-et-conseil-en-strategie\/aller-sur-le-marche-du-conseil-en-intelligence-artificielle\/","title":{"rendered":"Conseil en Intelligence Artificielle Go-To-Market"},"content":{"rendered":"<h1 class=\"wp-block-heading\">Conseil en Intelligence Artificielle Go-To-Market<\/h1>\n\n\n\n<figure class=\"gb-block-image gb-block-image-12e7fe3f\"><img loading=\"lazy\" decoding=\"async\" width=\"1456\" height=\"816\" class=\"gb-image gb-image-12e7fe3f\" src=\"https:\/\/www.sisinternational.com\/wp-content\/uploads\/2025\/10\/Corporate-Governance-4.jpg\" alt=\"\u00c9tudes de march\u00e9 et strat\u00e9gie internationales SIS\" title=\"Corporate Governance (4)\" srcset=\"https:\/\/www.sisinternational.com\/wp-content\/uploads\/2025\/10\/Corporate-Governance-4.jpg 1456w, https:\/\/www.sisinternational.com\/wp-content\/uploads\/2025\/10\/Corporate-Governance-4-300x168.jpg 300w, https:\/\/www.sisinternational.com\/wp-content\/uploads\/2025\/10\/Corporate-Governance-4-1024x574.jpg 1024w, https:\/\/www.sisinternational.com\/wp-content\/uploads\/2025\/10\/Corporate-Governance-4-768x430.jpg 768w, https:\/\/www.sisinternational.com\/wp-content\/uploads\/2025\/10\/Corporate-Governance-4-18x10.jpg 18w\" sizes=\"auto, (max-width: 1456px) 100vw, 1456px\"><\/figure>\n\n\n\n<p><\/p>\n\n\n\n<p>\u00c0 une \u00e9poque o\u00f9 la dynamique du march\u00e9 \u00e9volue continuellement, exploiter le potentiel de l\u2019IA pour analyser, pr\u00e9dire et \u00e9laborer des strat\u00e9gies peut faire la diff\u00e9rence entre une entr\u00e9e r\u00e9ussie sur le march\u00e9 et une opportunit\u00e9 manqu\u00e9e. C&#039;est pourquoi le conseil en intelligence artificielle en mati\u00e8re de commercialisation fournit aux entreprises les outils et les informations avanc\u00e9s n\u00e9cessaires pour naviguer sur des march\u00e9s complexes, garantissant que leurs strat\u00e9gies d&#039;entr\u00e9e sont non seulement bien inform\u00e9es, mais \u00e9galement en avance sur la courbe.<\/p>\n\n\n\n<h2 class=\"wp-block-heading\">Qu\u2019est-ce que le conseil en intelligence artificielle de mise sur le march\u00e9\u00a0?<\/h2>\n\n\n\n<p>Le conseil en IA en mati\u00e8re de commercialisation offre aux entreprises un avantage pour lancer de nouveaux produits, p\u00e9n\u00e9trer de nouveaux march\u00e9s ou repositionner des offres existantes. Cette forme de conseil exploite divers outils et m\u00e9thodologies d&#039;IA (tels que l&#039;apprentissage automatique, l&#039;analyse de donn\u00e9es, la mod\u00e9lisation pr\u00e9dictive et le traitement du langage naturel) pour analyser les donn\u00e9es du march\u00e9, le comportement des consommateurs et les paysages concurrentiels. L&#039;objectif est de fournir aux entreprises des informations exploitables qui peuvent \u00e9clairer chaque aspect de leur strat\u00e9gie de mise sur le march\u00e9.<\/p>\n\n\n\n<h2 class=\"wp-block-heading\">Pourquoi les entreprises ont-elles besoin de conseils en mati\u00e8re d\u2019intelligence artificielle sur le march\u00e9\u00a0?<\/h2>\n\n\n\n<p><a title=\"Conseil en mise sur le march\u00e9 des technologies financi\u00e8res\" href=\"https:\/\/www.sisinternational.com\/fr\/solutions\/recherche-de-conseil-en-strategie-fintech\/fintech-aller-au-conseil-sur-le-marche\/\" data-wpil-monitor-id=\"5872\">Go-to-market AI consulting<\/a> helps businesses navigate the complexities of modern marketplaces effectively. By leveraging AI-driven insights, predictive analytics, and personalized strategies, businesses can execute more effective, efficient, and adaptive strategies<\/p>\n\n\n\n<h2 class=\"wp-block-heading\">Comment mener des conseils de mise sur le march\u00e9 en intelligence artificielle<\/h2>\n\n\n\n<p>Conduite <a title=\"B2B Go-to-Market Strategy\" href=\"https:\/\/www.sisinternational.com\/fr\/b2b-go-to-market-strategy\/\" data-wpil-monitor-id=\"802\">go-to-market artificial intelligence consulting<\/a> effectively involves a structured approach that leverages AI technologies and data analytics to develop comprehensive market entry strategies. This process is multi-faceted, combining in-depth market analysis, predictive modeling, and strategic planning to ensure that businesses can enter new markets or launch products with the highest chance of success.<\/p>\n\n\n\n<ul class=\"wp-block-list\">\n<li><strong>\u00c9valuation initiale et \u00e9tablissement d\u2019objectifs\u00a0:<\/strong> The first step is to understand the business\u2019s objectives, products or services, and the market landscape. <\/li>\n\n\n\n<li><strong>Collecte et analyse des donn\u00e9es\u00a0:<\/strong> Cela inclut les donn\u00e9es de march\u00e9, les informations sur le comportement des consommateurs, l\u2019analyse des concurrents et toutes les tendances pertinentes du secteur. Des outils d&#039;IA sont utilis\u00e9s pour traiter et analyser ces donn\u00e9es, d\u00e9couvrant des mod\u00e8les et des informations qui pourraient ne pas \u00eatre visibles via l&#039;analyse traditionnelle.<\/li>\n\n\n\n<li><strong>Segmentation et ciblage du march\u00e9\u00a0:<\/strong> \u00c0 l\u2019aide des informations tir\u00e9es de l\u2019analyse des donn\u00e9es, l\u2019\u00e9tape suivante consiste \u00e0 segmenter le march\u00e9 et \u00e0 identifier le public cible. Les algorithmes d&#039;IA peuvent aider \u00e0 cr\u00e9er des profils clients d\u00e9taill\u00e9s et \u00e0 pr\u00e9dire quels segments sont les plus susceptibles de r\u00e9pondre positivement au produit ou au service.<\/li>\n\n\n\n<li><strong>\u00c9laboration de la proposition de valeur\u00a0:<\/strong> Sur la base de la compr\u00e9hension du march\u00e9 cible et des besoins des clients, la proposition de valeur est \u00e9labor\u00e9e. L\u2019IA peut aider \u00e0 adapter cette proposition pour qu\u2019elle trouve un \u00e9cho aupr\u00e8s de segments de client\u00e8le sp\u00e9cifiques, am\u00e9liorant ainsi son attrait et son efficacit\u00e9.<\/li>\n\n\n\n<li><strong>Strat\u00e9gie de canal et optimisation\u00a0:<\/strong> L&#039;IA est utilis\u00e9e pour analyser diff\u00e9rents canaux de distribution afin de d\u00e9terminer les moyens les plus efficaces d&#039;atteindre le public cible. Cela peut inclure les canaux num\u00e9riques, la vente au d\u00e9tail traditionnelle, la vente directe ou une combinaison de diff\u00e9rentes m\u00e9thodes.<\/li>\n\n\n\n<li><strong>Strat\u00e9gie de prix:<\/strong> Les outils d&#039;IA peuvent \u00e9galement aider \u00e0 d\u00e9velopper une strat\u00e9gie de tarification en analysant les tendances du march\u00e9, les prix des concurrents et la sensibilit\u00e9 des clients. Des mod\u00e8les de tarification dynamiques peuvent \u00eatre cr\u00e9\u00e9s pour ajuster les prix en temps r\u00e9el en fonction des conditions du march\u00e9.<\/li>\n\n\n\n<li><strong>Marketing and <a class=\"wpil_keyword_link\" title=\"Solutions de vente et de strat\u00e9gie\" data-wpil-keyword-link=\"linked\" data-wpil-monitor-id=\"303\" href=\"https:\/\/www.sisinternational.com\/fr\/solutions\/solutions-de-strategie-de-vente\/\">Strat\u00e9gie de soldes<\/a> Formulation:<\/strong> Gr\u00e2ce aux capacit\u00e9s pr\u00e9dictives de l\u2019IA, les entreprises peuvent d\u00e9velopper des strat\u00e9gies marketing et commerciales cibl\u00e9es. Cela inclut des campagnes marketing personnalis\u00e9es, des recommandations commerciales bas\u00e9es sur l&#039;IA et des outils automatis\u00e9s d&#039;engagement client.<\/li>\n\n\n\n<li><strong>Mise en \u0153uvre et suivi\u00a0:<\/strong> Une fois la strat\u00e9gie formul\u00e9e, elle est mise en \u0153uvre sur les canaux choisis. Les syst\u00e8mes d&#039;IA continuent de surveiller les r\u00e9ponses du march\u00e9, le comportement des consommateurs et les performances des campagnes, fournissant ainsi un retour d&#039;information en temps r\u00e9el.<\/li>\n\n\n\n<li><strong>Am\u00e9lioration continue et adaptation\u00a0:<\/strong> La derni\u00e8re \u00e9tape consiste \u00e0 utiliser les donn\u00e9es et les informations recueillies lors de la phase de mise en \u0153uvre pour affiner et adapter continuellement la strat\u00e9gie. Les algorithmes d&#039;apprentissage de l&#039;IA garantissent que l&#039;approche \u00e9volue en r\u00e9ponse \u00e0 l&#039;\u00e9volution de la dynamique du march\u00e9 et des pr\u00e9f\u00e9rences des consommateurs.<\/li>\n<\/ul>\n\n\n\n<h2 class=\"wp-block-heading\">L\u2019impact du conseil en intelligence artificielle Go-To-Market sur les entreprises<\/h2>\n\n\n\n<p>S&#039;engager dans le conseil en intelligence artificielle en mati\u00e8re de mise sur le march\u00e9 apporte une suite d&#039;attentes et de r\u00e9sultats qui peuvent transformer l&#039;approche d&#039;une entreprise en mati\u00e8re d&#039;entr\u00e9e et d&#039;expansion sur le march\u00e9. Ce type de conseil offre un m\u00e9lange d&#039;analyses avanc\u00e9es, de planification strat\u00e9gique et d&#039;informations sur le march\u00e9, le tout pilot\u00e9 par les puissantes capacit\u00e9s de l&#039;IA.<\/p>\n\n\n\n<ul class=\"wp-block-list\">\n<li><strong>D\u00e9cisions \u00e9clair\u00e9es d\u2019entr\u00e9e sur le march\u00e9\u00a0:<\/strong> L\u2019une des principales attentes du conseil en IA en mati\u00e8re de mise sur le march\u00e9 est de prendre des d\u00e9cisions plus \u00e9clair\u00e9es et bas\u00e9es sur les donn\u00e9es. Les entreprises peuvent s&#039;attendre \u00e0 des informations compl\u00e8tes sur la dynamique du march\u00e9, le comportement des consommateurs et le paysage concurrentiel, leur permettant de prendre des d\u00e9cisions strat\u00e9giques \u00e9tay\u00e9es par des donn\u00e9es solides.<\/li>\n\n\n\n<li><strong>Strat\u00e9gies de march\u00e9 personnalis\u00e9es\u00a0:<\/strong> La capacit\u00e9 de l&#039;IA \u00e0 analyser et interpr\u00e9ter de grandes quantit\u00e9s de donn\u00e9es signifie que les strat\u00e9gies peuvent \u00eatre hautement personnalis\u00e9es en fonction des objectifs sp\u00e9cifiques de l&#039;entreprise et des nuances du march\u00e9 cible. Cela conduit \u00e0 des strat\u00e9gies d\u2019entr\u00e9e sur le march\u00e9 plus efficaces et cibl\u00e9es.<\/li>\n\n\n\n<li><strong>Efficacit\u00e9 et retour sur investissement accrus\u00a0:<\/strong> AI-driven strategies often lead to increased operational efficiency and a higher return on investment. <\/li>\n\n\n\n<li><strong>Att\u00e9nuation des risques:<\/strong> Gr\u00e2ce \u00e0 l&#039;analyse pr\u00e9dictive et \u00e0 l&#039;analyse d\u00e9taill\u00e9e du march\u00e9, les entreprises peuvent anticiper et att\u00e9nuer les risques potentiels associ\u00e9s \u00e0 l&#039;entr\u00e9e sur le march\u00e9, r\u00e9duisant ainsi les risques de faux pas co\u00fbteux.<\/li>\n<\/ul>\n\n\n\n<p>Apprentissage et am\u00e9lioration continue\u00a0: les syst\u00e8mes d&#039;IA apprennent au fil du temps, ce qui signifie que les informations et les strat\u00e9gies qu&#039;ils fournissent deviennent plus raffin\u00e9es et efficaces. Les entreprises peuvent s\u2019attendre \u00e0 une am\u00e9lioration continue de leurs strat\u00e9gies de march\u00e9 \u00e0 mesure que davantage de donn\u00e9es sont collect\u00e9es et analys\u00e9es.<\/p>\n\n\n\n<h2 class=\"wp-block-heading\">Tendances actuelles en mati\u00e8re de conseil en intelligence artificielle sur le march\u00e9<\/h2>\n\n\n\n<p>Le domaine du conseil en IA en mati\u00e8re de mise sur le march\u00e9 \u00e9volue, avec de nouvelles tendances \u00e9mergeant \u00e0 mesure que les avanc\u00e9es technologiques et l&#039;\u00e9volution de la dynamique du march\u00e9 \u2013 et voici quelques-unes des tendances actuelles dans ce domaine\u00a0:<\/p>\n\n\n\n<ul class=\"wp-block-list\">\n<li><strong>Personnalisation \u00e0 grande \u00e9chelle\u00a0:<\/strong> AI is enabling businesses to personalize their marketing and sales strategies at a scale previously unattainable. <\/li>\n\n\n\n<li><strong>Int\u00e9gration de l&#039;IA avec d&#039;autres technologies\u00a0:<\/strong> The integration of AI with other emerging technologies like the Internet of Things (IoT), blockchain, and augmented reality is gaining momentum. <\/li>\n\n\n\n<li><strong>Focus sur l&#039;optimisation de l&#039;exp\u00e9rience client\u00a0:<\/strong> There is an increasing focus on using AI to optimize the customer experience. <\/li>\n\n\n\n<li><strong>Informations sur le march\u00e9 en temps r\u00e9el\u00a0:<\/strong> La capacit\u00e9 de l\u2019IA \u00e0 fournir des informations en temps r\u00e9el devient de plus en plus importante. Les entreprises utilisent l\u2019IA pour surveiller en permanence les conditions du march\u00e9, les sentiments des consommateurs et les actions de la concurrence, leur permettant ainsi de prendre des d\u00e9cisions rapides et \u00e9clair\u00e9es.<\/li>\n\n\n\n<li><strong>Strat\u00e9gies de tarification automatis\u00e9es et dynamiques\u00a0:<\/strong> AI is being used to develop more dynamic and automated pricing strategies. <\/li>\n<\/ul>\n\n\n\n<h2 class=\"wp-block-heading\">Opportunit\u00e9s de conseil en intelligence artificielle sur le march\u00e9<\/h2>\n\n\n\n<p>L\u2019int\u00e9gration de l\u2019intelligence artificielle dans les strat\u00e9gies de mise sur le march\u00e9 ouvre plusieurs opportunit\u00e9s aux entreprises. Ces opportunit\u00e9s am\u00e9liorent non seulement l\u2019efficience et l\u2019efficacit\u00e9 des strat\u00e9gies d\u2019entr\u00e9e sur le march\u00e9, mais stimulent \u00e9galement l\u2019innovation, l\u2019engagement des clients et l\u2019avantage concurrentiel.<\/p>\n\n\n\n<ul class=\"wp-block-list\">\n<li><strong>Pr\u00e9cision dans la segmentation du march\u00e9 cible\u00a0:<\/strong> L\u2019IA permet une segmentation pr\u00e9cise des march\u00e9s cibles. Les entreprises peuvent identifier et se concentrer sur les segments les plus rentables et les plus r\u00e9ceptifs, en garantissant que les efforts marketing sont concentr\u00e9s l\u00e0 o\u00f9 ils auront le plus grand impact.<\/li>\n\n\n\n<li><strong>Agilit\u00e9 dans la r\u00e9ponse au march\u00e9\u00a0:<\/strong> Les analyses en temps r\u00e9el de l&#039;IA permettent aux entreprises de s&#039;adapter rapidement aux changements du march\u00e9. Cette agilit\u00e9 est cruciale pour r\u00e9pondre aux actions concurrentielles, aux pr\u00e9f\u00e9rences changeantes des consommateurs ou aux perturbations du march\u00e9.<\/li>\n\n\n\n<li><strong>D\u00e9veloppement de produits innovants\u00a0:<\/strong> Les informations tir\u00e9es de l\u2019IA peuvent \u00e9clairer le d\u00e9veloppement de produits, conduisant \u00e0 des produits plus innovants et centr\u00e9s sur le client. L\u2019IA peut aider \u00e0 identifier les lacunes du march\u00e9 ou les tendances \u00e9mergentes auxquelles les nouveaux produits peuvent rem\u00e9dier.<\/li>\n\n\n\n<li><strong>R\u00e9duction des risques lors de l\u2019entr\u00e9e sur le march\u00e9\u00a0:<\/strong> En fournissant une analyse compl\u00e8te du march\u00e9 et des informations pr\u00e9dictives, l\u2019IA r\u00e9duit les risques associ\u00e9s \u00e0 l\u2019entr\u00e9e sur le march\u00e9. Les entreprises peuvent anticiper les d\u00e9fis potentiels et concevoir des strat\u00e9gies pour les att\u00e9nuer.<\/li>\n\n\n\n<li><strong>P\u00e9n\u00e9tration du march\u00e9 mondial\u00a0:<\/strong> Les outils d\u2019IA peuvent analyser les tendances du march\u00e9 mondial et les comportements des consommateurs, fournissant ainsi aux entreprises les informations n\u00e9cessaires pour entrer et rivaliser efficacement sur les march\u00e9s internationaux.<\/li>\n<\/ul>\n\n\n\n<h2 class=\"wp-block-heading\">Les d\u00e9fis du conseil en intelligence artificielle Go-To-Market<\/h2>\n\n\n\n<p>Mais le conseil en IA en mati\u00e8re de commercialisation comporte \u00e9galement ses d\u00e9fis, et voici quelques-uns des principaux d\u00e9fis dans ce domaine\u00a0: Qualit\u00e9 et disponibilit\u00e9 des donn\u00e9es\u00a0: l&#039;efficacit\u00e9 de l&#039;IA d\u00e9pend fortement de la qualit\u00e9 et de la quantit\u00e9 des donn\u00e9es disponibles. La collecte de donn\u00e9es de march\u00e9 compl\u00e8tes, pr\u00e9cises et pertinentes peut s\u2019av\u00e9rer difficile, et des donn\u00e9es de mauvaise qualit\u00e9 peuvent conduire \u00e0 des informations trompeuses sur l\u2019IA.<\/p>\n\n\n\n<ul class=\"wp-block-list\">\n<li><strong>Risque de d\u00e9pendance excessive \u00e0 l\u2019IA\u00a0:<\/strong> Il existe un risque de devenir trop d\u00e9pendant des informations bas\u00e9es sur l\u2019IA, n\u00e9gligeant potentiellement les nuances et l\u2019impr\u00e9visibilit\u00e9 du comportement humain et de la dynamique du march\u00e9.<\/li>\n\n\n\n<li><strong>Complexit\u00e9 du march\u00e9 mondial\u00a0:<\/strong> Lorsqu\u2019il s\u2019agit de march\u00e9s mondiaux, la complexit\u00e9 augmente \u00e0 mesure que l\u2019IA doit tenir compte des divers comportements des consommateurs, des nuances culturelles et des environnements r\u00e9glementaires dans diff\u00e9rentes r\u00e9gions.<\/li>\n\n\n\n<li><strong>D\u00e9fis d\u2019\u00e9volutivit\u00e9\u00a0:<\/strong> \u00c0 mesure que les entreprises se d\u00e9veloppent et se d\u00e9veloppent sur de nouveaux march\u00e9s, il peut \u00eatre difficile de faire \u00e9voluer les solutions d\u2019IA pour r\u00e9pondre \u00e0 l\u2019\u00e9volution des besoins. Garantir que les syst\u00e8mes d\u2019IA sont adaptables et \u00e9volutifs est crucial pour le succ\u00e8s \u00e0 long terme.<\/li>\n\n\n\n<li><strong>\u00c9quilibrer la personnalisation et la g\u00e9n\u00e9ralisation\u00a0:<\/strong> Bien que la personnalisation soit l\u2019un des principaux atouts de l\u2019IA, trouver le bon \u00e9quilibre entre un marketing personnalis\u00e9 et un attrait plus large sur le march\u00e9 peut s\u2019av\u00e9rer difficile. Une personnalisation excessive peut conduire \u00e0 passer \u00e0 c\u00f4t\u00e9 de segments de march\u00e9 plus larges.<\/li>\n<\/ul>\n\n\n\n<h2 class=\"wp-block-heading\">Solutions SIS\u00a0: Conseil en Intelligence Artificielle Go-To-Market<\/h2>\n\n\n\n<p>Chez SIS, nous sommes sp\u00e9cialis\u00e9s dans la fourniture de services complets de conseil en intelligence artificielle qui permettent aux entreprises de naviguer dans des paysages de march\u00e9 complexes avec confiance et agilit\u00e9. En tirant parti des technologies avanc\u00e9es d\u2019IA et des informations bas\u00e9es sur les donn\u00e9es, nous aidons nos clients \u00e0 d\u00e9velopper et \u00e0 ex\u00e9cuter des strat\u00e9gies d\u2019entr\u00e9e sur le march\u00e9 tr\u00e8s efficaces qui stimulent la croissance, l\u2019innovation et l\u2019avantage concurrentiel. Voici comment nous pouvons vous aider\u00a0:<\/p>\n\n\n\n<ul class=\"wp-block-list\">\n<li><strong>Analyse strat\u00e9gique et d\u00e9finition d&#039;objectifs\u00a0:<\/strong> Nos consultants travaillent en \u00e9troite collaboration avec votre \u00e9quipe pour comprendre vos objectifs commerciaux, vos march\u00e9s cibles et votre paysage concurrentiel. Nous vous aidons \u00e0 d\u00e9finir des objectifs clairs pour votre strat\u00e9gie de commercialisation, en garantissant l&#039;alignement avec vos objectifs commerciaux globaux.<\/li>\n\n\n\n<li><strong>Collecte et analyse des donn\u00e9es\u00a0:<\/strong> Nous exploitons des outils d&#039;analyse de donn\u00e9es bas\u00e9s sur l&#039;IA pour collecter et analyser de grandes quantit\u00e9s de donn\u00e9es de march\u00e9, d&#039;informations sur le comportement des consommateurs et de veille concurrentielle. Nos capacit\u00e9s d\u2019analyse avanc\u00e9es nous permettent de d\u00e9couvrir des informations exploitables et d\u2019identifier les principales opportunit\u00e9s de march\u00e9.<\/li>\n\n\n\n<li><strong>Segmentation et ciblage du march\u00e9\u00a0:<\/strong> \u00c0 l\u2019aide d\u2019algorithmes d\u2019IA, nous segmentons le march\u00e9 et identifions le public cible le plus lucratif pour vos produits ou services. Nous cr\u00e9ons des profils clients d\u00e9taill\u00e9s et d\u00e9veloppons des strat\u00e9gies marketing cibl\u00e9es pour atteindre et engager efficacement votre public cible.<\/li>\n\n\n\n<li><strong>D\u00e9veloppement de propositions de valeur\u00a0:<\/strong> Sur la base de notre compr\u00e9hension approfondie de votre march\u00e9 cible et des besoins de vos clients, nous vous aidons \u00e0 \u00e9laborer des propositions de valeur convaincantes qui trouvent un \u00e9cho aupr\u00e8s de votre public cible. Notre approche bas\u00e9e sur l&#039;IA garantit que votre proposition de valeur est adapt\u00e9e pour r\u00e9pondre aux probl\u00e8mes et pr\u00e9f\u00e9rences sp\u00e9cifiques de vos clients.<\/li>\n\n\n\n<li><strong>Strat\u00e9gie de canal et optimisation\u00a0:<\/strong> We analyze various distribution channels to determine the most effective ways to reach your target audience. <\/li>\n\n\n\n<li><strong>D\u00e9veloppement de la strat\u00e9gie de tarification\u00a0:<\/strong> Nos outils d&#039;IA analysent les tendances du march\u00e9, les prix des concurrents et les pr\u00e9f\u00e9rences des clients pour d\u00e9velopper une strat\u00e9gie de tarification qui maximise la rentabilit\u00e9 tout en restant comp\u00e9titif. Nous aidons \u00e0 mettre en \u0153uvre des mod\u00e8les de tarification dynamiques qui ajustent les prix en temps r\u00e9el en fonction des conditions du march\u00e9.<\/li>\n\n\n\n<li><strong>Formulation de la strat\u00e9gie marketing et commerciale\u00a0:<\/strong> Nous d\u00e9veloppons des strat\u00e9gies de marketing et de vente personnalis\u00e9es qui exploitent les informations bas\u00e9es sur l&#039;IA pour cibler et engager efficacement votre public. Des campagnes marketing personnalis\u00e9es aux recommandations commerciales bas\u00e9es sur l&#039;IA, nous aidons \u00e0 optimiser chaque \u00e9tape du parcours client.<\/li>\n\n\n\n<li><strong>Mise en \u0153uvre et suivi\u00a0:<\/strong> We assist in the implementation of your go-to-market strategy across chosen channels, continuously monitoring market responses, consumer behavior, and campaign performance. <\/li>\n\n\n\n<li><strong>Am\u00e9lioration continue et adaptation\u00a0:<\/strong> Nous utilisons les donn\u00e9es et les informations recueillies lors de la mise en \u0153uvre pour affiner et adapter en permanence votre strat\u00e9gie de mise sur le march\u00e9. Nos algorithmes d\u2019IA apprennent au fil du temps, garantissant ainsi que votre approche \u00e9volue en r\u00e9ponse \u00e0 l\u2019\u00e9volution de la dynamique du march\u00e9 et des pr\u00e9f\u00e9rences des consommateurs.<\/li>\n<\/ul>\n\n\n\n<p>Notre \u00e9quipe de consultants exp\u00e9riment\u00e9s, combin\u00e9e \u00e0 nos technologies d&#039;IA de pointe, garantit que votre strat\u00e9gie de mise sur le march\u00e9 est non seulement bien inform\u00e9e, mais \u00e9galement en avance sur la courbe. Gr\u00e2ce \u00e0 nos solutions sur mesure et \u00e0 nos conseils strat\u00e9giques, vous pouvez naviguer en toute confiance dans les complexit\u00e9s des march\u00e9s modernes et contribuer au succ\u00e8s de votre entreprise.<\/p>","protected":false},"excerpt":{"rendered":"<p>Le conseil en IA en mati\u00e8re de commercialisation offre aux entreprises un avantage pour lancer de nouveaux produits, p\u00e9n\u00e9trer de nouveaux march\u00e9s ou repositionner des offres existantes.<\/p>","protected":false},"author":1,"featured_media":71934,"parent":44406,"menu_order":31,"comment_status":"closed","ping_status":"closed","template":"","meta":{"footnotes":""},"class_list":["post-44799","page","type-page","status-publish","has-post-thumbnail"],"_links":{"self":[{"href":"https:\/\/www.sisinternational.com\/fr\/wp-json\/wp\/v2\/pages\/44799","targetHints":{"allow":["GET"]}}],"collection":[{"href":"https:\/\/www.sisinternational.com\/fr\/wp-json\/wp\/v2\/pages"}],"about":[{"href":"https:\/\/www.sisinternational.com\/fr\/wp-json\/wp\/v2\/types\/page"}],"author":[{"embeddable":true,"href":"https:\/\/www.sisinternational.com\/fr\/wp-json\/wp\/v2\/users\/1"}],"replies":[{"embeddable":true,"href":"https:\/\/www.sisinternational.com\/fr\/wp-json\/wp\/v2\/comments?post=44799"}],"version-history":[{"count":6,"href":"https:\/\/www.sisinternational.com\/fr\/wp-json\/wp\/v2\/pages\/44799\/revisions"}],"predecessor-version":[{"id":82986,"href":"https:\/\/www.sisinternational.com\/fr\/wp-json\/wp\/v2\/pages\/44799\/revisions\/82986"}],"up":[{"embeddable":true,"href":"https:\/\/www.sisinternational.com\/fr\/wp-json\/wp\/v2\/pages\/44406"}],"wp:featuredmedia":[{"embeddable":true,"href":"https:\/\/www.sisinternational.com\/fr\/wp-json\/wp\/v2\/media\/71934"}],"wp:attachment":[{"href":"https:\/\/www.sisinternational.com\/fr\/wp-json\/wp\/v2\/media?parent=44799"}],"curies":[{"name":"wp","href":"https:\/\/api.w.org\/{rel}","templated":true}]}}