{"id":44796,"date":"2024-01-08T17:34:49","date_gmt":"2024-01-08T22:34:49","guid":{"rendered":"https:\/\/www.sisinternational.com\/?page_id=44796"},"modified":"2026-02-18T13:08:00","modified_gmt":"2026-02-18T18:08:00","slug":"automatisation-de-la-gestion-du-changement-conseil-en-intelligence-artificielle","status":"publish","type":"page","link":"https:\/\/www.sisinternational.com\/fr\/solutions\/ai-etudes-de-marche-et-conseil-en-strategie\/automatisation-de-la-gestion-du-changement-conseil-en-intelligence-artificielle\/","title":{"rendered":"Automatisation de la gestion du changement et conseil en IA"},"content":{"rendered":"<h1 class=\"wp-block-heading\">Conseil en automatisation de la gestion du changement et en intelligence artificielle<\/h1>\n\n\n\n<figure class=\"gb-block-image gb-block-image-d8b882a7\"><img loading=\"lazy\" decoding=\"async\" width=\"1456\" height=\"816\" class=\"gb-image gb-image-d8b882a7\" src=\"https:\/\/www.sisinternational.com\/wp-content\/uploads\/2025\/08\/CEO-CIO-manager-9.jpg\" alt=\"\u00c9tudes de march\u00e9 et strat\u00e9gie internationales SIS\" title=\"CEO CIO manager (9)\" srcset=\"https:\/\/www.sisinternational.com\/wp-content\/uploads\/2025\/08\/CEO-CIO-manager-9.jpg 1456w, https:\/\/www.sisinternational.com\/wp-content\/uploads\/2025\/08\/CEO-CIO-manager-9-300x168.jpg 300w, https:\/\/www.sisinternational.com\/wp-content\/uploads\/2025\/08\/CEO-CIO-manager-9-1024x574.jpg 1024w, https:\/\/www.sisinternational.com\/wp-content\/uploads\/2025\/08\/CEO-CIO-manager-9-768x430.jpg 768w, https:\/\/www.sisinternational.com\/wp-content\/uploads\/2025\/08\/CEO-CIO-manager-9-18x10.jpg 18w\" sizes=\"auto, (max-width: 1456px) 100vw, 1456px\"><\/figure>\n\n\n\n<p><\/p>\n\n\n\n<p>Dans un monde marqu\u00e9 par des progr\u00e8s technologiques rapides et des demandes changeantes du march\u00e9, l\u2019int\u00e9gration de l\u2019IA dans les processus de gestion du changement est une strat\u00e9gie vitale pour rester comp\u00e9titif et agile. Le r\u00f4le de l&#039;IA dans la r\u00e9volution de la mani\u00e8re dont les entreprises abordent, g\u00e8rent et mettent en \u0153uvre le changement est plus qu&#039;une simple tendance : il repr\u00e9sente un changement fondamental dans le paradigme du d\u00e9veloppement et de la transformation organisationnels.<\/p>\n\n\n\n<h2 class=\"wp-block-heading\">Comprendre l&#039;automatisation de la gestion du changement et le conseil en IA<\/h2>\n\n\n\n<p>Change management automation refers to the use of technology to streamline, manage, and facilitate the processes involved in implementing change within an organization. <\/p>\n\n\n\n<p>Change <a title=\"Conseil en gestion de destinations\" href=\"https:\/\/www.sisinternational.com\/fr\/solutions\/conseil-en-tourisme-de-voyage-et-en-hotellerie\/conseil-en-gestion-de-destination\/\" data-wpil-monitor-id=\"7650\">management automation and AI consulting<\/a> provide the expertise and insights needed to apply AI effectively and meaningfully. This could mean using AI to analyze large sets of organizational data to identify patterns and predict outcomes \u2013 or employing machine learning algorithms to continuously improve the change management process.<\/p>\n\n\n\n<h2 class=\"wp-block-heading\">Pourquoi les entreprises ont besoin de conseils en intelligence artificielle pour l&#039;automatisation de la gestion du changement<\/h2>\n\n\n\n<p>Change management automation and AI consulting provide businesses with data-driven insights, allowing them to make informed decisions based on comprehensive analysis rather than intuition or guesswork. <\/p>\n\n\n\n<h3 class=\"wp-block-heading\">Qu&#039;est-ce qui distingue ce service de conseil en IA des m\u00e9thodes d&#039;\u00e9tudes de march\u00e9 conventionnelles\u00a0?<\/h3>\n\n\n\n<p>L&#039;automatisation de la gestion du changement et le conseil en IA permettent un degr\u00e9 plus \u00e9lev\u00e9 de personnalisation en mati\u00e8re de gestion du changement. Les algorithmes d\u2019IA peuvent adapter les strat\u00e9gies de changement \u00e0 des cultures organisationnelles, des profils d\u2019employ\u00e9s et des objectifs commerciaux sp\u00e9cifiques, ce que les m\u00e9thodes d\u2019\u00e9tudes de march\u00e9 traditionnelles ne sont peut-\u00eatre pas aussi \u00e9quip\u00e9es pour g\u00e9rer.<\/p>\n\n\n\n<p>De plus, contrairement aux \u00e9tudes de march\u00e9 traditionnelles, qui fonctionnent souvent comme une fonction distincte, le conseil en IA pour la gestion du changement est profond\u00e9ment int\u00e9gr\u00e9 au tissu op\u00e9rationnel de l\u2019entreprise. Cela influence directement la mani\u00e8re dont le changement est mis en \u0153uvre et g\u00e9r\u00e9 \u00e0 diff\u00e9rents niveaux de l\u2019organisation.<\/p>\n\n\n\n<h2 class=\"wp-block-heading\">\u00c0 quoi s&#039;attendre du conseil en automatisation de la gestion du changement et en intelligence artificielle<\/h2>\n\n\n\n<p>Lorsqu&#039;elles se lancent dans l&#039;automatisation de la gestion du changement et le conseil en intelligence artificielle, les entreprises peuvent s&#039;attendre \u00e0 une s\u00e9rie de r\u00e9sultats qui am\u00e9liorent consid\u00e9rablement l&#039;efficacit\u00e9 de l&#039;agilit\u00e9 et de la comp\u00e9titivit\u00e9 globales de l&#039;organisation.<\/p>\n\n\n\n<ul class=\"wp-block-list\">\n<li><strong>Efficacit\u00e9 am\u00e9lior\u00e9e des processus de changement\u00a0:<\/strong> L\u2019un des avantages les plus imm\u00e9diats est l\u2019efficacit\u00e9 accrue de la gestion du changement. L&#039;automatisation rationalise les t\u00e2ches r\u00e9p\u00e9titives, l&#039;IA fournit des analyses pertinentes et, ensemble, elles acc\u00e9l\u00e8rent le processus de changement tout en r\u00e9duisant le risque d&#039;erreurs.<\/li>\n\n\n\n<li><strong>Personnalisation des strat\u00e9gies de changement\u00a0:<\/strong> AI facilitates the tailoring of change management strategies to fit the unique culture and needs of an organization. <\/li>\n\n\n\n<li><strong>Engagement et soutien accrus des employ\u00e9s\u00a0:<\/strong> Gr\u00e2ce \u00e0 l&#039;automatisation de la gestion du changement et au conseil en intelligence artificielle, la communication et la formation peuvent \u00eatre personnalis\u00e9es pour r\u00e9pondre aux besoins et aux pr\u00e9f\u00e9rences de chaque employ\u00e9, ce qui conduit \u00e0 des niveaux d&#039;engagement plus \u00e9lev\u00e9s et \u00e0 un soutien aux initiatives de changement.<\/li>\n\n\n\n<li><strong>Surveillance et optimisation continues\u00a0:<\/strong> <a title=\"Optimized Management System for a Leading US Immigration law firm\" data-wpil-monitor-id=\"3657\" href=\"https:\/\/www.sisinternational.com\/fr\/optimized-management-system-for-a-leading-us-immigration-law-firm\/\">Change management automation and artificial intelligence consulting<\/a> also provide systems for continuous monitoring and feedback on the progress of change initiatives. <\/li>\n\n\n\n<li><strong>B\u00e2tir une organisation r\u00e9siliente et agile\u00a0:<\/strong> Au fil du temps, l\u2019int\u00e9gration de l\u2019IA dans les processus de gestion du changement favorise une culture de r\u00e9silience et d\u2019agilit\u00e9. Les organisations deviennent mieux \u00e9quip\u00e9es pour faire face aux changements futurs, s&#039;adaptant rapidement aux nouveaux d\u00e9fis et demandes du march\u00e9.<\/li>\n<\/ul>\n\n\n\n<h2 class=\"wp-block-heading\">Technologies et outils de conseil en automatisation de la gestion du changement et en intelligence artificielle<\/h2>\n\n\n\n<p>L\u2019int\u00e9gration de l\u2019automatisation de la gestion du changement et du conseil en intelligence artificielle s\u2019appuie sur une vari\u00e9t\u00e9 de technologies et d\u2019outils avanc\u00e9s tels que :<\/p>\n\n\n\n<ul class=\"wp-block-list\">\n<li><strong>Outils de visualisation de donn\u00e9es\u00a0:<\/strong> Ces outils aident \u00e0 pr\u00e9senter des donn\u00e9es complexes dans un format facilement compr\u00e9hensible. Ils sont essentiels pour communiquer les id\u00e9es et les conclusions aux parties prenantes et pour faciliter le processus de prise de d\u00e9cision.<\/li>\n\n\n\n<li><strong>Plateformes collaboratives\u00a0:<\/strong> Les outils de collaboration am\u00e9lior\u00e9s par l&#039;IA facilitent une communication et une coordination efficaces entre les \u00e9quipes, ce qui est particuli\u00e8rement important pour g\u00e9rer le changement dans diff\u00e9rents d\u00e9partements et sites.<\/li>\n\n\n\n<li><strong>Logiciel de gestion de projet\u00a0:<\/strong> Des outils avanc\u00e9s de gestion de projet, souvent am\u00e9lior\u00e9s par l&#039;IA, sont utilis\u00e9s pour planifier, ex\u00e9cuter et surveiller les diff\u00e9rentes \u00e9tapes de la gestion du changement. Ils aident \u00e0 suivre les progr\u00e8s, \u00e0 allouer les ressources et \u00e0 identifier les goulots d&#039;\u00e9tranglement potentiels.<\/li>\n<\/ul>\n\n\n\n<h2 class=\"wp-block-heading\">Opportunit\u00e9s en automatisation de la gestion du changement et conseil en intelligence artificielle<\/h2>\n\n\n\n<p>L\u2019int\u00e9gration de l\u2019automatisation de la gestion du changement et du conseil en intelligence artificielle pr\u00e9sente une multitude d\u2019opportunit\u00e9s pour les entreprises. Ces opportunit\u00e9s peuvent conduire \u00e0 des am\u00e9liorations significatives dans la fa\u00e7on dont les organisations g\u00e8rent et s\u2019adaptent au changement, favorisant ainsi l\u2019efficacit\u00e9, l\u2019innovation et l\u2019avantage concurrentiel.<\/p>\n\n\n\n<ul class=\"wp-block-list\">\n<li><strong>Processus de changement rationalis\u00e9s\u00a0:<\/strong> AI and automation technologies offer the opportunity to streamline change management processes, making them more efficient and effective. <\/li>\n\n\n\n<li><strong>Engagement et adaptation am\u00e9lior\u00e9s des employ\u00e9s\u00a0:<\/strong> AI tools can personalize communication and training, directly addressing employee concerns and learning preferences. <\/li>\n\n\n\n<li><strong>R\u00e9duction des co\u00fbts et efficacit\u00e9\u00a0:<\/strong> Automating routine tasks and optimizing change processes lead to significant cost savings and operational efficiencies. <\/li>\n<\/ul>\n\n\n\n<h2 class=\"wp-block-heading\">Les d\u00e9fis de l&#039;automatisation de la gestion du changement et du conseil en intelligence artificielle<\/h2>\n\n\n\n<p>The integration of artificial intelligence and automation also presents certain challenges \u2013 and addressing these challenges is vital for businesses to fully leverage the benefits of AI and <a title=\"Comment r\u00e9duire les co\u00fbts dans votre entreprise\" href=\"https:\/\/www.sisinternational.com\/fr\/etre-vert-ameliore-les-performances-en-cas-de-recession\/\" data-wpil-monitor-id=\"7453\">automation in their change management strategies<\/a>.<\/p>\n\n\n\n<ul class=\"wp-block-list\">\n<li><strong>R\u00e9sistance au changement:<\/strong> L\u2019une des ironies de la mise en \u0153uvre de l\u2019automatisation de la gestion du changement est la r\u00e9sistance qu\u2019elle peut rencontrer. Les employ\u00e9s peuvent \u00eatre sceptiques ou craintifs \u00e0 l\u2019\u00e9gard de l\u2019IA, s\u2019inqui\u00e9ter de la s\u00e9curit\u00e9 de l\u2019emploi ou des implications du recours \u00e0 des processus automatis\u00e9s.<\/li>\n\n\n\n<li><strong>Garantir la pr\u00e9cision et la fiabilit\u00e9 de l\u2019IA\u00a0:<\/strong> L\u2019efficacit\u00e9 de l\u2019IA d\u00e9pend de la qualit\u00e9 des donn\u00e9es et des algorithmes utilis\u00e9s. Il est essentiel de garantir l\u2019exactitude et la fiabilit\u00e9 des r\u00e9sultats de l\u2019IA, car des erreurs peuvent conduire \u00e0 des strat\u00e9gies et \u00e0 des d\u00e9cisions erron\u00e9es.<\/li>\n\n\n\n<li><strong>\u00c9quilibrer l\u2019automatisation avec la connaissance humaine\u00a0:<\/strong> M\u00eame si l\u2019IA peut g\u00e9rer de nombreuses t\u00e2ches, l\u2019\u00e9l\u00e9ment humain reste crucial, notamment dans la prise de d\u00e9cision et dans la compr\u00e9hension des nuances de la culture organisationnelle. Trouver le bon \u00e9quilibre entre automatisation et connaissance humaine est une t\u00e2che d\u00e9licate.<\/li>\n<\/ul>\n\n\n\n<h2 class=\"wp-block-heading\">Perspectives futures de l&#039;automatisation de la gestion du changement et du conseil en intelligence artificielle<\/h2>\n\n\n\n<p>Les perspectives d\u2019avenir de l\u2019automatisation de la gestion du changement et du conseil en intelligence artificielle sont exceptionnellement prometteuses et sont sur le point de r\u00e9volutionner la fa\u00e7on dont les organisations g\u00e8rent et s\u2019adaptent au changement. Voici un aper\u00e7u de ce que l\u2019avenir pourrait nous r\u00e9server dans cet espace\u00a0:<\/p>\n\n\n\n<ul class=\"wp-block-list\">\n<li><strong>Analyse pr\u00e9dictive pour une gestion proactive du changement\u00a0:<\/strong> AI technologies will advance in predicting the outcomes of change initiatives, allowing organizations to anticipate challenges and address them proactively. <\/li>\n\n\n\n<li><strong>Approches de changement personnalis\u00e9es\u00a0:<\/strong> AI will enable more personalized change management strategies, tailoring the approach to the specific needs of an organization and its employees. <\/li>\n\n\n\n<li><strong>Surveillance et ajustement en temps r\u00e9el\u00a0:<\/strong> AI and automation tools will enable real-time monitoring of change initiatives, allowing for quick adjustments based on immediate feedback and emerging issues. <\/li>\n<\/ul>\n\n\n\n<h2 class=\"wp-block-heading\">Solutions SIS\u00a0: Conseil en automatisation de la gestion du changement et en intelligence artificielle<\/h2>\n\n\n\n<p>Nous offrons des avantages tels qu&#039;une efficacit\u00e9 accrue dans les processus de changement, la personnalisation des strat\u00e9gies de changement, un engagement accru des employ\u00e9s, une surveillance continue et une optimisation. Nos chercheurs effectuent des analyses strat\u00e9giques pour transformer les informations en informations exploitables, en tenant compte de l\u2019automatisation de la gestion du changement et de l\u2019IA avec une vue compl\u00e8te du march\u00e9. Notre concentration sur l&#039;analyse strat\u00e9gique et les informations exploitables propose des solutions sur mesure au-del\u00e0 des donn\u00e9es et fournit des solutions sur mesure aux clients.<\/p>\n\n\n\n<ol class=\"wp-block-list\">\n<li>Efficacit\u00e9 am\u00e9lior\u00e9e des processus de changement<\/li>\n\n\n\n<li>Personnalisation des strat\u00e9gies de changement<\/li>\n\n\n\n<li>Engagement et soutien accrus des employ\u00e9s<\/li>\n\n\n\n<li>Surveillance et optimisation continues<\/li>\n\n\n\n<li>B\u00e2tir une organisation r\u00e9siliente et agile<\/li>\n\n\n\n<li>Utilisation des technologies et des outils<\/li>\n\n\n\n<li>Opportunit\u00e9s et d\u00e9fis \u00e0 relever<\/li>\n<\/ol>\n\n\n\n<h2 class=\"wp-block-heading\">\u00c0 propos de SIS International<\/h2>\n\n\n\n<p>SIS International propose des recherches quantitatives, qualitatives et strat\u00e9giques. Nous fournissons des donn\u00e9es, des outils, des strat\u00e9gies, des rapports et des informations pour la prise de d\u00e9cision. Nous menons des entretiens, des enqu\u00eates, des groupes de discussion et de nombreuses autres m\u00e9thodes et approches d&#039;\u00e9tudes de march\u00e9. Contactez-nous pour votre prochain projet d&#039;\u00e9tude de march\u00e9.<\/p>","protected":false},"excerpt":{"rendered":"<p>L&#039;automatisation de la gestion des changements utilise la technologie pour rationaliser, g\u00e9rer et faciliter les processus permettant d&#039;aider une organisation \u00e0 mettre en \u0153uvre les changements.<\/p>","protected":false},"author":1,"featured_media":64031,"parent":44406,"menu_order":34,"comment_status":"closed","ping_status":"closed","template":"","meta":{"footnotes":""},"class_list":["post-44796","page","type-page","status-publish","has-post-thumbnail"],"_links":{"self":[{"href":"https:\/\/www.sisinternational.com\/fr\/wp-json\/wp\/v2\/pages\/44796","targetHints":{"allow":["GET"]}}],"collection":[{"href":"https:\/\/www.sisinternational.com\/fr\/wp-json\/wp\/v2\/pages"}],"about":[{"href":"https:\/\/www.sisinternational.com\/fr\/wp-json\/wp\/v2\/types\/page"}],"author":[{"embeddable":true,"href":"https:\/\/www.sisinternational.com\/fr\/wp-json\/wp\/v2\/users\/1"}],"replies":[{"embeddable":true,"href":"https:\/\/www.sisinternational.com\/fr\/wp-json\/wp\/v2\/comments?post=44796"}],"version-history":[{"count":7,"href":"https:\/\/www.sisinternational.com\/fr\/wp-json\/wp\/v2\/pages\/44796\/revisions"}],"predecessor-version":[{"id":83009,"href":"https:\/\/www.sisinternational.com\/fr\/wp-json\/wp\/v2\/pages\/44796\/revisions\/83009"}],"up":[{"embeddable":true,"href":"https:\/\/www.sisinternational.com\/fr\/wp-json\/wp\/v2\/pages\/44406"}],"wp:featuredmedia":[{"embeddable":true,"href":"https:\/\/www.sisinternational.com\/fr\/wp-json\/wp\/v2\/media\/64031"}],"wp:attachment":[{"href":"https:\/\/www.sisinternational.com\/fr\/wp-json\/wp\/v2\/media?parent=44796"}],"curies":[{"name":"wp","href":"https:\/\/api.w.org\/{rel}","templated":true}]}}