{"id":44783,"date":"2024-01-07T12:46:09","date_gmt":"2024-01-07T17:46:09","guid":{"rendered":"https:\/\/www.sisinternational.com\/?page_id=44783"},"modified":"2026-02-19T00:48:04","modified_gmt":"2026-02-19T05:48:04","slug":"conseil-en-intelligence-artificielle-pour-lautomatisation-des-restaurants","status":"publish","type":"page","link":"https:\/\/www.sisinternational.com\/fr\/solutions\/ai-etudes-de-marche-et-conseil-en-strategie\/conseil-en-intelligence-artificielle-pour-lautomatisation-des-restaurants\/","title":{"rendered":"Conseil en automatisation de restaurant et intelligence artificielle"},"content":{"rendered":"<h1 class=\"wp-block-heading\">Conseil en automatisation de restaurant et intelligence artificielle<\/h1>\n\n\n\n<figure class=\"gb-block-image gb-block-image-7ce1b7fe\"><img loading=\"lazy\" decoding=\"async\" width=\"1456\" height=\"816\" class=\"gb-image gb-image-7ce1b7fe\" src=\"https:\/\/www.sisinternational.com\/wp-content\/uploads\/2025\/10\/Hotel-restaurant-2.jpg\" alt=\"\u00c9tudes de march\u00e9 et strat\u00e9gie internationales SIS\" title=\"Hotel restaurant (2)\" srcset=\"https:\/\/www.sisinternational.com\/wp-content\/uploads\/2025\/10\/Hotel-restaurant-2.jpg 1456w, https:\/\/www.sisinternational.com\/wp-content\/uploads\/2025\/10\/Hotel-restaurant-2-300x168.jpg 300w, https:\/\/www.sisinternational.com\/wp-content\/uploads\/2025\/10\/Hotel-restaurant-2-1024x574.jpg 1024w, https:\/\/www.sisinternational.com\/wp-content\/uploads\/2025\/10\/Hotel-restaurant-2-768x430.jpg 768w, https:\/\/www.sisinternational.com\/wp-content\/uploads\/2025\/10\/Hotel-restaurant-2-18x10.jpg 18w\" sizes=\"auto, (max-width: 1456px) 100vw, 1456px\"><\/figure>\n\n\n\n<p><\/p>\n\n\n\n<p>Dans le monde dynamique de la restauration, l\u2019int\u00e9gration de l\u2019automatisation des restaurants et du conseil en intelligence artificielle est une r\u00e9volution. Ce m\u00e9lange innovant de technologie et d&#039;art culinaire transforme le fonctionnement des restaurants, en proposant des solutions qui remod\u00e8lent le paysage de l&#039;industrie h\u00f4teli\u00e8re, rendant chaque aspect plus intelligent, plus rapide et plus centr\u00e9 sur le client.<\/p>\n\n\n\n<h2 class=\"wp-block-heading\">Comprendre l&#039;automatisation des restaurants et le conseil en intelligence artificielle<\/h2>\n\n\n\n<p>Le conseil en automatisation des restaurants et en intelligence artificielle est un domaine en plein essor qui allie les technologies avanc\u00e9es d\u2019IA aux besoins op\u00e9rationnels uniques des restaurants. Les consultants dans ce domaine travaillent avec les restaurateurs pour identifier les domaines dans lesquels l&#039;IA peut ajouter le plus de valeur, tels que le service client, les op\u00e9rations en cuisine ou la gestion des stocks. L\u2019objectif est de d\u00e9velopper des solutions d\u2019IA personnalis\u00e9es qui r\u00e9pondent aux d\u00e9fis et objectifs sp\u00e9cifiques du restaurant.<\/p>\n\n\n\n<p>A critical aspect of this <a title=\"Banque en tant que service \u00c9tudes de march\u00e9 et conseil en strat\u00e9gie\" href=\"https:\/\/www.sisinternational.com\/fr\/solutions\/recherche-de-conseil-en-strategie-fintech\/banque-en-tant-que-service-etude-de-marche-et-conseil-en-strategie\/\" data-wpil-monitor-id=\"9176\">service de conseil<\/a> is developing and implementing AI strategies that align with the restaurant\u2019s business model and objectives. This could include integrating AI-powered reservation systems, implementing <a title=\"\u00c9tude de march\u00e9 sur la maison intelligente\" href=\"https:\/\/www.sisinternational.com\/fr\/etude-de-marche-sur-la-maison-intelligente\/\" data-wpil-monitor-id=\"9169\">smart inventory management solutions<\/a>, or deploying AI for personalized marketing campaigns.<\/p>\n\n\n\n<h2 class=\"wp-block-heading\">Facteurs cl\u00e9s de succ\u00e8s dans le conseil en automatisation des restaurants et en intelligence artificielle<\/h2>\n\n\n\n<p>For restaurant automation and artificial intelligence consulting to be effective and deliver tangible results, certain <a title=\"Facteurs cl\u00e9s de succ\u00e8s dans les \u00e9tudes de march\u00e9 automobile\" href=\"https:\/\/www.sisinternational.com\/fr\/facteurs-cles-de-succes-dans-les-etudes-de-marche-automobile\/\" data-wpil-monitor-id=\"9171\">key success factors<\/a> must be in place. Let&#8217;s explore these crucial elements.<\/p>\n\n\n\n<ul class=\"wp-block-list\">\n<li><strong>Alignement avec les objectifs et la strat\u00e9gie du restaurant\u00a0:<\/strong> The AI initiatives must be closely aligned with the restaurant&#8217;s overarching goals and business strategies. <\/li>\n\n\n\n<li><strong>Qualit\u00e9 et int\u00e9gration des donn\u00e9es\u00a0:<\/strong> Le succ\u00e8s de l\u2019IA dans le secteur de la restauration repose en grande partie sur la qualit\u00e9 et l\u2019int\u00e9gration des donn\u00e9es. Des donn\u00e9es compl\u00e8tes et pr\u00e9cises provenant de diverses sources telles que les syst\u00e8mes de point de vente, les commentaires des clients et la logistique de la cha\u00eene d&#039;approvisionnement sont cruciales. Ces donn\u00e9es constituent l\u2019\u00e9pine dorsale des informations et des d\u00e9cisions bas\u00e9es sur l\u2019IA.<\/li>\n\n\n\n<li><strong>Solutions technologiques conviviales\u00a0:<\/strong> Les technologies et outils d\u2019IA mis en \u0153uvre doivent \u00eatre conviviaux et facilement compr\u00e9hensibles par le personnel du restaurant. Des syst\u00e8mes trop complexes peuvent entra\u00eener une r\u00e9sistance et une sous-utilisation, annulant ainsi les avantages potentiels de l\u2019IA.<\/li>\n<\/ul>\n\n\n\n<h2 class=\"wp-block-heading\">Le v\u00e9ritable impact de l\u2019automatisation des restaurants et du conseil en intelligence artificielle<\/h2>\n\n\n\n<p>Lorsqu\u2019ils se lancent dans le conseil en automatisation de restaurant et en intelligence artificielle, les restaurants peuvent anticiper une s\u00e9rie d\u2019impacts transformateurs. Ces changements optimisent les op\u00e9rations actuelles et ouvrent \u00e9galement la voie \u00e0 des progr\u00e8s futurs. Voici ce que les restaurateurs peuvent attendre en int\u00e9grant l\u2019IA dans leurs strat\u00e9gies commerciales.<\/p>\n\n\n\n<ul class=\"wp-block-list\">\n<li><strong>Efficacit\u00e9 op\u00e9rationnelle am\u00e9lior\u00e9e\u00a0:<\/strong> L\u2019une des principales attentes est une augmentation significative de l\u2019efficacit\u00e9 op\u00e9rationnelle. L\u2019IA peut rationaliser divers aspects des op\u00e9rations des restaurants, tels que la gestion de la cuisine, le traitement des commandes et le contr\u00f4le des stocks, entra\u00eenant ainsi une r\u00e9duction des co\u00fbts op\u00e9rationnels et une am\u00e9lioration de la vitesse de service.<\/li>\n\n\n\n<li><strong>Prise de d\u00e9cision bas\u00e9e sur les donn\u00e9es\u00a0:<\/strong> AI <a title=\"Conseil en science des donn\u00e9es et analytique\" data-wpil-monitor-id=\"9173\" href=\"https:\/\/www.sisinternational.com\/fr\/competence\/les-industries\/conseil-en-analyse-de-science-des-donnees\/\">consulting provides access to sophisticated data analytics<\/a>. This means restaurants can expect to gain deeper insights into their operations, customer preferences, and market trends, enabling them to make more informed and strategic business decisions.<\/li>\n\n\n\n<li><strong>Exp\u00e9riences client personnalis\u00e9es\u00a0:<\/strong> With AI\u2019s capability to analyze customer data, restaurants can offer personalized dining experiences. <\/li>\n\n\n\n<li><strong>Avantage comp\u00e9titif:<\/strong> Dans un secteur hautement concurrentiel, tirer parti de l\u2019IA peut constituer un avantage consid\u00e9rable. Il permet aux restaurants d&#039;offrir des services uniques, d&#039;optimiser leurs op\u00e9rations et de r\u00e9agir rapidement aux changements du march\u00e9, ce qui les distingue de leurs concurrents.<\/li>\n\n\n\n<li><strong>Innovations dans les offres de services et de produits\u00a0:<\/strong> L\u2019IA ouvre des opportunit\u00e9s d\u2019innovation dans les offres de services et de produits. De l\u2019introduction de serveurs robotis\u00e9s \u00e0 la cr\u00e9ation de menus g\u00e9n\u00e9r\u00e9s par l\u2019IA bas\u00e9s sur les saveurs tendances, les possibilit\u00e9s d\u2019innovation sont vastes et vari\u00e9es.<\/li>\n<\/ul>\n\n\n\n<h2 class=\"wp-block-heading\">Tendances actuelles en mati\u00e8re d&#039;automatisation des restaurants et de conseil en intelligence artificielle<\/h2>\n\n\n\n<p>Le paysage de l\u2019automatisation des restaurants et du conseil en intelligence artificielle est en constante \u00e9volution. Explorons certaines des tendances actuelles qui fa\u00e7onnent ce domaine dynamique.<\/p>\n\n\n\n<ul class=\"wp-block-list\">\n<li><strong>Personnalisation bas\u00e9e sur l&#039;IA\u00a0:<\/strong> Une tendance majeure est l\u2019utilisation de l\u2019IA pour personnaliser l\u2019exp\u00e9rience culinaire. Des moteurs de recommandation bas\u00e9s sur l\u2019IA sugg\u00e9rant des \u00e9l\u00e9ments de menu en fonction des pr\u00e9f\u00e9rences des clients aux messages marketing personnalis\u00e9s, l\u2019IA permet aux restaurants de r\u00e9pondre plus efficacement aux besoins individuels des clients.<\/li>\n\n\n\n<li><strong>Service client am\u00e9lior\u00e9 avec des chatbots et des assistants IA\u00a0:<\/strong> L\u2019utilisation de chatbots et d\u2019assistants IA pour le service client est en augmentation. Ces outils peuvent g\u00e9rer les r\u00e9servations, r\u00e9pondre aux requ\u00eates des clients et fournir des informations sur les menus et les promotions, am\u00e9liorant ainsi l&#039;interaction avec les clients et lib\u00e9rant le personnel pour d&#039;autres t\u00e2ches.<\/li>\n\n\n\n<li><strong>Automatisation dans la cuisine et la pr\u00e9paration des aliments\u00a0:<\/strong> Il existe une tendance croissante \u00e0 automatiser les op\u00e9rations en cuisine, y compris la pr\u00e9paration des aliments. Les appareils de cuisine compatibles avec l&#039;IA peuvent cuire les aliments selon des sp\u00e9cifications exactes et g\u00e9rer les stocks, garantissant ainsi la coh\u00e9rence et l&#039;efficacit\u00e9 de la production alimentaire.<\/li>\n\n\n\n<li><strong>Analyse pr\u00e9dictive pour la gestion des stocks et de la cha\u00eene d&#039;approvisionnement\u00a0:<\/strong> AI is being used to predict inventory needs and manage supply chains more efficiently. <\/li>\n\n\n\n<li><strong>Int\u00e9gration de l&#039;IoT dans les op\u00e9rations de restauration\u00a0:<\/strong> L&#039;int\u00e9gration d&#039;appareils IoT (Internet des objets) dans les restaurants est de plus en plus courante. Les capteurs et les appareils connect\u00e9s peuvent suivre la temp\u00e9rature des aliments, surveiller les performances des \u00e9quipements et m\u00eame g\u00e9rer la consommation d&#039;\u00e9nergie, contribuant ainsi \u00e0 des op\u00e9rations plus s\u00fbres et plus efficaces.<\/li>\n<\/ul>\n\n\n\n<h2 class=\"wp-block-heading\">Opportunit\u00e9s dans le domaine de l&#039;automatisation des restaurants et du conseil en intelligence artificielle<\/h2>\n\n\n\n<p>The integration of <a title=\"Conseil en automatisation des soins de sant\u00e9 et intelligence artificielle\" href=\"https:\/\/www.sisinternational.com\/fr\/solutions\/ai-etudes-de-marche-et-conseil-en-strategie\/conseil-en-intelligence-artificielle-en-automatisation-des-soins-de-sante\/\" data-wpil-monitor-id=\"9174\">artificial intelligence in restaurant automation<\/a> presents a host of opportunities for the hospitality industry. These advancements are revolutionizing operational efficiencies and also opening new avenues for customer engagement and business growth.<\/p>\n\n\n\n<ul class=\"wp-block-list\">\n<li><strong>Exp\u00e9rience client am\u00e9lior\u00e9e\u00a0:<\/strong> L\u2019une des plus grandes opportunit\u00e9s r\u00e9side dans l\u2019am\u00e9lioration de l\u2019exp\u00e9rience client. L&#039;IA permet un service personnalis\u00e9, depuis des suggestions de menus sur mesure jusqu&#039;\u00e0 un service client attentif, cr\u00e9ant ainsi une exp\u00e9rience culinaire unique et m\u00e9morable qui peut g\u00e9n\u00e9rer des clients fid\u00e8les.<\/li>\n\n\n\n<li><strong>Efficacit\u00e9 op\u00e9rationnelle et r\u00e9duction des co\u00fbts\u00a0:<\/strong> AI-driven automation in kitchen operations, inventory management, and administrative tasks can significantly enhance operational efficiency. <\/li>\n\n\n\n<li><strong>Informations commerciales bas\u00e9es sur les donn\u00e9es\u00a0:<\/strong> L&#039;IA peut traiter de grandes quantit\u00e9s de donn\u00e9es pour fournir des informations exploitables sur les pr\u00e9f\u00e9rences des clients, les tendances du march\u00e9 et l&#039;efficacit\u00e9 op\u00e9rationnelle. Ces informations peuvent \u00e9clairer la conception des menus, les strat\u00e9gies promotionnelles et les d\u00e9cisions commerciales globales, conduisant \u00e0 des op\u00e9rations plus strat\u00e9giques et plus r\u00e9ussies.<\/li>\n\n\n\n<li><strong>Mod\u00e8les de services innovants\u00a0:<\/strong> L\u2019IA ouvre des possibilit\u00e9s pour des mod\u00e8les de services innovants dans les restaurants, tels que des syst\u00e8mes de commande num\u00e9riques, des bornes libre-service aliment\u00e9es par l\u2019IA \u2013 ou m\u00eame des serveurs robotis\u00e9s, offrant une exp\u00e9rience culinaire unique et avant-gardiste.<\/li>\n\n\n\n<li><strong>Gestion am\u00e9lior\u00e9e des stocks et de la cha\u00eene d\u2019approvisionnement\u00a0:<\/strong> Gr\u00e2ce \u00e0 l\u2019IA, les restaurants peuvent mieux g\u00e9rer leurs stocks et leur cha\u00eene d\u2019approvisionnement, pr\u00e9dire la demande avec plus de pr\u00e9cision, r\u00e9duire les d\u00e9chets et garantir le r\u00e9approvisionnement en temps opportun.<\/li>\n<\/ul>\n\n\n\n<h2 class=\"wp-block-heading\">Les d\u00e9fis de l&#039;automatisation des restaurants et du conseil en intelligence artificielle<\/h2>\n\n\n\n<p>The integration of <a title=\"Conseil en Automatisation Industrielle et Intelligence Artificielle\" href=\"https:\/\/www.sisinternational.com\/fr\/solutions\/ai-etudes-de-marche-et-conseil-en-strategie\/conseil-en-intelligence-artificielle-en-automatisation-industrielle\/\" data-wpil-monitor-id=\"9175\">artificial intelligence in restaurant automation<\/a> comes with its own set of challenges. These obstacles must be navigated carefully to ensure successful implementation and realization of AI\u2019s full potential in the restaurant industry.<\/p>\n\n\n\n<ul class=\"wp-block-list\">\n<li><strong>Complexit\u00e9 de l&#039;int\u00e9gration\u00a0:<\/strong> L\u2019int\u00e9gration de l\u2019IA dans les op\u00e9rations de restauration existantes peut s\u2019av\u00e9rer complexe. Cela implique non seulement l\u2019installation de nouvelles technologies, mais \u00e9galement l\u2019int\u00e9gration transparente avec les syst\u00e8mes et processus actuels, ce qui peut s\u2019av\u00e9rer difficile et prendre du temps.<\/li>\n\n\n\n<li><strong>Manque de comp\u00e9tences et besoins de formation\u00a0:<\/strong> Il existe souvent un manque de comp\u00e9tences pour exploiter et g\u00e9rer efficacement les syst\u00e8mes d\u2019IA. Le personnel des restaurants peut avoir besoin d&#039;une formation approfondie pour utiliser efficacement les nouvelles technologies, ce qui peut \u00eatre un processus gourmand en ressources.<\/li>\n\n\n\n<li><strong>Confidentialit\u00e9 des clients et s\u00e9curit\u00e9 des donn\u00e9es\u00a0:<\/strong> Avec l\u2019utilisation croissante de l\u2019IA, les pr\u00e9occupations concernant la confidentialit\u00e9 et la s\u00e9curit\u00e9 des donn\u00e9es des clients deviennent primordiales. Les restaurants doivent s&#039;assurer qu&#039;ils se conforment aux r\u00e9glementations en mati\u00e8re de protection des donn\u00e9es et que les informations des clients sont trait\u00e9es en toute s\u00e9curit\u00e9.<\/li>\n\n\n\n<li><strong>Maintenir le contact humain\u00a0:<\/strong> Dans le secteur h\u00f4telier, l\u2019\u00e9l\u00e9ment humain est crucial. Trouver un \u00e9quilibre entre l\u2019automatisation et le besoin d\u2019interaction personnelle est un d\u00e9fi, car les clients appr\u00e9cient souvent la touche personnelle qui accompagne les exp\u00e9riences culinaires.<\/li>\n\n\n\n<li><strong>Mesurer le retour sur investissement et l&#039;impact\u00a0:<\/strong> Determining the return on investment (ROI) and the tangible impact of AI and automation on restaurant operations can be challenging. Quantifying <a title=\"Comment am\u00e9liorer la satisfaction client et ravir les clients insatisfaits\" data-wpil-monitor-id=\"9172\" href=\"https:\/\/www.sisinternational.com\/fr\/ameliorer-la-relation-client\/\">improvements in customer satisfaction<\/a> or operational efficiency requires careful monitoring and analysis.<\/li>\n<\/ul>\n\n\n\n<h2 class=\"wp-block-heading\">Solutions SIS : Conseil en Automatisation de Restaurant et Intelligence Artificielle<\/h2>\n\n\n\n<p>At SIS, we specialize in providing comprehensive solutions for restaurants seeking to leverage <a title=\"Conseil en automatisation de l&#039;industrie technologique et en intelligence artificielle\" href=\"https:\/\/www.sisinternational.com\/fr\/solutions\/ai-etudes-de-marche-et-conseil-en-strategie\/technologie-industrie-automatisation-conseil-en-intelligence-artificielle\/\" data-wpil-monitor-id=\"9170\">automation and artificial intelligence technologies<\/a> to optimize their operations and enhance customer experiences. Our restaurant automation and artificial intelligence consulting services are designed to address the unique challenges and opportunities within the hospitality industry, delivering tailored strategies that drive innovation and efficiency. Here&#8217;s how we can help:<\/p>\n\n\n\n<ul class=\"wp-block-list\">\n<li><strong>Analyse strat\u00e9gique et solutions personnalis\u00e9es\u00a0:<\/strong> Nos consultants effectuent des analyses strat\u00e9giques approfondies pour comprendre les objectifs et les d\u00e9fis sp\u00e9cifiques de votre restaurant. Nous d\u00e9veloppons ensuite des solutions d&#039;IA personnalis\u00e9es adapt\u00e9es \u00e0 votre mod\u00e8le commercial, qu&#039;il s&#039;agisse de rationaliser les op\u00e9rations de cuisine, d&#039;am\u00e9liorer le service client ou d&#039;am\u00e9liorer les efforts de marketing.<\/li>\n\n\n\n<li><strong>Exp\u00e9rience client am\u00e9lior\u00e9e\u00a0:<\/strong> Gr\u00e2ce \u00e0 des solutions de personnalisation et de service client bas\u00e9es sur l&#039;IA, nous contribuons \u00e0 cr\u00e9er des exp\u00e9riences culinaires m\u00e9morables qui incitent les clients \u00e0 revenir. Des recommandations de menus personnalis\u00e9es aux chatbots pilot\u00e9s par l&#039;IA pour les r\u00e9servations et les demandes de renseignements, nous veillons \u00e0 ce que chaque interaction laisse une impression durable.<\/li>\n\n\n\n<li><strong>Informations et prise de d\u00e9cision bas\u00e9es sur les donn\u00e9es\u00a0:<\/strong> Our AI analytics tools provide valuable insights into customer preferences, market trends, and operational performance. <\/li>\n\n\n\n<li><strong>Formation et soutien\u00a0:<\/strong> Nous proposons des programmes de formation complets pour garantir que votre personnel est \u00e9quip\u00e9 pour utiliser efficacement les technologies d\u2019IA. Nos services d\u2019assistance continus garantissent une mise en \u0153uvre fluide et r\u00e9pondent \u00e0 tous les d\u00e9fis ou questions qui surviennent en cours de route.<\/li>\n\n\n\n<li><strong>Int\u00e9gration avec les syst\u00e8mes existants\u00a0:<\/strong> Nos consultants assurent une int\u00e9gration transparente des solutions d&#039;IA avec vos syst\u00e8mes et processus de restaurant existants. Nous minimisons les perturbations et maximisons la valeur de votre investissement en exploitant efficacement votre infrastructure actuelle.<\/li>\n\n\n\n<li><strong>Surveillance et optimisation des performances\u00a0:<\/strong> Nous \u00e9tablissons des indicateurs cl\u00e9s de performance (KPI) pour suivre l&#039;impact de nos solutions d&#039;IA sur la performance de votre restaurant. Des examens et des optimisations r\u00e9guliers garantissent que vos op\u00e9rations s&#039;am\u00e9liorent continuellement et offrent une valeur maximale.<\/li>\n<\/ul>\n\n\n\n<p>Nos relations de longue date avec des sp\u00e9cialistes du secteur nous permettent de rester \u00e0 la pointe du conseil en automatisation de restauration et en intelligence artificielle. L&#039;\u00e9quipe strat\u00e9gique de SIS travaille en \u00e9troite collaboration avec notre r\u00e9seau mondial de bureaux pour fournir les derni\u00e8res informations et innovations dans le domaine, garantissant ainsi que votre restaurant reste comp\u00e9titif et prosp\u00e8re sur le march\u00e9 dynamique d&#039;aujourd&#039;hui.<\/p>","protected":false},"excerpt":{"rendered":"<p>L&#039;automatisation des restaurants et la technologie d&#039;IA de conseil en intelligence artificielle sont int\u00e9gr\u00e9es pour am\u00e9liorer les op\u00e9rations dans le secteur de la restauration.<\/p>","protected":false},"author":1,"featured_media":70815,"parent":44406,"menu_order":28,"comment_status":"closed","ping_status":"closed","template":"","meta":{"footnotes":""},"class_list":["post-44783","page","type-page","status-publish","has-post-thumbnail"],"_links":{"self":[{"href":"https:\/\/www.sisinternational.com\/fr\/wp-json\/wp\/v2\/pages\/44783","targetHints":{"allow":["GET"]}}],"collection":[{"href":"https:\/\/www.sisinternational.com\/fr\/wp-json\/wp\/v2\/pages"}],"about":[{"href":"https:\/\/www.sisinternational.com\/fr\/wp-json\/wp\/v2\/types\/page"}],"author":[{"embeddable":true,"href":"https:\/\/www.sisinternational.com\/fr\/wp-json\/wp\/v2\/users\/1"}],"replies":[{"embeddable":true,"href":"https:\/\/www.sisinternational.com\/fr\/wp-json\/wp\/v2\/comments?post=44783"}],"version-history":[{"count":4,"href":"https:\/\/www.sisinternational.com\/fr\/wp-json\/wp\/v2\/pages\/44783\/revisions"}],"predecessor-version":[{"id":83072,"href":"https:\/\/www.sisinternational.com\/fr\/wp-json\/wp\/v2\/pages\/44783\/revisions\/83072"}],"up":[{"embeddable":true,"href":"https:\/\/www.sisinternational.com\/fr\/wp-json\/wp\/v2\/pages\/44406"}],"wp:featuredmedia":[{"embeddable":true,"href":"https:\/\/www.sisinternational.com\/fr\/wp-json\/wp\/v2\/media\/70815"}],"wp:attachment":[{"href":"https:\/\/www.sisinternational.com\/fr\/wp-json\/wp\/v2\/media?parent=44783"}],"curies":[{"name":"wp","href":"https:\/\/api.w.org\/{rel}","templated":true}]}}