{"id":44779,"date":"2024-01-07T12:11:20","date_gmt":"2024-01-07T17:11:20","guid":{"rendered":"https:\/\/www.sisinternational.com\/?page_id=44779"},"modified":"2026-02-18T13:45:53","modified_gmt":"2026-02-18T18:45:53","slug":"conseil-en-intelligence-artificielle-et-veille-concurrentielle","status":"publish","type":"page","link":"https:\/\/www.sisinternational.com\/fr\/solutions\/ai-etudes-de-marche-et-conseil-en-strategie\/conseil-en-intelligence-artificielle-et-veille-concurrentielle\/","title":{"rendered":"Intelligence artificielle Conseil en intelligence \u00e9conomique"},"content":{"rendered":"<h1 class=\"wp-block-heading\">Intelligence artificielle Conseil en intelligence \u00e9conomique<\/h1>\n\n\n\n<figure class=\"gb-block-image gb-block-image-3620b4d2\"><img loading=\"lazy\" decoding=\"async\" width=\"1456\" height=\"816\" class=\"gb-image gb-image-3620b4d2\" src=\"https:\/\/www.sisinternational.com\/wp-content\/uploads\/2025\/09\/Research-18.jpg\" alt=\"\u00c9tudes de march\u00e9 et strat\u00e9gie internationales SIS\" title=\"Research (18)\" srcset=\"https:\/\/www.sisinternational.com\/wp-content\/uploads\/2025\/09\/Research-18.jpg 1456w, https:\/\/www.sisinternational.com\/wp-content\/uploads\/2025\/09\/Research-18-300x168.jpg 300w, https:\/\/www.sisinternational.com\/wp-content\/uploads\/2025\/09\/Research-18-1024x574.jpg 1024w, https:\/\/www.sisinternational.com\/wp-content\/uploads\/2025\/09\/Research-18-768x430.jpg 768w, https:\/\/www.sisinternational.com\/wp-content\/uploads\/2025\/09\/Research-18-18x10.jpg 18w\" sizes=\"auto, (max-width: 1456px) 100vw, 1456px\"><\/figure>\n\n\n\n<p><\/p>\n\n\n\n<p>Dans un monde o\u00f9 les donn\u00e9es sont reines, comment une entreprise peut-elle garder une longueur d\u2019avance et d\u00e9jouer ses concurrents ? Le conseil en veille concurrentielle en intelligence artificielle est une approche de pointe qui donne aux entreprises des informations plus approfondies, des analyses pr\u00e9dictives et une prospective strat\u00e9gique, leur permettant non seulement de suivre le rythme, mais aussi de devenir leader dans leurs secteurs respectifs.<\/p>\n\n\n\n<h2 class=\"wp-block-heading\">Qu\u2019est-ce que le conseil en intelligence \u00e9conomique en intelligence artificielle ?<\/h2>\n\n\n\n<p>Le conseil en veille concurrentielle en intelligence artificielle fusionne les capacit\u00e9s analytiques de l\u2019IA avec l\u2019orientation strat\u00e9gique de la veille concurrentielle. Cette approche transforme la mani\u00e8re dont les entreprises collectent, analysent et utilisent les informations sur leur environnement de march\u00e9, leurs concurrents et leurs propres capacit\u00e9s.<\/p>\n\n\n\n<h2 class=\"wp-block-heading\">Pourquoi les entreprises ont-elles besoin de conseils en intelligence artificielle et en intelligence \u00e9conomique\u00a0?<\/h2>\n\n\n\n<p>Le conseil en veille concurrentielle en intelligence artificielle offre aux entreprises l&#039;agilit\u00e9 n\u00e9cessaire pour s&#039;adapter rapidement \u00e0 ces changements, pr\u00e9voir les tendances du march\u00e9 et garder une longueur d&#039;avance sur leurs concurrents. Il permet aux entreprises d\u2019identifier et de capitaliser plus rapidement sur les opportunit\u00e9s \u00e9mergentes.<\/p>\n\n\n\n<p>Furthermore, AI competitive <a title=\"Law Firm Competitive Analysis\" href=\"https:\/\/www.sisinternational.com\/fr\/solutions\/legal-market-research\/law-firm-competitive-analysis\/\" data-wpil-monitor-id=\"927\">intelligence consulting<\/a> provides in-depth benchmarking and analysis, offering a clear picture of where a company stands in the market and where it needs to improve. AI helps businesses allocate their resources more efficiently, whether it&#8217;s marketing spend, R&amp;D investments, or operational efforts.<\/p>\n\n\n\n<h2 class=\"wp-block-heading\">Les avantages exceptionnels de l\u2019intelligence artificielle Conseil en intelligence \u00e9conomique<\/h2>\n\n\n\n<p>Engaging in artificial intelligence competitive intelligence consulting offers benefits that can significantly impact a business&#8217;s <a title=\"Le besoin de veille concurrentielle en p\u00e9riode de r\u00e9cession\" data-wpil-monitor-id=\"2178\" href=\"https:\/\/www.sisinternational.com\/fr\/le-besoin-de-veille-concurrentielle-dans-cette-recession\/\">strat\u00e9gie<\/a>, operations, and overall success. Let\u2019s explore the key benefits of this consulting service.<\/p>\n\n\n\n<ul class=\"wp-block-list\">\n<li><strong>Am\u00e9lioration de la connaissance et de la prospective du march\u00e9\u00a0:<\/strong> L\u2019un des principaux avantages r\u00e9side dans la connaissance approfondie et la pr\u00e9voyance que l\u2019IA apporte sur les tendances et la dynamique du march\u00e9. Les entreprises peuvent acqu\u00e9rir une compr\u00e9hension globale du march\u00e9, pr\u00e9voir les changements \u00e0 venir et adapter leurs strat\u00e9gies en cons\u00e9quence.<\/li>\n\n\n\n<li><strong>Efficacit\u00e9 op\u00e9rationnelle accrue\u00a0:<\/strong> AI tools can identify areas for operational improvement, helping businesses streamline processes, reduce costs, and increase overall efficiency. <\/li>\n\n\n\n<li><strong>Engagement personnalis\u00e9 des consommateurs\u00a0:<\/strong> AI helps in understanding and predicting consumer behavior, enabling businesses to customize their marketing and engagement strategies. <\/li>\n\n\n\n<li><strong>Innovation bas\u00e9e sur les donn\u00e9es\u00a0:<\/strong> Le conseil en veille concurrentielle en IA peut stimuler l\u2019innovation en identifiant de nouvelles opportunit\u00e9s de march\u00e9, les besoins \u00e9mergents des consommateurs et les domaines potentiels de d\u00e9veloppement de produits ou de services.<\/li>\n\n\n\n<li><strong>\u00c9volutivit\u00e9 et adaptabilit\u00e9\u00a0:<\/strong> Les syst\u00e8mes de veille concurrentielle bas\u00e9s sur l&#039;IA sont \u00e9volutifs et adaptables, ce qui les rend adapt\u00e9s aux entreprises de toutes tailles et dans divers secteurs. Ils peuvent cro\u00eetre et \u00e9voluer avec l\u2019entreprise, garantissant ainsi leur pertinence et leur utilit\u00e9 \u00e0 long terme.<\/li>\n<\/ul>\n\n\n\n<h2 class=\"wp-block-heading\">Comment mener des conseils en intelligence concurrentielle en intelligence artificielle<\/h2>\n\n\n\n<p>Mener des conseils en intelligence artificielle et en veille concurrentielle n\u00e9cessite une approche syst\u00e9matique de la collecte, de l\u2019analyse et de l\u2019interpr\u00e9tation des donn\u00e9es pour obtenir des informations commerciales exploitables. Voici comment se d\u00e9roule g\u00e9n\u00e9ralement ce processus de consultation.<\/p>\n\n\n\n<ul class=\"wp-block-list\">\n<li><strong>Identifier les objectifs commerciaux et la port\u00e9e\u00a0:<\/strong> La premi\u00e8re \u00e9tape consiste \u00e0 d\u00e9finir clairement les objectifs commerciaux et la port\u00e9e du projet de conseil. D\u00e9finir la port\u00e9e garantit que l\u2019analyse de l\u2019IA est cibl\u00e9e et pertinente.<\/li>\n\n\n\n<li><strong>Collecte et gestion des donn\u00e9es\u00a0:<\/strong> Cela implique de collecter des donn\u00e9es internes telles que les chiffres de ventes et les commentaires des clients, ainsi que des donn\u00e9es externes telles que les tendances du march\u00e9, les informations sur les concurrents et les rapports du secteur. Les syst\u00e8mes d\u2019IA n\u00e9cessitent des donn\u00e9es compl\u00e8tes et de haute qualit\u00e9 pour produire des informations pr\u00e9cises.<\/li>\n\n\n\n<li><strong>Impl\u00e9mentation d&#039;outils et d&#039;algorithmes d&#039;IA\u00a0:<\/strong> Cela pourrait inclure des mod\u00e8les d\u2019apprentissage automatique pour la reconnaissance de formes, des analyses pr\u00e9dictives pour les pr\u00e9visions ou le traitement du langage naturel pour l\u2019analyse des sentiments. Le choix des outils d\u2019IA d\u00e9pend des besoins sp\u00e9cifiques en mati\u00e8re d\u2019intelligence de l\u2019entreprise.<\/li>\n\n\n\n<li><strong>Analyser les donn\u00e9es et g\u00e9n\u00e9rer des informations\u00a0:<\/strong> Les algorithmes d&#039;IA analysent les donn\u00e9es collect\u00e9es pour d\u00e9couvrir des tendances, des mod\u00e8les et des informations. Cette analyse peut r\u00e9v\u00e9ler les strat\u00e9gies des concurrents, les opportunit\u00e9s de march\u00e9, les risques potentiels et les domaines \u00e0 am\u00e9liorer dans les strat\u00e9gies et les op\u00e9rations de l&#039;entreprise.<\/li>\n\n\n\n<li><strong>Recommandations strat\u00e9giques et rapports\u00a0:<\/strong> The insights derived from AI analysis are then translated into strategic recommendations. <\/li>\n\n\n\n<li><strong>Surveillance continue et adaptation\u00a0:<\/strong> La veille concurrentielle n&#039;est pas une activit\u00e9 ponctuelle ; cela n\u00e9cessite une surveillance continue. Les syst\u00e8mes d&#039;IA peuvent \u00eatre configur\u00e9s pour une analyse continue des donn\u00e9es, permettant aux entreprises de rester inform\u00e9es de la dynamique du march\u00e9 et de leurs concurrents et d&#039;adapter leurs strat\u00e9gies en cons\u00e9quence.<\/li>\n<\/ul>\n\n\n\n<h2 class=\"wp-block-heading\">Qu&#039;est-ce qui distingue ce service de conseil en IA des m\u00e9thodes conventionnelles d&#039;\u00e9tude de march\u00e9\u00a0?<\/h2>\n\n\n\n<p>Le conseil en veille concurrentielle en intelligence artificielle diff\u00e8re consid\u00e9rablement des \u00e9tudes de march\u00e9 traditionnelles par son approche, ses m\u00e9thodologies et ses r\u00e9sultats. Examinons ces diff\u00e9rences en d\u00e9tail.<\/p>\n\n\n\n<ul class=\"wp-block-list\">\n<li><strong>Profondeur et vitesse d&#039;analyse\u00a0:<\/strong> Les \u00e9tudes de march\u00e9 traditionnelles reposent souvent sur des enqu\u00eates, des groupes de discussion et des analyses de donn\u00e9es historiques, qui peuvent prendre du temps et ne pas toujours capturer la dynamique du march\u00e9 en temps r\u00e9el. En revanche, le conseil en veille concurrentielle en IA utilise des algorithmes avanc\u00e9s capables de traiter rapidement de grandes quantit\u00e9s de donn\u00e9es, fournissant ainsi des informations plus approfondies et plus opportunes.<\/li>\n\n\n\n<li><strong>Port\u00e9e de l&#039;analyse des donn\u00e9es\u00a0:<\/strong> AI consulting is capable of analyzing a broader range of data sources, including unstructured data like social media comments, news articles, and industry reports. <\/li>\n\n\n\n<li><strong>Personnalisation et sp\u00e9cificit\u00e9 :<\/strong> Le conseil en veille concurrentielle en IA offre un haut degr\u00e9 de personnalisation. Les outils d&#039;IA peuvent \u00eatre adapt\u00e9s pour analyser des aspects sp\u00e9cifiques du march\u00e9 ou des concurrents, fournissant ainsi des informations directement pertinentes par rapport aux questions strat\u00e9giques de l&#039;entreprise.<\/li>\n\n\n\n<li><strong>Surveillance en temps r\u00e9el et apprentissage continu\u00a0:<\/strong> AI systems can continuously monitor market and competitive dynamics, offering real-time insights. <\/li>\n\n\n\n<li><strong>Int\u00e9gration avec les op\u00e9rations commerciales\u00a0:<\/strong> AI competitive <a title=\"Formation et strat\u00e9gie en veille concurrentielle\" data-wpil-monitor-id=\"6721\" href=\"https:\/\/www.sisinternational.com\/fr\/solutions\/conseil-en-strategie\/formation-et-strategie-en-veille-concurrentielle\/\">intelligence consulting<\/a> is often more deeply integrated into business operations and strategy development. The insights gained are directly applicable to strategic planning, business development, and operational improvements.<\/li>\n<\/ul>\n\n\n\n<h2 class=\"wp-block-heading\">\u00c0 quoi s&#039;attendre de l&#039;intelligence artificielle ? Conseil en intelligence \u00e9conomique<\/h2>\n\n\n\n<p>Les entreprises qui s\u2019engagent dans le conseil en intelligence artificielle et en veille concurrentielle peuvent anticiper un impact transformateur sur leur planification strat\u00e9gique et leur positionnement sur le march\u00e9. Cette approche avanc\u00e9e de l\u2019analyse de march\u00e9 apporte un nouveau niveau de profondeur et de pr\u00e9cision \u00e0 la veille concurrentielle.<\/p>\n\n\n\n<ul class=\"wp-block-list\">\n<li><strong>Analyse compl\u00e8te du march\u00e9 et des concurrents\u00a0:<\/strong> AI consulting offers a thorough analysis of market conditions and competitor activities. Businesses can expect detailed insights into competitors\u2019 strategies, strengths, weaknesses, and potential moves. <\/li>\n\n\n\n<li><strong>Intelligence et surveillance en temps r\u00e9el\u00a0:<\/strong> Les entreprises peuvent s\u2019attendre \u00e0 des renseignements en temps r\u00e9el et \u00e0 une surveillance continue du march\u00e9 et des concurrents. Les syst\u00e8mes d\u2019IA peuvent fournir des mises \u00e0 jour et des alertes continues sur les \u00e9v\u00e9nements importants du march\u00e9 ou les mouvements des concurrents, permettant ainsi des ajustements strat\u00e9giques rapides.<\/li>\n\n\n\n<li><strong>Efficacit\u00e9 op\u00e9rationnelle am\u00e9lior\u00e9e\u00a0:<\/strong> Les informations tir\u00e9es de l\u2019analyse de l\u2019IA peuvent \u00e9galement \u00eatre appliqu\u00e9es pour am\u00e9liorer l\u2019efficacit\u00e9 op\u00e9rationnelle, par exemple en optimisant les cha\u00eenes d\u2019approvisionnement, en am\u00e9liorant les processus de d\u00e9veloppement de produits et en ciblant plus efficacement les efforts de marketing.<\/li>\n<\/ul>\n\n\n\n<h2 class=\"wp-block-heading\">Perspectives de l\u2019intelligence artificielle Conseil en intelligence \u00e9conomique<\/h2>\n\n\n\n<p>The prospects of <a title=\"Croissance \u00e9conomique et commerce Conseil en intelligence artificielle\" href=\"https:\/\/www.sisinternational.com\/fr\/solutions\/ai-etudes-de-marche-et-conseil-en-strategie\/croissance-economique-commerce-conseil-en-intelligence-artificielle\/\" data-wpil-monitor-id=\"1141\">Artificial Intelligence in the field of competitive<\/a> Intelligence consulting are highly promising and are expected to redefine the landscape of market analysis, business strategy, and competitive dynamics.<\/p>\n\n\n\n<ul class=\"wp-block-list\">\n<li><strong>Surveillance concurrentielle en temps r\u00e9el\u00a0:<\/strong> AI enables real-time monitoring of competitors. It can track changes in competitors\u2019 strategies, product launches, pricing adjustments, and marketing campaigns, providing businesses with up-to-the-minute intelligence. <\/li>\n\n\n\n<li><strong>Prise de d\u00e9cision am\u00e9lior\u00e9e\u00a0:<\/strong> By providing comprehensive and accurate competitive intelligence, AI enables better-informed decision-making at all levels of an organization. <\/li>\n\n\n\n<li><strong>Int\u00e9gration avec l&#039;expertise humaine\u00a0:<\/strong> Les syst\u00e8mes CI bas\u00e9s sur l\u2019IA les plus efficaces int\u00e9greront avec succ\u00e8s l\u2019IA \u00e0 l\u2019expertise humaine. Les analystes humains fournissent un contexte, une compr\u00e9hension des dynamiques nuanc\u00e9es de l\u2019industrie et un jugement \u00e9thique que l\u2019IA seule ne peut pas fournir.<\/li>\n<\/ul>\n\n\n\n<h2 class=\"wp-block-heading\">Solutions SIS : Intelligence artificielle Intelligence concurrentielle<\/h2>\n\n\n\n<h4 class=\"wp-block-heading\">SIS adopte une approche globale et int\u00e9gr\u00e9e en mati\u00e8re d&#039;Intelligence Artificielle et d&#039;Intelligence Concurrentielle<\/h4>\n\n\n\n<p>Nous proposons des informations et des strat\u00e9gies pour naviguer dans le paysage concurrentiel de l\u2019IA, en nous concentrant sur les tendances du march\u00e9, les strat\u00e9gies des concurrents et les opportunit\u00e9s d\u2019innovation. Notre approche transforme les informations en informations exploitables, en consid\u00e9rant la veille concurrentielle de l\u2019IA avec une vue compl\u00e8te du march\u00e9. Nos solutions sur mesure sont con\u00e7ues pour fournir un avantage strat\u00e9gique.<\/p>\n\n\n\n<ul class=\"wp-block-list\">\n<li>Analyse et pr\u00e9visions de march\u00e9<\/li>\n\n\n\n<li>Analyse de la concurrence<\/li>\n\n\n\n<li>Recherche d&#039;innovation<\/li>\n\n\n\n<li>Planification strat\u00e9gique<\/li>\n\n\n\n<li>L&#039;\u00e9valuation des risques<\/li>\n\n\n\n<li>Identification des opportunit\u00e9s<\/li>\n\n\n\n<li>Assistance \u00e0 la mise en \u0153uvre<\/li>\n<\/ul>\n\n\n\n<h3 class=\"wp-block-heading\"><span style=\"font-weight: 400;\">Permettez \u00e0 SIS International Research d\u2019\u00eatre votre pont vers de meilleures affaires en cette p\u00e9riode d\u2019opportunit\u00e9s incroyables.<\/span><\/h3>\n\n\n\n<h2 class=\"wp-block-heading\">&nbsp;<\/h2>","protected":false},"excerpt":{"rendered":"<p>Le conseil en veille concurrentielle en intelligence artificielle donne aux entreprises les informations, les analyses et la prospective n\u00e9cessaires pour diriger leur secteur.<\/p>","protected":false},"author":1,"featured_media":69513,"parent":44406,"menu_order":27,"comment_status":"closed","ping_status":"closed","template":"","meta":{"footnotes":""},"class_list":["post-44779","page","type-page","status-publish","has-post-thumbnail"],"_links":{"self":[{"href":"https:\/\/www.sisinternational.com\/fr\/wp-json\/wp\/v2\/pages\/44779","targetHints":{"allow":["GET"]}}],"collection":[{"href":"https:\/\/www.sisinternational.com\/fr\/wp-json\/wp\/v2\/pages"}],"about":[{"href":"https:\/\/www.sisinternational.com\/fr\/wp-json\/wp\/v2\/types\/page"}],"author":[{"embeddable":true,"href":"https:\/\/www.sisinternational.com\/fr\/wp-json\/wp\/v2\/users\/1"}],"replies":[{"embeddable":true,"href":"https:\/\/www.sisinternational.com\/fr\/wp-json\/wp\/v2\/comments?post=44779"}],"version-history":[{"count":9,"href":"https:\/\/www.sisinternational.com\/fr\/wp-json\/wp\/v2\/pages\/44779\/revisions"}],"predecessor-version":[{"id":83036,"href":"https:\/\/www.sisinternational.com\/fr\/wp-json\/wp\/v2\/pages\/44779\/revisions\/83036"}],"up":[{"embeddable":true,"href":"https:\/\/www.sisinternational.com\/fr\/wp-json\/wp\/v2\/pages\/44406"}],"wp:featuredmedia":[{"embeddable":true,"href":"https:\/\/www.sisinternational.com\/fr\/wp-json\/wp\/v2\/media\/69513"}],"wp:attachment":[{"href":"https:\/\/www.sisinternational.com\/fr\/wp-json\/wp\/v2\/media?parent=44779"}],"curies":[{"name":"wp","href":"https:\/\/api.w.org\/{rel}","templated":true}]}}