{"id":44771,"date":"2024-01-07T11:49:54","date_gmt":"2024-01-07T16:49:54","guid":{"rendered":"https:\/\/www.sisinternational.com\/?page_id=44771"},"modified":"2026-02-18T13:14:13","modified_gmt":"2026-02-18T18:14:13","slug":"conseil-en-intelligence-artificielle-pour-lautomatisation-des-boissons","status":"publish","type":"page","link":"https:\/\/www.sisinternational.com\/fr\/solutions\/ai-etudes-de-marche-et-conseil-en-strategie\/conseil-en-intelligence-artificielle-pour-lautomatisation-des-boissons\/","title":{"rendered":"Conseil en automatisation des boissons et intelligence artificielle"},"content":{"rendered":"<h1 class=\"wp-block-heading\">Conseil en automatisation des boissons et intelligence artificielle<\/h1>\n\n\n\n<figure class=\"gb-block-image gb-block-image-7efdea84\"><img loading=\"lazy\" decoding=\"async\" width=\"1456\" height=\"816\" class=\"gb-image gb-image-7efdea84\" src=\"https:\/\/www.sisinternational.com\/wp-content\/uploads\/2025\/08\/Beverages-4.jpg\" alt=\"\u00c9tudes de march\u00e9 et strat\u00e9gie internationales SIS\" title=\"Beverages (4)\" srcset=\"https:\/\/www.sisinternational.com\/wp-content\/uploads\/2025\/08\/Beverages-4.jpg 1456w, https:\/\/www.sisinternational.com\/wp-content\/uploads\/2025\/08\/Beverages-4-300x168.jpg 300w, https:\/\/www.sisinternational.com\/wp-content\/uploads\/2025\/08\/Beverages-4-1024x574.jpg 1024w, https:\/\/www.sisinternational.com\/wp-content\/uploads\/2025\/08\/Beverages-4-768x430.jpg 768w, https:\/\/www.sisinternational.com\/wp-content\/uploads\/2025\/08\/Beverages-4-18x10.jpg 18w\" sizes=\"auto, (max-width: 1456px) 100vw, 1456px\"><\/figure>\n\n\n\n<p><\/p>\n\n\n\n<p>Le domaine \u00e9mergent de l\u2019automatisation des boissons et du conseil en intelligence artificielle est une preuve \u00e9clatante de cette \u00e8re de transformation. L&#039;int\u00e9gration de l&#039;IA dans l&#039;automatisation des boissons constitue un changement de paradigme, ouvrant de nouveaux horizons en mati\u00e8re d&#039;efficacit\u00e9, de personnalisation et de durabilit\u00e9.<\/p>\n\n\n\n<h2 class=\"wp-block-heading\">Le conseil \u00e9mergent en automatisation des boissons et en intelligence artificielle<\/h2>\n\n\n\n<p>Le conseil en automatisation des boissons et en intelligence artificielle consiste \u00e0 exploiter strat\u00e9giquement l\u2019IA pour transformer et am\u00e9liorer tous les aspects de la production, de la distribution et du marketing des boissons.<\/p>\n\n\n\n<p>Consultants in this field possess a deep understanding of both the <a title=\"\u00c9tude de march\u00e9 sur la technologie des aliments et des boissons | Technologie alimentaire\" data-wpil-monitor-id=\"10517\" href=\"https:\/\/www.sisinternational.com\/fr\/competence\/les-industries\/etude-de-marche-sur-la-technologie-des-boissons-alimentaires\/\">beverage sector and AI technologies<\/a>. They work closely with beverage companies to identify areas where AI can bring the most significant benefits, such as production optimization, quality control, supply chain management, and consumer engagement. Consultants guide companies through this integration, ensuring that AI solutions are compatible with existing infrastructure and workflows. <\/p>\n\n\n\n<h2 class=\"wp-block-heading\">Pourquoi la consultation en intelligence artificielle est-elle un outil crucial dans l\u2019automatisation des boissons\u00a0?<\/h2>\n\n\n\n<p>Beverage automation and <a title=\"Conseil en intelligence artificielle dans le secteur de l&#039;alimentation et des boissons\" data-wpil-monitor-id=\"2006\" href=\"https:\/\/www.sisinternational.com\/fr\/solutions\/ai-etudes-de-marche-et-conseil-en-strategie\/conseil-en-intelligence-artificielle-pour-boissons-alimentaires\/\">artificial intelligence consulting<\/a> help beverage companies achieve unparalleled efficiency in their production processes. AI algorithms can optimize operations, reduce waste, and ensure product consistency. <\/p>\n\n\n\n<p>This consulting also enables companies to analyze vast amounts of consumer data, providing insights into current and emerging trends. Moreover, beverage automation and <a title=\"Automatisation des mines et des ressources naturelles et conseil en IA\" href=\"https:\/\/www.sisinternational.com\/fr\/solutions\/ai-etudes-de-marche-et-conseil-en-strategie\/automatisation-des-ressources-naturelles-minieres-conseil-en-intelligence-artificielle\/\" data-wpil-monitor-id=\"5500\">artificial intelligence consulting<\/a> aid in developing strategies for more sustainable practices such as optimizing resource use and reducing waste.<\/p>\n\n\n\n<h3 class=\"wp-block-heading\">Facteurs cl\u00e9s de succ\u00e8s<\/h3>\n\n\n\n<p>The successful integration of <a title=\"Conseil en Automatisation Industrielle et Intelligence Artificielle\" href=\"https:\/\/www.sisinternational.com\/fr\/solutions\/ai-etudes-de-marche-et-conseil-en-strategie\/conseil-en-intelligence-artificielle-en-automatisation-industrielle\/\" data-wpil-monitor-id=\"10515\">artificial intelligence in beverage automation<\/a> hinges on several key factors. Let\u2019s explore the essential success factors in beverage automation and artificial intelligence consulting.<\/p>\n\n\n\n<ul class=\"wp-block-list\">\n<li><strong>Qualit\u00e9 et int\u00e9gration des donn\u00e9es\u00a0:<\/strong> La mise en \u0153uvre efficace de l\u2019IA repose en grande partie sur la qualit\u00e9 et l\u2019int\u00e9gration des donn\u00e9es. La collecte de donn\u00e9es compl\u00e8tes, pr\u00e9cises et opportunes \u00e0 partir de diverses sources, notamment les lignes de production, la logistique de la cha\u00eene d&#039;approvisionnement et les commentaires des consommateurs, est essentielle.<\/li>\n\n\n\n<li><strong>Expertise en IA et connaissance de l\u2019industrie des boissons\u00a0:<\/strong> Il est essentiel de disposer d\u2019une \u00e9quipe poss\u00e9dant une expertise \u00e0 la fois dans l\u2019IA et dans l\u2019industrie des boissons. Ce m\u00e9lange de connaissances techniques et sp\u00e9cifiques \u00e0 l&#039;industrie garantit que les solutions d&#039;IA sont \u00e0 la fois techniquement solides et adapt\u00e9es aux d\u00e9fis et opportunit\u00e9s uniques du secteur des boissons.<\/li>\n\n\n\n<li><strong>Surveillance et am\u00e9lioration continues\u00a0:<\/strong> Les syst\u00e8mes d\u2019IA n\u00e9cessitent une surveillance continue et une am\u00e9lioration continue pour rester efficaces. Des \u00e9valuations et des mises \u00e0 jour r\u00e9guli\u00e8res garantissent que les solutions d&#039;IA continuent de r\u00e9pondre aux besoins changeants de l&#039;industrie des boissons et aux progr\u00e8s technologiques.<\/li>\n<\/ul>\n\n\n\n<h2 class=\"wp-block-heading\">L&#039;impact tangible de l&#039;automatisation des boissons et du conseil en intelligence artificielle<\/h2>\n\n\n\n<p>Engaging in beverage automation and artificial intelligence consulting opens up a world of possibilities for beverage companies. Here\u2019s what beverage companies can expect when they embark on this journey.<\/p>\n\n\n\n<ul class=\"wp-block-list\">\n<li><strong>Contr\u00f4le qualit\u00e9 avanc\u00e9\u00a0:<\/strong> Beverage automation and artificial intelligence consulting can introduce advanced quality control mechanisms. Using AI algorithms, companies can monitor production in real-time, ensuring that every product meets stringent quality standards. <\/li>\n\n\n\n<li><strong>Aper\u00e7us du march\u00e9 bas\u00e9s sur les donn\u00e9es\u00a0:<\/strong> Beverage companies can expect to gain deep <a title=\"Global Beverage Market: Market Dynamics, Growth Projections &amp; Consumer Insights\" data-wpil-monitor-id=\"10513\" href=\"https:\/\/www.sisinternational.com\/fr\/global-beverage-market\/\">insights into market trends and consumer<\/a> preferences through data analysis. Beverage automation and artificial intelligence consulting can help companies process vast amounts of market data, identifying emerging trends and enabling companies to adapt their <a title=\"FinTech Trends\" data-wpil-monitor-id=\"10507\" href=\"https:\/\/www.sisinternational.com\/fr\/fintech-trends-2025\/\">strategies<\/a> to changing consumer tastes and demands.<\/li>\n\n\n\n<li><strong>Personnalisation et engagement des consommateurs\u00a0:<\/strong> AI enables a higher degree of product personalization and consumer engagement. <\/li>\n<\/ul>\n\n\n\n<h2 class=\"wp-block-heading\">Tendances actuelles en mati\u00e8re d&#039;automatisation des boissons et de conseil en intelligence artificielle<\/h2>\n\n\n\n<p>Le domaine de l\u2019automatisation des boissons et du conseil en intelligence artificielle est en constante \u00e9volution. Il est donc crucial pour les entreprises qui cherchent \u00e0 exploiter efficacement l\u2019IA dans leurs op\u00e9rations de se tenir au courant de ces tendances.<\/p>\n\n\n\n<ul class=\"wp-block-list\">\n<li><strong>Accent accru sur l&#039;exp\u00e9rience du consommateur\u00a0:<\/strong> L\u2019accent est de plus en plus mis sur l\u2019am\u00e9lioration de l\u2019exp\u00e9rience du consommateur gr\u00e2ce \u00e0 l\u2019IA. Cela inclut des recommandations de produits personnalis\u00e9es, des strat\u00e9gies marketing bas\u00e9es sur l&#039;IA et des plateformes interactives d&#039;engagement des consommateurs. Les entreprises exploitent l\u2019IA pour \u00e9tablir des liens plus solides avec leurs clients et adapter leurs offres aux pr\u00e9f\u00e9rences individuelles.<\/li>\n\n\n\n<li><strong>Int\u00e9gration de l&#039;IoT dans la production de boissons\u00a0:<\/strong> L&#039;Internet des objets (IoT) est de plus en plus int\u00e9gr\u00e9 aux processus de production de boissons. Des capteurs et des appareils connect\u00e9s sont utilis\u00e9s pour surveiller les lignes de production, g\u00e9rer les stocks et garantir des conditions de fonctionnement optimales.<\/li>\n\n\n\n<li><strong>Accent sur la durabilit\u00e9\u00a0:<\/strong> La durabilit\u00e9 est une tendance cl\u00e9 dans l\u2019automatisation des boissons. L&#039;IA est utilis\u00e9e pour d\u00e9velopper des pratiques de production plus durables telles que l&#039;optimisation de l&#039;utilisation de l&#039;eau, la r\u00e9duction de la consommation d&#039;\u00e9nergie et la minimisation des d\u00e9chets.<\/li>\n\n\n\n<li><strong>Avanc\u00e9es dans les technologies de contr\u00f4le qualit\u00e9\u00a0:<\/strong> Advancements in AI technologies are enabling more sophisticated quality control methods. Machine learning algorithms are used for detecting anomalies in products and ensuring consistent quality. <\/li>\n<\/ul>\n\n\n\n<h2 class=\"wp-block-heading\">Technologies et outils d&#039;IA dans l&#039;automatisation des boissons<\/h2>\n\n\n\n<p>Les innovations remod\u00e8lent l\u2019industrie des boissons, en am\u00e9liorant l\u2019efficacit\u00e9, la qualit\u00e9 et l\u2019engagement des consommateurs \u2013 et ce sont l\u00e0 quelques-unes des principales technologies qui jouent un r\u00f4le transformateur dans l\u2019automatisation des boissons.<\/p>\n\n\n\n<ul class=\"wp-block-list\">\n<li><strong>Robotique et syst\u00e8mes automatis\u00e9s\u00a0:<\/strong> La robotique joue un r\u00f4le important dans l&#039;automatisation des t\u00e2ches r\u00e9p\u00e9titives dans la production de boissons, telles que l&#039;embouteillage, l&#039;emballage et la palettisation. Les syst\u00e8mes automatis\u00e9s augmentent la vitesse de production, am\u00e9liorent la pr\u00e9cision et r\u00e9duisent le risque d&#039;erreur humaine, conduisant ainsi \u00e0 une efficacit\u00e9 accrue et \u00e0 une r\u00e9duction des co\u00fbts.<\/li>\n\n\n\n<li><strong>Vision par ordinateur pour le contr\u00f4le qualit\u00e9\u00a0:<\/strong> Les syst\u00e8mes de vision par ordinateur sont utilis\u00e9s pour le contr\u00f4le qualit\u00e9 dans la production de boissons. Ces syst\u00e8mes peuvent inspecter les produits \u00e0 la recherche de d\u00e9fauts, garantir l\u2019int\u00e9grit\u00e9 de l\u2019emballage et m\u00eame surveiller les lignes de production pour v\u00e9rifier la conformit\u00e9 en mati\u00e8re de s\u00e9curit\u00e9, garantissant ainsi que chaque produit r\u00e9pond aux normes requises.<\/li>\n\n\n\n<li><strong>R\u00e9seaux de neurones artificiels (ANN)\u00a0:<\/strong> Les ANN sont utilis\u00e9s pour des processus d\u00e9cisionnels plus complexes tels que le profilage des ar\u00f4mes et le d\u00e9veloppement de produits. Ils peuvent analyser des mod\u00e8les complexes de donn\u00e9es pour aider \u00e0 cr\u00e9er de nouvelles formulations de boissons qui s&#039;alignent sur les tendances actuelles du march\u00e9 et les pr\u00e9f\u00e9rences des consommateurs.<\/li>\n<\/ul>\n\n\n\n<h2 class=\"wp-block-heading\">Opportunit\u00e9s et d\u00e9fis dans le domaine de l&#039;automatisation des boissons et du conseil en intelligence artificielle<\/h2>\n\n\n\n<p>L\u2019int\u00e9gration de l\u2019IA dans l\u2019automatisation des boissons pr\u00e9sente un paysage riche en opportunit\u00e9s mais \u00e9galement marqu\u00e9 par certains d\u00e9fis. Examinons les principales opportunit\u00e9s et d\u00e9fis dans ce domaine.<\/p>\n\n\n\n<h3 class=\"wp-block-heading\">Opportunit\u00e9s<\/h3>\n\n\n\n<ul class=\"wp-block-list\">\n<li><strong>D\u00e9veloppement de produits innovants\u00a0:<\/strong> L\u2019IA ouvre les portes au d\u00e9veloppement de produits innovants, permettant aux entreprises d\u2019exp\u00e9rimenter de nouvelles saveurs et formulations bas\u00e9es sur des informations bas\u00e9es sur les donn\u00e9es des consommateurs. Cela peut conduire \u00e0 la cr\u00e9ation de produits uniques r\u00e9pondant \u00e0 l\u2019\u00e9volution des tendances du march\u00e9.<\/li>\n\n\n\n<li><strong>Contr\u00f4le qualit\u00e9 avanc\u00e9\u00a0:<\/strong> La mise en \u0153uvre de l\u2019IA dans le contr\u00f4le qualit\u00e9 offre la possibilit\u00e9 de maintenir des normes de produits constamment \u00e9lev\u00e9es. La surveillance en temps r\u00e9el et la maintenance pr\u00e9dictive garantissent que les produits r\u00e9pondent aux crit\u00e8res de qualit\u00e9, renfor\u00e7ant ainsi la r\u00e9putation de la marque.<\/li>\n\n\n\n<li><strong>Gestion am\u00e9lior\u00e9e de la cha\u00eene d\u2019approvisionnement\u00a0:<\/strong> L&#039;IA permet une gestion plus intelligente de la cha\u00eene d&#039;approvisionnement en pr\u00e9disant la demande, en optimisant les niveaux de stocks et en rationalisant la logistique. Cela se traduit par des \u00e9conomies de co\u00fbts et une cha\u00eene d\u2019approvisionnement plus r\u00e9active.<\/li>\n<\/ul>\n\n\n\n<h3 class=\"wp-block-heading\">D\u00e9fis<\/h3>\n\n\n\n<ul class=\"wp-block-list\">\n<li><strong>Investissement initial \u00e9lev\u00e9\u00a0:<\/strong> La mise en \u0153uvre de l\u2019IA dans l\u2019automatisation des boissons n\u00e9cessite souvent un investissement initial important en technologie et en infrastructure, ce qui peut constituer un obstacle pour certaines entreprises, en particulier les plus petites.<\/li>\n\n\n\n<li><strong>Manque de comp\u00e9tences et besoins de formation\u00a0:<\/strong> Il existe souvent un manque de comp\u00e9tences dans la compr\u00e9hension et l\u2019exploitation des technologies d\u2019IA. Une formation et un d\u00e9veloppement continus des employ\u00e9s sont n\u00e9cessaires pour g\u00e9rer et utiliser efficacement ces syst\u00e8mes.<\/li>\n\n\n\n<li><strong>Conformit\u00e9 r\u00e9glementaire\u00a0:<\/strong> Naviguer dans un environnement r\u00e9glementaire complexe, en particulier dans un secteur comme celui des boissons, qui est souvent confront\u00e9 \u00e0 des r\u00e9glementations strictes, ajoute un autre niveau de complexit\u00e9 \u00e0 l&#039;int\u00e9gration de l&#039;IA.<\/li>\n<\/ul>\n\n\n\n<h2 class=\"wp-block-heading\">Solutions SIS\u00a0: conseil en automatisation des boissons et en intelligence artificielle<\/h2>\n\n\n\n<p>Nous fournissons des solutions innovantes dans la production, la distribution et la commercialisation de boissons gr\u00e2ce \u00e0 l&#039;utilisation strat\u00e9gique de l&#039;IA, am\u00e9liorant l&#039;efficacit\u00e9, la personnalisation et la durabilit\u00e9. Nos experts guident les entreprises dans l\u2019int\u00e9gration de l\u2019IA aux infrastructures existantes, offrant des avantages en mati\u00e8re d\u2019optimisation de la production, de contr\u00f4le qualit\u00e9, de gestion de la cha\u00eene d\u2019approvisionnement et d\u2019engagement des consommateurs.<\/p>\n\n\n\n<ul class=\"wp-block-list\">\n<li>Qualit\u00e9 et int\u00e9gration des donn\u00e9es<\/li>\n\n\n\n<li>Expertise industrie et IA<\/li>\n\n\n\n<li>Contr\u00f4le continu<\/li>\n\n\n\n<li>Contr\u00f4le qualit\u00e9 avanc\u00e9<\/li>\n\n\n\n<li>Informations bas\u00e9es sur les donn\u00e9es<\/li>\n\n\n\n<li>Personnalisation du consommateur<\/li>\n\n\n\n<li>Pratiques durables<\/li>\n<\/ul>\n\n\n\n<h2 class=\"wp-block-heading\">\u00c0 propos de SIS International<\/h2>\n\n\n\n<p><a title=\"SIS d\u00e9voile sa plateforme de science des donn\u00e9es et d&#039;analyse quantitative\" href=\"https:\/\/www.sisinternational.com\/fr\/sis-devoile-une-plateforme-de-science-des-donnees-et-danalyse-quantitative\/\" data-wpil-monitor-id=\"10508\">SIS International offers Quantitative<\/a>, Qualitative, and Strategy Research. We provide data, tools, strategies, reports and insights for decision-making. We conduct interviews, surveys, <a title=\"\u00c9tude de march\u00e9 par groupe de discussion\" href=\"https:\/\/www.sisinternational.com\/fr\/solutions\/etude-de-marche-en-groupe-de-discussion\/\" data-wpil-monitor-id=\"10510\">focus groups and many other Market Research<\/a> methods and approaches. Contact us for your <a title=\"\u00c9tude de march\u00e9 sur les technologies de nouvelle g\u00e9n\u00e9ration\" href=\"https:\/\/www.sisinternational.com\/fr\/competence\/les-industries\/etude-de-marche-sur-les-technologies-de-nouvelle-generation\/\" data-wpil-monitor-id=\"10512\">next Market Research<\/a> projet.<\/p>","protected":false},"excerpt":{"rendered":"<p>Le conseil en automatisation des boissons et en intelligence artificielle consiste \u00e0 utiliser strat\u00e9giquement l\u2019IA pour transformer tous les aspects de la production de boissons.<\/p>","protected":false},"author":1,"featured_media":62624,"parent":44406,"menu_order":26,"comment_status":"closed","ping_status":"closed","template":"","meta":{"footnotes":""},"class_list":["post-44771","page","type-page","status-publish","has-post-thumbnail"],"_links":{"self":[{"href":"https:\/\/www.sisinternational.com\/fr\/wp-json\/wp\/v2\/pages\/44771","targetHints":{"allow":["GET"]}}],"collection":[{"href":"https:\/\/www.sisinternational.com\/fr\/wp-json\/wp\/v2\/pages"}],"about":[{"href":"https:\/\/www.sisinternational.com\/fr\/wp-json\/wp\/v2\/types\/page"}],"author":[{"embeddable":true,"href":"https:\/\/www.sisinternational.com\/fr\/wp-json\/wp\/v2\/users\/1"}],"replies":[{"embeddable":true,"href":"https:\/\/www.sisinternational.com\/fr\/wp-json\/wp\/v2\/comments?post=44771"}],"version-history":[{"count":7,"href":"https:\/\/www.sisinternational.com\/fr\/wp-json\/wp\/v2\/pages\/44771\/revisions"}],"predecessor-version":[{"id":83014,"href":"https:\/\/www.sisinternational.com\/fr\/wp-json\/wp\/v2\/pages\/44771\/revisions\/83014"}],"up":[{"embeddable":true,"href":"https:\/\/www.sisinternational.com\/fr\/wp-json\/wp\/v2\/pages\/44406"}],"wp:featuredmedia":[{"embeddable":true,"href":"https:\/\/www.sisinternational.com\/fr\/wp-json\/wp\/v2\/media\/62624"}],"wp:attachment":[{"href":"https:\/\/www.sisinternational.com\/fr\/wp-json\/wp\/v2\/media?parent=44771"}],"curies":[{"name":"wp","href":"https:\/\/api.w.org\/{rel}","templated":true}]}}