{"id":44756,"date":"2024-01-07T11:01:31","date_gmt":"2024-01-07T16:01:31","guid":{"rendered":"https:\/\/www.sisinternational.com\/?page_id=44756"},"modified":"2026-02-18T12:51:35","modified_gmt":"2026-02-18T17:51:35","slug":"consumer-goods-services-automation-ai-consulting","status":"publish","type":"page","link":"https:\/\/www.sisinternational.com\/fr\/solutions\/ai-market-research-and-strategy-consulting\/consumer-goods-services-automation-ai-consulting\/","title":{"rendered":"Automatisation des biens et services de consommation et conseil en IA"},"content":{"rendered":"<h1 class=\"wp-block-heading\">Automatisation des biens et services de consommation et conseil en IA<\/h1>\n\n\n\n<figure class=\"gb-block-image gb-block-image-ce386768\"><img loading=\"lazy\" decoding=\"async\" width=\"1456\" height=\"816\" class=\"gb-image gb-image-ce386768\" src=\"https:\/\/www.sisinternational.com\/wp-content\/uploads\/2025\/08\/Consumer-electronics-4.jpg\" alt=\"SIS International Market Research &amp; Strategy\" title=\"Consumer electronics (4)\" srcset=\"https:\/\/www.sisinternational.com\/wp-content\/uploads\/2025\/08\/Consumer-electronics-4.jpg 1456w, https:\/\/www.sisinternational.com\/wp-content\/uploads\/2025\/08\/Consumer-electronics-4-300x168.jpg 300w, https:\/\/www.sisinternational.com\/wp-content\/uploads\/2025\/08\/Consumer-electronics-4-1024x574.jpg 1024w, https:\/\/www.sisinternational.com\/wp-content\/uploads\/2025\/08\/Consumer-electronics-4-768x430.jpg 768w, https:\/\/www.sisinternational.com\/wp-content\/uploads\/2025\/08\/Consumer-electronics-4-18x10.jpg 18w\" sizes=\"auto, (max-width: 1456px) 100vw, 1456px\"><\/figure>\n\n\n\n<p><\/p>\n\n\n\n<p>L\u2019automatisation des biens et services de consommation et le conseil en intelligence artificielle sont quelques-unes des cl\u00e9s pour r\u00e9ussir \u00e0 l\u2019\u00e8re num\u00e9rique. Il s&#039;agit de r\u00e9imaginer la mani\u00e8re dont les biens et services de consommation sont d\u00e9velopp\u00e9s, fournis et exp\u00e9riment\u00e9s \u00e0 une \u00e9poque o\u00f9 l&#039;IA et l&#039;automatisation offrent des opportunit\u00e9s sans pr\u00e9c\u00e9dent pour innover, am\u00e9liorer l&#039;efficacit\u00e9 et cr\u00e9er des exp\u00e9riences de consommation profond\u00e9ment personnalis\u00e9es.<\/p>\n\n\n\n<h2 class=\"wp-block-heading\">Qu\u2019est-ce que le conseil en intelligence artificielle dans l\u2019automatisation des biens et services de consommation ?<\/h2>\n\n\n\n<p>Ce conseil implique une analyse compl\u00e8te des processus, des d\u00e9fis et des objectifs d&#039;une entreprise dans le secteur des biens et services de consommation. Le conseil en automatisation des biens et services de consommation et en intelligence artificielle \u00e9value divers aspects de l\u2019entreprise \u2013 de la gestion de la production et de la cha\u00eene d\u2019approvisionnement au marketing et \u00e0 l\u2019engagement client \u2013 en identifiant les opportunit\u00e9s o\u00f9 l\u2019IA et l\u2019automatisation peuvent apporter des am\u00e9liorations substantielles.<\/p>\n\n\n\n<p>Unlike generic technology solutions, artificial intelligence consulting in <a title=\"Consumer Packaging Strategy Solutions\" href=\"https:\/\/www.sisinternational.com\/fr\/solutions\/strategy-consulting\/packaging-intelligence\/\" data-wpil-monitor-id=\"6781\">consumer goods and services automation<\/a> focuses on creating bespoke solutions that address the unique challenges and objectives of each business. This could range from deploying machine learning <a title=\"Consumer Choice Modeling\" href=\"https:\/\/www.sisinternational.com\/fr\/solutions\/qualitative-quantitative-research-solutions\/enhancing-product-appeal-through-consumer-choice-modeling\/\" data-wpil-monitor-id=\"1202\">models to forecast consumer<\/a> buying patterns to implementing AI-driven inventory management systems or even integrating chatbots and virtual assistants to enhance customer service.<\/p>\n\n\n\n<h2 class=\"wp-block-heading\">Pourquoi c&#039;est important?<\/h2>\n\n\n\n<p>L&#039;automatisation des biens et services de consommation et le conseil en intelligence artificielle aident les organisations mondiales \u00e0 adapter les exp\u00e9riences, les produits et les services aux pr\u00e9f\u00e9rences individuelles. Cela r\u00e9volutionne la fa\u00e7on dont les entreprises interagissent avec leurs clients. Le conseil en IA et en automatisation pousse \u00e9galement les entreprises \u00e0 explorer de nouvelles fronti\u00e8res, qu&#039;il s&#039;agisse du d\u00e9veloppement de produits, des strat\u00e9gies marketing ou des m\u00e9thodologies de service client. Cette volont\u00e9 constante d\u2019innovation garantit que les entreprises restent pertinentes et en avance sur leurs concurrents.<\/p>\n\n\n\n<h2 class=\"wp-block-heading\">En quoi l\u2019automatisation des biens et services de consommation et le conseil en intelligence artificielle diff\u00e8rent-ils des \u00e9tudes de march\u00e9 traditionnelles ?<\/h2>\n\n\n\n<p>L\u2019automatisation des biens et services de consommation et le conseil en intelligence artificielle exploitent les technologies avanc\u00e9es d\u2019IA pour obtenir des informations plus approfondies et plus dynamiques. Les mod\u00e8les d\u2019IA et d\u2019apprentissage automatique peuvent analyser de grandes quantit\u00e9s de donn\u00e9es, notamment les interactions des consommateurs en temps r\u00e9el, les tendances des m\u00e9dias sociaux et les donn\u00e9es transactionnelles. Cela permet aux entreprises d\u2019acqu\u00e9rir une compr\u00e9hension plus nuanc\u00e9e du comportement, des pr\u00e9f\u00e9rences et des tendances \u00e9mergentes des consommateurs.<\/p>\n\n\n\n<p>De plus, l\u2019automatisation des biens et services de consommation et le conseil en intelligence artificielle offrent un niveau de personnalisation et d\u2019int\u00e9gration que les \u00e9tudes de march\u00e9 traditionnelles ne peuvent \u00e9galer. Les solutions d&#039;IA peuvent \u00eatre adapt\u00e9es aux besoins sp\u00e9cifiques d&#039;une entreprise, en tenant compte des positions uniques sur le march\u00e9, des offres de produits et des donn\u00e9es d\u00e9mographiques des consommateurs. Cette personnalisation garantit que les informations et les strat\u00e9gies d\u00e9velopp\u00e9es sont directement applicables et ont un impact sur l&#039;entreprise.<\/p>\n\n\n\n<p>Le conseil en IA se distingue \u00e9galement par sa capacit\u00e9 \u00e0 int\u00e9grer des informations directement dans les processus op\u00e9rationnels. Les algorithmes d&#039;IA peuvent automatiser et optimiser divers aspects des op\u00e9rations commerciales, de la gestion de la cha\u00eene d&#039;approvisionnement au marketing personnalis\u00e9 et au service client.<\/p>\n\n\n\n<h2 class=\"wp-block-heading\">\u00c0 quoi s&#039;attendre du conseil en mati\u00e8re d&#039;automatisation et d&#039;intelligence artificielle des biens et services de consommation<\/h2>\n\n\n\n<p>S\u2019engager dans l\u2019automatisation des biens et services de consommation et dans le conseil en intelligence artificielle promet une s\u00e9rie d\u2019avantages que les entreprises peuvent anticiper alors qu\u2019elles se lancent dans ce voyage de transformation.<\/p>\n\n\n\n<ul class=\"wp-block-list\">\n<li><strong>Efficacit\u00e9 am\u00e9lior\u00e9e\u00a0:<\/strong> L&#039;automatisation des biens et services de consommation et le conseil en intelligence artificielle rationalisent les op\u00e9rations dans le secteur des biens et services de consommation. Les entreprises peuvent s&#039;attendre \u00e0 une efficacit\u00e9 accrue dans les processus allant de la gestion des stocks au service client, ce qui entra\u00eenera une r\u00e9duction des co\u00fbts et des d\u00e9lais de livraison plus rapides.<\/li>\n\n\n\n<li><strong>Personnalisation:<\/strong> La capacit\u00e9 de personnaliser les produits, les services et les efforts marketing est une caract\u00e9ristique du conseil en IA. Les entreprises peuvent s&#039;attendre \u00e0 offrir des exp\u00e9riences personnalis\u00e9es \u00e0 leurs clients, ce qui se traduit par une satisfaction et une fid\u00e9lit\u00e9 accrues.<\/li>\n\n\n\n<li><strong>Analyses pr\u00e9dictives:<\/strong> L\u2019automatisation des biens et services de consommation et le conseil en intelligence artificielle permettent des capacit\u00e9s pr\u00e9dictives qui vont au-del\u00e0 de l\u2019analyse traditionnelle. Les entreprises peuvent s\u2019attendre \u00e0 anticiper les pr\u00e9f\u00e9rences des consommateurs, les \u00e9volutions du march\u00e9 et les perturbations de la cha\u00eene d\u2019approvisionnement, permettant ainsi d\u2019\u00e9laborer des strat\u00e9gies proactives.<\/li>\n\n\n\n<li><strong>Qualit\u00e9 et s\u00e9curit\u00e9 am\u00e9lior\u00e9es des produits\u00a0:<\/strong> L\u2019automatisation des biens et services de consommation et le conseil en intelligence artificielle contribuent \u00e0 am\u00e9liorer la qualit\u00e9 des produits et les normes de s\u00e9curit\u00e9. Les entreprises peuvent s\u2019attendre \u00e0 livrer des produits r\u00e9pondant \u00e0 des normes de qualit\u00e9 plus \u00e9lev\u00e9es, r\u00e9duisant ainsi les rappels et les probl\u00e8mes de s\u00e9curit\u00e9.<\/li>\n<\/ul>\n\n\n\n<h2 class=\"wp-block-heading\">Tendances actuelles en mati\u00e8re d&#039;automatisation des biens et services de consommation et de conseil en intelligence artificielle<\/h2>\n\n\n\n<p>Staying abreast of current trends is crucial in the ever-evolving landscape of consumer goods and services automation and artificial intelligence consulting. These trends shape the <a title=\"Plusieurs influenceurs dans les achats des consommateurs\" href=\"https:\/\/www.sisinternational.com\/fr\/multiple-constituencies-indirect-influencers-in-consumer-purchasing\/\" data-wpil-monitor-id=\"2289\">strategies<\/a> and technologies that businesses adopt to remain competitive and meet consumer expectations.<\/p>\n\n\n\n<ul class=\"wp-block-list\">\n<li><strong>Hyper-personnalisation\u00a0:<\/strong> Les demandes des consommateurs en mati\u00e8re d&#039;exp\u00e9riences personnalis\u00e9es continuent d&#039;augmenter. L&#039;automatisation des biens et services de consommation et le conseil en intelligence artificielle permettent aux entreprises d&#039;hyper-personnaliser les recommandations de produits, le contenu marketing et les interactions avec les clients.<\/li>\n\n\n\n<li><strong>Commerce vocal\u00a0:<\/strong> Les appareils \u00e0 commande vocale et les assistants virtuels changent la fa\u00e7on dont les consommateurs font leurs achats. Le commerce vocal bas\u00e9 sur l&#039;IA est en plein essor, permettant aux clients d&#039;effectuer des achats et d&#039;acc\u00e9der \u00e0 des informations via des commandes vocales.<\/li>\n\n\n\n<li><strong>R\u00e9alit\u00e9 augment\u00e9e (AR) et r\u00e9alit\u00e9 virtuelle (VR)\u00a0:<\/strong> Les technologies AR et VR am\u00e9liorent l\u2019exp\u00e9rience des consommateurs. Les entreprises exploitent l&#039;IA et la r\u00e9alit\u00e9 virtuelle pour des campagnes marketing, des pr\u00e9sentations de produits et un engagement client plus immersifs et interactifs.<\/li>\n\n\n\n<li><strong>IA conversationnelle\u00a0:<\/strong> Les chatbots et les assistants virtuels aliment\u00e9s par l\u2019IA deviennent la norme dans le service client. Les entreprises doivent anticiper de nouvelles avanc\u00e9es en mati\u00e8re d\u2019IA conversationnelle pour fournir une assistance instantan\u00e9e et personnalis\u00e9e aux clients.<\/li>\n\n\n\n<li><strong>Optimisation du commerce \u00e9lectronique\u00a0:<\/strong> Les outils de commerce \u00e9lectronique bas\u00e9s sur l&#039;IA, tels que la tarification dynamique, les recommandations de produits et la d\u00e9tection des fraudes, sont de plus en plus sophistiqu\u00e9s. Les entreprises doivent s\u2019attendre \u00e0 ce que l\u2019IA am\u00e9liore l\u2019exp\u00e9rience et la s\u00e9curit\u00e9 des achats en ligne.<\/li>\n<\/ul>\n\n\n\n<h2 class=\"wp-block-heading\">Technologies et outils modernes exploit\u00e9s dans l&#039;automatisation des biens et services de consommation et le conseil en intelligence artificielle<\/h2>\n\n\n\n<p>L&#039;automatisation des biens et services de consommation et le conseil en intelligence artificielle exploitent une vari\u00e9t\u00e9 de technologies et d&#039;outils innovants pour stimuler l&#039;innovation et l&#039;efficacit\u00e9 dans l&#039;ensemble du secteur. Comprendre ces technologies est essentiel pour comprendre comment l\u2019IA transforme les op\u00e9rations commerciales et les exp\u00e9riences des consommateurs dans ce secteur.<\/p>\n\n\n\n<ul class=\"wp-block-list\">\n<li><strong>Traitement du langage naturel (NLP)\u00a0:<\/strong> La PNL permet aux machines de comprendre, d\u2019interpr\u00e9ter et de g\u00e9n\u00e9rer le langage humain. Dans ce secteur, la PNL est utilis\u00e9e pour les chatbots, l&#039;analyse des sentiments des avis clients et la g\u00e9n\u00e9ration de contenu, comme les descriptions de produits.<\/li>\n\n\n\n<li><strong>Vision par ordinateur:<\/strong> La vision par ordinateur permet aux machines d&#039;interpr\u00e9ter et d&#039;analyser des donn\u00e9es visuelles telles que des images et des vid\u00e9os. Il est utilis\u00e9 pour des t\u00e2ches telles que la reconnaissance d&#039;images, le contr\u00f4le qualit\u00e9 dans la fabrication et la recherche visuelle dans le commerce \u00e9lectronique.<\/li>\n\n\n\n<li><strong>Internet des objets (IoT)\u00a0:<\/strong> Les appareils IoT collectent et \u00e9changent des donn\u00e9es en temps r\u00e9el. Dans ce secteur, l&#039;IoT est utilis\u00e9 pour surveiller l&#039;\u00e9tat des produits (par exemple, les produits sensibles \u00e0 la temp\u00e9rature), suivre les stocks et collecter des donn\u00e9es sur le comportement des consommateurs via des appareils connect\u00e9s.<\/li>\n\n\n\n<li><strong>Cloud computing:<\/strong> Les plateformes cloud fournissent une infrastructure \u00e9volutive et rentable pour les initiatives d&#039;IA et d&#039;automatisation. Ils permettent aux entreprises d\u2019acc\u00e9der aux ressources informatiques et au stockage selon leurs besoins, facilitant ainsi la mise en \u0153uvre de solutions d\u2019IA.<\/li>\n\n\n\n<li><strong>Cha\u00eene de blocs\u00a0:<\/strong> La technologie Blockchain est utilis\u00e9e pour am\u00e9liorer la transparence et la tra\u00e7abilit\u00e9 de la cha\u00eene d&#039;approvisionnement. Il permet de v\u00e9rifier l\u2019authenticit\u00e9 des produits et de garantir leur origine et leur qualit\u00e9.<\/li>\n<\/ul>\n\n\n\n<h2 class=\"wp-block-heading\">Opportunit\u00e9s et d\u00e9fis dans le domaine de l&#039;automatisation des biens et services de consommation et du conseil en intelligence artificielle<\/h2>\n\n\n\n<p>L\u2019automatisation des biens et services de consommation et le conseil en intelligence artificielle pr\u00e9sentent un \u00e9ventail d\u2019opportunit\u00e9s et de d\u00e9fis pour les entreprises op\u00e9rant dans ce secteur dynamique. Examinons ces opportunit\u00e9s et d\u00e9fis\u00a0:<\/p>\n\n\n\n<h3 class=\"wp-block-heading\">Opportunit\u00e9s<\/h3>\n\n\n\n<ul class=\"wp-block-list\">\n<li><strong>Optimisation de la cha\u00eene d&#039;approvisionnement\u00a0:<\/strong> L&#039;IA aide \u00e0 pr\u00e9voir la demande, \u00e0 g\u00e9rer les stocks et \u00e0 optimiser la logistique. Cela se traduit par une meilleure gestion de la cha\u00eene d\u2019approvisionnement et la capacit\u00e9 de r\u00e9pondre plus efficacement aux demandes des consommateurs.<\/li>\n\n\n\n<li><strong>Innovation:<\/strong> L\u2019IA favorise l\u2019innovation dans les strat\u00e9gies de d\u00e9veloppement de produits et de marketing. Les entreprises peuvent explorer de nouvelles voies de croissance et de diff\u00e9renciation.<\/li>\n\n\n\n<li><strong>R\u00e9duction des co\u00fbts:<\/strong> Gr\u00e2ce \u00e0 l&#039;automatisation, les entreprises peuvent r\u00e9duire les co\u00fbts de main-d&#039;\u0153uvre, minimiser les erreurs et optimiser l&#039;utilisation des ressources. Cela conduit \u00e0 des \u00e9conomies de co\u00fbts significatives au fil du temps.<\/li>\n<\/ul>\n\n\n\n<h3 class=\"wp-block-heading\">D\u00e9fis<\/h3>\n\n\n\n<ul class=\"wp-block-list\">\n<li><strong>Confidentialit\u00e9 et s\u00e9curit\u00e9 des donn\u00e9es\u00a0:<\/strong> La gestion des donn\u00e9es clients et la garantie de leur confidentialit\u00e9 et de leur s\u00e9curit\u00e9 sont primordiales. Les violations de donn\u00e9es peuvent entra\u00eener des cons\u00e9quences juridiques et de r\u00e9putation.<\/li>\n\n\n\n<li><strong>Consid\u00e9rations \u00e9thiques:<\/strong> Les pr\u00e9occupations \u00e9thiques, telles que les pr\u00e9jug\u00e9s dans les algorithmes d\u2019IA, doivent \u00eatre prises en compte. Garantir des pratiques d\u2019IA justes et responsables est un d\u00e9fi permanent.<\/li>\n\n\n\n<li><strong>\u00c9volutivit\u00e9\u00a0:<\/strong> \u00c0 mesure que les entreprises se d\u00e9veloppent, leurs syst\u00e8mes d\u2019IA et d\u2019automatisation doivent \u00e9voluer en cons\u00e9quence. Garantir l\u2019\u00e9volutivit\u00e9 peut \u00eatre un d\u00e9fi, en particulier pour les entreprises en croissance rapide.<\/li>\n<\/ul>\n\n\n\n<h2 class=\"wp-block-heading\">Solutions SIS\u00a0: automatisation des biens et services de consommation et conseil en IA<\/h2>\n\n\n\n<p>Nous fournissons des informations strat\u00e9giques pour tirer parti de l\u2019IA et de l\u2019automatisation pour innover, accro\u00eetre l\u2019efficacit\u00e9 et cr\u00e9er des exp\u00e9riences de consommation personnalis\u00e9es dans le secteur des biens et services de consommation. Nos recherches portent sur la production, la cha\u00eene d&#039;approvisionnement, le marketing et l&#039;engagement client, offrant des solutions sur mesure.<\/p>\n\n\n\n<ol class=\"wp-block-list\">\n<li>Rationalisation des op\u00e9rations<\/li>\n\n\n\n<li>Interactions personnalis\u00e9es avec les consommateurs<\/li>\n\n\n\n<li>Analyse pr\u00e9dictive pour les mod\u00e8les d&#039;achat<\/li>\n\n\n\n<li>Gestion des stocks bas\u00e9e sur l&#039;IA<\/li>\n\n\n\n<li>Am\u00e9liorer le service client avec les chatbots<\/li>\n\n\n\n<li>\u00c9volution du march\u00e9 et pr\u00e9vision des pr\u00e9f\u00e9rences des consommateurs<\/li>\n\n\n\n<li>Am\u00e9liorations de la qualit\u00e9 et de la s\u00e9curit\u00e9<\/li>\n<\/ol>\n\n\n\n<h2 class=\"wp-block-heading\">\u00c0 propos de SIS International<\/h2>\n\n\n\n<p>SIS International propose des recherches quantitatives, qualitatives et strat\u00e9giques. Nous fournissons des donn\u00e9es, des outils, des strat\u00e9gies, des rapports et des informations pour la prise de d\u00e9cision. Nous menons des entretiens, des enqu\u00eates, des groupes de discussion et de nombreuses autres m\u00e9thodes et approches d&#039;\u00e9tudes de march\u00e9. Contactez-nous pour votre prochain projet d&#039;\u00e9tude de march\u00e9.<\/p>","protected":false},"excerpt":{"rendered":"<p>L\u2019automatisation des biens et services de consommation et le conseil en intelligence artificielle contribuent \u00e0 personnaliser les exp\u00e9riences des clients.<\/p>","protected":false},"author":1,"featured_media":64247,"parent":44406,"menu_order":23,"comment_status":"closed","ping_status":"closed","template":"","meta":{"footnotes":""},"class_list":["post-44756","page","type-page","status-publish","has-post-thumbnail"],"_links":{"self":[{"href":"https:\/\/www.sisinternational.com\/fr\/wp-json\/wp\/v2\/pages\/44756","targetHints":{"allow":["GET"]}}],"collection":[{"href":"https:\/\/www.sisinternational.com\/fr\/wp-json\/wp\/v2\/pages"}],"about":[{"href":"https:\/\/www.sisinternational.com\/fr\/wp-json\/wp\/v2\/types\/page"}],"author":[{"embeddable":true,"href":"https:\/\/www.sisinternational.com\/fr\/wp-json\/wp\/v2\/users\/1"}],"replies":[{"embeddable":true,"href":"https:\/\/www.sisinternational.com\/fr\/wp-json\/wp\/v2\/comments?post=44756"}],"version-history":[{"count":6,"href":"https:\/\/www.sisinternational.com\/fr\/wp-json\/wp\/v2\/pages\/44756\/revisions"}],"predecessor-version":[{"id":83003,"href":"https:\/\/www.sisinternational.com\/fr\/wp-json\/wp\/v2\/pages\/44756\/revisions\/83003"}],"up":[{"embeddable":true,"href":"https:\/\/www.sisinternational.com\/fr\/wp-json\/wp\/v2\/pages\/44406"}],"wp:featuredmedia":[{"embeddable":true,"href":"https:\/\/www.sisinternational.com\/fr\/wp-json\/wp\/v2\/media\/64247"}],"wp:attachment":[{"href":"https:\/\/www.sisinternational.com\/fr\/wp-json\/wp\/v2\/media?parent=44756"}],"curies":[{"name":"wp","href":"https:\/\/api.w.org\/{rel}","templated":true}]}}