{"id":44747,"date":"2024-01-07T10:28:29","date_gmt":"2024-01-07T15:28:29","guid":{"rendered":"https:\/\/www.sisinternational.com\/?page_id=44747"},"modified":"2026-02-19T01:19:50","modified_gmt":"2026-02-19T06:19:50","slug":"automatisation-des-produits-de-soins-personnels-conseil-en-ia","status":"publish","type":"page","link":"https:\/\/www.sisinternational.com\/fr\/solutions\/ai-etudes-de-marche-et-conseil-en-strategie\/automatisation-des-produits-de-soins-personnels-conseil-en-ia\/","title":{"rendered":"Automatisation des produits de soins personnels et conseil en IA"},"content":{"rendered":"<h1 class=\"wp-block-heading\">Conseil en automatisation des produits de soins de la peau et de soins personnels et en intelligence artificielle<\/h1>\n\n\n\n<figure class=\"gb-block-image gb-block-image-58cd3704\"><img loading=\"lazy\" decoding=\"async\" width=\"1456\" height=\"816\" class=\"gb-image gb-image-58cd3704\" src=\"https:\/\/www.sisinternational.com\/wp-content\/uploads\/2025\/08\/Skincare-6-3.jpg\" alt=\"\u00c9tudes de march\u00e9 et strat\u00e9gie internationales SIS\" title=\"Skincare 6 (3)\" srcset=\"https:\/\/www.sisinternational.com\/wp-content\/uploads\/2025\/08\/Skincare-6-3.jpg 1456w, https:\/\/www.sisinternational.com\/wp-content\/uploads\/2025\/08\/Skincare-6-3-300x168.jpg 300w, https:\/\/www.sisinternational.com\/wp-content\/uploads\/2025\/08\/Skincare-6-3-1024x574.jpg 1024w, https:\/\/www.sisinternational.com\/wp-content\/uploads\/2025\/08\/Skincare-6-3-768x430.jpg 768w, https:\/\/www.sisinternational.com\/wp-content\/uploads\/2025\/08\/Skincare-6-3-18x10.jpg 18w\" sizes=\"auto, (max-width: 1456px) 100vw, 1456px\"><\/figure>\n\n\n\n<p><\/p>\n\n\n\n<p>The integration of AI and automation is a critical strategy that propels the industry toward a future where products are deeply attuned to individual needs and preferences<\/p>\n\n\n\n<h2 class=\"wp-block-heading\">Quel est le r\u00f4le du conseil en intelligence artificielle dans l\u2019automatisation des produits de soins de la peau et de soins personnels\u00a0?<\/h2>\n\n\n\n<p>Artificial Intelligence consulting in skincare and <a href=\"https:\/\/sisaisolutions.com\/application-of-ai-in-personal-care\/\" target=\"_blank\" rel=\"noopener\">personal care<\/a> product automation acts as a bridge between advanced AI technologies and the specific needs of these industries. Consultants develop customized AI solutions tailored to the specific challenges and goals of skincare and personal care businesses. <\/p>\n\n\n\n<p>AI consultants also assist in harnessing and analyzing vast amounts of data &#8211; from consumer feedback to skin health data &#8211; providing businesses with actionable insights for product development and marketing strategies. Furthermore, artificial Intelligence consulting in skincare and <a title=\"Focus Group on Personal Care Products\" href=\"https:\/\/www.sisinternational.com\/fr\/solutions\/groupes-de-discussion\/focus-group-on-personal-care-products\/\" data-wpil-monitor-id=\"879\">personal care product<\/a> automation consultants can help businesses provide personalized skincare advice, product recommendations, and customer support.<\/p>\n\n\n\n<h2 class=\"wp-block-heading\">Importance de l\u2019automatisation des produits de soins de la peau et de soins personnels<\/h2>\n\n\n\n<p>One of the most critical aspects is the ability to offer personalized products to consumers on a large scale. Automation, combined with AI insights, allows for the creation of products that cater to individual preferences and needs, which is a growing demand in the <a title=\"\u00c9tude de march\u00e9 sur les soins de la peau aux superaliments\" href=\"https:\/\/www.sisinternational.com\/fr\/solutions\/etude-de-marche-des-produits-de-beaute\/etude-de-marche-sur-les-soins-de-la-peau-aux-superaliments\/\" data-wpil-monitor-id=\"6528\">skincare and personal care market<\/a>.<\/p>\n\n\n\n<p>Moreover, artificial Intelligence consulting in skincare and <a title=\"L\u2019avantage strat\u00e9gique de tester des parfums et des produits de soins personnels \u00e0 New York\" href=\"https:\/\/www.sisinternational.com\/fr\/competence\/les-industries\/etude-de-marche-des-cosmetiques-2\/tester-des-parfums-et-des-produits-de-soins-personnels-a-new-york\/\" data-wpil-monitor-id=\"1898\">personal care product<\/a> automation streamlines the production process, making it more efficient and cost-effective. It enables faster production cycles, reduces waste, and ensures consistent product quality, which is essential in maintaining brand reputation and consumer trust.<\/p>\n\n\n\n<h3 class=\"wp-block-heading\">Facteurs cl\u00e9s de succ\u00e8s dans le conseil en intelligence artificielle dans l&#039;automatisation des produits de soins de la peau et de soins personnels<\/h3>\n\n\n\n<p>Pour que l\u2019automatisation des produits de soins de la peau et de soins personnels et le conseil en IA r\u00e9ussissent, les entreprises doivent donner la priorit\u00e9 \u00e0 certains facteurs cl\u00e9s \u2013 et voici un aper\u00e7u de ces facteurs de succ\u00e8s critiques\u00a0:<\/p>\n\n\n\n<ul class=\"wp-block-list\">\n<li><strong>Qualit\u00e9 et exactitude des donn\u00e9es\u00a0:<\/strong> L\u2019efficacit\u00e9 de l\u2019IA d\u00e9pend fortement de la qualit\u00e9 et de l\u2019exactitude des donn\u00e9es utilis\u00e9es. Garantir l\u2019acc\u00e8s \u00e0 des donn\u00e9es de haute qualit\u00e9 sur les pr\u00e9f\u00e9rences des consommateurs, les types de peau, les facteurs environnementaux, etc. est essentiel pour d\u00e9velopper des mod\u00e8les d\u2019IA efficaces.<\/li>\n\n\n\n<li><strong>Main-d&#039;\u0153uvre qualifi\u00e9e et formation\u00a0:<\/strong> Il est essentiel de disposer d\u2019une main-d\u2019\u0153uvre qualifi\u00e9e qui comprend les technologies d\u2019IA et d\u2019automatisation. Des programmes de formation et de d\u00e9veloppement continus sont n\u00e9cessaires pour tenir le personnel inform\u00e9 des derni\u00e8res avanc\u00e9es technologiques.<\/li>\n\n\n\n<li><strong>Approche centr\u00e9e sur le client\u00a0:<\/strong> Une approche centr\u00e9e sur le client en mati\u00e8re d&#039;IA et d&#039;automatisation garantit que les strat\u00e9gies mises en \u0153uvre conduisent \u00e0 une satisfaction et une fid\u00e9lit\u00e9 accrues des clients.<\/li>\n<\/ul>\n\n\n\n<h2 class=\"wp-block-heading\">R\u00e9sultats attendus de l&#039;automatisation des produits de soins de la peau et des soins personnels et du conseil en intelligence artificielle<\/h2>\n\n\n\n<p>S&#039;engager dans l&#039;automatisation des produits de soins de la peau et de soins personnels et dans le conseil en intelligence artificielle peut apporter des changements perturbateurs aux entreprises de ce secteur. Les entreprises peuvent anticiper plusieurs r\u00e9sultats cl\u00e9s qui am\u00e9lioreront leurs capacit\u00e9s op\u00e9rationnelles et rehausseront leur positionnement sur le march\u00e9.<\/p>\n\n\n\n<ul class=\"wp-block-list\">\n<li><strong>Offres de produits personnalis\u00e9es\u00a0:<\/strong> Les informations bas\u00e9es sur l&#039;IA permettent la cr\u00e9ation de produits de soins de la peau et de soins personnels hautement personnalis\u00e9s, adapt\u00e9s aux besoins et pr\u00e9f\u00e9rences individuels des consommateurs, am\u00e9liorant ainsi la satisfaction et la fid\u00e9lit\u00e9 des clients.<\/li>\n\n\n\n<li><strong>Analyse des donn\u00e9es et informations sur le march\u00e9 am\u00e9lior\u00e9es\u00a0:<\/strong> AI consulting provides advanced data analysis capabilities, offering deeper insights into market trends, consumer behaviors, and product performance. <\/li>\n\n\n\n<li><strong>Innovation de nouveaux produits\u00a0:<\/strong> Les informations et l&#039;automatisation bas\u00e9es sur l&#039;IA ouvrent de nouvelles voies pour l&#039;innovation de produits, permettant aux entreprises de d\u00e9velopper des produits uniques qui r\u00e9pondent aux besoins \u00e9mergents des consommateurs.<\/li>\n<\/ul>\n\n\n\n<h2 class=\"wp-block-heading\">Tendances actuelles en mati\u00e8re d&#039;automatisation des produits de soins de la peau et de soins personnels et de conseil en intelligence artificielle<\/h2>\n\n\n\n<p>The skincare and personal care industry is witnessing a dynamic shift thanks to the integration of automation and artificial intelligence. Here are some of the key trends shaping skincare and personal care product automation and AI consulting:<\/p>\n\n\n\n<ul class=\"wp-block-list\">\n<li><strong>Pratiques durables et \u00e9thiques\u00a0:<\/strong> AI and automation are being used to promote sustainability and ethical practices in product formulation and manufacturing. <\/li>\n\n\n\n<li><strong>Appareils de soins de la peau intelligents\u00a0:<\/strong> The rise of smart skincare devices, which use AI to assess skin health and recommend products or treatments, is a significant trend. <\/li>\n\n\n\n<li><strong>Interaction client am\u00e9lior\u00e9e avec l\u2019IA\u00a0:<\/strong> Les chatbots et les assistants virtuels bas\u00e9s sur l&#039;IA sont de plus en plus sophistiqu\u00e9s, fournissant un service et des conseils clients personnalis\u00e9s et am\u00e9liorant l&#039;exp\u00e9rience client globale.<\/li>\n\n\n\n<li><strong>Analyse pr\u00e9dictive pour les tendances du march\u00e9\u00a0:<\/strong> AI tools are being used for predictive analytics, helping businesses anticipate market trends and consumer needs.<\/li>\n\n\n\n<li><strong>Processus de fabrication automatis\u00e9s\u00a0:<\/strong> Automation in manufacturing processes is on the rise, improving efficiency and consistency in product production. <\/li>\n<\/ul>\n\n\n\n<h2 class=\"wp-block-heading\">Technologies et outils essentiels dans le domaine des soins de la peau et des soins personnels, automatisation des produits et conseil en intelligence artificielle<\/h2>\n\n\n\n<p>Dans le domaine de l\u2019automatisation des produits de soins de la peau et de soins personnels et du conseil en intelligence artificielle, diverses technologies et outils sont utilis\u00e9s pour r\u00e9volutionner le d\u00e9veloppement de produits, la fabrication et l\u2019engagement client. Voici un aper\u00e7u de quelques technologies et outils cl\u00e9s qui fa\u00e7onnent cette industrie\u00a0:<\/p>\n\n\n\n<ul class=\"wp-block-list\">\n<li><strong>Outils de formulation bas\u00e9s sur l&#039;IA\u00a0:<\/strong> Utilis\u00e9 pour cr\u00e9er des formulations de produits personnalis\u00e9es en fonction des besoins et des pr\u00e9f\u00e9rences de chaque consommateur. Ils peuvent ajuster les formulations en fonction de facteurs tels que le type de peau, les allergies et les conditions environnementales.<\/li>\n\n\n\n<li><strong>Lignes de production automatis\u00e9es\u00a0:<\/strong> Les technologies de robotique et d&#039;automatisation rationalisent le processus de fabrication, am\u00e9liorant ainsi l&#039;efficacit\u00e9, la coh\u00e9rence et la s\u00e9curit\u00e9 de la production des produits.<\/li>\n\n\n\n<li><strong>Traitement du langage naturel (NLP)\u00a0:<\/strong> Employ\u00e9 dans des applications de service client, telles que les chatbots et les assistants virtuels, pour interagir avec les consommateurs, comprendre leurs besoins et fournir des conseils et des recommandations personnalis\u00e9s.<\/li>\n\n\n\n<li><strong>Appareils Internet des objets (IoT)\u00a0:<\/strong> Dans la gestion de la fabrication et de la cha\u00eene d&#039;approvisionnement, les appareils IoT collectent et transmettent des donn\u00e9es en temps r\u00e9el, facilitant ainsi la gestion des stocks, le contr\u00f4le qualit\u00e9 et l&#039;efficacit\u00e9 logistique.<\/li>\n\n\n\n<li><strong>Applications d&#039;analyse cutan\u00e9e personnalis\u00e9es\u00a0:<\/strong> Tirant parti de l\u2019IA pour l\u2019analyse de la peau, ces applications fournissent aux consommateurs des conseils personnalis\u00e9s en mati\u00e8re de soins de la peau et des recommandations de produits.<\/li>\n<\/ul>\n\n\n\n<h2 class=\"wp-block-heading\">Opportunit\u00e9s et d\u00e9fis<\/h2>\n\n\n\n<p>L\u2019int\u00e9gration de l\u2019intelligence artificielle et de l\u2019automatisation dans le secteur des produits de soins de la peau et de soins personnels pr\u00e9sente un ensemble unique d\u2019opportunit\u00e9s et de d\u00e9fis. Les comprendre et les parcourir peuvent d\u00e9terminer le succ\u00e8s des strat\u00e9gies d\u2019IA et d\u2019automatisation dans ce secteur dynamique.<\/p>\n\n\n\n<ul class=\"wp-block-list\">\n<li><strong>Opportunit\u00e9s:<\/strong> Innovation de produits personnalis\u00e9s\u00a0: l&#039;IA ouvre des opportunit\u00e9s pour cr\u00e9er des produits hautement personnalis\u00e9s bas\u00e9s sur les donn\u00e9es individuelles des consommateurs, r\u00e9pondant plus efficacement aux besoins sp\u00e9cifiques en mati\u00e8re de soins de la peau et de soins personnels.<\/li>\n\n\n\n<li><strong>Expansion du march\u00e9 et engagement des consommateurs\u00a0:<\/strong> L&#039;analyse avanc\u00e9e des donn\u00e9es permet aux marques d&#039;exploiter de nouveaux segments de march\u00e9 et d&#039;am\u00e9liorer l&#039;engagement des consommateurs gr\u00e2ce \u00e0 des strat\u00e9gies de marketing et de d\u00e9veloppement de produits cibl\u00e9es.<\/li>\n\n\n\n<li><strong>Informations bas\u00e9es sur les donn\u00e9es\u00a0:<\/strong> La capacit\u00e9 de collecter et d\u2019analyser de grandes quantit\u00e9s de donn\u00e9es sur les consommateurs offre des informations inestimables sur les comportements et les pr\u00e9f\u00e9rences des consommateurs, guidant ainsi des strat\u00e9gies de d\u00e9veloppement de produits et de marketing plus efficaces.<\/li>\n\n\n\n<li><strong>D\u00e9fis:<\/strong> Confidentialit\u00e9 et s\u00e9curit\u00e9 des donn\u00e9es\u00a0: G\u00e9rer les donn\u00e9es des consommateurs de mani\u00e8re responsable et garantir leur confidentialit\u00e9 et leur s\u00e9curit\u00e9 constituent un d\u00e9fi majeur, en particulier avec les pr\u00e9occupations et les r\u00e9glementations croissantes concernant la protection des donn\u00e9es.<\/li>\n\n\n\n<li><strong>\u00c9quilibrer la personnalisation et la normalisation\u00a0:<\/strong> Bien que la personnalisation soit un avantage cl\u00e9 de l\u2019IA, il peut \u00eatre difficile de la concilier avec le besoin de standardisation et de coh\u00e9rence des produits.<\/li>\n\n\n\n<li><strong>Conformit\u00e9 r\u00e9glementaire\u00a0:<\/strong> Veiller \u00e0 ce que les applications d\u2019IA et d\u2019automatisation soient conformes aux normes et r\u00e9glementations du secteur, en particulier sur les diff\u00e9rents march\u00e9s g\u00e9ographiques, est une t\u00e2che complexe.<\/li>\n<\/ul>\n\n\n\n<h2 class=\"wp-block-heading\">Solutions SIS\u00a0: Conseil en automatisation des produits de soins de la peau et de soins personnels et en intelligence artificielle<\/h2>\n\n\n\n<p>We provide cutting-edge solutions to revolutionize skincare and personal care product development, manufacturing, and customer engagement. Our researchers conduct strategic analyses to turn information into actionable insights and help you consider skincare and <a title=\"Etude de march\u00e9 en Moldavie\" href=\"https:\/\/www.sisinternational.com\/fr\/couverture\/leurope-%ef%83%97\/etude-de-marche-en-moldavie\/\" data-wpil-monitor-id=\"5875\">personal care product automation and AI consulting<\/a> with a full market view \u2013 and our focus on strategic analysis and actionable insights goes beyond data and provides tailored solutions for clients.<\/p>\n\n\n\n<ul class=\"wp-block-list\">\n<li><strong>D\u00e9veloppement de produits personnalis\u00e9s\u00a0:<\/strong> En tirant parti des algorithmes d\u2019IA, nous permettons aux entreprises de cr\u00e9er des produits de soins de la peau et de soins personnels hautement personnalis\u00e9s, adapt\u00e9s aux besoins et pr\u00e9f\u00e9rences individuels des consommateurs, am\u00e9liorant ainsi la satisfaction et la fid\u00e9lit\u00e9 des clients.<\/li>\n\n\n\n<li><strong>Processus de fabrication rationalis\u00e9s\u00a0:<\/strong> Gr\u00e2ce aux technologies d&#039;automatisation, nous optimisons les lignes de production, am\u00e9liorant ainsi l&#039;efficacit\u00e9, la coh\u00e9rence et la s\u00e9curit\u00e9 de la fabrication des produits, r\u00e9duisant ainsi les co\u00fbts et am\u00e9liorant la r\u00e9putation de la marque.<\/li>\n\n\n\n<li><strong>Analyse de donn\u00e9es avanc\u00e9e\u00a0:<\/strong> Nos analyses de donn\u00e9es bas\u00e9es sur l&#039;IA fournissent des informations approfondies sur les comportements des consommateurs, les tendances du march\u00e9 et les performances des produits, guidant la prise de d\u00e9cision strat\u00e9gique et stimulant l&#039;innovation dans les strat\u00e9gies de d\u00e9veloppement de produits et de marketing.<\/li>\n\n\n\n<li><strong>Engagement centr\u00e9 sur le client\u00a0:<\/strong> En utilisant des outils bas\u00e9s sur l&#039;IA tels que des chatbots et des assistants virtuels, nous am\u00e9liorons l&#039;interaction client en fournissant des conseils personnalis\u00e9s en mati\u00e8re de soins de la peau, des recommandations de produits et un support client, am\u00e9liorant ainsi l&#039;exp\u00e9rience client globale.<\/li>\n\n\n\n<li><strong>Solutions de conformit\u00e9 r\u00e9glementaire\u00a0:<\/strong> Nous veillons \u00e0 ce que les applications d\u2019IA et d\u2019automatisation soient conformes aux normes et r\u00e9glementations du secteur, aidant ainsi les entreprises \u00e0 naviguer dans des paysages r\u00e9glementaires complexes sur diff\u00e9rents march\u00e9s g\u00e9ographiques.<\/li>\n\n\n\n<li><strong>Mesures de confidentialit\u00e9 et de s\u00e9curit\u00e9 des donn\u00e9es\u00a0:<\/strong> Nos solutions incluent des mesures robustes de confidentialit\u00e9 et de s\u00e9curit\u00e9 des donn\u00e9es, garantissant la gestion responsable des donn\u00e9es des consommateurs et le respect des r\u00e9glementations en mati\u00e8re de protection des donn\u00e9es.<\/li>\n\n\n\n<li><strong>Formation et d\u00e9veloppement continu\u00a0:<\/strong> Nous proposons des programmes de formation et de d\u00e9veloppement continus pour doter les entreprises des comp\u00e9tences et des connaissances n\u00e9cessaires pour exploiter efficacement les technologies d&#039;IA et d&#039;automatisation, en les tenant au courant des derni\u00e8res avanc\u00e9es dans le domaine.<\/li>\n<\/ul>\n\n\n\n<p>Our relationship with industry specialists, generated over the last three decades, allows SIS to go wide and deep into skincare and personal care product automation and artificial intelligence consulting. The SIS strategy team pulls together the latest in skincare and <a title=\"Conseil en strat\u00e9gie d&#039;automatisation\" href=\"https:\/\/www.sisinternational.com\/fr\/systemes-dautomatisation-des-processus-aux-etats-unis\/\" data-wpil-monitor-id=\"7450\">personal care product automation and AI<\/a> consulting, working closely with our local offices abroad.<\/p>","protected":false},"excerpt":{"rendered":"<p>Conseil en intelligence artificielle dans l&#039;automatisation des produits de soins de la peau et de soins personnels Connecte la technologie d&#039;IA aux besoins de l&#039;industrie.<\/p>","protected":false},"author":1,"featured_media":64542,"parent":44406,"menu_order":21,"comment_status":"closed","ping_status":"closed","template":"","meta":{"footnotes":""},"class_list":["post-44747","page","type-page","status-publish","has-post-thumbnail"],"_links":{"self":[{"href":"https:\/\/www.sisinternational.com\/fr\/wp-json\/wp\/v2\/pages\/44747","targetHints":{"allow":["GET"]}}],"collection":[{"href":"https:\/\/www.sisinternational.com\/fr\/wp-json\/wp\/v2\/pages"}],"about":[{"href":"https:\/\/www.sisinternational.com\/fr\/wp-json\/wp\/v2\/types\/page"}],"author":[{"embeddable":true,"href":"https:\/\/www.sisinternational.com\/fr\/wp-json\/wp\/v2\/users\/1"}],"replies":[{"embeddable":true,"href":"https:\/\/www.sisinternational.com\/fr\/wp-json\/wp\/v2\/comments?post=44747"}],"version-history":[{"count":10,"href":"https:\/\/www.sisinternational.com\/fr\/wp-json\/wp\/v2\/pages\/44747\/revisions"}],"predecessor-version":[{"id":83093,"href":"https:\/\/www.sisinternational.com\/fr\/wp-json\/wp\/v2\/pages\/44747\/revisions\/83093"}],"up":[{"embeddable":true,"href":"https:\/\/www.sisinternational.com\/fr\/wp-json\/wp\/v2\/pages\/44406"}],"wp:featuredmedia":[{"embeddable":true,"href":"https:\/\/www.sisinternational.com\/fr\/wp-json\/wp\/v2\/media\/64542"}],"wp:attachment":[{"href":"https:\/\/www.sisinternational.com\/fr\/wp-json\/wp\/v2\/media?parent=44747"}],"curies":[{"name":"wp","href":"https:\/\/api.w.org\/{rel}","templated":true}]}}