{"id":44709,"date":"2024-01-06T16:32:10","date_gmt":"2024-01-06T21:32:10","guid":{"rendered":"https:\/\/www.sisinternational.com\/?page_id=44709"},"modified":"2026-02-18T13:40:41","modified_gmt":"2026-02-18T18:40:41","slug":"biotechnologie-automatisation-conseil-en-intelligence-artificielle","status":"publish","type":"page","link":"https:\/\/www.sisinternational.com\/fr\/solutions\/ai-etudes-de-marche-et-conseil-en-strategie\/biotechnologie-automatisation-conseil-en-intelligence-artificielle\/","title":{"rendered":"Conseil en automatisation des biotechnologies et intelligence artificielle"},"content":{"rendered":"<h1 class=\"wp-block-heading\">Conseil en automatisation des biotechnologies et intelligence artificielle<\/h1>\n\n\n\n<figure class=\"gb-block-image gb-block-image-e4557a76\"><img loading=\"lazy\" decoding=\"async\" width=\"1456\" height=\"816\" class=\"gb-image gb-image-e4557a76\" src=\"https:\/\/www.sisinternational.com\/wp-content\/uploads\/2025\/08\/Biofurl-2.jpg\" alt=\"\u00c9tudes de march\u00e9 et strat\u00e9gie internationales SIS\" title=\"Biofurl (2)\" srcset=\"https:\/\/www.sisinternational.com\/wp-content\/uploads\/2025\/08\/Biofurl-2.jpg 1456w, https:\/\/www.sisinternational.com\/wp-content\/uploads\/2025\/08\/Biofurl-2-300x168.jpg 300w, https:\/\/www.sisinternational.com\/wp-content\/uploads\/2025\/08\/Biofurl-2-1024x574.jpg 1024w, https:\/\/www.sisinternational.com\/wp-content\/uploads\/2025\/08\/Biofurl-2-768x430.jpg 768w, https:\/\/www.sisinternational.com\/wp-content\/uploads\/2025\/08\/Biofurl-2-18x10.jpg 18w\" sizes=\"auto, (max-width: 1456px) 100vw, 1456px\"><\/figure>\n\n\n\n<p><\/p>\n\n\n\n<p>Alors que le secteur de la biotechnologie continue de repousser les limites de la d\u00e9couverte scientifique et de l\u2019innovation, l\u2019int\u00e9gration de l\u2019intelligence artificielle et de l\u2019automatisation appara\u00eet comme une force essentielle. Il red\u00e9finit ce qui est possible en biotechnologie, ouvrant la voie \u00e0 une \u00e8re o\u00f9 la recherche et la production biologiques sont plus efficaces, pr\u00e9cises et innovantes que jamais.<\/p>\n\n\n\n<h2 class=\"wp-block-heading\">Comprendre l&#039;automatisation des biotechnologies et le conseil en intelligence artificielle<\/h2>\n\n\n\n<p>Le conseil en automatisation et intelligence artificielle en biotechnologie se concentre sur l\u2019exploitation de la puissance de l\u2019IA pour stimuler les progr\u00e8s de la biotechnologie, en proposant des solutions allant de la d\u00e9couverte de m\u00e9dicaments et de la recherche g\u00e9n\u00e9tique \u00e0 l\u2019optimisation des processus de laboratoire et \u00e0 la gestion de la cha\u00eene d\u2019approvisionnement.<\/p>\n\n\n\n<p>The role of biotechnology automation and artificial intelligence consulting is to translate complex biological data into actionable insights. It uses AI to sift through vast datasets, identifying patterns and correlations that might not be apparent through traditional analysis methods. <\/p>\n\n\n\n<h2 class=\"wp-block-heading\">Pourquoi les entreprises du secteur de l&#039;automatisation des biotechnologies ont-elles besoin de conseils en intelligence artificielle\u00a0?<\/h2>\n\n\n\n<p>En biotechnologie, la pr\u00e9cision est primordiale \u2013 et m\u00eame des erreurs mineures peuvent avoir des cons\u00e9quences importantes. L&#039;automatisation des biotechnologies et le conseil en intelligence artificielle peuvent aider les entreprises \u00e0 mettre en \u0153uvre des solutions d&#039;IA et \u00e0 analyser les donn\u00e9es avec un niveau de pr\u00e9cision qui d\u00e9passe de loin les capacit\u00e9s humaines, r\u00e9duisant ainsi le risque d&#039;erreurs et augmentant l&#039;efficacit\u00e9 des processus de recherche.<\/p>\n\n\n\n<p>Beyond research, biotechnology companies must manage complex operations \u2013 and AI consulting provides solutions to optimize these operations, resulting in cost savings and improved productivity. BioTechnology automation and artificial intelligence consulting can also assist in navigating the complex regulatory landscape of the biotechnology industry, ensuring compliance with various international standards and regulations, which is crucial for <a title=\"\u00c9tude de march\u00e9 sur la s\u00e9curit\u00e9 des aliments et des boissons\" href=\"https:\/\/www.sisinternational.com\/fr\/competence\/les-industries\/etude-de-marche-sur-la-securite-alimentaire\/\" data-wpil-monitor-id=\"8285\">market access and consumer safety<\/a>.<\/p>\n\n\n\n<h3 class=\"wp-block-heading\">Facteurs cl\u00e9s de succ\u00e8s<\/h3>\n\n\n\n<p>For BioTechnology automation and artificial intelligence consulting to be successful, several key factors must be diligently addressed. Here are some of the <a title=\"Facteurs cl\u00e9s de succ\u00e8s dans les \u00e9tudes de march\u00e9 automobile\" href=\"https:\/\/www.sisinternational.com\/fr\/facteurs-cles-de-succes-dans-les-etudes-de-marche-automobile\/\" data-wpil-monitor-id=\"8282\">key success factors<\/a> to consider:<\/p>\n\n\n\n<ul class=\"wp-block-list\">\n<li><strong>Qualit\u00e9 et int\u00e9grit\u00e9 des donn\u00e9es\u00a0:<\/strong> Le succ\u00e8s de la biotechnologie bas\u00e9e sur l\u2019IA repose en grande partie sur la qualit\u00e9 et l\u2019int\u00e9grit\u00e9 des donn\u00e9es utilis\u00e9es. Des ensembles de donn\u00e9es pr\u00e9cis, bien organis\u00e9s et complets sont fondamentaux pour une analyse et une application efficaces de l\u2019IA.<\/li>\n\n\n\n<li><strong>Collaboration et communication efficaces\u00a0:<\/strong> La collaboration entre biologistes, experts en IA, data scientists et autres parties prenantes est cruciale. Une communication efficace entre ces diverses disciplines garantit une approche holistique de la r\u00e9solution de probl\u00e8mes et de l\u2019innovation.<\/li>\n\n\n\n<li><strong>Solutions d&#039;IA personnalis\u00e9es\u00a0:<\/strong> Given the unique challenges and needs of each biotechnology project, customizing AI solutions is vital. Tailored AI applications can significantly improve the relevance and effectiveness of <a title=\"Recherche de produits\" data-wpil-monitor-id=\"8286\" href=\"https:\/\/www.sisinternational.com\/fr\/competence\/les-industries\/recherche-de-produits\/\">research or product<\/a> development.<\/li>\n\n\n\n<li><strong>Consid\u00e9rations \u00e9thiques et conformit\u00e9 r\u00e9glementaire\u00a0:<\/strong> Le respect des normes \u00e9thiques et des exigences r\u00e9glementaires, en particulier dans des domaines tels que le traitement des donn\u00e9es g\u00e9n\u00e9tiques et la confidentialit\u00e9 des patients, est crucial pour la cr\u00e9dibilit\u00e9 et la durabilit\u00e9 des applications de l\u2019IA en biotechnologie.<\/li>\n\n\n\n<li><strong>Infrastructure technologique \u00e9volutive et s\u00e9curis\u00e9e\u00a0:<\/strong> La mise en \u0153uvre d\u2019une infrastructure technologique \u00e9volutive et s\u00e9curis\u00e9e garantit que les syst\u00e8mes d\u2019IA peuvent g\u00e9rer de grands ensembles de donn\u00e9es de mani\u00e8re efficace et s\u00fbre, ce qui est vital dans la recherche et le d\u00e9veloppement en biotechnologie.<\/li>\n<\/ul>\n\n\n\n<h2 class=\"wp-block-heading\">\u00c0 quoi s&#039;attendre du conseil en automatisation des biotechnologies et en intelligence artificielle<\/h2>\n\n\n\n<p>S&#039;engager dans l&#039;automatisation des biotechnologies et le conseil en intelligence artificielle apporte plusieurs avantages transformateurs et avanc\u00e9es strat\u00e9giques pour les entreprises du secteur des biotechnologies. Les entreprises qui s\u2019aventurent dans cette collaboration peuvent s\u2019attendre \u00e0 plusieurs r\u00e9sultats marquants tels que\u00a0:<\/p>\n\n\n\n<ul class=\"wp-block-list\">\n<li><strong>Efficacit\u00e9 et productivit\u00e9 accrues\u00a0:<\/strong> Automation of routine and complex tasks in biotechnology processes such as data collection and analysis, lab experiments, and record-keeping, leads to increased efficiency and productivity. <\/li>\n\n\n\n<li><strong>Informations et prise de d\u00e9cision bas\u00e9es sur les donn\u00e9es\u00a0:<\/strong> AI consulting provides the tools and expertise to analyze large sets of complex biotechnological data. <\/li>\n\n\n\n<li><strong>Processus op\u00e9rationnels rationalis\u00e9s\u00a0:<\/strong> Au-del\u00e0 de la recherche et du d\u00e9veloppement, l\u2019IA peut rationaliser divers processus op\u00e9rationnels au sein des entreprises de biotechnologie, tels que la gestion de la cha\u00eene d\u2019approvisionnement, la surveillance de la conformit\u00e9 et le contr\u00f4le qualit\u00e9.<\/li>\n\n\n\n<li><strong>Am\u00e9lioration continue et adaptation\u00a0:<\/strong> Les services de conseil fournissent un support et des mises \u00e0 jour continus, garantissant que les entreprises de biotechnologie peuvent s&#039;adapter aux nouvelles avanc\u00e9es et am\u00e9liorer continuellement leurs op\u00e9rations et leurs recherches.<\/li>\n<\/ul>\n\n\n\n<h2 class=\"wp-block-heading\">Technologies et outils utilis\u00e9s dans le conseil en automatisation des biotechnologies et en intelligence artificielle<\/h2>\n\n\n\n<p>The realm of biotechnology automation relies on a diverse array of advanced technologies and tools. These software <a title=\"\u00c9tude de march\u00e9 sur la maison intelligente\" href=\"https:\/\/www.sisinternational.com\/fr\/etude-de-marche-sur-la-maison-intelligente\/\" data-wpil-monitor-id=\"8279\">solutions are integral to modern biotechnological research<\/a> and production, enabling higher efficiency, precision, and innovation. Here\u2019s a look at some of the key technologies and tools used in biotechnology automation:<\/p>\n\n\n\n<ul class=\"wp-block-list\">\n<li><strong>Plateformes d&#039;apprentissage automatique\u00a0:<\/strong> Ceux-ci sont utilis\u00e9s pour analyser des donn\u00e9es biologiques complexes, telles que des s\u00e9quences g\u00e9nomiques ou des structures prot\u00e9iques. Les algorithmes d\u2019apprentissage automatique peuvent identifier des mod\u00e8les et faire des pr\u00e9dictions qu\u2019il serait impossible pour les humains de discerner manuellement.<\/li>\n\n\n\n<li><strong>Syst\u00e8mes d&#039;automatisation de laboratoire\u00a0:<\/strong> Les \u00e9quipements de laboratoire automatis\u00e9s tels que les robots de manipulation de liquides, les microscopes automatis\u00e9s et les syst\u00e8mes de criblage \u00e0 haut d\u00e9bit acc\u00e9l\u00e8rent consid\u00e9rablement les flux de travail exp\u00e9rimentaux, r\u00e9duisent les erreurs manuelles et augmentent la reproductibilit\u00e9.<\/li>\n\n\n\n<li><strong>Outils d&#039;analyse g\u00e9nomique\u00a0:<\/strong> Les outils d\u2019analyse g\u00e9nomique, notamment les logiciels de s\u00e9quen\u00e7age de nouvelle g\u00e9n\u00e9ration (NGS) et les plateformes bioinformatiques, sont essentiels \u00e0 la recherche moderne en g\u00e9n\u00e9tique. Ils permettent l\u2019analyse et l\u2019interpr\u00e9tation rapides des informations g\u00e9n\u00e9tiques.<\/li>\n\n\n\n<li><strong>Mod\u00e8les de simulation bas\u00e9s sur l&#039;IA\u00a0:<\/strong> Ces mod\u00e8les simulent des processus biologiques ou des interactions m\u00e9dicamenteuses, fournissant ainsi des informations pr\u00e9cieuses sans n\u00e9cessiter d\u2019exp\u00e9riences physiques. Cela permet non seulement d\u2019\u00e9conomiser du temps et des ressources, mais permet \u00e9galement d\u2019explorer des hypoth\u00e8ses qui seraient difficiles \u00e0 tester dans la r\u00e9alit\u00e9.<\/li>\n\n\n\n<li><strong>Algorithmes d&#039;IA personnalis\u00e9s\u00a0:<\/strong> Souvent, les solutions d\u2019IA disponibles dans le commerce ne suffisent pas \u00e0 relever les d\u00e9fis uniques de la biotechnologie. Des algorithmes personnalis\u00e9s con\u00e7us pour des applications sp\u00e9cifiques peuvent fournir une solution plus efficace.<\/li>\n<\/ul>\n\n\n\n<h2 class=\"wp-block-heading\">Opportunit\u00e9s dans l\u2019automatisation des biotechnologies<\/h2>\n\n\n\n<p>Ces opportunit\u00e9s renforcent non seulement les capacit\u00e9s des entreprises de biotechnologie, mais ouvrent \u00e9galement de nouvelles voies d&#039;innovation et de progr\u00e8s dans le secteur. Voici quelques-unes des principales opportunit\u00e9s en mati\u00e8re d\u2019automatisation des biotechnologies\u00a0:<\/p>\n\n\n\n<ul class=\"wp-block-list\">\n<li><strong>M\u00e9decine personnalis\u00e9e\u00a0:<\/strong> With the aid of BioTechnology automation and artificial intelligence consulting, there&#8217;s a growing opportunity to develop personalized medical treatments. <\/li>\n\n\n\n<li><strong>Recherche g\u00e9n\u00e9tique et g\u00e9nomique\u00a0:<\/strong> L\u2019automatisation bas\u00e9e sur l\u2019IA ouvre de vastes possibilit\u00e9s dans la recherche g\u00e9n\u00e9tique et g\u00e9nomique. Il permet une analyse plus approfondie des donn\u00e9es g\u00e9n\u00e9tiques, ouvrant la voie \u00e0 de nouvelles connaissances dans des domaines tels que la th\u00e9rapie g\u00e9nique, le traitement des maladies g\u00e9n\u00e9tiques et m\u00eame l&#039;agriculture.<\/li>\n\n\n\n<li><strong>Outils de diagnostic am\u00e9lior\u00e9s\u00a0:<\/strong> L\u2019automatisation des biotechnologies et le conseil en intelligence artificielle ouvrent la voie au d\u00e9veloppement d\u2019outils et de techniques de diagnostic avanc\u00e9s. L\u2019IA peut aider \u00e0 interpr\u00e9ter des images m\u00e9dicales complexes, \u00e0 d\u00e9tecter les maladies plus t\u00f4t et \u00e0 pr\u00e9dire les risques pour la sant\u00e9 avec une plus grande pr\u00e9cision.<\/li>\n\n\n\n<li><strong>Processus de production durables\u00a0:<\/strong> In biotech manufacturing, automation and AI can optimize production processes, making them more efficient and sustainable. <\/li>\n\n\n\n<li><strong>Solutions de sant\u00e9 mondiale\u00a0:<\/strong> <a title=\"Automatisation de la sant\u00e9 et du bien-\u00eatre et conseil en IA\" data-wpil-monitor-id=\"5502\" href=\"https:\/\/www.sisinternational.com\/fr\/solutions\/ai-etudes-de-marche-et-conseil-en-strategie\/automatisation-du-bien-etre-et-de-la-sante-conseil-en-intelligence-artificielle\/\">BioTechnology automation and artificial intelligence<\/a> consulting have the potential to address global health challenges, including the development of vaccines, understanding of pandemics, and tackling of rare diseases.<\/li>\n<\/ul>\n\n\n\n<h2 class=\"wp-block-heading\">Les d\u00e9fis de l\u2019automatisation des biotechnologies<\/h2>\n\n\n\n<p>While the integration of <a title=\"Conseil en Automatisation Industrielle et Intelligence Artificielle\" href=\"https:\/\/www.sisinternational.com\/fr\/solutions\/ai-etudes-de-marche-et-conseil-en-strategie\/conseil-en-intelligence-artificielle-en-automatisation-industrielle\/\" data-wpil-monitor-id=\"8284\">artificial intelligence in biotechnology automation<\/a> offers numerous opportunities, it also presents a set of challenges \u2013 and here are some of the key challenges:<\/p>\n\n\n\n<ul class=\"wp-block-list\">\n<li><strong>Complexit\u00e9 des donn\u00e9es biologiques\u00a0:<\/strong> Les donn\u00e9es biologiques sont intrins\u00e8quement complexes et diverses. Analyser et interpr\u00e9ter efficacement ces donn\u00e9es \u00e0 l\u2019aide de l\u2019IA pose des d\u00e9fis importants en raison de la variabilit\u00e9 et des subtilit\u00e9s inh\u00e9rentes aux syst\u00e8mes biologiques.<\/li>\n\n\n\n<li><strong>Int\u00e9gration avec les syst\u00e8mes existants\u00a0:<\/strong> Integrating AI and automation technologies with existing biotechnological systems and processes can be difficult. <\/li>\n\n\n\n<li><strong>Manque de comp\u00e9tences et besoins de formation\u00a0:<\/strong> La nature sp\u00e9cialis\u00e9e de l\u2019IA en biotechnologie n\u00e9cessite une main-d\u2019\u0153uvre poss\u00e9dant un m\u00e9lange unique de comp\u00e9tences en biologie, en science des donn\u00e9es et en IA. Combler le d\u00e9ficit de comp\u00e9tences et offrir une formation ad\u00e9quate constitue un d\u00e9fi pour de nombreuses organisations.<\/li>\n\n\n\n<li><strong>Suivre le rythme des progr\u00e8s technologiques rapides\u00a0:<\/strong> Le domaine de l\u2019IA \u00e9volue rapidement et suivre le rythme de ces \u00e9volutions technologiques est un d\u00e9fi mais essentiel pour rester comp\u00e9titif.<\/li>\n\n\n\n<li><strong>Perception et acceptation du public\u00a0:<\/strong> Le public peut s\u2019inqui\u00e9ter de l\u2019utilisation de l\u2019IA dans des domaines sensibles comme la g\u00e9n\u00e9tique et la m\u00e9decine. R\u00e9pondre \u00e0 ces pr\u00e9occupations et gagner la confiance du public est important pour une plus large acceptation de l\u2019IA dans la biotechnologie.<\/li>\n<\/ul>\n\n\n\n<h2 class=\"wp-block-heading\">Solutions SIS\u00a0: Conseil en automatisation des biotechnologies et intelligence artificielle<\/h2>\n\n\n\n<p>Nous fournissons des solutions qui exploitent l\u2019IA pour am\u00e9liorer l\u2019efficacit\u00e9, la pr\u00e9cision et l\u2019innovation dans le domaine de la biotechnologie, transformant ainsi la recherche et la production. Nos analyses strat\u00e9giques transforment des donn\u00e9es biologiques complexes en informations exploitables, en se concentrant sur la d\u00e9couverte de m\u00e9dicaments, la recherche g\u00e9n\u00e9tique et l&#039;optimisation des processus de laboratoire et de la gestion de la cha\u00eene d&#039;approvisionnement.<\/p>\n\n\n\n<ul class=\"wp-block-list\">\n<li>Efficacit\u00e9 et productivit\u00e9 accrues dans les processus biotechnologiques<\/li>\n\n\n\n<li>Informations et prise de d\u00e9cision bas\u00e9es sur les donn\u00e9es pour le d\u00e9veloppement de m\u00e9dicaments et la recherche g\u00e9n\u00e9tique<\/li>\n\n\n\n<li>Processus op\u00e9rationnels rationalis\u00e9s au sein des entreprises de biotechnologie<\/li>\n\n\n\n<li>Un avantage concurrentiel gr\u00e2ce aux derni\u00e8res technologies d&#039;IA<\/li>\n\n\n\n<li>Am\u00e9lioration continue et adaptation aux nouvelles avanc\u00e9es<\/li>\n\n\n\n<li>Aide \u00e0 la navigation dans le paysage r\u00e9glementaire complexe<\/li>\n\n\n\n<li>Des solutions sur mesure qui r\u00e9pondent aux d\u00e9fis uniques de la biotechnologie<\/li>\n<\/ul>\n\n\n\n<p>Nos relations avec des sp\u00e9cialistes de l&#039;industrie et notre orientation strat\u00e9gique sur les derniers d\u00e9veloppements en mati\u00e8re de biotechnologie et d&#039;IA permettent \u00e0 SIS de fournir des solutions compl\u00e8tes et personnalis\u00e9es.<\/p>\n\n\n\n<h2 class=\"wp-block-heading\">\u00c0 propos de SIS International<\/h2>\n\n\n\n<p>SIS International offers Quantitative, Qualitative, and Strategy Research. We provide data, tools, strategies, reports and insights for decision-making. We conduct interviews, surveys, <a title=\"\u00c9tude de march\u00e9 par groupe de discussion\" href=\"https:\/\/www.sisinternational.com\/fr\/solutions\/etude-de-marche-en-groupe-de-discussion\/\" data-wpil-monitor-id=\"8281\">focus groups and many other Market Research<\/a> methods and approaches. Contact us for your <a title=\"\u00c9tude de march\u00e9 sur les technologies de nouvelle g\u00e9n\u00e9ration\" href=\"https:\/\/www.sisinternational.com\/fr\/competence\/les-industries\/etude-de-marche-sur-les-technologies-de-nouvelle-generation\/\" data-wpil-monitor-id=\"8283\">next Market Research<\/a> projet.<\/p>","protected":false},"excerpt":{"rendered":"<p>L&#039;automatisation des biotechnologies et le conseil en intelligence artificielle fournissent des solutions allant de la d\u00e9couverte de m\u00e9dicaments \u00e0 l&#039;optimisation de la gestion de la cha\u00eene d&#039;approvisionnement.<\/p>","protected":false},"author":1,"featured_media":63777,"parent":44406,"menu_order":18,"comment_status":"closed","ping_status":"closed","template":"","meta":{"footnotes":""},"class_list":["post-44709","page","type-page","status-publish","has-post-thumbnail"],"_links":{"self":[{"href":"https:\/\/www.sisinternational.com\/fr\/wp-json\/wp\/v2\/pages\/44709","targetHints":{"allow":["GET"]}}],"collection":[{"href":"https:\/\/www.sisinternational.com\/fr\/wp-json\/wp\/v2\/pages"}],"about":[{"href":"https:\/\/www.sisinternational.com\/fr\/wp-json\/wp\/v2\/types\/page"}],"author":[{"embeddable":true,"href":"https:\/\/www.sisinternational.com\/fr\/wp-json\/wp\/v2\/users\/1"}],"replies":[{"embeddable":true,"href":"https:\/\/www.sisinternational.com\/fr\/wp-json\/wp\/v2\/comments?post=44709"}],"version-history":[{"count":6,"href":"https:\/\/www.sisinternational.com\/fr\/wp-json\/wp\/v2\/pages\/44709\/revisions"}],"predecessor-version":[{"id":83031,"href":"https:\/\/www.sisinternational.com\/fr\/wp-json\/wp\/v2\/pages\/44709\/revisions\/83031"}],"up":[{"embeddable":true,"href":"https:\/\/www.sisinternational.com\/fr\/wp-json\/wp\/v2\/pages\/44406"}],"wp:featuredmedia":[{"embeddable":true,"href":"https:\/\/www.sisinternational.com\/fr\/wp-json\/wp\/v2\/media\/63777"}],"wp:attachment":[{"href":"https:\/\/www.sisinternational.com\/fr\/wp-json\/wp\/v2\/media?parent=44709"}],"curies":[{"name":"wp","href":"https:\/\/api.w.org\/{rel}","templated":true}]}}