{"id":44702,"date":"2024-01-06T15:51:10","date_gmt":"2024-01-06T20:51:10","guid":{"rendered":"https:\/\/www.sisinternational.com\/?page_id=44702"},"modified":"2026-02-18T12:26:52","modified_gmt":"2026-02-18T17:26:52","slug":"societe-mondiale-de-conseil-en-automatisation-de-lia","status":"publish","type":"page","link":"https:\/\/www.sisinternational.com\/fr\/solutions\/ai-etudes-de-marche-et-conseil-en-strategie\/societe-mondiale-de-conseil-en-automatisation-de-lia\/","title":{"rendered":"Cabinet mondial de conseil en IA et en automatisation"},"content":{"rendered":"<h1 class=\"wp-block-heading\">Cabinet mondial de conseil en intelligence artificielle et en automatisation<\/h1>\n\n\n\n<figure class=\"gb-block-image gb-block-image-4a6e935d\"><img loading=\"lazy\" decoding=\"async\" width=\"1456\" height=\"816\" class=\"gb-image gb-image-4a6e935d\" src=\"https:\/\/www.sisinternational.com\/wp-content\/uploads\/2025\/08\/Global-1-2.jpg\" alt=\"\u00c9tudes de march\u00e9 et strat\u00e9gie internationales SIS\" title=\"Global 1 (2)\" srcset=\"https:\/\/www.sisinternational.com\/wp-content\/uploads\/2025\/08\/Global-1-2.jpg 1456w, https:\/\/www.sisinternational.com\/wp-content\/uploads\/2025\/08\/Global-1-2-300x168.jpg 300w, https:\/\/www.sisinternational.com\/wp-content\/uploads\/2025\/08\/Global-1-2-1024x574.jpg 1024w, https:\/\/www.sisinternational.com\/wp-content\/uploads\/2025\/08\/Global-1-2-768x430.jpg 768w, https:\/\/www.sisinternational.com\/wp-content\/uploads\/2025\/08\/Global-1-2-18x10.jpg 18w\" sizes=\"auto, (max-width: 1456px) 100vw, 1456px\"><\/figure>\n\n\n\n<p><\/p>\n\n\n\n<p>Votre entreprise peut-elle se permettre de rester \u00e0 l\u2019\u00e9cart de la r\u00e9volution de l\u2019IA\u00a0? Alors que les entreprises du monde entier sont aux prises avec les complexit\u00e9s de la transformation num\u00e9rique, une soci\u00e9t\u00e9 mondiale de conseil en intelligence artificielle et en automatisation se situe \u00e0 l\u2019intersection de la technologie de pointe et du sens des affaires strat\u00e9giques, offrant un m\u00e9lange unique d\u2019expertise qui peut d\u00e9bloquer une croissance sans pr\u00e9c\u00e9dent.<\/p>\n\n\n\n<h2 class=\"wp-block-heading\">Comprendre le r\u00f4le d&#039;un cabinet mondial de conseil en intelligence artificielle et en automatisation aujourd&#039;hui<\/h2>\n\n\n\n<p>Une soci\u00e9t\u00e9 mondiale de conseil en intelligence artificielle et en automatisation offre une expertise sp\u00e9cialis\u00e9e aux entreprises du monde entier, combinant les technologies d&#039;IA et d&#039;automatisation pour cr\u00e9er des solutions qui transforment les industries et red\u00e9finissent les paradigmes op\u00e9rationnels.<\/p>\n\n\n\n<p>\u00c0 la base, une soci\u00e9t\u00e9 mondiale de conseil en intelligence artificielle et en automatisation est un m\u00e9lange de composants cl\u00e9s\u00a0: intelligence artificielle, automatisation et port\u00e9e mondiale. Gr\u00e2ce \u00e0 des technologies de communication avanc\u00e9es et \u00e0 un r\u00e9seau d&#039;experts r\u00e9partis \u00e0 travers le monde, ces entreprises proposent leurs services \u00e0 un large \u00e9ventail de clients, des petites startups aux grandes soci\u00e9t\u00e9s multinationales. Cette pr\u00e9sence mondiale leur permet d&#039;exploiter un vaste vivier de talents et d&#039;expertise pour comprendre et relever les d\u00e9fis et opportunit\u00e9s uniques que pr\u00e9sentent les diff\u00e9rents march\u00e9s.<\/p>\n\n\n\n<h2 class=\"wp-block-heading\">Le r\u00f4le exceptionnel d&#039;un cabinet de conseil en automatisation dans l&#039;intelligence artificielle mondiale<\/h2>\n\n\n\n<p>L&#039;un des principaux r\u00f4les de ces cabinets est de servir de conseillers strat\u00e9giques. Ils aident les entreprises \u00e0 comprendre le potentiel de l\u2019IA et de l\u2019automatisation dans leur contexte sp\u00e9cifique, en les guidant dans l\u2019identification des opportunit\u00e9s o\u00f9 ces technologies peuvent g\u00e9n\u00e9rer de la valeur. Cela implique non seulement une compr\u00e9hension approfondie des technologies d\u2019IA et d\u2019automatisation, mais \u00e9galement une conscience des d\u00e9fis et des opportunit\u00e9s sp\u00e9cifiques \u00e0 l\u2019industrie.<\/p>\n\n\n\n<p>Une soci\u00e9t\u00e9 mondiale de conseil en intelligence artificielle et en automatisation travaille en \u00e9troite collaboration avec les entreprises pour d\u00e9velopper des solutions personnalis\u00e9es qui correspondent \u00e0 leurs besoins et objectifs uniques. Cela inclut tout, de l&#039;automatisation des t\u00e2ches de routine \u00e0 la mise en \u0153uvre de syst\u00e8mes d&#039;analyse complexes bas\u00e9s sur l&#039;IA pour la prise de d\u00e9cision strat\u00e9gique. En tant qu\u2019entit\u00e9 mondiale, une soci\u00e9t\u00e9 de conseil en automatisation apporte \u00e9galement une richesse de connaissances et d\u2019exp\u00e9riences diverses, ce qui en fait un catalyseur d\u2019innovation.<\/p>\n\n\n\n<h2 class=\"wp-block-heading\">Comment mener des recherches mondiales sur l\u2019intelligence artificielle et l\u2019automatisation<\/h2>\n\n\n\n<p>L\u2019aide d\u2019une soci\u00e9t\u00e9 mondiale de conseil en intelligence artificielle et en automatisation est essentielle pour rester \u00e0 la pointe de l\u2019innovation en mati\u00e8re d\u2019IA et d\u2019automatisation. Il aide les entreprises \u00e0 comprendre les tendances du march\u00e9 mondial, les divers comportements des consommateurs et les divers paysages r\u00e9glementaires. Voici un aper\u00e7u de la mani\u00e8re dont une soci\u00e9t\u00e9 mondiale de conseil en intelligence artificielle et en automatisation pourrait aborder cette t\u00e2che\u00a0:<\/p>\n\n\n\n<ul class=\"wp-block-list\">\n<li><strong>Collecte de donn\u00e9es approfondie\u00a0:<\/strong> La collecte de donn\u00e9es compl\u00e8tes et de haute qualit\u00e9 provenant de plusieurs sources et r\u00e9gions est fondamentale. Cela inclut les donn\u00e9es des plateformes en ligne, des appareils IoT, des rapports industriels et des enqu\u00eates aupr\u00e8s des consommateurs. Plus les donn\u00e9es sont diverses et compl\u00e8tes, plus les informations qui peuvent en \u00eatre tir\u00e9es sont riches.<\/li>\n\n\n\n<li><strong>Collaboration avec des experts universitaires et industriels\u00a0:<\/strong> La collaboration avec des \u00e9tablissements universitaires et des experts industriels du monde entier peut accro\u00eetre la profondeur et l\u2019\u00e9tendue de la recherche. Ces collaborations peuvent donner acc\u00e8s aux derni\u00e8res d\u00e9couvertes universitaires, \u00e0 des informations uniques sur l\u2019industrie et \u00e0 des m\u00e9thodologies de recherche avanc\u00e9es.<\/li>\n\n\n\n<li><strong>Se tenir au courant des avanc\u00e9es technologiques\u00a0:<\/strong> L\u2019IA est un domaine en \u00e9volution rapide. Il est essentiel de rester \u00e0 jour avec les derni\u00e8res avanc\u00e9es en mati\u00e8re de technologies, d&#039;algorithmes et d&#039;outils d&#039;IA. Cela inclut le suivi des d\u00e9veloppements dans des domaines tels que l\u2019apprentissage automatique, le traitement du langage naturel et la robotique.<\/li>\n\n\n\n<li><strong>Analyse du comportement des consommateurs\u00a0:<\/strong> \u00c9tant donn\u00e9 que les applications d\u2019IA sont souvent ax\u00e9es sur le consommateur, il est essentiel de comprendre les mod\u00e8les de comportement et les pr\u00e9f\u00e9rences des consommateurs \u00e0 l\u2019\u00e9chelle mondiale. Cela inclut la recherche de la mani\u00e8re dont diff\u00e9rentes cultures et donn\u00e9es d\u00e9mographiques interagissent avec les technologies d\u2019IA et d\u2019automatisation.<\/li>\n\n\n\n<li><strong>Apprentissage continu et adaptation\u00a0:<\/strong> La recherche mondiale sur l\u2019IA est un processus continu. Cela n\u00e9cessite un engagement \u00e0 apprendre continuellement, \u00e0 s\u2019adapter aux nouvelles d\u00e9couvertes et \u00e0 faire preuve de flexibilit\u00e9 pour orienter les orientations de recherche en fonction des tendances et des technologies \u00e9mergentes.<\/li>\n<\/ul>\n\n\n\n<h2 class=\"wp-block-heading\">\u00c0 quoi s\u2019attendre d\u2019une soci\u00e9t\u00e9 mondiale de conseil en intelligence artificielle et en automatisation<\/h2>\n\n\n\n<p>En s\u2019engageant avec une soci\u00e9t\u00e9 mondiale de conseil en intelligence artificielle et en automatisation, les entreprises peuvent s\u2019attendre \u00e0 une gamme de r\u00e9sultats transformateurs et d\u2019avantages strat\u00e9giques. Ces entreprises sont \u00e9quip\u00e9es pour fournir des services complets susceptibles d\u2019am\u00e9liorer consid\u00e9rablement les op\u00e9rations commerciales, de stimuler l\u2019innovation et de favoriser la croissance dans un paysage concurrentiel mondial.<\/p>\n\n\n\n<ul class=\"wp-block-list\">\n<li><strong>Strat\u00e9gies d&#039;IA et d&#039;automatisation sur mesure\u00a0:<\/strong> L&#039;une des principales offres est le d\u00e9veloppement de strat\u00e9gies personnalis\u00e9es d&#039;IA et d&#039;automatisation. Ces strat\u00e9gies sont align\u00e9es sur les besoins et objectifs commerciaux sp\u00e9cifiques du client, en tenant compte des d\u00e9fis et opportunit\u00e9s uniques de son secteur et de son march\u00e9.<\/li>\n\n\n\n<li><strong>Avancement technologique et innovation\u00a0:<\/strong> Clients can expect to benefit from the latest advancements in AI and automation. A <a title=\"Qu\u2019est-ce que la technologie de navigation mondiale GNSS\u00a0?\" data-wpil-monitor-id=\"1754\" href=\"https:\/\/www.sisinternational.com\/fr\/europe-nouvelle-technologie-de-navigation-mondiale-gnss\/\">global artificial intelligence and automation consulting firm<\/a> provides access to cutting-edge technologies and innovative approaches, helping businesses stay ahead in their respective industries.<\/li>\n\n\n\n<li><strong>Prise de d\u00e9cision bas\u00e9e sur les donn\u00e9es\u00a0:<\/strong> Le cabinet de conseil aide \u00e0 exploiter la puissance des donn\u00e9es, en fournissant aux entreprises les outils et les informations n\u00e9cessaires \u00e0 la prise de d\u00e9cision bas\u00e9e sur les donn\u00e9es. Cela inclut l\u2019analyse pr\u00e9dictive, la connaissance des clients et l\u2019analyse du march\u00e9.<\/li>\n\n\n\n<li><strong>Gestion des risques et conformit\u00e9\u00a0:<\/strong> Naviguer dans les complexit\u00e9s de l\u2019IA et de l\u2019automatisation n\u00e9cessite une compr\u00e9hension approfondie des risques associ\u00e9s et de la conformit\u00e9 r\u00e9glementaire. Le cabinet de conseil guide les entreprises dans l\u2019att\u00e9nuation de ces risques et dans le respect des lois et normes internationales.<\/li>\n\n\n\n<li><strong>Renforcement des capacit\u00e9s et formation\u00a0:<\/strong> Ces entreprises proposent souvent des programmes de formation et de d\u00e9veloppement pour renforcer les capacit\u00e9s internes des organisations clientes. Cela garantit que les entreprises sont non seulement capables de mettre en \u0153uvre des solutions d\u2019IA et d\u2019automatisation, mais \u00e9galement de les maintenir et de les faire \u00e9voluer de mani\u00e8re ind\u00e9pendante.<\/li>\n<\/ul>\n\n\n\n<h2 class=\"wp-block-heading\">Avantages de l\u2019embauche d\u2019un cabinet mondial de conseil en intelligence artificielle et en automatisation<\/h2>\n\n\n\n<p>Le paysage mondial du conseil en intelligence artificielle et en automatisation pr\u00e9sente une pl\u00e9thore d\u2019opportunit\u00e9s, \u00e0 la fois pour les cabinets de conseil eux-m\u00eames et pour leurs clients de divers secteurs.<\/p>\n\n\n\n<ul class=\"wp-block-list\">\n<li><strong>Expansion de la port\u00e9e du march\u00e9\u00a0:<\/strong> The global nature of these <a title=\"Automatisation des mines et des ressources naturelles et conseil en IA\" data-wpil-monitor-id=\"5503\" href=\"https:\/\/www.sisinternational.com\/fr\/solutions\/ai-etudes-de-marche-et-conseil-en-strategie\/automatisation-des-ressources-naturelles-minieres-conseil-en-intelligence-artificielle\/\">consulting firms<\/a> allows them to tap into emerging markets and regions that are just beginning to explore the potential of AI and automation. This expansion is not only beneficial in terms of business growth but also helps in disseminating advanced technological solutions across the globe.<\/li>\n\n\n\n<li><strong>D\u00e9veloppement de solutions personnalis\u00e9es\u00a0:<\/strong> Le besoin de solutions d\u2019IA et d\u2019automatisation sur mesure dans diff\u00e9rentes entreprises offre une opportunit\u00e9 importante pour ces entreprises. Les solutions personnalis\u00e9es garantissent une meilleure ad\u00e9quation aux besoins sp\u00e9cifiques d&#039;un client, offrant une valeur et une efficacit\u00e9 sup\u00e9rieures.<\/li>\n\n\n\n<li><strong>Services de transformation et de formation de la main-d\u2019\u0153uvre\u00a0:<\/strong> \u00c0 mesure que les technologies d\u2019IA et d\u2019automatisation \u00e9voluent, il existe un besoin croissant de transformation de la main-d\u2019\u0153uvre et de d\u00e9veloppement des comp\u00e9tences. Les cabinets de conseil peuvent en tirer profit en proposant des programmes de formation et de d\u00e9veloppement, aidant ainsi les entreprises \u00e0 perfectionner leurs employ\u00e9s.<\/li>\n\n\n\n<li><strong>Conformit\u00e9 r\u00e9glementaire mondiale\u00a0:<\/strong> Avec des r\u00e9glementations variables en mati\u00e8re d\u2019IA et de confidentialit\u00e9 des donn\u00e9es dans diff\u00e9rentes r\u00e9gions, ces entreprises ont la possibilit\u00e9 d\u2019aider les entreprises \u00e0 naviguer dans ces complexit\u00e9s, garantissant ainsi la conformit\u00e9 mondiale.<\/li>\n\n\n\n<li><strong>Extension des offres de services\u00a0:<\/strong> The broadening scope of AI and <a title=\"Automatisation du transport maritime et logistique et conseil en IA\" data-wpil-monitor-id=\"4398\" href=\"https:\/\/www.sisinternational.com\/fr\/solutions\/ai-etudes-de-marche-et-conseil-en-strategie\/automatisation-de-la-logistique-dexpedition-conseil-en-ia\/\">automation technologies allows these consulting<\/a> firms to continually expand their service offerings, covering newer areas like IoT, edge computing, and more.<\/li>\n<\/ul>\n\n\n\n<h2 class=\"wp-block-heading\">Solutions SIS\u00a0: Conseil mondial en intelligence artificielle et en automatisation<\/h2>\n\n\n\n<p>Chez SIS, nous sommes \u00e0 l&#039;avant-garde de la r\u00e9volution de l&#039;IA, offrant une expertise in\u00e9gal\u00e9e et des solutions innovantes en tant que soci\u00e9t\u00e9 mondiale de conseil en intelligence artificielle et en automatisation. Nos services complets allient une technologie de pointe \u00e0 un sens des affaires strat\u00e9gique pour ouvrir des opportunit\u00e9s de croissance sans pr\u00e9c\u00e9dent aux entreprises du monde entier. Voici comment nous pouvons vous aider\u00a0:<\/p>\n\n\n\n<ul class=\"wp-block-list\">\n<li><strong>Strat\u00e9gies d&#039;IA et d&#039;automatisation personnalis\u00e9es\u00a0:<\/strong> Notre \u00e9quipe travaille en \u00e9troite collaboration avec les clients pour d\u00e9velopper des strat\u00e9gies d\u2019IA et d\u2019automatisation sur mesure qui correspondent \u00e0 leurs objectifs commerciaux uniques et \u00e0 leur paysage industriel. Nous exploitons des technologies avanc\u00e9es et une connaissance approfondie du secteur pour cr\u00e9er des solutions g\u00e9n\u00e9ratrices de valeur et d\u2019innovation.<\/li>\n\n\n\n<li><strong>Avancement technologique et innovation\u00a0:<\/strong> En ayant acc\u00e8s aux derni\u00e8res avanc\u00e9es en mati\u00e8re d\u2019IA et d\u2019automatisation, nous permettons aux entreprises de garder une longueur d\u2019avance. Notre \u00e9quipe explore continuellement les technologies \u00e9mergentes et les approches innovantes pour garantir que nos clients restent \u00e0 la pointe de l&#039;innovation dans leurs secteurs respectifs.<\/li>\n\n\n\n<li><strong>Prise de d\u00e9cision bas\u00e9e sur les donn\u00e9es\u00a0:<\/strong> Nous aidons les entreprises \u00e0 exploiter la puissance des donn\u00e9es pour prendre des d\u00e9cisions strat\u00e9giques \u00e9clair\u00e9es. Nos capacit\u00e9s avanc\u00e9es d\u2019analyse et de mod\u00e9lisation pr\u00e9dictive fournissent aux clients des informations exploitables sur les tendances du march\u00e9, le comportement des consommateurs et le paysage concurrentiel, permettant ainsi une prise de d\u00e9cision bas\u00e9e sur les donn\u00e9es \u00e0 tous les niveaux.<\/li>\n\n\n\n<li><strong>Gestion des risques et conformit\u00e9\u00a0:<\/strong> Naviguer dans les complexit\u00e9s de l\u2019IA et de l\u2019automatisation n\u00e9cessite une compr\u00e9hension globale des risques associ\u00e9s et de la conformit\u00e9 r\u00e9glementaire. Notre \u00e9quipe aide nos clients \u00e0 att\u00e9nuer les risques et \u00e0 garantir la conformit\u00e9 aux lois et normes internationales, les aidant ainsi \u00e0 naviguer en toute confiance dans le paysage r\u00e9glementaire mondial.<\/li>\n\n\n\n<li><strong>Renforcement des capacit\u00e9s et formation\u00a0:<\/strong> Nous proposons des programmes de formation et de d\u00e9veloppement pour renforcer les capacit\u00e9s internes des organisations clientes. Nos solutions de formation personnalis\u00e9es donnent aux employ\u00e9s les comp\u00e9tences et les connaissances dont ils ont besoin pour mettre en \u0153uvre et maintenir efficacement des solutions d&#039;IA et d&#039;automatisation, favorisant ainsi le succ\u00e8s et la croissance \u00e0 long terme.<\/li>\n<\/ul>\n\n\n\n<p>Associez-vous \u00e0 SIS pour lib\u00e9rer tout le potentiel de l\u2019IA et de l\u2019automatisation dans votre entreprise. Gr\u00e2ce \u00e0 notre expertise mondiale et \u00e0 nos solutions innovantes, vous pouvez stimuler la croissance, l&#039;innovation et l&#039;avantage concurrentiel dans le paysage commercial actuel en \u00e9volution rapide.<\/p>","protected":false},"excerpt":{"rendered":"<p>Une soci\u00e9t\u00e9 mondiale de conseil en intelligence artificielle et en automatisation offre une expertise sp\u00e9cialis\u00e9e aux entreprises du monde entier, m\u00ealant IA et automatisation.<\/p>","protected":false},"author":1,"featured_media":62408,"parent":44406,"menu_order":16,"comment_status":"closed","ping_status":"closed","template":"","meta":{"footnotes":""},"class_list":["post-44702","page","type-page","status-publish","has-post-thumbnail"],"_links":{"self":[{"href":"https:\/\/www.sisinternational.com\/fr\/wp-json\/wp\/v2\/pages\/44702","targetHints":{"allow":["GET"]}}],"collection":[{"href":"https:\/\/www.sisinternational.com\/fr\/wp-json\/wp\/v2\/pages"}],"about":[{"href":"https:\/\/www.sisinternational.com\/fr\/wp-json\/wp\/v2\/types\/page"}],"author":[{"embeddable":true,"href":"https:\/\/www.sisinternational.com\/fr\/wp-json\/wp\/v2\/users\/1"}],"replies":[{"embeddable":true,"href":"https:\/\/www.sisinternational.com\/fr\/wp-json\/wp\/v2\/comments?post=44702"}],"version-history":[{"count":6,"href":"https:\/\/www.sisinternational.com\/fr\/wp-json\/wp\/v2\/pages\/44702\/revisions"}],"predecessor-version":[{"id":82984,"href":"https:\/\/www.sisinternational.com\/fr\/wp-json\/wp\/v2\/pages\/44702\/revisions\/82984"}],"up":[{"embeddable":true,"href":"https:\/\/www.sisinternational.com\/fr\/wp-json\/wp\/v2\/pages\/44406"}],"wp:featuredmedia":[{"embeddable":true,"href":"https:\/\/www.sisinternational.com\/fr\/wp-json\/wp\/v2\/media\/62408"}],"wp:attachment":[{"href":"https:\/\/www.sisinternational.com\/fr\/wp-json\/wp\/v2\/media?parent=44702"}],"curies":[{"name":"wp","href":"https:\/\/api.w.org\/{rel}","templated":true}]}}