{"id":44695,"date":"2024-01-06T15:18:42","date_gmt":"2024-01-06T20:18:42","guid":{"rendered":"https:\/\/www.sisinternational.com\/?page_id=44695"},"modified":"2025-10-25T01:00:35","modified_gmt":"2025-10-25T05:00:35","slug":"conseil-en-intelligence-artificielle-en-automatisation-des-soins-de-sante","status":"publish","type":"page","link":"https:\/\/www.sisinternational.com\/fr\/solutions\/ai-etudes-de-marche-et-conseil-en-strategie\/conseil-en-intelligence-artificielle-en-automatisation-des-soins-de-sante\/","title":{"rendered":"Conseil en automatisation des soins de sant\u00e9 et intelligence artificielle"},"content":{"rendered":"<h1 class=\"wp-block-heading\">Conseil en automatisation des soins de sant\u00e9 et intelligence artificielle<\/h1>\n\n\n\n<figure class=\"gb-block-image gb-block-image-8ed13e49\"><img loading=\"lazy\" decoding=\"async\" width=\"1456\" height=\"816\" class=\"gb-image gb-image-8ed13e49\" src=\"https:\/\/www.sisinternational.com\/wp-content\/uploads\/2025\/08\/Healthcare-16.jpg\" alt=\"\u00c9tudes de march\u00e9 et strat\u00e9gie internationales SIS\" title=\"Healthcare (16)\" srcset=\"https:\/\/www.sisinternational.com\/wp-content\/uploads\/2025\/08\/Healthcare-16.jpg 1456w, https:\/\/www.sisinternational.com\/wp-content\/uploads\/2025\/08\/Healthcare-16-300x168.jpg 300w, https:\/\/www.sisinternational.com\/wp-content\/uploads\/2025\/08\/Healthcare-16-1024x574.jpg 1024w, https:\/\/www.sisinternational.com\/wp-content\/uploads\/2025\/08\/Healthcare-16-768x430.jpg 768w, https:\/\/www.sisinternational.com\/wp-content\/uploads\/2025\/08\/Healthcare-16-18x10.jpg 18w\" sizes=\"auto, (max-width: 1456px) 100vw, 1456px\"><\/figure>\n\n\n\n<p><\/p>\n\n\n\n<p>Healthcare automation and artificial intelligence consulting is a paradigm shift redefining the future of healthcare, promising to transform patient care, enhance medical procedures, and streamline healthcare operations. It\u2019s about crafting a new era in healthcare where efficiency, accuracy, and patient-centric care become the cornerstones of medical services.<\/p>\n\n\n\n<h2 class=\"wp-block-heading\">Comprendre le conseil en automatisation des soins de sant\u00e9 et en intelligence artificielle<\/h2>\n\n\n\n<p><a href=\"https:\/\/sisaisolutions.com\/application-of-ai-in-healthcare\/\" target=\"_blank\" rel=\"noopener\">Healthcare automation<\/a> and artificial intelligence consulting is an interdisciplinary field integrating advanced technology into the healthcare sector to improve patient care, enhance operational efficiency, and foster innovation.<\/p>\n\n\n\n<p>It involves using technology to perform routine healthcare tasks traditionally done by humans, increasing efficiency and reducing errors. This can range from automated laboratory tests to robotic surgical assistants. The role of artificial intelligence in this context is to add a layer of cognitive processing, enabling systems to perform tasks and learn from data, make predictions, and provide decision support.<\/p>\n\n\n\n<h2 class=\"wp-block-heading\">Le r\u00f4le essentiel du conseil en automatisation des soins de sant\u00e9 et en intelligence artificielle<\/h2>\n\n\n\n<figure class=\"gb-block-image gb-block-image-b87f7204\"><img loading=\"lazy\" decoding=\"async\" width=\"1456\" height=\"816\" class=\"gb-image gb-image-b87f7204\" src=\"https:\/\/www.sisinternational.com\/wp-content\/uploads\/2025\/08\/Healthcare-2.jpg\" alt=\"\u00c9tudes de march\u00e9 et strat\u00e9gie internationales SIS\" title=\"Healthcare (2)\" srcset=\"https:\/\/www.sisinternational.com\/wp-content\/uploads\/2025\/08\/Healthcare-2.jpg 1456w, https:\/\/www.sisinternational.com\/wp-content\/uploads\/2025\/08\/Healthcare-2-300x168.jpg 300w, https:\/\/www.sisinternational.com\/wp-content\/uploads\/2025\/08\/Healthcare-2-1024x574.jpg 1024w, https:\/\/www.sisinternational.com\/wp-content\/uploads\/2025\/08\/Healthcare-2-768x430.jpg 768w, https:\/\/www.sisinternational.com\/wp-content\/uploads\/2025\/08\/Healthcare-2-18x10.jpg 18w\" sizes=\"auto, (max-width: 1456px) 100vw, 1456px\"><\/figure>\n\n\n\n<p><\/p>\n\n\n\n<p>L&#039;automatisation des soins de sant\u00e9 et le conseil en IA am\u00e9liorent la pr\u00e9cision et l&#039;efficacit\u00e9 des processus m\u00e9dicaux. Gr\u00e2ce \u00e0 la capacit\u00e9 de l&#039;IA \u00e0 analyser de vastes ensembles de donn\u00e9es, les prestataires de soins de sant\u00e9 peuvent obtenir des informations plus approfondies sur l&#039;\u00e9tat des patients, conduisant ainsi \u00e0 des diagnostics plus pr\u00e9cis et \u00e0 des plans de traitement personnalis\u00e9s.<\/p>\n\n\n\n<p>En automatisant les t\u00e2ches de routine, les \u00e9tablissements de sant\u00e9 peuvent allouer leurs ressources humaines plus efficacement, en se concentrant sur les soins aux patients et les d\u00e9cisions m\u00e9dicales critiques. Cela am\u00e9liore la satisfaction professionnelle des professionnels de la sant\u00e9 en r\u00e9duisant leur charge administrative.<\/p>\n\n\n\n<p>Un autre aspect essentiel est le potentiel de l\u2019IA et de l\u2019automatisation pour am\u00e9liorer l\u2019engagement et l\u2019exp\u00e9rience des patients. Les outils bas\u00e9s sur l&#039;IA peuvent fournir des recommandations de sant\u00e9 personnalis\u00e9es, rappeler aux patients les m\u00e9dicaments et m\u00eame proposer des consultations de sant\u00e9 virtuelles, rendant les soins de sant\u00e9 plus accessibles et plus pratiques.<\/p>\n\n\n\n<h2 class=\"wp-block-heading\">Avantages du conseil en automatisation des soins de sant\u00e9 et en intelligence artificielle<\/h2>\n\n\n\n<p>The integration of healthcare automation and <a href=\"https:\/\/www.sisinternational.com\/fr\/solutions\/ai-etudes-de-marche-et-conseil-en-strategie\/automatisation-des-produits-de-soins-personnels-conseil-en-ia\/\" title=\"Automatisation des produits de soins personnels et conseil en IA\" data-wpil-monitor-id=\"10502\">AI consulting<\/a> into the healthcare sector brings a multitude of benefits that are transformative at both the operational level and in patient care. Here\u2019s a comprehensive look at these benefits:<\/p>\n\n\n\n<ul class=\"wp-block-list\">\n<li><strong>Pr\u00e9cision diagnostique am\u00e9lior\u00e9e\u00a0:<\/strong> Healthcare automation and artificial intelligence consulting help businesses increase their capacity to analyze complex medical data, including imaging and genetic information, leading to more accurate diagnoses.\u00a0<\/li>\n\n\n\n<li><strong>Soins am\u00e9lior\u00e9s aux patients\u00a0:<\/strong> L&#039;automatisation de la surveillance des patients et l&#039;analyse bas\u00e9e sur l&#039;IA permettent un suivi continu et pr\u00e9cis de la sant\u00e9 des patients, conduisant \u00e0 des interventions rapides et \u00e0 des plans de soins personnalis\u00e9s.<\/li>\n\n\n\n<li><strong>Efficacit\u00e9 op\u00e9rationnelle\u00a0:<\/strong> L&#039;automatisation des t\u00e2ches de routine telles que la planification des patients, la tenue des dossiers et la saisie des donn\u00e9es permet aux professionnels de sant\u00e9 de se concentrer sur les soins directs aux patients, am\u00e9liorant ainsi l&#039;efficacit\u00e9 globale et r\u00e9duisant l&#039;\u00e9puisement professionnel.<\/li>\n\n\n\n<li><strong>Innovations dans le d\u00e9veloppement de traitements et de m\u00e9dicaments\u00a0:<\/strong> L&#039;automatisation des soins de sant\u00e9 et le conseil en intelligence artificielle peuvent acc\u00e9l\u00e9rer les processus de d\u00e9couverte et de d\u00e9veloppement de m\u00e9dicaments, r\u00e9duisant ainsi le temps et les co\u00fbts n\u00e9cessaires \u00e0 la mise sur le march\u00e9 de nouveaux traitements.<\/li>\n\n\n\n<li><strong>Formation et \u00e9ducation cliniques am\u00e9lior\u00e9es\u00a0:<\/strong> L&#039;automatisation des soins de sant\u00e9 et le conseil en intelligence artificielle fournissent des outils avanc\u00e9s pour la formation et l&#039;enseignement m\u00e9dicaux, offrant des simulations et des informations bas\u00e9es sur les donn\u00e9es qui am\u00e9liorent l&#039;apprentissage.<\/li>\n<\/ul>\n\n\n\n<h2 class=\"wp-block-heading\">Facteurs de r\u00e9ussite \u00e0 prendre en compte dans le conseil en automatisation des soins de sant\u00e9 et en intelligence artificielle<\/h2>\n\n\n\n<figure class=\"gb-block-image gb-block-image-40644844\"><img loading=\"lazy\" decoding=\"async\" width=\"1456\" height=\"816\" class=\"gb-image gb-image-40644844\" src=\"https:\/\/www.sisinternational.com\/wp-content\/uploads\/2025\/08\/Healthcare-9.jpg\" alt=\"\u00c9tudes de march\u00e9 et strat\u00e9gie internationales SIS\" title=\"Healthcare (9)\" srcset=\"https:\/\/www.sisinternational.com\/wp-content\/uploads\/2025\/08\/Healthcare-9.jpg 1456w, https:\/\/www.sisinternational.com\/wp-content\/uploads\/2025\/08\/Healthcare-9-300x168.jpg 300w, https:\/\/www.sisinternational.com\/wp-content\/uploads\/2025\/08\/Healthcare-9-1024x574.jpg 1024w, https:\/\/www.sisinternational.com\/wp-content\/uploads\/2025\/08\/Healthcare-9-768x430.jpg 768w, https:\/\/www.sisinternational.com\/wp-content\/uploads\/2025\/08\/Healthcare-9-18x10.jpg 18w\" sizes=\"auto, (max-width: 1456px) 100vw, 1456px\"><\/figure>\n\n\n\n<p><\/p>\n\n\n\n<p>For healthcare automation and AI consulting to be effective and yield the desired outcomes, several <a href=\"https:\/\/www.sisinternational.com\/fr\/facteurs-cles-de-succes-dans-les-etudes-de-marche-automobile\/\" title=\"Facteurs cl\u00e9s de succ\u00e8s dans les \u00e9tudes de march\u00e9 automobile\" data-wpil-monitor-id=\"10492\">key success factors<\/a> must be strategically addressed:<\/p>\n\n\n\n<ul class=\"wp-block-list\">\n<li><strong>Alignement avec les objectifs de sant\u00e9\u00a0:<\/strong> La mise en \u0153uvre des technologies d\u2019IA et d\u2019automatisation doit s\u2019aligner sur les objectifs primordiaux de l\u2019\u00e9tablissement de sant\u00e9, tels que l\u2019am\u00e9lioration des r\u00e9sultats pour les patients, l\u2019augmentation de l\u2019efficacit\u00e9 ou la r\u00e9duction des co\u00fbts.<\/li>\n\n\n\n<li><strong>Engagement et collaboration des parties prenantes\u00a0:<\/strong> Une mise en \u0153uvre r\u00e9ussie n\u00e9cessite l\u2019engagement et la collaboration de toutes les parties prenantes, notamment les prestataires de soins de sant\u00e9, les patients, le personnel informatique et les administrateurs. Comprendre et r\u00e9pondre \u00e0 leurs besoins, pr\u00e9occupations et attentes est crucial.<\/li>\n\n\n\n<li><strong>Conformit\u00e9 aux r\u00e9glementations et aux normes \u00e9thiques\u00a0:<\/strong> Adhering to healthcare regulations and ethical standards, especially regarding patient data privacy and security, is critical.\u00a0<\/li>\n\n\n\n<li><strong>Solutions personnalis\u00e9es\u00a0:<\/strong> Healthcare settings are diverse, and AI and automation solutions must be tailored to meet the specific needs of each facility. Customization ensures relevance and effectiveness.<\/li>\n\n\n\n<li><strong>Mesures de s\u00e9curit\u00e9 robustes\u00a0:<\/strong> Compte tenu de la nature sensible des donn\u00e9es de sant\u00e9, des mesures de s\u00e9curit\u00e9 robustes sont essentielles pour se prot\u00e9ger contre les violations et les cybermenaces.<\/li>\n<\/ul>\n\n\n\n<h2 class=\"wp-block-heading\">Qu\u2019apportent les conseils en automatisation des soins de sant\u00e9 et en intelligence artificielle aux entreprises\u00a0?<\/h2>\n\n\n\n<p>Lorsqu\u2019ils se lancent dans l\u2019automatisation des soins de sant\u00e9 et le conseil en intelligence artificielle, les prestataires de soins de sant\u00e9 peuvent s\u2019attendre \u00e0 une gamme de r\u00e9sultats et d\u2019avantages transformateurs. Voici \u00e0 quoi s&#039;attendre\u00a0:<\/p>\n\n\n\n<ul class=\"wp-block-list\">\n<li><strong>Op\u00e9rations rationalis\u00e9es\u00a0:<\/strong> Les processus automatis\u00e9s et les syst\u00e8mes bas\u00e9s sur l&#039;IA conduisent \u00e0 des op\u00e9rations de soins de sant\u00e9 plus efficaces, r\u00e9duisant le temps consacr\u00e9 aux t\u00e2ches administratives et mettant davantage l&#039;accent sur les soins aux patients.<\/li>\n\n\n\n<li><strong>R\u00e9sultats am\u00e9lior\u00e9s pour les patients\u00a0:<\/strong> La capacit\u00e9 de l&#039;IA \u00e0 analyser des donn\u00e9es m\u00e9dicales complexes peut conduire \u00e0 des diagnostics plus pr\u00e9cis et \u00e0 des plans de traitement personnalis\u00e9s, am\u00e9liorant ainsi directement les r\u00e9sultats pour les patients.<\/li>\n\n\n\n<li><strong>Prise de d\u00e9cision am\u00e9lior\u00e9e\u00a0:<\/strong> Les prestataires de soins de sant\u00e9 peuvent s\u2019attendre \u00e0 ce que l\u2019IA offre des informations pr\u00e9cieuses et des recommandations fond\u00e9es sur des donn\u00e9es, contribuant ainsi \u00e0 une prise de d\u00e9cision clinique plus \u00e9clair\u00e9e et plus efficace.<\/li>\n\n\n\n<li><strong>Engagement avanc\u00e9 des patients\u00a0:<\/strong> Les outils bas\u00e9s sur l&#039;IA permettront un meilleur engagement des patients gr\u00e2ce \u00e0 une communication personnalis\u00e9e, \u00e0 la surveillance de la sant\u00e9 et \u00e0 l&#039;\u00e9ducation, conduisant \u00e0 une am\u00e9lioration des connaissances en mati\u00e8re de sant\u00e9 et au respect des plans de traitement.<\/li>\n\n\n\n<li><strong>Accessibilit\u00e9 accrue aux soins\u00a0:<\/strong> L\u2019IA et l\u2019automatisation peuvent rendre les services de sant\u00e9 plus accessibles, en particulier dans les r\u00e9gions \u00e9loign\u00e9es ou mal desservies, gr\u00e2ce \u00e0 des solutions de t\u00e9l\u00e9m\u00e9decine et de surveillance \u00e0 distance.<\/li>\n<\/ul>\n\n\n\n<h2 class=\"wp-block-heading\">Principales technologies utilis\u00e9es dans le conseil en automatisation des soins de sant\u00e9 et en intelligence artificielle<\/h2>\n\n\n\n<figure class=\"wp-block-image\"><img decoding=\"async\" src=\"https:\/\/www.sisinternational.com\/wp-content\/uploads\/2025\/06\/AI-5.jpg\" alt=\"\u00c9tudes de march\u00e9 et strat\u00e9gie internationales SIS\" class=\"wp-image-60044\"><\/figure>\n\n\n\n<p><\/p>\n\n\n\n<p>Healthcare automation and artificial intelligence consulting leverage various cutting-edge technologies \u2013 and understanding these technologies is key to appreciating how they contribute to advancing healthcare.<\/p>\n\n\n\n<ul class=\"wp-block-list\">\n<li><strong><a href=\"https:\/\/www.sisinternational.com\/fr\/solutions\/ai-etudes-de-marche-et-conseil-en-strategie\/etude-de-marche-sur-le-traitement-du-langage-naturel-par-ia\/\" title=\"\u00c9tude de march\u00e9 sur l\u2019IA pour le traitement du langage naturel\" data-wpil-monitor-id=\"10488\">Natural Language Processing<\/a> (NLP):<\/strong> La PNL est utilis\u00e9e pour interpr\u00e9ter et analyser les dossiers des patients, la litt\u00e9rature m\u00e9dicale et les notes cliniques, facilitant ainsi un traitement plus rapide des donn\u00e9es et une r\u00e9cup\u00e9ration d&#039;informations.<\/li>\n\n\n\n<li><strong>Vision par ordinateur:<\/strong> This technology, used in analyzing medical imaging, helps detect and diagnose diseases by identifying patterns that are not discernible to the human eye.<\/li>\n\n\n\n<li><strong>Internet des objets (IoT)\u00a0:<\/strong> Les appareils IoT dans le domaine de la sant\u00e9, tels que les capteurs portables et les outils de surveillance \u00e0 distance, collectent des donn\u00e9es de sant\u00e9 vitales en temps r\u00e9el, offrant ainsi une surveillance continue des patients et des informations bas\u00e9es sur les donn\u00e9es aux prestataires de soins de sant\u00e9.<\/li>\n\n\n\n<li><strong>Assistants de t\u00e9l\u00e9m\u00e9decine et de sant\u00e9 virtuelle\u00a0:<\/strong> Les plateformes de t\u00e9l\u00e9m\u00e9decine bas\u00e9es sur l&#039;IA et les assistants de sant\u00e9 virtuels fournissent des soins et des consultations \u00e0 distance, am\u00e9liorant ainsi l&#039;accessibilit\u00e9 aux soins de sant\u00e9 et l&#039;engagement des patients.<\/li>\n\n\n\n<li><strong>Cloud computing:<\/strong> Les plates-formes cloud prennent en charge la vaste puissance de stockage de donn\u00e9es et de calcul requise pour l&#039;IA et l&#039;analyse du Big Data dans le domaine de la sant\u00e9, permettant ainsi l&#039;\u00e9volutivit\u00e9 et l&#039;accessibilit\u00e9.<\/li>\n\n\n\n<li><strong>R\u00e9alit\u00e9 augment\u00e9e (AR) et r\u00e9alit\u00e9 virtuelle (VR)\u00a0:<\/strong> AR and VR are used in medical training, education, and inpatient treatment for procedures like physical therapy and pain management.<\/li>\n<\/ul>\n\n\n\n<h2 class=\"wp-block-heading\">Opportunit\u00e9s dans le conseil en automatisation des soins de sant\u00e9 et en intelligence artificielle<\/h2>\n\n\n\n<figure class=\"gb-block-image gb-block-image-9787404a\"><img loading=\"lazy\" decoding=\"async\" width=\"1456\" height=\"816\" class=\"gb-image gb-image-9787404a\" src=\"https:\/\/www.sisinternational.com\/wp-content\/uploads\/2025\/08\/Healthcare-14.jpg\" alt=\"\u00c9tudes de march\u00e9 et strat\u00e9gie internationales SIS\" title=\"Healthcare (14)\" srcset=\"https:\/\/www.sisinternational.com\/wp-content\/uploads\/2025\/08\/Healthcare-14.jpg 1456w, https:\/\/www.sisinternational.com\/wp-content\/uploads\/2025\/08\/Healthcare-14-300x168.jpg 300w, https:\/\/www.sisinternational.com\/wp-content\/uploads\/2025\/08\/Healthcare-14-1024x574.jpg 1024w, https:\/\/www.sisinternational.com\/wp-content\/uploads\/2025\/08\/Healthcare-14-768x430.jpg 768w, https:\/\/www.sisinternational.com\/wp-content\/uploads\/2025\/08\/Healthcare-14-18x10.jpg 18w\" sizes=\"auto, (max-width: 1456px) 100vw, 1456px\"><\/figure>\n\n\n\n<p><\/p>\n\n\n\n<p>The field of healthcare automation and <a href=\"https:\/\/www.sisinternational.com\/fr\/solutions\/ai-etudes-de-marche-et-conseil-en-strategie\/automatisation-de-lindustrie-du-cable-et-du-satellite-conseil-en-ia\/\" title=\"Automatisation de l&#039;industrie du c\u00e2ble et du satellite et conseil en IA\" data-wpil-monitor-id=\"10500\">AI consulting<\/a> is burgeoning with opportunities that can significantly reshape the healthcare industry. These opportunities extend across various facets of healthcare, offering the potential for enhanced patient care, operational efficiencies, and medical innovations:<\/p>\n\n\n\n<ul class=\"wp-block-list\">\n<li><strong>Soins personnalis\u00e9s aux patients\u00a0:<\/strong> Les capacit\u00e9s d&#039;analyse des donn\u00e9es de l&#039;IA permettent des soins plus personnalis\u00e9s, en adaptant les traitements et les plans de sant\u00e9 aux besoins et conditions de chaque patient, conduisant ainsi \u00e0 de meilleurs r\u00e9sultats en mati\u00e8re de sant\u00e9.<\/li>\n\n\n\n<li><strong>Analyse pr\u00e9dictive pour la pr\u00e9vention des maladies\u00a0:<\/strong> AI can analyze vast amounts of healthcare data to identify disease risk factors, enabling early intervention and preventive care strategies.<\/li>\n\n\n\n<li><strong>Am\u00e9liorer la pr\u00e9cision du diagnostic\u00a0:<\/strong> Les algorithmes d\u2019IA et d\u2019apprentissage automatique peuvent aider \u00e0 diagnostiquer les maladies, parfois avec une plus grande pr\u00e9cision que les m\u00e9thodes traditionnelles, en particulier dans des domaines comme la radiologie et la pathologie.<\/li>\n\n\n\n<li><strong>Surveillance des patients \u00e0 distance\u00a0:<\/strong> L&#039;IoT et l&#039;IA permettent la surveillance \u00e0 distance des patients, fournissant des soins continus en dehors des contextes cliniques traditionnels et am\u00e9liorant la gestion des maladies chroniques.<\/li>\n\n\n\n<li><strong>Formation et \u00e9ducation:<\/strong> L\u2019IA et la r\u00e9alit\u00e9 virtuelle peuvent r\u00e9volutionner la formation et l\u2019\u00e9ducation m\u00e9dicales en proposant des simulations r\u00e9alistes et des exp\u00e9riences d\u2019apprentissage bas\u00e9es sur les donn\u00e9es.<\/li>\n<\/ul>\n\n\n\n<h2 class=\"wp-block-heading\">Solutions SIS\u00a0: Conseil en automatisation des soins de sant\u00e9 et intelligence artificielle<\/h2>\n\n\n\n<h3 class=\"wp-block-heading\">SIS utilise une approche globale et int\u00e9gr\u00e9e en mati\u00e8re de conseil en automatisation des soins de sant\u00e9 et en intelligence artificielle<\/h3>\n\n\n\n<p>Nous fournissons <a href=\"https:\/\/www.sisinternational.com\/fr\/sis-lance-de-nouvelles-solutions-de-recherche-numerique\/\" title=\"SIS lance de nouvelles solutions de recherche num\u00e9rique\" data-wpil-monitor-id=\"10478\">innovative healthcare automation and AI solutions<\/a> that enhance operational efficiency and patient care. <a href=\"https:\/\/www.linkedin.com\/company\/sisinternationalresearch\/\" target=\"_blank\" rel=\"noopener\">Our researchers<\/a> conduct strategic analyses to turn information into actionable insights and help you consider healthcare automation and artificial intelligence with a complete market view <span style=\"font-weight: 400;\">- et<\/span> notre concentration sur l&#039;analyse strat\u00e9gique et les informations exploitables va au-del\u00e0 des donn\u00e9es et fournit des solutions sur mesure aux clients.<\/p>\n\n\n\n<ul class=\"wp-block-list\">\n<li><strong>D\u00e9veloppement de strat\u00e9gies d&#039;IA personnalis\u00e9es<\/strong>: Nous \u00e9laborons des strat\u00e9gies d&#039;IA sur mesure qui correspondent aux buts de votre \u00e9tablissement de sant\u00e9 et aux objectifs de soins aux patients.<\/li>\n\n\n\n<li><strong>Optimisation de l&#039;efficacit\u00e9 op\u00e9rationnelle<\/strong>: Nous utilisons des technologies d&#039;IA et d&#039;automatisation pour rationaliser les op\u00e9rations de soins de sant\u00e9, r\u00e9duire les co\u00fbts et am\u00e9liorer la prestation de services.<\/li>\n\n\n\n<li><strong>Soutien \u00e0 l\u2019entr\u00e9e et \u00e0 l\u2019expansion du march\u00e9<\/strong>: We provide insights and <a href=\"https:\/\/www.sisinternational.com\/fr\/elargir-la-portee-du-marche-grace-a-une-strategie-marketing-a-multiples-facettes\/\" title=\"\u00c9largir la port\u00e9e du march\u00e9 gr\u00e2ce \u00e0 une strat\u00e9gie marketing \u00e0 multiples facettes\" data-wpil-monitor-id=\"10504\">strategies for entering new markets or expanding<\/a> existing ones, focusing on leveraging AI and automation in healthcare.<\/li>\n\n\n\n<li><strong>Conformit\u00e9 r\u00e9glementaire et gestion des risques<\/strong>: Nous vous guidons dans la navigation dans le paysage r\u00e9glementaire complexe des soins de sant\u00e9, en garantissant que les solutions d&#039;IA sont conformes aux normes juridiques et en vous aidant \u00e0 g\u00e9rer les risques associ\u00e9s \u00e0 l&#039;adoption de nouvelles technologies.<\/li>\n\n\n\n<li><strong>Ateliers et formations sur l&#039;innovation<\/strong>: We conduct workshops and training sessions for healthcare professionals on the latest AI tools and technologies, fostering a culture of innovation and ensuring teams are equipped to implement AI solutions effectively.<\/li>\n<\/ul>\n\n\n\n<p>Our relationship with industry specialists, generated over the last three decades, allows SIS to go wide and deep into Healthcare <a href=\"https:\/\/www.sisinternational.com\/fr\/solutions\/ai-etudes-de-marche-et-conseil-en-strategie\/conseil-en-intelligence-artificielle-en-automatisation-industrielle\/\" title=\"Conseil en Automatisation Industrielle et Intelligence Artificielle\" data-wpil-monitor-id=\"10496\">Automation and Artificial Intelligence<\/a>. The SIS strategy team pulls together the latest in Healthcare Automation and AI, working closely with our local offices abroad.<\/p>\n\n\n\n<h2 class=\"wp-block-heading\">Notre emplacement \u00e0 New York<\/h2>\n\n\n\n<p>  <iframe loading=\"lazy\" src=\"https:\/\/www.google.com\/maps\/embed?pb=!1m18!1m12!1m3!1d3022.976188376966!2d-73.99130312499956!3d40.740549471389315!2m3!1f0!2f0!3f0!3m2!1i1024!2i768!4f13.1!3m3!1m2!1s0x89c259a15798c731%3A0xd695d09bdd495f25!2s11%20E%2022nd%20St%20FL%202%2C%20New%20York%2C%20NY%2010010%2C%20USA!5e0!3m2!1sen!2spe!4v1726171763526!5m2!1sen!2spe\" width=\"600\" height=\"450\" allowfullscreen=\"allowfullscreen\" data-mce-fragment=\"1\"><\/iframe>  <\/p>\n\n\n\n<h3 class=\"wp-block-heading\">11 E 22nd Street, \u00e9tage 2, New York, NY 10010 T\u00e9l. : +1(212) 505-6805<\/h3>\n\n\n\n<hr class=\"wp-block-separator has-alpha-channel-opacity\"\/>\n\n\n\n<h2 class=\"wp-block-heading\"><span style=\"font-weight: 400;\">\u00c0 propos de SIS International<\/span><\/h2>\n\n\n\n<p><a href=\"https:\/\/www.sisinternational.com\/fr\/\"><span style=\"font-weight: 400;\">SIS International<\/span><\/a><span style=\"font-weight: 400;\"> offers Quantitative, Qualitative, and Strategy Research. We provide data, tools, strategies, reports, and insights for decision-making. We also conduct interviews, surveys, focus groups, and other <a href=\"https:\/\/www.sisinternational.com\/fr\/quantitative-market-research-methods-and-techniques\/\" title=\"Quantitative Market Research Methods and Techniques\" data-wpil-monitor-id=\"10483\">Market Research methods<\/a> and approaches.<\/span><a href=\"https:\/\/www.sisinternational.com\/fr\/a-propos-de-la-recherche-internationale-sis\/contact-sis-international-market-research\/\"><span style=\"font-weight: 400;\"> Contactez nous<\/span><\/a><span style=\"font-weight: 400;\"> pour votre prochain projet d&#039;\u00e9tude de march\u00e9.<\/span><\/p>\n\n\n\n<hr class=\"wp-block-separator has-alpha-channel-opacity\"\/>","protected":false},"excerpt":{"rendered":"<p>L&#039;automatisation des soins de sant\u00e9 et le conseil en intelligence artificielle int\u00e8grent la technologie de l&#039;IA pour am\u00e9liorer les soins aux patients, l&#039;efficacit\u00e9 et l&#039;innovation.<\/p>","protected":false},"author":1,"featured_media":62434,"parent":44406,"menu_order":14,"comment_status":"closed","ping_status":"closed","template":"","meta":{"footnotes":""},"class_list":["post-44695","page","type-page","status-publish","has-post-thumbnail"],"_links":{"self":[{"href":"https:\/\/www.sisinternational.com\/fr\/wp-json\/wp\/v2\/pages\/44695","targetHints":{"allow":["GET"]}}],"collection":[{"href":"https:\/\/www.sisinternational.com\/fr\/wp-json\/wp\/v2\/pages"}],"about":[{"href":"https:\/\/www.sisinternational.com\/fr\/wp-json\/wp\/v2\/types\/page"}],"author":[{"embeddable":true,"href":"https:\/\/www.sisinternational.com\/fr\/wp-json\/wp\/v2\/users\/1"}],"replies":[{"embeddable":true,"href":"https:\/\/www.sisinternational.com\/fr\/wp-json\/wp\/v2\/comments?post=44695"}],"version-history":[{"count":11,"href":"https:\/\/www.sisinternational.com\/fr\/wp-json\/wp\/v2\/pages\/44695\/revisions"}],"predecessor-version":[{"id":81726,"href":"https:\/\/www.sisinternational.com\/fr\/wp-json\/wp\/v2\/pages\/44695\/revisions\/81726"}],"up":[{"embeddable":true,"href":"https:\/\/www.sisinternational.com\/fr\/wp-json\/wp\/v2\/pages\/44406"}],"wp:featuredmedia":[{"embeddable":true,"href":"https:\/\/www.sisinternational.com\/fr\/wp-json\/wp\/v2\/media\/62434"}],"wp:attachment":[{"href":"https:\/\/www.sisinternational.com\/fr\/wp-json\/wp\/v2\/media?parent=44695"}],"curies":[{"name":"wp","href":"https:\/\/api.w.org\/{rel}","templated":true}]}}