{"id":44684,"date":"2024-01-06T14:28:37","date_gmt":"2024-01-06T19:28:37","guid":{"rendered":"https:\/\/www.sisinternational.com\/?page_id=44684"},"modified":"2026-02-18T12:38:30","modified_gmt":"2026-02-18T17:38:30","slug":"conseil-en-intelligence-artificielle-pour-boissons-alimentaires","status":"publish","type":"page","link":"https:\/\/www.sisinternational.com\/fr\/solutions\/ai-etudes-de-marche-et-conseil-en-strategie\/conseil-en-intelligence-artificielle-pour-boissons-alimentaires\/","title":{"rendered":"Conseil en intelligence artificielle dans le secteur de l&#039;alimentation et des boissons"},"content":{"rendered":"<h1 class=\"wp-block-heading\">Conseil en intelligence artificielle dans le secteur de l&#039;alimentation et des boissons<\/h1>\n\n\n\n<figure class=\"gb-block-image gb-block-image-445e5093\"><img loading=\"lazy\" decoding=\"async\" width=\"1456\" height=\"816\" class=\"gb-image gb-image-445e5093\" src=\"https:\/\/www.sisinternational.com\/wp-content\/uploads\/2025\/08\/Beverages-8.jpg\" alt=\"\u00c9tudes de march\u00e9 et strat\u00e9gie internationales SIS\" title=\"Beverages (8)\" srcset=\"https:\/\/www.sisinternational.com\/wp-content\/uploads\/2025\/08\/Beverages-8.jpg 1456w, https:\/\/www.sisinternational.com\/wp-content\/uploads\/2025\/08\/Beverages-8-300x168.jpg 300w, https:\/\/www.sisinternational.com\/wp-content\/uploads\/2025\/08\/Beverages-8-1024x574.jpg 1024w, https:\/\/www.sisinternational.com\/wp-content\/uploads\/2025\/08\/Beverages-8-768x430.jpg 768w, https:\/\/www.sisinternational.com\/wp-content\/uploads\/2025\/08\/Beverages-8-18x10.jpg 18w\" sizes=\"auto, (max-width: 1456px) 100vw, 1456px\"><\/figure>\n\n\n\n<p><\/p>\n\n\n\n<p>Is your business ready for the future of food? The integration of AI in the food industry is a revolution that&#8217;s reshaping how businesses operate from farm to table. AI is revolutionizing supply chains, enabling smarter inventory management, enhancing food safety protocols \u2013 and personalizing customer experiences in ways previously unimaginable.<\/p>\n\n\n\n<h2 class=\"wp-block-heading\">Qu\u2019est-ce que le conseil en intelligence artificielle dans le domaine de l\u2019alimentation et des boissons\u00a0?<\/h2>\n\n\n\n<p>Food and <a title=\"Conseil en automatisation des boissons et intelligence artificielle\" href=\"https:\/\/www.sisinternational.com\/fr\/solutions\/ai-etudes-de-marche-et-conseil-en-strategie\/conseil-en-intelligence-artificielle-pour-lautomatisation-des-boissons\/\" data-wpil-monitor-id=\"3901\">Beverage Artificial Intelligence<\/a> Consulting consulting is a specialized field that combines the expertise of food industry knowledge with the disruptive potential of AI technology. This unique blend offers businesses a pathway to integrate AI solutions into their food-related operations, ensuring they stay ahead in a highly competitive and evolving market.<\/p>\n\n\n\n<p>At its core, Food and Beverage Artificial Intelligence Consulting involves analyzing a company&#8217;s specific needs and challenges in the <a title=\"Le besoin de veille concurrentielle en p\u00e9riode de r\u00e9cession\" href=\"https:\/\/www.sisinternational.com\/fr\/le-besoin-de-veille-concurrentielle-dans-cette-recession\/\" data-wpil-monitor-id=\"2190\">food sector and then devising AI-driven strategies<\/a> to address them. This can range from implementing AI algorithms for better inventory management to using machine learning models for predicting consumer trends to integrating AI in food safety and quality control processes.<\/p>\n\n\n\n<p>Contrairement aux applications g\u00e9n\u00e9riques d&#039;IA, le conseil en intelligence artificielle pour l&#039;alimentation et les boissons prend en compte les aspects uniques d&#039;une entreprise : son march\u00e9 cible, ses processus op\u00e9rationnels existants et ses objectifs \u00e0 long terme.<\/p>\n\n\n\n<h2 class=\"wp-block-heading\">Pourquoi les entreprises ont besoin de conseils en intelligence artificielle dans le domaine de l&#039;alimentation et des boissons<\/h2>\n\n\n\n<p>L\u2019industrie agroalimentaire est confront\u00e9e \u00e0 des exigences toujours croissantes des consommateurs en mati\u00e8re de personnalisation et de qualit\u00e9. L\u2019IA permet aux entreprises de comprendre et de pr\u00e9dire le comportement des consommateurs avec une plus grande pr\u00e9cision, leur permettant ainsi d\u2019adapter plus efficacement leurs produits et services. Par exemple, l\u2019IA peut analyser les donn\u00e9es des clients pour identifier les tendances alimentaires ou les pr\u00e9f\u00e9rences alimentaires \u00e9mergentes, permettant ainsi aux entreprises d\u2019adapter leurs offres rapidement et efficacement.<\/p>\n\n\n\n<p>Les entreprises alimentaires sont souvent confront\u00e9es \u00e0 des cha\u00eenes d\u2019approvisionnement complexes qui peuvent \u00eatre optimis\u00e9es pour plus d\u2019efficacit\u00e9 et de durabilit\u00e9 \u00e0 l\u2019aide des technologies d\u2019IA. Le conseil en intelligence artificielle dans le domaine de l\u2019alimentation et des boissons aide les entreprises \u00e0 pr\u00e9voir la demande, \u00e0 g\u00e9rer les stocks \u2013 et m\u00eame \u00e0 s\u2019approvisionner en ingr\u00e9dients de mani\u00e8re plus durable, r\u00e9duisant ainsi les d\u00e9chets et les co\u00fbts.<\/p>\n\n\n\n<p>Moreover, Food and Beverage AI Consulting can monitor and analyze data from various points in the production process, quickly identifying potential issues and ensuring that the highest standards of quality and safety are maintained.<\/p>\n\n\n\n<h2 class=\"wp-block-heading\">Comment mener des conseils en intelligence artificielle<\/h2>\n\n\n\n<p>Mener des conseils en intelligence artificielle dans le domaine de l&#039;alimentation et des boissons implique une s\u00e9rie d&#039;\u00e9tapes strat\u00e9giques, garantissant que les solutions d&#039;IA mises en \u0153uvre sont align\u00e9es sur les objectifs de l&#039;entreprise et les exigences du secteur. Voici une ligne directrice sur la fa\u00e7on d\u2019aborder ce processus\u00a0:<\/p>\n\n\n\n<ul class=\"wp-block-list\">\n<li><strong>\u00c9valuation des besoins et des objectifs de l&#039;entreprise\u00a0:<\/strong> The first step is a thorough assessment of the business\u2019s specific needs, challenges, and objectives. <\/li>\n\n\n\n<li><strong>Collecte et analyse des donn\u00e9es\u00a0:<\/strong> Cela peut impliquer la collecte de donn\u00e9es internes (telles que les ventes, les stocks et les commentaires des clients) et externes (telles que les tendances du march\u00e9 et le comportement des consommateurs). La qualit\u00e9 et l\u2019exhaustivit\u00e9 de ces donn\u00e9es sont essentielles \u00e0 une mise en \u0153uvre efficace de l\u2019IA.<\/li>\n\n\n\n<li><strong>Identifier les solutions d&#039;IA appropri\u00e9es\u00a0:<\/strong> Based on the data and business needs, the next step is to identify the most suitable AI technologies and tools. <\/li>\n\n\n\n<li><strong>D\u00e9veloppement de solutions personnalis\u00e9es\u00a0:<\/strong> The AI solutions should be tailored to fit the unique context of the business. This customization is what sets Food and Beverage AI Consulting apart \u2013 ensuring that the solutions are not just advanced technologically but are also practical and relevant.<\/li>\n\n\n\n<li><strong>Int\u00e9gration et mise en \u0153uvre\u00a0:<\/strong> Une fois les solutions d\u00e9velopp\u00e9es, elles doivent \u00eatre int\u00e9gr\u00e9es aux op\u00e9rations commerciales existantes. Cette \u00e9tape doit \u00eatre g\u00e9r\u00e9e avec soin pour minimiser les perturbations et garantir une adoption fluide. Cela implique souvent l&#039;installation de logiciels, des mises \u00e0 niveau du syst\u00e8me et parfois une int\u00e9gration mat\u00e9rielle.<\/li>\n<\/ul>\n\n\n\n<h2 class=\"wp-block-heading\">En quoi le conseil en intelligence artificielle dans le domaine de l&#039;alimentation et des boissons diff\u00e8re-t-il des \u00e9tudes de march\u00e9 traditionnelles<\/h2>\n\n\n\n<p>Le conseil en intelligence artificielle dans le domaine de l\u2019alimentation et des boissons et les \u00e9tudes de march\u00e9 traditionnelles sont tous deux cruciaux pour les entreprises de l\u2019industrie alimentaire, mais ils diff\u00e8rent consid\u00e9rablement dans leurs approches, m\u00e9thodologies et r\u00e9sultats.<\/p>\n\n\n\n<h3 class=\"wp-block-heading\">Analyse de donn\u00e9es et g\u00e9n\u00e9ration d&#039;informations<\/h3>\n\n\n\n<p>Les \u00e9tudes de march\u00e9 traditionnelles s&#039;appuient souvent sur des enqu\u00eates, des groupes de discussion et des donn\u00e9es de ventes historiques pour recueillir des informations. L&#039;analyse est g\u00e9n\u00e9ralement manuelle ou semi-automatique et se concentre sur la compr\u00e9hension des comportements, des pr\u00e9f\u00e9rences et des tendances du march\u00e9 des consommateurs. D&#039;autre part, Food and Beverage Artificial Intelligence Consulting utilise des algorithmes avanc\u00e9s et l&#039;apprentissage automatique pour analyser de grands ensembles de donn\u00e9es, y compris des donn\u00e9es en temps r\u00e9el. Cette approche offre des informations plus approfondies et plus nuanc\u00e9es, telles que l&#039;analyse pr\u00e9dictive et la mod\u00e9lisation du comportement des consommateurs, qui d\u00e9passent souvent la port\u00e9e des m\u00e9thodes traditionnelles.<\/p>\n\n\n\n<h3 class=\"wp-block-heading\">\u00c9volutivit\u00e9<\/h3>\n\n\n\n<p>Les \u00e9tudes de march\u00e9 traditionnelles peuvent avoir une port\u00e9e limit\u00e9e en raison de la nature manuelle de la collecte et de l\u2019analyse des donn\u00e9es. La mise \u00e0 l\u2019\u00e9chelle n\u00e9cessite souvent des ressources importantes. Le conseil en intelligence artificielle dans le domaine de l\u2019alimentation et des boissons est hautement \u00e9volutif et peut traiter efficacement de grandes quantit\u00e9s de donn\u00e9es provenant de sources multiples.<\/p>\n\n\n\n<h3 class=\"wp-block-heading\">Personnalisation et flexibilit\u00e9<\/h3>\n\n\n\n<p>M\u00eame si les \u00e9tudes de march\u00e9 traditionnelles peuvent \u00eatre adapt\u00e9es \u00e0 des questions ou des sujets sp\u00e9cifiques, elles peuvent manquer de flexibilit\u00e9 pour s&#039;adapter rapidement aux conditions changeantes du march\u00e9. Le conseil en intelligence artificielle dans le secteur de l&#039;alimentation et des boissons est hautement personnalisable et adaptable, capable d&#039;\u00e9voluer rapidement \u00e0 mesure que de nouvelles donn\u00e9es deviennent disponibles ou \u00e0 mesure que les besoins de l&#039;entreprise \u00e9voluent.<\/p>\n\n\n\n<h2 class=\"wp-block-heading\">\u00c0 quoi s&#039;attendre du conseil en intelligence artificielle dans le domaine de l&#039;alimentation et des boissons<\/h2>\n\n\n\n<p>Businesses can anticipate a range of outcomes and benefits when embarking on a journey with <a title=\"Adopter l&#039;intelligence artificielle (IA) dans les petites entreprises\" href=\"https:\/\/www.sisinternational.com\/fr\/ladoption-de-lintelligence-artificielle-dans-les-petites-entreprises\/\" data-wpil-monitor-id=\"2790\">Food and Beverage Artificial Intelligence<\/a> Consulting. Here are some of the key expectations:<\/p>\n\n\n\n<ul class=\"wp-block-list\">\n<li><strong>Efficacit\u00e9 op\u00e9rationnelle accrue\u00a0:<\/strong> Les solutions d\u2019IA rationalisent souvent divers aspects du secteur alimentaire, de la gestion de la cha\u00eene d\u2019approvisionnement au contr\u00f4le des stocks. Cela conduit \u00e0 une efficacit\u00e9 op\u00e9rationnelle accrue, \u00e0 une r\u00e9duction des co\u00fbts et \u00e0 une minimisation des d\u00e9chets.<\/li>\n\n\n\n<li><strong>Analyse pr\u00e9dictive pour les tendances du march\u00e9\u00a0:<\/strong> Les entreprises peuvent s\u2019attendre \u00e0 avoir un avantage dans la compr\u00e9hension des futures tendances du march\u00e9 et des comportements des consommateurs. Les analyses pr\u00e9dictives fournies par l\u2019IA aident \u00e0 anticiper les \u00e9volutions du march\u00e9, permettant ainsi aux entreprises de garder une longueur d\u2019avance.<\/li>\n\n\n\n<li><strong>Qualit\u00e9 et s\u00e9curit\u00e9 des produits am\u00e9lior\u00e9es\u00a0:<\/strong> Gr\u00e2ce au conseil en intelligence artificielle dans le domaine de l&#039;alimentation et des boissons et \u00e0 la capacit\u00e9 de l&#039;IA \u00e0 surveiller et analyser les processus de production, les entreprises peuvent s&#039;attendre \u00e0 des am\u00e9liorations de la qualit\u00e9 et des normes de s\u00e9curit\u00e9 des produits, qui sont essentielles dans l&#039;industrie alimentaire.<\/li>\n\n\n\n<li><strong>Retour sur investissement:<\/strong> M\u00eame si les investissements initiaux dans l\u2019IA peuvent \u00eatre importants, les entreprises peuvent s\u2019attendre \u00e0 un retour sur investissement substantiel gr\u00e2ce \u00e0 une augmentation des ventes, une r\u00e9duction des co\u00fbts et une efficacit\u00e9 am\u00e9lior\u00e9e au fil du temps.<\/li>\n<\/ul>\n\n\n\n<h2 class=\"wp-block-heading\">Technologies et outils de conseil en IA alimentaire<\/h2>\n\n\n\n<p>Le conseil en intelligence artificielle dans le domaine de l\u2019alimentation et des boissons exploite une vari\u00e9t\u00e9 de technologies et d\u2019outils de pointe pour stimuler l\u2019innovation et l\u2019efficacit\u00e9 dans l\u2019industrie alimentaire. Comprendre ces technologies est essentiel pour comprendre comment l\u2019IA transforme les op\u00e9rations des entreprises alimentaires et les exp\u00e9riences des consommateurs\u00a0:<\/p>\n\n\n\n<ul class=\"wp-block-list\">\n<li><strong>Traitement du langage naturel (NLP)\u00a0:<\/strong> La PNL permet aux machines de comprendre et d\u2019interpr\u00e9ter le langage humain. Dans l\u2019IA alimentaire, cela peut \u00eatre utilis\u00e9 pour analyser les avis des clients, effectuer une analyse des sentiments et m\u00eame dans les chatbots pour le service client.<\/li>\n\n\n\n<li><strong>Vision par ordinateur:<\/strong> Cette technologie est utilis\u00e9e pour interpr\u00e9ter et prendre des d\u00e9cisions bas\u00e9es sur des donn\u00e9es visuelles. Dans l&#039;industrie alimentaire, la vision par ordinateur peut \u00eatre appliqu\u00e9e au contr\u00f4le de la qualit\u00e9 (par exemple, l&#039;identification des d\u00e9fauts des produits), au dimensionnement des portions et m\u00eame aux processus de tri.<\/li>\n\n\n\n<li><strong>Robotique et automatisation\u00a0:<\/strong> La robotique est de plus en plus utilis\u00e9e dans la fabrication et l\u2019emballage des aliments. L&#039;automatisation peut am\u00e9liorer l&#039;efficacit\u00e9, r\u00e9duire les co\u00fbts de main-d&#039;\u0153uvre et am\u00e9liorer la pr\u00e9cision de la production alimentaire.<\/li>\n\n\n\n<li><strong>Internet des objets (IoT)\u00a0:<\/strong> Les appareils IoT collectent et \u00e9changent des donn\u00e9es en temps r\u00e9el. Dans l\u2019IA alimentaire, l\u2019IoT peut \u00eatre utilis\u00e9 pour surveiller les conditions de stockage, suivre les produits tout au long de la cha\u00eene d\u2019approvisionnement et optimiser la consommation d\u2019\u00e9nergie dans les installations de production.<\/li>\n\n\n\n<li><strong>Plateformes d&#039;analyse de donn\u00e9es et de Big Data\u00a0:<\/strong> Ceux-ci sont essentiels pour traiter et analyser les grandes quantit\u00e9s de donn\u00e9es g\u00e9n\u00e9r\u00e9es dans l\u2019industrie agroalimentaire. Les plateformes Big Data peuvent g\u00e9rer des ensembles de donn\u00e9es complexes provenant de diverses sources, fournissant ainsi des informations compl\u00e8tes.<\/li>\n<\/ul>\n\n\n\n<h2 class=\"wp-block-heading\">Solutions SIS\u00a0: Conseil en intelligence artificielle dans le secteur de l&#039;alimentation et des boissons<\/h2>\n\n\n\n<p>We provide cutting-edge solutions to revolutionize the food industry, leveraging the power of artificial intelligence to drive innovation and efficiency. Our researchers conduct strategic analyses to turn information into actionable insights and help you consider <a title=\"Etude de march\u00e9 en Moldavie\" href=\"https:\/\/www.sisinternational.com\/fr\/couverture\/leurope-%ef%83%97\/etude-de-marche-en-moldavie\/\" data-wpil-monitor-id=\"5879\">Conseil en intelligence artificielle dans le secteur de l&#039;alimentation et des boissons<\/a> with a full market view \u2013 and our focus on strategic analysis and actionable insights goes beyond data and provides tailored solutions for clients.<\/p>\n\n\n\n<ul class=\"wp-block-list\">\n<li><strong>Analyse pr\u00e9dictive pour les tendances du march\u00e9\u00a0:<\/strong> Nos solutions d&#039;analyse pr\u00e9dictive bas\u00e9es sur l&#039;IA aident les entreprises \u00e0 anticiper les \u00e9volutions du march\u00e9 et les comportements des consommateurs, leur permettant ainsi de garder une longueur d&#039;avance et de prendre des d\u00e9cisions bas\u00e9es sur les donn\u00e9es pour le d\u00e9veloppement de produits et les strat\u00e9gies marketing.<\/li>\n\n\n\n<li><strong>Optimisation de la cha\u00eene d&#039;approvisionnement\u00a0:<\/strong> En tirant parti des algorithmes d&#039;IA, nous optimisons les processus de la cha\u00eene d&#039;approvisionnement, y compris la gestion des stocks, la pr\u00e9vision de la demande et la logistique, garantissant des op\u00e9rations efficaces, r\u00e9duisant les co\u00fbts et minimisant les d\u00e9chets.<\/li>\n\n\n\n<li><strong>S\u00e9curit\u00e9 alimentaire et contr\u00f4le qualit\u00e9\u00a0:<\/strong> Nos solutions d&#039;IA surveillent et analysent les processus de production en temps r\u00e9el, garantissant le respect des normes les plus \u00e9lev\u00e9es en mati\u00e8re de s\u00e9curit\u00e9 alimentaire et de contr\u00f4le qualit\u00e9, am\u00e9liorant ainsi la confiance des consommateurs et la r\u00e9putation de la marque.<\/li>\n\n\n\n<li><strong>Exp\u00e9riences client personnalis\u00e9es\u00a0:<\/strong> Gr\u00e2ce \u00e0 des syst\u00e8mes de recommandation bas\u00e9s sur l&#039;IA et \u00e0 la mod\u00e9lisation du comportement des consommateurs, nous aidons les entreprises \u00e0 personnaliser les exp\u00e9riences client, en proposant des recommandations de produits sur mesure et des strat\u00e9gies marketing cibl\u00e9es pour am\u00e9liorer l&#039;engagement et la fid\u00e9lit\u00e9.<\/li>\n\n\n\n<li><strong>Impl\u00e9mentation de l&#039;automatisation des processus robotiques (RPA)\u00a0:<\/strong> Nous automatisons les t\u00e2ches routini\u00e8res et r\u00e9p\u00e9titives dans la fabrication et l&#039;emballage des aliments gr\u00e2ce \u00e0 des solutions RPA, am\u00e9liorant ainsi l&#039;efficacit\u00e9, r\u00e9duisant les erreurs et lib\u00e9rant des ressources humaines pour des initiatives plus strat\u00e9giques.<\/li>\n\n\n\n<li><strong>Services d&#039;analyse et de visualisation de donn\u00e9es\u00a0:<\/strong> Nos outils avanc\u00e9s d&#039;analyse et de visualisation des donn\u00e9es fournissent des informations compl\u00e8tes \u00e0 partir de grands ensembles de donn\u00e9es, permettant aux entreprises de prendre des d\u00e9cisions \u00e9clair\u00e9es et d&#039;identifier les opportunit\u00e9s de croissance et d&#039;optimisation.<\/li>\n\n\n\n<li><strong>D\u00e9veloppement de solutions personnalis\u00e9es\u00a0:<\/strong> Nous d\u00e9veloppons des solutions d&#039;IA personnalis\u00e9es adapt\u00e9es aux besoins et aux d\u00e9fis uniques de chaque entreprise, garantissant des mises en \u0153uvre pratiques et pertinentes qui g\u00e9n\u00e8rent des r\u00e9sultats tangibles et un succ\u00e8s \u00e0 long terme.<\/li>\n<\/ul>\n\n\n\n<h2 class=\"wp-block-heading\">\u00c0 propos de SIS International<\/h2>\n\n\n\n<p>SIS International propose des recherches quantitatives, qualitatives et strat\u00e9giques. Nous fournissons des donn\u00e9es, des outils, des strat\u00e9gies, des rapports et des informations pour la prise de d\u00e9cision. Nous menons des entretiens, des enqu\u00eates, des groupes de discussion et de nombreuses autres m\u00e9thodes et approches d&#039;\u00e9tudes de march\u00e9. Contactez-nous pour votre prochain projet d&#039;\u00e9tude de march\u00e9.<\/p>","protected":false},"excerpt":{"rendered":"<p>Le conseil en intelligence artificielle dans le domaine de l&#039;alimentation et des boissons combine les connaissances de l&#039;industrie alimentaire avec la technologie de l&#039;IA pour aider les entreprises \u00e0 int\u00e9grer des solutions d&#039;IA.<\/p>","protected":false},"author":1,"featured_media":62628,"parent":44406,"menu_order":11,"comment_status":"closed","ping_status":"closed","template":"","meta":{"footnotes":""},"class_list":["post-44684","page","type-page","status-publish","has-post-thumbnail"],"_links":{"self":[{"href":"https:\/\/www.sisinternational.com\/fr\/wp-json\/wp\/v2\/pages\/44684","targetHints":{"allow":["GET"]}}],"collection":[{"href":"https:\/\/www.sisinternational.com\/fr\/wp-json\/wp\/v2\/pages"}],"about":[{"href":"https:\/\/www.sisinternational.com\/fr\/wp-json\/wp\/v2\/types\/page"}],"author":[{"embeddable":true,"href":"https:\/\/www.sisinternational.com\/fr\/wp-json\/wp\/v2\/users\/1"}],"replies":[{"embeddable":true,"href":"https:\/\/www.sisinternational.com\/fr\/wp-json\/wp\/v2\/comments?post=44684"}],"version-history":[{"count":12,"href":"https:\/\/www.sisinternational.com\/fr\/wp-json\/wp\/v2\/pages\/44684\/revisions"}],"predecessor-version":[{"id":82993,"href":"https:\/\/www.sisinternational.com\/fr\/wp-json\/wp\/v2\/pages\/44684\/revisions\/82993"}],"up":[{"embeddable":true,"href":"https:\/\/www.sisinternational.com\/fr\/wp-json\/wp\/v2\/pages\/44406"}],"wp:featuredmedia":[{"embeddable":true,"href":"https:\/\/www.sisinternational.com\/fr\/wp-json\/wp\/v2\/media\/62628"}],"wp:attachment":[{"href":"https:\/\/www.sisinternational.com\/fr\/wp-json\/wp\/v2\/media?parent=44684"}],"curies":[{"name":"wp","href":"https:\/\/api.w.org\/{rel}","templated":true}]}}