{"id":44494,"date":"2023-12-28T14:47:52","date_gmt":"2023-12-28T19:47:52","guid":{"rendered":"https:\/\/www.sisinternational.com\/?page_id=44494"},"modified":"2026-02-18T12:48:53","modified_gmt":"2026-02-18T17:48:53","slug":"etude-de-marche-par-ia-en-science-des-donnees","status":"publish","type":"page","link":"https:\/\/www.sisinternational.com\/fr\/solutions\/ai-etudes-de-marche-et-conseil-en-strategie\/etude-de-marche-par-ia-en-science-des-donnees\/","title":{"rendered":"\u00c9tude de march\u00e9 sur l\u2019IA en science des donn\u00e9es"},"content":{"rendered":"<h1 class=\"wp-block-heading\">\u00c9tude de march\u00e9 sur l\u2019IA en science des donn\u00e9es<\/h1>\n\n\n\n<figure class=\"gb-block-image gb-block-image-72583bc8\"><img loading=\"lazy\" decoding=\"async\" width=\"1456\" height=\"816\" class=\"gb-image gb-image-72583bc8\" src=\"https:\/\/www.sisinternational.com\/wp-content\/uploads\/2025\/08\/Data-33.jpg\" alt=\"\u00c9tudes de march\u00e9 et strat\u00e9gie internationales SIS\" title=\"Data (33)\" srcset=\"https:\/\/www.sisinternational.com\/wp-content\/uploads\/2025\/08\/Data-33.jpg 1456w, https:\/\/www.sisinternational.com\/wp-content\/uploads\/2025\/08\/Data-33-300x168.jpg 300w, https:\/\/www.sisinternational.com\/wp-content\/uploads\/2025\/08\/Data-33-1024x574.jpg 1024w, https:\/\/www.sisinternational.com\/wp-content\/uploads\/2025\/08\/Data-33-768x430.jpg 768w, https:\/\/www.sisinternational.com\/wp-content\/uploads\/2025\/08\/Data-33-18x10.jpg 18w\" sizes=\"auto, (max-width: 1456px) 100vw, 1456px\"><\/figure>\n\n\n\n<p><\/p>\n\n\n\n<p>Comment les \u00e9tudes de march\u00e9 sur l\u2019IA en science des donn\u00e9es fa\u00e7onnent-elles le paysage de la prise de d\u00e9cision strat\u00e9gique dans le monde actuel ax\u00e9 sur les donn\u00e9es ? \u00c0 une \u00e9poque o\u00f9 les donn\u00e9es deviennent de plus en plus la pierre angulaire des op\u00e9rations commerciales et de la strat\u00e9gie concurrentielle, le r\u00f4le des \u00e9tudes de march\u00e9 en science des donn\u00e9es devient plus critique que jamais.<\/p>\n\n\n\n<h2 class=\"wp-block-heading\">Comprendre les \u00e9tudes de march\u00e9 sur l\u2019IA en science des donn\u00e9es<\/h2>\n\n\n\n<p>Data science market research studies the market dynamics surrounding data science, including demand for data science skills, advancements in data analytics tools and technologies, and the overall impact of data science on various industries. <\/p>\n\n\n\n<p>For businesses and organizations, <a class=\"wpil_keyword_link\" title=\"SIS d\u00e9voile sa plateforme de science des donn\u00e9es et d&#039;analyse quantitative\" href=\"https:\/\/www.sisinternational.com\/fr\/sis-devoile-une-plateforme-de-science-des-donnees-et-danalyse-quantitative\/\" data-wpil-keyword-link=\"linked\" data-wpil-monitor-id=\"304\">data science market research<\/a> is crucial for staying abreast of technological advancements, understanding market needs, and identifying opportunities for applying data science to gain competitive advantages<\/p>\n\n\n\n<h2 class=\"wp-block-heading\">Pourquoi les \u00e9tudes de march\u00e9 sur l\u2019IA en science des donn\u00e9es sont-elles essentielles pour les entreprises ?<\/h2>\n\n\n\n<p><a title=\"\u00c9tude de march\u00e9 sur les donn\u00e9es de formation\" href=\"https:\/\/www.sisinternational.com\/fr\/competence\/les-industries\/etude-de-marche-sur-les-donnees-de-formation\/\" data-wpil-monitor-id=\"3420\">Data science market research<\/a> allows businesses to understand the latest trends and technologies in data analysis, predictive modeling, and machine learning, which are essential for making informed, data-driven decisions. It also equips businesses with the knowledge to develop more effective strategies, from optimizing operations and enhancing customer experiences to identifying new market opportunities and innovating products and services.<\/p>\n\n\n\n<p>En plus, <a title=\"Externalisation des \u00e9tudes de march\u00e9 en mati\u00e8re de donn\u00e9es et d\u2019analyses\" href=\"https:\/\/www.sisinternational.com\/fr\/competence\/les-industries\/externalisation-de-lanalyse-des-donnees\/\" data-wpil-monitor-id=\"3677\">data science market research<\/a> helps businesses to identify the skills and expertise needed to build robust data science teams \u2013 and in sectors where competition is fierce, understanding how competitors are using data science can provide a strategic edge.<\/p>\n\n\n\n<h3 class=\"wp-block-heading\">Il pr\u00e9sente de multiples avantages tels que :<\/h3>\n\n\n\n<ul class=\"wp-block-list\">\n<li><strong>Prise de d\u00e9cision \u00e9clair\u00e9e\u00a0:<\/strong> One of the primary benefits of data <a title=\"\u00c9tude de march\u00e9 sur la science d\u00e9cisionnelle\" data-wpil-monitor-id=\"4981\" href=\"https:\/\/www.sisinternational.com\/fr\/competence\/les-industries\/etude-de-marche-sur-la-science-decisionnelle\/\">science market research<\/a> is that it equips businesses with the insights needed for data-driven decision-making. <\/li>\n\n\n\n<li><strong>Identification des tendances et des opportunit\u00e9s\u00a0:<\/strong> Gr\u00e2ce aux \u00e9tudes de march\u00e9 sur la science des donn\u00e9es, les entreprises peuvent identifier les tendances \u00e9mergentes, les demandes du march\u00e9 et les opportunit\u00e9s potentielles de croissance et d\u2019innovation. Cette pr\u00e9voyance est cruciale pour rester pertinent et proactif sur le march\u00e9.<\/li>\n\n\n\n<li><strong>Efficacit\u00e9 op\u00e9rationnelle\u00a0:<\/strong> Les \u00e9tudes de march\u00e9 sur la science des donn\u00e9es peuvent d\u00e9couvrir des opportunit\u00e9s d&#039;am\u00e9liorations op\u00e9rationnelles telles que l&#039;optimisation de la cha\u00eene d&#039;approvisionnement, la maintenance pr\u00e9dictive et la gestion des ressources, conduisant \u00e0 des \u00e9conomies de co\u00fbts et \u00e0 une productivit\u00e9 accrue.<\/li>\n\n\n\n<li><strong>D\u00e9veloppement de produits et services sur mesure\u00a0:<\/strong> Les informations issues des \u00e9tudes de march\u00e9 sur la science des donn\u00e9es permettent aux entreprises d\u2019adapter plus efficacement leurs produits et services pour r\u00e9pondre aux besoins du march\u00e9, ce qui se traduit par une meilleure ad\u00e9quation au march\u00e9 et une augmentation des ventes.<\/li>\n<\/ul>\n\n\n\n<h2 class=\"wp-block-heading\">Industries cl\u00e9s pour les \u00e9tudes de march\u00e9 sur la science des donn\u00e9es<\/h2>\n\n\n\n<ul class=\"wp-block-list\">\n<li><strong>Soins de sant\u00e9:<\/strong> In healthcare, <a title=\"Conseil en science des donn\u00e9es et analytique\" data-wpil-monitor-id=\"3678\" href=\"https:\/\/www.sisinternational.com\/fr\/competence\/les-industries\/conseil-en-analyse-de-science-des-donnees\/\">data science is used for predictive analytics<\/a>, patient data management, and medical research. It helps in early disease detection, personalized medicine, and improving patient outcomes.<\/li>\n\n\n\n<li><strong>Finance et banque:<\/strong> The finance industry uses data science for risk analytics, fraud detection, customer segmentation, and algorithmic trading. <\/li>\n\n\n\n<li><strong>Vente au d\u00e9tail:<\/strong> La science des donn\u00e9es pilote l\u2019analyse client, la gestion des stocks et le marketing personnalis\u00e9. Il aide les d\u00e9taillants \u00e0 comprendre le comportement des consommateurs, \u00e0 optimiser les cha\u00eenes d&#039;approvisionnement et \u00e0 am\u00e9liorer l&#039;exp\u00e9rience d&#039;achat.<\/li>\n\n\n\n<li><strong>T\u00e9l\u00e9communications\u00a0:<\/strong> Telecom companies use data science for network optimization, customer churn prediction, and service personalization. <\/li>\n\n\n\n<li><strong>Fabrication:<\/strong> Data science in manufacturing leads to predictive maintenance, quality control, and supply chain management. <\/li>\n\n\n\n<li><strong>Commerce \u00e9lectronique:<\/strong> E-commerce platforms utilize data science for personalized recommendations, customer behavior analysis, and optimizing logistics. <\/li>\n<\/ul>\n\n\n\n<h2 class=\"wp-block-heading\">Principaux acteurs du march\u00e9 de la science des donn\u00e9es<\/h2>\n\n\n\n<p>Le march\u00e9 de la science des donn\u00e9es est un domaine en \u00e9volution rapide, stimul\u00e9 par l&#039;importance croissante du Big Data et de l&#039;analyse avanc\u00e9e dans la prise de d\u00e9cision dans divers secteurs. Voici un aper\u00e7u de certains des principaux acteurs de ce march\u00e9\u00a0:<\/p>\n\n\n\n<ul class=\"wp-block-list\">\n<li><strong>IBM\u00a0:<\/strong> Leader sur le march\u00e9 de la science des donn\u00e9es, IBM propose une gamme compl\u00e8te de solutions d&#039;analyse de donn\u00e9es, notamment IBM Watson, une plateforme avanc\u00e9e d&#039;IA et d&#039;apprentissage automatique bien connue.<\/li>\n\n\n\n<li><strong>Institut SAS\u00a0:<\/strong> Acteur majeur de l&#039;analytique, SAS propose des logiciels et des solutions statistiques sophistiqu\u00e9s pour la gestion des donn\u00e9es et l&#039;analyse avanc\u00e9e.<\/li>\n\n\n\n<li><strong>Logiciel Tableau\u00a0:<\/strong> Connu pour ses outils interactifs de visualisation de donn\u00e9es, Tableau est largement utilis\u00e9 dans la communaut\u00e9 de la science des donn\u00e9es pour obtenir des informations et raconter des histoires \u00e0 partir de donn\u00e9es complexes.<\/li>\n\n\n\n<li><strong>Robot de donn\u00e9es\u00a0:<\/strong> Entreprise ax\u00e9e sur l&#039;IA, DataRobot propose une plate-forme d&#039;apprentissage automatique automatis\u00e9e qui permet aux utilisateurs de cr\u00e9er et de d\u00e9ployer rapidement des mod\u00e8les pr\u00e9dictifs pr\u00e9cis.<\/li>\n\n\n\n<li><strong>Briques de donn\u00e9es\u00a0:<\/strong> Offre une plate-forme d&#039;analyse unifi\u00e9e sur le cloud, populaire pour les t\u00e2ches de traitement du Big Data et d&#039;apprentissage automatique.<\/li>\n<\/ul>\n\n\n\n<h2 class=\"wp-block-heading\">Opportunit\u00e9s sur le march\u00e9 de la science des donn\u00e9es<\/h2>\n\n\n\n<p>Le march\u00e9 de la science des donn\u00e9es offre une multitude d\u2019opportunit\u00e9s aux entreprises qui cherchent \u00e0 exploiter les donn\u00e9es pour obtenir un avantage strat\u00e9gique \u2013 et voici quelques opportunit\u00e9s cl\u00e9s que pr\u00e9sente actuellement le march\u00e9 de la science des donn\u00e9es\u00a0:<\/p>\n\n\n\n<ul class=\"wp-block-list\">\n<li><strong>Avantage comp\u00e9titif:<\/strong> Dans un march\u00e9 o\u00f9 il est crucial de garder une longueur d\u2019avance sur la concurrence, la science des donn\u00e9es offre un avantage concurrentiel. Les entreprises qui utilisent efficacement les outils et techniques de science des donn\u00e9es peuvent anticiper les changements du march\u00e9, innover plus rapidement et proposer des produits et services de qualit\u00e9 sup\u00e9rieure.<\/li>\n\n\n\n<li><strong>D\u00e9veloppement de nouveaux produits et innovation\u00a0:<\/strong> The insights gained from data science can drive product development and innovation. <\/li>\n\n\n\n<li><strong>Expansion de la port\u00e9e du march\u00e9\u00a0:<\/strong> The data science market offers tools for analyzing global market trends and customer behaviors. <\/li>\n<\/ul>\n\n\n\n<h2 class=\"wp-block-heading\">D\u00e9fis du march\u00e9 de la science des donn\u00e9es<\/h2>\n\n\n\n<p>Les entreprises sont confront\u00e9es \u00e0 plusieurs d\u00e9fis lorsqu\u2019elles int\u00e8grent et exploitent les capacit\u00e9s de science des donn\u00e9es. Ces d\u00e9fis peuvent avoir un impact sur l\u2019efficience et l\u2019efficacit\u00e9 des initiatives de science des donn\u00e9es. C&#039;est pourquoi il est crucial de comprendre et de relever ces d\u00e9fis pour les entreprises qui souhaitent tirer pleinement parti du potentiel de la science des donn\u00e9es.<\/p>\n\n\n\n<ul class=\"wp-block-list\">\n<li><strong>Qualit\u00e9 et gestion des donn\u00e9es\u00a0:<\/strong> Les entreprises ont souvent du mal \u00e0 g\u00e9rer de gros volumes de donn\u00e9es, qui peuvent \u00eatre fragment\u00e9es, obsol\u00e8tes ou inexactes. Le nettoyage, le traitement et la conservation de donn\u00e9es de haute qualit\u00e9 sont essentiels pour une analyse efficace des donn\u00e9es.<\/li>\n\n\n\n<li><strong>Acquisition de talents et \u00e9cart de comp\u00e9tences\u00a0:<\/strong> Il existe une demande importante de data scientists et d\u2019analystes qualifi\u00e9s sur le march\u00e9, ce qui entra\u00eene une p\u00e9nurie de talents. Trouver et retenir des personnes poss\u00e9dant les comp\u00e9tences et l\u2019expertise n\u00e9cessaires en science des donn\u00e9es peut s\u2019av\u00e9rer difficile pour de nombreuses entreprises.<\/li>\n\n\n\n<li><strong>Prouver le retour sur investissement\u00a0:<\/strong> D\u00e9montrer le retour sur investissement (ROI) des initiatives de science des donn\u00e9es peut s&#039;av\u00e9rer difficile, d&#039;autant plus que les avantages peuvent ne pas \u00eatre imm\u00e9diatement tangibles ou quantifiables. Les entreprises doivent \u00e9tablir des mesures et des cadres clairs pour mesurer le succ\u00e8s et l&#039;impact de leurs efforts en mati\u00e8re de science des donn\u00e9es.<\/li>\n<\/ul>\n\n\n\n<h2 class=\"wp-block-heading\">Solutions SIS\u00a0: \u00e9tude de march\u00e9 sur l&#039;IA en science des donn\u00e9es<\/h2>\n\n\n\n<p>Nous fournissons des informations essentielles sur les tendances de la science des donn\u00e9es, la demande de comp\u00e9tences et les impacts technologiques dans tous les secteurs, permettant ainsi la prise de d\u00e9cision strat\u00e9gique. Nos analyses compl\u00e8tes offrent des informations exploitables pour tirer parti de la science des donn\u00e9es dans les strat\u00e9gies commerciales, optimiser les op\u00e9rations et am\u00e9liorer le d\u00e9veloppement de produits.<\/p>\n\n\n\n<ol class=\"wp-block-list\">\n<li>Dynamique du march\u00e9 et analyse des tendances<\/li>\n\n\n\n<li>Avanc\u00e9es de la technologie et des outils<\/li>\n\n\n\n<li>\u00c9valuation de l&#039;impact sur l&#039;industrie<\/li>\n\n\n\n<li>Aide \u00e0 la d\u00e9cision strat\u00e9gique<\/li>\n\n\n\n<li>Am\u00e9liorations de l&#039;efficacit\u00e9 op\u00e9rationnelle<\/li>\n\n\n\n<li>Innovation produits et services<\/li>\n\n\n\n<li>Strat\u00e9gies d&#039;avantage concurrentiel<\/li>\n<\/ol>\n\n\n\n<h2 class=\"wp-block-heading\">\u00c0 propos de SIS International<\/h2>\n\n\n\n<p>SIS International propose des recherches quantitatives, qualitatives et strat\u00e9giques. Nous fournissons des donn\u00e9es, des outils, des strat\u00e9gies, des rapports et des informations pour la prise de d\u00e9cision. Nous menons des entretiens, des enqu\u00eates, des groupes de discussion et de nombreuses autres m\u00e9thodes et approches d&#039;\u00e9tudes de march\u00e9. Contactez-nous pour votre prochain projet d&#039;\u00e9tude de march\u00e9.<\/p>","protected":false},"excerpt":{"rendered":"<p>Les \u00e9tudes de march\u00e9 sur l\u2019IA en science des donn\u00e9es aident les entreprises \u00e0 comprendre les derni\u00e8res tendances en mati\u00e8re d\u2019analyse de donn\u00e9es, de mod\u00e9lisation pr\u00e9dictive et d\u2019apprentissage automatique.<\/p>","protected":false},"author":1,"featured_media":64371,"parent":44406,"menu_order":7,"comment_status":"closed","ping_status":"closed","template":"","meta":{"footnotes":""},"class_list":["post-44494","page","type-page","status-publish","has-post-thumbnail"],"_links":{"self":[{"href":"https:\/\/www.sisinternational.com\/fr\/wp-json\/wp\/v2\/pages\/44494","targetHints":{"allow":["GET"]}}],"collection":[{"href":"https:\/\/www.sisinternational.com\/fr\/wp-json\/wp\/v2\/pages"}],"about":[{"href":"https:\/\/www.sisinternational.com\/fr\/wp-json\/wp\/v2\/types\/page"}],"author":[{"embeddable":true,"href":"https:\/\/www.sisinternational.com\/fr\/wp-json\/wp\/v2\/users\/1"}],"replies":[{"embeddable":true,"href":"https:\/\/www.sisinternational.com\/fr\/wp-json\/wp\/v2\/comments?post=44494"}],"version-history":[{"count":9,"href":"https:\/\/www.sisinternational.com\/fr\/wp-json\/wp\/v2\/pages\/44494\/revisions"}],"predecessor-version":[{"id":83001,"href":"https:\/\/www.sisinternational.com\/fr\/wp-json\/wp\/v2\/pages\/44494\/revisions\/83001"}],"up":[{"embeddable":true,"href":"https:\/\/www.sisinternational.com\/fr\/wp-json\/wp\/v2\/pages\/44406"}],"wp:featuredmedia":[{"embeddable":true,"href":"https:\/\/www.sisinternational.com\/fr\/wp-json\/wp\/v2\/media\/64371"}],"wp:attachment":[{"href":"https:\/\/www.sisinternational.com\/fr\/wp-json\/wp\/v2\/media?parent=44494"}],"curies":[{"name":"wp","href":"https:\/\/api.w.org\/{rel}","templated":true}]}}