{"id":44409,"date":"2023-12-27T12:39:24","date_gmt":"2023-12-27T17:39:24","guid":{"rendered":"https:\/\/www.sisinternational.com\/?page_id=44409"},"modified":"2026-01-25T18:17:41","modified_gmt":"2026-01-25T23:17:41","slug":"etude-de-marche-sur-lapprentissage-automatique-et-lia","status":"publish","type":"page","link":"https:\/\/www.sisinternational.com\/fr\/solutions\/ai-etudes-de-marche-et-conseil-en-strategie\/etude-de-marche-sur-lapprentissage-automatique-et-lia\/","title":{"rendered":"\u00c9tude de march\u00e9 sur l\u2019IA d\u2019apprentissage automatique"},"content":{"rendered":"<h1 class=\"gb-headline gb-headline-4e01e07d gb-headline-text\">\u00c9tude de march\u00e9 sur l\u2019IA d\u2019apprentissage automatique <\/h1>\n\n\n\n<figure class=\"gb-block-image gb-block-image-b9fc4b19\"><img loading=\"lazy\" decoding=\"async\" width=\"1456\" height=\"816\" class=\"gb-image gb-image-b9fc4b19\" src=\"https:\/\/www.sisinternational.com\/wp-content\/uploads\/2025\/08\/Deep-learning-machine-learning-29.jpg\" alt=\"\u00c9tudes de march\u00e9 et strat\u00e9gie internationales SIS\" title=\"Deep learning machine learning (29)\" srcset=\"https:\/\/www.sisinternational.com\/wp-content\/uploads\/2025\/08\/Deep-learning-machine-learning-29.jpg 1456w, https:\/\/www.sisinternational.com\/wp-content\/uploads\/2025\/08\/Deep-learning-machine-learning-29-300x168.jpg 300w, https:\/\/www.sisinternational.com\/wp-content\/uploads\/2025\/08\/Deep-learning-machine-learning-29-1024x574.jpg 1024w, https:\/\/www.sisinternational.com\/wp-content\/uploads\/2025\/08\/Deep-learning-machine-learning-29-768x430.jpg 768w, https:\/\/www.sisinternational.com\/wp-content\/uploads\/2025\/08\/Deep-learning-machine-learning-29-18x10.jpg 18w\" sizes=\"auto, (max-width: 1456px) 100vw, 1456px\"><\/figure>\n\n\n\n<hr class=\"wp-block-separator has-alpha-channel-opacity is-style-dots\"\/>\n\n\n\n<p>Avez-vous d\u00e9j\u00e0 r\u00e9fl\u00e9chi \u00e0 la mani\u00e8re dont les \u00e9tudes de march\u00e9 sur l&#039;apprentissage automatique transforment le paysage de la business intelligence et de la prise de d\u00e9cision\u00a0? Aujourd\u2019hui, les entreprises recherchent constamment des moyens innovants pour garder une longueur d\u2019avance \u2013 et les \u00e9tudes de march\u00e9 sur l\u2019apprentissage automatique apparaissent comme un outil majeur dans cette qu\u00eate, offrant des informations approfondies et des capacit\u00e9s pr\u00e9dictives qui \u00e9taient autrefois hors de port\u00e9e.<\/p>\n\n\n\n<h2 class=\"wp-block-heading\">Qu\u2019est-ce que l\u2019\u00e9tude de march\u00e9 sur l\u2019IA en apprentissage automatique ?<\/h2>\n\n\n\n<p>Les \u00e9tudes de march\u00e9 sur l\u2019apprentissage automatique repr\u00e9sentent une fusion de pointe de m\u00e9thodologies d\u2019\u00e9tudes de march\u00e9 et de technologies d\u2019apprentissage automatique. Il aide les entreprises \u00e0 comprendre le paysage concurrentiel, l&#039;application d&#039;algorithmes d&#039;apprentissage automatique, le comportement des consommateurs et les tendances du march\u00e9.<\/p>\n\n\n\n<p>Ce <a href=\"https:\/\/www.sisinternational.com\/fr\/competence\/les-industries\/etude-de-marche-en-bioinformatique\/\" title=\"\u00c9tude de march\u00e9 sur la bioinformatique\"  data-wpil-monitor-id=\"4667\">recherche<\/a> allows businesses to react quickly to market changes, ensuring they remain competitive and responsive to consumer needs since data is generated at an exponential rate. Moreover, the accuracy and depth of insights gained from machine <a href=\"https:\/\/www.sisinternational.com\/fr\/solutions\/innovation\/etude-de-marche-sur-lapprentissage-profond-2\/\" title=\"\u00c9tude de march\u00e9 sur l\u2019apprentissage profond\"  data-wpil-monitor-id=\"4764\">learning market research<\/a> uncover hidden patterns and correlations within data. Thus, businesses can gain a more nuanced understanding of their market, identify emerging trends, understand customer sentiment, and predict consumer behavior accurately.<\/p>\n\n\n\n<p>Finally, the forward-looking nature of machine <a href=\"https:\/\/www.sisinternational.com\/fr\/competence\/les-industries\/etude-de-marche-sur-lapprentissage-profond-2\/\" title=\"\u00c9tude de march\u00e9 sur l\u2019apprentissage profond\"  data-wpil-monitor-id=\"6108\">learning market research<\/a> provides a snapshot of current market conditions and forecasts future trends. This predictive capability allows businesses to anticipate market shifts, adapt their strategies proactively, and seize opportunities before their competitors do.<\/p>\n\n\n\n<h2 class=\"wp-block-heading\">Quand r\u00e9aliser une \u00e9tude de march\u00e9 sur l\u2019IA en apprentissage automatique<\/h2>\n\n\n\n<figure class=\"gb-block-image gb-block-image-2c91f3d7\"><img loading=\"lazy\" decoding=\"async\" width=\"1456\" height=\"816\" class=\"gb-image gb-image-2c91f3d7\" src=\"https:\/\/www.sisinternational.com\/wp-content\/uploads\/2025\/10\/Machine-Learning-1.jpg\" alt=\"\u00c9tudes de march\u00e9 et strat\u00e9gie internationales SIS\" title=\"Machine Learning (1)\" srcset=\"https:\/\/www.sisinternational.com\/wp-content\/uploads\/2025\/10\/Machine-Learning-1.jpg 1456w, https:\/\/www.sisinternational.com\/wp-content\/uploads\/2025\/10\/Machine-Learning-1-300x168.jpg 300w, https:\/\/www.sisinternational.com\/wp-content\/uploads\/2025\/10\/Machine-Learning-1-1024x574.jpg 1024w, https:\/\/www.sisinternational.com\/wp-content\/uploads\/2025\/10\/Machine-Learning-1-768x430.jpg 768w, https:\/\/www.sisinternational.com\/wp-content\/uploads\/2025\/10\/Machine-Learning-1-18x10.jpg 18w\" sizes=\"auto, (max-width: 1456px) 100vw, 1456px\"><\/figure>\n\n\n\n<p>&nbsp;<\/p>\n\n\n\n<p>Comprendre le moment optimal pour mener une \u00e9tude de march\u00e9 sur l\u2019apprentissage automatique est crucial pour maximiser ses avantages. Bien que les sp\u00e9cificit\u00e9s puissent varier en fonction de la dynamique du secteur et des besoins individuels des entreprises, il existe plusieurs sc\u00e9narios cl\u00e9s dans lesquels tirer parti de cette approche de recherche est particuli\u00e8rement avantageux\u00a0:<\/p>\n\n\n\n<ul class=\"wp-block-list\">\n<li><strong>Avant les lancements de produits\u00a0:<\/strong> Avant d&#039;introduire un nouveau produit ou service sur le march\u00e9, il est essentiel d&#039;\u00e9valuer la r\u00e9ponse et la demande potentielles des clients. Les \u00e9tudes de march\u00e9 sur l\u2019apprentissage automatique peuvent analyser les mod\u00e8les de comportement et les pr\u00e9f\u00e9rences des consommateurs, aidant ainsi les entreprises \u00e0 adapter leurs offres et leurs strat\u00e9gies marketing pour garantir un lancement r\u00e9ussi.<\/li>\n\n\n\n<li><strong>Pour l&#039;analyse concurrentielle\u00a0:<\/strong> Garder un \u0153il sur les concurrents est un aspect cl\u00e9 de la planification strat\u00e9gique. Les \u00e9tudes de march\u00e9 sur l&#039;apprentissage automatique peuvent suivre et analyser les activit\u00e9s des concurrents, des strat\u00e9gies de tarification aux campagnes marketing, fournissant ainsi des informations pr\u00e9cieuses qui peuvent \u00e9clairer les propres d\u00e9cisions strat\u00e9giques d&#039;une entreprise.<\/li>\n\n\n\n<li><strong>Pour une am\u00e9lioration continue\u00a0:<\/strong> Dans un environnement o\u00f9 l\u2019innovation continue est essentielle pour rester comp\u00e9titives, les entreprises doivent r\u00e9guli\u00e8rement \u00e9valuer et am\u00e9liorer leurs offres. Les \u00e9tudes de march\u00e9 sur l\u2019apprentissage automatique peuvent fournir des informations continues sur les commentaires des clients et les demandes du march\u00e9, guidant ainsi le d\u00e9veloppement et l\u2019am\u00e9lioration des produits.<\/li>\n\n\n\n<li><strong>Pour les strat\u00e9gies de personnalisation\u00a0:<\/strong> Les entreprises qui cherchent \u00e0 adapter leurs offres et leurs communications \u00e0 des clients individuels trouveront les \u00e9tudes de march\u00e9 sur l&#039;apprentissage automatique inestimables pour segmenter les clients et pr\u00e9dire les pr\u00e9f\u00e9rences et les comportements individuels.<\/li>\n<\/ul>\n\n\n\n<h2 class=\"wp-block-heading\">Leading Players in the Machine Learning Industry<\/h2>\n\n\n\n<p>Le paysage du march\u00e9 de l\u2019apprentissage automatique est fa\u00e7onn\u00e9 par une vari\u00e9t\u00e9 d\u2019acteurs influents, allant des g\u00e9ants technologiques \u00e9tablis aux startups innovantes \u2013 et comprendre ces acteurs est essentiel pour les entreprises qui cherchent \u00e0 tirer parti de l\u2019apprentissage automatique \u00e0 des fins d\u2019\u00e9tudes de march\u00e9.<\/p>\n\n\n\n<ul class=\"wp-block-list\">\n<li><strong>Google:<\/strong> Leader de l&#039;IA et de l&#039;apprentissage automatique, Google propose une suite d&#039;outils et de plates-formes, notamment TensorFlow et Google Cloud AI. Ces ressources sont largement utilis\u00e9es pour diverses applications d\u2019apprentissage automatique, de l\u2019analyse de donn\u00e9es \u00e0 la mod\u00e9lisation pr\u00e9dictive.<\/li>\n\n\n\n<li><strong>IBM\u00a0:<\/strong> Avec sa plateforme Watson, IBM a \u00e9t\u00e9 \u00e0 l&#039;avant-garde de l&#039;int\u00e9gration de l&#039;IA et du machine learning dans les solutions m\u00e9tiers. Les capacit\u00e9s de Watson en mati\u00e8re de traitement du langage naturel et d&#039;analyse de donn\u00e9es en font un outil pr\u00e9cieux pour les \u00e9tudes de march\u00e9.<\/li>\n\n\n\n<li><strong>Microsoft\u00a0:<\/strong> Azure Machine Learning de Microsoft fournit un environnement cloud robuste pour d\u00e9velopper et d\u00e9ployer des mod\u00e8les d&#039;apprentissage automatique. Son interface conviviale et son int\u00e9gration avec d&#039;autres produits Microsoft en font un choix populaire pour les entreprises de toutes tailles.<\/li>\n\n\n\n<li><strong>Amazone:<\/strong> Amazon Web Services (AWS) propose une gamme de services d&#039;apprentissage automatique, notamment Amazon SageMaker pour la cr\u00e9ation, la formation et le d\u00e9ploiement de mod\u00e8les d&#039;apprentissage automatique. La vaste infrastructure cloud d&#039;AWS prend en charge le traitement et l&#039;analyse de donn\u00e9es \u00e0 grande \u00e9chelle.<\/li>\n\n\n\n<li><strong>Nvidia\u00a0:<\/strong> Bien que principalement connu pour ses unit\u00e9s de traitement graphique (GPU), NVIDIA joue \u00e9galement un r\u00f4le crucial dans l&#039;\u00e9cosyst\u00e8me d&#039;apprentissage automatique. Ses GPU sont largement utilis\u00e9s dans la formation de mod\u00e8les d&#039;apprentissage automatique, en particulier ceux n\u00e9cessitant une puissance de calcul intensive.<\/li>\n\n\n\n<li><strong>Alibaba\u00a0Cloud\u00a0:<\/strong> En tant que membre du groupe Alibaba, Alibaba Cloud propose des services d&#039;apprentissage automatique qui gagnent en popularit\u00e9, notamment en Asie. Sa plateforme est connue pour son \u00e9volutivit\u00e9 et ses performances en mati\u00e8re d&#039;analyse de donn\u00e9es.<\/li>\n<\/ul>\n\n\n\n<h2 class=\"wp-block-heading\">Opportunit\u00e9s sur le march\u00e9 de l\u2019apprentissage automatique pour les entreprises<\/h2>\n\n\n\n<figure class=\"gb-block-image gb-block-image-9e58235a\"><img loading=\"lazy\" decoding=\"async\" width=\"1456\" height=\"816\" class=\"gb-image gb-image-9e58235a\" src=\"https:\/\/www.sisinternational.com\/wp-content\/uploads\/2025\/08\/Deep-learning-machine-learning-18.jpg\" alt=\"\u00c9tudes de march\u00e9 et strat\u00e9gie internationales SIS\" title=\"Deep learning machine learning (18)\" srcset=\"https:\/\/www.sisinternational.com\/wp-content\/uploads\/2025\/08\/Deep-learning-machine-learning-18.jpg 1456w, https:\/\/www.sisinternational.com\/wp-content\/uploads\/2025\/08\/Deep-learning-machine-learning-18-300x168.jpg 300w, https:\/\/www.sisinternational.com\/wp-content\/uploads\/2025\/08\/Deep-learning-machine-learning-18-1024x574.jpg 1024w, https:\/\/www.sisinternational.com\/wp-content\/uploads\/2025\/08\/Deep-learning-machine-learning-18-768x430.jpg 768w, https:\/\/www.sisinternational.com\/wp-content\/uploads\/2025\/08\/Deep-learning-machine-learning-18-18x10.jpg 18w\" sizes=\"auto, (max-width: 1456px) 100vw, 1456px\"><\/figure>\n\n\n\n<p><\/p>\n\n\n\n<p>Le march\u00e9 de l\u2019apprentissage automatique pr\u00e9sente de multiples opportunit\u00e9s que les entreprises peuvent exploiter pour cro\u00eetre et innover. \u00c0 mesure que cette technologie continue d\u2019\u00e9voluer, ses applications potentielles dans les \u00e9tudes de march\u00e9 se d\u00e9veloppent, offrant de nouvelles fa\u00e7ons d\u2019acqu\u00e9rir des connaissances et des avantages concurrentiels.<\/p>\n\n\n\n<ul class=\"wp-block-list\">\n<li><strong>Informations avanc\u00e9es sur les consommateurs\u00a0:<\/strong> Les algorithmes d\u2019apprentissage automatique peuvent approfondir les donn\u00e9es des consommateurs avec une profondeur sans pr\u00e9c\u00e9dent, r\u00e9v\u00e9lant des mod\u00e8les et des pr\u00e9f\u00e9rences complexes. Cela offre aux entreprises la possibilit\u00e9 de comprendre leurs clients \u00e0 un niveau granulaire, permettant ainsi des strat\u00e9gies de marketing et de d\u00e9veloppement de produits tr\u00e8s cibl\u00e9es.<\/li>\n\n\n\n<li><strong>Analyse du march\u00e9 en temps r\u00e9el\u00a0:<\/strong> La capacit\u00e9 d\u2019analyser les donn\u00e9es du march\u00e9 en temps r\u00e9el constitue une opportunit\u00e9 importante. Les entreprises peuvent d\u00e9sormais surveiller les tendances du march\u00e9 au fur et \u00e0 mesure qu&#039;elles se produisent, s&#039;adapter rapidement aux changements et capitaliser sur les opportunit\u00e9s \u00e9mergentes.<\/li>\n\n\n\n<li><strong>Personnalisation et personnalisation\u00a0:<\/strong> Gr\u00e2ce au machine learning, les entreprises peuvent adapter leurs produits, services et messages marketing \u00e0 des clients individuels. Ce niveau de personnalisation peut am\u00e9liorer consid\u00e9rablement l\u2019engagement et la fid\u00e9lit\u00e9 des clients.<\/li>\n\n\n\n<li><strong>D\u00e9veloppement de produits avanc\u00e9s\u00a0:<\/strong> L&#039;apprentissage automatique peut stimuler l&#039;innovation dans le d\u00e9veloppement de produits, permettant aux entreprises de cr\u00e9er des produits plus intelligents, plus efficaces et plus conviviaux. Cela est particuli\u00e8rement \u00e9vident dans des secteurs comme la technologie, l\u2019automobile et l\u2019\u00e9lectronique grand public.<\/li>\n\n\n\n<li><strong>Avantage comp\u00e9titif:<\/strong> Les entreprises qui exploitent efficacement l\u2019apprentissage automatique peuvent acqu\u00e9rir un avantage concurrentiel significatif. En exploitant la puissance du ML pour l&#039;analyse, l&#039;automatisation et la personnalisation, les entreprises peuvent surpasser leurs concurrents en termes d&#039;efficacit\u00e9, d&#039;innovation et de satisfaction client.<\/li>\n<\/ul>\n\n\n\n<h2 class=\"wp-block-heading\">D\u00e9fis<\/h2>\n\n\n\n<p>Machine learning market research comes with its own set of challenges \u2013 and addressing these challenges is crucial for businesses to leverage machine learning in their market research endeavors effectively.<\/p>\n\n\n\n<ul class=\"wp-block-list\">\n<li><strong>Complexit\u00e9 et expertise technique\u00a0:<\/strong> La mise en \u0153uvre de solutions de machine learning n\u00e9cessite un certain niveau d\u2019expertise technique. La complexit\u00e9 de ces syst\u00e8mes peut constituer un obstacle pour les entreprises ne disposant pas des ressources ou des connaissances techniques n\u00e9cessaires, n\u00e9cessitant des investissements dans du personnel qualifi\u00e9 ou des partenariats avec des prestataires sp\u00e9cialis\u00e9s.<\/li>\n\n\n\n<li><strong>Consid\u00e9rations \u00e9thiques et de confidentialit\u00e9\u00a0:<\/strong> \u00c9tant donn\u00e9 que l\u2019apprentissage automatique implique souvent l\u2019analyse des donn\u00e9es des consommateurs, il existe d\u2019importantes pr\u00e9occupations en mati\u00e8re d\u2019\u00e9thique et de confidentialit\u00e9 \u00e0 prendre en compte. Les entreprises doivent g\u00e9rer ces probl\u00e8mes avec prudence, en veillant au respect des r\u00e9glementations en mati\u00e8re de protection des donn\u00e9es et en pr\u00e9servant la confiance des consommateurs.<\/li>\n\n\n\n<li><strong>Suivre le rythme des avanc\u00e9es technologiques\u00a0:<\/strong> Machine learning is rapidly evolving. Staying abreast of the latest developments and continually updating machine learning models and techniques can be resource-intensive.<\/li>\n<\/ul>\n\n\n\n<h2 class=\"wp-block-heading\">Perspectives d&#039;avenir<\/h2>\n\n\n\n<figure class=\"gb-block-image gb-block-image-288ef62a\"><img loading=\"lazy\" decoding=\"async\" width=\"1456\" height=\"816\" class=\"gb-image gb-image-288ef62a\" src=\"https:\/\/www.sisinternational.com\/wp-content\/uploads\/2025\/08\/Deep-learning-machine-learning-43.jpg\" alt=\"\u00c9tudes de march\u00e9 et strat\u00e9gie internationales SIS\" title=\"Deep learning machine learning (43)\" srcset=\"https:\/\/www.sisinternational.com\/wp-content\/uploads\/2025\/08\/Deep-learning-machine-learning-43.jpg 1456w, https:\/\/www.sisinternational.com\/wp-content\/uploads\/2025\/08\/Deep-learning-machine-learning-43-300x168.jpg 300w, https:\/\/www.sisinternational.com\/wp-content\/uploads\/2025\/08\/Deep-learning-machine-learning-43-1024x574.jpg 1024w, https:\/\/www.sisinternational.com\/wp-content\/uploads\/2025\/08\/Deep-learning-machine-learning-43-768x430.jpg 768w, https:\/\/www.sisinternational.com\/wp-content\/uploads\/2025\/08\/Deep-learning-machine-learning-43-18x10.jpg 18w\" sizes=\"auto, (max-width: 1456px) 100vw, 1456px\"><\/figure>\n\n\n\n<p><\/p>\n\n\n\n<p>L\u2019avenir des \u00e9tudes de march\u00e9 sur l\u2019apprentissage automatique rec\u00e8le un immense potentiel pour transformer la fa\u00e7on dont les entreprises comprennent et interagissent avec leurs march\u00e9s. \u00c0 mesure que la technologie continue de progresser, nous pouvons anticiper plusieurs tendances et \u00e9volutions dans ce domaine\u00a0:<\/p>\n\n\n\n<ul class=\"wp-block-list\">\n<li><strong>Accessibilit\u00e9 et d\u00e9mocratisation accrues\u00a0:<\/strong> Advances in machine learning technology are likely to make it more accessible to a broader range of businesses, including small and medium-sized enterprises. User-friendly tools and platforms will lower the barrier to entry, allowing more companies to leverage the <a href=\"https:\/\/www.sisinternational.com\/fr\/competence\/les-industries\/etude-de-marche-sur-les-outils-electriques\/\" title=\"\u00c9tude de march\u00e9 sur les outils \u00e9lectriques\"  data-wpil-monitor-id=\"4068\">power of machine learning for market research<\/a>.<\/li>\n\n\n\n<li><strong>Int\u00e9gration avec d&#039;autres technologies\u00a0:<\/strong> Machine learning will increasingly be integrated with other emerging technologies like the Internet of Things (IoT), augmented reality (AR), and virtual reality (VR). This integration will provide richer data sources and comprehensive insights into consumer behavior and market trends.<\/li>\n\n\n\n<li><strong>Personnalisation et personnalisation\u00a0:<\/strong> La tendance \u00e0 la personnalisation va s&#039;intensifier, l&#039;apprentissage automatique permettant des produits, des services et des strat\u00e9gies marketing encore plus adapt\u00e9s. Cela am\u00e9liorera l\u2019exp\u00e9rience client et favorisera une plus grande fid\u00e9lit\u00e9 \u00e0 la marque.<\/li>\n\n\n\n<li><strong>Analyse et prise de d\u00e9cision en temps r\u00e9el\u00a0:<\/strong> The ability to process and analyze data in real-time will become increasingly important. Machine learning tools providing instant insights will empower businesses to make faster, data-driven decisions.<\/li>\n<\/ul>\n\n\n\n<h2 class=\"wp-block-heading\">Solutions SIS\u00a0: \u00e9tude de march\u00e9 sur l&#039;IA en apprentissage automatique<\/h2>\n\n\n\n<p>Nous offrons des avantages tels qu&#039;une connaissance approfondie des paysages concurrentiels, des comportements des consommateurs et des tendances du march\u00e9 gr\u00e2ce \u00e0 des m\u00e9thodologies d&#039;\u00e9tudes de march\u00e9 de pointe combin\u00e9es \u00e0 des technologies d&#039;apprentissage automatique. Nos chercheurs effectuent des analyses strat\u00e9giques pour transformer les informations en informations exploitables, aidant ainsi les clients \u00e0 envisager les \u00e9tudes de march\u00e9 sur l\u2019IA en apprentissage automatique avec une vue compl\u00e8te du march\u00e9. Nos solutions incluent :<\/p>\n\n\n\n<ul class=\"wp-block-list\">\n<li>Informations avanc\u00e9es sur les consommateurs gr\u00e2ce \u00e0 une analyse d\u00e9taill\u00e9e des donn\u00e9es<\/li>\n\n\n\n<li>Analyse de march\u00e9 en temps r\u00e9el pour une adaptation rapide aux changements<\/li>\n\n\n\n<li>Strat\u00e9gies de personnalisation et de personnalisation des produits et du marketing<\/li>\n\n\n\n<li>Assistance avanc\u00e9e au d\u00e9veloppement de produits gr\u00e2ce \u00e0 l\u2019innovation<\/li>\n\n\n\n<li>Analyse concurrentielle pour \u00e9clairer la planification strat\u00e9gique<\/li>\n\n\n\n<li>Informations sur l&#039;am\u00e9lioration continue pour l&#039;am\u00e9lioration des produits et des services<\/li>\n\n\n\n<li>Capacit\u00e9s pr\u00e9dictives pour l\u2019att\u00e9nuation des risques et l\u2019identification des opportunit\u00e9s<\/li>\n<\/ul>\n\n\n\n<h2 class=\"wp-block-heading\">Notre emplacement \u00e0 New York<\/h2>\n\n\n\n<p>  <iframe loading=\"lazy\" src=\"https:\/\/www.google.com\/maps\/embed?pb=!1m18!1m12!1m3!1d3022.976188376966!2d-73.99130312499956!3d40.740549471389315!2m3!1f0!2f0!3f0!3m2!1i1024!2i768!4f13.1!3m3!1m2!1s0x89c259a15798c731%3A0xd695d09bdd495f25!2s11%20E%2022nd%20St%20FL%202%2C%20New%20York%2C%20NY%2010010%2C%20USA!5e0!3m2!1sen!2spe!4v1726171763526!5m2!1sen!2spe\" width=\"600\" height=\"450\" allowfullscreen=\"allowfullscreen\" data-mce-fragment=\"1\"><\/iframe>  <\/p>\n\n\n\n<h3 class=\"wp-block-heading\">11 E 22nd Street, \u00e9tage 2, New York, NY 10010 T\u00e9l. : +1(212) 505-6805<\/h3>\n\n\n\n<hr class=\"wp-block-separator has-alpha-channel-opacity\"\/>\n\n\n\n<h2 class=\"wp-block-heading\"><span style=\"font-weight: 400;\">\u00c0 propos de SIS International<\/span><\/h2>\n\n\n\n<p><a href=\"https:\/\/www.sisinternational.com\/fr\/\"><span style=\"font-weight: 400;\">SIS International<\/span><\/a><span style=\"font-weight: 400;\"> propose des recherches quantitatives, qualitatives et strat\u00e9giques. Nous fournissons des donn\u00e9es, des outils, des strat\u00e9gies, des rapports et des informations pour la prise de d\u00e9cision. Nous menons \u00e9galement des entretiens, des enqu\u00eates, des groupes de discussion et d\u2019autres m\u00e9thodes et approches d\u2019\u00e9tudes de march\u00e9.<\/span><a href=\"https:\/\/www.sisinternational.com\/fr\/a-propos-de-la-recherche-internationale-sis\/contact-sis-international-market-research\/\"><span style=\"font-weight: 400;\"> Contactez nous<\/span><\/a><span style=\"font-weight: 400;\"> pour votre prochain projet d&#039;\u00e9tude de march\u00e9.<\/span><\/p>\n\n\n\n<hr class=\"wp-block-separator has-alpha-channel-opacity\"\/>\n\n\n\n<h2 class=\"wp-block-heading\">&nbsp;<\/h2>","protected":false},"excerpt":{"rendered":"<p>Les \u00e9tudes de march\u00e9 sur l\u2019IA par apprentissage automatique aident les entreprises \u00e0 comprendre la concurrence, le comportement des consommateurs, les algorithmes et les tendances du march\u00e9.<\/p>","protected":false},"author":1,"featured_media":64407,"parent":44406,"menu_order":1,"comment_status":"closed","ping_status":"closed","template":"","meta":{"footnotes":""},"class_list":["post-44409","page","type-page","status-publish","has-post-thumbnail"],"_links":{"self":[{"href":"https:\/\/www.sisinternational.com\/fr\/wp-json\/wp\/v2\/pages\/44409","targetHints":{"allow":["GET"]}}],"collection":[{"href":"https:\/\/www.sisinternational.com\/fr\/wp-json\/wp\/v2\/pages"}],"about":[{"href":"https:\/\/www.sisinternational.com\/fr\/wp-json\/wp\/v2\/types\/page"}],"author":[{"embeddable":true,"href":"https:\/\/www.sisinternational.com\/fr\/wp-json\/wp\/v2\/users\/1"}],"replies":[{"embeddable":true,"href":"https:\/\/www.sisinternational.com\/fr\/wp-json\/wp\/v2\/comments?post=44409"}],"version-history":[{"count":13,"href":"https:\/\/www.sisinternational.com\/fr\/wp-json\/wp\/v2\/pages\/44409\/revisions"}],"predecessor-version":[{"id":79730,"href":"https:\/\/www.sisinternational.com\/fr\/wp-json\/wp\/v2\/pages\/44409\/revisions\/79730"}],"up":[{"embeddable":true,"href":"https:\/\/www.sisinternational.com\/fr\/wp-json\/wp\/v2\/pages\/44406"}],"wp:featuredmedia":[{"embeddable":true,"href":"https:\/\/www.sisinternational.com\/fr\/wp-json\/wp\/v2\/media\/64407"}],"wp:attachment":[{"href":"https:\/\/www.sisinternational.com\/fr\/wp-json\/wp\/v2\/media?parent=44409"}],"curies":[{"name":"wp","href":"https:\/\/api.w.org\/{rel}","templated":true}]}}