{"id":44261,"date":"2024-02-24T00:08:58","date_gmt":"2024-02-24T05:08:58","guid":{"rendered":"https:\/\/www.sisinternational.com\/?page_id=44261"},"modified":"2026-01-26T17:22:29","modified_gmt":"2026-01-26T22:22:29","slug":"etude-de-marche-des-petroliers","status":"publish","type":"page","link":"https:\/\/www.sisinternational.com\/fr\/competence\/etude-de-marche-des-petroliers\/","title":{"rendered":"\u00c9tude de march\u00e9 sur les p\u00e9troliers"},"content":{"rendered":"<h1 class=\"wp-block-heading\">\u00c9tude de march\u00e9 sur les p\u00e9troliers<\/h1>\n\n\n\n<figure class=\"gb-block-image gb-block-image-e272475e\"><img loading=\"lazy\" decoding=\"async\" width=\"1456\" height=\"816\" class=\"gb-image gb-image-e272475e\" src=\"https:\/\/www.sisinternational.com\/wp-content\/uploads\/2025\/08\/Tanker-2.jpg\" alt=\"\u00c9tudes de march\u00e9 et strat\u00e9gie internationales SIS\" title=\"Tanker (2)\" srcset=\"https:\/\/www.sisinternational.com\/wp-content\/uploads\/2025\/08\/Tanker-2.jpg 1456w, https:\/\/www.sisinternational.com\/wp-content\/uploads\/2025\/08\/Tanker-2-300x168.jpg 300w, https:\/\/www.sisinternational.com\/wp-content\/uploads\/2025\/08\/Tanker-2-1024x574.jpg 1024w, https:\/\/www.sisinternational.com\/wp-content\/uploads\/2025\/08\/Tanker-2-768x430.jpg 768w, https:\/\/www.sisinternational.com\/wp-content\/uploads\/2025\/08\/Tanker-2-18x10.jpg 18w\" sizes=\"auto, (max-width: 1456px) 100vw, 1456px\"><\/figure>\n\n\n\n<p><\/p>\n\n\n\n<p>Le march\u00e9 des p\u00e9troliers n\u00e9cessite des recherches approfondies pour obtenir une base solide de donn\u00e9es et d\u2019informations. Par cons\u00e9quent, les \u00e9tudes de march\u00e9 sur les p\u00e9troliers sont la boussole qui guide les entreprises dans le domaine complexe des tendances du march\u00e9, des comportements des consommateurs et des paysages concurrentiels.<\/p>\n\n\n\n<h2 class=\"wp-block-heading\">Comprendre les \u00e9tudes de march\u00e9 sur les p\u00e9troliers aujourd\u2019hui<\/h2>\n\n\n\n<p>Ce type de recherche est essentiel pour les entreprises op\u00e9rant ou associ\u00e9es au transport de liquides en vrac, notamment le p\u00e9trole, les produits chimiques et le gaz naturel liqu\u00e9fi\u00e9. L\u2019objectif principal des \u00e9tudes de march\u00e9 sur les p\u00e9troliers est de fournir une compr\u00e9hension approfondie de la dynamique du march\u00e9, du paysage concurrentiel, des pr\u00e9f\u00e9rences des clients et des tendances \u00e9mergentes au sein de ce secteur sp\u00e9cialis\u00e9. La recherche vise \u00e9galement \u00e0 identifier des mod\u00e8les, \u00e0 pr\u00e9dire le comportement futur du march\u00e9 et \u00e0 d\u00e9couvrir les facteurs qui stimulent ou entravent la croissance du march\u00e9.<\/p>\n\n\n\n<p>L\u2019un des aspects essentiels de l\u2019\u00e9tude de march\u00e9 sur les p\u00e9troliers est l\u2019accent mis sur l\u2019\u00e9quilibre entre l\u2019offre et la demande. Les chercheurs surveillent de pr\u00e8s la capacit\u00e9 des flottes de p\u00e9troliers, les changements dans la production mondiale de p\u00e9trole et de gaz et les changements dans les tendances commerciales. Cette analyse aide les entreprises \u00e0 comprendre l&#039;\u00e9quilibre entre la capacit\u00e9 disponible des p\u00e9troliers et la demande de services de p\u00e9troliers, ce qui est crucial pour les strat\u00e9gies de tarification, la gestion de la flotte et les d\u00e9cisions d&#039;investissement.<\/p>\n\n\n\n<h2 class=\"wp-block-heading\">Importance de l\u2019\u00e9tude de march\u00e9 sur les p\u00e9troliers<\/h2>\n\n\n\n<p>L\u2019industrie des p\u00e9troliers est influenc\u00e9e par une multitude de facteurs, notamment la conjoncture \u00e9conomique mondiale, la stabilit\u00e9 politique, les progr\u00e8s technologiques et les r\u00e9glementations environnementales. En analysant ces facteurs, les entreprises peuvent acqu\u00e9rir une vision globale du march\u00e9, leur permettant d&#039;anticiper les changements et de s&#039;adapter en cons\u00e9quence.<\/p>\n\n\n\n<p>Cette recherche joue \u00e9galement un r\u00f4le essentiel dans la gestion des risques. L\u2019industrie des p\u00e9troliers est intrins\u00e8quement risqu\u00e9e, en raison des fluctuations des prix du p\u00e9trole, des changements dans les routes commerciales et des tensions g\u00e9opolitiques. Gr\u00e2ce \u00e0 des \u00e9tudes de march\u00e9 compl\u00e8tes, les entreprises peuvent identifier les risques potentiels et \u00e9laborer des strat\u00e9gies pour les att\u00e9nuer.<\/p>\n\n\n\n<p>Moreover, understanding customer needs and preferences is another critical aspect of tanker market research. In a customer-centric business landscape, companies need to align their services with customer expectations \u2013 and this <a href=\"https:\/\/www.sisinternational.com\/fr\/solutions\/voix-du-client\/\" title=\"Recherche Voix du Client\"  data-wpil-monitor-id=\"10453\">research helps businesses understand what their customers<\/a> value, whether it&#8217;s faster transit times, more flexible service options, or enhanced safety measures.<\/p>\n\n\n\n<p>\u2026 Mais les \u00e9tudes de march\u00e9 sur les p\u00e9troliers pr\u00e9sentent plus d\u2019avantages pour les entreprises telles que :<\/p>\n\n\n\n<ul class=\"wp-block-list\">\n<li><strong>D\u00e9cisions d&#039;investissement optimis\u00e9es\u00a0:<\/strong> Gr\u00e2ce aux \u00e9tudes de march\u00e9 sur les p\u00e9troliers, les entreprises acqui\u00e8rent une perspective claire sur o\u00f9 et comment allouer leurs ressources pour un retour sur investissement maximal. Cela pourrait signifier investir dans des p\u00e9troliers plus r\u00e9cents et plus efficaces, adopter des technologies de pointe ou se d\u00e9velopper sur les march\u00e9s \u00e9mergents.<\/li>\n\n\n\n<li><strong>Avantage comp\u00e9titif:<\/strong> <a href=\"https:\/\/www.sisinternational.com\/fr\/etude-de-cas-sis-sur-les-informations-en-magasin-dans-le-monde-entier\/\" title=\"Informations sur les acheteurs en magasin \u2014 \u00c9tude de cas d&#039;\u00e9tude de march\u00e9\"  data-wpil-monitor-id=\"10450\">Market research provides insights<\/a> into what competitors are doing and identifies potential gaps in the market that can be exploited. This competitive intelligence is crucial for maintaining and enhancing market position.<\/li>\n\n\n\n<li><strong>Conformit\u00e9 r\u00e9glementaire et durabilit\u00e9\u00a0:<\/strong> Alors que l\u2019industrie est confront\u00e9e \u00e0 des pressions r\u00e9glementaires croissantes, notamment en mati\u00e8re environnementale, les \u00e9tudes de march\u00e9 sur les p\u00e9troliers aident les entreprises \u00e0 rester conformes et \u00e0 adopter le d\u00e9veloppement durable.<\/li>\n\n\n\n<li><strong>Pr\u00e9visions de march\u00e9\u00a0:<\/strong> Les entreprises peuvent anticiper les changements dans l\u2019offre et la demande, les changements de prix et les opportunit\u00e9s de march\u00e9s \u00e9mergents. Cette pr\u00e9voyance est inestimable pour la planification \u00e0 long terme et le maintien de la pertinence sur le march\u00e9.<\/li>\n<\/ul>\n\n\n\n<h2 class=\"wp-block-heading\">M\u00e9thodes pr\u00e9f\u00e9r\u00e9es de recherche sur le march\u00e9 des p\u00e9troliers<\/h2>\n\n\n\n<figure class=\"gb-block-image gb-block-image-9af9d5b1\"><img loading=\"lazy\" decoding=\"async\" width=\"1456\" height=\"816\" class=\"gb-image gb-image-9af9d5b1\" src=\"https:\/\/www.sisinternational.com\/wp-content\/uploads\/2025\/08\/Tanker-1.jpg\" alt=\"\u00c9tudes de march\u00e9 et strat\u00e9gie internationales SIS\" title=\"Tanker (1)\" srcset=\"https:\/\/www.sisinternational.com\/wp-content\/uploads\/2025\/08\/Tanker-1.jpg 1456w, https:\/\/www.sisinternational.com\/wp-content\/uploads\/2025\/08\/Tanker-1-300x168.jpg 300w, https:\/\/www.sisinternational.com\/wp-content\/uploads\/2025\/08\/Tanker-1-1024x574.jpg 1024w, https:\/\/www.sisinternational.com\/wp-content\/uploads\/2025\/08\/Tanker-1-768x430.jpg 768w, https:\/\/www.sisinternational.com\/wp-content\/uploads\/2025\/08\/Tanker-1-18x10.jpg 18w\" sizes=\"auto, (max-width: 1456px) 100vw, 1456px\"><\/figure>\n\n\n\n<p><\/p>\n\n\n\n<p>Les \u00e9tudes de march\u00e9 sur les p\u00e9troliers impliquent un m\u00e9lange de m\u00e9thodes qualitatives et quantitatives pour recueillir des donn\u00e9es compl\u00e8tes et pr\u00e9cises. Ce processus est essentiel pour obtenir une compr\u00e9hension approfondie du march\u00e9 \u2013 et voici un aper\u00e7u de la mani\u00e8re d\u2019aborder cette recherche\u00a0:<\/p>\n\n\n\n<ul class=\"wp-block-list\">\n<li><strong>Entretiens avec des experts\u00a0:<\/strong> S&#039;engager avec des experts du secteur, notamment des exploitants de p\u00e9troliers, des courtiers et des analystes, peut fournir des informations pr\u00e9cieuses. Ces entretiens peuvent r\u00e9v\u00e9ler des perspectives nuanc\u00e9es sur les tendances du march\u00e9, les changements r\u00e9glementaires et les d\u00e9fis op\u00e9rationnels.<\/li>\n\n\n\n<li><strong>Groupes de discussion:<\/strong> Gathering feedback from <a href=\"https:\/\/www.sisinternational.com\/fr\/competence\/les-industries\/groupes-de-discussion-industriels\/\" title=\"Groupes de discussion industriels\"  data-wpil-monitor-id=\"10447\">focus groups composed of customers or industry<\/a> stakeholders can offer a deeper understanding of customer preferences, service quality, and market needs.<\/li>\n\n\n\n<li><strong><a class=\"wpil_keyword_link\" href=\"https:\/\/www.sisinternational.com\/fr\/etudes-de-cas\/\"   title=\"\u00c9tudes de cas\" data-wpil-keyword-link=\"linked\"  data-wpil-monitor-id=\"642\">\u00c9tudes de cas<\/a>:<\/strong> L&#039;analyse de cas ou de sc\u00e9narios sp\u00e9cifiques au sein de l&#039;industrie des p\u00e9troliers peut aider \u00e0 comprendre des probl\u00e8mes complexes tels que l&#039;impact des \u00e9v\u00e9nements g\u00e9opolitiques ou des perturbations technologiques sur le march\u00e9.<\/li>\n\n\n\n<li><strong>Enqu\u00eates:<\/strong> Distributing surveys to a broad audience within the industry (including customers, suppliers, and partners) can provide quantifiable <a href=\"https:\/\/www.sisinternational.com\/fr\/competence\/les-industries\/etude-de-marche-sur-les-donnees-de-formation\/\" title=\"\u00c9tude de march\u00e9 sur les donn\u00e9es de formation\"  data-wpil-monitor-id=\"10455\">data on various aspects of the market<\/a>.<\/li>\n\n\n\n<li><strong>Analyse des donn\u00e9es de march\u00e9\u00a0:<\/strong> L&#039;analyse des donn\u00e9es de march\u00e9 historiques et actuelles, telles que les tarifs des p\u00e9troliers, la taille de la flotte et les volumes de fret, peut r\u00e9v\u00e9ler des tendances et des mod\u00e8les essentiels aux pr\u00e9visions et \u00e0 la planification strat\u00e9gique.<\/li>\n<\/ul>\n\n\n\n<h2 class=\"wp-block-heading\">Principales tendances<\/h2>\n\n\n\n<p>Ces derni\u00e8res ann\u00e9es, les \u00e9tudes de march\u00e9 sur les p\u00e9troliers ont mis en \u00e9vidence plusieurs tendances \u00e9volutives qui modifient le secteur. Certaines des principales tendances actuelles comprennent\u00a0:<\/p>\n\n\n\n<ul class=\"wp-block-list\">\n<li><strong>R\u00e9glementation environnementale et d\u00e9veloppement durable\u00a0:<\/strong> L\u2019industrie des p\u00e9troliers accorde de plus en plus d\u2019importance \u00e0 la durabilit\u00e9 environnementale. Des r\u00e9glementations plus strictes concernant les \u00e9missions, la gestion des eaux de ballast et le recyclage des navires influencent les pratiques op\u00e9rationnelles.<\/li>\n\n\n\n<li><strong>Changements dans les mod\u00e8les de commerce mondial\u00a0:<\/strong> Geopolitical events, trade disputes, and changes in energy consumption patterns are altering traditional trade routes and cargo flows. Tanker market <a href=\"https:\/\/www.sisinternational.com\/fr\/competence\/les-industries\/etude-de-marche-du-fret-2\/\" title=\"\u00c9tude de march\u00e9 du fret \u2014 Transit et exp\u00e9dition de fret\"  data-wpil-monitor-id=\"6495\">recherche<\/a> focuses on understanding these shifts to predict their impact on tanker demand and freight rates.<\/li>\n\n\n\n<li><strong>Accent croissant sur la d\u00e9carbonisation\u00a0:<\/strong> Conform\u00e9ment aux efforts mondiaux de lutte contre le changement climatique, l\u2019industrie des p\u00e9troliers est sous pression pour r\u00e9duire son empreinte carbone.<\/li>\n<\/ul>\n\n\n\n<h2 class=\"wp-block-heading\">Opportunit\u00e9s actuelles<\/h2>\n\n\n\n<p>The evolving <a href=\"https:\/\/www.sisinternational.com\/fr\/couverture\/etude-de-marche-en-asie\/etude-sur-la-taille-du-paysage-du-marche-asiatique\/\" title=\"\u00c9tude sur le paysage du march\u00e9 asiatique et le dimensionnement\"  data-wpil-monitor-id=\"10458\">landscape of the tanker market<\/a> presents several opportunities for businesses. Leveraging these opportunities requires a keen understanding of market dynamics.<\/p>\n\n\n\n<ul class=\"wp-block-list\">\n<li><strong>Adoption de technologies vertes\u00a0: <\/strong>With the increasing focus on environmental sustainability, there is a growing demand for eco-friendly tanker solutions. Businesses can capitalize on this trend by <a href=\"https:\/\/www.sisinternational.com\/fr\/solutions\/recherche-de-conseil-en-strategie-fintech\/etude-de-marche-sur-les-technologies-dinvestissement\/\" title=\"\u00c9tude de march\u00e9 sur les technologies d\u2019investissement\"  data-wpil-monitor-id=\"10461\">investing in green technologies<\/a> such as LNG-fueled tankers, advanced emission control systems, and energy-efficient designs.<\/li>\n\n\n\n<li><strong>Expansion sur les march\u00e9s \u00e9mergents\u00a0:<\/strong> Emerging markets, particularly in Asia and Africa, are showing increased demand for oil and gas products. This presents an opportunity for tanker companies to expand their operations into these regions, potentially tapping into new <a href=\"https:\/\/www.sisinternational.com\/fr\/competence\/les-industries\/etude-de-marche-sur-les-boissons-alimentaires-et-la-voix-du-client\/\" title=\"\u00c9tude de march\u00e9 sur la voix du client dans le secteur des aliments et des boissons\"  data-wpil-monitor-id=\"10464\">customer bases and diversifying their market<\/a> presence.<\/li>\n\n\n\n<li><a href=\"https:\/\/www.sisinternational.com\/fr\/solutions\/ai-etudes-de-marche-et-conseil-en-strategie\/technologie-industrie-automatisation-conseil-en-intelligence-artificielle\/\" title=\"Conseil en automatisation de l&#039;industrie technologique et en intelligence artificielle\"  data-wpil-monitor-id=\"10444\">Technological Innovations: The tanker industry<\/a> is ripe for digital transformation. Implementing technologies like IoT, AI, blockchain, and big data analytics can enhance operational efficiency, improve safety, and offer better customer service.<\/li>\n<\/ul>\n\n\n\n<h2 class=\"wp-block-heading\">D\u00e9fis actuels du march\u00e9 des p\u00e9troliers<\/h2>\n\n\n\n<p>Les d\u00e9fis du march\u00e9 des p\u00e9troliers sont nombreux. Ces d\u00e9fis peuvent avoir un impact sur l\u2019efficacit\u00e9 op\u00e9rationnelle, la rentabilit\u00e9 et la planification strat\u00e9gique \u2013 et certains des d\u00e9fis notables comprennent\u00a0:<\/p>\n\n\n\n<ul class=\"wp-block-list\">\n<li><strong>Volatilit\u00e9 du march\u00e9:<\/strong> Le march\u00e9 des p\u00e9troliers est connu pour sa volatilit\u00e9, influenc\u00e9 par les fluctuations des prix du p\u00e9trole, les tensions g\u00e9opolitiques et les fluctuations \u00e9conomiques. Cette impr\u00e9visibilit\u00e9 peut rendre la planification et les pr\u00e9visions difficiles, ce qui a un impact sur la prise de d\u00e9cision et la stabilit\u00e9 financi\u00e8re.<\/li>\n\n\n\n<li><strong>Pressions environnementales et durables\u00a0:<\/strong> Alors que l\u2019attention mondiale port\u00e9e \u00e0 la durabilit\u00e9 environnementale s\u2019intensifie, les entreprises de transport de p\u00e9troliers sont confront\u00e9es \u00e0 des pressions pour r\u00e9duire leur empreinte carbone et adopter des pratiques plus \u00e9cologiques. Ce changement n\u00e9cessite souvent des investissements importants dans de nouvelles technologies et des changements op\u00e9rationnels.<\/li>\n\n\n\n<li><strong>Changer les habitudes de consommation\u00a0:<\/strong> Les changements dans la consommation d&#039;\u00e9nergie, tels que l&#039;\u00e9volution vers des sources d&#039;\u00e9nergie renouvelables, peuvent avoir un impact sur la demande de services de p\u00e9troliers. S\u2019adapter \u00e0 ces mod\u00e8les changeants est essentiel pour la durabilit\u00e9 \u00e0 long terme.<\/li>\n<\/ul>\n\n\n\n<h2 class=\"wp-block-heading\">Perspectives futures des \u00e9tudes de march\u00e9 sur les p\u00e9troliers pour les entreprises<\/h2>\n\n\n\n<figure class=\"gb-block-image gb-block-image-bbb6d70e\"><img loading=\"lazy\" decoding=\"async\" width=\"1456\" height=\"816\" class=\"gb-image gb-image-bbb6d70e\" src=\"https:\/\/www.sisinternational.com\/wp-content\/uploads\/2025\/08\/Tanker-3.jpg\" alt=\"\u00c9tudes de march\u00e9 et strat\u00e9gie internationales SIS\" title=\"Tanker (3)\" srcset=\"https:\/\/www.sisinternational.com\/wp-content\/uploads\/2025\/08\/Tanker-3.jpg 1456w, https:\/\/www.sisinternational.com\/wp-content\/uploads\/2025\/08\/Tanker-3-300x168.jpg 300w, https:\/\/www.sisinternational.com\/wp-content\/uploads\/2025\/08\/Tanker-3-1024x574.jpg 1024w, https:\/\/www.sisinternational.com\/wp-content\/uploads\/2025\/08\/Tanker-3-768x430.jpg 768w, https:\/\/www.sisinternational.com\/wp-content\/uploads\/2025\/08\/Tanker-3-18x10.jpg 18w\" sizes=\"auto, (max-width: 1456px) 100vw, 1456px\"><\/figure>\n\n\n\n<p><\/p>\n\n\n\n<p>Les perspectives d\u2019avenir des \u00e9tudes de march\u00e9 sur les p\u00e9troliers sont fa\u00e7onn\u00e9es par un m\u00e9lange de tendances industrielles en \u00e9volution, de progr\u00e8s technologiques perturbateurs et d\u2019un paysage \u00e9conomique mondial en \u00e9volution.<\/p>\n\n\n\n<ul class=\"wp-block-list\">\n<li><strong>Accent croissant sur la durabilit\u00e9\u00a0:<\/strong> Alors que le monde s\u2019int\u00e9resse de plus en plus aux questions environnementales, l\u2019industrie des p\u00e9troliers devrait poursuivre sa transition vers des pratiques plus durables. La recherche se concentrera probablement sur le d\u00e9veloppement et la mise en \u0153uvre de technologies respectueuses de l&#039;environnement, de carburants alternatifs et de strat\u00e9gies visant \u00e0 r\u00e9duire les \u00e9missions de carbone et l&#039;impact environnemental.<\/li>\n\n\n\n<li><strong>Focus sur la conformit\u00e9 r\u00e9glementaire\u00a0:<\/strong> Alors que les organismes de r\u00e9glementation imposent des r\u00e9glementations plus strictes, notamment dans les domaines de la s\u00e9curit\u00e9 et de la protection de l\u2019environnement, les entreprises devront donner la priorit\u00e9 \u00e0 la conformit\u00e9. Les futures \u00e9tudes de march\u00e9 examineront les implications de ces r\u00e9glementations et guideront les entreprises dans l\u2019adaptation de leurs op\u00e9rations pour r\u00e9pondre aux normes en \u00e9volution.<\/li>\n\n\n\n<li><strong>Gestion des risques et renforcement de la r\u00e9silience\u00a0:<\/strong> Compte tenu de la volatilit\u00e9 inh\u00e9rente et des risques associ\u00e9s au march\u00e9 des p\u00e9troliers, les recherches futures se concentreront sur l\u2019\u00e9laboration de cadres et de strat\u00e9gies robustes de gestion des risques pour am\u00e9liorer la r\u00e9silience des entreprises. Cela implique de faire face aux incertitudes \u00e9conomiques, aux perturbations de la cha\u00eene d\u2019approvisionnement et aux menaces de cybers\u00e9curit\u00e9.<\/li>\n<\/ul>","protected":false},"excerpt":{"rendered":"<p>Les \u00e9tudes de march\u00e9 sur les p\u00e9troliers sont cruciales pour que les entreprises de transport de liquides en vrac restent inform\u00e9es des tendances du march\u00e9, du comportement des consommateurs et de la concurrence.<\/p>","protected":false},"author":1,"featured_media":63733,"parent":14514,"menu_order":414,"comment_status":"closed","ping_status":"closed","template":"","meta":{"footnotes":""},"class_list":["post-44261","page","type-page","status-publish","has-post-thumbnail"],"_links":{"self":[{"href":"https:\/\/www.sisinternational.com\/fr\/wp-json\/wp\/v2\/pages\/44261","targetHints":{"allow":["GET"]}}],"collection":[{"href":"https:\/\/www.sisinternational.com\/fr\/wp-json\/wp\/v2\/pages"}],"about":[{"href":"https:\/\/www.sisinternational.com\/fr\/wp-json\/wp\/v2\/types\/page"}],"author":[{"embeddable":true,"href":"https:\/\/www.sisinternational.com\/fr\/wp-json\/wp\/v2\/users\/1"}],"replies":[{"embeddable":true,"href":"https:\/\/www.sisinternational.com\/fr\/wp-json\/wp\/v2\/comments?post=44261"}],"version-history":[{"count":7,"href":"https:\/\/www.sisinternational.com\/fr\/wp-json\/wp\/v2\/pages\/44261\/revisions"}],"predecessor-version":[{"id":81721,"href":"https:\/\/www.sisinternational.com\/fr\/wp-json\/wp\/v2\/pages\/44261\/revisions\/81721"}],"up":[{"embeddable":true,"href":"https:\/\/www.sisinternational.com\/fr\/wp-json\/wp\/v2\/pages\/14514"}],"wp:featuredmedia":[{"embeddable":true,"href":"https:\/\/www.sisinternational.com\/fr\/wp-json\/wp\/v2\/media\/63733"}],"wp:attachment":[{"href":"https:\/\/www.sisinternational.com\/fr\/wp-json\/wp\/v2\/media?parent=44261"}],"curies":[{"name":"wp","href":"https:\/\/api.w.org\/{rel}","templated":true}]}}