{"id":44256,"date":"2023-12-04T13:15:26","date_gmt":"2023-12-04T18:15:26","guid":{"rendered":"https:\/\/www.sisinternational.com\/?page_id=44256"},"modified":"2026-01-24T17:49:53","modified_gmt":"2026-01-24T22:49:53","slug":"laboratoire-de-tests-de-gout-a-new-york","status":"publish","type":"page","link":"https:\/\/www.sisinternational.com\/fr\/solutions\/test-de-gout\/laboratoire-de-tests-de-gout-a-new-york\/","title":{"rendered":"Laboratoire de tests de go\u00fbt de New York"},"content":{"rendered":"<h1 class=\"wp-block-heading\">Laboratoire de tests de go\u00fbt de New York<\/h1>\n\n\n\n<figure class=\"gb-block-image gb-block-image-7cb3fca8\"><img loading=\"lazy\" decoding=\"async\" width=\"1456\" height=\"816\" class=\"gb-image gb-image-7cb3fca8\" src=\"https:\/\/www.sisinternational.com\/wp-content\/uploads\/2025\/10\/taste-testing-2.jpg\" srcset=\"https:\/\/www.sisinternational.com\/wp-content\/uploads\/2025\/10\/taste-testing-2.jpg 1456w, https:\/\/www.sisinternational.com\/wp-content\/uploads\/2025\/10\/taste-testing-2-300x168.jpg 300w, https:\/\/www.sisinternational.com\/wp-content\/uploads\/2025\/10\/taste-testing-2-1024x574.jpg 1024w, https:\/\/www.sisinternational.com\/wp-content\/uploads\/2025\/10\/taste-testing-2-768x430.jpg 768w, https:\/\/www.sisinternational.com\/wp-content\/uploads\/2025\/10\/taste-testing-2-18x10.jpg 18w\" sizes=\"auto, (max-width: 1456px) 100vw, 1456px\" alt=\"\u00c9tudes de march\u00e9 et strat\u00e9gie internationales SIS\"><\/figure>\n\n\n\n<p><\/p>\n\n\n\n<hr class=\"wp-block-separator has-alpha-channel-opacity is-style-dots\"\/>\n\n\n\n<h3 class=\"wp-block-heading\">Nich\u00e9 au c\u0153ur de la ville de New York, le NYC Taste Test Lab de SIS International s&#039;est impos\u00e9 comme une installation de premier plan, offrant des informations sans pr\u00e9c\u00e9dent sur l&#039;industrie alimentaire et des boissons.<\/h3>\n\n\n\n<p>Dans une ville connue pour son palais diversifi\u00e9 et exigeant, le laboratoire SIS International de New York offre une fen\u00eatre unique sur les pr\u00e9f\u00e9rences d&#039;un large \u00e9ventail de consommateurs en mati\u00e8re de d\u00e9gustation d&#039;aliments et de boissons.<\/p>\n\n\n\n<h2 class=\"wp-block-heading\">Comprendre le r\u00f4le du laboratoire de tests de go\u00fbt SIS NYC<\/h2>\n\n\n\n<p>Notre laboratoire de test de go\u00fbt de New York est bien plus qu&#039;un simple \u00e9tablissement : c&#039;est un centre d&#039;exploration sensorielle et d&#039;analyse des consommateurs. Les r\u00e9sultats de cette recherche sont inestimables pour les entreprises qui cherchent \u00e0 s&#039;adapter et \u00e0 prosp\u00e9rer dans le secteur hautement concurrentiel de l&#039;alimentation et des boissons.<\/p>\n\n\n\n<h4 class=\"wp-block-heading\">1. Origines<\/h4>\n\n\n\n<p>SIS International NYC Taste Test Lab a \u00e9t\u00e9 cr\u00e9\u00e9 avec une mission claire : fournir des informations d\u00e9taill\u00e9es et pr\u00e9cises sur les pr\u00e9f\u00e9rences gustatives des consommateurs.<\/p>\n\n\n\n<p>Cette mission est ancr\u00e9e dans la conviction que la compr\u00e9hension des pr\u00e9f\u00e9rences des consommateurs est la cl\u00e9 du succ\u00e8s du d\u00e9veloppement et de la commercialisation de produits dans le secteur de l&#039;alimentation et des boissons. L&#039;emplacement strat\u00e9gique du laboratoire dans le quartier Flatiron de Manhattan le place au carrefour de diverses cultures et go\u00fbts, ce qui en fait un lieu id\u00e9al pour des tests gustatifs complets.<\/p>\n\n\n\n<h4 class=\"wp-block-heading\">2. Services et m\u00e9thodologie<\/h4>\n\n\n\n<p>The lab offers various services \u2013 from standard taste tests to more complex sensory evaluations. Our analysts ensure that the data collected is reliable and valid. This involves controlled testing environments, blind testing procedures, and a systematic approach to collecting feedback.<\/p>\n\n\n\n<p>\u2026 Et les m\u00e9thodes du laboratoire sont con\u00e7ues pour imiter aussi fid\u00e8lement que possible les sc\u00e9narios de consommation du monde r\u00e9el, fournissant des informations pratiques et applicables.<\/p>\n\n\n\n<h4 class=\"wp-block-heading\">3. Expertise et installations<\/h4>\n\n\n\n<p>Le NYC Taste Test Lab dispose d&#039;installations ultramodernes et d&#039;une \u00e9quipe d&#039;experts en analyse sensorielle et en comportement des consommateurs. Le laboratoire dispose de salles de d\u00e9gustation modernes, de zones d&#039;observation et d&#039;outils de collecte de donn\u00e9es avanc\u00e9s. De plus, l&#039;expertise du personnel garantit que chaque aspect du processus de test de go\u00fbt est trait\u00e9 avec pr\u00e9cision.<\/p>\n\n\n\n<h4 class=\"wp-block-heading\">4. R\u00f4le dans les \u00e9tudes de march\u00e9<\/h4>\n\n\n\n<p>Le r\u00f4le du laboratoire de test de go\u00fbt SIS NYC s&#039;\u00e9tend au-del\u00e0 des simples \u00e9valuations gustatives. Notre laboratoire contribue \u00e0 une meilleure compr\u00e9hension de la dynamique du march\u00e9, des tendances de consommation et des strat\u00e9gies de positionnement des produits. Il s&#039;agit d&#039;une ressource pr\u00e9cieuse pour les entreprises qui cherchent \u00e0 lancer de nouveaux produits, \u00e0 reformuler des produits existants ou \u00e0 explorer de nouveaux segments de march\u00e9.<\/p>\n\n\n\n<h4 class=\"wp-block-heading\">5. Collaboration et innovation<\/h4>\n\n\n\n<p>Travaillant en \u00e9troite collaboration avec des entreprises du secteur agroalimentaire, le laboratoire aide \u00e0 adapter les \u00e9tudes de recherche aux besoins sp\u00e9cifiques des entreprises. Cette approche collaborative garantit que les informations sont pleinement exploitables. De plus, le laboratoire SIS innove constamment, en int\u00e9grant de nouvelles techniques et technologies de recherche pour garder une longueur d&#039;avance en mati\u00e8re d&#039;\u00e9tudes de consommation.<\/p>\n\n\n\n<h2 class=\"wp-block-heading\">Les avantages de notre laboratoire de tests gustatifs de New York<\/h2>\n\n\n\n<figure class=\"wp-block-image\"><img decoding=\"async\" src=\"https:\/\/www.sisinternational.com\/wp-content\/uploads\/2024\/11\/taste-testing-7.jpg\" alt=\"Recherche de nouveaux produits \u00e0 New York\" class=\"wp-image-54160\"\/><\/figure>\n\n\n\n<p><\/p>\n\n\n\n<p>At SIS, we adopt a customer-centric approach to help businesses succeed in the <a href=\"https:\/\/sisaisolutions.com\/ai-in-food-testing\/\" target=\"_blank\" rel=\"noopener\">food and beverage<\/a> industries. We focus on:<\/p>\n\n\n\n<ul class=\"wp-block-list\">\n<li><strong>Comprendre les besoins et les pr\u00e9f\u00e9rences des consommateurs\u00a0:<\/strong> This involves identifying what consumers like and understanding why they like it. Focusing on the motivations, emotions, and contexts that drive consumer choices, our <a href=\"https:\/\/www.sisinternational.com\/fr\/solutions\/solutions-de-recherche-qualitative-et-quantitative\/test-de-produits-educatifs-pour-les-enfants-a-new-york\/\" title=\"Test de produits \u00e9ducatifs pour les enfants \u00e0 New York\" data-wpil-monitor-id=\"1791\">Laboratoire de tests de go\u00fbt de New York<\/a> helps businesses create products that resonate deeply with their target audience.<\/li>\n\n\n\n<li><strong>Personnalisation\u00a0:<\/strong> Consumers are looking for products catering to their tastes and lifestyles. That&#8217;s why the SIS NYC taste test lab provides insights that enable businesses to tailor their products to meet specific consumer preferences. This can range from flavor variations to packaging and marketing strategies that appeal to different demographic segments.<\/li>\n\n\n\n<li><strong>Renforcer la fid\u00e9lit\u00e9 et la confiance \u00e0 la marque\u00a0:<\/strong> Les entreprises peuvent fid\u00e9liser leur client\u00e8le en r\u00e9pondant et en d\u00e9passant syst\u00e9matiquement les attentes des consommateurs. Nos rapports garantissent que les produits sont d\u00e9velopp\u00e9s en tenant compte des besoins et des pr\u00e9f\u00e9rences des consommateurs. Cette focalisation sur le client contribue \u00e0 \u00e9tablir la confiance et la cr\u00e9dibilit\u00e9, qui sont des atouts inestimables sur le march\u00e9 concurrentiel de New York.<\/li>\n<\/ul>\n\n\n\n<h2 class=\"wp-block-heading\">Le laboratoire de tests de go\u00fbt SIS NYC aide les entreprises \u00e0 relever les d\u00e9fis et \u00e0 capitaliser sur les opportunit\u00e9s<\/h2>\n\n\n\n<p>L\u2019\u00e9tude de march\u00e9 sur le terrain pr\u00e9sente un ensemble unique de d\u00e9fis et d\u2019opportunit\u00e9s, en particulier dans l\u2019industrie agroalimentaire. Nous aidons les entreprises :<\/p>\n\n\n\n<h4 class=\"wp-block-heading\">1. Naviguez sur un march\u00e9 diversifi\u00e9 et en \u00e9volution<\/h4>\n\n\n\n<p>L&#039;un des principaux objectifs de notre laboratoire de d\u00e9gustation \u00e0 New York est d&#039;analyser la client\u00e8le diversifi\u00e9e et en constante \u00e9volution de la ville. R\u00e9pondre aux go\u00fbts et pr\u00e9f\u00e9rences vari\u00e9s d&#039;une population multiculturelle n\u00e9cessite une compr\u00e9hension approfondie des nuances et des tendances culturelles. Cette diversit\u00e9 offre un terrain fertile pour l&#039;innovation et le d\u00e9veloppement d&#039;une large gamme de produits.<\/p>\n\n\n\n<h4 class=\"wp-block-heading\">2. Adaptez-vous aux pr\u00e9f\u00e9rences changeantes des consommateurs<\/h4>\n\n\n\n<p>Les pr\u00e9f\u00e9rences des consommateurs ne sont pas statiques. Elles \u00e9voluent en fonction des tendances en mati\u00e8re de sant\u00e9, des pr\u00e9occupations environnementales et des mouvements sociaux. C&#039;est pourquoi le personnel du SIS s&#039;efforce d&#039;aider les entreprises \u00e0 rester \u00e0 l&#039;\u00e9coute de ces changements. Cette adaptabilit\u00e9 est l&#039;occasion de montrer la voie en d\u00e9veloppant des produits qui correspondent aux derni\u00e8res tendances de consommation.<\/p>\n\n\n\n<h4 class=\"wp-block-heading\">3. \u00c9quilibrer la rigueur scientifique et les r\u00e9alit\u00e9s du march\u00e9<\/h4>\n\n\n\n<p>Ensuring that taste tests are scientifically rigorous while also relevant to real-world market scenarios is a delicate balance. Our NYC taste test lab experts design methodologically sound studies that apply to consumers&#8217; everyday experiences.<\/p>\n\n\n\n<h4 class=\"wp-block-heading\">4. Faire face aux pressions \u00e9conomiques et concurrentielles<\/h4>\n\n\n\n<p>Les fluctuations \u00e9conomiques et les pressions concurrentielles sur le march\u00e9 de New York posent des d\u00e9fis importants. Le laboratoire SIS International propose des services qui apportent de la valeur aux clients tout en restant rentables. Cet environnement pousse le laboratoire \u00e0 optimiser ses op\u00e9rations et \u00e0 rechercher des moyens nouveaux et efficaces de fournir des recherches de haute qualit\u00e9.<\/p>\n\n\n\n<h4 class=\"wp-block-heading\">5. Exploiter de nouveaux segments et opportunit\u00e9s de march\u00e9<\/h4>\n\n\n\n<p>Les tendances \u00e9mergentes en mati\u00e8re d\u2019aliments et de boissons, les segments de consommation inexploit\u00e9s et les nouveaux canaux de distribution pr\u00e9sentent des domaines potentiels de croissance \u2013 et notre laboratoire d\u2019analyses gustatives de New York peut d\u00e9couvrir ces opportunit\u00e9s, fournissant ainsi aux clients les informations n\u00e9cessaires pour en tirer parti.<\/p>\n\n\n\n<h3 class=\"wp-block-heading\"><strong>Emplacement de l&#039;\u00e9tablissement\u00a0: New York<\/strong><\/h3>\n\n\n\n<p><\/p>\n\n\n\n<iframe loading=\"lazy\" src=\"https:\/\/www.google.com\/maps\/embed?pb=!1m18!1m12!1m3!1d3022.976188376966!2d-73.99130312499956!3d40.740549471389315!2m3!1f0!2f0!3f0!3m2!1i1024!2i768!4f13.1!3m3!1m2!1s0x89c259a15798c731%3A0xd695d09bdd495f25!2s11%20E%2022nd%20St%20FL%202%2C%20New%20York%2C%20NY%2010010%2C%20USA!5e0!3m2!1sen!2spe!4v1726171763526!5m2!1sen!2spe\" width=\"600\" height=\"450\" allowfullscreen=\"allowfullscreen\" data-mce-fragment=\"1\"><\/iframe>\n\n\n\n<div class=\"wp-block-spacer\" aria-hidden=\"true\"><\/div>\n\n\n<h3><strong>11 E 22nd Street, \u00e9tage 2, New York, NY 10010 T\u00e9l. : +1(212) 505-6805<\/strong><\/h3>\n<h4><strong>Points forts de l&#039;emplacement\u00a0:<\/strong><\/h4>\n<ul>\n<li>Flatiron District \u00e0 Manhattan, \u00e0 quelques pas du b\u00e2timent historique Flatiron et \u00e0 proximit\u00e9 de Madison Square Park et d&#039;Union Square<\/li>\n<li>Id\u00e9alement situ\u00e9 au c\u0153ur de New York, une ville mondiale majeure et la plus grande ville des \u00c9tats-Unis<\/li>\n<li>Pratique pour de nombreuses options de transport<\/li>\n<li>Situ\u00e9 entre Broadway et Park Avenue sur la 22\u00e8me rue, \u00e0 c\u00f4t\u00e9 du \u00ab Key Bank \u00bb<\/li>\n<li>Train local R Broadway \u2013 Station 22\/23<\/li>\n<li>Train local 6 Eastside - 23e et station Park Ave<\/li>\n<li>Train local 1 Westside \u2013 Station 23e et 6e Avenue<\/li>\n<\/ul>\n\n\n<h3 class=\"wp-block-heading\"><strong>H\u00f4tels et restaurants \u00e0 proximit\u00e9 de nos installations<\/strong><\/h3>\n<strong>\n\n\n\n<\/strong>\n<h3 class=\"wp-block-heading\"><strong>H\u00f4tels:<\/strong><\/h3>\n\n\n\n<ol class=\"wp-block-list\">\n<li><strong><a href=\"https:\/\/www.editionhotels.com\/new-york\/\" target=\"_blank\" rel=\"noopener\">L&#039;\u00c9DITION DE NEW YORK<\/a><\/strong>\n<ul class=\"wp-block-list\">\n<li>Adresse : 5 Madison Ave, New York, NY 10010<\/li>\n\n\n\n<li>H\u00f4tel haut de gamme avec vue sur Madison Square Park, proposant un h\u00e9bergement de luxe.<\/li>\n<\/ul>\n<\/li>\n\n\n\n<li><strong><a href=\"https:\/\/www.freehandhotels.com\/new-york\/\" target=\"_blank\" rel=\"noopener\">New York \u00e0 main lev\u00e9e<\/a><\/strong>\n<ul class=\"wp-block-list\">\n<li>Adresse : 23 Lexington Ave, New York, NY 10010<\/li>\n\n\n\n<li>H\u00f4tel-boutique branch\u00e9 avec des int\u00e9rieurs cr\u00e9atifs, \u00e0 proximit\u00e9 du Flatiron Building.<\/li>\n<\/ul>\n<\/li>\n\n\n\n<li><a href=\"https:\/\/gramercy-park-hotel.hotels-innewyork.com\/en\/\" target=\"_blank\" rel=\"noopener\"><strong><span class=\"removed_link\" title=\"https:\/\/www.gramercyparkhotel.com\/\">H\u00f4tel Gramercy Park<\/span><\/strong><\/a>\n<ul class=\"wp-block-list\">\n<li>Adresse : 2 Lexington Ave, New York, NY 10010<\/li>\n\n\n\n<li>H\u00f4tel historique offrant un acc\u00e8s exclusif au parc priv\u00e9 Gramercy.<\/li>\n<\/ul>\n<\/li>\n\n\n\n<li><a href=\"https:\/\/www.stayaka.com\/hotel-aka-nomad\" target=\"_blank\" rel=\"noopener\"><strong><span class=\"removed_link\" title=\"https:\/\/www.thenomadhotel.com\/new-york\/\">L&#039;H\u00f4tel NoMad<\/span><\/strong><\/a>\n<ul class=\"wp-block-list\">\n<li>Adresse : 1170 Broadway, New York, NY 10001<\/li>\n\n\n\n<li>H\u00f4tel \u00e9l\u00e9gant alliant charme historique et luxe moderne.<\/li>\n<\/ul>\n<\/li>\n\n\n\n<li><strong><a href=\"https:\/\/www.lexhotelnyc.com\/\" target=\"_blank\" rel=\"noopener\">Le Lex NYC<\/a><\/strong>\n<ul class=\"wp-block-list\">\n<li>Adresse : 67 Lexington Ave, New York, NY 10010<\/li>\n\n\n\n<li>Option contemporaine et \u00e9conomique situ\u00e9e \u00e0 proximit\u00e9 de Madison Square Park.<\/li>\n<\/ul>\n<\/li>\n<\/ol>\n\n\n\n<h3 class=\"wp-block-heading\"><strong>Restaurants:<\/strong><\/h3>\n\n\n\n<ol class=\"wp-block-list\">\n\n<li><strong><a href=\"https:\/\/www.elevenmadisonpark.com\/\" target=\"_blank\" rel=\"noopener\">Onze Madison Park<\/a><\/strong>\n\n<ul class=\"wp-block-list\">\n\n<li>Adresse : 11 Madison Ave, New York, NY 10010<\/li>\n\n \n\n<li>Un restaurant gastronomique r\u00e9put\u00e9 proposant un menu d\u00e9gustation moderne et v\u00e9g\u00e9talien dans un cadre \u00e9l\u00e9gant et haut de gamme.<\/li>\n\n<\/ul>\n\n<\/li>\n\n \n\n<li><strong><a href=\"https:\/\/www.eataly.com\/us_en\/stores\/nyc-flatiron\" target=\"_blank\" rel=\"noopener\">Le restaurant Eataly de New York, Flatiron<\/a><\/strong>\n\n<ul class=\"wp-block-list\">\n\n<li>Adresse : 200 5th Ave, New York, NY 10010<\/li>\n\n \n\n<li>March\u00e9 italien comprenant plusieurs restaurants, comptoirs et caf\u00e9s proposant une vari\u00e9t\u00e9 de plats italiens frais.<\/li>\n\n<\/ul>\n\n<\/li>\n\n \n\n<li><strong><a href=\"https:\/\/www.cosmenyc.com\/\" target=\"_blank\" rel=\"noopener\">Cosm\u00e9<\/a><\/strong>\n\n<ul class=\"wp-block-list\">\n\n<li>Adresse : 35 E 21st St, New York, NY 10010<\/li>\n\n \n\n<li>Un restaurant mexicain moderne connu pour ses plats innovants et son ambiance dynamique.<\/li>\n\n<\/ul>\n\n<\/li>\n\n \n\n<li><strong><a href=\"https:\/\/thesmithrestaurant.com\/location\/nomad\/\" target=\"_blank\" rel=\"noopener\">Le forgeron<\/a><\/strong>\n\n<ul class=\"wp-block-list\">\n\n<li>Adresse : 1150 Broadway, New York, NY 10001<\/li>\n\n \n\n<li>Brasserie am\u00e9ricaine offrant une ambiance anim\u00e9e et une carte diversifi\u00e9e.<\/li>\n\n<\/ul>\n\n<\/li>\n\n \n\n<li><strong><a href=\"https:\/\/uplandnyc.com\/\" target=\"_blank\" rel=\"noopener\">Hautes terres<\/a><\/strong>\n\n<ul class=\"wp-block-list\">\n\n<li>Adresse : 345 Park Ave S, New York, NY 10010<\/li>\n\n \n\n<li>Un restaurant d&#039;inspiration californienne mettant l&#039;accent sur les ingr\u00e9dients frais et de saison<\/li>\n\n<\/ul>\n\n<\/li>\n\n<\/ol>\n<h2><strong>Qu&#039;est-ce qui fait du laboratoire de test de go\u00fbt de SIS International \u00e0 New York un \u00e9tablissement de premier ordre ?<\/strong><\/h2>\n<a href=\"https:\/\/www.linkedin.com\/company\/sisinternationalresearch\/\" target=\"_blank\" rel=\"noopener\"><span style=\"font-weight: 400;\">SIS International<\/span><\/a>Le laboratoire de test de go\u00fbt de New York est une destination de choix pour les entreprises \u00e0 la recherche d&#039;informations de pointe sur les consommateurs et d&#039;une expertise de recherche in\u00e9gal\u00e9e. Strat\u00e9giquement situ\u00e9 au c\u0153ur de la ville de New York, notre laboratoire offre les outils, l&#039;expertise et l&#039;environnement n\u00e9cessaires pour fournir des r\u00e9sultats exceptionnels aux marques de produits alimentaires et de boissons.\n<h4 style=\"padding-left: 40px;\"><strong>Emplacement privil\u00e9gi\u00e9 au c\u0153ur de New York<\/strong><\/h4>\n<p style=\"padding-left: 40px;\">New York est un melting-pot de cultures et de go\u00fbts, ce qui en fait un lieu id\u00e9al pour les d\u00e9gustations. La position centrale de notre laboratoire permet d&#039;acc\u00e9der \u00e0 une population diversifi\u00e9e, garantissant que vos recherches refl\u00e8tent les pr\u00e9f\u00e9rences d&#039;un public large et repr\u00e9sentatif.<\/p>\n<h4 style=\"padding-left: 40px;\"><strong>Des installations de recherche \u00e0 la pointe de la technologie<\/strong><\/h4>\n<p style=\"padding-left: 40px;\">Le laboratoire de test de go\u00fbt de New York est \u00e9quip\u00e9 d&#039;outils d&#039;analyse sensorielle avanc\u00e9s, d&#039;environnements contr\u00f4l\u00e9s et d&#039;une technologie moderne. Cela garantit que chaque aspect du processus de test de go\u00fbt est r\u00e9alis\u00e9 avec pr\u00e9cision et exactitude.<\/p>\n<h4 style=\"padding-left: 40px;\"><strong>Acc\u00e8s \u00e0 un bassin diversifi\u00e9 de participants<\/strong><\/h4>\n<p style=\"padding-left: 40px;\">La population de New York offre une opportunit\u00e9 unique de recueillir des informations provenant de groupes d&#039;\u00e2ge, d&#039;horizons culturels et de segments de consommateurs vari\u00e9s. Cette diversit\u00e9 renforce la fiabilit\u00e9 et la pertinence des r\u00e9sultats de vos tests de d\u00e9gustation.<\/p>\n<h4 style=\"padding-left: 40px;\"><strong>Solutions de test personnalisables<\/strong><\/h4>\n<p style=\"padding-left: 40px;\"><a href=\"https:\/\/twitter.com\/SISIntlResearch\" target=\"_blank\" rel=\"noopener\"><span style=\"font-weight: 400;\">SIS<\/span><\/a> comprend que chaque produit est unique. Notre laboratoire propose des options de test personnalisables, notamment des tests en aveugle, des tests s\u00e9quentiels et des \u00e9valuations monadiques, garantissant que votre recherche est adapt\u00e9e \u00e0 vos objectifs.<\/p>\n<h4 style=\"padding-left: 40px;\"><strong>Professionnels de la recherche exp\u00e9riment\u00e9s<\/strong><\/h4>\n<p style=\"padding-left: 40px;\">Our team of experts brings decades of <a class=\"wpil_keyword_link\" href=\"https:\/\/www.sisinternational.com\/fr\/competence\/cv-dexperience\/\" title=\"CV d&#039;exp\u00e9rience\" data-wpil-keyword-link=\"linked\" data-wpil-monitor-id=\"305\">exp\u00e9rience en \u00e9tudes de march\u00e9<\/a> to every project. From designing the study to analyzing results, SIS ensures your research benefits from industry-leading expertise.<\/p>\n<h4 style=\"padding-left: 40px;\"><strong>Plus de 40 ans d&#039;excellence prouv\u00e9e<\/strong><\/h4>\n<p style=\"padding-left: 40px;\">Avec plus de quatre d\u00e9cennies d&#039;exp\u00e9rience, SIS International est r\u00e9put\u00e9e pour fournir des informations exploitables aux marques mondiales. Notre laboratoire de test de go\u00fbt de New York refl\u00e8te cet engagement envers la qualit\u00e9 et la fiabilit\u00e9.<\/p>\n<h4 style=\"padding-left: 40px;\"><strong>Recherche abordable et de haute qualit\u00e9<\/strong><\/h4>\n<p style=\"padding-left: 40px;\">SIS s&#039;engage \u00e0 offrir des services de d\u00e9gustation haut de gamme \u00e0 des prix comp\u00e9titifs. Notre laboratoire offre une valeur exceptionnelle, le rendant accessible aussi bien aux startups qu&#039;aux entreprises \u00e9tablies.<\/p>\n<h4 style=\"padding-left: 40px;\"><strong>Des d\u00e9lais d&#039;ex\u00e9cution rapides pour des march\u00e9s comp\u00e9titifs<\/strong><\/h4>\n<p style=\"padding-left: 40px;\">Le temps est un facteur essentiel dans le secteur de l&#039;alimentation et des boissons. Notre laboratoire de test de go\u00fbt de New York garantit une ex\u00e9cution et des rapports rapides, vous permettant de prendre rapidement des d\u00e9cisions \u00e9clair\u00e9es.<\/p>\n<h4 style=\"padding-left: 40px;\"><strong>Des informations compl\u00e8tes au-del\u00e0 du go\u00fbt<\/strong><\/h4>\n<p style=\"padding-left: 40px;\">Nos recherches ne se limitent pas au go\u00fbt. Les capacit\u00e9s du laboratoire s&#039;\u00e9tendent au packaging, \u00e0 la strat\u00e9gie de marque et \u00e0 l&#039;attrait g\u00e9n\u00e9ral du produit, offrant ainsi une vue globale de l&#039;\u00e9tat de pr\u00e9paration de votre produit pour le march\u00e9.<\/p>\n<h4 style=\"padding-left: 40px;\"><strong>Collaboration pour un succ\u00e8s \u00e0 long terme<\/strong><\/h4>\n<p style=\"padding-left: 40px;\">Chez SIS, nous accordons la priorit\u00e9 \u00e0 votre r\u00e9ussite. Notre \u00e9quipe travaille en \u00e9troite collaboration avec votre entreprise pour garantir que la recherche correspond \u00e0 votre vision et fournit des recommandations concr\u00e8tes pour am\u00e9liorer votre offre de produits.<\/p>\n\n\n<h2><strong>\u00c0 propos de SIS International<\/strong><\/h2>\n<p><a href=\"https:\/\/www.sisinternational.com\/fr\/\"><span style=\"font-weight: 400;\">SIS International<\/span><\/a><span style=\"font-weight: 400;\"> propose des recherches quantitatives, qualitatives et strat\u00e9giques. Nous fournissons des donn\u00e9es, des outils, des strat\u00e9gies, des rapports et des informations pour la prise de d\u00e9cision. Nous menons \u00e9galement des entretiens, des enqu\u00eates, des groupes de discussion et d\u2019autres m\u00e9thodes et approches d\u2019\u00e9tudes de march\u00e9.<\/span><a href=\"https:\/\/www.sisinternational.com\/fr\/a-propos-de-la-recherche-internationale-sis\/contact-sis-international-market-research\/\"><span style=\"font-weight: 400;\"> Contactez nous<\/span><\/a><span style=\"font-weight: 400;\"> pour votre prochain projet d&#039;\u00e9tude de march\u00e9.<\/span><\/p>\n<hr \/>\n\n\n<p><\/p>","protected":false},"excerpt":{"rendered":"<p>Le NYC Taste Test Lab de SIS International est devenu un \u00e9tablissement de premier plan, offrant des informations sans pr\u00e9c\u00e9dent sur l&#039;industrie alimentaire et des boissons.<\/p>","protected":false},"author":1,"featured_media":71836,"parent":47794,"menu_order":12,"comment_status":"closed","ping_status":"closed","template":"","meta":{"footnotes":""},"class_list":["post-44256","page","type-page","status-publish","has-post-thumbnail"],"_links":{"self":[{"href":"https:\/\/www.sisinternational.com\/fr\/wp-json\/wp\/v2\/pages\/44256","targetHints":{"allow":["GET"]}}],"collection":[{"href":"https:\/\/www.sisinternational.com\/fr\/wp-json\/wp\/v2\/pages"}],"about":[{"href":"https:\/\/www.sisinternational.com\/fr\/wp-json\/wp\/v2\/types\/page"}],"author":[{"embeddable":true,"href":"https:\/\/www.sisinternational.com\/fr\/wp-json\/wp\/v2\/users\/1"}],"replies":[{"embeddable":true,"href":"https:\/\/www.sisinternational.com\/fr\/wp-json\/wp\/v2\/comments?post=44256"}],"version-history":[{"count":9,"href":"https:\/\/www.sisinternational.com\/fr\/wp-json\/wp\/v2\/pages\/44256\/revisions"}],"predecessor-version":[{"id":76154,"href":"https:\/\/www.sisinternational.com\/fr\/wp-json\/wp\/v2\/pages\/44256\/revisions\/76154"}],"up":[{"embeddable":true,"href":"https:\/\/www.sisinternational.com\/fr\/wp-json\/wp\/v2\/pages\/47794"}],"wp:featuredmedia":[{"embeddable":true,"href":"https:\/\/www.sisinternational.com\/fr\/wp-json\/wp\/v2\/media\/71836"}],"wp:attachment":[{"href":"https:\/\/www.sisinternational.com\/fr\/wp-json\/wp\/v2\/media?parent=44256"}],"curies":[{"name":"wp","href":"https:\/\/api.w.org\/{rel}","templated":true}]}}