{"id":44096,"date":"2023-11-06T16:05:57","date_gmt":"2023-11-06T21:05:57","guid":{"rendered":"https:\/\/www.sisinternational.com\/?page_id=44096"},"modified":"2026-01-25T17:42:33","modified_gmt":"2026-01-25T22:42:33","slug":"etude-de-marche-des-decideurs-dentreprise","status":"publish","type":"page","link":"https:\/\/www.sisinternational.com\/fr\/competence\/etude-de-marche-des-decideurs-dentreprise\/","title":{"rendered":"\u00c9tude de march\u00e9 des d\u00e9cideurs commerciaux"},"content":{"rendered":"<h1 class=\"wp-block-heading\">\u00c9tude de march\u00e9 des d\u00e9cideurs commerciaux<\/h1>\n\n\n\n<figure class=\"gb-block-image gb-block-image-cac50057\"><img loading=\"lazy\" decoding=\"async\" width=\"1456\" height=\"816\" class=\"gb-image gb-image-cac50057\" src=\"https:\/\/www.sisinternational.com\/wp-content\/uploads\/2025\/08\/Business-40.jpg\" alt=\"\u00c9tudes de march\u00e9 et strat\u00e9gie internationales SIS\" title=\"Business (40)\" srcset=\"https:\/\/www.sisinternational.com\/wp-content\/uploads\/2025\/08\/Business-40.jpg 1456w, https:\/\/www.sisinternational.com\/wp-content\/uploads\/2025\/08\/Business-40-300x168.jpg 300w, https:\/\/www.sisinternational.com\/wp-content\/uploads\/2025\/08\/Business-40-1024x574.jpg 1024w, https:\/\/www.sisinternational.com\/wp-content\/uploads\/2025\/08\/Business-40-768x430.jpg 768w, https:\/\/www.sisinternational.com\/wp-content\/uploads\/2025\/08\/Business-40-18x10.jpg 18w\" sizes=\"auto, (max-width: 1456px) 100vw, 1456px\"><\/figure>\n\n\n\n<p><\/p>\n\n\n\n<p>Dans le monde financier dynamique, comment les entreprises peuvent-elles obtenir un aper\u00e7u v\u00e9ritable et approfondi de l\u2019esprit des principaux d\u00e9cideurs de ces grandes entreprises ? Le besoin de telles connaissances est plus crucial que jamais \u2013 et SIS International, fort de sa riche exp\u00e9rience de plus de 40 ans, a mis en place une approche unique et efficace pour p\u00e9n\u00e9trer ce cercle insaisissable. Qu&#039;est-ce qui rend l&#039;approche du SIS si efficace ?<\/p>\n\n\n\n<h2 class=\"wp-block-heading\">L&#039;h\u00e9ritage du SIS<\/h2>\n\n\n\n<p>Au cours de quatre d\u00e9cennies, SIS a \u00e9t\u00e9 un participant actif et un influenceur dans le domaine en \u00e9volution des \u00e9tudes de march\u00e9. Ce parcours de 40 ans n&#039;est pas seulement un chiffre, mais un t\u00e9moignage de la confiance que les entreprises ont plac\u00e9e dans SIS et des r\u00e9sultats tangibles que nous avons obtenus en retour.<\/p>\n\n\n\n<p>Nous avons compris l&#039;importance de la pr\u00e9cision dans la compr\u00e9hension de la dynamique du march\u00e9 et reconnu que l&#039;essentiel de toute d\u00e9cision commerciale r\u00e9side dans la compr\u00e9hension du paysage complexe du march\u00e9 et des d\u00e9cideurs qui le tissent. Au fil des ann\u00e9es, SIS a continuellement affin\u00e9 ses m\u00e9thodologies, s&#039;est tenu au courant des avanc\u00e9es technologiques et, surtout, a \u00e9cout\u00e9 le march\u00e9 et ses \u00e9volutions.<\/p>\n\n\n\n<h2 class=\"wp-block-heading\">Le pouvoir de l&#039;acc\u00e8s<\/h2>\n\n\n\n<p>Le pouvoir d\u2019informations pr\u00e9cises et actuelles ne peut \u00eatre surestim\u00e9 \u2013 et c\u2019est l\u00e0 que le SIS brille vraiment, avec son acc\u00e8s sans pr\u00e9c\u00e9dent aux r\u00e9pondants.<\/p>\n\n\n\n<p>La force de toute \u00e9tude de march\u00e9 r\u00e9side dans la qualit\u00e9 des r\u00e9pondants. Le vaste r\u00e9seau de SIS, construit et entretenu au fil des d\u00e9cennies, garantit que les entreprises obtiennent des informations non seulement aupr\u00e8s de n&#039;importe quel r\u00e9pondant, mais aussi aupr\u00e8s des bonnes personnes (ceux qui comptent, ceux qui influencent et ceux qui d\u00e9cident).<\/p>\n\n\n\n<p>Par cons\u00e9quent, nous pouvons faire appel \u00e0 l\u2019esprit d\u2019experts en services financiers et d\u2019individus qui prennent le pouls du secteur \u2013 et pour une entreprise, cette information est inestimable.<\/p>\n\n\n\n<h2 class=\"wp-block-heading\">D\u00e9couvrir des informations approfondies sur les \u00e9tudes de march\u00e9 des d\u00e9cideurs commerciaux<\/h2>\n\n\n\n<figure class=\"gb-block-image gb-block-image-1d8abd0d\"><img loading=\"lazy\" decoding=\"async\" width=\"1456\" height=\"816\" class=\"gb-image gb-image-1d8abd0d\" src=\"https:\/\/www.sisinternational.com\/wp-content\/uploads\/2025\/08\/Business-37.jpg\" alt=\"\u00c9tudes de march\u00e9 et strat\u00e9gie internationales SIS\" title=\"Business (37)\" srcset=\"https:\/\/www.sisinternational.com\/wp-content\/uploads\/2025\/08\/Business-37.jpg 1456w, https:\/\/www.sisinternational.com\/wp-content\/uploads\/2025\/08\/Business-37-300x168.jpg 300w, https:\/\/www.sisinternational.com\/wp-content\/uploads\/2025\/08\/Business-37-1024x574.jpg 1024w, https:\/\/www.sisinternational.com\/wp-content\/uploads\/2025\/08\/Business-37-768x430.jpg 768w, https:\/\/www.sisinternational.com\/wp-content\/uploads\/2025\/08\/Business-37-18x10.jpg 18w\" sizes=\"auto, (max-width: 1456px) 100vw, 1456px\"><\/figure>\n\n\n\n<p><\/p>\n\n\n\n<p>To unravel the intricate web of thought processes, motivations, and <a href=\"https:\/\/www.sisinternational.com\/fr\/comment-developper-votre-entreprise\/\" title=\"Comment d\u00e9velopper votre entreprise\"  data-wpil-monitor-id=\"1970\">strategies of business<\/a> decision-makers, at SIS, we must be adaptive and innovative in our research methods. Here&#8217;s a comprehensive guide to achieving just that:<\/p>\n\n\n\n<p><strong>Cultiver l\u2019acc\u00e8s aux r\u00e9pondants\u00a0:<\/strong> Le premier obstacle \u00e0 franchir est d\u2019\u00e9tablir une connexion. Les entreprises, surtout celles au sommet, sont inond\u00e9es d\u2019invitations. Pour cette raison, il est crucial de se d\u00e9marquer en utilisant des bases de donn\u00e9es, des r\u00e9seaux et des plateformes modernes du secteur pour identifier et atteindre les r\u00e9pondants potentiels.<\/p>\n\n\n\n<p><strong>\u00c9tablir la cr\u00e9dibilit\u00e9\u00a0:<\/strong> Interagissez avec eux via des services \u00e0 valeur ajout\u00e9e tels que des livres blancs ou en organisant des webinaires sp\u00e9cifiques \u00e0 un secteur pour cr\u00e9er une relation bas\u00e9e sur le respect mutuel et la valeur.<\/p>\n\n\n\n<p><strong>Assurer la qualit\u00e9 des r\u00e9pondants\u00a0:<\/strong> Ce n&#039;est pas seulement \u00e0 qui vous parlez, mais aussi la profondeur et la pertinence de leur exp\u00e9rience qui compte. Il est donc essentiel de donner la priorit\u00e9 aux r\u00e9pondants qui ont fait leurs preuves en mati\u00e8re de prise de d\u00e9cision.<\/p>\n\n\n\n<p><strong>Fusionner la recherche qualitative et quantitative\u00a0:<\/strong> Ces deux techniques de recherche offrent une vue panoramique des points de vue des d\u00e9cideurs et des facteurs permettant de prendre des d\u00e9cisions strat\u00e9giques. Par exemple, les informations qualitatives se concentrent sur les entretiens, les groupes de discussion et les enqu\u00eates ouvertes pour d\u00e9couvrir le \u00ab\u00a0pourquoi\u00a0\u00bb derri\u00e8re les d\u00e9cisions, r\u00e9v\u00e9lant les motivations, les d\u00e9fis et les perceptions. D\u2019un autre c\u00f4t\u00e9, les mesures quantitatives se concentrent sur les enqu\u00eates, l\u2019analyse des donn\u00e9es et les \u00e9valuations des tendances pour aider \u00e0 quantifier ces informations, fournissant ainsi une \u00e9chelle de profondeur.<\/p>\n\n\n\n<p><strong>Compr\u00e9hension contextuelle par l&#039;immersion\u00a0:<\/strong> En passant du temps \u00e0 suivre les d\u00e9cideurs dans leur r\u00f4le quotidien, les chercheurs peuvent avoir un aper\u00e7u direct des d\u00e9fis et des opportunit\u00e9s qu\u2019ils rencontrent. Cela peut fonctionner en engageant les dirigeants dans des ateliers ax\u00e9s sur des sc\u00e9narios du monde r\u00e9el. L\u2019exp\u00e9rience pratique peut donner lieu \u00e0 une compr\u00e9hension nuanc\u00e9e de leurs processus d\u00e9cisionnels.<\/p>\n\n\n\n<p><strong>S&#039;engager via des services \u00e0 valeur ajout\u00e9e\u00a0:<\/strong> Se positionner en tant que leader d&#039;opinion en publiant des livres blancs approfondis sur les tendances et les d\u00e9fis du secteur peut attirer l&#039;attention des principaux d\u00e9cideurs et stimuler l&#039;engagement. De m\u00eame, l\u2019organisation ou la participation \u00e0 des \u00e9v\u00e9nements sp\u00e9cifiques \u00e0 l\u2019industrie fournit une plate-forme d\u2019interaction directe avec le public cible et favorise l\u2019\u00e9tablissement de relations.<\/p>\n\n\n\n<p><strong>Efficacit\u00e9 de l&#039;engagement\u00a0:<\/strong> En reconnaissant que les hauts dirigeants ont une disponibilit\u00e9 limit\u00e9e, veillez \u00e0 ce que tous les engagements soient concis, bien structur\u00e9s et fournissent un maximum d&#039;informations en un minimum de temps.<\/p>\n\n\n\n<p><strong>Exploiter des r\u00e9seaux et des consultants externes\u00a0:<\/strong> De nombreuses grandes entreprises font appel \u00e0 des consultants externes pour obtenir des informations strat\u00e9giques. S&#039;associer ou s&#039;engager avec ces consultants peut offrir un aper\u00e7u indirect de la philosophie d\u00e9cisionnelle de ces entreprises.<\/p>\n\n\n\n<h2 class=\"wp-block-heading\">Au-del\u00e0 des chiffres\u00a0: qualit\u00e9 de l\u2019analyse et du reporting avec les \u00e9tudes de march\u00e9 des d\u00e9cideurs commerciaux<\/h2>\n\n\n\n<figure class=\"gb-block-image gb-block-image-99918051\"><img loading=\"lazy\" decoding=\"async\" width=\"1456\" height=\"816\" class=\"gb-image gb-image-99918051\" src=\"https:\/\/www.sisinternational.com\/wp-content\/uploads\/2025\/08\/Business-25.jpg\" alt=\"\u00c9tudes de march\u00e9 et strat\u00e9gie internationales SIS\" title=\"Business (25)\" srcset=\"https:\/\/www.sisinternational.com\/wp-content\/uploads\/2025\/08\/Business-25.jpg 1456w, https:\/\/www.sisinternational.com\/wp-content\/uploads\/2025\/08\/Business-25-300x168.jpg 300w, https:\/\/www.sisinternational.com\/wp-content\/uploads\/2025\/08\/Business-25-1024x574.jpg 1024w, https:\/\/www.sisinternational.com\/wp-content\/uploads\/2025\/08\/Business-25-768x430.jpg 768w, https:\/\/www.sisinternational.com\/wp-content\/uploads\/2025\/08\/Business-25-18x10.jpg 18w\" sizes=\"auto, (max-width: 1456px) 100vw, 1456px\"><\/figure>\n\n\n\n<p><\/p>\n\n\n\n<p>L&#039;expertise de SIS ne r\u00e9side pas seulement dans la collecte de donn\u00e9es mais dans la qualit\u00e9 m\u00e9ticuleuse de ses analyses et de ses rapports. Il s\u2019agit d\u2019une diff\u00e9renciation essentielle car les donn\u00e9es sans informations ne sont que du bruit.<\/p>\n\n\n\n<p>Au fil des ann\u00e9es, SIS a perfectionn\u00e9 ses m\u00e9thodologies analytiques, fusionnant les techniques traditionnelles avec des algorithmes et des outils modernes. Cette double approche garantit que m\u00eame si les racines restent ancr\u00e9es dans des m\u00e9thodologies test\u00e9es, les branches s&#039;\u00e9tendent dans le domaine de la science des donn\u00e9es contemporaine. Le r\u00e9sultat? Des analyses \u00e0 la fois profondes et larges.<\/p>\n\n\n\n<p>D\u00e9sormais, la valeur des donn\u00e9es ne r\u00e9side pas seulement dans leur profondeur, mais aussi dans leur pr\u00e9sentation. Les m\u00e9canismes de reporting de SIS sont con\u00e7us pour r\u00e9pondre aux besoins des hauts dirigeants, de ceux qui regardent au-del\u00e0 du superficiel et recherchent la compr\u00e9hension \u2013 et \u00e0 une \u00e9poque o\u00f9 l&#039;efficacit\u00e9 est valoris\u00e9e, SIS offre bien plus que de simples rapports. Leurs services \u00e0 valeur ajout\u00e9e, comme des livres blancs m\u00e9ticuleusement \u00e9labor\u00e9s, servent de mines d\u2019or de connaissances, offrant aux entreprises une sagesse distill\u00e9e et des informations exploitables.<\/p>\n\n\n\n<p><strong>Adapter la recherche qualitative et quantitative\u00a0:<\/strong> At SIS, we harness both qualitative and quantitative research methods, recognizing that each offers unique advantages. <a class=\"wpil_keyword_link\" href=\"https:\/\/www.sisinternational.com\/fr\/recherche-qualitative-pour-ameliorer-lexperience-client\/\"   title=\"Recherche qualitative pour am\u00e9liorer l&#039;exp\u00e9rience client\" data-wpil-keyword-link=\"linked\"  data-wpil-monitor-id=\"648\">Recherche qualitative<\/a> lets us dive deep into individual experiences and stories, giving color and context to the numbers. On the other hand, quantitative research allows us to gather statistically significant findings.<\/p>\n\n\n\n<p><strong>Services \u00e0 valeur ajout\u00e9e pour une meilleure compr\u00e9hension\u00a0:<\/strong> Beyond our standard reporting, SIS offers value-added services like white papers, which dive deep into specific topics of interest. These papers, backed by rigorous research and insights, serve as a resource for <a href=\"https:\/\/www.sisinternational.com\/fr\/leffet-des-cultures-de-marche-nigerianes-sur-les-affaires\/\" title=\"Le march\u00e9 nig\u00e9rian\u00a0: l&#039;effet de la culture sur les affaires\"  data-wpil-monitor-id=\"4374\">businesses to understand market<\/a> phenomena in-depth, offering both current relevance and long-term value.<\/p>\n\n\n\n<h2 class=\"wp-block-heading\">Quelles sont les m\u00e9thodes d\u2019\u00e9tude de march\u00e9 qui fonctionnent bien avec les \u00e9tudes de march\u00e9 des d\u00e9cideurs commerciaux ?<\/h2>\n\n\n\n<p>Lorsqu\u2019il s\u2019agit de cibler des d\u00e9cideurs commerciaux, les m\u00e9thodes traditionnelles d\u2019\u00e9tudes de march\u00e9 peuvent ne pas suffire. Ces dirigeants ont besoin d\u2019informations bas\u00e9es sur des donn\u00e9es et d\u2019analyses d\u00e9taill\u00e9es pour \u00e9clairer leurs d\u00e9cisions \u2013 et certaines m\u00e9thodes d\u2019\u00e9tudes de march\u00e9 sp\u00e9cialis\u00e9es se sont r\u00e9v\u00e9l\u00e9es efficaces, telles que\u00a0:<\/p>\n\n\n\n<p><strong><a class=\"wpil_keyword_link\" href=\"https:\/\/www.sisinternational.com\/fr\/how-to-conduct-in-depth-interviews-for-market-insights\/\"   title=\"Comment mener des entretiens approfondis pour obtenir des informations sur le march\u00e9\" data-wpil-keyword-link=\"linked\"  data-wpil-monitor-id=\"649\">Entretiens approfondis<\/a> with C-Level Executives:<\/strong> Ces entretiens individuels avec des cadres sup\u00e9rieurs fournissent des informations riches sur leurs processus de pens\u00e9e, leurs appr\u00e9hensions et leurs inclinations. Ces types d&#039;entretiens aident les chercheurs \u00e0 comprendre les perceptions et les points de vue nuanc\u00e9s des principaux dirigeants mondiaux. Panels d&#039;experts\u00a0: des panels compos\u00e9s d&#039;experts de divers secteurs peuvent offrir des informations inestimables du point de vue de l&#039;industrie. Leur exp\u00e9rience cumul\u00e9e offre une vision compl\u00e8te des tendances et de la dynamique du march\u00e9. Ils visent \u00e0 \u00e9valuer le sentiment g\u00e9n\u00e9ral du secteur et \u00e0 identifier les tendances \u00e9volutives qui peuvent influencer la d\u00e9cision d&#039;une entreprise de devenir publique sur une plateforme particuli\u00e8re.<\/p>\n\n\n\n<p><strong>Enqu\u00eates quantitatives\u00a0:<\/strong> Il s&#039;agit de questionnaires structur\u00e9s con\u00e7us pour obtenir des informations sp\u00e9cifiques. En garantissant la qualit\u00e9 des r\u00e9pondants, ces enqu\u00eates peuvent recueillir des donn\u00e9es sur les pr\u00e9f\u00e9rences, les probl\u00e8mes et les tendances.<\/p>\n\n\n\n<p><strong>Groupes de discussion:<\/strong> Une discussion mod\u00e9r\u00e9e avec un groupe de d\u00e9cideurs peut fournir des informations et des commentaires collectifs sur des sujets sp\u00e9cifiques afin de recueillir des informations qualitatives approfondies.<\/p>\n\n\n\n<p><strong>\u00c9tudes ethnographiques\u00a0:<\/strong> Cette m\u00e9thode de recherche qualitative consiste \u00e0 observer les d\u00e9cideurs dans leur environnement naturel, \u00e0 rendre compte de leurs interactions quotidiennes, de leurs processus de prise de d\u00e9cision et des facteurs qui les influencent. Il permet aux chercheurs de march\u00e9 de d\u00e9couvrir les facteurs et points sensibles subtils, souvent inaper\u00e7us, qui influencent les pr\u00e9f\u00e9rences des d\u00e9cideurs.<\/p>\n\n\n\n<h3 class=\"wp-block-heading\">Donner du pouvoir aux d\u00e9cideurs<\/h3>\n\n\n\n<p>\u00c0 la base, notre service \u00e0 valeur ajout\u00e9e vise \u00e0 responsabiliser les d\u00e9cideurs commerciaux. En fournissant des informations compl\u00e8tes, des strat\u00e9gies concr\u00e8tes et des connaissances approfondies, nous veillons \u00e0 ce que les entreprises soient \u00e9quip\u00e9es pour prendre des d\u00e9cisions \u00e9clair\u00e9es, que ce soit dans le contexte d&#039;une introduction en bourse, de l&#039;expansion de leurs op\u00e9rations ou de l&#039;exploration de nouvelles avenues.<\/p>\n\n\n\n<p>Nos rapports se concentrent sur des repr\u00e9sentations visuelles, des formats faciles \u00e0 dig\u00e9rer et des recommandations claires, garantissant que les entreprises peuvent agir rapidement sur les informations fournies.<\/p>\n\n\n\n<h2 class=\"wp-block-heading\">Le r\u00f4le des incitations pour impliquer les d\u00e9cideurs<\/h2>\n\n\n\n<figure class=\"gb-block-image gb-block-image-0f827210\"><img loading=\"lazy\" decoding=\"async\" width=\"1456\" height=\"816\" class=\"gb-image gb-image-0f827210\" src=\"https:\/\/www.sisinternational.com\/wp-content\/uploads\/2025\/08\/Business-17.jpg\" alt=\"\u00c9tudes de march\u00e9 et strat\u00e9gie internationales SIS\" title=\"Business (17)\" srcset=\"https:\/\/www.sisinternational.com\/wp-content\/uploads\/2025\/08\/Business-17.jpg 1456w, https:\/\/www.sisinternational.com\/wp-content\/uploads\/2025\/08\/Business-17-300x168.jpg 300w, https:\/\/www.sisinternational.com\/wp-content\/uploads\/2025\/08\/Business-17-1024x574.jpg 1024w, https:\/\/www.sisinternational.com\/wp-content\/uploads\/2025\/08\/Business-17-768x430.jpg 768w, https:\/\/www.sisinternational.com\/wp-content\/uploads\/2025\/08\/Business-17-18x10.jpg 18w\" sizes=\"auto, (max-width: 1456px) 100vw, 1456px\"><\/figure>\n\n\n\n<p><\/p>\n\n\n\n<p>What persuades <a href=\"https:\/\/www.sisinternational.com\/fr\/resilience-des-entreprises-coronavirus\/\" title=\"\u00c9tude de march\u00e9 sur la r\u00e9silience des entreprises dans le Covid\"  data-wpil-monitor-id=\"3632\">business<\/a> leaders to share their insights and contribute to market research? At SIS, the answer lies in the use of incentives\u2014a nuanced strategy designed not just to attract, but to meaningfully engage with decision-makers. Let&#8217;s delve into the role of incentives in capturing the valuable time and attention of these pivotal players in the financial arena.<\/p>\n\n\n\n<p><strong>Comprendre la valeur du temps pour les d\u00e9cideurs\u00a0:<\/strong> Chez SIS, nous commen\u00e7ons par une question fondamentale : quelle est la valeur du temps d&#039;un d\u00e9cideur ? Consciente que ces personnes sont souvent inond\u00e9es de demandes d&#039;attention, SIS adapte les incitations pour qu&#039;elles soient non seulement attrayantes, mais \u00e9galement respectueuses de leur temps. Qu&#039;il s&#039;agisse d&#039;un acc\u00e8s exclusif \u00e0 des rapports industriels ou d&#039;une r\u00e9mun\u00e9ration financi\u00e8re directe, les incitations sont soigneusement calibr\u00e9es pour refl\u00e9ter la stature et les int\u00e9r\u00eats des r\u00e9pondants.<\/p>\n\n\n\n<p><strong>La psychologie derri\u00e8re les incitations et leur efficacit\u00e9\u00a0:<\/strong> Les incitations fonctionnent sur le principe de r\u00e9ciprocit\u00e9, un d\u00e9clencheur psychologique qui encourage les individus \u00e0 r\u00e9agir lorsque quelque chose de valeur leur est propos\u00e9. SIS utilise ce principe, offrant des incitations qui non seulement reconnaissent la valeur des id\u00e9es des d\u00e9cideurs, mais cr\u00e9ent \u00e9galement un sentiment de partenariat et de collaboration.<\/p>\n\n\n\n<p><strong>\u00c9tablissez des relations solides\u00a0:<\/strong> L&#039;approche du SIS en mati\u00e8re d&#039;incitations va au-del\u00e0 des simples interactions transactionnelles ; il favorise la relation avec ces acteurs cl\u00e9s du secteur financier. En alignant les incitations sur les valeurs personnelles et professionnelles des chefs d&#039;entreprise, SIS garantit un taux d&#039;engagement plus \u00e9lev\u00e9, enrichissant ainsi la qualit\u00e9 des r\u00e9pondants et des donn\u00e9es qui en r\u00e9sultent.<\/p>\n\n\n\n<p><strong>Papiers blanc:<\/strong> Establishing <a class=\"wpil_keyword_link\" href=\"https:\/\/www.sisinternational.com\/fr\/categorie\/leadership-eclaire\/\"   title=\"Leadership\" data-wpil-keyword-link=\"linked\"  data-wpil-monitor-id=\"650\">Leadership<\/a> and Engaging Decision-Makers: White papers are a cornerstone in the repertoire of strategies used by SIS to engage with business decision-makers. It addresses complex issues and presents a persuasive argument or solution. For SIS, these documents are not just reports; they are a platform to showcase deep expertise in financial services and to offer insights gleaned from qualitative and quantitative research.<\/p>\n\n\n\n<p><strong>L\u2019emploi strat\u00e9gique de recruteurs seniors exp\u00e9riment\u00e9s\u00a0:<\/strong> SIS d\u00e9ploie ses recruteurs exp\u00e9riment\u00e9s pour trouver et interagir avec des d\u00e9cideurs commerciaux de classe mondiale. Ces personnes ne sont pas de simples recruteurs ; ce sont eux qui transmettent les connaissances de l\u2019industrie. Les recruteurs seniors exp\u00e9riment\u00e9s de SIS poss\u00e8dent une compr\u00e9hension approfondie du secteur des services financiers. Leur expertise ne consiste pas seulement \u00e0 identifier des r\u00e9pondants potentiels, mais aussi \u00e0 reconna\u00eetre la qualit\u00e9 des r\u00e9pondants qui offriront les informations les plus pr\u00e9cieuses pour la recherche qualitative et quantitative.<\/p>\n\n\n\n<p>En conclusion, l&#039;utilisation strat\u00e9gique des incitations chez SIS n&#039;est pas simplement une approche transactionnelle, mais une passerelle vers l&#039;\u00e9tablissement de relations substantielles avec les d\u00e9cideurs commerciaux. En valorisant le temps et l&#039;expertise des r\u00e9pondants gr\u00e2ce \u00e0 des incitations soigneusement choisies, SIS recueille non seulement des informations exploitables de haute qualit\u00e9, mais renforce \u00e9galement le respect et les avantages mutuels qui sous-tendent ces engagements cruciaux.<\/p>","protected":false},"excerpt":{"rendered":"<p>Au cours de quatre d\u00e9cennies, SIS a \u00e9t\u00e9 un participant actif et un influenceur dans le domaine en \u00e9volution des \u00e9tudes de march\u00e9 sur les d\u00e9cisions commerciales.<\/p>","protected":false},"author":1,"featured_media":62796,"parent":14514,"menu_order":405,"comment_status":"closed","ping_status":"closed","template":"","meta":{"footnotes":""},"class_list":["post-44096","page","type-page","status-publish","has-post-thumbnail"],"_links":{"self":[{"href":"https:\/\/www.sisinternational.com\/fr\/wp-json\/wp\/v2\/pages\/44096","targetHints":{"allow":["GET"]}}],"collection":[{"href":"https:\/\/www.sisinternational.com\/fr\/wp-json\/wp\/v2\/pages"}],"about":[{"href":"https:\/\/www.sisinternational.com\/fr\/wp-json\/wp\/v2\/types\/page"}],"author":[{"embeddable":true,"href":"https:\/\/www.sisinternational.com\/fr\/wp-json\/wp\/v2\/users\/1"}],"replies":[{"embeddable":true,"href":"https:\/\/www.sisinternational.com\/fr\/wp-json\/wp\/v2\/comments?post=44096"}],"version-history":[{"count":7,"href":"https:\/\/www.sisinternational.com\/fr\/wp-json\/wp\/v2\/pages\/44096\/revisions"}],"predecessor-version":[{"id":78422,"href":"https:\/\/www.sisinternational.com\/fr\/wp-json\/wp\/v2\/pages\/44096\/revisions\/78422"}],"up":[{"embeddable":true,"href":"https:\/\/www.sisinternational.com\/fr\/wp-json\/wp\/v2\/pages\/14514"}],"wp:featuredmedia":[{"embeddable":true,"href":"https:\/\/www.sisinternational.com\/fr\/wp-json\/wp\/v2\/media\/62796"}],"wp:attachment":[{"href":"https:\/\/www.sisinternational.com\/fr\/wp-json\/wp\/v2\/media?parent=44096"}],"curies":[{"name":"wp","href":"https:\/\/api.w.org\/{rel}","templated":true}]}}