{"id":44093,"date":"2023-11-06T15:51:27","date_gmt":"2023-11-06T20:51:27","guid":{"rendered":"https:\/\/www.sisinternational.com\/?page_id=44093"},"modified":"2026-01-25T19:32:48","modified_gmt":"2026-01-26T00:32:48","slug":"recherche-de-produits","status":"publish","type":"page","link":"https:\/\/www.sisinternational.com\/fr\/competence\/recherche-de-produits\/","title":{"rendered":"Recherche de produits"},"content":{"rendered":"<h1 class=\"wp-block-heading\">Recherche de produits<\/h1>\n\n\n\n<figure class=\"gb-block-image gb-block-image-cfa3e06c\"><img loading=\"lazy\" decoding=\"async\" width=\"1456\" height=\"816\" class=\"gb-image gb-image-cfa3e06c\" src=\"https:\/\/www.sisinternational.com\/wp-content\/uploads\/2025\/09\/Beauty-product-1.jpg\" alt=\"\u00c9tudes de march\u00e9 et strat\u00e9gie internationales SIS\" title=\"Beauty product (1)\" srcset=\"https:\/\/www.sisinternational.com\/wp-content\/uploads\/2025\/09\/Beauty-product-1.jpg 1456w, https:\/\/www.sisinternational.com\/wp-content\/uploads\/2025\/09\/Beauty-product-1-300x168.jpg 300w, https:\/\/www.sisinternational.com\/wp-content\/uploads\/2025\/09\/Beauty-product-1-1024x574.jpg 1024w, https:\/\/www.sisinternational.com\/wp-content\/uploads\/2025\/09\/Beauty-product-1-768x430.jpg 768w, https:\/\/www.sisinternational.com\/wp-content\/uploads\/2025\/09\/Beauty-product-1-18x10.jpg 18w\" sizes=\"auto, (max-width: 1456px) 100vw, 1456px\"><\/figure>\n\n\n\n<p><\/p>\n\n\n\n<p>Comment les entreprises d\u00e9cident-elles des caract\u00e9ristiques d\u2019un nouveau produit et comment d\u00e9terminent-elles la demande potentielle du march\u00e9 ? La recherche de produits est un outil cl\u00e9 pour r\u00e9pondre \u00e0 ces questions. C&#039;est l&#039;\u00e9pine dorsale de tout lancement de produit r\u00e9ussi, agissant comme une \u00e9toile directrice pour les entreprises, les aidant \u00e0 s&#039;adapter aux besoins, pr\u00e9f\u00e9rences et dynamiques du march\u00e9 en constante \u00e9volution des consommateurs.<\/p>\n\n\n\n<h2 class=\"wp-block-heading\">Pourquoi c&#039;est important?<\/h2>\n\n\n\n<p>Lorsque les entreprises effectuent des recherches sur des produits, elles se mettent essentiellement \u00e0 la place du consommateur, voient le monde de son point de vue et cr\u00e9ent des produits qui r\u00e9pondent \u00e0 ses besoins.<\/p>\n\n\n\n<p>Il r\u00e9duit le risque associ\u00e9 aux lancements de produits en donnant aux entreprises une image claire de ce que demande le march\u00e9. Cette information aide \u00e0 optimiser les ressources, garantissant que le produit s&#039;aligne parfaitement avec les demandes du march\u00e9. De plus, la recherche aide les entreprises \u00e0 se diff\u00e9rencier de leurs concurrents, en r\u00e9pondant aux besoins des consommateurs et en leur offrant quelque chose d&#039;unique, leur donnant un avantage concurrentiel.<\/p>\n\n\n\n<h3 class=\"wp-block-heading\">Avantages que la recherche de produits apporte aux entreprises\u00a0:<\/h3>\n\n\n\n<p><strong>Rapport co\u00fbt-efficacit\u00e9:<\/strong> Les erreurs dans le processus de d\u00e9veloppement de produits peuvent \u00eatre co\u00fbteuses. La recherche sur les produits facilite l&#039;identification pr\u00e9coce des probl\u00e8mes potentiels, permettant aux entreprises de les r\u00e9soudre avant qu&#039;ils ne deviennent des probl\u00e8mes majeurs. Cela permet non seulement de gagner du temps, mais r\u00e9duit \u00e9galement le gaspillage de ressources.<\/p>\n\n\n\n<p><strong>Satisfaction client am\u00e9lior\u00e9e\u00a0:<\/strong> En comprenant les besoins et les pr\u00e9f\u00e9rences du public cible, les entreprises peuvent d\u00e9velopper des produits adapt\u00e9s pour r\u00e9pondre \u00e0 ces besoins sp\u00e9cifiques. Cela conduit invariablement \u00e0 des niveaux de satisfaction client plus \u00e9lev\u00e9s, favorisant la fid\u00e9lit\u00e9 et g\u00e9n\u00e9rant des achats r\u00e9p\u00e9t\u00e9s.<\/p>\n\n\n\n<p><strong>Att\u00e9nuation des risques:<\/strong> Launching a new product always comes with its share of risks. However, thorough <a href=\"https:\/\/www.sisinternational.com\/fr\/couverture\/etude-de-marche-en-asie\/etude-de-marche-a-taiwan\/\" title=\"\u00c9tude de march\u00e9 \u00e0 Ta\u00efwan\"  data-wpil-monitor-id=\"5647\">research can help in predicting market<\/a> responses, thereby minimizing the chances of product failure.<\/p>\n\n\n\n<p><strong>Avantage strat\u00e9gique\u00a0:<\/strong> <a href=\"https:\/\/www.sisinternational.com\/fr\/competence\/les-industries\/etude-de-marche-sur-le-forage\/\" title=\"\u00c9tude de march\u00e9 sur le forage\"  data-wpil-monitor-id=\"5669\">Research offers a deeper understanding of market<\/a> dynamics, including competitor strategies and potential market gaps. This way, businesses can carve out a distinct market position, setting themselves apart from the competition.<\/p>\n\n\n\n<p><strong>Pr\u00e9visions futures\u00a0:<\/strong> The insights from product <a href=\"https:\/\/www.sisinternational.com\/fr\/competence\/les-industries\/etude-de-marche-sur-la-telemetrie\/\" title=\"\u00c9tude de march\u00e9 sur la t\u00e9l\u00e9m\u00e9trie\"  data-wpil-monitor-id=\"5687\">research deliver a glimpse into future market<\/a> trends, enabling businesses to strategically position themselves and plan for upcoming shifts in consumer behavior or industry dynamics.<\/p>\n\n\n\n<p><strong>Image de marque renforc\u00e9e\u00a0:<\/strong> Un produit qui correspond aux besoins des consommateurs et d\u00e9passe les attentes peut am\u00e9liorer consid\u00e9rablement l&#039;image d&#039;une marque. De telles associations positives sont vitales pour la construction d\u2019une marque \u00e0 long terme et peuvent faire d\u2019une entreprise un leader d\u2019opinion dans son cr\u00e9neau.<\/p>\n\n\n\n<p><strong>Optimisation de la cha\u00eene d&#039;approvisionnement\u00a0:<\/strong> En pr\u00e9voyant plus pr\u00e9cis\u00e9ment la demande de produits, les entreprises peuvent rationaliser leurs processus de cha\u00eene d&#039;approvisionnement, garantissant une livraison dans les d\u00e9lais, r\u00e9duisant les ruptures de stock ou les sc\u00e9narios de surstock et optimisant les niveaux de stocks.<\/p>\n\n\n\n<p><strong>Confiance des parties prenantes\u00a0:<\/strong> Investors, partners, and other stakeholders are more likely to back a <a href=\"https:\/\/www.sisinternational.com\/fr\/solutions\/test-de-gout\/recherche-de-nouveaux-produits-a-new-york\/\" title=\"Recherche de nouveaux produits \u00e0 New York\"  data-wpil-monitor-id=\"4117\">product that is rooted in solid research<\/a>. Demonstrating that a business decision is based on comprehensive product research can foster trust and confidence among key stakeholders.<\/p>\n\n\n\n<h2 class=\"wp-block-heading\">Quelles sont les principales opportunit\u00e9s en mati\u00e8re de recherche de produits pour les entreprises ?<\/h2>\n\n\n\n<p>La recherche de produits offre aux entreprises de nombreuses opportunit\u00e9s d\u2019am\u00e9liorer leur position sur le march\u00e9, leur rentabilit\u00e9 et leur croissance globale. En exploitant ces opportunit\u00e9s, les entreprises peuvent red\u00e9finir leurs strat\u00e9gies produits et capitaliser sur les tendances \u00e9mergentes et les demandes des consommateurs.<\/p>\n\n\n\n<p><strong>Identification de nouveaux segments de march\u00e9\u00a0:<\/strong> One of the core outcomes of <a href=\"https:\/\/www.sisinternational.com\/fr\/couverture\/etude-de-marche-en-asie\/etude-de-marche-au-myanmar\/\" title=\"\u00c9tude de march\u00e9 au Myanmar\"  data-wpil-monitor-id=\"5383\">recherche de produits<\/a> is uncovering untapped market segments. These can be demographic groups, geographical regions, or specific consumer niches that have been overlooked. By catering to these segments, businesses can open up new revenue streams.<\/p>\n\n\n\n<p><strong>Coup de pouce \u00e0 l\u2019innovation\u00a0:<\/strong> Les connaissances issues de la recherche sur les produits peuvent \u00eatre le catalyseur de l\u2019innovation. Comprendre les probl\u00e8mes des consommateurs et les besoins non satisfaits peut inciter les entreprises \u00e0 cr\u00e9er des produits r\u00e9volutionnaires ou \u00e0 am\u00e9liorer ceux existants. De plus, impliquer les clients dans le processus de recherche garantit que le produit final correspond \u00e0 leurs besoins et pr\u00e9f\u00e9rences, conduisant \u00e0 une satisfaction et une fid\u00e9lit\u00e9 plus \u00e9lev\u00e9es.<\/p>\n\n\n\n<p><strong>Expansion de la gamme de produits\u00a0:<\/strong> Les donn\u00e9es issues de la recherche sur les produits peuvent mettre en \u00e9vidence le potentiel d\u2019introduction de produits ou de services compl\u00e9mentaires, conduisant \u00e0 un portefeuille de produits diversifi\u00e9 et \u00e0 une client\u00e8le \u00e9largie. De plus, les entreprises peuvent identifier les caract\u00e9ristiques et fonctionnalit\u00e9s souhait\u00e9es par les clients, ce qui conduit \u00e0 des produits mieux adapt\u00e9s aux besoins des utilisateurs.<\/p>\n\n\n\n<p><strong>Marketing et promotion am\u00e9lior\u00e9s\u00a0:<\/strong> La connaissance des pr\u00e9f\u00e9rences et du comportement des consommateurs permet aux entreprises de concevoir des campagnes marketing cibl\u00e9es. En alignant les strat\u00e9gies promotionnelles sur les r\u00e9sultats de la recherche, les entreprises peuvent obtenir de meilleurs taux d&#039;engagement et de conversion.<\/p>\n\n\n\n<p><a href=\"https:\/\/www.sisinternational.com\/fr\/couverture\/etude-de-marche-en-asie\/etude-de-marche-a-nauru\/\" title=\"Etude de march\u00e9 \u00e0 Nauru\"  data-wpil-monitor-id=\"5716\">Market Expansion: Research<\/a> can reveal opportunities to introduce a product into new markets or demographics, thus diversifying revenue streams.<\/p>\n\n\n\n<h2 class=\"wp-block-heading\">La recherche de produits et ses d\u00e9fis<\/h2>\n\n\n\n<p>Naviguer dans le processus complexe de recherche de produits est un voyage difficile. Le paysage du d\u00e9veloppement de produits est complexe et malgr\u00e9 les nombreuses opportunit\u00e9s qu\u2019il pr\u00e9sente, les entreprises sont souvent confront\u00e9es \u00e0 toute une s\u00e9rie de d\u00e9fis\u00a0:<\/p>\n\n\n\n<p><strong>Changer les comportements des consommateurs\u00a0:<\/strong> Les pr\u00e9f\u00e9rences et les comportements des consommateurs ne sont pas statiques. Ils \u00e9voluent rapidement, influenc\u00e9s par les changements culturels, les progr\u00e8s technologiques et les \u00e9v\u00e9nements mondiaux. Suivre le rythme de ces dynamiques en constante \u00e9volution n\u00e9cessite une recherche et une adaptation continues des produits.<\/p>\n\n\n\n<p><strong>Adaptation aux avanc\u00e9es technologiques\u00a0:<\/strong> Les outils et plateformes utilis\u00e9s pour la recherche de produits \u00e9voluent constamment. Les entreprises doivent se tenir au courant des derni\u00e8res m\u00e9thodologies et technologies, ce qui peut s&#039;av\u00e9rer \u00e0 la fois long et co\u00fbteux.<\/p>\n\n\n\n<p><strong>Les d\u00e9fis de la mondialisation\u00a0:<\/strong> Pour les entreprises op\u00e9rant dans plusieurs pays, mener des recherches qui tiennent compte des diff\u00e9rences culturelles, \u00e9conomiques et sociales de chaque r\u00e9gion peut s\u2019av\u00e9rer complexe et difficile.<\/p>\n\n\n\n<p><strong>Acc\u00e8s aux donn\u00e9es limit\u00e9\u00a0:<\/strong> Il se peut qu\u2019il n\u2019y ait pas toujours suffisamment de donn\u00e9es disponibles sur les march\u00e9s nouveaux ou de niche, ce qui rend difficile la prise de d\u00e9cisions \u00e9clair\u00e9es. De plus, il existe un risque de biais dans la collecte ou l&#039;interpr\u00e9tation des donn\u00e9es, qu&#039;elles proviennent des chercheurs, des participants ou m\u00eame de la conception de l&#039;enqu\u00eate.<\/p>\n\n\n\n<h2 class=\"wp-block-heading\">Perspectives de recherche de produits<\/h2>\n\n\n\n<p>L\u2019avenir de la recherche sur les produits devrait \u00eatre \u00e9troitement li\u00e9 \u00e0 des technologies telles que l\u2019intelligence artificielle (IA), la r\u00e9alit\u00e9 augment\u00e9e (AR) et la r\u00e9alit\u00e9 virtuelle (VR). Ceux-ci fourniront aux entreprises des outils am\u00e9lior\u00e9s pour les tests de produits, les simulations et la collecte de commentaires, rendant la recherche plus immersive et pr\u00e9cise.<\/p>\n\n\n\n<p>Avec l\u2019essor des appareils IoT (Internet des objets) et des technologies portables, les entreprises auront acc\u00e8s aux donn\u00e9es des consommateurs en temps r\u00e9el. Cela permettra de prendre des d\u00e9cisions plus rapides, r\u00e9duisant ainsi les d\u00e9lais de mise sur le march\u00e9 des produits.<\/p>\n\n\n\n<p>De plus, \u00e0 mesure que les pr\u00e9occupations environnementales augmentent, la recherche sur les produits devra prendre en compte la durabilit\u00e9 \u00e0 chaque \u00e9tape. Les produits du futur devront \u00eatre respectueux de l\u2019environnement, et la recherche jouera un r\u00f4le central pour garantir cet objectif.<\/p>\n\n\n\n<p>\u00c0 l\u2019heure o\u00f9 le monde devient de plus en plus connect\u00e9, la recherche sur les produits devra \u00e9galement adopter une perspective mondiale. Comprendre les nuances culturelles, les pr\u00e9f\u00e9rences r\u00e9gionales et les tendances mondiales sera primordial pour les entreprises visant \u00e0 conqu\u00e9rir les march\u00e9s internationaux.<\/p>\n\n\n\n<p><\/p>","protected":false},"excerpt":{"rendered":"<p>Gr\u00e2ce \u00e0 la recherche de produits, les entreprises se mettent \u00e0 la place des consommateurs, examinent leur perspective mondiale et cr\u00e9ent des produits qui r\u00e9pondent \u00e0 leurs besoins.<\/p>","protected":false},"author":1,"featured_media":68804,"parent":14514,"menu_order":404,"comment_status":"closed","ping_status":"closed","template":"","meta":{"footnotes":""},"class_list":["post-44093","page","type-page","status-publish","has-post-thumbnail"],"_links":{"self":[{"href":"https:\/\/www.sisinternational.com\/fr\/wp-json\/wp\/v2\/pages\/44093","targetHints":{"allow":["GET"]}}],"collection":[{"href":"https:\/\/www.sisinternational.com\/fr\/wp-json\/wp\/v2\/pages"}],"about":[{"href":"https:\/\/www.sisinternational.com\/fr\/wp-json\/wp\/v2\/types\/page"}],"author":[{"embeddable":true,"href":"https:\/\/www.sisinternational.com\/fr\/wp-json\/wp\/v2\/users\/1"}],"replies":[{"embeddable":true,"href":"https:\/\/www.sisinternational.com\/fr\/wp-json\/wp\/v2\/comments?post=44093"}],"version-history":[{"count":9,"href":"https:\/\/www.sisinternational.com\/fr\/wp-json\/wp\/v2\/pages\/44093\/revisions"}],"predecessor-version":[{"id":79415,"href":"https:\/\/www.sisinternational.com\/fr\/wp-json\/wp\/v2\/pages\/44093\/revisions\/79415"}],"up":[{"embeddable":true,"href":"https:\/\/www.sisinternational.com\/fr\/wp-json\/wp\/v2\/pages\/14514"}],"wp:featuredmedia":[{"embeddable":true,"href":"https:\/\/www.sisinternational.com\/fr\/wp-json\/wp\/v2\/media\/68804"}],"wp:attachment":[{"href":"https:\/\/www.sisinternational.com\/fr\/wp-json\/wp\/v2\/media?parent=44093"}],"curies":[{"name":"wp","href":"https:\/\/api.w.org\/{rel}","templated":true}]}}