{"id":44088,"date":"2023-11-06T14:55:59","date_gmt":"2023-11-06T19:55:59","guid":{"rendered":"https:\/\/www.sisinternational.com\/?page_id=44088"},"modified":"2026-03-25T01:15:54","modified_gmt":"2026-03-25T05:15:54","slug":"societe-detudes-de-marche-par-echantillonnage-et-sondage-en-ligne","status":"publish","type":"page","link":"https:\/\/www.sisinternational.com\/fr\/solutions\/societe-detudes-de-marche-par-echantillonnage-et-sondage-en-ligne\/","title":{"rendered":"Enqu\u00eate en ligne \u00c9chantillonnage Soci\u00e9t\u00e9 d'\u00e9tudes de march\u00e9"},"content":{"rendered":"<h1 class=\"wp-block-heading\">Enqu\u00eate en ligne \u00c9chantillonnage Soci\u00e9t\u00e9 d'\u00e9tudes de march\u00e9<\/h1>\n\n\n\n<figure class=\"gb-block-image gb-block-image-62278f97\"><img loading=\"lazy\" decoding=\"async\" width=\"1456\" height=\"816\" class=\"gb-image gb-image-62278f97\" src=\"https:\/\/www.sisinternational.com\/wp-content\/uploads\/2025\/08\/Online-focus-group-12-1.jpg\" alt=\"\u00c9tudes de march\u00e9 et strat\u00e9gie internationales SIS\" title=\"Online focus group (12)\" srcset=\"https:\/\/www.sisinternational.com\/wp-content\/uploads\/2025\/08\/Online-focus-group-12-1.jpg 1456w, https:\/\/www.sisinternational.com\/wp-content\/uploads\/2025\/08\/Online-focus-group-12-1-300x168.jpg 300w, https:\/\/www.sisinternational.com\/wp-content\/uploads\/2025\/08\/Online-focus-group-12-1-1024x574.jpg 1024w, https:\/\/www.sisinternational.com\/wp-content\/uploads\/2025\/08\/Online-focus-group-12-1-768x430.jpg 768w, https:\/\/www.sisinternational.com\/wp-content\/uploads\/2025\/08\/Online-focus-group-12-1-18x10.jpg 18w\" sizes=\"auto, (max-width: 1456px) 100vw, 1456px\"><\/figure>\n\n\n\n<p><\/p>\n\n\n\n<hr class=\"wp-block-separator has-alpha-channel-opacity is-style-dots\"\/>\n\n\n\n<p>Une soci\u00e9t\u00e9 d\u2019\u00e9tudes de march\u00e9 par sondage en ligne comble le foss\u00e9 entre les marques et leur public \u00e0 l\u2019\u00e8re du num\u00e9rique \u2013 et exploiter son potentiel devient primordial pour les entreprises qui recherchent des informations percutantes sur le march\u00e9. Mais comment peuvent-ils contribuer \u00e0 am\u00e9liorer les r\u00e9sultats globaux de l\u2019entreprise ? D\u00e9couvrons-le.<\/p>\n\n\n\n<h2 class=\"wp-block-heading\">Soci\u00e9t\u00e9 d\u2019\u00e9tudes de march\u00e9 sur l\u2019\u00e9chantillonnage d\u2019enqu\u00eates en ligne : qu\u2019est-ce que c\u2019est ?<\/h2>\n\n\n\n<p>An online survey <a class=\"wpil_keyword_link\" href=\"https:\/\/www.sisinternational.com\/fr\/competence\/les-industries\/etude-de-marche-sur-lechantillonnage\/\" title=\"\u00c9tude de march\u00e9 sur l\u2019\u00e9chantillonnage\" data-wpil-keyword-link=\"linked\" data-wpil-monitor-id=\"306\">\u00e9tude de march\u00e9 sur l&#039;\u00e9chantillonnage<\/a> company provides businesses with accurate and insightful data about their target audience or market segments. These companies utilize sophisticated online tools and platforms to collect responses from a predefined sample of the population, ensuring that the data is representative of the broader market.<\/p>\n\n\n\n<h3 class=\"wp-block-heading\">Une soci\u00e9t\u00e9 d\u2019\u00e9tudes de march\u00e9 par \u00e9chantillonnage d\u2019enqu\u00eates en ligne se caract\u00e9rise par trois fonctions principales :<\/h3>\n\n\n\n<p><strong><strong>\ud83d\udd39<\/strong>Enqu\u00eate en ligne\u00a0:<\/strong> Utiliser des plateformes num\u00e9riques pour cr\u00e9er, distribuer et recueillir les r\u00e9ponses aux enqu\u00eates des participants. Ce m\u00e9dia offre l\u2019avantage d\u2019atteindre un public plus large dans un d\u00e9lai plus court et souvent \u00e0 un co\u00fbt r\u00e9duit.<\/p>\n\n\n\n<p><strong><strong>\ud83d\udd39<\/strong>\u00c9chantillonnage:<\/strong> D\u00e9terminer et s\u00e9lectionner un groupe sp\u00e9cifique d&#039;individus parmi une population plus large pour participer \u00e0 l&#039;enqu\u00eate. L&#039;exactitude et la fiabilit\u00e9 de l&#039;enqu\u00eate d\u00e9pendent largement de la qualit\u00e9 et de la repr\u00e9sentativit\u00e9 de l&#039;\u00e9chantillon choisi.<\/p>\n\n\n\n<p><strong><strong>\ud83d\udd39<\/strong>\u00c9tude de march\u00e9:<\/strong> Analyser les donn\u00e9es collect\u00e9es pour en tirer des informations exploitables que les entreprises peuvent utiliser pour affiner leurs strat\u00e9gies, produits ou services. Cela implique souvent une analyse approfondie des r\u00e9ponses, l\u2019utilisation d\u2019outils statistiques et la pr\u00e9sentation des r\u00e9sultats de mani\u00e8re compr\u00e9hensible.<\/p>\n\n\n\n<h2 class=\"wp-block-heading\">Pourquoi est-il crucial d\u2019embaucher une soci\u00e9t\u00e9 d\u2019\u00e9tudes de march\u00e9 d\u2019\u00e9chantillonnage d\u2019enqu\u00eates en ligne de premier plan\u00a0?<\/h2>\n\n\n\n<p>Hiring a world-class <a href=\"https:\/\/www.sisinternational.com\/fr\/couverture\/les-ameriques\/couverture-des-etats-unis\/societe-detudes-de-marche-atlanta\/\" title=\"Soci\u00e9t\u00e9 d\u2019\u00e9tudes de march\u00e9 \u00e0 Atlanta\" data-wpil-monitor-id=\"6409\">market research company<\/a> offers several advantages to businesses. It possesses expertise in curating the right set of questions and selecting a representative sample. This meticulous approach ensures that the data collected is both accurate and reliable, thus forming a robust foundation for making business decisions.<\/p>\n\n\n\n<p>Les entreprises peuvent obtenir les commentaires d\u2019un grand nombre de r\u00e9pondants pour une fraction du co\u00fbt des m\u00e9thodes traditionnelles. Par cons\u00e9quent, en collaborant avec une soci\u00e9t\u00e9 d\u2019\u00e9tudes de march\u00e9 leader, le retour sur investissement en termes d\u2019informations obtenues peut \u00eatre substantiel.<\/p>\n\n\n\n<p>Moreover, leveraging the expertise of an online <a href=\"https:\/\/www.sisinternational.com\/fr\/couverture\/etude-de-marche-en-asie\/market-research-in-china-2\/enquete-sur-une-societe-detudes-de-marche-en-chine\/\" title=\"Soci\u00e9t\u00e9 d\u2019\u00e9tudes de march\u00e9 par sondage en Chine\" data-wpil-monitor-id=\"2364\">survey sampling market research company<\/a> can significantly expedite the data collection and analysis process, enabling businesses to adapt and react in real-time to market dynamics. But, top companies in this domain don\u2019t just stop at data collection. They dive deep into the data, utilizing advanced analytical tools and methodologies, to extract actionable insights that can be a game-changer for businesses.<\/p>\n\n\n\n<h2 class=\"wp-block-heading\">Avantages pour les entreprises<\/h2>\n\n\n\n<p>Un partenariat avec une soci\u00e9t\u00e9 d\u2019\u00e9tudes de march\u00e9 peut offrir une multitude d\u2019avantages. Ces avantages s&#039;\u00e9tendent \u00e0 diverses facettes d&#039;une entreprise, aidant les organisations \u00e0 optimiser leurs op\u00e9rations, \u00e0 comprendre la dynamique du march\u00e9 et \u00e0 prendre des d\u00e9cisions plus \u00e9clair\u00e9es. Analysons certains de ces avantages\u00a0:<\/p>\n\n\n\n<p><strong><strong>\ud83d\udd39<\/strong>Informations approfondies sur le march\u00e9\u00a0:<\/strong> With the expertise of an online <a href=\"https:\/\/www.sisinternational.com\/fr\/etude-de-marche-aupres-des-membres\/\" title=\"\u00c9tude de march\u00e9 sur l\u2019enqu\u00eate aupr\u00e8s des membres\" data-wpil-monitor-id=\"3598\">survey sampling market research<\/a> company, businesses gain a clearer understanding of their market. They can assess customer preferences, identify gaps in their product offerings, and evaluate market trends, empowering them to adjust their strategies accordingly.<\/p>\n\n\n\n<p><strong><strong>\ud83d\udd39<\/strong>Engagement client am\u00e9lior\u00e9\u00a0:<\/strong> Surveys, when done right, can serve as a two-way communication channel. Customers appreciate when their opinions are sought, and this can foster loyalty. Collaborating with a specialized <a href=\"https:\/\/www.sisinternational.com\/fr\/competence\/les-industries\/etude-de-marche-sur-les-hotels\/\" title=\"\u00c9tude de march\u00e9 sur les h\u00f4tels\" data-wpil-monitor-id=\"7216\">market research company ensures that surveys<\/a> are engaging, relevant, and provide value to both the business and the respondent.<\/p>\n\n\n\n<p><strong><strong>\ud83d\udd39<\/strong>Att\u00e9nuation des risques:<\/strong> Gr\u00e2ce aux donn\u00e9es pr\u00e9cises d\u2019une soci\u00e9t\u00e9 d\u2019\u00e9tudes de march\u00e9, les entreprises peuvent identifier les risques potentiels d\u00e8s le d\u00e9but et d\u00e9velopper des strat\u00e9gies pour les att\u00e9nuer, voire en tirer parti.<\/p>\n\n\n\n<p><strong><strong>\ud83d\udd39<\/strong>Avantage comp\u00e9titif:<\/strong> Dans un march\u00e9 satur\u00e9, prendre le pouls de l\u2019opinion des consommateurs peut constituer un avantage consid\u00e9rable. Une soci\u00e9t\u00e9 d\u2019\u00e9tudes de march\u00e9 fournit aux entreprises des donn\u00e9es opportunes et pertinentes, leur permettant de garder une longueur d\u2019avance sur leurs concurrents.<\/p>\n\n\n\n<p><strong><strong>\ud83d\udd39<\/strong>Rapport co\u00fbt-efficacit\u00e9:<\/strong> R\u00e9aliser une \u00e9tude de march\u00e9 en interne peut s\u2019av\u00e9rer co\u00fbteux, en particulier pour les petites et moyennes entreprises. Le partenariat avec une soci\u00e9t\u00e9 d&#039;\u00e9tudes de march\u00e9 sp\u00e9cialis\u00e9e s&#039;accompagne souvent d&#039;\u00e9conomies d&#039;\u00e9chelle, permettant aux entreprises d&#039;acc\u00e9der \u00e0 des outils et techniques de recherche de premier ordre sans le prix \u00e9lev\u00e9 qui y est associ\u00e9.<\/p>\n\n\n\n<p><strong><strong>\ud83d\udd39<\/strong>Ciblage segment\u00e9\u00a0:<\/strong> Un <a href=\"https:\/\/www.sisinternational.com\/fr\/competence\/les-industries\/etude-de-marche-sur-les-applications-de-rencontres-en-ligne\/\" title=\"\u00c9tude de march\u00e9 sur les applications de rencontres en ligne\" data-wpil-monitor-id=\"5934\">online survey sampling market research<\/a> company can tailor surveys to specific demographics, ensuring the feedback received is as relevant as possible. This allows for more targeted product development and marketing strategies.<\/p>\n\n\n\n<h2 class=\"wp-block-heading\">Opportunit\u00e9s pour les entreprises<\/h2>\n\n\n\n<p>La collaboration avec une soci\u00e9t\u00e9 d&#039;\u00e9tudes de march\u00e9 pr\u00e9sente de nombreuses opportunit\u00e9s pour les entreprises \u2013 et voici un aper\u00e7u de la mani\u00e8re dont ces entreprises peuvent cr\u00e9er des fen\u00eatres d&#039;opportunit\u00e9\u00a0:<\/p>\n\n\n\n<p><strong><strong>\ud83d\udd39<\/strong>Port\u00e9e mondiale:<\/strong> Une soci\u00e9t\u00e9 d\u2019\u00e9tudes de march\u00e9 par sondage en ligne dispose g\u00e9n\u00e9ralement d\u2019un vaste r\u00e9seau, permettant aux entreprises d\u2019exploiter les march\u00e9s mondiaux. Cela signifie que m\u00eame les entreprises locales peuvent atteindre une port\u00e9e internationale, en \u00e9valuant l\u2019int\u00e9r\u00eat des publics de diverses r\u00e9gions sans y \u00eatre physiquement pr\u00e9sentes.<\/p>\n\n\n\n<p><strong><strong>\ud83d\udd39<\/strong>Acc\u00e8s aux donn\u00e9es en temps r\u00e9el\u00a0:<\/strong> The digital nature of online surveys means businesses can get access to data in real-time. This swift data collection, combined with the analytical capabilities of an <a href=\"https:\/\/www.sisinternational.com\/fr\/competence\/les-industries\/externalisation-de-lanalyse-des-donnees\/\" title=\"Externalisation des \u00e9tudes de march\u00e9 en mati\u00e8re de donn\u00e9es et d\u2019analyses\" data-wpil-monitor-id=\"3691\">online survey sampling market<\/a> research company, allows businesses to react promptly to market shifts, ensuring they\u2019re always on top of trends.<\/p>\n\n\n\n<p><strong><strong>\ud83d\udd39<\/strong>Prise de d\u00e9cision agile\u00a0:<\/strong> Plus les entreprises peuvent acc\u00e9der et interpr\u00e9ter rapidement les donn\u00e9es, plus vite elles peuvent prendre des d\u00e9cisions. Une soci\u00e9t\u00e9 d\u2019\u00e9tudes de march\u00e9 acc\u00e9l\u00e8re ce processus, permettant aux entreprises d\u2019adopter une approche agile de prise de d\u00e9cision, en faisant pivoter leurs strat\u00e9gies en fonction des derni\u00e8res informations sur le march\u00e9.<\/p>\n\n\n\n<p><strong><strong>\ud83d\udd39<\/strong>Construction de la marque:<\/strong> Engager les clients par le biais d&#039;enqu\u00eates, en particulier lorsque les commentaires sont pris en compte, peut am\u00e9liorer la r\u00e9putation d&#039;une marque. L&#039;implication d&#039;une soci\u00e9t\u00e9 d&#039;\u00e9tudes de march\u00e9 garantit que ces enqu\u00eates sont men\u00e9es de mani\u00e8re professionnelle, renfor\u00e7ant ainsi l&#039;image de la marque.<\/p>\n\n\n\n<p><strong><strong>\ud83d\udd39<\/strong>Mon\u00e9tiser les donn\u00e9es\u00a0:<\/strong> Certaines entreprises, notamment celles du domaine B2B, pourraient trouver de la valeur dans les donn\u00e9es agr\u00e9g\u00e9es et anonymis\u00e9es collect\u00e9es. Avec les autorisations appropri\u00e9es et des consid\u00e9rations \u00e9thiques, ces donn\u00e9es peuvent \u00eatre r\u00e9utilis\u00e9es ou vendues, g\u00e9n\u00e9rant ainsi une source de revenus suppl\u00e9mentaire.<\/p>\n\n\n\n<h2 class=\"wp-block-heading\">Perspectives<\/h2>\n\n\n\n<p>\u00c0 mesure que les entreprises s\u2019adaptent \u00e0 l\u2019\u00e8re num\u00e9rique en constante \u00e9volution, l\u2019importance d\u2019une soci\u00e9t\u00e9 d\u2019\u00e9tudes de march\u00e9 par sondage en ligne devient encore plus prononc\u00e9e \u2013 et les perspectives de ces entreprises sont d\u00e9finitivement prometteuses avec les tendances suivantes.<\/p>\n\n\n\n<p><strong><strong>\ud83d\udd39<\/strong>IA et apprentissage automatique\u00a0:<\/strong> With technological advancements, online survey sampling market <a href=\"https:\/\/www.sisinternational.com\/fr\/competence\/etude-de-marche-des-architectes-dinterieur-et-decorateurs\/\" title=\"\u00c9tude de march\u00e9 sur les architectes d\u2019int\u00e9rieur et d\u00e9corateurs\"  data-wpil-monitor-id=\"11462\">research companies<\/a> will incorporate AI and machine learning in survey design, data analysis, and insight generation. This means surveys can be more personalized and adaptive, understanding respondent behavior in real-time and adjusting questions accordingly.<\/p>\n\n\n\n<p><strong><strong>\ud83d\udd39<\/strong>Accent accru sur les commentaires en temps r\u00e9el\u00a0:<\/strong> Dans un monde en \u00e9volution rapide, il n\u2019est plus possible d\u2019attendre des semaines pour obtenir les r\u00e9sultats d\u2019une enqu\u00eate. L\u2019avenir verra une soci\u00e9t\u00e9 d\u2019\u00e9tudes de march\u00e9 par sondage en ligne fournir des informations en temps r\u00e9el, permettant aux entreprises de faire pivoter leurs strat\u00e9gies instantan\u00e9ment.<\/p>\n\n\n\n<p><strong><strong><strong>\ud83d\udd39<\/strong><\/strong>Int\u00e9gration avec d&#039;autres outils num\u00e9riques\u00a0:<\/strong> The convergence of various digital platforms means that the data from <a href=\"https:\/\/www.sisinternational.com\/fr\/competence\/les-industries\/etude-de-marche-sur-la-personnalite-numerique\/\" title=\"\u00c9tude de march\u00e9 sur la personnalit\u00e9 num\u00e9rique\" data-wpil-monitor-id=\"6233\">online survey sampling market<\/a> research companies can be integrated with other tools like CRM systems, digital analytics, and more. This will allow for a more holistic understanding of the customer journey.<\/p>\n\n\n\n<p><strong><strong>\ud83d\udd39<\/strong>Expansion sur les march\u00e9s \u00e9mergents\u00a0:<\/strong> Alors que les entreprises cherchent \u00e0 exploiter les march\u00e9s \u00e9mergents, elles s\u2019appuieront largement sur l\u2019expertise d\u2019une soci\u00e9t\u00e9 d\u2019\u00e9tudes de march\u00e9 pour comprendre les nuances, les pr\u00e9f\u00e9rences et les d\u00e9fis locaux. Cette port\u00e9e mondiale sera essentielle pour les entreprises souhaitant se d\u00e9marquer \u00e0 l\u2019\u00e9chelle internationale.<\/p>\n\n\n\n<h2 class=\"wp-block-heading\">Notre emplacement \u00e0 New York<\/h2>\n\n\n\n<p>\n\n\n\n<iframe loading=\"lazy\" src=\"https:\/\/www.google.com\/maps\/embed?pb=!1m18!1m12!1m3!1d3022.976188376966!2d-73.99130312499956!3d40.740549471389315!2m3!1f0!2f0!3f0!3m2!1i1024!2i768!4f13.1!3m3!1m2!1s0x89c259a15798c731%3A0xd695d09bdd495f25!2s11%20E%2022nd%20St%20FL%202%2C%20New%20York%2C%20NY%2010010%2C%20USA!5e0!3m2!1sen!2spe!4v1726171763526!5m2!1sen!2spe\" width=\"600\" height=\"450\" allowfullscreen=\"allowfullscreen\" data-mce-fragment=\"1\"><\/iframe>\n\n\n\n<\/p>\n\n\n\n<h3 class=\"wp-block-heading\">11 E 22nd Street, \u00e9tage 2, New York, NY 10010 T\u00e9l. : +1(212) 505-6805<\/h3>\n\n\n\n<hr class=\"wp-block-separator has-alpha-channel-opacity\"\/>\n\n\n\n<h2 class=\"wp-block-heading\"><span style=\"font-weight: 400;\">\u00c0 propos de SIS International<\/span><\/h2>\n\n\n\n<p><a href=\"https:\/\/www.sisinternational.com\/fr\/\"><span style=\"font-weight: 400;\">SIS International<\/span><\/a><span style=\"font-weight: 400;\">propose des recherches quantitatives, qualitatives et strat\u00e9giques. Nous fournissons des donn\u00e9es, des outils, des strat\u00e9gies, des rapports et des informations pour la prise de d\u00e9cision. Nous menons \u00e9galement des entretiens, des enqu\u00eates, des groupes de discussion et d\u2019autres m\u00e9thodes et approches d\u2019\u00e9tudes de march\u00e9. <\/span><a href=\"https:\/\/www.sisinternational.com\/fr\/a-propos-de-la-recherche-internationale-sis\/contact-sis-international-market-research\/\"><span style=\"font-weight: 400;\">Contactez nous<\/span><\/a><span style=\"font-weight: 400;\"> pour votre prochain projet d&#039;\u00e9tude de march\u00e9.<\/span><\/p>\n\n\n\n<p>&nbsp;<\/p>\n\n\n\n<p><\/p>","protected":false},"excerpt":{"rendered":"<p>Une soci\u00e9t\u00e9 d'\u00e9tude de march\u00e9 par \u00e9chantillonnage en ligne fournit aux entreprises des donn\u00e9es pr\u00e9cises et pertinentes sur les publics cibles et les segments de march\u00e9.<\/p>","protected":false},"author":1,"featured_media":63018,"parent":14457,"menu_order":25,"comment_status":"closed","ping_status":"closed","template":"","meta":{"footnotes":""},"class_list":["post-44088","page","type-page","status-publish","has-post-thumbnail"],"_links":{"self":[{"href":"https:\/\/www.sisinternational.com\/fr\/wp-json\/wp\/v2\/pages\/44088","targetHints":{"allow":["GET"]}}],"collection":[{"href":"https:\/\/www.sisinternational.com\/fr\/wp-json\/wp\/v2\/pages"}],"about":[{"href":"https:\/\/www.sisinternational.com\/fr\/wp-json\/wp\/v2\/types\/page"}],"author":[{"embeddable":true,"href":"https:\/\/www.sisinternational.com\/fr\/wp-json\/wp\/v2\/users\/1"}],"replies":[{"embeddable":true,"href":"https:\/\/www.sisinternational.com\/fr\/wp-json\/wp\/v2\/comments?post=44088"}],"version-history":[{"count":18,"href":"https:\/\/www.sisinternational.com\/fr\/wp-json\/wp\/v2\/pages\/44088\/revisions"}],"predecessor-version":[{"id":85074,"href":"https:\/\/www.sisinternational.com\/fr\/wp-json\/wp\/v2\/pages\/44088\/revisions\/85074"}],"up":[{"embeddable":true,"href":"https:\/\/www.sisinternational.com\/fr\/wp-json\/wp\/v2\/pages\/14457"}],"wp:featuredmedia":[{"embeddable":true,"href":"https:\/\/www.sisinternational.com\/fr\/wp-json\/wp\/v2\/media\/63018"}],"wp:attachment":[{"href":"https:\/\/www.sisinternational.com\/fr\/wp-json\/wp\/v2\/media?parent=44088"}],"curies":[{"name":"wp","href":"https:\/\/api.w.org\/{rel}","templated":true}]}}