{"id":44085,"date":"2023-11-06T14:15:36","date_gmt":"2023-11-06T19:15:36","guid":{"rendered":"https:\/\/www.sisinternational.com\/?page_id=44085"},"modified":"2025-10-19T01:40:43","modified_gmt":"2025-10-19T05:40:43","slug":"etude-de-marche-par-tableaux-croises","status":"publish","type":"page","link":"https:\/\/www.sisinternational.com\/fr\/competence\/etude-de-marche-par-tableaux-croises\/","title":{"rendered":"\u00c9tude de march\u00e9 sur les tableaux crois\u00e9s"},"content":{"rendered":"<h1 class=\"wp-block-heading\">\u00c9tude de march\u00e9 sur les tableaux crois\u00e9s<\/h1>\n\n\n\n<figure class=\"gb-block-image gb-block-image-644676f9\"><img loading=\"lazy\" decoding=\"async\" width=\"1456\" height=\"816\" class=\"gb-image gb-image-644676f9\" src=\"https:\/\/www.sisinternational.com\/wp-content\/uploads\/2025\/09\/Quantitative-research-1d4-3.jpg\" alt=\"\u00c9tudes de march\u00e9 et strat\u00e9gie internationales SIS\" title=\"Quantitative research (1d4) (3)\" srcset=\"https:\/\/www.sisinternational.com\/wp-content\/uploads\/2025\/09\/Quantitative-research-1d4-3.jpg 1456w, https:\/\/www.sisinternational.com\/wp-content\/uploads\/2025\/09\/Quantitative-research-1d4-3-300x168.jpg 300w, https:\/\/www.sisinternational.com\/wp-content\/uploads\/2025\/09\/Quantitative-research-1d4-3-1024x574.jpg 1024w, https:\/\/www.sisinternational.com\/wp-content\/uploads\/2025\/09\/Quantitative-research-1d4-3-768x430.jpg 768w, https:\/\/www.sisinternational.com\/wp-content\/uploads\/2025\/09\/Quantitative-research-1d4-3-18x10.jpg 18w\" sizes=\"auto, (max-width: 1456px) 100vw, 1456px\"><\/figure>\n\n\n\n<p><\/p>\n\n\n\n<p>Les \u00e9tudes de march\u00e9 par tableaux crois\u00e9s aident les entreprises \u00e0 glaner des informations plus approfondies \u00e0 partir de vastes ensembles de donn\u00e9es, \u00e0 donner un sens aux chiffres et aux tendances pour prendre des d\u00e9cisions. Mais qu\u2019est-ce que cette technique exactement et pourquoi s\u2019av\u00e8re-t-elle inestimable pour les entreprises du monde entier ?<\/p>\n\n\n\n<h2 class=\"wp-block-heading\">Importance des \u00e9tudes de march\u00e9 sur les tableaux crois\u00e9s<\/h2>\n\n\n\n<p>Le tableau crois\u00e9 (souvent abr\u00e9g\u00e9 en tableau crois\u00e9) est une m\u00e9thode d&#039;affichage des donn\u00e9es de deux variables ou plus dans un format de tableau de contingence. Il r\u00e9v\u00e8le essentiellement la relation entre ces variables, rendant ainsi les ensembles de donn\u00e9es complexes plus compr\u00e9hensibles.<\/p>\n\n\n\n<p>Les \u00e9tudes de march\u00e9 par tableaux crois\u00e9s ont gagn\u00e9 en importance en raison de leur capacit\u00e9 \u00e0 mettre en lumi\u00e8re des mod\u00e8les et des tendances qui autrement pourraient rester cach\u00e9s. Par exemple, une marque pourrait souhaiter examiner la relation entre les donn\u00e9es d\u00e9mographiques des clients telles que l\u2019\u00e2ge et les pr\u00e9f\u00e9rences en mati\u00e8re de produits. Gr\u00e2ce aux tableaux crois\u00e9s, ils peuvent rapidement d\u00e9crypter quels groupes d\u2019\u00e2ge pr\u00e9f\u00e8rent quels produits sp\u00e9cifiques. Les informations obtenues sont bien plus tangibles et exploitables que si l\u2019on observait des ensembles de donn\u00e9es autonomes.<\/p>\n\n\n\n<p>In marketing scenarios, cross-tabulation enables businesses to segment their audience more precisely. <a href=\"https:\/\/www.sisinternational.com\/fr\/competence\/les-industries\/etude-de-marche-sur-la-nourriture-des-compagnies-aeriennes-dans-la-restauration-en-vol\/\" title=\"\u00c9tude de march\u00e9 sur la restauration a\u00e9rienne et la restauration en vol\"  data-wpil-monitor-id=\"8406\">Marketers can align their campaigns to cater<\/a> to specific demographics based on their observed behavior. Furthermore, this type of research is not confined to just marketing; its applications span across sectors, including health, finance, and social sciences, to name a few.<\/p>\n\n\n\n<h2 class=\"wp-block-heading\">Quels sont les avantages des \u00e9tudes de march\u00e9 sur les tableaux crois\u00e9s ?<\/h2>\n\n\n\n<figure class=\"gb-block-image gb-block-image-28920733\"><img loading=\"lazy\" decoding=\"async\" width=\"1456\" height=\"816\" class=\"gb-image gb-image-28920733\" src=\"https:\/\/www.sisinternational.com\/wp-content\/uploads\/2025\/09\/Quantitative-research-20.jpg\" alt=\"\u00c9tudes de march\u00e9 et strat\u00e9gie internationales SIS\" title=\"Quantitative research (20)\" srcset=\"https:\/\/www.sisinternational.com\/wp-content\/uploads\/2025\/09\/Quantitative-research-20.jpg 1456w, https:\/\/www.sisinternational.com\/wp-content\/uploads\/2025\/09\/Quantitative-research-20-300x168.jpg 300w, https:\/\/www.sisinternational.com\/wp-content\/uploads\/2025\/09\/Quantitative-research-20-1024x574.jpg 1024w, https:\/\/www.sisinternational.com\/wp-content\/uploads\/2025\/09\/Quantitative-research-20-768x430.jpg 768w, https:\/\/www.sisinternational.com\/wp-content\/uploads\/2025\/09\/Quantitative-research-20-18x10.jpg 18w\" sizes=\"auto, (max-width: 1456px) 100vw, 1456px\"><\/figure>\n\n\n\n<p><\/p>\n\n\n\n<p>L\u2019utilisation d\u2019\u00e9tudes de march\u00e9 crois\u00e9es dans les processus commerciaux peut apporter des avantages significatifs, en am\u00e9liorant la prise de d\u00e9cision et la formulation de strat\u00e9gies \u2013 et voici quelques-uns des avantages les plus prononc\u00e9s\u00a0:<\/p>\n\n\n\n<p><strong>Visualisation des donn\u00e9es am\u00e9lior\u00e9e\u00a0:<\/strong> Les tableaux remplis de lignes et de colonnes de donn\u00e9es brutes peuvent \u00eatre difficiles \u00e0 dig\u00e9rer. Les tableaux crois\u00e9s fournissent un format structur\u00e9 qui repr\u00e9sente visuellement la relation entre les variables, facilitant ainsi l&#039;identification des tendances et des mod\u00e8les.<\/p>\n\n\n\n<p><strong>Analyse efficace des donn\u00e9es\u00a0:<\/strong> Les \u00e9tudes de march\u00e9 par tableaux crois\u00e9s facilitent une comparaison rapide de diff\u00e9rentes variables. Cela signifie que les entreprises peuvent rapidement discerner les corr\u00e9lations ou les disparit\u00e9s dans les ensembles de donn\u00e9es, ce qui acc\u00e9l\u00e8re les processus de prise de d\u00e9cision.<\/p>\n\n\n\n<p><strong>Informations marketing strat\u00e9giques\u00a0:<\/strong> By understanding the relationship between variables such as product preference across different age groups or regions, <a href=\"https:\/\/www.sisinternational.com\/fr\/entreprise-de-premier-plan-en-matiere-de-strategie-de-mise-sur-le-marche-b2b\/\" title=\"Entreprise de premier plan en mati\u00e8re de strat\u00e9gie de mise sur le march\u00e9 B2B\"  data-wpil-monitor-id=\"8399\">companies can tailor their marketing strategies<\/a> more effectively. This could result in higher engagement rates and increased ROI.<\/p>\n\n\n\n<p><strong>Rapport co\u00fbt-efficacit\u00e9:<\/strong> Plut\u00f4t que d\u2019investir dans des m\u00e9thodes de recherche plus \u00e9labor\u00e9es et co\u00fbteuses, les \u00e9tudes de march\u00e9 par tabulations crois\u00e9es offrent un moyen rentable d\u2019obtenir des informations exploitables \u00e0 partir des donn\u00e9es disponibles.<\/p>\n\n\n\n<p><strong>Informed <\/strong><a href=\"https:\/\/www.sisinternational.com\/fr\/73903-2\/\" title=\"Turn Consumer Flavor Preferences Into Winning Products\"  data-wpil-monitor-id=\"8401\">Product Development: Understanding consumer preferences<\/a>, behaviors, and needs can be streamlined with cross-tabulation. These insights can guide the development of products or services that resonate more deeply with target audiences.<\/p>\n\n\n\n<p><strong>Campagnes marketing sur mesure\u00a0:<\/strong> Gr\u00e2ce aux \u00e9tudes de march\u00e9 crois\u00e9es, les entreprises peuvent identifier les donn\u00e9es d\u00e9mographiques qui correspondent le plus \u00e0 leurs produits ou services. Cela signifie que les campagnes marketing peuvent \u00eatre cibl\u00e9es plus pr\u00e9cis\u00e9ment, garantissant que les ressources sont allou\u00e9es efficacement et que les messages atteignent les publics les plus r\u00e9ceptifs.<\/p>\n\n\n\n<p><strong>Analyse pr\u00e9dictive\u00a0:<\/strong> Gr\u00e2ce aux donn\u00e9es historiques et aux tableaux crois\u00e9s, les entreprises peuvent pr\u00e9dire les tendances futures, ce qui leur permet de garder une longueur d&#039;avance et de s&#039;adapter de mani\u00e8re proactive \u00e0 l&#039;\u00e9volution de la dynamique du march\u00e9.<\/p>\n\n\n\n<h2 class=\"wp-block-heading\">\u00c9tude de march\u00e9 sur les tableaux crois\u00e9s\u00a0: tendances \u00e9mergentes<\/h2>\n\n\n\n<p>Cross tabulation is evolving with <a href=\"https:\/\/www.sisinternational.com\/fr\/competence\/les-industries\/etude-de-marche-sur-la-technologie-des-boissons-alimentaires\/\" title=\"\u00c9tude de march\u00e9 sur la technologie des aliments et des boissons | Technologie alimentaire\"  data-wpil-monitor-id=\"8402\">technology and changing market<\/a> needs \u2013 and here are some of the emerging trends in cross tabulation market research that are changing how it is conducted today:<\/p>\n\n\n\n<p><strong>Big Data et tableaux crois\u00e9s\u00a0:<\/strong> Le volume, la vari\u00e9t\u00e9 et la rapidit\u00e9 des donn\u00e9es disponibles aujourd\u2019hui sont \u00e9normes. Les outils de croisement sont en cours d&#039;adaptation pour g\u00e9rer le Big Data, permettant de croiser de vastes ensembles de donn\u00e9es pour obtenir des informations plus approfondies.<\/p>\n\n\n\n<p><strong>Apprentissage automatique et IA\u00a0:<\/strong> As machine learning and AI tools become more accessible, they&#8217;re being used in tandem with cross-tabulation. These technologies can help identify patterns and relationships that might be missed through traditional analysis. Additionally, cross-tabulation results are being integrated with advanced <a href=\"https:\/\/www.sisinternational.com\/fr\/solutions\/conseil-en-strategie\/analyse-des-donnees\/\" title=\"Soci\u00e9t\u00e9 d&#039;analyse de donn\u00e9es\"  data-wpil-monitor-id=\"8404\">data visualization and analytics<\/a> tools. This allows for richer insights and better <a href=\"https:\/\/www.sisinternational.com\/fr\/competence\/les-industries\/conseil-en-visualisation-de-donnees\/\" title=\"Conseil en visualisation de donn\u00e9es\"  data-wpil-monitor-id=\"8405\">visualization of data<\/a> relationships.<\/p>\n\n\n\n<p><strong>Analyse automatis\u00e9e\u00a0:<\/strong> Les outils d&#039;automatisation aident \u00e0 g\u00e9n\u00e9rer automatiquement des tableaux crois\u00e9s bas\u00e9s sur les combinaisons les plus pertinentes et les plus fr\u00e9quemment recherch\u00e9es, r\u00e9duisant ainsi le travail manuel et rationalisant le processus de recherche.<\/p>\n\n\n\n<p><strong>Int\u00e9gration avec des donn\u00e9es qualitatives\u00a0:<\/strong> Il existe une tendance croissante \u00e0 m\u00e9langer des donn\u00e9es quantitatives (issues de tableaux crois\u00e9s) avec des informations qualitatives. Cela offre une vision plus globale du march\u00e9, combinant des chiffres concrets et des connaissances humaines nuanc\u00e9es.<\/p>\n\n\n\n<p><strong>Concentrez-vous sur l&#039;UX\/UI dans les outils Cross-Tab\u00a0:<\/strong> \u00c0 mesure que la base d&#039;utilisateurs des outils crois\u00e9s s&#039;\u00e9tend au-del\u00e0 des seuls chercheurs pour inclure d&#039;autres professionnels, l&#039;accent est mis davantage sur l&#039;am\u00e9lioration de l&#039;interface et de l&#039;exp\u00e9rience utilisateur.<\/p>\n\n\n\n<h2 class=\"wp-block-heading\">Quelles sont les opportunit\u00e9s et les d\u00e9fis des \u00e9tudes de march\u00e9 par tabulation crois\u00e9e pour les entreprises ?<\/h2>\n\n\n\n<figure class=\"gb-block-image gb-block-image-7d142e1d\"><img loading=\"lazy\" decoding=\"async\" width=\"1456\" height=\"816\" class=\"gb-image gb-image-7d142e1d\" src=\"https:\/\/www.sisinternational.com\/wp-content\/uploads\/2025\/09\/Quantitative-research-1d4-5.jpg\" alt=\"\u00c9tudes de march\u00e9 et strat\u00e9gie internationales SIS\" title=\"Quantitative research (1d4) (5)\" srcset=\"https:\/\/www.sisinternational.com\/wp-content\/uploads\/2025\/09\/Quantitative-research-1d4-5.jpg 1456w, https:\/\/www.sisinternational.com\/wp-content\/uploads\/2025\/09\/Quantitative-research-1d4-5-300x168.jpg 300w, https:\/\/www.sisinternational.com\/wp-content\/uploads\/2025\/09\/Quantitative-research-1d4-5-1024x574.jpg 1024w, https:\/\/www.sisinternational.com\/wp-content\/uploads\/2025\/09\/Quantitative-research-1d4-5-768x430.jpg 768w, https:\/\/www.sisinternational.com\/wp-content\/uploads\/2025\/09\/Quantitative-research-1d4-5-18x10.jpg 18w\" sizes=\"auto, (max-width: 1456px) 100vw, 1456px\"><\/figure>\n\n\n\n<p><\/p>\n\n\n\n<p>Les \u00e9tudes de march\u00e9 par tableaux crois\u00e9s pr\u00e9sentent un tr\u00e9sor d\u2019opportunit\u00e9s pour les entreprises souhaitant exploiter tout le potentiel de leurs donn\u00e9es. Voici comment les entreprises peuvent tirer parti des tableaux crois\u00e9s pour am\u00e9liorer leur rentabilit\u00e9, leur productivit\u00e9 et leur port\u00e9e sur le march\u00e9, ainsi que les d\u00e9fis qu&#039;elles doivent surmonter lorsqu&#039;elles m\u00e8nent cette recherche\u00a0:<\/p>\n\n\n\n<h3 class=\"wp-block-heading\">Opportunit\u00e9s<\/h3>\n\n\n\n<p><strong>Placement de produit strat\u00e9gique\u00a0:<\/strong> Les entreprises peuvent prendre des d\u00e9cisions \u00e9clair\u00e9es sur l\u2019endroit o\u00f9 stocker des produits sp\u00e9cifiques en analysant le comportement d\u2019achat dans diff\u00e9rentes r\u00e9gions ou magasins. Cela peut optimiser les ventes et r\u00e9duire les co\u00fbts d\u2019inventaire.<\/p>\n\n\n\n<p><strong>Expansion de la port\u00e9e du march\u00e9\u00a0:<\/strong> Cross tabulation market research can identify untapped markets or demographics that might be interested in a business&#8217;s products or services. This opens doors to new <a href=\"https:\/\/www.sisinternational.com\/fr\/competence\/les-industries\/etude-de-marche-sur-le-streaming-video-et-musical\/\" title=\"\u00c9tude de march\u00e9 sur le streaming vid\u00e9o et musical\"  data-wpil-monitor-id=\"8403\">marketing campaigns and potential revenue streams<\/a>.<\/p>\n\n\n\n<p><strong>Am\u00e9lioration de l&#039;exp\u00e9rience client\u00a0:<\/strong> En comprenant en profondeur les diff\u00e9rents segments de client\u00e8le, les entreprises peuvent affiner l&#039;exp\u00e9rience client, garantissant ainsi une satisfaction et une fid\u00e9lit\u00e9 accrues.<\/p>\n\n\n\n<h3 class=\"wp-block-heading\">D\u00e9fis<\/h3>\n\n\n\n<figure class=\"gb-block-image gb-block-image-b70be8f3\"><img loading=\"lazy\" decoding=\"async\" width=\"1456\" height=\"816\" class=\"gb-image gb-image-b70be8f3\" src=\"https:\/\/www.sisinternational.com\/wp-content\/uploads\/2025\/09\/Quantitative-research-1d4-1.jpg\" alt=\"\u00c9tudes de march\u00e9 et strat\u00e9gie internationales SIS\" title=\"Quantitative research (1d4) (1)\" srcset=\"https:\/\/www.sisinternational.com\/wp-content\/uploads\/2025\/09\/Quantitative-research-1d4-1.jpg 1456w, https:\/\/www.sisinternational.com\/wp-content\/uploads\/2025\/09\/Quantitative-research-1d4-1-300x168.jpg 300w, https:\/\/www.sisinternational.com\/wp-content\/uploads\/2025\/09\/Quantitative-research-1d4-1-1024x574.jpg 1024w, https:\/\/www.sisinternational.com\/wp-content\/uploads\/2025\/09\/Quantitative-research-1d4-1-768x430.jpg 768w, https:\/\/www.sisinternational.com\/wp-content\/uploads\/2025\/09\/Quantitative-research-1d4-1-18x10.jpg 18w\" sizes=\"auto, (max-width: 1456px) 100vw, 1456px\"><\/figure>\n\n\n\n<p><\/p>\n\n\n\n<p><strong>Complexit\u00e9 de l&#039;interpr\u00e9tation des donn\u00e9es\u00a0:<\/strong> Les tableaux crois\u00e9s peuvent produire des tableaux contenant de grands volumes de donn\u00e9es. L&#039;interpr\u00e9tation de ces tableaux, en particulier ceux comportant plusieurs variables, peut \u00eatre complexe et n\u00e9cessiter une expertise. M\u00eame si les tableaux crois\u00e9s peuvent r\u00e9v\u00e9ler des relations entre deux variables, ils peuvent ne pas capturer les effets d\u2019interaction entre plusieurs variables, ce qui pourrait fournir des informations plus approfondies.<\/p>\n\n\n\n<p><strong>Risque de mauvaise interpr\u00e9tation\u00a0:<\/strong> Il est facile de tirer des conclusions h\u00e2tives en se basant sur les tendances apparentes des donn\u00e9es crois\u00e9es. Cependant, sans une compr\u00e9hension approfondie des variables impliqu\u00e9es et du contexte global, il existe un risque de mauvaise interpr\u00e9tation des r\u00e9sultats.<\/p>\n\n\n\n<p><strong>D\u00e9pendance excessive \u00e0 l\u2019\u00e9gard des donn\u00e9es quantitatives\u00a0:<\/strong> While cross tabulation market research is exceptional for analyzing quantitative data, it may not capture qualitative nuances. Businesses must ensure they&#8217;re not neglecting the <a href=\"https:\/\/www.sisinternational.com\/fr\/sampling-techniques-in-qualitative-research-the-complete-guide-to-choosing-the-right-method\/\" title=\"Sampling Techniques in Qualitative Research: The Complete Guide to Choosing the Right Method\"  data-wpil-monitor-id=\"8400\">qualitative insights that other research methods<\/a> might offer. Moreover, businesses might focus too much on the observable patterns in the cross-tabulated data, potentially missing out on underlying factors or trends that aren&#8217;t immediately apparent.<\/p>\n\n\n\n<p><strong>Co\u00fbts des logiciels et de la formation\u00a0:<\/strong> Une \u00e9tude de march\u00e9 par tabulation crois\u00e9e efficace peut n\u00e9cessiter des logiciels et des outils sophistiqu\u00e9s. De plus, s\u2019assurer que le personnel peut utiliser correctement ces outils et interpr\u00e9ter les r\u00e9sultats peut entra\u00eener des co\u00fbts de formation.<\/p>\n\n\n\n<p><\/p>","protected":false},"excerpt":{"rendered":"<p>Les \u00e9tudes de march\u00e9 par tabulations crois\u00e9es aident les entreprises \u00e0 glaner des informations plus approfondies \u00e0 partir d\u2019ensembles de donn\u00e9es, en donnant un sens aux chiffres et aux tendances pour prendre des d\u00e9cisions.<\/p>","protected":false},"author":1,"featured_media":67013,"parent":14514,"menu_order":403,"comment_status":"closed","ping_status":"closed","template":"","meta":{"footnotes":""},"class_list":["post-44085","page","type-page","status-publish","has-post-thumbnail"],"_links":{"self":[{"href":"https:\/\/www.sisinternational.com\/fr\/wp-json\/wp\/v2\/pages\/44085","targetHints":{"allow":["GET"]}}],"collection":[{"href":"https:\/\/www.sisinternational.com\/fr\/wp-json\/wp\/v2\/pages"}],"about":[{"href":"https:\/\/www.sisinternational.com\/fr\/wp-json\/wp\/v2\/types\/page"}],"author":[{"embeddable":true,"href":"https:\/\/www.sisinternational.com\/fr\/wp-json\/wp\/v2\/users\/1"}],"replies":[{"embeddable":true,"href":"https:\/\/www.sisinternational.com\/fr\/wp-json\/wp\/v2\/comments?post=44085"}],"version-history":[{"count":4,"href":"https:\/\/www.sisinternational.com\/fr\/wp-json\/wp\/v2\/pages\/44085\/revisions"}],"predecessor-version":[{"id":81409,"href":"https:\/\/www.sisinternational.com\/fr\/wp-json\/wp\/v2\/pages\/44085\/revisions\/81409"}],"up":[{"embeddable":true,"href":"https:\/\/www.sisinternational.com\/fr\/wp-json\/wp\/v2\/pages\/14514"}],"wp:featuredmedia":[{"embeddable":true,"href":"https:\/\/www.sisinternational.com\/fr\/wp-json\/wp\/v2\/media\/67013"}],"wp:attachment":[{"href":"https:\/\/www.sisinternational.com\/fr\/wp-json\/wp\/v2\/media?parent=44085"}],"curies":[{"name":"wp","href":"https:\/\/api.w.org\/{rel}","templated":true}]}}