{"id":44081,"date":"2023-11-06T14:06:45","date_gmt":"2023-11-06T19:06:45","guid":{"rendered":"https:\/\/www.sisinternational.com\/?page_id=44081"},"modified":"2026-01-26T18:35:35","modified_gmt":"2026-01-26T23:35:35","slug":"recherche-de-concurrents","status":"publish","type":"page","link":"https:\/\/www.sisinternational.com\/fr\/competence\/recherche-de-concurrents\/","title":{"rendered":"Recherche de concurrents"},"content":{"rendered":"<h1 class=\"wp-block-heading\">Recherche de concurrents<\/h1>\n\n\n\n<figure class=\"gb-block-image gb-block-image-c0f3e8bf\"><img loading=\"lazy\" decoding=\"async\" width=\"1456\" height=\"816\" class=\"gb-image gb-image-c0f3e8bf\" src=\"https:\/\/www.sisinternational.com\/wp-content\/uploads\/2025\/10\/growth.png\" alt=\"\u00c9tudes de march\u00e9 et strat\u00e9gie internationales SIS\" title=\"growth\" srcset=\"https:\/\/www.sisinternational.com\/wp-content\/uploads\/2025\/10\/growth.png 1456w, https:\/\/www.sisinternational.com\/wp-content\/uploads\/2025\/10\/growth-300x168.png 300w, https:\/\/www.sisinternational.com\/wp-content\/uploads\/2025\/10\/growth-1024x574.png 1024w, https:\/\/www.sisinternational.com\/wp-content\/uploads\/2025\/10\/growth-768x430.png 768w, https:\/\/www.sisinternational.com\/wp-content\/uploads\/2025\/10\/growth-18x10.png 18w\" sizes=\"auto, (max-width: 1456px) 100vw, 1456px\"><\/figure>\n\n\n\n<p><\/p>\n\n\n\n<p>Vous \u00eates-vous d\u00e9j\u00e0 demand\u00e9 pourquoi certaines entreprises ont une \u00e9trange capacit\u00e9 \u00e0 anticiper les changements du march\u00e9, \u00e0 lancer des produits en temps opportun ou \u00e0 r\u00e9soudre les probl\u00e8mes des clients ? La recherche de concurrents est g\u00e9n\u00e9ralement la r\u00e9ponse. Les strat\u00e9gies commerciales les plus efficaces reposent sur une compr\u00e9hension approfondie de leur public mais \u00e9galement des actions de leurs concurrents directs et indirects.<\/p>\n\n\n\n<h2 class=\"wp-block-heading\">Pourquoi les entreprises devraient-elles investir dans la recherche sur la concurrence ?<\/h2>\n\n\n\n<p>La recherche sur la concurrence fournit aux entreprises un aper\u00e7u complet du paysage du march\u00e9. Il dresse un tableau clair de la situation de l\u2019entreprise par rapport \u00e0 ses concurrents et met en lumi\u00e8re les forces et les faiblesses de ces derniers. Cette connaissance offre aux entreprises l&#039;avantage unique de tirer parti des faiblesses de leurs concurrents tout en renfor\u00e7ant leurs offres par rapport aux atouts de leurs concurrents.<\/p>\n\n\n\n<p>Par exemple, si un concurrent a une image de marque forte mais manque de service client, une entreprise peut se diff\u00e9rencier en fournissant un service client exceptionnel.<\/p>\n\n\n\n<p>Furthermore, by understanding the strategies and tactics that competitors are employing, <a href=\"https:\/\/www.sisinternational.com\/fr\/publications\/etude-de-marche-sur-les-entreprises-evolutives-7-facons-de-creer-une-entreprise-evolutive\/\" title=\"\u00c9tude de march\u00e9 sur les entreprises \u00e9volutives\u00a0: 7 fa\u00e7ons de cr\u00e9er une entreprise \u00e9volutive\"  data-wpil-monitor-id=\"8364\">businesses can anticipate market<\/a> shifts. When a key competitor launches a new <a href=\"https:\/\/www.sisinternational.com\/fr\/competence\/cv-dexperience\/etude-de-marche-sur-les-produits-de-soins-personnels\/\" title=\"\u00c9tude de march\u00e9 sur les produits de soins personnels\"  data-wpil-monitor-id=\"8363\">product or enters a new market<\/a>, it&#8217;s often a signal of a larger trend or shift. Being aware of this allows businesses to pivot their strategies proactively.<\/p>\n\n\n\n<h2 class=\"wp-block-heading\">Quels sont les avantages de la recherche de concurrents pour les entreprises ?<\/h2>\n\n\n\n<p>Plonger dans la recherche sur les concurrents peut donner l\u2019impression d\u2019ouvrir un tr\u00e9sor d\u2019informations pour les entreprises. Les avantages tir\u00e9s de ce processus peuvent avoir de profondes implications sur la strat\u00e9gie, l\u2019innovation et la croissance \u2013 et voici pourquoi chaque entreprise devrait mener des recherches sur ses concurrents\u00a0:<\/p>\n\n\n\n<p><strong>Prise de d\u00e9cision bas\u00e9e sur les donn\u00e9es\u00a0:<\/strong> Les d\u00e9cisions fond\u00e9es sur des donn\u00e9es et des informations sont souvent plus pr\u00e9cises et plus percutantes. Lorsque les entreprises comprennent le paysage concurrentiel, elles peuvent prendre des d\u00e9cisions proactives plut\u00f4t que r\u00e9actives et les aider \u00e0 anticiper les \u00e9volutions futures du march\u00e9 et \u00e0 se pr\u00e9parer en cons\u00e9quence.<\/p>\n\n\n\n<p><strong>D\u00e9couvrir des opportunit\u00e9s\u00a0:<\/strong> <a href=\"https:\/\/www.sisinternational.com\/fr\/competence\/les-industries\/etude-de-marche-des-decideurs-dentreprise\/\" title=\"\u00c9tude de march\u00e9 des d\u00e9cideurs commerciaux\"  data-wpil-monitor-id=\"8362\">Research often leads businesses<\/a> to discover untapped market segments, new product ideas, or service enhancements that competitors might have missed.<\/p>\n\n\n\n<p><strong>Strat\u00e9gies de marketing am\u00e9lior\u00e9es\u00a0:<\/strong> By understanding the marketing tactics that resonate with the audience (based on competitors&#8217; successful campaigns), businesses can <a href=\"https:\/\/www.sisinternational.com\/fr\/le-role-du-developpement-de-processus-et-de-systemes-dans-la-reussite-organisationnelle\/\" title=\"\u00c9tude de march\u00e9 sur la conception organisationnelle\"  data-wpil-monitor-id=\"8360\">design more effective marketing strategies<\/a>. This means better ROI on marketing investments.<\/p>\n\n\n\n<p><strong>Analyse comparative\u00a0:<\/strong> Gr\u00e2ce \u00e0 la recherche sur les concurrents, les entreprises peuvent se fixer des r\u00e9f\u00e9rences. Cela peut concerner les caract\u00e9ristiques du produit, la qualit\u00e9 du service, l\u2019efficacit\u00e9 du marketing ou tout autre indicateur.<\/p>\n\n\n\n<p><strong>Rapport co\u00fbt-efficacit\u00e9:<\/strong> Instead of learning through trial and error, <a href=\"https:\/\/www.sisinternational.com\/fr\/predictive-analytics\/\" title=\"Predictive Analytics: Your Crystal Ball for Business Success\"  data-wpil-monitor-id=\"8366\">businesses can look at competitors&#8217; successes<\/a> and failures. This not only accelerates learning but can also lead to more cost-efficient operations.<\/p>\n\n\n\n<p><strong>Gestion des risques:<\/strong> Recognizing competitive threats early on enables businesses to adapt and respond, thereby reducing potential risks to <a href=\"https:\/\/www.sisinternational.com\/fr\/non-profit-market-research\/\" title=\"\u00c9tude de march\u00e9 \u00e0 but non lucratif\"  data-wpil-monitor-id=\"8365\">market share or profitability<\/a>.<\/p>\n\n\n\n<p><strong>Confiance des parties prenantes\u00a0:<\/strong> D\u00e9montrer une connaissance du paysage concurrentiel peut inspirer confiance aux parties prenantes, des investisseurs aux employ\u00e9s, car cela met en valeur une approche proactive et strat\u00e9gique de la gestion d\u2019entreprise.<\/p>\n\n\n\n<h2 class=\"wp-block-heading\">Opportunit\u00e9s de recherche de concurrents pour les entreprises<\/h2>\n\n\n\n<p>La recherche sur la concurrence offre une vision plus claire des opportunit\u00e9s que les entreprises peuvent exploiter pour leur croissance, leur rentabilit\u00e9 et leur expansion. Voici un aper\u00e7u approfondi des multiples opportunit\u00e9s qui d\u00e9coulent de l\u2019analyse des concurrents\u00a0:<\/p>\n\n\n\n<p><strong>Diff\u00e9renciation de produit:<\/strong> Les entreprises peuvent identifier les lacunes dans les offres des concurrents et cr\u00e9er des produits ou des services qui comblent ces vides. Cela garantit non seulement des propositions de valeur uniques, mais peut \u00e9galement imposer des prix plus \u00e9lev\u00e9s.<\/p>\n\n\n\n<p><strong>Partenariats strat\u00e9giques\u00a0:<\/strong> Comprendre les concurrents pourrait r\u00e9v\u00e9ler le potentiel de partenariats plut\u00f4t que de concurrence. Parfois, la collaboration peut \u00eatre plus b\u00e9n\u00e9fique que la concurrence, conduisant \u00e0 une plus grande part de march\u00e9 pour les deux parties.<\/p>\n\n\n\n<p><a href=\"https:\/\/www.sisinternational.com\/fr\/segmentation-interentreprises\/\" title=\"Segmentation du march\u00e9 interentreprises\"  data-wpil-monitor-id=\"8367\">Market Expansion: Identifying regions or segments<\/a> where competitors are underperforming can pave the way for businesses to expand into these untapped territories, capturing a fresh audience.<\/p>\n\n\n\n<p><strong>Affinement de la strat\u00e9gie de tarification\u00a0:<\/strong> La recherche sur les concurrents peut offrir un aper\u00e7u des strat\u00e9gies de prix adopt\u00e9es par les concurrents. Ces connaissances permettent aux entreprises de positionner leurs offres de mani\u00e8re plus attractive, que ce soit par le biais de prix comp\u00e9titifs, d&#039;offres group\u00e9es ou de services \u00e0 valeur ajout\u00e9e.<\/p>\n\n\n\n<p><strong>Adoption de la technologie\u00a0:<\/strong> Reconna\u00eetre les technologies et les outils exploit\u00e9s par les concurrents peut inciter les entreprises \u00e0 adopter des solutions similaires (ou meilleures), conduisant \u00e0 une efficacit\u00e9, une exp\u00e9rience client et des op\u00e9rations am\u00e9lior\u00e9es.<\/p>\n\n\n\n<p><strong>Positionnement de la marque\u00a0:<\/strong> En \u00e9tudiant les messages de marque des concurrents et les perceptions des clients, les entreprises peuvent \u00e9laborer leurs r\u00e9cits de mani\u00e8re plus convaincante, en s&#039;assurant qu&#039;ils correspondent aux aspirations, aux besoins et aux valeurs du public cible.<\/p>\n\n\n\n<p><a href=\"https:\/\/www.sisinternational.com\/fr\/solutions\/conseil-en-strategie\/identification-des-cibles-des-fusions-et-acquisitions\/\" title=\"Recherche en fusions et acquisitions\"  data-wpil-monitor-id=\"6960\">Acquisition Targets: Competitor research<\/a> might reveal struggling competitors who could be potential acquisition targets. Acquiring such businesses can lead to rapid expansion, technology acquisition, or elimination of competition.<\/p>\n\n\n\n<p><strong>Catalyseur d&#039;innovation\u00a0:<\/strong> Understanding what competitors are doing can spark innovation. Businesses can either improve upon competitors&#8217; ideas or find entirely new <a href=\"https:\/\/www.sisinternational.com\/fr\/etude-de-marche-sur-la-maison-intelligente\/\" title=\"\u00c9tude de march\u00e9 sur la maison intelligente\"  data-wpil-monitor-id=\"8361\">solutions to market<\/a> needs.<\/p>\n\n\n\n<p><strong>Campagnes marketing sur mesure\u00a0:<\/strong> En observant quelles campagnes marketing des concurrents r\u00e9ussissent et lesquelles \u00e9chouent, les entreprises peuvent adapter leurs strat\u00e9gies marketing pour qu&#039;elles aient plus d&#039;impact, garantissant ainsi un meilleur engagement et une meilleure conversion.<\/p>\n\n\n\n<h2 class=\"wp-block-heading\">Les d\u00e9fis de la recherche de concurrents pour les entreprises<\/h2>\n\n\n\n<p>Bien que la recherche sur les concurrents fournisse aux entreprises des informations et des opportunit\u00e9s compl\u00e8tes, elle pr\u00e9sente plusieurs d\u00e9fis que les entreprises doivent surmonter \u2013 et voici quelques-uns des obstacles potentiels auxquels les entreprises pourraient \u00eatre confront\u00e9es lorsqu&#039;elles se lancent dans l&#039;analyse des concurrents :<\/p>\n\n\n\n<p><strong>Conditions de march\u00e9 dynamiques\u00a0:<\/strong> Les march\u00e9s \u00e9voluent constamment, avec l\u2019arriv\u00e9e de nouveaux acteurs et les acteurs existants qui modifient leurs strat\u00e9gies. Cela signifie que la recherche sur la concurrence doit \u00eatre continue et que les entreprises doivent \u00eatre pr\u00eates \u00e0 s&#039;adapter rapidement \u00e0 des paysages changeants.<\/p>\n\n\n\n<p><strong>Acc\u00e8s aux donn\u00e9es authentiques\u00a0:<\/strong> Des donn\u00e9es fiables sont l\u2019\u00e9pine dorsale d\u2019une recherche efficace sur les concurrents. Cependant, obtenir des informations pr\u00e9cises et actuelles sur les concurrents (surtout s\u2019il s\u2019agit d\u2019entit\u00e9s priv\u00e9es) peut s\u2019av\u00e9rer difficile.<\/p>\n\n\n\n<p><strong>Risque de copie\u00a0:<\/strong> La fronti\u00e8re est mince entre s\u2019inspirer des concurrents et les copier purement et simplement. Les entreprises doivent s\u2019assurer que tout en apprenant de leurs concurrents, elles innovent \u00e9galement et conservent leur proposition de valeur unique.<\/p>\n\n\n\n<p><strong>Pr\u00e9occupations juridiques et \u00e9thiques\u00a0:<\/strong> Certaines m\u00e9thodes de collecte d\u2019informations sur les concurrents peuvent friser le contraire \u00e0 l\u2019\u00e9thique, voire \u00eatre ill\u00e9gales. Les entreprises doivent s\u2019assurer qu\u2019elles sont toujours du bon c\u00f4t\u00e9 de la loi et maintenir des normes \u00e9thiques.<\/p>\n\n\n\n<p><strong>Insistance excessive sur la concurrence\u00a0:<\/strong> S&#039;il est essentiel de comprendre ce que font les concurrents, il existe un risque de devenir trop ax\u00e9 sur les concurrents. Les entreprises doivent penser \u00e0 garder leurs clients au centre de leurs strat\u00e9gies.<\/p>\n\n\n\n<p><strong>Maintien de la confidentialit\u00e9\u00a0:<\/strong> Lorsqu\u2019elles effectuent des recherches sur leurs concurrents, les entreprises peuvent recueillir des informations sensibles. Il est essentiel de g\u00e9rer ces donn\u00e9es de mani\u00e8re responsable, en pr\u00e9servant leur confidentialit\u00e9 et en veillant \u00e0 ce qu&#039;elles ne soient pas utilis\u00e9es \u00e0 mauvais escient.<\/p>\n\n\n\n<p><strong>Complexit\u00e9 de l&#039;analyse\u00a0:<\/strong> Avoir des donn\u00e9es brutes est une chose ; obtenir des informations exploitables en est une autre. La grande quantit\u00e9 de donn\u00e9es peut \u00eatre \u00e9crasante et n\u00e9cessite des outils et une expertise appropri\u00e9s pour filtrer le bruit, identifier des mod\u00e8les et tirer des conclusions significatives.<\/p>","protected":false},"excerpt":{"rendered":"<p>L\u2019\u00e9tude des concurrents fournit un aper\u00e7u complet du paysage du march\u00e9 et met en lumi\u00e8re les forces et les faiblesses des concurrents.<\/p>","protected":false},"author":1,"featured_media":71170,"parent":14514,"menu_order":402,"comment_status":"closed","ping_status":"closed","template":"","meta":{"footnotes":""},"class_list":["post-44081","page","type-page","status-publish","has-post-thumbnail"],"_links":{"self":[{"href":"https:\/\/www.sisinternational.com\/fr\/wp-json\/wp\/v2\/pages\/44081","targetHints":{"allow":["GET"]}}],"collection":[{"href":"https:\/\/www.sisinternational.com\/fr\/wp-json\/wp\/v2\/pages"}],"about":[{"href":"https:\/\/www.sisinternational.com\/fr\/wp-json\/wp\/v2\/types\/page"}],"author":[{"embeddable":true,"href":"https:\/\/www.sisinternational.com\/fr\/wp-json\/wp\/v2\/users\/1"}],"replies":[{"embeddable":true,"href":"https:\/\/www.sisinternational.com\/fr\/wp-json\/wp\/v2\/comments?post=44081"}],"version-history":[{"count":6,"href":"https:\/\/www.sisinternational.com\/fr\/wp-json\/wp\/v2\/pages\/44081\/revisions"}],"predecessor-version":[{"id":81401,"href":"https:\/\/www.sisinternational.com\/fr\/wp-json\/wp\/v2\/pages\/44081\/revisions\/81401"}],"up":[{"embeddable":true,"href":"https:\/\/www.sisinternational.com\/fr\/wp-json\/wp\/v2\/pages\/14514"}],"wp:featuredmedia":[{"embeddable":true,"href":"https:\/\/www.sisinternational.com\/fr\/wp-json\/wp\/v2\/media\/71170"}],"wp:attachment":[{"href":"https:\/\/www.sisinternational.com\/fr\/wp-json\/wp\/v2\/media?parent=44081"}],"curies":[{"name":"wp","href":"https:\/\/api.w.org\/{rel}","templated":true}]}}