{"id":44068,"date":"2023-11-06T12:37:14","date_gmt":"2023-11-06T17:37:14","guid":{"rendered":"https:\/\/www.sisinternational.com\/?page_id=44068"},"modified":"2026-03-15T23:59:31","modified_gmt":"2026-03-16T03:59:31","slug":"societe-detudes-de-marche-communautaire-en-ligne-b2b","status":"publish","type":"page","link":"https:\/\/www.sisinternational.com\/fr\/b2b-market-research-page\/societe-detudes-de-marche-communautaire-en-ligne-b2b\/","title":{"rendered":"Soci\u00e9t\u00e9 d'\u00e9tudes de march\u00e9 sur les communaut\u00e9s en ligne B2B"},"content":{"rendered":"<h1 class=\"wp-block-heading\">Soci\u00e9t\u00e9 d'\u00e9tudes de march\u00e9 sur les communaut\u00e9s en ligne B2B<\/h1>\n\n\n\n<figure class=\"gb-block-image gb-block-image-37bfe496\"><img loading=\"lazy\" decoding=\"async\" width=\"1456\" height=\"816\" class=\"gb-image gb-image-37bfe496\" src=\"https:\/\/www.sisinternational.com\/wp-content\/uploads\/2025\/08\/Online-focus-group-3-1.jpg\" alt=\"\u00c9tudes de march\u00e9 et strat\u00e9gie internationales SIS\" title=\"Online focus group (3)\" srcset=\"https:\/\/www.sisinternational.com\/wp-content\/uploads\/2025\/08\/Online-focus-group-3-1.jpg 1456w, https:\/\/www.sisinternational.com\/wp-content\/uploads\/2025\/08\/Online-focus-group-3-1-300x168.jpg 300w, https:\/\/www.sisinternational.com\/wp-content\/uploads\/2025\/08\/Online-focus-group-3-1-1024x574.jpg 1024w, https:\/\/www.sisinternational.com\/wp-content\/uploads\/2025\/08\/Online-focus-group-3-1-768x430.jpg 768w, https:\/\/www.sisinternational.com\/wp-content\/uploads\/2025\/08\/Online-focus-group-3-1-18x10.jpg 18w\" sizes=\"auto, (max-width: 1456px) 100vw, 1456px\"><\/figure>\n\n\n\n<p><\/p>\n\n\n\n<p>What can drive a company to the forefront of its industry, making sure it understands the complex dynamics of its marketplace as well as the needs of its customers? The answer lies in capitalizing on the opinions and engagement of an entire community. Yet, how do organizations effectively leverage this resource? They utilize the services of a <a title=\"Meilleure soci\u00e9t\u00e9 d&#039;\u00e9tudes de march\u00e9 B2B\" href=\"https:\/\/www.sisinternational.com\/fr\/societe-detudes-de-marche-b2b-de-premier-plan\/\" data-wpil-monitor-id=\"1665\">B2B online community market research company<\/a>.<\/p>\n\n\n\n<h2 class=\"wp-block-heading\">Comprendre le r\u00f4le d&#039;une soci\u00e9t\u00e9 d&#039;\u00e9tudes de march\u00e9 communautaire en ligne B2B<\/h2>\n\n\n\n<p>One of the foremost reasons to hire such a company is its capability to delve deep into real-world insights. Traditional market research can often feel detached. However, a <a title=\"Panel en ligne B2B Soci\u00e9t\u00e9 d&#039;\u00e9tudes de march\u00e9\" href=\"https:\/\/www.sisinternational.com\/fr\/solutions\/top-b2b-online-panel-market-research-company\/\" data-wpil-monitor-id=\"2370\">B2B online community market research company<\/a> promotes active engagement. This means instead of merely collecting data, they foster conversations that provide qualitative insights.<\/p>\n\n\n\n<p>Avec les communaut\u00e9s en ligne, les commentaires ne sont pas un \u00e9v\u00e9nement ponctuel. Il s&#039;agit d&#039;un flux continu, fournissant des r\u00e9actions en temps r\u00e9el aux changements du march\u00e9, aux lancements de produits ou aux \u00e9volutions du secteur. Ce dynamisme peut \u00eatre essentiel pour permettre aux entreprises du secteur B2B de faire pivoter ou d\u2019adapter rapidement leurs strat\u00e9gies.<\/p>\n\n\n\n<p>Moreover, with the constantly evolving business landscape, relying solely on traditional market research techniques might leave gaps in understanding. A B2B <a title=\"\u00c9tude de march\u00e9 sur les applications de rencontres en ligne\" href=\"https:\/\/www.sisinternational.com\/fr\/competence\/les-industries\/etude-de-marche-sur-les-applications-de-rencontres-en-ligne\/\" data-wpil-monitor-id=\"5940\">online community market research<\/a> company, bridges these gaps, ensuring businesses are not just informed but deeply connected to their market pulse.<\/p>\n\n\n\n<p>Dans tous les cas, la collaboration apporte de nombreux autres avantages aux entreprises tels que :<\/p>\n\n\n\n<p><strong>Recherche sur mesure\u00a0:<\/strong> Unlike generic market research, a B2B online community <a title=\"Soci\u00e9t\u00e9 d\u2019\u00e9tudes de march\u00e9 \u00e0 Atlanta\" href=\"https:\/\/www.sisinternational.com\/fr\/couverture\/les-ameriques\/couverture-des-etats-unis\/societe-detudes-de-marche-atlanta\/\" data-wpil-monitor-id=\"6412\">market research company<\/a> can custom-tailor its research approach to fit the unique needs and questions of a business. This ensures more relevant and actionable findings.<\/p>\n\n\n\n<p><strong>Rentable:<\/strong> Les m\u00e9thodes traditionnelles d\u2019\u00e9tude de march\u00e9, telles que les groupes de discussion ou les entretiens en face-\u00e0-face, peuvent \u00eatre gourmandes en ressources. Gr\u00e2ce aux outils et plateformes num\u00e9riques utilis\u00e9s par une soci\u00e9t\u00e9 d\u2019\u00e9tudes de march\u00e9, les entreprises peuvent recueillir des informations plus efficacement et \u00e0 moindre co\u00fbt.<\/p>\n\n\n\n<p><strong>D\u00e9lai d\u2019ex\u00e9cution plus rapide\u00a0:<\/strong> Le temps presse dans le monde des affaires actuel, o\u00f9 tout \u00e9volue rapidement. Ces entreprises, tirant parti de la puissance des communaut\u00e9s en ligne, peuvent produire des r\u00e9sultats plus rapidement que les m\u00e9thodes conventionnelles, permettant ainsi aux entreprises d&#039;agir rapidement.<\/p>\n\n\n\n<p><strong>Fid\u00e9liser\u00a0:<\/strong> S&#039;engager avec une communaut\u00e9, en particulier pour les entreprises B2B, peut favoriser la fid\u00e9lit\u00e9. Lorsque les clients ou clients potentiels se sentent entendus et impliqu\u00e9s, cela renforce leur lien avec la marque, conduisant \u00e0 des relations \u00e0 plus long terme.<\/p>\n\n\n\n<p><strong>Pr\u00e9vision des tendances\u00a0:<\/strong> The collective knowledge and experience of a community can be a crystal ball, predicting upcoming industry trends or shifts. With the expertise of a <a title=\"Qu\u2019est-ce que le marketing B2B ?\" href=\"https:\/\/www.sisinternational.com\/fr\/complexites-du-marketing-b2b\/\" data-wpil-monitor-id=\"7324\">B2B online community market<\/a> research company, businesses can be ahead of the curve, preparing for market changes before they become mainstream.<\/p>\n\n\n\n<h2 class=\"wp-block-heading\">Opportunit\u00e9s pour les entreprises lors de l&#039;embauche d&#039;une soci\u00e9t\u00e9 d&#039;\u00e9tudes de march\u00e9 communautaire en ligne B2B<\/h2>\n\n\n\n<p>Dans le paysage des affaires, l\u2019introduction de communaut\u00e9s en ligne a ouvert plusieurs opportunit\u00e9s, notamment avec l\u2019aide d\u2019une soci\u00e9t\u00e9 d\u2019\u00e9tudes de march\u00e9. Examinons les pistes potentielles que ces entreprises proposent\u00a0:<\/p>\n\n\n\n<p><strong>Engagement direct avec les d\u00e9cideurs\u00a0:<\/strong> Les secteurs B2B ont souvent des cycles de vente plus longs et d\u00e9pendent fortement de l\u2019\u00e9tablissement de relations de confiance. Gr\u00e2ce aux communaut\u00e9s en ligne, les entreprises peuvent dialoguer directement avec les d\u00e9cideurs et comprendre directement leurs besoins et leurs d\u00e9fis.<\/p>\n\n\n\n<p><strong>Boucle de r\u00e9troaction\u00a0:<\/strong> Le processus it\u00e9ratif de d\u00e9veloppement de produits ou de services devient rationalis\u00e9. Avec une communaut\u00e9 active, les entreprises peuvent rapidement recueillir des commentaires et apporter les modifications n\u00e9cessaires.<\/p>\n\n\n\n<p><strong>Analyse comp\u00e9titive:<\/strong> Les communaut\u00e9s comprennent souvent des membres qui ont interagi avec plusieurs marques ou solutions. Cela repr\u00e9sente une opportunit\u00e9 pour les entreprises d\u2019avoir un aper\u00e7u des offres et du positionnement des concurrents.<\/p>\n\n\n\n<p><strong>D\u00e9veloppement de produits innovants\u00a0:<\/strong> Au-del\u00e0 du simple feedback, ces communaut\u00e9s peuvent \u00eatre des incubateurs d\u2019id\u00e9es innovantes. S&#039;engager avec eux peut conduire \u00e0 la co-cr\u00e9ation de produits ou de solutions, avec des informations et des suggestions provenant directement des utilisateurs.<\/p>\n\n\n\n<p><strong>R\u00e9seaux en expansion\u00a0:<\/strong> S&#039;engager dans une communaut\u00e9 en ligne peut conduire \u00e0 des pr\u00e9sentations et \u00e0 des collaborations avec d&#039;autres entreprises, fournisseurs ou influenceurs du secteur. Cette expansion du r\u00e9seau, facilit\u00e9e par la soci\u00e9t\u00e9 d\u2019\u00e9tudes de march\u00e9, peut \u00eatre une mine d\u2019or d\u2019opportunit\u00e9s de croissance.<\/p>\n\n\n\n<h2 class=\"wp-block-heading\">D\u00e9fis lors de la conduite de recherches<\/h2>\n\n\n\n<p>Bien que les opportunit\u00e9s soient vastes, il serait na\u00eff de supposer qu\u2019un partenariat avec une soci\u00e9t\u00e9 d\u2019\u00e9tudes de march\u00e9 communautaire en ligne B2B ne pr\u00e9sente aucun d\u00e9fi. Comme pour toute autre entreprise, il est essentiel d\u2019\u00eatre conscient des obstacles potentiels pour les surmonter efficacement\u00a0:<\/p>\n\n\n\n<p><strong>Gestionnaire de communaut\u00e9:<\/strong> Cr\u00e9er une communaut\u00e9 ne suffit pas ; il a besoin d\u2019un entretien et d\u2019une gestion constants. Une soci\u00e9t\u00e9 d\u2019\u00e9tudes de march\u00e9 peut fournir la plate-forme et les outils, mais l\u2019entreprise doit investir du temps et des ressources pour s\u2019engager aupr\u00e8s de la communaut\u00e9, garantissant ainsi une participation saine et active.<\/p>\n\n\n\n<p><strong>D\u00e9fis de mod\u00e9ration\u00a0:<\/strong> Comme pour toute plateforme en ligne, il existe toujours un risque de commentaires n\u00e9gatifs, de trolls ou de d\u00e9sinformation. La soci\u00e9t\u00e9 d\u2019\u00e9tudes de march\u00e9 communautaire B2B en ligne jouera un r\u00f4le central dans l\u2019att\u00e9nuation de ces d\u00e9fis, mais cela reste une pr\u00e9occupation majeure pour les entreprises.<\/p>\n\n\n\n<p><strong>Biais et repr\u00e9sentativit\u00e9\u00a0:<\/strong> Often, the most vocal members of a community don&#8217;t necessarily represent the majority opinion. This can lead to skewed insights if not checked. The <a title=\"\u00c9tude de march\u00e9 sur les tableaux de bord prospectifs\" href=\"https:\/\/www.sisinternational.com\/fr\/solutions\/etude-de-marche-sur-le-tableau-de-bord-prospectif\/\" data-wpil-monitor-id=\"2247\">market research company must ensure a balanced<\/a> representation of the feedback they gather and analyze.<\/p>\n\n\n\n<p><strong>Probl\u00e8mes de confidentialit\u00e9\u00a0:<\/strong> Engaging with communities might sometimes necessitate sharing or discussing confidential information. This can be a concern for businesses, especially when it involves new product launches or company strategies. The <a title=\"\u00c9tude de march\u00e9 sur la s\u00e9curit\u00e9\" href=\"https:\/\/www.sisinternational.com\/fr\/competence\/les-industries\/etude-de-marche-sur-la-securite\/\" data-wpil-monitor-id=\"6535\">market research company must provide robust security<\/a> and confidentiality measures.<\/p>\n\n\n\n<h2 class=\"wp-block-heading\">Soci\u00e9t\u00e9 d\u2019\u00e9tudes de march\u00e9 sur la communaut\u00e9 en ligne B2B et ses perspectives<\/h2>\n\n\n\n<p>The future looks promising for businesses seeking to leverage the capabilities of a <a title=\"\u00c9tude de march\u00e9 pour la Saint-Valentin\u00a0: comment votre entreprise peut ressentir l&#039;amour\" href=\"https:\/\/www.sisinternational.com\/fr\/saint-valentin-comment-votre-entreprise-peut-ressentir-lamour\/\" data-wpil-monitor-id=\"7384\">B2B online community market<\/a> research company. As digital transformation extends across industries and online communities continue to gain traction, these research firms offer a prime seat to watch the evolving market dynamics. Here&#8217;s a glimpse into the future prospects:<\/p>\n\n\n\n<p><strong>Strat\u00e9gies hyper-personnalis\u00e9es\u00a0:<\/strong> Gr\u00e2ce aux informations recueillies aupr\u00e8s des communaut\u00e9s en ligne, les entreprises seront mieux plac\u00e9es pour \u00e9laborer des strat\u00e9gies hyper-personnalis\u00e9es. Une soci\u00e9t\u00e9 d\u2019\u00e9tudes de march\u00e9 communautaire en ligne B2B peut faciliter la collecte de points de donn\u00e9es nuanc\u00e9s, aidant ainsi les entreprises \u00e0 comprendre les pr\u00e9f\u00e9rences individuelles et les points faibles.<\/p>\n\n\n\n<p><strong>Analyse pr\u00e9dictive\u00a0:<\/strong> The combination of AI and data collected from online communities can pave the way for predictive analytics. Partnering with a forward-thinking <a title=\"B2B Go-to-Market Strategy\" href=\"https:\/\/www.sisinternational.com\/fr\/b2b-go-to-market-strategy\/\" data-wpil-monitor-id=\"799\">B2B online community market research company<\/a> will allow businesses to foresee market shifts and adapt their strategies proactively.<\/p>\n\n\n\n<p><strong>\u00c9mergence de communaut\u00e9s de niche\u00a0:<\/strong> \u00c0 mesure que le march\u00e9 se segmente, des communaut\u00e9s de niche en ligne vont \u00e9merger. Cela signifie qu\u2019une soci\u00e9t\u00e9 d\u2019\u00e9tudes de march\u00e9 jouera un r\u00f4le essentiel en aidant les entreprises \u00e0 exploiter ces micro-communaut\u00e9s pour obtenir des informations cibl\u00e9es.<\/p>\n\n\n\n<p><strong>\u00c9volution des plateformes communautaires\u00a0:<\/strong> Avec les progr\u00e8s technologiques, les plateformes h\u00e9bergeant ces communaut\u00e9s en ligne \u00e9volueront, devenant plus interactives, immersives et intuitives. Il sera de la responsabilit\u00e9 de la soci\u00e9t\u00e9 d\u2019\u00e9tudes de march\u00e9 de se tenir au courant de ces changements et d\u2019adapter ses m\u00e9thodologies en cons\u00e9quence.<\/p>\n\n\n\n<p><\/p>","protected":false},"excerpt":{"rendered":"<p>Une soci\u00e9t\u00e9 d'\u00e9tude de march\u00e9 de la communaut\u00e9 en ligne B2B recueille activement des donn\u00e9es et encourage les conversations pour fournir des informations qualitatives.<\/p>","protected":false},"author":1,"featured_media":63009,"parent":84360,"menu_order":23,"comment_status":"closed","ping_status":"closed","template":"","meta":{"footnotes":""},"class_list":["post-44068","page","type-page","status-publish","has-post-thumbnail"],"_links":{"self":[{"href":"https:\/\/www.sisinternational.com\/fr\/wp-json\/wp\/v2\/pages\/44068","targetHints":{"allow":["GET"]}}],"collection":[{"href":"https:\/\/www.sisinternational.com\/fr\/wp-json\/wp\/v2\/pages"}],"about":[{"href":"https:\/\/www.sisinternational.com\/fr\/wp-json\/wp\/v2\/types\/page"}],"author":[{"embeddable":true,"href":"https:\/\/www.sisinternational.com\/fr\/wp-json\/wp\/v2\/users\/1"}],"replies":[{"embeddable":true,"href":"https:\/\/www.sisinternational.com\/fr\/wp-json\/wp\/v2\/comments?post=44068"}],"version-history":[{"count":11,"href":"https:\/\/www.sisinternational.com\/fr\/wp-json\/wp\/v2\/pages\/44068\/revisions"}],"predecessor-version":[{"id":84644,"href":"https:\/\/www.sisinternational.com\/fr\/wp-json\/wp\/v2\/pages\/44068\/revisions\/84644"}],"up":[{"embeddable":true,"href":"https:\/\/www.sisinternational.com\/fr\/wp-json\/wp\/v2\/pages\/84360"}],"wp:featuredmedia":[{"embeddable":true,"href":"https:\/\/www.sisinternational.com\/fr\/wp-json\/wp\/v2\/media\/63009"}],"wp:attachment":[{"href":"https:\/\/www.sisinternational.com\/fr\/wp-json\/wp\/v2\/media?parent=44068"}],"curies":[{"name":"wp","href":"https:\/\/api.w.org\/{rel}","templated":true}]}}