{"id":43808,"date":"2023-10-11T11:22:35","date_gmt":"2023-10-11T15:22:35","guid":{"rendered":"https:\/\/www.sisinternational.com\/?page_id=43808"},"modified":"2026-01-26T19:01:47","modified_gmt":"2026-01-27T00:01:47","slug":"etude-de-marche-sur-lexperience-client-dans-les-restaurants","status":"publish","type":"page","link":"https:\/\/www.sisinternational.com\/fr\/competence\/etude-de-marche-sur-lexperience-client-dans-les-restaurants\/","title":{"rendered":"\u00c9tude de march\u00e9 sur l\u2019exp\u00e9rience client des restaurants"},"content":{"rendered":"<h1 class=\"wp-block-heading\">\u00c9tude de march\u00e9 sur l\u2019exp\u00e9rience client des restaurants<\/h1>\n\n\n\n<figure class=\"gb-block-image gb-block-image-b00fd56c\"><img loading=\"lazy\" decoding=\"async\" width=\"1456\" height=\"816\" class=\"gb-image gb-image-b00fd56c\" src=\"https:\/\/www.sisinternational.com\/wp-content\/uploads\/2025\/10\/Hotel-restaurant-1.jpg\" alt=\"\u00c9tudes de march\u00e9 et strat\u00e9gie internationales SIS\" title=\"Hotel restaurant (1)\" srcset=\"https:\/\/www.sisinternational.com\/wp-content\/uploads\/2025\/10\/Hotel-restaurant-1.jpg 1456w, https:\/\/www.sisinternational.com\/wp-content\/uploads\/2025\/10\/Hotel-restaurant-1-300x168.jpg 300w, https:\/\/www.sisinternational.com\/wp-content\/uploads\/2025\/10\/Hotel-restaurant-1-1024x574.jpg 1024w, https:\/\/www.sisinternational.com\/wp-content\/uploads\/2025\/10\/Hotel-restaurant-1-768x430.jpg 768w, https:\/\/www.sisinternational.com\/wp-content\/uploads\/2025\/10\/Hotel-restaurant-1-18x10.jpg 18w\" sizes=\"auto, (max-width: 1456px) 100vw, 1456px\"><\/figure>\n\n\n\n<p><\/p>\n\n\n\n<p>Vous \u00eates-vous d\u00e9j\u00e0 demand\u00e9 ce qui persiste r\u00e9ellement dans l&#039;esprit d&#039;un convive apr\u00e8s avoir quitt\u00e9 un restaurant\u00a0? Les \u00e9tudes de march\u00e9 sur l\u2019exp\u00e9rience client des restaurants jouent un r\u00f4le essentiel en aidant les entreprises \u00e0 obtenir des informations pr\u00e9cieuses sur les pr\u00e9f\u00e9rences, les attentes et les niveaux de satisfaction des clients.<\/p>\n\n\n\n<p>By conducting in-depth market research, restaurants can identify areas for improvement, make informed business decisions, and ultimately enhance customer loyalty. Thus, <a href=\"https:\/\/www.sisinternational.com\/fr\/competence\/les-industries\/etude-de-marche-sur-les-restaurants-chinois\/\" title=\"\u00c9tude de march\u00e9 sur les restaurants chinois\"  data-wpil-monitor-id=\"3791\">\u00e9tude de march\u00e9 sur l&#039;exp\u00e9rience client dans les restaurants<\/a> is an essential tool for businesses in this industry that expects to thrive or an emerging restaurant that needs to keep up with the ever-changing nature of this sector.<\/p>\n\n\n\n<h2 class=\"wp-block-heading\">Qu\u2019est-ce que l\u2019\u00e9tude de march\u00e9 sur l\u2019exp\u00e9rience client dans les restaurants ?<\/h2>\n\n\n\n<p><a href=\"https:\/\/www.sisinternational.com\/fr\/competence\/les-industries\/etude-de-marche-sur-les-restaurants-fast-casual\/\" title=\"\u00c9tude de march\u00e9 sur les restaurants rapides et d\u00e9contract\u00e9s\"  data-wpil-monitor-id=\"5923\">Restaurant customer experience market research<\/a> collects and analyzes data into customers&#8217; perceptions, preferences, and behaviors. It encompasses various research methodologies such as surveys, interviews, focus groups, and observational studies to gather information directly from customers. The final goal is to understand the entire customer journey, from initial contact with the restaurant to the post-dining experience.<\/p>\n\n\n\n<h2 class=\"wp-block-heading\">Importance de l\u2019\u00e9tude de march\u00e9 sur l\u2019exp\u00e9rience client des restaurants<\/h2>\n\n\n\n<p>Restaurant customer <a href=\"https:\/\/www.sisinternational.com\/fr\/competence\/cv-dexperience\/cv-dexperience-en-etudes-ethnographiques\/\" title=\"Exp\u00e9rience d\u2019\u00e9tude de march\u00e9 ethnographique\"  data-wpil-monitor-id=\"6347\">experience market research<\/a> is critical for businesses operating in the industry \u2013 and here are several key reasons why it should be a top priority:<\/p>\n\n\n\n<ul class=\"wp-block-list\">\n<li><strong>Am\u00e9liorer la satisfaction des clients\u00a0:<\/strong> Comprendre les pr\u00e9f\u00e9rences et les attentes des clients est essentiel pour offrir une exp\u00e9rience culinaire satisfaisante. Les \u00e9tudes de march\u00e9 aident les restaurants \u00e0 identifier les points sensibles et les domaines dans lesquels les clients peuvent \u00eatre insatisfaits. En abordant ces probl\u00e8mes, les restaurants peuvent am\u00e9liorer la satisfaction de leurs clients, ce qui entra\u00eenera une fid\u00e9lit\u00e9 des clients et un bouche-\u00e0-oreille positif.<\/li>\n\n\n\n<li><strong>Identifier l&#039;avantage concurrentiel\u00a0:<\/strong> Les \u00e9tudes de march\u00e9 permettent aux restaurants d\u2019identifier leurs arguments de vente uniques et de les exploiter. En comprenant ce qui les distingue, les restaurants peuvent cr\u00e9er des strat\u00e9gies marketing cibl\u00e9es et d\u00e9velopper des offres qui trouvent un \u00e9cho aupr\u00e8s de leur public cible.<\/li>\n\n\n\n<li><strong>Am\u00e9liorer l&#039;efficacit\u00e9 op\u00e9rationnelle\u00a0:<\/strong> Les \u00e9tudes de march\u00e9 peuvent r\u00e9v\u00e9ler des domaines dans lesquels l\u2019efficacit\u00e9 op\u00e9rationnelle peut \u00eatre am\u00e9lior\u00e9e. Par exemple, en analysant les commentaires des clients, les restaurants peuvent identifier les goulots d&#039;\u00e9tranglement dans la prestation de services et rationaliser les processus pour am\u00e9liorer l&#039;efficacit\u00e9. Cela peut se traduire par un service plus rapide, des temps d\u2019attente r\u00e9duits et une exp\u00e9rience culinaire globalement plus fluide.<\/li>\n\n\n\n<li><strong>Fid\u00e9lisation des clients\u00a0:<\/strong> Une exp\u00e9rience client positive est essentielle pour fid\u00e9liser la client\u00e8le. Les \u00e9tudes de march\u00e9 aident les restaurants \u00e0 identifier ce qui motive la fid\u00e9lit\u00e9 et la satisfaction des clients. En tenant syst\u00e9matiquement compte de ces facteurs, les restaurants peuvent favoriser des relations \u00e0 long terme avec les clients, augmentant ainsi la probabilit\u00e9 de visites r\u00e9p\u00e9t\u00e9es et de recommandations positives.<\/li>\n<\/ul>\n\n\n\n<h2 class=\"wp-block-heading\">Opportunit\u00e9s d\u2019\u00e9tude de march\u00e9 sur l\u2019exp\u00e9rience client dans les restaurants pour les entreprises<\/h2>\n\n\n\n<figure class=\"gb-block-image gb-block-image-fef5a67f\"><img loading=\"lazy\" decoding=\"async\" width=\"1456\" height=\"816\" class=\"gb-image gb-image-fef5a67f\" src=\"https:\/\/www.sisinternational.com\/wp-content\/uploads\/2025\/08\/Chinese-restaurant-1.jpg\" alt=\"\u00c9tudes de march\u00e9 et strat\u00e9gie internationales SIS\" title=\"Chinese restaurant (1)\" srcset=\"https:\/\/www.sisinternational.com\/wp-content\/uploads\/2025\/08\/Chinese-restaurant-1.jpg 1456w, https:\/\/www.sisinternational.com\/wp-content\/uploads\/2025\/08\/Chinese-restaurant-1-300x168.jpg 300w, https:\/\/www.sisinternational.com\/wp-content\/uploads\/2025\/08\/Chinese-restaurant-1-1024x574.jpg 1024w, https:\/\/www.sisinternational.com\/wp-content\/uploads\/2025\/08\/Chinese-restaurant-1-768x430.jpg 768w, https:\/\/www.sisinternational.com\/wp-content\/uploads\/2025\/08\/Chinese-restaurant-1-18x10.jpg 18w\" sizes=\"auto, (max-width: 1456px) 100vw, 1456px\"><\/figure>\n\n\n\n<p><\/p>\n\n\n\n<p>Les \u00e9tudes de march\u00e9 sur l\u2019exp\u00e9rience client dans les restaurants offrent aux entreprises plusieurs opportunit\u00e9s d\u2019acqu\u00e9rir un avantage concurrentiel et de stimuler leur croissance. Voici quelques opportunit\u00e9s cl\u00e9s\u00a0:<\/p>\n\n\n\n<ul class=\"wp-block-list\">\n<li><strong>Personnalisation:<\/strong> Les \u00e9tudes de march\u00e9 permettent aux restaurants de recueillir des donn\u00e9es sur les pr\u00e9f\u00e9rences individuelles des clients et d&#039;adapter les exp\u00e9riences en cons\u00e9quence. En tirant parti des informations client, les restaurants peuvent proposer des recommandations de menus personnalis\u00e9es, des promotions personnalis\u00e9es et des messages marketing cibl\u00e9s. Ce niveau de personnalisation am\u00e9liore l&#039;exp\u00e9rience culinaire globale et augmente la satisfaction des clients.<\/li>\n\n\n\n<li><strong>Int\u00e9gration technologique\u00a0:<\/strong> Les progr\u00e8s technologiques ont ouvert de nouvelles voies pour recueillir les commentaires des clients. Les restaurants peuvent exploiter des outils num\u00e9riques tels que des applications mobiles, des enqu\u00eates en ligne et l&#039;\u00e9coute des r\u00e9seaux sociaux pour recueillir des commentaires en temps r\u00e9el. L&#039;int\u00e9gration de la technologie dans les efforts d&#039;\u00e9tudes de march\u00e9 permet une collecte, une analyse et une r\u00e9ponse plus rapides des donn\u00e9es, conduisant \u00e0 des am\u00e9liorations plus rapides de l&#039;exp\u00e9rience client.<\/li>\n\n\n\n<li><strong>Collaboration avec les clients\u00a0:<\/strong> Impliquer les clients directement dans le processus de recherche peut fournir des informations pr\u00e9cieuses. Les restaurants peuvent impliquer les clients dans des groupes de discussion ou des comit\u00e9s consultatifs pour recueillir des commentaires approfondis et des id\u00e9es d&#039;am\u00e9lioration. Cette approche collaborative renforce non seulement la relation entre le restaurant et ses clients, mais favorise \u00e9galement un sentiment d&#039;appartenance et de fid\u00e9lit\u00e9.<\/li>\n<\/ul>\n\n\n\n<h2 class=\"wp-block-heading\">D\u00e9fis de l\u2019\u00e9tude de march\u00e9 sur l\u2019exp\u00e9rience client des restaurants<\/h2>\n\n\n\n<p>Restaurant customer experience market research is essential for understanding diners&#8217; preferences, needs, and overall dining experiences. However, conducting effective research is not without its challenges. Let&#8217;s analyze the main hurdles businesses may encounter when undertaking <a href=\"https:\/\/www.sisinternational.com\/fr\/couverture\/les-ameriques\/couverture-des-etats-unis\/etude-de-marche-dans-le-maine\/\" title=\"Etude de march\u00e9 dans le Maine\"  data-wpil-monitor-id=\"5409\">\u00e9tude de march\u00e9 sur l&#039;exp\u00e9rience client dans les restaurants<\/a>:<\/p>\n\n\n\n<ul class=\"wp-block-list\">\n<li><strong>Faibles taux de r\u00e9ponse\u00a0:<\/strong> Obtenir des taux de r\u00e9ponse \u00e9lev\u00e9s aux enqu\u00eates ou aux formulaires de commentaires peut constituer un d\u00e9fi de taille. Les convives, souvent concentr\u00e9s sur l\u2019exp\u00e9rience ou press\u00e9s par le temps, peuvent n\u00e9gliger ou oublier de donner leur avis.<\/li>\n\n\n\n<li><strong>Biais dans les r\u00e9ponses\u00a0:<\/strong> \u00c0 l\u2019instar d\u2019autres secteurs, ceux qui \u00e9prouvent de forts sentiments positifs ou n\u00e9gatifs pourraient \u00eatre plus susceptibles de r\u00e9pondre. Cela peut entra\u00eener un biais potentiel dans les donn\u00e9es, ne refl\u00e9tant pas toujours l&#039;exp\u00e9rience du client moyen.<\/li>\n\n\n\n<li><strong>Complexit\u00e9 de l&#039;analyse des donn\u00e9es\u00a0:<\/strong> Les donn\u00e9es quantitatives peuvent fournir une r\u00e9troaction structur\u00e9e. Mais les commentaires qualitatifs peuvent \u00eatre difficiles \u00e0 d\u00e9chiffrer et \u00e0 analyser, n\u00e9cessitant une expertise et une compr\u00e9hension nuanc\u00e9e.<\/li>\n\n\n\n<li><strong>D\u00e9fauts de conception de l\u2019enqu\u00eate\u00a0:<\/strong> Construire des questions impartiales, claires et engageantes qui capturent l\u2019essence de l\u2019exp\u00e9rience culinaire est un art. Des enqu\u00eates mal con\u00e7ues peuvent produire des donn\u00e9es non pertinentes ou trompeuses.<\/li>\n\n\n\n<li><strong>D\u00e9pendance excessive aux avis en ligne\u00a0:<\/strong> Alors que les plateformes en ligne comme Yelp ou TripAdvisor offrent une mine d\u2019informations, s\u2019appuyer trop sur ces plateformes peut donner une perspective biais\u00e9e, car elles ne repr\u00e9sentent pas toujours la client\u00e8le la plus large.<\/li>\n<\/ul>\n\n\n\n<h2 class=\"wp-block-heading\">Perspectives de l\u2019\u00e9tude de march\u00e9 sur l\u2019exp\u00e9rience client h\u00f4teli\u00e8re<\/h2>\n\n\n\n<figure class=\"gb-block-image gb-block-image-ecd3b0fd\"><img loading=\"lazy\" decoding=\"async\" width=\"1456\" height=\"816\" class=\"gb-image gb-image-ecd3b0fd\" src=\"https:\/\/www.sisinternational.com\/wp-content\/uploads\/2025\/10\/Hotel-restaurant-4.jpg\" alt=\"\u00c9tudes de march\u00e9 et strat\u00e9gie internationales SIS\" title=\"Hotel restaurant (4)\" srcset=\"https:\/\/www.sisinternational.com\/wp-content\/uploads\/2025\/10\/Hotel-restaurant-4.jpg 1456w, https:\/\/www.sisinternational.com\/wp-content\/uploads\/2025\/10\/Hotel-restaurant-4-300x168.jpg 300w, https:\/\/www.sisinternational.com\/wp-content\/uploads\/2025\/10\/Hotel-restaurant-4-1024x574.jpg 1024w, https:\/\/www.sisinternational.com\/wp-content\/uploads\/2025\/10\/Hotel-restaurant-4-768x430.jpg 768w, https:\/\/www.sisinternational.com\/wp-content\/uploads\/2025\/10\/Hotel-restaurant-4-18x10.jpg 18w\" sizes=\"auto, (max-width: 1456px) 100vw, 1456px\"><\/figure>\n\n\n\n<p><\/p>\n\n\n\n<p>Dans le domaine en constante \u00e9volution de l\u2019h\u00f4tellerie, il existe d\u2019importants domaines d\u2019exploration dans l\u2019industrie h\u00f4teli\u00e8re et un potentiel de croissance dans les prochaines ann\u00e9es \u2013 et voici quelques-unes des brillantes perspectives que ce domaine offre\u00a0:<\/p>\n\n\n\n<ul class=\"wp-block-list\">\n<li><strong>Exp\u00e9riences personnalis\u00e9es\u00a0:<\/strong> The push towards hyper-personalization in hospitality suggests a bright future for <a href=\"https:\/\/www.sisinternational.com\/fr\/competence\/les-industries\/etude-de-marche-sur-les-administrateurs-dhopitaux\/\" title=\"\u00c9tude de march\u00e9 sur les administrateurs d\u2019h\u00f4pitaux\"  data-wpil-monitor-id=\"6288\">\u00e9tude de march\u00e9<\/a> focused on understanding individual guest preferences. This can lead to tailored room settings, curated experiences, and highly personalized service.<\/li>\n\n\n\n<li><strong>Tendances en mati\u00e8re de durabilit\u00e9\u00a0:<\/strong> Avec l&#039;importance croissante accord\u00e9e \u00e0 la durabilit\u00e9 \u00e0 l&#039;\u00e9chelle mondiale, la recherche sur les pr\u00e9f\u00e9rences et les attentes des clients en mati\u00e8re de respect de l&#039;environnement deviendra encore plus cruciale, offrant aux h\u00f4tels la possibilit\u00e9 de s&#039;aligner sur les initiatives vertes.<\/li>\n\n\n\n<li><strong>Int\u00e9gration des commentaires en temps r\u00e9el\u00a0:<\/strong> \u00c0 mesure que les plates-formes technologiques deviennent plus avanc\u00e9es, la perspective de capturer des commentaires en temps r\u00e9el pendant le s\u00e9jour d&#039;un client devient plus r\u00e9alisable, permettant aux h\u00f4tels d&#039;apporter des am\u00e9liorations instantan\u00e9es.<\/li>\n\n\n\n<li><strong>Cartographie de l&#039;exp\u00e9rience holistique\u00a0:<\/strong> Les futures \u00e9tudes de march\u00e9 iront probablement au-del\u00e0 du s\u00e9jour \u00e0 l&#039;h\u00f4tel lui-m\u00eame, englobant l&#039;ensemble du voyage, de la r\u00e9servation aux r\u00e9flexions apr\u00e8s le s\u00e9jour, et int\u00e9grant m\u00eame des aspects de l&#039;exp\u00e9rience de voyage plus large.<\/li>\n\n\n\n<li><strong>Croissance des \u00e9tudes de march\u00e9 de niche\u00a0:<\/strong> As the hotel industry diversifies, there&#8217;s potential for <a href=\"https:\/\/www.sisinternational.com\/fr\/le-marche-russe-du-caviar\/\" title=\"\u00c9tude de march\u00e9 sur le caviar\"  data-wpil-monitor-id=\"2731\">research to focus on niche markets<\/a>, from luxury wellness retreats to budget eco-stays, allowing for more targeted and relevant insights.<\/li>\n\n\n\n<li><strong>Opportunit\u00e9s de recherche collaborative\u00a0:<\/strong> L&#039;int\u00e9gration entre divers secteurs de l&#039;industrie du voyage et de l&#039;h\u00f4tellerie laisse entrevoir des perspectives d&#039;initiatives de recherche collaboratives, permettant d&#039;acqu\u00e9rir une vision plus compl\u00e8te de l&#039;exp\u00e9rience client.<\/li>\n\n\n\n<li><strong>Accent sur les connexions \u00e9motionnelles\u00a0:<\/strong> Beyond mere satisfaction, future <a href=\"https:\/\/www.sisinternational.com\/fr\/competence\/les-industries\/etude-de-marche-sur-le-mobilier-hotelier\/\" title=\"\u00c9tude de march\u00e9 sur le mobilier h\u00f4telier\"  data-wpil-monitor-id=\"7210\">market research in hotels<\/a> will delve deeper into emotional metrics, understanding how different elements of the stay evoke emotional responses and contribute to overall guest well-being.<\/li>\n<\/ul>","protected":false},"excerpt":{"rendered":"<p>En menant des \u00e9tudes de march\u00e9 approfondies, les restaurants peuvent am\u00e9liorer leurs services, prendre des d\u00e9cisions \u00e9clair\u00e9es et fid\u00e9liser leurs clients.<\/p>","protected":false},"author":1,"featured_media":70814,"parent":14514,"menu_order":399,"comment_status":"closed","ping_status":"closed","template":"","meta":{"footnotes":""},"class_list":["post-43808","page","type-page","status-publish","has-post-thumbnail"],"_links":{"self":[{"href":"https:\/\/www.sisinternational.com\/fr\/wp-json\/wp\/v2\/pages\/43808","targetHints":{"allow":["GET"]}}],"collection":[{"href":"https:\/\/www.sisinternational.com\/fr\/wp-json\/wp\/v2\/pages"}],"about":[{"href":"https:\/\/www.sisinternational.com\/fr\/wp-json\/wp\/v2\/types\/page"}],"author":[{"embeddable":true,"href":"https:\/\/www.sisinternational.com\/fr\/wp-json\/wp\/v2\/users\/1"}],"replies":[{"embeddable":true,"href":"https:\/\/www.sisinternational.com\/fr\/wp-json\/wp\/v2\/comments?post=43808"}],"version-history":[{"count":10,"href":"https:\/\/www.sisinternational.com\/fr\/wp-json\/wp\/v2\/pages\/43808\/revisions"}],"predecessor-version":[{"id":80772,"href":"https:\/\/www.sisinternational.com\/fr\/wp-json\/wp\/v2\/pages\/43808\/revisions\/80772"}],"up":[{"embeddable":true,"href":"https:\/\/www.sisinternational.com\/fr\/wp-json\/wp\/v2\/pages\/14514"}],"wp:featuredmedia":[{"embeddable":true,"href":"https:\/\/www.sisinternational.com\/fr\/wp-json\/wp\/v2\/media\/70814"}],"wp:attachment":[{"href":"https:\/\/www.sisinternational.com\/fr\/wp-json\/wp\/v2\/media?parent=43808"}],"curies":[{"name":"wp","href":"https:\/\/api.w.org\/{rel}","templated":true}]}}