{"id":43806,"date":"2023-10-11T11:14:30","date_gmt":"2023-10-11T15:14:30","guid":{"rendered":"https:\/\/www.sisinternational.com\/?page_id=43806"},"modified":"2026-01-26T17:03:20","modified_gmt":"2026-01-26T22:03:20","slug":"etude-de-marche-sur-le-suivi-de-la-reputation","status":"publish","type":"page","link":"https:\/\/www.sisinternational.com\/fr\/competence\/etude-de-marche-sur-le-suivi-de-la-reputation\/","title":{"rendered":"\u00c9tude de march\u00e9 sur le suivi de la r\u00e9putation"},"content":{"rendered":"<h1 class=\"wp-block-heading\">\u00c9tude de march\u00e9 sur le suivi de la r\u00e9putation<\/h1>\n\n\n\n<figure class=\"gb-block-image gb-block-image-cb81ef31\"><img loading=\"lazy\" decoding=\"async\" width=\"1456\" height=\"816\" class=\"gb-image gb-image-cb81ef31\" src=\"https:\/\/www.sisinternational.com\/wp-content\/uploads\/2025\/09\/Package-6.jpg\" alt=\"\u00c9tudes de march\u00e9 et strat\u00e9gie internationales SIS\" title=\"Package (6)\" srcset=\"https:\/\/www.sisinternational.com\/wp-content\/uploads\/2025\/09\/Package-6.jpg 1456w, https:\/\/www.sisinternational.com\/wp-content\/uploads\/2025\/09\/Package-6-300x168.jpg 300w, https:\/\/www.sisinternational.com\/wp-content\/uploads\/2025\/09\/Package-6-1024x574.jpg 1024w, https:\/\/www.sisinternational.com\/wp-content\/uploads\/2025\/09\/Package-6-768x430.jpg 768w, https:\/\/www.sisinternational.com\/wp-content\/uploads\/2025\/09\/Package-6-18x10.jpg 18w\" sizes=\"auto, (max-width: 1456px) 100vw, 1456px\"><\/figure>\n\n\n\n<p><\/p>\n\n\n\n<p>Aujourd\u2019hui, la r\u00e9putation en ligne peut faire ou d\u00e9faire une entreprise. C&#039;est pourquoi les \u00e9tudes de march\u00e9 sur le suivi de la r\u00e9putation sont devenues un outil crucial pour les entreprises qui cherchent \u00e0 comprendre et \u00e0 g\u00e9rer la perception de leur marque.<\/p>\n\n\n\n<p>With consumers increasingly relying on online reviews and social media to inform their purchasing decisions, businesses need to stay on top of their reputation to maintain a competitive edge. This is where <a href=\"https:\/\/www.sisinternational.com\/fr\/competence\/les-industries\/etude-de-marche-sur-la-reputation\/\" title=\"\u00c9tude de march\u00e9 sur la r\u00e9putation\"  data-wpil-monitor-id=\"4076\">\u00e9tude de march\u00e9 sur le suivi de la r\u00e9putation<\/a> comes into play, providing valuable insights into consumer sentiment, brand perception, and potential areas for improvement.<\/p>\n\n\n\n<h2 class=\"wp-block-heading\">Qu\u2019est-ce que l\u2019\u00e9tude de march\u00e9 sur le suivi de la r\u00e9putation ?<\/h2>\n\n\n\n<p>Il s&#039;agit d&#039;une approche syst\u00e9matique de surveillance et d&#039;analyse de la r\u00e9putation en ligne d&#039;une entreprise. Cela implique de collecter et d&#039;analyser des donn\u00e9es provenant de diverses sources en ligne telles que les plateformes de m\u00e9dias sociaux, les sites Web d&#039;avis et les forums en ligne, pour obtenir des informations exploitables sur la fa\u00e7on dont une marque est per\u00e7ue par son public cible.<\/p>\n\n\n\n<p>En suivant et en analysant les conversations, les sentiments et les tendances en ligne, les entreprises peuvent identifier les points forts et les points faibles de leur r\u00e9putation afin d&#039;am\u00e9liorer leur image de marque.<\/p>\n\n\n\n<h2 class=\"wp-block-heading\">Importance des \u00e9tudes de march\u00e9 sur le suivi de la r\u00e9putation<\/h2>\n\n\n\n<p>R\u00e9putation <a href=\"https:\/\/www.sisinternational.com\/fr\/competence\/les-industries\/etude-de-marche-de-suivi-des-tendances\/\" title=\"\u00c9tude de march\u00e9 sur le suivi des tendances\"  data-wpil-monitor-id=\"5439\">tracking market research<\/a> is essential for businesses for several reasons. It allows companies to know what consumers are saying about their brands, products, and services. Secondly, reputation tracking market research helps businesses understand the impact of their marketing and PR efforts.<\/p>\n\n\n\n<p>En outre, cela permet aux entreprises d&#039;identifier les tendances \u00e9mergentes et de garder une longueur d&#039;avance sur la concurrence, car les entreprises peuvent rep\u00e9rer les changements dans les pr\u00e9f\u00e9rences des consommateurs, anticiper les changements du march\u00e9 et ajuster leurs offres en cons\u00e9quence.<\/p>\n\n\n\n<p>Par cons\u00e9quent, en analysant les sentiments et en suivant les mentions de la marque, les entreprises peuvent \u00e9valuer l&#039;efficacit\u00e9 de leurs campagnes et de leurs messages, prenant ainsi des d\u00e9cisions fond\u00e9es sur les donn\u00e9es pour optimiser leurs strat\u00e9gies marketing.<\/p>\n\n\n\n<h2 class=\"wp-block-heading\">Avantages de l\u2019\u00e9tude de march\u00e9 sur le suivi de la r\u00e9putation<\/h2>\n\n\n\n<figure class=\"gb-block-image gb-block-image-04d1f0b0\"><img loading=\"lazy\" decoding=\"async\" width=\"1456\" height=\"816\" class=\"gb-image gb-image-04d1f0b0\" src=\"https:\/\/www.sisinternational.com\/wp-content\/uploads\/2025\/09\/Package-4.jpg\" alt=\"\u00c9tudes de march\u00e9 et strat\u00e9gie internationales SIS\" title=\"Package (4)\" srcset=\"https:\/\/www.sisinternational.com\/wp-content\/uploads\/2025\/09\/Package-4.jpg 1456w, https:\/\/www.sisinternational.com\/wp-content\/uploads\/2025\/09\/Package-4-300x168.jpg 300w, https:\/\/www.sisinternational.com\/wp-content\/uploads\/2025\/09\/Package-4-1024x574.jpg 1024w, https:\/\/www.sisinternational.com\/wp-content\/uploads\/2025\/09\/Package-4-768x430.jpg 768w, https:\/\/www.sisinternational.com\/wp-content\/uploads\/2025\/09\/Package-4-18x10.jpg 18w\" sizes=\"auto, (max-width: 1456px) 100vw, 1456px\"><\/figure>\n\n\n\n<p><\/p>\n\n\n\n<p>La r\u00e9putation d\u2019une entreprise peut \u00eatre son atout le plus pr\u00e9cieux. Cela peut faire la diff\u00e9rence entre gagner un nouveau client ou en perdre un au profit de la concurrence. Ainsi, examiner les avantages de cette recherche peut r\u00e9v\u00e9ler son impact profond sur le succ\u00e8s d&#039;une entreprise, sa fid\u00e9lit\u00e9 \u00e0 la marque et sa position globale sur le march\u00e9. Voici quelques-uns des avantages les plus importants d&#039;une \u00e9tude de march\u00e9 de suivi de la r\u00e9putation\u00a0:<\/p>\n\n\n\n<ul class=\"wp-block-list\">\n<li><strong>Gestion de crise:<\/strong> Cette recherche joue un r\u00f4le crucial dans la gestion des crises. En surveillant les sentiments en ligne et en identifiant les probl\u00e8mes potentiels d\u00e8s le d\u00e9but, les entreprises peuvent r\u00e9pondre de mani\u00e8re proactive aux pr\u00e9occupations, att\u00e9nuer la publicit\u00e9 n\u00e9gative et pr\u00e9server la r\u00e9putation de leur marque.<\/li>\n\n\n\n<li><strong>Analyse de la concurrence:<\/strong> Le suivi et l&#039;analyse des conversations en ligne sur les concurrents peuvent fournir aux entreprises des informations pr\u00e9cieuses sur leurs forces, leurs faiblesses et leur positionnement sur le march\u00e9. Ces informations peuvent \u00e9clairer les strat\u00e9gies concurrentielles et aider les entreprises \u00e0 se diff\u00e9rencier sur le march\u00e9.<\/li>\n\n\n\n<li><strong>Mesure du rendement:<\/strong> En suivant les mentions de marque, les sentiments et d&#039;autres mesures de r\u00e9putation, les entreprises peuvent mesurer l&#039;impact de leurs efforts de marketing et de relations publiques. Cela permet une prise de d\u00e9cision bas\u00e9e sur les donn\u00e9es et une am\u00e9lioration continue des strat\u00e9gies de marque.<\/li>\n<\/ul>\n\n\n\n<h2 class=\"wp-block-heading\">Opportunit\u00e9s dans les \u00e9tudes de march\u00e9 sur le suivi de la r\u00e9putation des entreprises<\/h2>\n\n\n\n<p>Cette recherche sp\u00e9cialis\u00e9e ne surveille pas seulement la perception de la marque, mais ouvre les portes \u00e0 un engagement proactif, \u00e0 l&#039;expansion du march\u00e9 et \u00e0 l&#039;innovation. Pour les entreprises, saisir ces opportunit\u00e9s peut renforcer la confiance des clients, la r\u00e9silience face aux crises et une position de leader durable sur le march\u00e9.<\/p>\n\n\n\n<ul class=\"wp-block-list\">\n<li><strong>Engagement client personnalis\u00e9\u00a0:<\/strong> En comprenant le sentiment et les pr\u00e9f\u00e9rences des clients gr\u00e2ce \u00e0 des \u00e9tudes de march\u00e9 de suivi de la r\u00e9putation, les entreprises peuvent personnaliser leurs interactions et leurs communications avec les clients. Cela conduit \u00e0 un engagement client am\u00e9lior\u00e9, une fid\u00e9lit\u00e9 accrue et une perception am\u00e9lior\u00e9e de la marque.<\/li>\n\n\n\n<li><strong>Campagnes marketing cibl\u00e9es\u00a0:<\/strong> Les \u00e9tudes de march\u00e9 fournissent aux entreprises un aper\u00e7u des int\u00e9r\u00eats, des besoins et des probl\u00e8mes de leur public cible. Ces informations permettent aux entreprises de cr\u00e9er des campagnes marketing cibl\u00e9es qui trouvent un \u00e9cho aupr\u00e8s de leurs clients, ce qui entra\u00eene des taux de conversion plus \u00e9lev\u00e9s et un meilleur retour sur investissement.<\/li>\n\n\n\n<li><strong>Am\u00e9lioration des produits et services\u00a0:<\/strong> En analysant les commentaires des clients et les conversations en ligne, les entreprises peuvent identifier les domaines \u00e0 am\u00e9liorer dans leurs produits ou services. Les \u00e9tudes de march\u00e9 de suivi de la r\u00e9putation aident les entreprises \u00e0 comprendre les attentes des clients, leur permettant ainsi de prendre des d\u00e9cisions \u00e9clair\u00e9es pour am\u00e9liorer leurs offres.<\/li>\n\n\n\n<li><strong>Pr\u00e9vention et gestion des crises\u00a0:<\/strong> Cette \u00e9tude de march\u00e9 permet aux entreprises d&#039;identifier de mani\u00e8re proactive les probl\u00e8mes potentiels, de r\u00e9pondre aux pr\u00e9occupations des clients et de g\u00e9rer efficacement les crises. En surveillant les conversations en ligne, les entreprises peuvent d\u00e9tecter les signes avant-coureurs et prendre les mesures appropri\u00e9es pour prot\u00e9ger leur r\u00e9putation.<\/li>\n\n\n\n<li><strong>Analyse concurrentielle et diff\u00e9renciation\u00a0:<\/strong> Les \u00e9tudes de march\u00e9 aident les entreprises \u00e0 comprendre les forces, les faiblesses et le positionnement de leurs concurrents sur le march\u00e9. Ces informations peuvent \u00eatre utilis\u00e9es pour diff\u00e9rencier leurs produits ou services, identifier les lacunes du march\u00e9 et obtenir un avantage concurrentiel.<\/li>\n<\/ul>\n\n\n\n<h2 class=\"wp-block-heading\">D\u00e9fis des \u00e9tudes de march\u00e9 sur le suivi de la r\u00e9putation<\/h2>\n\n\n\n<p>Bien que les \u00e9tudes de march\u00e9 sur le suivi de la r\u00e9putation offrent de nombreuses opportunit\u00e9s, les entreprises sont \u00e9galement confront\u00e9es \u00e0 plusieurs d\u00e9fis pour mener des recherches efficaces, notamment\u00a0:<\/p>\n\n\n\n<ul class=\"wp-block-list\">\n<li><strong>Surcharge de donn\u00e9es et bruit\u00a0:<\/strong> The abundance of online data and noise can make it challenging to extract meaningful insights from <a href=\"https:\/\/www.sisinternational.com\/fr\/competence\/les-industries\/quest-ce-que-lequipement-de-forage-et-dextraction\/\" title=\"\u00c9tude de march\u00e9 sur les \u00e9quipements de forage et d\u2019extraction\"  data-wpil-monitor-id=\"3161\">\u00e9tude de march\u00e9 sur le suivi de la r\u00e9putation<\/a>. Businesses need to employ sophisticated analytics tools and techniques to filter out irrelevant information and focus on the most valuable data.<\/li>\n\n\n\n<li><strong>Analyse des sentiments et du contexte\u00a0:<\/strong> Interpr\u00e9ter avec pr\u00e9cision les sentiments et comprendre le contexte des conversations en ligne peut s\u2019av\u00e9rer difficile. Faire la diff\u00e9rence entre les v\u00e9ritables commentaires des clients et les spams ou les faux avis n\u00e9cessite des algorithmes avanc\u00e9s d\u2019analyse des sentiments et une expertise humaine.<\/li>\n\n\n\n<li><strong>Variations culturelles et linguistiques\u00a0:<\/strong> Les \u00e9tudes de march\u00e9 sur le suivi de la r\u00e9putation impliquent souvent l\u2019analyse de donn\u00e9es provenant de diverses r\u00e9gions et cultures. Les variations culturelles et linguistiques peuvent avoir un impact sur l&#039;interpr\u00e9tation des sentiments et du contexte, n\u00e9cessitant une approche nuanc\u00e9e de l&#039;analyse des donn\u00e9es.<\/li>\n<\/ul>\n\n\n\n<h2 class=\"wp-block-heading\">Perspectives futures des \u00e9tudes de march\u00e9 sur le suivi de la r\u00e9putation<\/h2>\n\n\n\n<figure class=\"gb-block-image gb-block-image-393d2b5c\"><img loading=\"lazy\" decoding=\"async\" width=\"1456\" height=\"816\" class=\"gb-image gb-image-393d2b5c\" src=\"https:\/\/www.sisinternational.com\/wp-content\/uploads\/2025\/09\/Package-5.jpg\" alt=\"\u00c9tudes de march\u00e9 et strat\u00e9gie internationales SIS\" title=\"Package (5)\" srcset=\"https:\/\/www.sisinternational.com\/wp-content\/uploads\/2025\/09\/Package-5.jpg 1456w, https:\/\/www.sisinternational.com\/wp-content\/uploads\/2025\/09\/Package-5-300x168.jpg 300w, https:\/\/www.sisinternational.com\/wp-content\/uploads\/2025\/09\/Package-5-1024x574.jpg 1024w, https:\/\/www.sisinternational.com\/wp-content\/uploads\/2025\/09\/Package-5-768x430.jpg 768w, https:\/\/www.sisinternational.com\/wp-content\/uploads\/2025\/09\/Package-5-18x10.jpg 18w\" sizes=\"auto, (max-width: 1456px) 100vw, 1456px\"><\/figure>\n\n\n\n<p><\/p>\n\n\n\n<p>\u00c0 mesure que la technologie continue de progresser et que le comportement des consommateurs \u00e9volue, les \u00e9tudes de march\u00e9 sur le suivi de la r\u00e9putation devraient devenir encore plus sophistiqu\u00e9es. Voici quelques tendances et d\u00e9veloppements cl\u00e9s \u00e0 surveiller \u00e0 l\u2019avenir\u00a0:<\/p>\n\n\n\n<ul class=\"wp-block-list\">\n<li><strong>Intelligence artificielle (IA) et apprentissage automatique (ML)\u00a0:<\/strong> AI and ML technologies will play an increasingly significant role in <a href=\"https:\/\/www.sisinternational.com\/fr\/competence\/les-industries\/technologie-medicale-etude-de-marche-sur-les-technologies-medicales\/\" title=\"\u00c9tude de march\u00e9 sur la technologie m\u00e9dicale (Med Tech)\"  data-wpil-monitor-id=\"4193\">\u00e9tude de march\u00e9 sur le suivi de la r\u00e9putation<\/a>. These technologies can automate data collection, sentiment analysis, and trend identification, enabling businesses to gain valuable insights more efficiently.<\/li>\n\n\n\n<li><strong>Reconnaissance vocale et d&#039;image\u00a0:<\/strong> With the rise of voice assistants and visual content, <a href=\"https:\/\/www.sisinternational.com\/fr\/competence\/les-industries\/etude-de-marche-sur-limagerie-diagnostique\/\" title=\"\u00c9tude de march\u00e9 sur l\u2019imagerie diagnostique\"  data-wpil-monitor-id=\"6367\">market research will incorporate voice and image<\/a> recognition technologies. This will allow businesses to analyze audio and visual data, providing a more comprehensive understanding of consumer sentiment and brand perception.<\/li>\n\n\n\n<li><strong>Analyses pr\u00e9dictives:<\/strong> Les capacit\u00e9s avanc\u00e9es d\u2019analyse pr\u00e9dictive permettront aux entreprises de pr\u00e9voir les tendances li\u00e9es \u00e0 la r\u00e9putation et de prendre des d\u00e9cisions proactives. Cela inclut la pr\u00e9vision des changements de sentiment des clients, l\u2019identification des risques potentiels pour la r\u00e9putation et l\u2019optimisation des strat\u00e9gies de marque en temps r\u00e9el.<\/li>\n\n\n\n<li><strong>Visualisation des donn\u00e9es am\u00e9lior\u00e9e\u00a0:<\/strong> Les outils de visualisation des donn\u00e9es continueront d&#039;\u00e9voluer, permettant aux entreprises d&#039;analyser et de pr\u00e9senter les donn\u00e9es de suivi de r\u00e9putation dans des formats plus attrayants et plus exploitables. Cela facilitera une meilleure prise de d\u00e9cision et une meilleure communication des informations entre les diff\u00e9rentes parties prenantes.<\/li>\n\n\n\n<li><strong>Traitement du langage naturel (NLP)\u00a0:<\/strong> La PNL est une technologie qui permet aux ordinateurs de comprendre et d&#039;interpr\u00e9ter le langage humain. La PNL est utilis\u00e9e pour analyser et cat\u00e9goriser les conversations et les sentiments en ligne, offrant ainsi aux entreprises une compr\u00e9hension plus approfondie des opinions et des perceptions des consommateurs.<\/li>\n<\/ul>","protected":false},"excerpt":{"rendered":"<p>La r\u00e9putation en ligne fait ou d\u00e9fait une entreprise. Les \u00e9tudes de march\u00e9 sur le suivi de la r\u00e9putation sont un outil crucial permettant aux entreprises de g\u00e9rer la perception de leur marque.<\/p>","protected":false},"author":1,"featured_media":69142,"parent":14514,"menu_order":398,"comment_status":"closed","ping_status":"closed","template":"","meta":{"footnotes":""},"class_list":["post-43806","page","type-page","status-publish","has-post-thumbnail"],"_links":{"self":[{"href":"https:\/\/www.sisinternational.com\/fr\/wp-json\/wp\/v2\/pages\/43806","targetHints":{"allow":["GET"]}}],"collection":[{"href":"https:\/\/www.sisinternational.com\/fr\/wp-json\/wp\/v2\/pages"}],"about":[{"href":"https:\/\/www.sisinternational.com\/fr\/wp-json\/wp\/v2\/types\/page"}],"author":[{"embeddable":true,"href":"https:\/\/www.sisinternational.com\/fr\/wp-json\/wp\/v2\/users\/1"}],"replies":[{"embeddable":true,"href":"https:\/\/www.sisinternational.com\/fr\/wp-json\/wp\/v2\/comments?post=43806"}],"version-history":[{"count":8,"href":"https:\/\/www.sisinternational.com\/fr\/wp-json\/wp\/v2\/pages\/43806\/revisions"}],"predecessor-version":[{"id":79950,"href":"https:\/\/www.sisinternational.com\/fr\/wp-json\/wp\/v2\/pages\/43806\/revisions\/79950"}],"up":[{"embeddable":true,"href":"https:\/\/www.sisinternational.com\/fr\/wp-json\/wp\/v2\/pages\/14514"}],"wp:featuredmedia":[{"embeddable":true,"href":"https:\/\/www.sisinternational.com\/fr\/wp-json\/wp\/v2\/media\/69142"}],"wp:attachment":[{"href":"https:\/\/www.sisinternational.com\/fr\/wp-json\/wp\/v2\/media?parent=43806"}],"curies":[{"name":"wp","href":"https:\/\/api.w.org\/{rel}","templated":true}]}}